{"id":4836,"date":"2025-10-13T15:27:20","date_gmt":"2025-10-13T15:27:20","guid":{"rendered":"https:\/\/www.chemteq.net\/?post_type=product&#038;p=4836"},"modified":"2025-10-13T17:34:04","modified_gmt":"2025-10-13T17:34:04","slug":"chlorine-dioxide-dg-sterilization-strip-copy","status":"publish","type":"product","link":"https:\/\/www.chemteq.net\/es\/producto\/chlorine-dioxide-dg-sterilization-strip-copy\/","title":{"rendered":"Chlorine Dioxide DG Sterilization Strips"},"content":{"rendered":"<p>La tira de esterilizaci\u00f3n con di\u00f3xido de cloro es un medio eficiente y confiable para documentar su proceso de descontaminaci\u00f3n. Es f\u00e1cil de usar. Simplemente coloque la tira indicadora en un lugar diferente en la c\u00e1mara de descontaminaci\u00f3n. Cambio de color \u00f3ptimo a 900 ppm \u25cf h. Probado en concentraciones de gas de di\u00f3xido de cloro que oscilaron entre 200 ppm y 3600 ppm. Los tiempos de exposici\u00f3n oscilaron entre cinco minutos y cinco horas. Funciona en un amplio rango de temperaturas y humedades. la humedad relativa se prob\u00f3 entre 5% HR y 85% HR<\/p>\n<p>PN 570<\/p>\n<p>Specifications<\/p>\n<table style=\"height: 558px;\" width=\"901\">\n<tbody>\n<tr>\n<td width=\"21\">a<\/td>\n<td width=\"148\">Dimensiones:<\/td>\n<td width=\"447\">8cm (3.15in),\u03c6: 1.3cm (0.525in)<\/td>\n<\/tr>\n<tr>\n<td width=\"21\">b<\/td>\n<td width=\"148\">Rango de temperatura:<\/td>\n<td width=\"447\">-20<sup>o<\/sup>C to 55<sup>o<\/sup>C (-4<sup>o<\/sup>F to 131<sup>o<\/sup>F)<\/td>\n<\/tr>\n<tr>\n<td width=\"21\">c<\/td>\n<td width=\"148\">Humedad de funcionamiento: gth:<\/td>\n<td width=\"447\">5% RH to 85%RH<\/td>\n<\/tr>\n<tr>\n<td width=\"21\">d<\/td>\n<td width=\"148\">Optimum detectable limit:<\/td>\n<td width=\"447\">900ppm\u2022hr at 10 cm\/sec face velocity<\/td>\n<\/tr>\n<tr>\n<td width=\"21\">e<\/td>\n<td width=\"148\">Cambio de color:<\/td>\n<td width=\"447\">Beige to brown<\/td>\n<\/tr>\n<tr>\n<td width=\"21\">f<\/td>\n<td width=\"148\">Rango de temperatura:<\/td>\n<td width=\"447\">4<sup>o<\/sup>C to 25<sup>o<\/sup>C, (39<sup>o<\/sup>F to 77<sup>o<\/sup>F)<\/td>\n<\/tr>\n<tr>\n<td width=\"21\">g<\/td>\n<td width=\"148\">Rango de vida \u00fatil:<\/td>\n<td width=\"447\">1 year at 4<sup>o<\/sup>C to 25<sup>o<\/sup>C, (39<sup>o<\/sup>F to 77<sup>o<\/sup>F)<\/td>\n<\/tr>\n<tr>\n<td width=\"21\">h<\/td>\n<td width=\"148\">Vida de servicio:<\/td>\n<td width=\"447\">1 year<\/td>\n<\/tr>\n<tr>\n<td width=\"21\">i<\/td>\n<td width=\"148\">\u00a0\u00a0 Interferencias cruzadas<\/td>\n<td width=\"447\">Los oxidantes fuertes producen un color similar. No se conocen otras interferencias o limitaciones.<\/td>\n<\/tr>\n<\/tbody>\n<\/table>\n<p><a href=\"https:\/\/www.chemteq.net\/wp-content\/uploads\/2021\/05\/Chlorine-Dioxide-DG-Indicator-Strip-Validation-Report-MP-570-9000-100120-D.pdf\" target=\"_blank\" rel=\"noopener\">Validation Report<\/a><\/p>\n<p>Enlaces \u00fatiles<br \/>\n<a href=\"https:\/\/www.cdc.gov\/niosh\/npg\/npgd0116.html\" target=\"_blank\" rel=\"noopener\">OSHA PEL<\/a><\/p>\n<p>Productos relacionados<br \/>\n<a href=\"https:\/\/www.chemteq.net\/es\/producto\/chlorine-dioxide-area-monitor\/\" target=\"_blank\" rel=\"noopener\">Area monitor<\/a><br \/>\n<a href=\"https:\/\/www.chemteq.net\/es\/producto\/chlorine-dioxide-breakthrough-indicator\/\" target=\"_blank\" rel=\"noopener\">Filter change indicator (BTI)<\/a><\/p>\n<p>Chlorine Dioxide Sterilization Strip<\/p>\n<p>Productos OEM y personalizados.<br \/>\nNuestras amplias capacidades de fabricaci\u00f3n nos permiten producir su producto seg\u00fan sus especificaciones dentro de su marco de tiempo. La entrega r\u00e1pida de sus prototipos es nuestra especialidad.<\/p>","protected":false},"excerpt":{"rendered":"<p>La tira indicadora de DG de di\u00f3xido de cloro es un medio de lectura directa en tiempo real para documentar su proceso de descontaminaci\u00f3n de di\u00f3xido de cloro. La tira indicadora de DG cambia de color cuando se expone al di\u00f3xido de cloro. El cambio de color producido es irreversible, y las tiras DG se pueden escribir y guardar como un registro permanente.<\/p>\n<p>Para usar, simplemente coloque las tiras en el \u00e1rea a descontaminar y observe el cambio de color. Las tiras DG vienen a una fracci\u00f3n del costo de los indicadores biol\u00f3gicos (BI), y sin incubaci\u00f3n ni an\u00e1lisis de BI, lo que proporciona un medio f\u00e1cil para documentar su proceso de descontaminaci\u00f3n de vapores o gases.<\/p>\n<p>Este cambio de color no garantiza la esterilizaci\u00f3n esporicida.<\/p>","protected":false},"featured_media":2237,"template":"","meta":{"_acf_changed":false,"site-sidebar-layout":"default","site-content-layout":"default","ast-site-content-layout":"default","site-content-style":"default","site-sidebar-style":"default","ast-global-header-display":"","ast-banner-title-visibility":"","ast-main-header-display":"","ast-hfb-above-header-display":"","ast-hfb-below-header-display":"","ast-hfb-mobile-header-display":"","site-post-title":"","ast-breadcrumbs-content":"","ast-featured-img":"","footer-sml-layout":"","theme-transparent-header-meta":"default","adv-header-id-meta":"","stick-header-meta":"default","header-above-stick-meta":"","header-main-stick-meta":"","header-below-stick-meta":"","astra-migrate-meta-layouts":"set","ast-page-background-enabled":"default","ast-page-background-meta":{"desktop":{"background-color":"","background-image":"","background-repeat":"repeat","background-position":"center center","background-size":"auto","background-attachment":"scroll","background-type":"","background-media":"","overlay-type":"","overlay-color":"","overlay-opacity":"","overlay-gradient":""},"tablet":{"background-color":"","background-image":"","background-repeat":"repeat","background-position":"center center","background-size":"auto","background-attachment":"scroll","background-type":"","background-media":"","overlay-type":"","overlay-color":"","overlay-opacity":"","overlay-gradient":""},"mobile":{"background-color":"","background-image":"","background-repeat":"repeat","background-position":"center center","background-size":"auto","background-attachment":"scroll","background-type":"","background-media":"","overlay-type":"","overlay-color":"","overlay-opacity":"","overlay-gradient":""}},"ast-content-background-meta":{"desktop":{"background-color":"var(--ast-global-color-5)","background-image":"","background-repeat":"repeat","background-position":"center center","background-size":"auto","background-attachment":"scroll","background-type":"","background-media":"","overlay-type":"","overlay-color":"","overlay-opacity":"","overlay-gradient":""},"tablet":{"background-color":"var(--ast-global-color-5)","background-image":"","background-repeat":"repeat","background-position":"center center","background-size":"auto","background-attachment":"scroll","background-type":"","background-media":"","overlay-type":"","overlay-color":"","overlay-opacity":"","overlay-gradient":""},"mobile":{"background-color":"var(--ast-global-color-5)","background-image":"","background-repeat":"repeat","background-position":"center center","background-size":"auto","background-attachment":"scroll","background-type":"","background-media":"","overlay-type":"","overlay-color":"","overlay-opacity":"","overlay-gradient":""}}},"product_brand":[],"product_cat":[79],"product_tag":[68],"class_list":{"0":"post-4836","1":"product","2":"type-product","3":"status-publish","4":"has-post-thumbnail","6":"product_cat-dg-sterilization-strips","7":"product_tag-life-sciences-emission-control-products","8":"desktop-align-left","9":"tablet-align-left","10":"mobile-align-left","11":"ast-product-gallery-layout-horizontal","12":"ast-product-gallery-with-no-image","13":"ast-product-tabs-layout-horizontal","15":"first","16":"instock","17":"taxable","18":"shipping-taxable","19":"purchasable","20":"product-type-simple"},"acf":[],"yoast_head":"<!-- This site is optimized with the Yoast SEO plugin v26.3 - https:\/\/yoast.com\/wordpress\/plugins\/seo\/ -->\n<title>Chlorine Dioxide Sterilization Strip ideal to document your sterilization<\/title>\n<meta name=\"description\" content=\"Chlorine Dioxide Sterilization Strip. Ideal to document your decontamination process. it changes color when exposed to chlorine dioxide.\" \/>\n<meta name=\"robots\" content=\"index, follow, max-snippet:-1, max-image-preview:large, max-video-preview:-1\" \/>\n<link rel=\"canonical\" href=\"https:\/\/www.chemteq.net\/es\/producto\/chlorine-dioxide-dg-sterilization-strip-copy\/\" \/>\n<meta property=\"og:locale\" content=\"es_ES\" \/>\n<meta property=\"og:type\" content=\"article\" \/>\n<meta property=\"og:title\" content=\"Chlorine Dioxide DG Sterilization Strip.\" \/>\n<meta property=\"og:description\" content=\"Chlorine Dioxide DG Sterilization Strip. Ideal to document your decontamination process. it changes color when exposed to chlorine dioxide.\" \/>\n<meta property=\"og:url\" content=\"https:\/\/www.chemteq.net\/es\/producto\/chlorine-dioxide-dg-sterilization-strip-copy\/\" \/>\n<meta property=\"og:site_name\" content=\"Chemteq Inc.\" \/>\n<meta property=\"article:modified_time\" content=\"2025-10-13T17:34:04+00:00\" \/>\n<meta property=\"og:image\" content=\"https:\/\/www.chemteq.net\/wp-content\/uploads\/2021\/05\/Chlorine-Dioxide-DG-Sterilization-Strip-scaled.jpg\" \/>\n\t<meta property=\"og:image:width\" content=\"2560\" \/>\n\t<meta property=\"og:image:height\" content=\"1280\" \/>\n\t<meta property=\"og:image:type\" content=\"image\/jpeg\" \/>\n<meta name=\"twitter:card\" content=\"summary_large_image\" \/>\n<meta name=\"twitter:title\" content=\"Chlorine Dioxide DG Sterilization Strip.\" \/>\n<meta name=\"twitter:description\" content=\"Chlorine Dioxide DG Sterilization Strip. Ideal to document your decontamination process. it changes color when exposed to chlorine dioxide.\" \/>\n<meta name=\"twitter:image\" content=\"https:\/\/www.chemteq.net\/wp-content\/uploads\/2021\/05\/Chlorine-Dioxide-DG-Sterilization-Strip-scaled.jpg\" \/>\n<meta name=\"twitter:label1\" content=\"Tiempo de lectura\" \/>\n\t<meta name=\"twitter:data1\" content=\"2 minutos\" \/>\n<script type=\"application\/ld+json\" class=\"yoast-schema-graph\">{\"@context\":\"https:\/\/schema.org\",\"@graph\":[{\"@type\":\"WebPage\",\"@id\":\"https:\/\/www.chemteq.net\/product\/chlorine-dioxide-dg-sterilization-strip-copy\/\",\"url\":\"https:\/\/www.chemteq.net\/product\/chlorine-dioxide-dg-sterilization-strip-copy\/\",\"name\":\"Chlorine Dioxide Sterilization Strip ideal to document your sterilization\",\"isPartOf\":{\"@id\":\"https:\/\/www.chemteq.net\/#website\"},\"primaryImageOfPage\":{\"@id\":\"https:\/\/www.chemteq.net\/product\/chlorine-dioxide-dg-sterilization-strip-copy\/#primaryimage\"},\"image\":{\"@id\":\"https:\/\/www.chemteq.net\/product\/chlorine-dioxide-dg-sterilization-strip-copy\/#primaryimage\"},\"thumbnailUrl\":\"https:\/\/www.chemteq.net\/wp-content\/uploads\/2021\/05\/ClO2-exp-and-unexp-053021.jpg\",\"datePublished\":\"2025-10-13T15:27:20+00:00\",\"dateModified\":\"2025-10-13T17:34:04+00:00\",\"description\":\"Chlorine Dioxide Sterilization Strip. Ideal to document your decontamination process. it changes color when exposed to chlorine dioxide.\",\"breadcrumb\":{\"@id\":\"https:\/\/www.chemteq.net\/product\/chlorine-dioxide-dg-sterilization-strip-copy\/#breadcrumb\"},\"inLanguage\":\"es\",\"potentialAction\":[{\"@type\":\"ReadAction\",\"target\":[\"https:\/\/www.chemteq.net\/product\/chlorine-dioxide-dg-sterilization-strip-copy\/\"]}]},{\"@type\":\"ImageObject\",\"inLanguage\":\"es\",\"@id\":\"https:\/\/www.chemteq.net\/product\/chlorine-dioxide-dg-sterilization-strip-copy\/#primaryimage\",\"url\":\"https:\/\/www.chemteq.net\/wp-content\/uploads\/2021\/05\/ClO2-exp-and-unexp-053021.jpg\",\"contentUrl\":\"https:\/\/www.chemteq.net\/wp-content\/uploads\/2021\/05\/ClO2-exp-and-unexp-053021.jpg\",\"width\":2160,\"height\":2160,\"caption\":\"Chlorine Dioxide DG Sterilization Strip\"},{\"@type\":\"BreadcrumbList\",\"@id\":\"https:\/\/www.chemteq.net\/product\/chlorine-dioxide-dg-sterilization-strip-copy\/#breadcrumb\",\"itemListElement\":[{\"@type\":\"ListItem\",\"position\":1,\"name\":\"Home\",\"item\":\"https:\/\/www.chemteq.net\/\"},{\"@type\":\"ListItem\",\"position\":2,\"name\":\"Products\",\"item\":\"https:\/\/www.chemteq.net\/products\/\"},{\"@type\":\"ListItem\",\"position\":3,\"name\":\"Chlorine Dioxide DG Sterilization Strips\"}]},{\"@type\":\"WebSite\",\"@id\":\"https:\/\/www.chemteq.net\/#website\",\"url\":\"https:\/\/www.chemteq.net\/\",\"name\":\"Chemteq Inc.\",\"description\":\"High Quality And Reliable Devices To Serve Health, Safety And Industrial Hygiene\",\"publisher\":{\"@id\":\"https:\/\/www.chemteq.net\/#organization\"},\"potentialAction\":[{\"@type\":\"SearchAction\",\"target\":{\"@type\":\"EntryPoint\",\"urlTemplate\":\"https:\/\/www.chemteq.net\/?s={search_term_string}\"},\"query-input\":{\"@type\":\"PropertyValueSpecification\",\"valueRequired\":true,\"valueName\":\"search_term_string\"}}],\"inLanguage\":\"es\"},{\"@type\":\"Organization\",\"@id\":\"https:\/\/www.chemteq.net\/#organization\",\"name\":\"Chemteq Inc.\",\"url\":\"https:\/\/www.chemteq.net\/\",\"logo\":{\"@type\":\"ImageObject\",\"inLanguage\":\"es\",\"@id\":\"https:\/\/www.chemteq.net\/#\/schema\/logo\/image\/\",\"url\":\"https:\/\/www.chemteq.net\/wp-content\/uploads\/2021\/04\/ChemteqLogo0112239041421-scaled.jpg\",\"contentUrl\":\"https:\/\/www.chemteq.net\/wp-content\/uploads\/2021\/04\/ChemteqLogo0112239041421-scaled.jpg\",\"width\":2560,\"height\":574,\"caption\":\"Chemteq Inc.\"},\"image\":{\"@id\":\"https:\/\/www.chemteq.net\/#\/schema\/logo\/image\/\"}}]}<\/script>\n<!-- \/ Yoast SEO plugin. -->","yoast_head_json":{"title":"Chlorine Dioxide Sterilization Strip ideal to document your sterilization","description":"Chlorine Dioxide Sterilization Strip. Ideal to document your decontamination process. it changes color when exposed to chlorine dioxide.","robots":{"index":"index","follow":"follow","max-snippet":"max-snippet:-1","max-image-preview":"max-image-preview:large","max-video-preview":"max-video-preview:-1"},"canonical":"https:\/\/www.chemteq.net\/es\/producto\/chlorine-dioxide-dg-sterilization-strip-copy\/","og_locale":"es_ES","og_type":"article","og_title":"Chlorine Dioxide DG Sterilization Strip.","og_description":"Chlorine Dioxide DG Sterilization Strip. Ideal to document your decontamination process. it changes color when exposed to chlorine dioxide.","og_url":"https:\/\/www.chemteq.net\/es\/producto\/chlorine-dioxide-dg-sterilization-strip-copy\/","og_site_name":"Chemteq Inc.","article_modified_time":"2025-10-13T17:34:04+00:00","og_image":[{"width":2560,"height":1280,"url":"https:\/\/www.chemteq.net\/wp-content\/uploads\/2021\/05\/Chlorine-Dioxide-DG-Sterilization-Strip-scaled.jpg","type":"image\/jpeg"}],"twitter_card":"summary_large_image","twitter_title":"Chlorine Dioxide DG Sterilization Strip.","twitter_description":"Chlorine Dioxide DG Sterilization Strip. Ideal to document your decontamination process. it changes color when exposed to chlorine dioxide.","twitter_image":"https:\/\/www.chemteq.net\/wp-content\/uploads\/2021\/05\/Chlorine-Dioxide-DG-Sterilization-Strip-scaled.jpg","twitter_misc":{"Tiempo de lectura":"2 minutos"},"schema":{"@context":"https:\/\/schema.org","@graph":[{"@type":"WebPage","@id":"https:\/\/www.chemteq.net\/product\/chlorine-dioxide-dg-sterilization-strip-copy\/","url":"https:\/\/www.chemteq.net\/product\/chlorine-dioxide-dg-sterilization-strip-copy\/","name":"Chlorine Dioxide Sterilization Strip ideal to document your sterilization","isPartOf":{"@id":"https:\/\/www.chemteq.net\/#website"},"primaryImageOfPage":{"@id":"https:\/\/www.chemteq.net\/product\/chlorine-dioxide-dg-sterilization-strip-copy\/#primaryimage"},"image":{"@id":"https:\/\/www.chemteq.net\/product\/chlorine-dioxide-dg-sterilization-strip-copy\/#primaryimage"},"thumbnailUrl":"https:\/\/www.chemteq.net\/wp-content\/uploads\/2021\/05\/ClO2-exp-and-unexp-053021.jpg","datePublished":"2025-10-13T15:27:20+00:00","dateModified":"2025-10-13T17:34:04+00:00","description":"Chlorine Dioxide Sterilization Strip. Ideal to document your decontamination process. it changes color when exposed to chlorine dioxide.","breadcrumb":{"@id":"https:\/\/www.chemteq.net\/product\/chlorine-dioxide-dg-sterilization-strip-copy\/#breadcrumb"},"inLanguage":"es","potentialAction":[{"@type":"ReadAction","target":["https:\/\/www.chemteq.net\/product\/chlorine-dioxide-dg-sterilization-strip-copy\/"]}]},{"@type":"ImageObject","inLanguage":"es","@id":"https:\/\/www.chemteq.net\/product\/chlorine-dioxide-dg-sterilization-strip-copy\/#primaryimage","url":"https:\/\/www.chemteq.net\/wp-content\/uploads\/2021\/05\/ClO2-exp-and-unexp-053021.jpg","contentUrl":"https:\/\/www.chemteq.net\/wp-content\/uploads\/2021\/05\/ClO2-exp-and-unexp-053021.jpg","width":2160,"height":2160,"caption":"Chlorine Dioxide DG Sterilization Strip"},{"@type":"BreadcrumbList","@id":"https:\/\/www.chemteq.net\/product\/chlorine-dioxide-dg-sterilization-strip-copy\/#breadcrumb","itemListElement":[{"@type":"ListItem","position":1,"name":"Home","item":"https:\/\/www.chemteq.net\/"},{"@type":"ListItem","position":2,"name":"Products","item":"https:\/\/www.chemteq.net\/products\/"},{"@type":"ListItem","position":3,"name":"Chlorine Dioxide DG Sterilization Strips"}]},{"@type":"WebSite","@id":"https:\/\/www.chemteq.net\/#website","url":"https:\/\/www.chemteq.net\/","name":"Chemteq Inc.","description":"High Quality And Reliable Devices To Serve Health, Safety And Industrial Hygiene","publisher":{"@id":"https:\/\/www.chemteq.net\/#organization"},"potentialAction":[{"@type":"SearchAction","target":{"@type":"EntryPoint","urlTemplate":"https:\/\/www.chemteq.net\/?s={search_term_string}"},"query-input":{"@type":"PropertyValueSpecification","valueRequired":true,"valueName":"search_term_string"}}],"inLanguage":"es"},{"@type":"Organization","@id":"https:\/\/www.chemteq.net\/#organization","name":"Chemteq Inc.","url":"https:\/\/www.chemteq.net\/","logo":{"@type":"ImageObject","inLanguage":"es","@id":"https:\/\/www.chemteq.net\/#\/schema\/logo\/image\/","url":"https:\/\/www.chemteq.net\/wp-content\/uploads\/2021\/04\/ChemteqLogo0112239041421-scaled.jpg","contentUrl":"https:\/\/www.chemteq.net\/wp-content\/uploads\/2021\/04\/ChemteqLogo0112239041421-scaled.jpg","width":2560,"height":574,"caption":"Chemteq Inc."},"image":{"@id":"https:\/\/www.chemteq.net\/#\/schema\/logo\/image\/"}}]}},"_links":{"self":[{"href":"https:\/\/www.chemteq.net\/es\/wp-json\/wp\/v2\/product\/4836","targetHints":{"allow":["GET"]}}],"collection":[{"href":"https:\/\/www.chemteq.net\/es\/wp-json\/wp\/v2\/product"}],"about":[{"href":"https:\/\/www.chemteq.net\/es\/wp-json\/wp\/v2\/types\/product"}],"wp:featuredmedia":[{"embeddable":true,"href":"https:\/\/www.chemteq.net\/es\/wp-json\/wp\/v2\/media\/2237"}],"wp:attachment":[{"href":"https:\/\/www.chemteq.net\/es\/wp-json\/wp\/v2\/media?parent=4836"}],"wp:term":[{"taxonomy":"product_brand","embeddable":true,"href":"https:\/\/www.chemteq.net\/es\/wp-json\/wp\/v2\/product_brand?post=4836"},{"taxonomy":"product_cat","embeddable":true,"href":"https:\/\/www.chemteq.net\/es\/wp-json\/wp\/v2\/product_cat?post=4836"},{"taxonomy":"product_tag","embeddable":true,"href":"https:\/\/www.chemteq.net\/es\/wp-json\/wp\/v2\/product_tag?post=4836"}],"curies":[{"name":"wp","href":"https:\/\/api.w.org\/{rel}","templated":true}]}}