{"id":2837,"date":"2021-08-30T14:10:34","date_gmt":"2021-08-30T14:10:34","guid":{"rendered":"https:\/\/www.chemteq.net\/?post_type=product&#038;p=2837"},"modified":"2022-08-18T09:04:16","modified_gmt":"2022-08-18T09:04:16","slug":"formaldehyde-dg-filter-with-end-of-service-life-indicator-2715","status":"publish","type":"product","link":"https:\/\/www.chemteq.net\/es\/producto\/formaldehyde-dg-filter-with-end-of-service-life-indicator-2715\/","title":{"rendered":"Formaldehyde DG Filter with end of service life indicator 2715"},"content":{"rendered":"<p>Formaldehyde DG FILTER-ESLI 2715<br \/>\nLos filtros DG con indicadores de fin de vida \u00fatil (ESLI) son filtros eficientes y confiables m\u00e1s adecuados para procesos qu\u00edmicos y respiraderos de reactores. Son f\u00e1ciles de recargar y reemplazar el ESLI. El ESLI permite al usuario utilizar el filtro de forma segura sin la posibilidad de que gases y vapores t\u00f3xicos penetren en el entorno circundante. El ESLI cambia de color cuando el filtro se ha consumido entre un 75 % y un 80 %, lo que permite que entre un 20 y un 25 % del medio de sorci\u00f3n act\u00fae como amortiguador de seguridad.<\/p>\n<p>Especificaciones del filtro:<br \/>\nLength = 16\u201d, diameter = 7.6\u201d, Inlet &amp; outlet = 2\u201d female NPT<br \/>\nUp to 10 lb. of special blends sorption media<\/p>\n<p>Apto para procesos qu\u00edmicos y reactores de ventilaci\u00f3n.<br \/>\nF\u00e1cil recarga de los medios de sorci\u00f3n consumidos<br \/>\nF\u00e1cil reemplazo de ESLI consumido<\/p>\n<p>Especificaciones ESLI:<\/p>\n<table>\n<tbody>\n<tr>\n<td width=\"31\">a<\/td>\n<td width=\"233\">Peso:<\/td>\n<td width=\"360\">5g (0.18oz)<\/td>\n<\/tr>\n<tr>\n<td width=\"31\">b<\/td>\n<td width=\"233\">Dimensiones:<\/td>\n<td width=\"360\">21.6mm (0.85in), diameter: 25mm (1in)<\/td>\n<\/tr>\n<tr>\n<td width=\"31\">c<\/td>\n<td width=\"233\">Rango de temperatura:<\/td>\n<td width=\"360\">-20<sup>o<\/sup>C to 55<sup>o<\/sup>C (-4<sup>o<\/sup>F to 131<sup>o<\/sup>F)<\/td>\n<\/tr>\n<tr>\n<td width=\"31\">d<\/td>\n<td width=\"233\">Humedad de funcionamiento: gth:<\/td>\n<td width=\"360\">5% RH to 85%RH<\/td>\n<\/tr>\n<tr>\n<td width=\"31\">e<\/td>\n<td width=\"233\">L\u00edmite m\u00ednimo detectable:<\/td>\n<td width=\"360\">0.4ppm\u2022hr at 30 cm\/sec face velocity<\/td>\n<\/tr>\n<tr>\n<td width=\"31\">f<\/td>\n<td width=\"233\">Cambio de color:<\/td>\n<td width=\"360\">Brown to dark blue<\/td>\n<\/tr>\n<tr>\n<td width=\"31\">g<\/td>\n<td width=\"233\">Rango de temperatura:<\/td>\n<td width=\"360\">4<sup>o<\/sup>C to 25<sup>o<\/sup>C, (39<sup>o<\/sup>F to 77<sup>o<\/sup>F)<\/td>\n<\/tr>\n<tr>\n<td width=\"31\">h<\/td>\n<td width=\"233\">Rango de vida \u00fatil:<\/td>\n<td width=\"360\">1 year at 4<sup>o<\/sup>C to 25<sup>o<\/sup>C, (39<sup>o<\/sup>F to 77<sup>o<\/sup>F)<\/td>\n<\/tr>\n<tr>\n<td width=\"31\">i<\/td>\n<td width=\"233\">Threading:<\/td>\n<td width=\"360\">0.75\u201d-20 UNEF-2A male *<\/td>\n<\/tr>\n<\/tbody>\n<\/table>\n<p>* UNEF = Unified National Imperial Screw Thread<\/p>\n<p>Formaldehyde DG FILTER-ESLI 2715<\/p>\n<p>Enlaces \u00fatiles<br \/>\n<a href=\"https:\/\/www.cdc.gov\/Niosh\/npg\/npgd0332.html\">NIOSH<\/a><\/p>\n<p>Productos relacionados<br \/>\n<a href=\"https:\/\/www.chemteq.net\/es\/producto\/formaldehyde-vapor-saturation-indicator-sticker-for-ductless-hood-filters\/\" target=\"_blank\" rel=\"noopener\">Ductless hood filter change indictor sticker (BTIS) for formaldehyde<\/a><\/p>","protected":false},"excerpt":{"rendered":"<p>Filter Dimensions: 28 cm (18\u201d) x 16.5 cm (7.6\u201d)<br \/>\nWeight: 12.3 kg (27 lb.)<br \/>\nSorption Media Weight: \u301c 4.5 kg (10 lb.)<br \/>\nFluids Allowed: Gases and Vapors<br \/>\nAir flow: Static to 800 cc\/min<\/p>","protected":false},"featured_media":2839,"template":"","meta":{"_acf_changed":false,"site-sidebar-layout":"default","site-content-layout":"default","ast-site-content-layout":"","site-content-style":"default","site-sidebar-style":"default","ast-global-header-display":"","ast-banner-title-visibility":"","ast-main-header-display":"","ast-hfb-above-header-display":"","ast-hfb-below-header-display":"","ast-hfb-mobile-header-display":"","site-post-title":"","ast-breadcrumbs-content":"","ast-featured-img":"","footer-sml-layout":"","theme-transparent-header-meta":"default","adv-header-id-meta":"","stick-header-meta":"default","header-above-stick-meta":"","header-main-stick-meta":"","header-below-stick-meta":"","astra-migrate-meta-layouts":"default","ast-page-background-enabled":"default","ast-page-background-meta":{"desktop":{"background-color":"","background-image":"","background-repeat":"repeat","background-position":"center center","background-size":"auto","background-attachment":"scroll","background-type":"","background-media":"","overlay-type":"","overlay-color":"","overlay-opacity":"","overlay-gradient":""},"tablet":{"background-color":"","background-image":"","background-repeat":"repeat","background-position":"center center","background-size":"auto","background-attachment":"scroll","background-type":"","background-media":"","overlay-type":"","overlay-color":"","overlay-opacity":"","overlay-gradient":""},"mobile":{"background-color":"","background-image":"","background-repeat":"repeat","background-position":"center center","background-size":"auto","background-attachment":"scroll","background-type":"","background-media":"","overlay-type":"","overlay-color":"","overlay-opacity":"","overlay-gradient":""}},"ast-content-background-meta":{"desktop":{"background-color":"var(--ast-global-color-5)","background-image":"","background-repeat":"repeat","background-position":"center center","background-size":"auto","background-attachment":"scroll","background-type":"","background-media":"","overlay-type":"","overlay-color":"","overlay-opacity":"","overlay-gradient":""},"tablet":{"background-color":"var(--ast-global-color-5)","background-image":"","background-repeat":"repeat","background-position":"center center","background-size":"auto","background-attachment":"scroll","background-type":"","background-media":"","overlay-type":"","overlay-color":"","overlay-opacity":"","overlay-gradient":""},"mobile":{"background-color":"var(--ast-global-color-5)","background-image":"","background-repeat":"repeat","background-position":"center center","background-size":"auto","background-attachment":"scroll","background-type":"","background-media":"","overlay-type":"","overlay-color":"","overlay-opacity":"","overlay-gradient":""}}},"product_brand":[],"product_cat":[76],"product_tag":[78,69],"class_list":{"0":"post-2837","1":"product","2":"type-product","3":"status-publish","4":"has-post-thumbnail","6":"product_cat-2700-series-dg-filters","7":"product_tag-chemical-industries-emission-control-products","8":"product_tag-laboratories-emission-control-products","9":"desktop-align-left","10":"tablet-align-left","11":"mobile-align-left","12":"ast-product-gallery-layout-horizontal","13":"ast-product-gallery-with-no-image","14":"ast-product-tabs-layout-horizontal","16":"first","17":"instock","18":"taxable","19":"shipping-taxable","20":"purchasable","21":"product-type-simple"},"acf":[],"yoast_head":"<!-- This site is optimized with the Yoast SEO plugin v27.4 - https:\/\/yoast.com\/product\/yoast-seo-wordpress\/ -->\n<title>Formaldehyde DG FILTER-ESLI 2715 Suitable for Chemical Process<\/title>\n<meta name=\"description\" content=\"Formaldehyde DG FILTER-ESLI 2715. Formaldehyde filter with end-of-service life indicator suitable for chemical processes and reactor vents.\" \/>\n<meta name=\"robots\" content=\"index, follow, max-snippet:-1, max-image-preview:large, max-video-preview:-1\" \/>\n<link rel=\"canonical\" href=\"https:\/\/www.chemteq.net\/es\/producto\/formaldehyde-dg-filter-with-end-of-service-life-indicator-2715\/\" \/>\n<meta property=\"og:locale\" content=\"es_ES\" \/>\n<meta property=\"og:type\" content=\"article\" \/>\n<meta property=\"og:title\" content=\"Formaldehyde DG FILTER-ESLI 2715.\" \/>\n<meta property=\"og:description\" content=\"Formaldehyde DG FILTER-ESLI 2715. Formaldehyde filter with end-of-service life indicator suitable for chemical processes and reactor vents.\" \/>\n<meta property=\"og:url\" content=\"https:\/\/www.chemteq.net\/es\/producto\/formaldehyde-dg-filter-with-end-of-service-life-indicator-2715\/\" \/>\n<meta property=\"og:site_name\" content=\"Chemteq Inc.\" \/>\n<meta property=\"article:modified_time\" content=\"2022-08-18T09:04:16+00:00\" \/>\n<meta property=\"og:image\" content=\"https:\/\/www.chemteq.net\/wp-content\/uploads\/2021\/08\/Formaldehyde-DG-Filter-ESLI-a-2715-scaled.jpg\" \/>\n\t<meta property=\"og:image:width\" content=\"2560\" \/>\n\t<meta property=\"og:image:height\" content=\"1536\" \/>\n\t<meta property=\"og:image:type\" content=\"image\/jpeg\" \/>\n<meta name=\"twitter:card\" content=\"summary_large_image\" \/>\n<meta name=\"twitter:title\" content=\"Formaldehyde DG FILTER-ESLI 2715.\" \/>\n<meta name=\"twitter:description\" content=\"Formaldehyde DG FILTER-ESLI 2715. Formaldehyde filter with end-of-service life indicator suitable for chemical processes and reactor vents.\" \/>\n<meta name=\"twitter:image\" content=\"https:\/\/www.chemteq.net\/wp-content\/uploads\/2021\/08\/Formaldehyde-DG-Filter-ESLI-a-2715-scaled.jpg\" \/>\n<meta name=\"twitter:label1\" content=\"Tiempo de lectura\" \/>\n\t<meta name=\"twitter:data1\" content=\"2 minutos\" \/>\n<script type=\"application\/ld+json\" class=\"yoast-schema-graph\">{\"@context\":\"https:\\\/\\\/schema.org\",\"@graph\":[{\"@type\":\"WebPage\",\"@id\":\"https:\\\/\\\/www.chemteq.net\\\/product\\\/formaldehyde-dg-filter-with-end-of-service-life-indicator-2715\\\/\",\"url\":\"https:\\\/\\\/www.chemteq.net\\\/product\\\/formaldehyde-dg-filter-with-end-of-service-life-indicator-2715\\\/\",\"name\":\"Formaldehyde DG FILTER-ESLI 2715 Suitable for Chemical Process\",\"isPartOf\":{\"@id\":\"https:\\\/\\\/www.chemteq.net\\\/#website\"},\"primaryImageOfPage\":{\"@id\":\"https:\\\/\\\/www.chemteq.net\\\/product\\\/formaldehyde-dg-filter-with-end-of-service-life-indicator-2715\\\/#primaryimage\"},\"image\":{\"@id\":\"https:\\\/\\\/www.chemteq.net\\\/product\\\/formaldehyde-dg-filter-with-end-of-service-life-indicator-2715\\\/#primaryimage\"},\"thumbnailUrl\":\"https:\\\/\\\/www.chemteq.net\\\/wp-content\\\/uploads\\\/2021\\\/08\\\/Formaldehyde-DG-Filter-ESLI-2715-1.jpg\",\"datePublished\":\"2021-08-30T14:10:34+00:00\",\"dateModified\":\"2022-08-18T09:04:16+00:00\",\"description\":\"Formaldehyde DG FILTER-ESLI 2715. Formaldehyde filter with end-of-service life indicator suitable for chemical processes and reactor vents.\",\"breadcrumb\":{\"@id\":\"https:\\\/\\\/www.chemteq.net\\\/product\\\/formaldehyde-dg-filter-with-end-of-service-life-indicator-2715\\\/#breadcrumb\"},\"inLanguage\":\"es\",\"potentialAction\":[{\"@type\":\"ReadAction\",\"target\":[\"https:\\\/\\\/www.chemteq.net\\\/product\\\/formaldehyde-dg-filter-with-end-of-service-life-indicator-2715\\\/\"]}]},{\"@type\":\"ImageObject\",\"inLanguage\":\"es\",\"@id\":\"https:\\\/\\\/www.chemteq.net\\\/product\\\/formaldehyde-dg-filter-with-end-of-service-life-indicator-2715\\\/#primaryimage\",\"url\":\"https:\\\/\\\/www.chemteq.net\\\/wp-content\\\/uploads\\\/2021\\\/08\\\/Formaldehyde-DG-Filter-ESLI-2715-1.jpg\",\"contentUrl\":\"https:\\\/\\\/www.chemteq.net\\\/wp-content\\\/uploads\\\/2021\\\/08\\\/Formaldehyde-DG-Filter-ESLI-2715-1.jpg\",\"width\":2160,\"height\":2160,\"caption\":\"Formaldehyde DG FILTER-ESLI 2715.\"},{\"@type\":\"BreadcrumbList\",\"@id\":\"https:\\\/\\\/www.chemteq.net\\\/product\\\/formaldehyde-dg-filter-with-end-of-service-life-indicator-2715\\\/#breadcrumb\",\"itemListElement\":[{\"@type\":\"ListItem\",\"position\":1,\"name\":\"Home\",\"item\":\"https:\\\/\\\/www.chemteq.net\\\/\"},{\"@type\":\"ListItem\",\"position\":2,\"name\":\"Products\",\"item\":\"https:\\\/\\\/www.chemteq.net\\\/products\\\/\"},{\"@type\":\"ListItem\",\"position\":3,\"name\":\"Formaldehyde DG Filter with end of service life indicator 2715\"}]},{\"@type\":\"WebSite\",\"@id\":\"https:\\\/\\\/www.chemteq.net\\\/#website\",\"url\":\"https:\\\/\\\/www.chemteq.net\\\/\",\"name\":\"Chemteq Inc.\",\"description\":\"High Quality And Reliable Devices To Serve Health, Safety And Industrial Hygiene\",\"publisher\":{\"@id\":\"https:\\\/\\\/www.chemteq.net\\\/#organization\"},\"potentialAction\":[{\"@type\":\"SearchAction\",\"target\":{\"@type\":\"EntryPoint\",\"urlTemplate\":\"https:\\\/\\\/www.chemteq.net\\\/?s={search_term_string}\"},\"query-input\":{\"@type\":\"PropertyValueSpecification\",\"valueRequired\":true,\"valueName\":\"search_term_string\"}}],\"inLanguage\":\"es\"},{\"@type\":\"Organization\",\"@id\":\"https:\\\/\\\/www.chemteq.net\\\/#organization\",\"name\":\"Chemteq Inc.\",\"url\":\"https:\\\/\\\/www.chemteq.net\\\/\",\"logo\":{\"@type\":\"ImageObject\",\"inLanguage\":\"es\",\"@id\":\"https:\\\/\\\/www.chemteq.net\\\/#\\\/schema\\\/logo\\\/image\\\/\",\"url\":\"https:\\\/\\\/www.chemteq.net\\\/wp-content\\\/uploads\\\/2021\\\/04\\\/ChemteqLogo0112239041421-scaled.jpg\",\"contentUrl\":\"https:\\\/\\\/www.chemteq.net\\\/wp-content\\\/uploads\\\/2021\\\/04\\\/ChemteqLogo0112239041421-scaled.jpg\",\"width\":2560,\"height\":574,\"caption\":\"Chemteq Inc.\"},\"image\":{\"@id\":\"https:\\\/\\\/www.chemteq.net\\\/#\\\/schema\\\/logo\\\/image\\\/\"}}]}<\/script>\n<!-- \/ Yoast SEO plugin. -->","yoast_head_json":{"title":"Formaldehyde DG FILTER-ESLI 2715 Suitable for Chemical Process","description":"Formaldehyde DG FILTER-ESLI 2715. Formaldehyde filter with end-of-service life indicator suitable for chemical processes and reactor vents.","robots":{"index":"index","follow":"follow","max-snippet":"max-snippet:-1","max-image-preview":"max-image-preview:large","max-video-preview":"max-video-preview:-1"},"canonical":"https:\/\/www.chemteq.net\/es\/producto\/formaldehyde-dg-filter-with-end-of-service-life-indicator-2715\/","og_locale":"es_ES","og_type":"article","og_title":"Formaldehyde DG FILTER-ESLI 2715.","og_description":"Formaldehyde DG FILTER-ESLI 2715. Formaldehyde filter with end-of-service life indicator suitable for chemical processes and reactor vents.","og_url":"https:\/\/www.chemteq.net\/es\/producto\/formaldehyde-dg-filter-with-end-of-service-life-indicator-2715\/","og_site_name":"Chemteq Inc.","article_modified_time":"2022-08-18T09:04:16+00:00","og_image":[{"width":2560,"height":1536,"url":"https:\/\/www.chemteq.net\/wp-content\/uploads\/2021\/08\/Formaldehyde-DG-Filter-ESLI-a-2715-scaled.jpg","type":"image\/jpeg"}],"twitter_card":"summary_large_image","twitter_title":"Formaldehyde DG FILTER-ESLI 2715.","twitter_description":"Formaldehyde DG FILTER-ESLI 2715. Formaldehyde filter with end-of-service life indicator suitable for chemical processes and reactor vents.","twitter_image":"https:\/\/www.chemteq.net\/wp-content\/uploads\/2021\/08\/Formaldehyde-DG-Filter-ESLI-a-2715-scaled.jpg","twitter_misc":{"Tiempo de lectura":"2 minutos"},"schema":{"@context":"https:\/\/schema.org","@graph":[{"@type":"WebPage","@id":"https:\/\/www.chemteq.net\/product\/formaldehyde-dg-filter-with-end-of-service-life-indicator-2715\/","url":"https:\/\/www.chemteq.net\/product\/formaldehyde-dg-filter-with-end-of-service-life-indicator-2715\/","name":"Formaldehyde DG FILTER-ESLI 2715 Suitable for Chemical Process","isPartOf":{"@id":"https:\/\/www.chemteq.net\/#website"},"primaryImageOfPage":{"@id":"https:\/\/www.chemteq.net\/product\/formaldehyde-dg-filter-with-end-of-service-life-indicator-2715\/#primaryimage"},"image":{"@id":"https:\/\/www.chemteq.net\/product\/formaldehyde-dg-filter-with-end-of-service-life-indicator-2715\/#primaryimage"},"thumbnailUrl":"https:\/\/www.chemteq.net\/wp-content\/uploads\/2021\/08\/Formaldehyde-DG-Filter-ESLI-2715-1.jpg","datePublished":"2021-08-30T14:10:34+00:00","dateModified":"2022-08-18T09:04:16+00:00","description":"Formaldehyde DG FILTER-ESLI 2715. Formaldehyde filter with end-of-service life indicator suitable for chemical processes and reactor vents.","breadcrumb":{"@id":"https:\/\/www.chemteq.net\/product\/formaldehyde-dg-filter-with-end-of-service-life-indicator-2715\/#breadcrumb"},"inLanguage":"es","potentialAction":[{"@type":"ReadAction","target":["https:\/\/www.chemteq.net\/product\/formaldehyde-dg-filter-with-end-of-service-life-indicator-2715\/"]}]},{"@type":"ImageObject","inLanguage":"es","@id":"https:\/\/www.chemteq.net\/product\/formaldehyde-dg-filter-with-end-of-service-life-indicator-2715\/#primaryimage","url":"https:\/\/www.chemteq.net\/wp-content\/uploads\/2021\/08\/Formaldehyde-DG-Filter-ESLI-2715-1.jpg","contentUrl":"https:\/\/www.chemteq.net\/wp-content\/uploads\/2021\/08\/Formaldehyde-DG-Filter-ESLI-2715-1.jpg","width":2160,"height":2160,"caption":"Formaldehyde DG FILTER-ESLI 2715."},{"@type":"BreadcrumbList","@id":"https:\/\/www.chemteq.net\/product\/formaldehyde-dg-filter-with-end-of-service-life-indicator-2715\/#breadcrumb","itemListElement":[{"@type":"ListItem","position":1,"name":"Home","item":"https:\/\/www.chemteq.net\/"},{"@type":"ListItem","position":2,"name":"Products","item":"https:\/\/www.chemteq.net\/products\/"},{"@type":"ListItem","position":3,"name":"Formaldehyde DG Filter with end of service life indicator 2715"}]},{"@type":"WebSite","@id":"https:\/\/www.chemteq.net\/#website","url":"https:\/\/www.chemteq.net\/","name":"Chemteq Inc.","description":"High Quality And Reliable Devices To Serve Health, Safety And Industrial Hygiene","publisher":{"@id":"https:\/\/www.chemteq.net\/#organization"},"potentialAction":[{"@type":"SearchAction","target":{"@type":"EntryPoint","urlTemplate":"https:\/\/www.chemteq.net\/?s={search_term_string}"},"query-input":{"@type":"PropertyValueSpecification","valueRequired":true,"valueName":"search_term_string"}}],"inLanguage":"es"},{"@type":"Organization","@id":"https:\/\/www.chemteq.net\/#organization","name":"Chemteq Inc.","url":"https:\/\/www.chemteq.net\/","logo":{"@type":"ImageObject","inLanguage":"es","@id":"https:\/\/www.chemteq.net\/#\/schema\/logo\/image\/","url":"https:\/\/www.chemteq.net\/wp-content\/uploads\/2021\/04\/ChemteqLogo0112239041421-scaled.jpg","contentUrl":"https:\/\/www.chemteq.net\/wp-content\/uploads\/2021\/04\/ChemteqLogo0112239041421-scaled.jpg","width":2560,"height":574,"caption":"Chemteq Inc."},"image":{"@id":"https:\/\/www.chemteq.net\/#\/schema\/logo\/image\/"}}]}},"_links":{"self":[{"href":"https:\/\/www.chemteq.net\/es\/wp-json\/wp\/v2\/product\/2837","targetHints":{"allow":["GET"]}}],"collection":[{"href":"https:\/\/www.chemteq.net\/es\/wp-json\/wp\/v2\/product"}],"about":[{"href":"https:\/\/www.chemteq.net\/es\/wp-json\/wp\/v2\/types\/product"}],"wp:featuredmedia":[{"embeddable":true,"href":"https:\/\/www.chemteq.net\/es\/wp-json\/wp\/v2\/media\/2839"}],"wp:attachment":[{"href":"https:\/\/www.chemteq.net\/es\/wp-json\/wp\/v2\/media?parent=2837"}],"wp:term":[{"taxonomy":"product_brand","embeddable":true,"href":"https:\/\/www.chemteq.net\/es\/wp-json\/wp\/v2\/product_brand?post=2837"},{"taxonomy":"product_cat","embeddable":true,"href":"https:\/\/www.chemteq.net\/es\/wp-json\/wp\/v2\/product_cat?post=2837"},{"taxonomy":"product_tag","embeddable":true,"href":"https:\/\/www.chemteq.net\/es\/wp-json\/wp\/v2\/product_tag?post=2837"}],"curies":[{"name":"wp","href":"https:\/\/api.w.org\/{rel}","templated":true}]}}