{"id":2223,"date":"2021-05-27T01:21:45","date_gmt":"2021-05-27T01:21:45","guid":{"rendered":"https:\/\/www.chemteq.net\/?post_type=product&#038;p=2223"},"modified":"2022-07-21T11:23:16","modified_gmt":"2022-07-21T11:23:16","slug":"organic-vapors-dg-filter-761","status":"publish","type":"product","link":"https:\/\/www.chemteq.net\/es\/producto\/organic-vapors-dg-filter-761\/","title":{"rendered":"Organic Vapors DG FILTER-761"},"content":{"rendered":"<p>Vapores org\u00e1nicos DG FILTER-761 es un filtro eficiente y confiable. M\u00e1s adecuado para procesos qu\u00edmicos y respiraderos de reactores. Mezcla especial de medios absorbentes para la m\u00e1xima absorci\u00f3n de gases y vapores \u00e1cidos. F\u00e1cil recarga de los medios de sorci\u00f3n consumidos. Para obtener los mejores resultados, util\u00edcelo con los indicadores de cambio de filtro correspondientes, BTI o BTI2. El indicador de cambio de filtro altera al usuario en tiempo real para reemplazar el filtro. <strong>BTI y BTI2 se venden por separado.<\/strong><\/p>\n<p>Especificaciones del filtro:<\/p>\n<table width=\"606\">\n<tbody>\n<tr>\n<td width=\"45\">A<\/td>\n<td width=\"236\">Longitud:<\/td>\n<td width=\"317\">11\u201d<\/td>\n<\/tr>\n<tr>\n<td width=\"45\">b<\/td>\n<td width=\"236\">Di\u00e1metro<\/td>\n<td width=\"317\">5.7\u201d<\/td>\n<\/tr>\n<tr>\n<td width=\"45\">c<\/td>\n<td width=\"236\">Rango de temperatura:<\/td>\n<td width=\"317\">-20<sup>o<\/sup>C to 55<sup>o<\/sup>C (-4<sup>o<\/sup>F to 131<sup>o<\/sup>F)<\/td>\n<\/tr>\n<tr>\n<td width=\"45\">d<\/td>\n<td width=\"236\">Humedad de funcionamiento: gth:<\/td>\n<td width=\"317\">5% RH to 85%RH<\/td>\n<\/tr>\n<tr>\n<td width=\"45\">e<\/td>\n<td width=\"236\">Entrada y salida:<\/td>\n<td width=\"317\">0.75\u201d or 1.5\u201d female NPT*<\/td>\n<\/tr>\n<tr>\n<td width=\"45\">f<\/td>\n<td width=\"236\">Medios de sorci\u00f3n:<\/td>\n<td width=\"317\">Up to 5 lb.<\/td>\n<\/tr>\n<tr>\n<td width=\"45\">g<\/td>\n<td width=\"236\">Fluido admisible:<\/td>\n<td width=\"317\">Gases and vapors<\/td>\n<\/tr>\n<tr>\n<td width=\"45\">h<\/td>\n<td width=\"236\">Flujo de aire \u00f3ptimo:<\/td>\n<td width=\"317\">Static to 500cc\/min<\/td>\n<\/tr>\n<tr>\n<td width=\"45\">i<\/td>\n<td width=\"236\">Recomendaci\u00f3n<\/td>\n<td width=\"317\">Use filter with BTI (3.5\u201dx 1\u201d, 0.75\u201d NPT) or BTI2 (4.5\u201dx 2\u201d, 1.5\u201d NPT). sold separately<\/td>\n<\/tr>\n<\/tbody>\n<\/table>\n<p>* NPT = National pipe thread<\/p>\n<p>Apto para procesos qu\u00edmicos y reactores de ventilaci\u00f3n.<br \/>\nF\u00e1cil recarga de los medios de sorci\u00f3n consumidos<\/p>\n<p>Organic Vapors DG FILTER-761<\/p>\n<p>Enlaces \u00fatiles<br \/>\n<a href=\"https:\/\/www.cdc.gov\/Niosh\/npg\/npgd0332.html\">NIOSH<\/a><\/p>\n<p>Productos relacionados<br \/>\n<a href=\"https:\/\/www.chemteq.net\/es\/producto\/organic-vapors-saturation-indicator-sticker-for-ductless-hood-filters\/\" target=\"_blank\" rel=\"noopener\">Ductless hood filter change indictor sticker (BTIS) for Organic Vapors<\/a><br \/>\n<a href=\"https:\/\/www.chemteq.net\/es\/producto\/organic-vapors-breakthrough-saturation-indicator\/\" target=\"_blank\" rel=\"noopener\">\u00a0Organic Vapors filter change indicator (BTI)<\/a><\/p>\n<p>Productos OEM y personalizados. La entrega r\u00e1pida de sus prototipos es nuestra especialidad.<\/p>","protected":false},"excerpt":{"rendered":"<p>Organic Vapors DG Filter 761<\/p>\n<p>Dimensiones:<\/p>\n<p>Length = 16\u201d, diameter = 9.4\u201d, Inlet &amp; outlet = \u00be\u201d to 2.5\u201d female NPT<\/p>\n<p>Descripci\u00f3n:<\/p>\n<p>Hasta 5 libras de medios de sorci\u00f3n de mezclas especiales<br \/>\nF\u00e1cil recarga de los medios de sorci\u00f3n consumidos<br \/>\nUso opcional de indicadores de cambio de filtro vapores org\u00e1nicos BTI (PN: 189) vapores org\u00e1nicos BTI 2 (PN: 414) dependiendo de la salida del filtro seleccionado. Se vende por separado.<\/p>","protected":false},"featured_media":2225,"template":"","meta":{"_acf_changed":false,"site-sidebar-layout":"default","site-content-layout":"default","ast-site-content-layout":"","site-content-style":"default","site-sidebar-style":"default","ast-global-header-display":"","ast-banner-title-visibility":"","ast-main-header-display":"","ast-hfb-above-header-display":"","ast-hfb-below-header-display":"","ast-hfb-mobile-header-display":"","site-post-title":"","ast-breadcrumbs-content":"","ast-featured-img":"","footer-sml-layout":"","theme-transparent-header-meta":"default","adv-header-id-meta":"","stick-header-meta":"default","header-above-stick-meta":"","header-main-stick-meta":"","header-below-stick-meta":"","astra-migrate-meta-layouts":"default","ast-page-background-enabled":"default","ast-page-background-meta":{"desktop":{"background-color":"","background-image":"","background-repeat":"repeat","background-position":"center center","background-size":"auto","background-attachment":"scroll","background-type":"","background-media":"","overlay-type":"","overlay-color":"","overlay-opacity":"","overlay-gradient":""},"tablet":{"background-color":"","background-image":"","background-repeat":"repeat","background-position":"center center","background-size":"auto","background-attachment":"scroll","background-type":"","background-media":"","overlay-type":"","overlay-color":"","overlay-opacity":"","overlay-gradient":""},"mobile":{"background-color":"","background-image":"","background-repeat":"repeat","background-position":"center center","background-size":"auto","background-attachment":"scroll","background-type":"","background-media":"","overlay-type":"","overlay-color":"","overlay-opacity":"","overlay-gradient":""}},"ast-content-background-meta":{"desktop":{"background-color":"var(--ast-global-color-5)","background-image":"","background-repeat":"repeat","background-position":"center center","background-size":"auto","background-attachment":"scroll","background-type":"","background-media":"","overlay-type":"","overlay-color":"","overlay-opacity":"","overlay-gradient":""},"tablet":{"background-color":"var(--ast-global-color-5)","background-image":"","background-repeat":"repeat","background-position":"center center","background-size":"auto","background-attachment":"scroll","background-type":"","background-media":"","overlay-type":"","overlay-color":"","overlay-opacity":"","overlay-gradient":""},"mobile":{"background-color":"var(--ast-global-color-5)","background-image":"","background-repeat":"repeat","background-position":"center center","background-size":"auto","background-attachment":"scroll","background-type":"","background-media":"","overlay-type":"","overlay-color":"","overlay-opacity":"","overlay-gradient":""}}},"product_brand":[],"product_cat":[73],"product_tag":[60,78,69,68],"class_list":{"0":"post-2223","1":"product","2":"type-product","3":"status-publish","4":"has-post-thumbnail","6":"product_cat-700-series-dg-filters","7":"product_tag-aerospace","8":"product_tag-chemical-industries-emission-control-products","9":"product_tag-laboratories-emission-control-products","10":"product_tag-life-sciences-emission-control-products","11":"desktop-align-left","12":"tablet-align-left","13":"mobile-align-left","14":"ast-product-gallery-layout-horizontal","15":"ast-product-gallery-with-no-image","16":"ast-product-tabs-layout-horizontal","18":"first","19":"instock","20":"taxable","21":"shipping-taxable","22":"purchasable","23":"product-type-simple"},"acf":[],"yoast_head":"<!-- This site is optimized with the Yoast SEO plugin v27.4 - https:\/\/yoast.com\/product\/yoast-seo-wordpress\/ -->\n<title>Organic Vapors DG FILTER-761. Most suited for reactor vents.<\/title>\n<meta name=\"description\" content=\"Organic Vapors DG FILTER-761. Most suited for reactor vents. Special blend sorbent media. For best results, use with BTI or BTI2.\" \/>\n<meta name=\"robots\" content=\"index, follow, max-snippet:-1, max-image-preview:large, max-video-preview:-1\" \/>\n<link rel=\"canonical\" href=\"https:\/\/www.chemteq.net\/es\/producto\/organic-vapors-dg-filter-761\/\" \/>\n<meta property=\"og:locale\" content=\"es_ES\" \/>\n<meta property=\"og:type\" content=\"article\" \/>\n<meta property=\"og:title\" content=\"Organic Vapors DG FILTER-761.\" \/>\n<meta property=\"og:description\" content=\"Organic Vapors DG FILTER-761. Most suited for reactor vents. Special blend sorbent media. For best results, use with BTI or BTI2.\" \/>\n<meta property=\"og:url\" content=\"https:\/\/www.chemteq.net\/es\/producto\/organic-vapors-dg-filter-761\/\" \/>\n<meta property=\"og:site_name\" content=\"Chemteq Inc.\" \/>\n<meta property=\"article:modified_time\" content=\"2022-07-21T11:23:16+00:00\" \/>\n<meta property=\"og:image\" content=\"https:\/\/www.chemteq.net\/wp-content\/uploads\/2021\/05\/Organic-Vapors-DG-Filter-761-scaled.jpg\" \/>\n\t<meta property=\"og:image:width\" content=\"2560\" \/>\n\t<meta property=\"og:image:height\" content=\"1536\" \/>\n\t<meta property=\"og:image:type\" content=\"image\/jpeg\" \/>\n<meta name=\"twitter:card\" content=\"summary_large_image\" \/>\n<meta name=\"twitter:title\" content=\"Organic Vapors DG FILTER-761.\" \/>\n<meta name=\"twitter:description\" content=\"Organic Vapors DG FILTER-761. Most suited for reactor vents. Special blend sorbent media. For best results, use with BTI or BTI2.\" \/>\n<meta name=\"twitter:image\" content=\"https:\/\/www.chemteq.net\/wp-content\/uploads\/2021\/05\/Organic-Vapors-DG-Filter-761-scaled.jpg\" \/>\n<meta name=\"twitter:label1\" content=\"Tiempo de lectura\" \/>\n\t<meta name=\"twitter:data1\" content=\"1 minuto\" \/>\n<script type=\"application\/ld+json\" class=\"yoast-schema-graph\">{\"@context\":\"https:\\\/\\\/schema.org\",\"@graph\":[{\"@type\":\"WebPage\",\"@id\":\"https:\\\/\\\/www.chemteq.net\\\/product\\\/organic-vapors-dg-filter-761\\\/\",\"url\":\"https:\\\/\\\/www.chemteq.net\\\/product\\\/organic-vapors-dg-filter-761\\\/\",\"name\":\"Organic Vapors DG FILTER-761. Most suited for reactor vents.\",\"isPartOf\":{\"@id\":\"https:\\\/\\\/www.chemteq.net\\\/#website\"},\"primaryImageOfPage\":{\"@id\":\"https:\\\/\\\/www.chemteq.net\\\/product\\\/organic-vapors-dg-filter-761\\\/#primaryimage\"},\"image\":{\"@id\":\"https:\\\/\\\/www.chemteq.net\\\/product\\\/organic-vapors-dg-filter-761\\\/#primaryimage\"},\"thumbnailUrl\":\"https:\\\/\\\/www.chemteq.net\\\/wp-content\\\/uploads\\\/2021\\\/05\\\/Organic-Vapors-DG-filter-756-052621-A.jpg\",\"datePublished\":\"2021-05-27T01:21:45+00:00\",\"dateModified\":\"2022-07-21T11:23:16+00:00\",\"description\":\"Organic Vapors DG FILTER-761. Most suited for reactor vents. Special blend sorbent media. For best results, use with BTI or BTI2.\",\"breadcrumb\":{\"@id\":\"https:\\\/\\\/www.chemteq.net\\\/product\\\/organic-vapors-dg-filter-761\\\/#breadcrumb\"},\"inLanguage\":\"es\",\"potentialAction\":[{\"@type\":\"ReadAction\",\"target\":[\"https:\\\/\\\/www.chemteq.net\\\/product\\\/organic-vapors-dg-filter-761\\\/\"]}]},{\"@type\":\"ImageObject\",\"inLanguage\":\"es\",\"@id\":\"https:\\\/\\\/www.chemteq.net\\\/product\\\/organic-vapors-dg-filter-761\\\/#primaryimage\",\"url\":\"https:\\\/\\\/www.chemteq.net\\\/wp-content\\\/uploads\\\/2021\\\/05\\\/Organic-Vapors-DG-filter-756-052621-A.jpg\",\"contentUrl\":\"https:\\\/\\\/www.chemteq.net\\\/wp-content\\\/uploads\\\/2021\\\/05\\\/Organic-Vapors-DG-filter-756-052621-A.jpg\",\"width\":2160,\"height\":2160,\"caption\":\"Organic Vapors DG FILTER-761. Most suited for reactor vents.\"},{\"@type\":\"BreadcrumbList\",\"@id\":\"https:\\\/\\\/www.chemteq.net\\\/product\\\/organic-vapors-dg-filter-761\\\/#breadcrumb\",\"itemListElement\":[{\"@type\":\"ListItem\",\"position\":1,\"name\":\"Home\",\"item\":\"https:\\\/\\\/www.chemteq.net\\\/\"},{\"@type\":\"ListItem\",\"position\":2,\"name\":\"Products\",\"item\":\"https:\\\/\\\/www.chemteq.net\\\/products\\\/\"},{\"@type\":\"ListItem\",\"position\":3,\"name\":\"Organic Vapors DG FILTER-761\"}]},{\"@type\":\"WebSite\",\"@id\":\"https:\\\/\\\/www.chemteq.net\\\/#website\",\"url\":\"https:\\\/\\\/www.chemteq.net\\\/\",\"name\":\"Chemteq Inc.\",\"description\":\"High Quality And Reliable Devices To Serve Health, Safety And Industrial Hygiene\",\"publisher\":{\"@id\":\"https:\\\/\\\/www.chemteq.net\\\/#organization\"},\"potentialAction\":[{\"@type\":\"SearchAction\",\"target\":{\"@type\":\"EntryPoint\",\"urlTemplate\":\"https:\\\/\\\/www.chemteq.net\\\/?s={search_term_string}\"},\"query-input\":{\"@type\":\"PropertyValueSpecification\",\"valueRequired\":true,\"valueName\":\"search_term_string\"}}],\"inLanguage\":\"es\"},{\"@type\":\"Organization\",\"@id\":\"https:\\\/\\\/www.chemteq.net\\\/#organization\",\"name\":\"Chemteq Inc.\",\"url\":\"https:\\\/\\\/www.chemteq.net\\\/\",\"logo\":{\"@type\":\"ImageObject\",\"inLanguage\":\"es\",\"@id\":\"https:\\\/\\\/www.chemteq.net\\\/#\\\/schema\\\/logo\\\/image\\\/\",\"url\":\"https:\\\/\\\/www.chemteq.net\\\/wp-content\\\/uploads\\\/2021\\\/04\\\/ChemteqLogo0112239041421-scaled.jpg\",\"contentUrl\":\"https:\\\/\\\/www.chemteq.net\\\/wp-content\\\/uploads\\\/2021\\\/04\\\/ChemteqLogo0112239041421-scaled.jpg\",\"width\":2560,\"height\":574,\"caption\":\"Chemteq Inc.\"},\"image\":{\"@id\":\"https:\\\/\\\/www.chemteq.net\\\/#\\\/schema\\\/logo\\\/image\\\/\"}}]}<\/script>\n<!-- \/ Yoast SEO plugin. -->","yoast_head_json":{"title":"Organic Vapors DG FILTER-761. Most suited for reactor vents.","description":"Organic Vapors DG FILTER-761. Most suited for reactor vents. Special blend sorbent media. For best results, use with BTI or BTI2.","robots":{"index":"index","follow":"follow","max-snippet":"max-snippet:-1","max-image-preview":"max-image-preview:large","max-video-preview":"max-video-preview:-1"},"canonical":"https:\/\/www.chemteq.net\/es\/producto\/organic-vapors-dg-filter-761\/","og_locale":"es_ES","og_type":"article","og_title":"Organic Vapors DG FILTER-761.","og_description":"Organic Vapors DG FILTER-761. Most suited for reactor vents. Special blend sorbent media. For best results, use with BTI or BTI2.","og_url":"https:\/\/www.chemteq.net\/es\/producto\/organic-vapors-dg-filter-761\/","og_site_name":"Chemteq Inc.","article_modified_time":"2022-07-21T11:23:16+00:00","og_image":[{"width":2560,"height":1536,"url":"https:\/\/www.chemteq.net\/wp-content\/uploads\/2021\/05\/Organic-Vapors-DG-Filter-761-scaled.jpg","type":"image\/jpeg"}],"twitter_card":"summary_large_image","twitter_title":"Organic Vapors DG FILTER-761.","twitter_description":"Organic Vapors DG FILTER-761. Most suited for reactor vents. Special blend sorbent media. For best results, use with BTI or BTI2.","twitter_image":"https:\/\/www.chemteq.net\/wp-content\/uploads\/2021\/05\/Organic-Vapors-DG-Filter-761-scaled.jpg","twitter_misc":{"Tiempo de lectura":"1 minuto"},"schema":{"@context":"https:\/\/schema.org","@graph":[{"@type":"WebPage","@id":"https:\/\/www.chemteq.net\/product\/organic-vapors-dg-filter-761\/","url":"https:\/\/www.chemteq.net\/product\/organic-vapors-dg-filter-761\/","name":"Organic Vapors DG FILTER-761. Most suited for reactor vents.","isPartOf":{"@id":"https:\/\/www.chemteq.net\/#website"},"primaryImageOfPage":{"@id":"https:\/\/www.chemteq.net\/product\/organic-vapors-dg-filter-761\/#primaryimage"},"image":{"@id":"https:\/\/www.chemteq.net\/product\/organic-vapors-dg-filter-761\/#primaryimage"},"thumbnailUrl":"https:\/\/www.chemteq.net\/wp-content\/uploads\/2021\/05\/Organic-Vapors-DG-filter-756-052621-A.jpg","datePublished":"2021-05-27T01:21:45+00:00","dateModified":"2022-07-21T11:23:16+00:00","description":"Organic Vapors DG FILTER-761. Most suited for reactor vents. Special blend sorbent media. For best results, use with BTI or BTI2.","breadcrumb":{"@id":"https:\/\/www.chemteq.net\/product\/organic-vapors-dg-filter-761\/#breadcrumb"},"inLanguage":"es","potentialAction":[{"@type":"ReadAction","target":["https:\/\/www.chemteq.net\/product\/organic-vapors-dg-filter-761\/"]}]},{"@type":"ImageObject","inLanguage":"es","@id":"https:\/\/www.chemteq.net\/product\/organic-vapors-dg-filter-761\/#primaryimage","url":"https:\/\/www.chemteq.net\/wp-content\/uploads\/2021\/05\/Organic-Vapors-DG-filter-756-052621-A.jpg","contentUrl":"https:\/\/www.chemteq.net\/wp-content\/uploads\/2021\/05\/Organic-Vapors-DG-filter-756-052621-A.jpg","width":2160,"height":2160,"caption":"Organic Vapors DG FILTER-761. Most suited for reactor vents."},{"@type":"BreadcrumbList","@id":"https:\/\/www.chemteq.net\/product\/organic-vapors-dg-filter-761\/#breadcrumb","itemListElement":[{"@type":"ListItem","position":1,"name":"Home","item":"https:\/\/www.chemteq.net\/"},{"@type":"ListItem","position":2,"name":"Products","item":"https:\/\/www.chemteq.net\/products\/"},{"@type":"ListItem","position":3,"name":"Organic Vapors DG FILTER-761"}]},{"@type":"WebSite","@id":"https:\/\/www.chemteq.net\/#website","url":"https:\/\/www.chemteq.net\/","name":"Chemteq Inc.","description":"High Quality And Reliable Devices To Serve Health, Safety And Industrial Hygiene","publisher":{"@id":"https:\/\/www.chemteq.net\/#organization"},"potentialAction":[{"@type":"SearchAction","target":{"@type":"EntryPoint","urlTemplate":"https:\/\/www.chemteq.net\/?s={search_term_string}"},"query-input":{"@type":"PropertyValueSpecification","valueRequired":true,"valueName":"search_term_string"}}],"inLanguage":"es"},{"@type":"Organization","@id":"https:\/\/www.chemteq.net\/#organization","name":"Chemteq Inc.","url":"https:\/\/www.chemteq.net\/","logo":{"@type":"ImageObject","inLanguage":"es","@id":"https:\/\/www.chemteq.net\/#\/schema\/logo\/image\/","url":"https:\/\/www.chemteq.net\/wp-content\/uploads\/2021\/04\/ChemteqLogo0112239041421-scaled.jpg","contentUrl":"https:\/\/www.chemteq.net\/wp-content\/uploads\/2021\/04\/ChemteqLogo0112239041421-scaled.jpg","width":2560,"height":574,"caption":"Chemteq Inc."},"image":{"@id":"https:\/\/www.chemteq.net\/#\/schema\/logo\/image\/"}}]}},"_links":{"self":[{"href":"https:\/\/www.chemteq.net\/es\/wp-json\/wp\/v2\/product\/2223","targetHints":{"allow":["GET"]}}],"collection":[{"href":"https:\/\/www.chemteq.net\/es\/wp-json\/wp\/v2\/product"}],"about":[{"href":"https:\/\/www.chemteq.net\/es\/wp-json\/wp\/v2\/types\/product"}],"wp:featuredmedia":[{"embeddable":true,"href":"https:\/\/www.chemteq.net\/es\/wp-json\/wp\/v2\/media\/2225"}],"wp:attachment":[{"href":"https:\/\/www.chemteq.net\/es\/wp-json\/wp\/v2\/media?parent=2223"}],"wp:term":[{"taxonomy":"product_brand","embeddable":true,"href":"https:\/\/www.chemteq.net\/es\/wp-json\/wp\/v2\/product_brand?post=2223"},{"taxonomy":"product_cat","embeddable":true,"href":"https:\/\/www.chemteq.net\/es\/wp-json\/wp\/v2\/product_cat?post=2223"},{"taxonomy":"product_tag","embeddable":true,"href":"https:\/\/www.chemteq.net\/es\/wp-json\/wp\/v2\/product_tag?post=2223"}],"curies":[{"name":"wp","href":"https:\/\/api.w.org\/{rel}","templated":true}]}}