{"id":1623,"date":"2021-04-27T15:04:31","date_gmt":"2021-04-27T15:04:31","guid":{"rendered":"http:\/\/chemteqinc.wpengine.com\/?post_type=product&#038;p=1623"},"modified":"2024-03-02T16:54:48","modified_gmt":"2024-03-02T16:54:48","slug":"hydrogen-sulfide-breakthrough-indicator-sticker-type-b","status":"publish","type":"product","link":"https:\/\/www.chemteq.net\/es\/producto\/hydrogen-sulfide-breakthrough-indicator-sticker-type-b\/","title":{"rendered":"Hydrogen Sulfide Breakthrough Indicator Sticker Type B"},"content":{"rendered":"<p>Adhesivo indicador de avance de sulfuro de hidr\u00f3geno-B (BTIS B). Es un detector de fugas para uso en veh\u00edculos de transporte de productos qu\u00edmicos y gabinetes de almacenamiento de productos qu\u00edmicos. Los lugares adecuados son el interior de la ventana de vidrio del veh\u00edculo de transporte de productos qu\u00edmicos o el interior de la ventana de vidrio del gabinete de almacenamiento de productos qu\u00edmicos donde se pueden obtener muestras representativas. Confiable y rentable. Funciona en condiciones extremas y tiene una vida \u00fatil prolongada.<\/p>\n<p>\u00bfC\u00f3mo utilizar el BTIS B?<\/p>\n<ol>\n<li>Retire el revestimiento protector adhesivo de la parte delantera de la pegatina.<\/li>\n<li>Fije al \u00e1rea limpia central de la ventana de vidrio interior del veh\u00edculo de transporte de productos qu\u00edmicos o del gabinete de almacenamiento de productos qu\u00edmicos con el \u00e1rea de lectura (superficie brillante) de la etiqueta hacia el interior de la ventana de vidrio.<\/li>\n<li>El cambio de color indica fuga.<\/li>\n<\/ol>\n<p>Related Product<\/p>\n<p><a href=\"https:\/\/www.chemteq.net\/es\/producto\/hydrogen-sulfide-filter-breakthrough-indicator\/\" target=\"_blank\" rel=\"noopener\">Hydrogen Sulfide BTI<\/a>. Indicador de cambio de filtro tipo tambor Enlace \u00fatil<\/p>\n<p><a href=\"https:\/\/www.chemteq.net\/es\/producto\/hydrogen-sulfide-filter-breakthrough-indicator-sticker-btis\/\" target=\"_blank\" rel=\"noopener\">Hydrogen Sulfide BTIS<\/a>. para campana extractora sin conductos y filtros extractores de humos.<\/p>\n<p>PN 260<\/p>\n<p><strong>Especificaciones del producto<\/strong><\/p>\n<table>\n<tbody>\n<tr>\n<td width=\"28\">a<\/td>\n<td width=\"233\">Peso:<\/td>\n<td width=\"363\">0.4g (0.02oz)<\/td>\n<\/tr>\n<tr>\n<td width=\"28\">b<\/td>\n<td width=\"233\">Dimensiones:<\/td>\n<td width=\"363\">2.8mm (0.11in), diameter: 38.1mm (1.5in)<\/td>\n<\/tr>\n<tr>\n<td width=\"28\">c<\/td>\n<td width=\"233\">Rango de temperatura:<\/td>\n<td width=\"363\">-20<sup>o<\/sup>C to 65<sup>o<\/sup>C (-4<sup>o<\/sup>F to 149<sup>o<\/sup>F)<\/td>\n<\/tr>\n<tr>\n<td width=\"28\">d<\/td>\n<td width=\"233\">Humedad de funcionamiento: gth:<\/td>\n<td width=\"363\">5% RH to 90%RH<\/td>\n<\/tr>\n<tr>\n<td width=\"28\">e<\/td>\n<td width=\"233\">L\u00edmite m\u00ednimo detectable:<\/td>\n<td width=\"363\">10ppm\u2022hr. at 30 cm\/sec face velocity<\/td>\n<\/tr>\n<tr>\n<td width=\"28\">f<\/td>\n<td width=\"233\">Cambio de color:<\/td>\n<td width=\"363\">Light blue to brown to black<\/td>\n<\/tr>\n<tr>\n<td width=\"28\">g<\/td>\n<td width=\"233\">Rango de temperatura:<\/td>\n<td width=\"363\">4<sup>o<\/sup>C to 25<sup>o<\/sup>C, (39<sup>o<\/sup>F to 77<sup>o<\/sup>F)<\/td>\n<\/tr>\n<tr>\n<td width=\"28\">h<\/td>\n<td width=\"233\">Rango de vida \u00fatil:<\/td>\n<td width=\"363\">2 years at 4<sup>o<\/sup>C to 25<sup>o<\/sup>C, (39<sup>o<\/sup>F to 77<sup>o<\/sup>F)<\/td>\n<\/tr>\n<tr>\n<td width=\"28\">i<\/td>\n<td width=\"233\">Vida de servicio:<\/td>\n<td width=\"363\">4 months<\/td>\n<\/tr>\n<\/tbody>\n<\/table>\n<p>El gas de sulfuro de hidr\u00f3geno provoca una amplia gama de efectos sobre la salud. Los trabajadores est\u00e1n expuestos principalmente al sulfuro de hidr\u00f3geno al respirarlo. Los efectos dependen de la cantidad de sulfuro de hidr\u00f3geno que respire y durante cu\u00e1nto tiempo. La exposici\u00f3n a concentraciones muy altas puede conducir r\u00e1pidamente a la muerte.<\/p>\n<p>Hydrogen Sulfide Breakthrough-Indicator Sticker-B<\/p>\n<p>Enlaces \u00fatiles<br \/>\n<a href=\"https:\/\/www.osha.gov\/hydrogen-sulfide\/hazards\">OSHA<\/a><br \/>\n<a href=\"https:\/\/www.cdc.gov\/niosh\/npg\/npgd0337.html\">NIOSH<\/a><br \/>\n<a href=\"https:\/\/www.chemteq.net\/es\/chemteq-filter-change-indicators\/\">Indicadores de cambio de filtro<\/a><\/p>","protected":false},"excerpt":{"rendered":"<p>Dimensions: Diameter = 38.1mm (1.5in), Height = 2.0mm (0.11in)<\/p>","protected":false},"featured_media":2551,"template":"","meta":{"_acf_changed":false,"site-sidebar-layout":"default","site-content-layout":"default","ast-site-content-layout":"","site-content-style":"default","site-sidebar-style":"default","ast-global-header-display":"","ast-banner-title-visibility":"","ast-main-header-display":"","ast-hfb-above-header-display":"","ast-hfb-below-header-display":"","ast-hfb-mobile-header-display":"","site-post-title":"","ast-breadcrumbs-content":"","ast-featured-img":"","footer-sml-layout":"","theme-transparent-header-meta":"default","adv-header-id-meta":"","stick-header-meta":"default","header-above-stick-meta":"","header-main-stick-meta":"","header-below-stick-meta":"","astra-migrate-meta-layouts":"default","ast-page-background-enabled":"default","ast-page-background-meta":{"desktop":{"background-color":"","background-image":"","background-repeat":"repeat","background-position":"center center","background-size":"auto","background-attachment":"scroll","background-type":"","background-media":"","overlay-type":"","overlay-color":"","overlay-opacity":"","overlay-gradient":""},"tablet":{"background-color":"","background-image":"","background-repeat":"repeat","background-position":"center center","background-size":"auto","background-attachment":"scroll","background-type":"","background-media":"","overlay-type":"","overlay-color":"","overlay-opacity":"","overlay-gradient":""},"mobile":{"background-color":"","background-image":"","background-repeat":"repeat","background-position":"center center","background-size":"auto","background-attachment":"scroll","background-type":"","background-media":"","overlay-type":"","overlay-color":"","overlay-opacity":"","overlay-gradient":""}},"ast-content-background-meta":{"desktop":{"background-color":"var(--ast-global-color-5)","background-image":"","background-repeat":"repeat","background-position":"center center","background-size":"auto","background-attachment":"scroll","background-type":"","background-media":"","overlay-type":"","overlay-color":"","overlay-opacity":"","overlay-gradient":""},"tablet":{"background-color":"var(--ast-global-color-5)","background-image":"","background-repeat":"repeat","background-position":"center center","background-size":"auto","background-attachment":"scroll","background-type":"","background-media":"","overlay-type":"","overlay-color":"","overlay-opacity":"","overlay-gradient":""},"mobile":{"background-color":"var(--ast-global-color-5)","background-image":"","background-repeat":"repeat","background-position":"center center","background-size":"auto","background-attachment":"scroll","background-type":"","background-media":"","overlay-type":"","overlay-color":"","overlay-opacity":"","overlay-gradient":""}}},"product_brand":[],"product_cat":[62],"product_tag":[78,65,61],"class_list":{"0":"post-1623","1":"product","2":"type-product","3":"status-publish","4":"has-post-thumbnail","6":"product_cat-btis-b-filter-breakthrough-indicator-stickers-type-b","7":"product_tag-chemical-industries-emission-control-products","8":"product_tag-odor-emission-control-products","9":"product_tag-wastewater-treatment-emission-control-products","10":"desktop-align-left","11":"tablet-align-left","12":"mobile-align-left","13":"ast-product-gallery-layout-horizontal","14":"ast-product-gallery-with-no-image","15":"ast-product-tabs-layout-horizontal","17":"first","18":"instock","19":"taxable","20":"shipping-taxable","21":"purchasable","22":"product-type-simple"},"acf":[],"yoast_head":"<!-- This site is optimized with the Yoast SEO plugin v27.4 - https:\/\/yoast.com\/product\/yoast-seo-wordpress\/ -->\n<title>Hydrogen Sulfide Breakthrough-Indicator Sticker-B (BTIS-B). Leak detector<\/title>\n<meta name=\"description\" content=\"Hydrogen Sulfide Breakthrough-Indicator Sticker-B (BTIS-B). Leak detector for chemical transport vehicles and chemical storage cabinets\" \/>\n<meta name=\"robots\" content=\"index, follow, max-snippet:-1, max-image-preview:large, max-video-preview:-1\" \/>\n<link rel=\"canonical\" href=\"https:\/\/www.chemteq.net\/es\/producto\/hydrogen-sulfide-breakthrough-indicator-sticker-type-b\/\" \/>\n<meta property=\"og:locale\" content=\"es_ES\" \/>\n<meta property=\"og:type\" content=\"article\" \/>\n<meta property=\"og:title\" content=\"Hydrogen Sulfide breakthrough Indicator Type B\" \/>\n<meta property=\"og:description\" content=\"Hydrogen Sulfide Breakthrough Indicators Sticker Type B - Leak detector for chemicals transport vehicles and chemical storage cabinets\" \/>\n<meta property=\"og:url\" content=\"https:\/\/www.chemteq.net\/es\/producto\/hydrogen-sulfide-breakthrough-indicator-sticker-type-b\/\" \/>\n<meta property=\"og:site_name\" content=\"Chemteq Inc.\" \/>\n<meta property=\"article:modified_time\" content=\"2024-03-02T16:54:48+00:00\" \/>\n<meta property=\"og:image\" content=\"https:\/\/www.chemteq.net\/wp-content\/uploads\/2021\/04\/Hydrogen-Sulfide-Breakthrough-Indicators-Sticker-Type-B-Leak-detector-for-chemicals-transport-vehicles-scaled.jpg\" \/>\n\t<meta property=\"og:image:width\" content=\"2560\" \/>\n\t<meta property=\"og:image:height\" content=\"1830\" \/>\n\t<meta property=\"og:image:type\" content=\"image\/jpeg\" \/>\n<meta name=\"twitter:card\" content=\"summary_large_image\" \/>\n<meta name=\"twitter:title\" content=\"Hydrogen Sulfide breakthrough Indicator Type B\" \/>\n<meta name=\"twitter:description\" content=\"Hydrogen Sulfide Breakthrough Indicators Sticker Type B - Leak detector for chemicals transport vehicles and chemical storage cabinets\" \/>\n<meta name=\"twitter:image\" content=\"https:\/\/www.chemteq.net\/wp-content\/uploads\/2021\/04\/Hydrogen-Sulfide-Breakthrough-Indicators-Sticker-Type-B-Leak-detector-for-chemicals-transport-vehicles-scaled.jpg\" \/>\n<meta name=\"twitter:label1\" content=\"Tiempo de lectura\" \/>\n\t<meta name=\"twitter:data1\" content=\"2 minutos\" \/>\n<script type=\"application\/ld+json\" class=\"yoast-schema-graph\">{\"@context\":\"https:\\\/\\\/schema.org\",\"@graph\":[{\"@type\":\"WebPage\",\"@id\":\"https:\\\/\\\/www.chemteq.net\\\/product\\\/hydrogen-sulfide-breakthrough-indicator-sticker-type-b\\\/\",\"url\":\"https:\\\/\\\/www.chemteq.net\\\/product\\\/hydrogen-sulfide-breakthrough-indicator-sticker-type-b\\\/\",\"name\":\"Hydrogen Sulfide Breakthrough-Indicator Sticker-B (BTIS-B). Leak detector\",\"isPartOf\":{\"@id\":\"https:\\\/\\\/www.chemteq.net\\\/#website\"},\"primaryImageOfPage\":{\"@id\":\"https:\\\/\\\/www.chemteq.net\\\/product\\\/hydrogen-sulfide-breakthrough-indicator-sticker-type-b\\\/#primaryimage\"},\"image\":{\"@id\":\"https:\\\/\\\/www.chemteq.net\\\/product\\\/hydrogen-sulfide-breakthrough-indicator-sticker-type-b\\\/#primaryimage\"},\"thumbnailUrl\":\"https:\\\/\\\/www.chemteq.net\\\/wp-content\\\/uploads\\\/2021\\\/04\\\/BTIS-B-front-unexp-051717.jpg\",\"datePublished\":\"2021-04-27T15:04:31+00:00\",\"dateModified\":\"2024-03-02T16:54:48+00:00\",\"description\":\"Hydrogen Sulfide Breakthrough-Indicator Sticker-B (BTIS-B). Leak detector for chemical transport vehicles and chemical storage cabinets\",\"breadcrumb\":{\"@id\":\"https:\\\/\\\/www.chemteq.net\\\/product\\\/hydrogen-sulfide-breakthrough-indicator-sticker-type-b\\\/#breadcrumb\"},\"inLanguage\":\"es\",\"potentialAction\":[{\"@type\":\"ReadAction\",\"target\":[\"https:\\\/\\\/www.chemteq.net\\\/product\\\/hydrogen-sulfide-breakthrough-indicator-sticker-type-b\\\/\"]}]},{\"@type\":\"ImageObject\",\"inLanguage\":\"es\",\"@id\":\"https:\\\/\\\/www.chemteq.net\\\/product\\\/hydrogen-sulfide-breakthrough-indicator-sticker-type-b\\\/#primaryimage\",\"url\":\"https:\\\/\\\/www.chemteq.net\\\/wp-content\\\/uploads\\\/2021\\\/04\\\/BTIS-B-front-unexp-051717.jpg\",\"contentUrl\":\"https:\\\/\\\/www.chemteq.net\\\/wp-content\\\/uploads\\\/2021\\\/04\\\/BTIS-B-front-unexp-051717.jpg\",\"width\":672,\"height\":671,\"caption\":\"Hydrogen Sulfide breakthrough Indicator Type B\"},{\"@type\":\"BreadcrumbList\",\"@id\":\"https:\\\/\\\/www.chemteq.net\\\/product\\\/hydrogen-sulfide-breakthrough-indicator-sticker-type-b\\\/#breadcrumb\",\"itemListElement\":[{\"@type\":\"ListItem\",\"position\":1,\"name\":\"Home\",\"item\":\"https:\\\/\\\/www.chemteq.net\\\/\"},{\"@type\":\"ListItem\",\"position\":2,\"name\":\"Products\",\"item\":\"https:\\\/\\\/www.chemteq.net\\\/products\\\/\"},{\"@type\":\"ListItem\",\"position\":3,\"name\":\"Hydrogen Sulfide Breakthrough Indicator Sticker Type B\"}]},{\"@type\":\"WebSite\",\"@id\":\"https:\\\/\\\/www.chemteq.net\\\/#website\",\"url\":\"https:\\\/\\\/www.chemteq.net\\\/\",\"name\":\"Chemteq Inc.\",\"description\":\"High Quality And Reliable Devices To Serve Health, Safety And Industrial Hygiene\",\"publisher\":{\"@id\":\"https:\\\/\\\/www.chemteq.net\\\/#organization\"},\"potentialAction\":[{\"@type\":\"SearchAction\",\"target\":{\"@type\":\"EntryPoint\",\"urlTemplate\":\"https:\\\/\\\/www.chemteq.net\\\/?s={search_term_string}\"},\"query-input\":{\"@type\":\"PropertyValueSpecification\",\"valueRequired\":true,\"valueName\":\"search_term_string\"}}],\"inLanguage\":\"es\"},{\"@type\":\"Organization\",\"@id\":\"https:\\\/\\\/www.chemteq.net\\\/#organization\",\"name\":\"Chemteq Inc.\",\"url\":\"https:\\\/\\\/www.chemteq.net\\\/\",\"logo\":{\"@type\":\"ImageObject\",\"inLanguage\":\"es\",\"@id\":\"https:\\\/\\\/www.chemteq.net\\\/#\\\/schema\\\/logo\\\/image\\\/\",\"url\":\"https:\\\/\\\/www.chemteq.net\\\/wp-content\\\/uploads\\\/2021\\\/04\\\/ChemteqLogo0112239041421-scaled.jpg\",\"contentUrl\":\"https:\\\/\\\/www.chemteq.net\\\/wp-content\\\/uploads\\\/2021\\\/04\\\/ChemteqLogo0112239041421-scaled.jpg\",\"width\":2560,\"height\":574,\"caption\":\"Chemteq Inc.\"},\"image\":{\"@id\":\"https:\\\/\\\/www.chemteq.net\\\/#\\\/schema\\\/logo\\\/image\\\/\"}}]}<\/script>\n<!-- \/ Yoast SEO plugin. -->","yoast_head_json":{"title":"Hydrogen Sulfide Breakthrough-Indicator Sticker-B (BTIS-B). Leak detector","description":"Hydrogen Sulfide Breakthrough-Indicator Sticker-B (BTIS-B). Leak detector for chemical transport vehicles and chemical storage cabinets","robots":{"index":"index","follow":"follow","max-snippet":"max-snippet:-1","max-image-preview":"max-image-preview:large","max-video-preview":"max-video-preview:-1"},"canonical":"https:\/\/www.chemteq.net\/es\/producto\/hydrogen-sulfide-breakthrough-indicator-sticker-type-b\/","og_locale":"es_ES","og_type":"article","og_title":"Hydrogen Sulfide breakthrough Indicator Type B","og_description":"Hydrogen Sulfide Breakthrough Indicators Sticker Type B - Leak detector for chemicals transport vehicles and chemical storage cabinets","og_url":"https:\/\/www.chemteq.net\/es\/producto\/hydrogen-sulfide-breakthrough-indicator-sticker-type-b\/","og_site_name":"Chemteq Inc.","article_modified_time":"2024-03-02T16:54:48+00:00","og_image":[{"width":2560,"height":1830,"url":"https:\/\/www.chemteq.net\/wp-content\/uploads\/2021\/04\/Hydrogen-Sulfide-Breakthrough-Indicators-Sticker-Type-B-Leak-detector-for-chemicals-transport-vehicles-scaled.jpg","type":"image\/jpeg"}],"twitter_card":"summary_large_image","twitter_title":"Hydrogen Sulfide breakthrough Indicator Type B","twitter_description":"Hydrogen Sulfide Breakthrough Indicators Sticker Type B - Leak detector for chemicals transport vehicles and chemical storage cabinets","twitter_image":"https:\/\/www.chemteq.net\/wp-content\/uploads\/2021\/04\/Hydrogen-Sulfide-Breakthrough-Indicators-Sticker-Type-B-Leak-detector-for-chemicals-transport-vehicles-scaled.jpg","twitter_misc":{"Tiempo de lectura":"2 minutos"},"schema":{"@context":"https:\/\/schema.org","@graph":[{"@type":"WebPage","@id":"https:\/\/www.chemteq.net\/product\/hydrogen-sulfide-breakthrough-indicator-sticker-type-b\/","url":"https:\/\/www.chemteq.net\/product\/hydrogen-sulfide-breakthrough-indicator-sticker-type-b\/","name":"Hydrogen Sulfide Breakthrough-Indicator Sticker-B (BTIS-B). Leak detector","isPartOf":{"@id":"https:\/\/www.chemteq.net\/#website"},"primaryImageOfPage":{"@id":"https:\/\/www.chemteq.net\/product\/hydrogen-sulfide-breakthrough-indicator-sticker-type-b\/#primaryimage"},"image":{"@id":"https:\/\/www.chemteq.net\/product\/hydrogen-sulfide-breakthrough-indicator-sticker-type-b\/#primaryimage"},"thumbnailUrl":"https:\/\/www.chemteq.net\/wp-content\/uploads\/2021\/04\/BTIS-B-front-unexp-051717.jpg","datePublished":"2021-04-27T15:04:31+00:00","dateModified":"2024-03-02T16:54:48+00:00","description":"Hydrogen Sulfide Breakthrough-Indicator Sticker-B (BTIS-B). Leak detector for chemical transport vehicles and chemical storage cabinets","breadcrumb":{"@id":"https:\/\/www.chemteq.net\/product\/hydrogen-sulfide-breakthrough-indicator-sticker-type-b\/#breadcrumb"},"inLanguage":"es","potentialAction":[{"@type":"ReadAction","target":["https:\/\/www.chemteq.net\/product\/hydrogen-sulfide-breakthrough-indicator-sticker-type-b\/"]}]},{"@type":"ImageObject","inLanguage":"es","@id":"https:\/\/www.chemteq.net\/product\/hydrogen-sulfide-breakthrough-indicator-sticker-type-b\/#primaryimage","url":"https:\/\/www.chemteq.net\/wp-content\/uploads\/2021\/04\/BTIS-B-front-unexp-051717.jpg","contentUrl":"https:\/\/www.chemteq.net\/wp-content\/uploads\/2021\/04\/BTIS-B-front-unexp-051717.jpg","width":672,"height":671,"caption":"Hydrogen Sulfide breakthrough Indicator Type B"},{"@type":"BreadcrumbList","@id":"https:\/\/www.chemteq.net\/product\/hydrogen-sulfide-breakthrough-indicator-sticker-type-b\/#breadcrumb","itemListElement":[{"@type":"ListItem","position":1,"name":"Home","item":"https:\/\/www.chemteq.net\/"},{"@type":"ListItem","position":2,"name":"Products","item":"https:\/\/www.chemteq.net\/products\/"},{"@type":"ListItem","position":3,"name":"Hydrogen Sulfide Breakthrough Indicator Sticker Type B"}]},{"@type":"WebSite","@id":"https:\/\/www.chemteq.net\/#website","url":"https:\/\/www.chemteq.net\/","name":"Chemteq Inc.","description":"High Quality And Reliable Devices To Serve Health, Safety And Industrial Hygiene","publisher":{"@id":"https:\/\/www.chemteq.net\/#organization"},"potentialAction":[{"@type":"SearchAction","target":{"@type":"EntryPoint","urlTemplate":"https:\/\/www.chemteq.net\/?s={search_term_string}"},"query-input":{"@type":"PropertyValueSpecification","valueRequired":true,"valueName":"search_term_string"}}],"inLanguage":"es"},{"@type":"Organization","@id":"https:\/\/www.chemteq.net\/#organization","name":"Chemteq Inc.","url":"https:\/\/www.chemteq.net\/","logo":{"@type":"ImageObject","inLanguage":"es","@id":"https:\/\/www.chemteq.net\/#\/schema\/logo\/image\/","url":"https:\/\/www.chemteq.net\/wp-content\/uploads\/2021\/04\/ChemteqLogo0112239041421-scaled.jpg","contentUrl":"https:\/\/www.chemteq.net\/wp-content\/uploads\/2021\/04\/ChemteqLogo0112239041421-scaled.jpg","width":2560,"height":574,"caption":"Chemteq Inc."},"image":{"@id":"https:\/\/www.chemteq.net\/#\/schema\/logo\/image\/"}}]}},"_links":{"self":[{"href":"https:\/\/www.chemteq.net\/es\/wp-json\/wp\/v2\/product\/1623","targetHints":{"allow":["GET"]}}],"collection":[{"href":"https:\/\/www.chemteq.net\/es\/wp-json\/wp\/v2\/product"}],"about":[{"href":"https:\/\/www.chemteq.net\/es\/wp-json\/wp\/v2\/types\/product"}],"wp:featuredmedia":[{"embeddable":true,"href":"https:\/\/www.chemteq.net\/es\/wp-json\/wp\/v2\/media\/2551"}],"wp:attachment":[{"href":"https:\/\/www.chemteq.net\/es\/wp-json\/wp\/v2\/media?parent=1623"}],"wp:term":[{"taxonomy":"product_brand","embeddable":true,"href":"https:\/\/www.chemteq.net\/es\/wp-json\/wp\/v2\/product_brand?post=1623"},{"taxonomy":"product_cat","embeddable":true,"href":"https:\/\/www.chemteq.net\/es\/wp-json\/wp\/v2\/product_cat?post=1623"},{"taxonomy":"product_tag","embeddable":true,"href":"https:\/\/www.chemteq.net\/es\/wp-json\/wp\/v2\/product_tag?post=1623"}],"curies":[{"name":"wp","href":"https:\/\/api.w.org\/{rel}","templated":true}]}}