{"id":1604,"date":"2021-04-27T14:50:37","date_gmt":"2021-04-27T14:50:37","guid":{"rendered":"http:\/\/chemteqinc.wpengine.com\/?post_type=product&#038;p=1604"},"modified":"2023-07-19T04:08:59","modified_gmt":"2023-07-19T04:08:59","slug":"aromatic-diisocyanates-breakthrough-indicator-sticker-b","status":"publish","type":"product","link":"https:\/\/www.chemteq.net\/es\/producto\/aromatic-diisocyanates-breakthrough-indicator-sticker-b\/","title":{"rendered":"Aromatic Diisocyanates Breakthrough Indicator Sticker Type B (BTIS B)"},"content":{"rendered":"<p>Aromatic Diisocyanates Breakthrough-Indicator Sticker B (BTIS B) &#8211; PN 253. Is a leak detector for use in chemicals transport vehicles and chemical storage cabinets. Suitable locations are the inside of glass window of chemical transport vehicle, or the inside glass window of chemical storage cabinet where representative samples can be obtained. Reliable and cost effective. Operates under extreme conditions and has extended service life.<\/p>\n<p>\u00bfC\u00f3mo utilizar el BTIS B?<\/p>\n<ol>\n<li>Retire el revestimiento protector adhesivo de la parte delantera de la pegatina.<\/li>\n<li>Fije al \u00e1rea limpia central de la ventana de vidrio interior del veh\u00edculo de transporte de productos qu\u00edmicos o del gabinete de almacenamiento de productos qu\u00edmicos con el \u00e1rea de lectura (superficie brillante) de la etiqueta hacia el interior de la ventana de vidrio.<\/li>\n<li>El cambio de color indica fuga.<\/li>\n<\/ol>\n<p><strong>Especificaciones del producto<\/strong><\/p>\n<table>\n<tbody>\n<tr>\n<td width=\"28\">a<\/td>\n<td width=\"231\">Peso:<\/td>\n<td width=\"358\">0.4g (0.02oz)<\/td>\n<\/tr>\n<tr>\n<td width=\"28\">b<\/td>\n<td width=\"231\">Dimensiones:<\/td>\n<td width=\"358\">2.8mm (0.11in), diameter: 38.1mm (1.5in)<\/td>\n<\/tr>\n<tr>\n<td width=\"28\">c<\/td>\n<td width=\"231\">Rango de temperatura:<\/td>\n<td width=\"358\">-20<sup>o<\/sup>C to 65<sup>o<\/sup>C (-4<sup>o<\/sup>F to 149<sup>o<\/sup>F)<\/td>\n<\/tr>\n<tr>\n<td width=\"28\">d<\/td>\n<td width=\"231\">Humedad de funcionamiento: gth:<\/td>\n<td width=\"358\">5% RH to 90%RH<\/td>\n<\/tr>\n<tr>\n<td width=\"28\">e<\/td>\n<td width=\"231\">L\u00edmite m\u00ednimo detectable:<\/td>\n<td width=\"358\">4ppb\u2022hr at 30 cm\/sec face velocity<\/td>\n<\/tr>\n<tr>\n<td width=\"28\">f<\/td>\n<td width=\"231\">Cambio de color:<\/td>\n<td width=\"358\">Off white to pink or brown<\/td>\n<\/tr>\n<tr>\n<td width=\"28\">g<\/td>\n<td width=\"231\">Rango de temperatura:<\/td>\n<td width=\"358\">4<sup>o<\/sup>C to 25<sup>o<\/sup>C, (39<sup>o<\/sup>F to 77<sup>o<\/sup>F)<\/td>\n<\/tr>\n<tr>\n<td width=\"28\">h<\/td>\n<td width=\"231\">Rango de vida \u00fatil:<\/td>\n<td width=\"358\">1 year at 4<sup>o<\/sup>C to 25<sup>o<\/sup>C, (39<sup>o<\/sup>F to 77<sup>o<\/sup>F)<\/td>\n<\/tr>\n<tr>\n<td width=\"28\">i<\/td>\n<td width=\"231\">Vida de servicio:<\/td>\n<td width=\"358\">4 months<\/td>\n<\/tr>\n<\/tbody>\n<\/table>\n<p>Enlaces \u00fatiles<br \/>\n<a href=\"https:\/\/www.osha.gov\/isocyanates\/exposure-evaluation\" target=\"_blank\" rel=\"noopener\">OSHA<\/a><br \/>\n<a href=\"https:\/\/www.cdc.gov\/niosh\/topics\/isocyanates\/default.html\" target=\"_blank\" rel=\"noopener\">NIOSH<\/a><br \/>\n<a href=\"https:\/\/www.diisocyanates.org\/\" target=\"_blank\" rel=\"noopener\">International Isocyanate Institute<\/a><br \/>\n<a href=\"http:\/\/www.chemteq.net\/es\/chemteq-filter-change-indicators\/\">Indicadores de cambio de filtro<\/a><\/p>\n<p>Aromatic Diisocyanates Breakthrough-Indicator Sticker B<\/p>\n<table id=\"dz-tablewb_element_text__1453077159624_51\" class=\"dz-table\" style=\"height: 46px;\" width=\"900\" cellspacing=\"0\" cellpadding=\"0\">\n<tbody>\n<tr>\n<td align=\"left\"><\/td>\n<\/tr>\n<\/tbody>\n<\/table>","protected":false},"excerpt":{"rendered":"<p>Dimensions: Diameter = 38.1mm (1.5in), Height = 2.0mm (0.11in)<\/p>","protected":false},"featured_media":2614,"template":"","meta":{"_acf_changed":false,"site-sidebar-layout":"default","site-content-layout":"default","ast-site-content-layout":"","site-content-style":"default","site-sidebar-style":"default","ast-global-header-display":"","ast-banner-title-visibility":"","ast-main-header-display":"","ast-hfb-above-header-display":"","ast-hfb-below-header-display":"","ast-hfb-mobile-header-display":"","site-post-title":"","ast-breadcrumbs-content":"","ast-featured-img":"","footer-sml-layout":"","theme-transparent-header-meta":"default","adv-header-id-meta":"","stick-header-meta":"default","header-above-stick-meta":"","header-main-stick-meta":"","header-below-stick-meta":"","astra-migrate-meta-layouts":"default","ast-page-background-enabled":"default","ast-page-background-meta":{"desktop":{"background-color":"","background-image":"","background-repeat":"repeat","background-position":"center center","background-size":"auto","background-attachment":"scroll","background-type":"","background-media":"","overlay-type":"","overlay-color":"","overlay-opacity":"","overlay-gradient":""},"tablet":{"background-color":"","background-image":"","background-repeat":"repeat","background-position":"center center","background-size":"auto","background-attachment":"scroll","background-type":"","background-media":"","overlay-type":"","overlay-color":"","overlay-opacity":"","overlay-gradient":""},"mobile":{"background-color":"","background-image":"","background-repeat":"repeat","background-position":"center center","background-size":"auto","background-attachment":"scroll","background-type":"","background-media":"","overlay-type":"","overlay-color":"","overlay-opacity":"","overlay-gradient":""}},"ast-content-background-meta":{"desktop":{"background-color":"var(--ast-global-color-5)","background-image":"","background-repeat":"repeat","background-position":"center center","background-size":"auto","background-attachment":"scroll","background-type":"","background-media":"","overlay-type":"","overlay-color":"","overlay-opacity":"","overlay-gradient":""},"tablet":{"background-color":"var(--ast-global-color-5)","background-image":"","background-repeat":"repeat","background-position":"center center","background-size":"auto","background-attachment":"scroll","background-type":"","background-media":"","overlay-type":"","overlay-color":"","overlay-opacity":"","overlay-gradient":""},"mobile":{"background-color":"var(--ast-global-color-5)","background-image":"","background-repeat":"repeat","background-position":"center center","background-size":"auto","background-attachment":"scroll","background-type":"","background-media":"","overlay-type":"","overlay-color":"","overlay-opacity":"","overlay-gradient":""}}},"product_brand":[],"product_cat":[62],"product_tag":[78,69,64],"class_list":{"0":"post-1604","1":"product","2":"type-product","3":"status-publish","4":"has-post-thumbnail","6":"product_cat-btis-b-filter-breakthrough-indicator-stickers-type-b","7":"product_tag-chemical-industries-emission-control-products","8":"product_tag-laboratories-emission-control-products","9":"product_tag-polyurethane-chemicals-emission-control","10":"desktop-align-left","11":"tablet-align-left","12":"mobile-align-left","13":"ast-product-gallery-layout-horizontal","14":"ast-product-gallery-with-no-image","15":"ast-product-tabs-layout-horizontal","17":"first","18":"instock","19":"taxable","20":"shipping-taxable","21":"purchasable","22":"product-type-simple"},"acf":[],"yoast_head":"<!-- This site is optimized with the Yoast SEO plugin v27.4 - https:\/\/yoast.com\/product\/yoast-seo-wordpress\/ -->\n<title>Aromatic Diisocyanates Breakthrough-Indicator Sticker B (BTIS B)<\/title>\n<meta name=\"description\" content=\"Aromatic Diisocyanates Breakthrough-Indicator Sticker B (BTIS B). Leak detector for chemical transport vehicles and chemical storage cabinets\" \/>\n<meta name=\"robots\" content=\"index, follow, max-snippet:-1, max-image-preview:large, max-video-preview:-1\" \/>\n<link rel=\"canonical\" href=\"https:\/\/www.chemteq.net\/es\/producto\/aromatic-diisocyanates-breakthrough-indicator-sticker-b\/\" \/>\n<meta property=\"og:locale\" content=\"es_ES\" \/>\n<meta property=\"og:type\" content=\"article\" \/>\n<meta property=\"og:title\" content=\"Aromatic Diisocyanates Breakthrough Indicator Sticker Type B\" \/>\n<meta property=\"og:description\" content=\"Aromatic Diisocyanates Breakthrough-Indicator Sticker B (BTIS B). Leak detector for chemical transport vehicles and chemical storage cabinets\" \/>\n<meta property=\"og:url\" content=\"https:\/\/www.chemteq.net\/es\/producto\/aromatic-diisocyanates-breakthrough-indicator-sticker-b\/\" \/>\n<meta property=\"og:site_name\" content=\"Chemteq Inc.\" \/>\n<meta property=\"article:modified_time\" content=\"2023-07-19T04:08:59+00:00\" \/>\n<meta property=\"og:image\" content=\"https:\/\/www.chemteq.net\/wp-content\/uploads\/2021\/04\/Aromatic-Diisocyanates-Breakthrough-Indicator-Sticker-B-BTIS-B.-Leak-detector-scaled.jpg\" \/>\n\t<meta property=\"og:image:width\" content=\"2560\" \/>\n\t<meta property=\"og:image:height\" content=\"1830\" \/>\n\t<meta property=\"og:image:type\" content=\"image\/jpeg\" \/>\n<meta name=\"twitter:card\" content=\"summary_large_image\" \/>\n<meta name=\"twitter:title\" content=\"Aromatic Diisocyanates Breakthrough Indicator Sticker Type B\" \/>\n<meta name=\"twitter:description\" content=\"Aromatic Diisocyanates Breakthrough-Indicator Sticker B (BTIS B). Leak detector for chemical transport vehicles and chemical storage cabinets\" \/>\n<meta name=\"twitter:image\" content=\"https:\/\/www.chemteq.net\/wp-content\/uploads\/2021\/04\/Aromatic-Diisocyanates-Breakthrough-Indicator-Sticker-B-BTIS-B.-Leak-detector-scaled.jpg\" \/>\n<meta name=\"twitter:label1\" content=\"Tiempo de lectura\" \/>\n\t<meta name=\"twitter:data1\" content=\"1 minuto\" \/>\n<script type=\"application\/ld+json\" class=\"yoast-schema-graph\">{\"@context\":\"https:\\\/\\\/schema.org\",\"@graph\":[{\"@type\":\"WebPage\",\"@id\":\"https:\\\/\\\/www.chemteq.net\\\/product\\\/aromatic-diisocyanates-breakthrough-indicator-sticker-b\\\/\",\"url\":\"https:\\\/\\\/www.chemteq.net\\\/product\\\/aromatic-diisocyanates-breakthrough-indicator-sticker-b\\\/\",\"name\":\"Aromatic Diisocyanates Breakthrough-Indicator Sticker B (BTIS B)\",\"isPartOf\":{\"@id\":\"https:\\\/\\\/www.chemteq.net\\\/#website\"},\"primaryImageOfPage\":{\"@id\":\"https:\\\/\\\/www.chemteq.net\\\/product\\\/aromatic-diisocyanates-breakthrough-indicator-sticker-b\\\/#primaryimage\"},\"image\":{\"@id\":\"https:\\\/\\\/www.chemteq.net\\\/product\\\/aromatic-diisocyanates-breakthrough-indicator-sticker-b\\\/#primaryimage\"},\"thumbnailUrl\":\"https:\\\/\\\/www.chemteq.net\\\/wp-content\\\/uploads\\\/2021\\\/04\\\/Aromatic-Diisocyanates-BTIS-B-253.jpg\",\"datePublished\":\"2021-04-27T14:50:37+00:00\",\"dateModified\":\"2023-07-19T04:08:59+00:00\",\"description\":\"Aromatic Diisocyanates Breakthrough-Indicator Sticker B (BTIS B). Leak detector for chemical transport vehicles and chemical storage cabinets\",\"breadcrumb\":{\"@id\":\"https:\\\/\\\/www.chemteq.net\\\/product\\\/aromatic-diisocyanates-breakthrough-indicator-sticker-b\\\/#breadcrumb\"},\"inLanguage\":\"es\",\"potentialAction\":[{\"@type\":\"ReadAction\",\"target\":[\"https:\\\/\\\/www.chemteq.net\\\/product\\\/aromatic-diisocyanates-breakthrough-indicator-sticker-b\\\/\"]}]},{\"@type\":\"ImageObject\",\"inLanguage\":\"es\",\"@id\":\"https:\\\/\\\/www.chemteq.net\\\/product\\\/aromatic-diisocyanates-breakthrough-indicator-sticker-b\\\/#primaryimage\",\"url\":\"https:\\\/\\\/www.chemteq.net\\\/wp-content\\\/uploads\\\/2021\\\/04\\\/Aromatic-Diisocyanates-BTIS-B-253.jpg\",\"contentUrl\":\"https:\\\/\\\/www.chemteq.net\\\/wp-content\\\/uploads\\\/2021\\\/04\\\/Aromatic-Diisocyanates-BTIS-B-253.jpg\",\"width\":2160,\"height\":2160,\"caption\":\"Aromatic Diisocyanates leak detector for chemical transport vehicles and chemical storage cabinets\"},{\"@type\":\"BreadcrumbList\",\"@id\":\"https:\\\/\\\/www.chemteq.net\\\/product\\\/aromatic-diisocyanates-breakthrough-indicator-sticker-b\\\/#breadcrumb\",\"itemListElement\":[{\"@type\":\"ListItem\",\"position\":1,\"name\":\"Home\",\"item\":\"https:\\\/\\\/www.chemteq.net\\\/\"},{\"@type\":\"ListItem\",\"position\":2,\"name\":\"Products\",\"item\":\"https:\\\/\\\/www.chemteq.net\\\/products\\\/\"},{\"@type\":\"ListItem\",\"position\":3,\"name\":\"Aromatic Diisocyanates Breakthrough Indicator Sticker Type B (BTIS B)\"}]},{\"@type\":\"WebSite\",\"@id\":\"https:\\\/\\\/www.chemteq.net\\\/#website\",\"url\":\"https:\\\/\\\/www.chemteq.net\\\/\",\"name\":\"Chemteq Inc.\",\"description\":\"High Quality And Reliable Devices To Serve Health, Safety And Industrial Hygiene\",\"publisher\":{\"@id\":\"https:\\\/\\\/www.chemteq.net\\\/#organization\"},\"potentialAction\":[{\"@type\":\"SearchAction\",\"target\":{\"@type\":\"EntryPoint\",\"urlTemplate\":\"https:\\\/\\\/www.chemteq.net\\\/?s={search_term_string}\"},\"query-input\":{\"@type\":\"PropertyValueSpecification\",\"valueRequired\":true,\"valueName\":\"search_term_string\"}}],\"inLanguage\":\"es\"},{\"@type\":\"Organization\",\"@id\":\"https:\\\/\\\/www.chemteq.net\\\/#organization\",\"name\":\"Chemteq Inc.\",\"url\":\"https:\\\/\\\/www.chemteq.net\\\/\",\"logo\":{\"@type\":\"ImageObject\",\"inLanguage\":\"es\",\"@id\":\"https:\\\/\\\/www.chemteq.net\\\/#\\\/schema\\\/logo\\\/image\\\/\",\"url\":\"https:\\\/\\\/www.chemteq.net\\\/wp-content\\\/uploads\\\/2021\\\/04\\\/ChemteqLogo0112239041421-scaled.jpg\",\"contentUrl\":\"https:\\\/\\\/www.chemteq.net\\\/wp-content\\\/uploads\\\/2021\\\/04\\\/ChemteqLogo0112239041421-scaled.jpg\",\"width\":2560,\"height\":574,\"caption\":\"Chemteq Inc.\"},\"image\":{\"@id\":\"https:\\\/\\\/www.chemteq.net\\\/#\\\/schema\\\/logo\\\/image\\\/\"}}]}<\/script>\n<!-- \/ Yoast SEO plugin. -->","yoast_head_json":{"title":"Aromatic Diisocyanates Breakthrough-Indicator Sticker B (BTIS B)","description":"Aromatic Diisocyanates Breakthrough-Indicator Sticker B (BTIS B). Leak detector for chemical transport vehicles and chemical storage cabinets","robots":{"index":"index","follow":"follow","max-snippet":"max-snippet:-1","max-image-preview":"max-image-preview:large","max-video-preview":"max-video-preview:-1"},"canonical":"https:\/\/www.chemteq.net\/es\/producto\/aromatic-diisocyanates-breakthrough-indicator-sticker-b\/","og_locale":"es_ES","og_type":"article","og_title":"Aromatic Diisocyanates Breakthrough Indicator Sticker Type B","og_description":"Aromatic Diisocyanates Breakthrough-Indicator Sticker B (BTIS B). Leak detector for chemical transport vehicles and chemical storage cabinets","og_url":"https:\/\/www.chemteq.net\/es\/producto\/aromatic-diisocyanates-breakthrough-indicator-sticker-b\/","og_site_name":"Chemteq Inc.","article_modified_time":"2023-07-19T04:08:59+00:00","og_image":[{"width":2560,"height":1830,"url":"https:\/\/www.chemteq.net\/wp-content\/uploads\/2021\/04\/Aromatic-Diisocyanates-Breakthrough-Indicator-Sticker-B-BTIS-B.-Leak-detector-scaled.jpg","type":"image\/jpeg"}],"twitter_card":"summary_large_image","twitter_title":"Aromatic Diisocyanates Breakthrough Indicator Sticker Type B","twitter_description":"Aromatic Diisocyanates Breakthrough-Indicator Sticker B (BTIS B). Leak detector for chemical transport vehicles and chemical storage cabinets","twitter_image":"https:\/\/www.chemteq.net\/wp-content\/uploads\/2021\/04\/Aromatic-Diisocyanates-Breakthrough-Indicator-Sticker-B-BTIS-B.-Leak-detector-scaled.jpg","twitter_misc":{"Tiempo de lectura":"1 minuto"},"schema":{"@context":"https:\/\/schema.org","@graph":[{"@type":"WebPage","@id":"https:\/\/www.chemteq.net\/product\/aromatic-diisocyanates-breakthrough-indicator-sticker-b\/","url":"https:\/\/www.chemteq.net\/product\/aromatic-diisocyanates-breakthrough-indicator-sticker-b\/","name":"Aromatic Diisocyanates Breakthrough-Indicator Sticker B (BTIS B)","isPartOf":{"@id":"https:\/\/www.chemteq.net\/#website"},"primaryImageOfPage":{"@id":"https:\/\/www.chemteq.net\/product\/aromatic-diisocyanates-breakthrough-indicator-sticker-b\/#primaryimage"},"image":{"@id":"https:\/\/www.chemteq.net\/product\/aromatic-diisocyanates-breakthrough-indicator-sticker-b\/#primaryimage"},"thumbnailUrl":"https:\/\/www.chemteq.net\/wp-content\/uploads\/2021\/04\/Aromatic-Diisocyanates-BTIS-B-253.jpg","datePublished":"2021-04-27T14:50:37+00:00","dateModified":"2023-07-19T04:08:59+00:00","description":"Aromatic Diisocyanates Breakthrough-Indicator Sticker B (BTIS B). Leak detector for chemical transport vehicles and chemical storage cabinets","breadcrumb":{"@id":"https:\/\/www.chemteq.net\/product\/aromatic-diisocyanates-breakthrough-indicator-sticker-b\/#breadcrumb"},"inLanguage":"es","potentialAction":[{"@type":"ReadAction","target":["https:\/\/www.chemteq.net\/product\/aromatic-diisocyanates-breakthrough-indicator-sticker-b\/"]}]},{"@type":"ImageObject","inLanguage":"es","@id":"https:\/\/www.chemteq.net\/product\/aromatic-diisocyanates-breakthrough-indicator-sticker-b\/#primaryimage","url":"https:\/\/www.chemteq.net\/wp-content\/uploads\/2021\/04\/Aromatic-Diisocyanates-BTIS-B-253.jpg","contentUrl":"https:\/\/www.chemteq.net\/wp-content\/uploads\/2021\/04\/Aromatic-Diisocyanates-BTIS-B-253.jpg","width":2160,"height":2160,"caption":"Aromatic Diisocyanates leak detector for chemical transport vehicles and chemical storage cabinets"},{"@type":"BreadcrumbList","@id":"https:\/\/www.chemteq.net\/product\/aromatic-diisocyanates-breakthrough-indicator-sticker-b\/#breadcrumb","itemListElement":[{"@type":"ListItem","position":1,"name":"Home","item":"https:\/\/www.chemteq.net\/"},{"@type":"ListItem","position":2,"name":"Products","item":"https:\/\/www.chemteq.net\/products\/"},{"@type":"ListItem","position":3,"name":"Aromatic Diisocyanates Breakthrough Indicator Sticker Type B (BTIS B)"}]},{"@type":"WebSite","@id":"https:\/\/www.chemteq.net\/#website","url":"https:\/\/www.chemteq.net\/","name":"Chemteq Inc.","description":"High Quality And Reliable Devices To Serve Health, Safety And Industrial Hygiene","publisher":{"@id":"https:\/\/www.chemteq.net\/#organization"},"potentialAction":[{"@type":"SearchAction","target":{"@type":"EntryPoint","urlTemplate":"https:\/\/www.chemteq.net\/?s={search_term_string}"},"query-input":{"@type":"PropertyValueSpecification","valueRequired":true,"valueName":"search_term_string"}}],"inLanguage":"es"},{"@type":"Organization","@id":"https:\/\/www.chemteq.net\/#organization","name":"Chemteq Inc.","url":"https:\/\/www.chemteq.net\/","logo":{"@type":"ImageObject","inLanguage":"es","@id":"https:\/\/www.chemteq.net\/#\/schema\/logo\/image\/","url":"https:\/\/www.chemteq.net\/wp-content\/uploads\/2021\/04\/ChemteqLogo0112239041421-scaled.jpg","contentUrl":"https:\/\/www.chemteq.net\/wp-content\/uploads\/2021\/04\/ChemteqLogo0112239041421-scaled.jpg","width":2560,"height":574,"caption":"Chemteq Inc."},"image":{"@id":"https:\/\/www.chemteq.net\/#\/schema\/logo\/image\/"}}]}},"_links":{"self":[{"href":"https:\/\/www.chemteq.net\/es\/wp-json\/wp\/v2\/product\/1604","targetHints":{"allow":["GET"]}}],"collection":[{"href":"https:\/\/www.chemteq.net\/es\/wp-json\/wp\/v2\/product"}],"about":[{"href":"https:\/\/www.chemteq.net\/es\/wp-json\/wp\/v2\/types\/product"}],"wp:featuredmedia":[{"embeddable":true,"href":"https:\/\/www.chemteq.net\/es\/wp-json\/wp\/v2\/media\/2614"}],"wp:attachment":[{"href":"https:\/\/www.chemteq.net\/es\/wp-json\/wp\/v2\/media?parent=1604"}],"wp:term":[{"taxonomy":"product_brand","embeddable":true,"href":"https:\/\/www.chemteq.net\/es\/wp-json\/wp\/v2\/product_brand?post=1604"},{"taxonomy":"product_cat","embeddable":true,"href":"https:\/\/www.chemteq.net\/es\/wp-json\/wp\/v2\/product_cat?post=1604"},{"taxonomy":"product_tag","embeddable":true,"href":"https:\/\/www.chemteq.net\/es\/wp-json\/wp\/v2\/product_tag?post=1604"}],"curies":[{"name":"wp","href":"https:\/\/api.w.org\/{rel}","templated":true}]}}