{"id":1569,"date":"2021-04-27T14:16:42","date_gmt":"2021-04-27T14:16:42","guid":{"rendered":"http:\/\/chemteqinc.wpengine.com\/?post_type=product&#038;p=1569"},"modified":"2023-07-19T04:16:16","modified_gmt":"2023-07-19T04:16:16","slug":"hydrogen-sulfide-filter-breakthrough-indicator-sticker-waterproof-btis","status":"publish","type":"product","link":"https:\/\/www.chemteq.net\/es\/producto\/hydrogen-sulfide-filter-breakthrough-indicator-sticker-waterproof-btis\/","title":{"rendered":"Hydrogen Sulfide Filter Breakthrough-Indicator Sticker Waterproof \u2013 BTIS"},"content":{"rendered":"<p>Hydrogen Sulfide Filter Breakthrough-Indicator Sticker Waterproof\u2013 BTIS &#8211; PN 1530000. Filter change indicator for ductless hood and fume extractors filters. Unique design of the indicator prevents any color change due to exposure to contaminants in the surrounding environment and changes color only when filter is saturated. Protects from espouser to toxic chemical and allow you to get the most use of your filter.<\/p>\n<p>\u00bfC\u00f3mo utilizar el BTIS? A. Retire el forro protector adhesivo de la parte inferior de la etiqueta. B. Fije al centro del \u00e1rea limpia de la salida del filtro con el \u00e1rea de lectura (superficie brillante) de la etiqueta hacia arriba.<\/p>\n<p><b>Especificaciones del producto<\/b><\/p>\n<table border=\"0\" cellspacing=\"0\" cellpadding=\"0\">\n<tbody>\n<tr>\n<td width=\"34\">\n<p id=\"ext-gen20749\" align=\"center\">a<\/p>\n<\/td>\n<td valign=\"top\" width=\"264\">Peso:<\/td>\n<td valign=\"top\" width=\"410\">0.4g (0.02oz)<\/td>\n<\/tr>\n<tr>\n<td width=\"34\">\n<p align=\"center\">b<\/p>\n<\/td>\n<td valign=\"top\" width=\"264\">Dimensiones:<\/td>\n<td valign=\"top\" width=\"410\">2.8mm (0.11in), diameter: 31.8mm (1.25in)<\/td>\n<\/tr>\n<tr>\n<td width=\"34\">\n<p align=\"center\">c<\/p>\n<\/td>\n<td valign=\"top\" width=\"264\"><span id=\"ext-gen62244\">Rango de temperatura:<\/span><\/td>\n<td valign=\"top\" width=\"410\">-20<sup>o<\/sup>C to 65<sup>o<\/sup>C (-4<sup>o<\/sup>F to 149<sup>o<\/sup>F)<\/td>\n<\/tr>\n<tr>\n<td width=\"34\">\n<p align=\"center\">d<\/p>\n<\/td>\n<td valign=\"top\" width=\"264\">Humedad de funcionamiento: gth:<\/td>\n<td valign=\"top\" width=\"410\">5% RH to 85%RH<\/td>\n<\/tr>\n<tr>\n<td width=\"34\">\n<p align=\"center\">e<\/p>\n<\/td>\n<td valign=\"top\" width=\"264\">L\u00edmite m\u00ednimo detectable:<\/td>\n<td valign=\"top\" width=\"410\">1ppm\u2022hr at 30 cm\/s face velocity<\/td>\n<\/tr>\n<tr>\n<td width=\"34\">\n<p align=\"center\">f<\/p>\n<\/td>\n<td valign=\"top\" width=\"264\">Cambio de color:<\/td>\n<td valign=\"top\" width=\"410\">Green to black<\/td>\n<\/tr>\n<tr>\n<td width=\"34\">\n<p align=\"center\">g<\/p>\n<\/td>\n<td valign=\"top\" width=\"264\">Rango de temperatura:<\/td>\n<td valign=\"top\" width=\"410\">4<sup>o<\/sup>C to 25<sup>o<\/sup>C, (39<sup>o<\/sup>F to 77<sup>o<\/sup>F)<\/td>\n<\/tr>\n<tr>\n<td width=\"34\">\n<p align=\"center\">h<\/p>\n<\/td>\n<td valign=\"top\" width=\"264\">Rango de vida \u00fatil:<\/td>\n<td valign=\"top\" width=\"410\"><span id=\"ext-gen12640\">2 years at 4<sup>o<\/sup>C to 25<sup>o<\/sup>C, (39<sup>o<\/sup>F to 77<sup>o<\/sup>F)<\/span><\/td>\n<\/tr>\n<tr>\n<td width=\"34\">\n<p align=\"center\">i<\/p>\n<\/td>\n<td valign=\"top\" width=\"264\">Vida de servicio:<\/td>\n<td valign=\"top\" width=\"410\">2 years<\/td>\n<\/tr>\n<\/tbody>\n<\/table>\n<p style=\"margin: 0in;\"><span style=\"font-size: 11.0pt; font-family: 'Bahnschrift',sans-serif;\">Productos relacionados<\/span><\/p>\n<p style=\"margin: 0in;\"><span style=\"font-size: 11.0pt; font-family: 'Bahnschrift',sans-serif;\"><a href=\"https:\/\/www.chemteq.net\/es\/producto\/hydrogen-sulfide-filter-breakthrough-indicator-waterproof\/\" target=\"_blank\" rel=\"noopener\">Hydrogen Sulfide BTI<\/a>. Indicador de cambio de filtro tipo tambor Enlace \u00fatil<\/span><\/p>\n<p style=\"margin: 0in;\"><span style=\"font-size: 11.0pt; font-family: 'Bahnschrift',sans-serif;\">Enlaces \u00fatiles<\/span><\/p>\n<p style=\"margin: 0in;\"><a href=\"https:\/\/www.cdc.gov\/niosh\/npg\/npgd0337.html\" target=\"_blank\" rel=\"noopener\"><span style=\"font-size: 11.0pt; font-family: 'Bahnschrift',sans-serif;\">NIOSH<\/span><\/a><\/p>\n<p>Hydrogen Sulfide Filter Breakthrough-Indicator Sticker Waterproof\u2013 BTIS<\/p>","protected":false},"excerpt":{"rendered":"<p>Caracter\u00edsticas del producto<br \/>\nL\u00edmite m\u00ednimo detectable: 1ppm\u2022hr<br \/>\nCambio de color: verde a negro<br \/>\nDimensions: 2.8mm (0.11in), diameter: 31.8mm (1.25in)<br \/>\nService life: 2 Years<\/p>","protected":false},"featured_media":1935,"template":"","meta":{"_acf_changed":false,"site-sidebar-layout":"default","site-content-layout":"default","ast-site-content-layout":"","site-content-style":"default","site-sidebar-style":"default","ast-global-header-display":"","ast-banner-title-visibility":"","ast-main-header-display":"","ast-hfb-above-header-display":"","ast-hfb-below-header-display":"","ast-hfb-mobile-header-display":"","site-post-title":"","ast-breadcrumbs-content":"","ast-featured-img":"","footer-sml-layout":"","theme-transparent-header-meta":"default","adv-header-id-meta":"","stick-header-meta":"default","header-above-stick-meta":"","header-main-stick-meta":"","header-below-stick-meta":"","astra-migrate-meta-layouts":"default","ast-page-background-enabled":"default","ast-page-background-meta":{"desktop":{"background-color":"","background-image":"","background-repeat":"repeat","background-position":"center center","background-size":"auto","background-attachment":"scroll","background-type":"","background-media":"","overlay-type":"","overlay-color":"","overlay-opacity":"","overlay-gradient":""},"tablet":{"background-color":"","background-image":"","background-repeat":"repeat","background-position":"center center","background-size":"auto","background-attachment":"scroll","background-type":"","background-media":"","overlay-type":"","overlay-color":"","overlay-opacity":"","overlay-gradient":""},"mobile":{"background-color":"","background-image":"","background-repeat":"repeat","background-position":"center center","background-size":"auto","background-attachment":"scroll","background-type":"","background-media":"","overlay-type":"","overlay-color":"","overlay-opacity":"","overlay-gradient":""}},"ast-content-background-meta":{"desktop":{"background-color":"var(--ast-global-color-5)","background-image":"","background-repeat":"repeat","background-position":"center center","background-size":"auto","background-attachment":"scroll","background-type":"","background-media":"","overlay-type":"","overlay-color":"","overlay-opacity":"","overlay-gradient":""},"tablet":{"background-color":"var(--ast-global-color-5)","background-image":"","background-repeat":"repeat","background-position":"center center","background-size":"auto","background-attachment":"scroll","background-type":"","background-media":"","overlay-type":"","overlay-color":"","overlay-opacity":"","overlay-gradient":""},"mobile":{"background-color":"var(--ast-global-color-5)","background-image":"","background-repeat":"repeat","background-position":"center center","background-size":"auto","background-attachment":"scroll","background-type":"","background-media":"","overlay-type":"","overlay-color":"","overlay-opacity":"","overlay-gradient":""}}},"product_brand":[],"product_cat":[51],"product_tag":[78,66,65,61],"class_list":{"0":"post-1569","1":"product","2":"type-product","3":"status-publish","4":"has-post-thumbnail","6":"product_cat-btis-breakthrough-indicator-stickers","7":"product_tag-chemical-industries-emission-control-products","8":"product_tag-food-and-brewing-emission-control","9":"product_tag-odor-emission-control-products","10":"product_tag-wastewater-treatment-emission-control-products","11":"desktop-align-left","12":"tablet-align-left","13":"mobile-align-left","14":"ast-product-gallery-layout-horizontal","15":"ast-product-gallery-with-no-image","16":"ast-product-tabs-layout-horizontal","18":"first","19":"instock","20":"taxable","21":"shipping-taxable","22":"purchasable","23":"product-type-simple"},"acf":[],"yoast_head":"<!-- This site is optimized with the Yoast SEO plugin v27.4 - https:\/\/yoast.com\/product\/yoast-seo-wordpress\/ -->\n<title>Hydrogen Sulfide Filter Breakthrough-Indicator Sticker Waterproof\u2013 BTIS<\/title>\n<meta name=\"description\" content=\"Hydrogen Sulfide Filter Breakthrough-Indicator Sticker Waterproof\u2013 BTIS for ductless hood &amp; fume extractor filters. Reliable\" \/>\n<meta name=\"robots\" content=\"index, follow, max-snippet:-1, max-image-preview:large, max-video-preview:-1\" \/>\n<link rel=\"canonical\" href=\"https:\/\/www.chemteq.net\/es\/producto\/hydrogen-sulfide-filter-breakthrough-indicator-sticker-waterproof-btis\/\" \/>\n<meta property=\"og:locale\" content=\"es_ES\" \/>\n<meta property=\"og:type\" content=\"article\" \/>\n<meta property=\"og:title\" content=\"Hydrogen Sulfide Filter Breakthrough-Indicator Sticker Waterproof\u2013 BTIS\" \/>\n<meta property=\"og:description\" content=\"Hydrogen Sulfide Filter Breakthrough-Indicator Sticker Waterproof\u2013 BTIS for ductless hood &amp; fume extractor filters. Reliable\" \/>\n<meta property=\"og:url\" content=\"https:\/\/www.chemteq.net\/es\/producto\/hydrogen-sulfide-filter-breakthrough-indicator-sticker-waterproof-btis\/\" \/>\n<meta property=\"og:site_name\" content=\"Chemteq Inc.\" \/>\n<meta property=\"article:modified_time\" content=\"2023-07-19T04:16:16+00:00\" \/>\n<meta property=\"og:image\" content=\"https:\/\/www.chemteq.net\/wp-content\/uploads\/2021\/04\/Hydrogen-Sulfide-Filter-Breakthrough-Indicator-Sticker-Waterproof\u2013-BTIS-scaled.jpg\" \/>\n\t<meta property=\"og:image:width\" content=\"2560\" \/>\n\t<meta property=\"og:image:height\" content=\"1829\" \/>\n\t<meta property=\"og:image:type\" content=\"image\/jpeg\" \/>\n<meta name=\"twitter:card\" content=\"summary_large_image\" \/>\n<meta name=\"twitter:title\" content=\"Hydrogen Sulfide Filter Breakthrough-Indicator Sticker Waterproof\u2013 BTIS\" \/>\n<meta name=\"twitter:description\" content=\"Hydrogen Sulfide Filter Breakthrough-Indicator Sticker Waterproof\u2013 BTIS for ductless hood &amp; fume extractor filters. Reliable\" \/>\n<meta name=\"twitter:image\" content=\"https:\/\/www.chemteq.net\/wp-content\/uploads\/2021\/04\/Hydrogen-Sulfide-Filter-Breakthrough-Indicator-Sticker-Waterproof\u2013-BTIS-scaled.jpg\" \/>\n<meta name=\"twitter:label1\" content=\"Tiempo de lectura\" \/>\n\t<meta name=\"twitter:data1\" content=\"1 minuto\" \/>\n<script type=\"application\/ld+json\" class=\"yoast-schema-graph\">{\"@context\":\"https:\\\/\\\/schema.org\",\"@graph\":[{\"@type\":\"WebPage\",\"@id\":\"https:\\\/\\\/www.chemteq.net\\\/product\\\/hydrogen-sulfide-filter-breakthrough-indicator-sticker-waterproof-btis\\\/\",\"url\":\"https:\\\/\\\/www.chemteq.net\\\/product\\\/hydrogen-sulfide-filter-breakthrough-indicator-sticker-waterproof-btis\\\/\",\"name\":\"Hydrogen Sulfide Filter Breakthrough-Indicator Sticker Waterproof\u2013 BTIS\",\"isPartOf\":{\"@id\":\"https:\\\/\\\/www.chemteq.net\\\/#website\"},\"primaryImageOfPage\":{\"@id\":\"https:\\\/\\\/www.chemteq.net\\\/product\\\/hydrogen-sulfide-filter-breakthrough-indicator-sticker-waterproof-btis\\\/#primaryimage\"},\"image\":{\"@id\":\"https:\\\/\\\/www.chemteq.net\\\/product\\\/hydrogen-sulfide-filter-breakthrough-indicator-sticker-waterproof-btis\\\/#primaryimage\"},\"thumbnailUrl\":\"https:\\\/\\\/www.chemteq.net\\\/wp-content\\\/uploads\\\/2021\\\/04\\\/Hydrogen-Sulfide-BTIS-WP-050721.jpg\",\"datePublished\":\"2021-04-27T14:16:42+00:00\",\"dateModified\":\"2023-07-19T04:16:16+00:00\",\"description\":\"Hydrogen Sulfide Filter Breakthrough-Indicator Sticker Waterproof\u2013 BTIS for ductless hood & fume extractor filters. Reliable\",\"breadcrumb\":{\"@id\":\"https:\\\/\\\/www.chemteq.net\\\/product\\\/hydrogen-sulfide-filter-breakthrough-indicator-sticker-waterproof-btis\\\/#breadcrumb\"},\"inLanguage\":\"es\",\"potentialAction\":[{\"@type\":\"ReadAction\",\"target\":[\"https:\\\/\\\/www.chemteq.net\\\/product\\\/hydrogen-sulfide-filter-breakthrough-indicator-sticker-waterproof-btis\\\/\"]}]},{\"@type\":\"ImageObject\",\"inLanguage\":\"es\",\"@id\":\"https:\\\/\\\/www.chemteq.net\\\/product\\\/hydrogen-sulfide-filter-breakthrough-indicator-sticker-waterproof-btis\\\/#primaryimage\",\"url\":\"https:\\\/\\\/www.chemteq.net\\\/wp-content\\\/uploads\\\/2021\\\/04\\\/Hydrogen-Sulfide-BTIS-WP-050721.jpg\",\"contentUrl\":\"https:\\\/\\\/www.chemteq.net\\\/wp-content\\\/uploads\\\/2021\\\/04\\\/Hydrogen-Sulfide-BTIS-WP-050721.jpg\",\"width\":1696,\"height\":1702,\"caption\":\"Hydrogen Sulfide Filter Breakthrough-Indicator Sticker Waterproof\u2013 BTIS\"},{\"@type\":\"BreadcrumbList\",\"@id\":\"https:\\\/\\\/www.chemteq.net\\\/product\\\/hydrogen-sulfide-filter-breakthrough-indicator-sticker-waterproof-btis\\\/#breadcrumb\",\"itemListElement\":[{\"@type\":\"ListItem\",\"position\":1,\"name\":\"Home\",\"item\":\"https:\\\/\\\/www.chemteq.net\\\/\"},{\"@type\":\"ListItem\",\"position\":2,\"name\":\"Products\",\"item\":\"https:\\\/\\\/www.chemteq.net\\\/products\\\/\"},{\"@type\":\"ListItem\",\"position\":3,\"name\":\"Hydrogen Sulfide Filter Breakthrough-Indicator Sticker Waterproof \u2013 BTIS\"}]},{\"@type\":\"WebSite\",\"@id\":\"https:\\\/\\\/www.chemteq.net\\\/#website\",\"url\":\"https:\\\/\\\/www.chemteq.net\\\/\",\"name\":\"Chemteq Inc.\",\"description\":\"High Quality And Reliable Devices To Serve Health, Safety And Industrial Hygiene\",\"publisher\":{\"@id\":\"https:\\\/\\\/www.chemteq.net\\\/#organization\"},\"potentialAction\":[{\"@type\":\"SearchAction\",\"target\":{\"@type\":\"EntryPoint\",\"urlTemplate\":\"https:\\\/\\\/www.chemteq.net\\\/?s={search_term_string}\"},\"query-input\":{\"@type\":\"PropertyValueSpecification\",\"valueRequired\":true,\"valueName\":\"search_term_string\"}}],\"inLanguage\":\"es\"},{\"@type\":\"Organization\",\"@id\":\"https:\\\/\\\/www.chemteq.net\\\/#organization\",\"name\":\"Chemteq Inc.\",\"url\":\"https:\\\/\\\/www.chemteq.net\\\/\",\"logo\":{\"@type\":\"ImageObject\",\"inLanguage\":\"es\",\"@id\":\"https:\\\/\\\/www.chemteq.net\\\/#\\\/schema\\\/logo\\\/image\\\/\",\"url\":\"https:\\\/\\\/www.chemteq.net\\\/wp-content\\\/uploads\\\/2021\\\/04\\\/ChemteqLogo0112239041421-scaled.jpg\",\"contentUrl\":\"https:\\\/\\\/www.chemteq.net\\\/wp-content\\\/uploads\\\/2021\\\/04\\\/ChemteqLogo0112239041421-scaled.jpg\",\"width\":2560,\"height\":574,\"caption\":\"Chemteq Inc.\"},\"image\":{\"@id\":\"https:\\\/\\\/www.chemteq.net\\\/#\\\/schema\\\/logo\\\/image\\\/\"}}]}<\/script>\n<!-- \/ Yoast SEO plugin. -->","yoast_head_json":{"title":"Hydrogen Sulfide Filter Breakthrough-Indicator Sticker Waterproof\u2013 BTIS","description":"Hydrogen Sulfide Filter Breakthrough-Indicator Sticker Waterproof\u2013 BTIS for ductless hood & fume extractor filters. Reliable","robots":{"index":"index","follow":"follow","max-snippet":"max-snippet:-1","max-image-preview":"max-image-preview:large","max-video-preview":"max-video-preview:-1"},"canonical":"https:\/\/www.chemteq.net\/es\/producto\/hydrogen-sulfide-filter-breakthrough-indicator-sticker-waterproof-btis\/","og_locale":"es_ES","og_type":"article","og_title":"Hydrogen Sulfide Filter Breakthrough-Indicator Sticker Waterproof\u2013 BTIS","og_description":"Hydrogen Sulfide Filter Breakthrough-Indicator Sticker Waterproof\u2013 BTIS for ductless hood & fume extractor filters. Reliable","og_url":"https:\/\/www.chemteq.net\/es\/producto\/hydrogen-sulfide-filter-breakthrough-indicator-sticker-waterproof-btis\/","og_site_name":"Chemteq Inc.","article_modified_time":"2023-07-19T04:16:16+00:00","og_image":[{"width":2560,"height":1829,"url":"https:\/\/www.chemteq.net\/wp-content\/uploads\/2021\/04\/Hydrogen-Sulfide-Filter-Breakthrough-Indicator-Sticker-Waterproof\u2013-BTIS-scaled.jpg","type":"image\/jpeg"}],"twitter_card":"summary_large_image","twitter_title":"Hydrogen Sulfide Filter Breakthrough-Indicator Sticker Waterproof\u2013 BTIS","twitter_description":"Hydrogen Sulfide Filter Breakthrough-Indicator Sticker Waterproof\u2013 BTIS for ductless hood & fume extractor filters. Reliable","twitter_image":"https:\/\/www.chemteq.net\/wp-content\/uploads\/2021\/04\/Hydrogen-Sulfide-Filter-Breakthrough-Indicator-Sticker-Waterproof\u2013-BTIS-scaled.jpg","twitter_misc":{"Tiempo de lectura":"1 minuto"},"schema":{"@context":"https:\/\/schema.org","@graph":[{"@type":"WebPage","@id":"https:\/\/www.chemteq.net\/product\/hydrogen-sulfide-filter-breakthrough-indicator-sticker-waterproof-btis\/","url":"https:\/\/www.chemteq.net\/product\/hydrogen-sulfide-filter-breakthrough-indicator-sticker-waterproof-btis\/","name":"Hydrogen Sulfide Filter Breakthrough-Indicator Sticker Waterproof\u2013 BTIS","isPartOf":{"@id":"https:\/\/www.chemteq.net\/#website"},"primaryImageOfPage":{"@id":"https:\/\/www.chemteq.net\/product\/hydrogen-sulfide-filter-breakthrough-indicator-sticker-waterproof-btis\/#primaryimage"},"image":{"@id":"https:\/\/www.chemteq.net\/product\/hydrogen-sulfide-filter-breakthrough-indicator-sticker-waterproof-btis\/#primaryimage"},"thumbnailUrl":"https:\/\/www.chemteq.net\/wp-content\/uploads\/2021\/04\/Hydrogen-Sulfide-BTIS-WP-050721.jpg","datePublished":"2021-04-27T14:16:42+00:00","dateModified":"2023-07-19T04:16:16+00:00","description":"Hydrogen Sulfide Filter Breakthrough-Indicator Sticker Waterproof\u2013 BTIS for ductless hood & fume extractor filters. Reliable","breadcrumb":{"@id":"https:\/\/www.chemteq.net\/product\/hydrogen-sulfide-filter-breakthrough-indicator-sticker-waterproof-btis\/#breadcrumb"},"inLanguage":"es","potentialAction":[{"@type":"ReadAction","target":["https:\/\/www.chemteq.net\/product\/hydrogen-sulfide-filter-breakthrough-indicator-sticker-waterproof-btis\/"]}]},{"@type":"ImageObject","inLanguage":"es","@id":"https:\/\/www.chemteq.net\/product\/hydrogen-sulfide-filter-breakthrough-indicator-sticker-waterproof-btis\/#primaryimage","url":"https:\/\/www.chemteq.net\/wp-content\/uploads\/2021\/04\/Hydrogen-Sulfide-BTIS-WP-050721.jpg","contentUrl":"https:\/\/www.chemteq.net\/wp-content\/uploads\/2021\/04\/Hydrogen-Sulfide-BTIS-WP-050721.jpg","width":1696,"height":1702,"caption":"Hydrogen Sulfide Filter Breakthrough-Indicator Sticker Waterproof\u2013 BTIS"},{"@type":"BreadcrumbList","@id":"https:\/\/www.chemteq.net\/product\/hydrogen-sulfide-filter-breakthrough-indicator-sticker-waterproof-btis\/#breadcrumb","itemListElement":[{"@type":"ListItem","position":1,"name":"Home","item":"https:\/\/www.chemteq.net\/"},{"@type":"ListItem","position":2,"name":"Products","item":"https:\/\/www.chemteq.net\/products\/"},{"@type":"ListItem","position":3,"name":"Hydrogen Sulfide Filter Breakthrough-Indicator Sticker Waterproof \u2013 BTIS"}]},{"@type":"WebSite","@id":"https:\/\/www.chemteq.net\/#website","url":"https:\/\/www.chemteq.net\/","name":"Chemteq Inc.","description":"High Quality And Reliable Devices To Serve Health, Safety And Industrial Hygiene","publisher":{"@id":"https:\/\/www.chemteq.net\/#organization"},"potentialAction":[{"@type":"SearchAction","target":{"@type":"EntryPoint","urlTemplate":"https:\/\/www.chemteq.net\/?s={search_term_string}"},"query-input":{"@type":"PropertyValueSpecification","valueRequired":true,"valueName":"search_term_string"}}],"inLanguage":"es"},{"@type":"Organization","@id":"https:\/\/www.chemteq.net\/#organization","name":"Chemteq Inc.","url":"https:\/\/www.chemteq.net\/","logo":{"@type":"ImageObject","inLanguage":"es","@id":"https:\/\/www.chemteq.net\/#\/schema\/logo\/image\/","url":"https:\/\/www.chemteq.net\/wp-content\/uploads\/2021\/04\/ChemteqLogo0112239041421-scaled.jpg","contentUrl":"https:\/\/www.chemteq.net\/wp-content\/uploads\/2021\/04\/ChemteqLogo0112239041421-scaled.jpg","width":2560,"height":574,"caption":"Chemteq Inc."},"image":{"@id":"https:\/\/www.chemteq.net\/#\/schema\/logo\/image\/"}}]}},"_links":{"self":[{"href":"https:\/\/www.chemteq.net\/es\/wp-json\/wp\/v2\/product\/1569","targetHints":{"allow":["GET"]}}],"collection":[{"href":"https:\/\/www.chemteq.net\/es\/wp-json\/wp\/v2\/product"}],"about":[{"href":"https:\/\/www.chemteq.net\/es\/wp-json\/wp\/v2\/types\/product"}],"wp:featuredmedia":[{"embeddable":true,"href":"https:\/\/www.chemteq.net\/es\/wp-json\/wp\/v2\/media\/1935"}],"wp:attachment":[{"href":"https:\/\/www.chemteq.net\/es\/wp-json\/wp\/v2\/media?parent=1569"}],"wp:term":[{"taxonomy":"product_brand","embeddable":true,"href":"https:\/\/www.chemteq.net\/es\/wp-json\/wp\/v2\/product_brand?post=1569"},{"taxonomy":"product_cat","embeddable":true,"href":"https:\/\/www.chemteq.net\/es\/wp-json\/wp\/v2\/product_cat?post=1569"},{"taxonomy":"product_tag","embeddable":true,"href":"https:\/\/www.chemteq.net\/es\/wp-json\/wp\/v2\/product_tag?post=1569"}],"curies":[{"name":"wp","href":"https:\/\/api.w.org\/{rel}","templated":true}]}}