{"id":1542,"date":"2021-04-27T13:52:55","date_gmt":"2021-04-27T13:52:55","guid":{"rendered":"http:\/\/chemteqinc.wpengine.com\/?post_type=product&#038;p=1542"},"modified":"2023-07-19T04:17:39","modified_gmt":"2023-07-19T04:17:39","slug":"ammonia-hydrogen-sulfide-filter-breakthrough-indicator-sticker-btis","status":"publish","type":"product","link":"https:\/\/www.chemteq.net\/es\/producto\/ammonia-hydrogen-sulfide-filter-breakthrough-indicator-sticker-btis\/","title":{"rendered":"Ammonia &#038; Hydrogen Sulfide Filter Breakthrough Indicator Sticker\u2013 BTIS"},"content":{"rendered":"<p>Ammonia &amp; Hydrogen Sulfide Filter Breakthrough-Indicator-Sticker \u2013 BTIS &#8211; PN 1180000. Filter change indicator for ductless hood and fume extractors filters. Unique design of the indicator prevents any color change due to exposure to contaminants in the surrounding environment and changes color only when filter is saturated. Protects from espouser to toxic chemical and allow you to get the most use of your filter.<\/p>\n<p>\u00bfC\u00f3mo utilizar el BTIS? A. Retire el forro protector adhesivo de la parte inferior de la etiqueta. B. Fije al centro del \u00e1rea limpia de la salida del filtro con el \u00e1rea de lectura (superficie brillante) de la etiqueta hacia arriba.<\/p>\n<div>\n<div><b>Especificaciones del producto<\/b><\/div>\n<table border=\"0\" cellspacing=\"0\" cellpadding=\"0\">\n<tbody>\n<tr>\n<td width=\"32\">\n<p align=\"center\">a<\/p>\n<\/td>\n<td valign=\"top\" width=\"265\">Peso:<\/td>\n<td valign=\"top\" width=\"423\">0.4g (0.02oz)<\/td>\n<\/tr>\n<tr>\n<td width=\"32\">\n<p align=\"center\">b<\/p>\n<\/td>\n<td valign=\"top\" width=\"265\">Dimensiones:<\/td>\n<td valign=\"top\" width=\"423\">2.8mm (0.11in), diameter: 31.8mm (1.25in)<\/td>\n<\/tr>\n<tr>\n<td width=\"32\">\n<p align=\"center\">c<\/p>\n<\/td>\n<td valign=\"top\" width=\"265\">Rango de temperatura:<\/td>\n<td valign=\"top\" width=\"423\">-20<sup>o<\/sup>C to 55<sup>o<\/sup>C (-4<sup>o<\/sup>F to 131<sup>o<\/sup>F)<\/td>\n<\/tr>\n<tr>\n<td width=\"32\">\n<p align=\"center\">d<\/p>\n<\/td>\n<td valign=\"top\" width=\"265\">Humedad de funcionamiento: gth:<\/td>\n<td valign=\"top\" width=\"423\">5% RH to 85%RH<\/td>\n<\/tr>\n<tr>\n<td width=\"32\">\n<p align=\"center\">e<\/p>\n<\/td>\n<td valign=\"top\" width=\"265\">L\u00edmite m\u00ednimo detectable:<\/td>\n<td valign=\"top\" width=\"423\">Ammonia: 10ppm\u2022hr at 30 cm\/sec face velocity<\/p>\n<p>Hydrogen Sulfide: 1ppm\u2022min at 30 cm\/sec face velocity<\/td>\n<\/tr>\n<tr>\n<td width=\"32\">\n<p align=\"center\">f<\/p>\n<\/td>\n<td valign=\"top\" width=\"265\">Cambio de color:<\/td>\n<td valign=\"top\" width=\"423\">Light blue to black or dark blue<\/td>\n<\/tr>\n<tr>\n<td width=\"32\">\n<p align=\"center\">g<\/p>\n<\/td>\n<td valign=\"top\" width=\"265\">Rango de temperatura:<\/td>\n<td valign=\"top\" width=\"423\">4<sup>o<\/sup>C to 25<sup>o<\/sup>C, (39<sup>o<\/sup>F to 77<sup>o<\/sup>F)<\/td>\n<\/tr>\n<tr>\n<td width=\"32\">\n<p align=\"center\">h<\/p>\n<\/td>\n<td valign=\"top\" width=\"265\">Rango de vida \u00fatil:<\/td>\n<td valign=\"top\" width=\"423\">2 years at 4<sup>o<\/sup>C to 25<sup>o<\/sup>C, (39<sup>o<\/sup>F to 77<sup>o<\/sup>F)<\/td>\n<\/tr>\n<tr>\n<td width=\"32\">\n<p align=\"center\">i<\/p>\n<\/td>\n<td valign=\"top\" width=\"265\">Vida de servicio:<\/td>\n<td valign=\"top\" width=\"423\">2 years<\/td>\n<\/tr>\n<\/tbody>\n<\/table>\n<\/div>\n<div>\n<p style=\"margin: 0in;\"><span style=\"font-size: 11.0pt; font-family: 'Bahnschrift',sans-serif;\">Related Product<\/span><\/p>\n<p style=\"margin: 0in;\"><span style=\"font-size: 11.0pt; font-family: 'Bahnschrift',sans-serif;\"><a href=\"https:\/\/www.chemteq.net\/es\/producto\/ammonia-hydrogen-sulfide-breakthrough-saturation-indicator\/\" target=\"_blank\" rel=\"noopener\">Ammonia &amp; Hydrogen Sulfide BTI<\/a>. Indicador de cambio de filtro tipo tambor Enlace \u00fatil<\/span><\/p>\n<p style=\"margin: 0in;\"><span style=\"font-size: 11.0pt; font-family: 'Bahnschrift',sans-serif;\">Enlaces \u00fatiles<\/span><\/p>\n<p style=\"margin: 0in;\"><a href=\"https:\/\/www.cdc.gov\/niosh\/npg\/default.html\" target=\"_blank\" rel=\"noopener\"><span style=\"font-size: 11.0pt; font-family: 'Bahnschrift',sans-serif;\">NIOSH<\/span><\/a><\/p>\n<p style=\"margin: 0in;\"><span style=\"font-size: 11.0pt; font-family: 'Bahnschrift',sans-serif;\">Ammonia &amp; Hydrogen Sulfide Filter Breakthrough-Indicator-Sticker<br \/>\n<\/span><\/p>\n<\/div>","protected":false},"excerpt":{"rendered":"<p>Caracter\u00edsticas del producto<br \/>\nL\u00edmite m\u00ednimo detectable:<br \/>\nHydrogen Sulfide 1ppm\u2022min<br \/>\nAmmonia 10ppm\u2022hr.<br \/>\nColor Change: Light blue to black or dark blue<br \/>\nDimensions: 2.8mm (0.11in), diameter: 31.8mm (1.25in)<br \/>\nVida \u00fatil: 2 a\u00f1os<\/p>","protected":false},"featured_media":2072,"template":"","meta":{"_acf_changed":false,"site-sidebar-layout":"default","site-content-layout":"default","ast-site-content-layout":"","site-content-style":"default","site-sidebar-style":"default","ast-global-header-display":"","ast-banner-title-visibility":"","ast-main-header-display":"","ast-hfb-above-header-display":"","ast-hfb-below-header-display":"","ast-hfb-mobile-header-display":"","site-post-title":"","ast-breadcrumbs-content":"","ast-featured-img":"","footer-sml-layout":"","theme-transparent-header-meta":"default","adv-header-id-meta":"","stick-header-meta":"default","header-above-stick-meta":"","header-main-stick-meta":"","header-below-stick-meta":"","astra-migrate-meta-layouts":"default","ast-page-background-enabled":"default","ast-page-background-meta":{"desktop":{"background-color":"","background-image":"","background-repeat":"repeat","background-position":"center center","background-size":"auto","background-attachment":"scroll","background-type":"","background-media":"","overlay-type":"","overlay-color":"","overlay-opacity":"","overlay-gradient":""},"tablet":{"background-color":"","background-image":"","background-repeat":"repeat","background-position":"center center","background-size":"auto","background-attachment":"scroll","background-type":"","background-media":"","overlay-type":"","overlay-color":"","overlay-opacity":"","overlay-gradient":""},"mobile":{"background-color":"","background-image":"","background-repeat":"repeat","background-position":"center center","background-size":"auto","background-attachment":"scroll","background-type":"","background-media":"","overlay-type":"","overlay-color":"","overlay-opacity":"","overlay-gradient":""}},"ast-content-background-meta":{"desktop":{"background-color":"var(--ast-global-color-5)","background-image":"","background-repeat":"repeat","background-position":"center center","background-size":"auto","background-attachment":"scroll","background-type":"","background-media":"","overlay-type":"","overlay-color":"","overlay-opacity":"","overlay-gradient":""},"tablet":{"background-color":"var(--ast-global-color-5)","background-image":"","background-repeat":"repeat","background-position":"center center","background-size":"auto","background-attachment":"scroll","background-type":"","background-media":"","overlay-type":"","overlay-color":"","overlay-opacity":"","overlay-gradient":""},"mobile":{"background-color":"var(--ast-global-color-5)","background-image":"","background-repeat":"repeat","background-position":"center center","background-size":"auto","background-attachment":"scroll","background-type":"","background-media":"","overlay-type":"","overlay-color":"","overlay-opacity":"","overlay-gradient":""}}},"product_brand":[],"product_cat":[51],"product_tag":[78,69,68,61],"class_list":{"0":"post-1542","1":"product","2":"type-product","3":"status-publish","4":"has-post-thumbnail","6":"product_cat-btis-breakthrough-indicator-stickers","7":"product_tag-chemical-industries-emission-control-products","8":"product_tag-laboratories-emission-control-products","9":"product_tag-life-sciences-emission-control-products","10":"product_tag-wastewater-treatment-emission-control-products","11":"desktop-align-left","12":"tablet-align-left","13":"mobile-align-left","14":"ast-product-gallery-layout-horizontal","15":"ast-product-gallery-with-no-image","16":"ast-product-tabs-layout-horizontal","18":"first","19":"instock","20":"taxable","21":"shipping-taxable","22":"purchasable","23":"product-type-simple"},"acf":[],"yoast_head":"<!-- This site is optimized with the Yoast SEO plugin v27.4 - https:\/\/yoast.com\/product\/yoast-seo-wordpress\/ -->\n<title>Ammonia &amp; Hydrogen Sulfide Filter Breakthrough-Indicator-Sticker<\/title>\n<meta name=\"description\" content=\"Ammonia &amp; Hydrogen Sulfide Filter Breakthrough-Indicator-Sticker \u2013 BTIS for ductless hood &amp; fume extractor filter. Reliable &amp; cost effective.\" \/>\n<meta name=\"robots\" content=\"index, follow, max-snippet:-1, max-image-preview:large, max-video-preview:-1\" \/>\n<link rel=\"canonical\" href=\"https:\/\/www.chemteq.net\/es\/producto\/ammonia-hydrogen-sulfide-filter-breakthrough-indicator-sticker-btis\/\" \/>\n<meta property=\"og:locale\" content=\"es_ES\" \/>\n<meta property=\"og:type\" content=\"article\" \/>\n<meta property=\"og:title\" content=\"Ammonia &amp; Hydrogen Sulfide Filter Breakthrough-Indicator Sticker \u2013 BTIS\" \/>\n<meta property=\"og:description\" content=\"Ammonia &amp; Hydrogen Sulfide Filter Breakthrough-Indicator Sticker \u2013 BTIS for ductless hood &amp; fume extractor filter. Reliable &amp; cost effective.\" \/>\n<meta property=\"og:url\" content=\"https:\/\/www.chemteq.net\/es\/producto\/ammonia-hydrogen-sulfide-filter-breakthrough-indicator-sticker-btis\/\" \/>\n<meta property=\"og:site_name\" content=\"Chemteq Inc.\" \/>\n<meta property=\"article:modified_time\" content=\"2023-07-19T04:17:39+00:00\" \/>\n<meta property=\"og:image\" content=\"https:\/\/www.chemteq.net\/wp-content\/uploads\/2021\/04\/Ammonia-and-Hydrogen-Sulfide-Filter-Breakthrough-Indicator-Sticker-\u2013-BTIS-scaled.jpg\" \/>\n\t<meta property=\"og:image:width\" content=\"2560\" \/>\n\t<meta property=\"og:image:height\" content=\"1829\" \/>\n\t<meta property=\"og:image:type\" content=\"image\/jpeg\" \/>\n<meta name=\"twitter:card\" content=\"summary_large_image\" \/>\n<meta name=\"twitter:title\" content=\"Ammonia &amp; Hydrogen Sulfide Filter Breakthrough-Indicator Sticker \u2013 BTIS\" \/>\n<meta name=\"twitter:description\" content=\"Ammonia &amp; Hydrogen Sulfide Filter Breakthrough-Indicator Sticker \u2013 BTIS for ductless hood &amp; fume extractor filter. Reliable &amp; cost effective.\" \/>\n<meta name=\"twitter:image\" content=\"https:\/\/www.chemteq.net\/wp-content\/uploads\/2021\/04\/Ammonia-and-Hydrogen-Sulfide-Filter-Breakthrough-Indicator-Sticker-\u2013-BTIS-scaled.jpg\" \/>\n<meta name=\"twitter:label1\" content=\"Tiempo de lectura\" \/>\n\t<meta name=\"twitter:data1\" content=\"1 minuto\" \/>\n<script type=\"application\/ld+json\" class=\"yoast-schema-graph\">{\"@context\":\"https:\\\/\\\/schema.org\",\"@graph\":[{\"@type\":\"WebPage\",\"@id\":\"https:\\\/\\\/www.chemteq.net\\\/product\\\/ammonia-hydrogen-sulfide-filter-breakthrough-indicator-sticker-btis\\\/\",\"url\":\"https:\\\/\\\/www.chemteq.net\\\/product\\\/ammonia-hydrogen-sulfide-filter-breakthrough-indicator-sticker-btis\\\/\",\"name\":\"Ammonia & Hydrogen Sulfide Filter Breakthrough-Indicator-Sticker\",\"isPartOf\":{\"@id\":\"https:\\\/\\\/www.chemteq.net\\\/#website\"},\"primaryImageOfPage\":{\"@id\":\"https:\\\/\\\/www.chemteq.net\\\/product\\\/ammonia-hydrogen-sulfide-filter-breakthrough-indicator-sticker-btis\\\/#primaryimage\"},\"image\":{\"@id\":\"https:\\\/\\\/www.chemteq.net\\\/product\\\/ammonia-hydrogen-sulfide-filter-breakthrough-indicator-sticker-btis\\\/#primaryimage\"},\"thumbnailUrl\":\"https:\\\/\\\/www.chemteq.net\\\/wp-content\\\/uploads\\\/2021\\\/04\\\/Amm-and-hydrogen-sulfide-BTIS-unexp-051221.jpg\",\"datePublished\":\"2021-04-27T13:52:55+00:00\",\"dateModified\":\"2023-07-19T04:17:39+00:00\",\"description\":\"Ammonia & Hydrogen Sulfide Filter Breakthrough-Indicator-Sticker \u2013 BTIS for ductless hood & fume extractor filter. Reliable & cost effective.\",\"breadcrumb\":{\"@id\":\"https:\\\/\\\/www.chemteq.net\\\/product\\\/ammonia-hydrogen-sulfide-filter-breakthrough-indicator-sticker-btis\\\/#breadcrumb\"},\"inLanguage\":\"es\",\"potentialAction\":[{\"@type\":\"ReadAction\",\"target\":[\"https:\\\/\\\/www.chemteq.net\\\/product\\\/ammonia-hydrogen-sulfide-filter-breakthrough-indicator-sticker-btis\\\/\"]}]},{\"@type\":\"ImageObject\",\"inLanguage\":\"es\",\"@id\":\"https:\\\/\\\/www.chemteq.net\\\/product\\\/ammonia-hydrogen-sulfide-filter-breakthrough-indicator-sticker-btis\\\/#primaryimage\",\"url\":\"https:\\\/\\\/www.chemteq.net\\\/wp-content\\\/uploads\\\/2021\\\/04\\\/Amm-and-hydrogen-sulfide-BTIS-unexp-051221.jpg\",\"contentUrl\":\"https:\\\/\\\/www.chemteq.net\\\/wp-content\\\/uploads\\\/2021\\\/04\\\/Amm-and-hydrogen-sulfide-BTIS-unexp-051221.jpg\",\"width\":1800,\"height\":1793,\"caption\":\"Ammonia & Hydrogen Sulfide Filter Breakthrough-Indicator Sticker \u2013 BTIS for ductless hood & fume extractor filter\"},{\"@type\":\"BreadcrumbList\",\"@id\":\"https:\\\/\\\/www.chemteq.net\\\/product\\\/ammonia-hydrogen-sulfide-filter-breakthrough-indicator-sticker-btis\\\/#breadcrumb\",\"itemListElement\":[{\"@type\":\"ListItem\",\"position\":1,\"name\":\"Home\",\"item\":\"https:\\\/\\\/www.chemteq.net\\\/\"},{\"@type\":\"ListItem\",\"position\":2,\"name\":\"Products\",\"item\":\"https:\\\/\\\/www.chemteq.net\\\/products\\\/\"},{\"@type\":\"ListItem\",\"position\":3,\"name\":\"Ammonia &#038; Hydrogen Sulfide Filter Breakthrough Indicator Sticker\u2013 BTIS\"}]},{\"@type\":\"WebSite\",\"@id\":\"https:\\\/\\\/www.chemteq.net\\\/#website\",\"url\":\"https:\\\/\\\/www.chemteq.net\\\/\",\"name\":\"Chemteq Inc.\",\"description\":\"High Quality And Reliable Devices To Serve Health, Safety And Industrial Hygiene\",\"publisher\":{\"@id\":\"https:\\\/\\\/www.chemteq.net\\\/#organization\"},\"potentialAction\":[{\"@type\":\"SearchAction\",\"target\":{\"@type\":\"EntryPoint\",\"urlTemplate\":\"https:\\\/\\\/www.chemteq.net\\\/?s={search_term_string}\"},\"query-input\":{\"@type\":\"PropertyValueSpecification\",\"valueRequired\":true,\"valueName\":\"search_term_string\"}}],\"inLanguage\":\"es\"},{\"@type\":\"Organization\",\"@id\":\"https:\\\/\\\/www.chemteq.net\\\/#organization\",\"name\":\"Chemteq Inc.\",\"url\":\"https:\\\/\\\/www.chemteq.net\\\/\",\"logo\":{\"@type\":\"ImageObject\",\"inLanguage\":\"es\",\"@id\":\"https:\\\/\\\/www.chemteq.net\\\/#\\\/schema\\\/logo\\\/image\\\/\",\"url\":\"https:\\\/\\\/www.chemteq.net\\\/wp-content\\\/uploads\\\/2021\\\/04\\\/ChemteqLogo0112239041421-scaled.jpg\",\"contentUrl\":\"https:\\\/\\\/www.chemteq.net\\\/wp-content\\\/uploads\\\/2021\\\/04\\\/ChemteqLogo0112239041421-scaled.jpg\",\"width\":2560,\"height\":574,\"caption\":\"Chemteq Inc.\"},\"image\":{\"@id\":\"https:\\\/\\\/www.chemteq.net\\\/#\\\/schema\\\/logo\\\/image\\\/\"}}]}<\/script>\n<!-- \/ Yoast SEO plugin. -->","yoast_head_json":{"title":"Ammonia & Hydrogen Sulfide Filter Breakthrough-Indicator-Sticker","description":"Ammonia & Hydrogen Sulfide Filter Breakthrough-Indicator-Sticker \u2013 BTIS for ductless hood & fume extractor filter. Reliable & cost effective.","robots":{"index":"index","follow":"follow","max-snippet":"max-snippet:-1","max-image-preview":"max-image-preview:large","max-video-preview":"max-video-preview:-1"},"canonical":"https:\/\/www.chemteq.net\/es\/producto\/ammonia-hydrogen-sulfide-filter-breakthrough-indicator-sticker-btis\/","og_locale":"es_ES","og_type":"article","og_title":"Ammonia & Hydrogen Sulfide Filter Breakthrough-Indicator Sticker \u2013 BTIS","og_description":"Ammonia & Hydrogen Sulfide Filter Breakthrough-Indicator Sticker \u2013 BTIS for ductless hood & fume extractor filter. Reliable & cost effective.","og_url":"https:\/\/www.chemteq.net\/es\/producto\/ammonia-hydrogen-sulfide-filter-breakthrough-indicator-sticker-btis\/","og_site_name":"Chemteq Inc.","article_modified_time":"2023-07-19T04:17:39+00:00","og_image":[{"width":2560,"height":1829,"url":"https:\/\/www.chemteq.net\/wp-content\/uploads\/2021\/04\/Ammonia-and-Hydrogen-Sulfide-Filter-Breakthrough-Indicator-Sticker-\u2013-BTIS-scaled.jpg","type":"image\/jpeg"}],"twitter_card":"summary_large_image","twitter_title":"Ammonia & Hydrogen Sulfide Filter Breakthrough-Indicator Sticker \u2013 BTIS","twitter_description":"Ammonia & Hydrogen Sulfide Filter Breakthrough-Indicator Sticker \u2013 BTIS for ductless hood & fume extractor filter. Reliable & cost effective.","twitter_image":"https:\/\/www.chemteq.net\/wp-content\/uploads\/2021\/04\/Ammonia-and-Hydrogen-Sulfide-Filter-Breakthrough-Indicator-Sticker-\u2013-BTIS-scaled.jpg","twitter_misc":{"Tiempo de lectura":"1 minuto"},"schema":{"@context":"https:\/\/schema.org","@graph":[{"@type":"WebPage","@id":"https:\/\/www.chemteq.net\/product\/ammonia-hydrogen-sulfide-filter-breakthrough-indicator-sticker-btis\/","url":"https:\/\/www.chemteq.net\/product\/ammonia-hydrogen-sulfide-filter-breakthrough-indicator-sticker-btis\/","name":"Ammonia & Hydrogen Sulfide Filter Breakthrough-Indicator-Sticker","isPartOf":{"@id":"https:\/\/www.chemteq.net\/#website"},"primaryImageOfPage":{"@id":"https:\/\/www.chemteq.net\/product\/ammonia-hydrogen-sulfide-filter-breakthrough-indicator-sticker-btis\/#primaryimage"},"image":{"@id":"https:\/\/www.chemteq.net\/product\/ammonia-hydrogen-sulfide-filter-breakthrough-indicator-sticker-btis\/#primaryimage"},"thumbnailUrl":"https:\/\/www.chemteq.net\/wp-content\/uploads\/2021\/04\/Amm-and-hydrogen-sulfide-BTIS-unexp-051221.jpg","datePublished":"2021-04-27T13:52:55+00:00","dateModified":"2023-07-19T04:17:39+00:00","description":"Ammonia & Hydrogen Sulfide Filter Breakthrough-Indicator-Sticker \u2013 BTIS for ductless hood & fume extractor filter. Reliable & cost effective.","breadcrumb":{"@id":"https:\/\/www.chemteq.net\/product\/ammonia-hydrogen-sulfide-filter-breakthrough-indicator-sticker-btis\/#breadcrumb"},"inLanguage":"es","potentialAction":[{"@type":"ReadAction","target":["https:\/\/www.chemteq.net\/product\/ammonia-hydrogen-sulfide-filter-breakthrough-indicator-sticker-btis\/"]}]},{"@type":"ImageObject","inLanguage":"es","@id":"https:\/\/www.chemteq.net\/product\/ammonia-hydrogen-sulfide-filter-breakthrough-indicator-sticker-btis\/#primaryimage","url":"https:\/\/www.chemteq.net\/wp-content\/uploads\/2021\/04\/Amm-and-hydrogen-sulfide-BTIS-unexp-051221.jpg","contentUrl":"https:\/\/www.chemteq.net\/wp-content\/uploads\/2021\/04\/Amm-and-hydrogen-sulfide-BTIS-unexp-051221.jpg","width":1800,"height":1793,"caption":"Ammonia & Hydrogen Sulfide Filter Breakthrough-Indicator Sticker \u2013 BTIS for ductless hood & fume extractor filter"},{"@type":"BreadcrumbList","@id":"https:\/\/www.chemteq.net\/product\/ammonia-hydrogen-sulfide-filter-breakthrough-indicator-sticker-btis\/#breadcrumb","itemListElement":[{"@type":"ListItem","position":1,"name":"Home","item":"https:\/\/www.chemteq.net\/"},{"@type":"ListItem","position":2,"name":"Products","item":"https:\/\/www.chemteq.net\/products\/"},{"@type":"ListItem","position":3,"name":"Ammonia &#038; Hydrogen Sulfide Filter Breakthrough Indicator Sticker\u2013 BTIS"}]},{"@type":"WebSite","@id":"https:\/\/www.chemteq.net\/#website","url":"https:\/\/www.chemteq.net\/","name":"Chemteq Inc.","description":"High Quality And Reliable Devices To Serve Health, Safety And Industrial Hygiene","publisher":{"@id":"https:\/\/www.chemteq.net\/#organization"},"potentialAction":[{"@type":"SearchAction","target":{"@type":"EntryPoint","urlTemplate":"https:\/\/www.chemteq.net\/?s={search_term_string}"},"query-input":{"@type":"PropertyValueSpecification","valueRequired":true,"valueName":"search_term_string"}}],"inLanguage":"es"},{"@type":"Organization","@id":"https:\/\/www.chemteq.net\/#organization","name":"Chemteq Inc.","url":"https:\/\/www.chemteq.net\/","logo":{"@type":"ImageObject","inLanguage":"es","@id":"https:\/\/www.chemteq.net\/#\/schema\/logo\/image\/","url":"https:\/\/www.chemteq.net\/wp-content\/uploads\/2021\/04\/ChemteqLogo0112239041421-scaled.jpg","contentUrl":"https:\/\/www.chemteq.net\/wp-content\/uploads\/2021\/04\/ChemteqLogo0112239041421-scaled.jpg","width":2560,"height":574,"caption":"Chemteq Inc."},"image":{"@id":"https:\/\/www.chemteq.net\/#\/schema\/logo\/image\/"}}]}},"_links":{"self":[{"href":"https:\/\/www.chemteq.net\/es\/wp-json\/wp\/v2\/product\/1542","targetHints":{"allow":["GET"]}}],"collection":[{"href":"https:\/\/www.chemteq.net\/es\/wp-json\/wp\/v2\/product"}],"about":[{"href":"https:\/\/www.chemteq.net\/es\/wp-json\/wp\/v2\/types\/product"}],"wp:featuredmedia":[{"embeddable":true,"href":"https:\/\/www.chemteq.net\/es\/wp-json\/wp\/v2\/media\/2072"}],"wp:attachment":[{"href":"https:\/\/www.chemteq.net\/es\/wp-json\/wp\/v2\/media?parent=1542"}],"wp:term":[{"taxonomy":"product_brand","embeddable":true,"href":"https:\/\/www.chemteq.net\/es\/wp-json\/wp\/v2\/product_brand?post=1542"},{"taxonomy":"product_cat","embeddable":true,"href":"https:\/\/www.chemteq.net\/es\/wp-json\/wp\/v2\/product_cat?post=1542"},{"taxonomy":"product_tag","embeddable":true,"href":"https:\/\/www.chemteq.net\/es\/wp-json\/wp\/v2\/product_tag?post=1542"}],"curies":[{"name":"wp","href":"https:\/\/api.w.org\/{rel}","templated":true}]}}