{"id":1508,"date":"2021-04-27T13:07:17","date_gmt":"2021-04-27T13:07:17","guid":{"rendered":"http:\/\/chemteqinc.wpengine.com\/?post_type=product&#038;p=1508"},"modified":"2023-07-18T19:19:19","modified_gmt":"2023-07-18T19:19:19","slug":"glutaraldehyde-breakthrough-indicator-bti-aft","status":"publish","type":"product","link":"https:\/\/www.chemteq.net\/es\/producto\/glutaraldehyde-breakthrough-indicator-bti-aft\/","title":{"rendered":"Glutaraldehyde Breakthrough Indicator with Auxiliary Filter Trap (BTI AFT)"},"content":{"rendered":"<p>El indicador de penetraci\u00f3n de glutaraldeh\u00eddo (BTI-AFT) es un indicador de cambio de filtro con trampa de filtro auxiliar dise\u00f1ado para proporcionar una indicaci\u00f3n en tiempo real de la penetraci\u00f3n de glutaraldeh\u00eddo. El indicador est\u00e1 equipado con una trampa de filtro auxiliar para garantizar que no escapen gases o vapores al ambiente exterior mientras el indicador cambia de color.<\/p>\n<p>\u00bfC\u00f3mo funciona el BTI AFT?<\/p>\n<p>Cuando se consume el filtro, los gases y vapores t\u00f3xicos lo atraviesan. Luego, el aire contaminado ingresa al BTI AFT y reacciona qu\u00edmicamente con el sensor indicador. Produciendo un cambio de color v\u00edvido, alertando al usuario para cambiar el filtro.<\/p>\n<p>\u00bfC\u00f3mo utilizar el BTI AFT?<\/p>\n<ol>\n<li>Retire el tap\u00f3n rojo protector inferior de la parte inferior del indicador de avance.<\/li>\n<li>Atornille la rosca NPT macho en la parte inferior del indicador en la misma rosca hembra en la salida de su filtro.<\/li>\n<li>Reemplace el filtro cuando el indicador de avance cambie de color.<\/li>\n<\/ol>\n<p><a href=\"https:\/\/www.chemteq.net\/wp-content\/uploads\/2021\/04\/Chemteq-Filters-Breakthrough-Indicators-Leaflet-MP-915-5030-111421-A.pdf\">\u00bfPor qu\u00e9 es esencial usar el indicador de cambio de filtro y c\u00f3mo instalarlo en su filtro? \u2192<\/a><br \/>\n<a href=\"https:\/\/www.chemteq.net\/wp-content\/uploads\/2021\/04\/Chemteq-Filters-Breakthrough-Indicators-Leaflet-MP-915-5030-111421-A.pdf\">Aprende m\u00e1s<br \/>\n<\/a><\/p>\n<p>PN 672<\/p>\n<p><strong>Especificaciones del producto<\/strong><\/p>\n<table>\n<tbody>\n<tr>\n<td width=\"31\">a<\/td>\n<td width=\"233\">Peso:<\/td>\n<td width=\"360\">118g (4.2oz)<\/td>\n<\/tr>\n<tr>\n<td width=\"31\">b<\/td>\n<td width=\"233\">Dimensiones:<\/td>\n<td width=\"360\">Part A: 89.9mm (3.5in), diameter 24.5mm (1.0in<\/p>\n<p>Part B: 41mm (1.6in), diameter 81mm (3.2in)<\/td>\n<\/tr>\n<tr>\n<td width=\"31\">c<\/td>\n<td width=\"233\">Inlet dimensions:<\/td>\n<td width=\"360\">\u00be&#8221; MNPT<\/td>\n<\/tr>\n<tr>\n<td width=\"31\">d<\/td>\n<td width=\"233\">Rango de temperatura:<\/td>\n<td width=\"360\">4<sup>o<\/sup>C to 32<sup>o<\/sup>C (39<sup>o<\/sup>F to 89.6<sup>o<\/sup>F)<\/td>\n<\/tr>\n<tr>\n<td width=\"31\">e<\/td>\n<td width=\"233\">Humedad de funcionamiento: gth:<\/td>\n<td width=\"360\">5% RH to 85%RH<\/td>\n<\/tr>\n<tr>\n<td width=\"31\">f<\/td>\n<td width=\"233\">L\u00edmite m\u00ednimo detectable:<\/td>\n<td width=\"360\">0.5ppm.hr at 30 cm\/sec face velocity<\/td>\n<\/tr>\n<tr>\n<td width=\"31\">g<\/td>\n<td width=\"233\">Cambio de color:<\/td>\n<td width=\"360\">Light brown to dark cyan<\/td>\n<\/tr>\n<tr>\n<td width=\"31\">h<\/td>\n<td width=\"233\">Rango de temperatura:<\/td>\n<td width=\"360\">4<sup>o<\/sup>C to 25<sup>o<\/sup>C, (39<sup>o<\/sup>F to 77<sup>o<\/sup>F)<\/td>\n<\/tr>\n<tr>\n<td width=\"31\">i<\/td>\n<td width=\"233\">Rango de vida \u00fatil:<\/td>\n<td width=\"360\">1 year at 4<sup>o<\/sup>C to 25<sup>o<\/sup>C, (39<sup>o<\/sup>F to 77<sup>o<\/sup>F)<\/td>\n<\/tr>\n<tr>\n<td width=\"31\">j<\/td>\n<td width=\"233\">Vida de servicio:<\/td>\n<td width=\"360\">1 year<\/td>\n<\/tr>\n<\/tbody>\n<\/table>\n<p><a href=\"https:\/\/www.chemteq.net\/es\/producto\/glutaraldehyde-filter-breakthrough-indicator\/\" target=\"_blank\" rel=\"noopener\">Glutaraldehyde BTI<\/a>. Indicador de cambio de filtro tipo tambor Enlace \u00fatil<br \/>\n<a href=\"https:\/\/www.chemteq.net\/es\/producto\/glutaraldehyde-saturation-indicator-sticker-for-ductless-hood-filters\/\" target=\"_blank\" rel=\"noopener\">Glutaraldehyde BTIS<\/a>. para campana extractora sin conductos y filtros extractores de humos.<\/p>\n<p>Enlaces \u00fatiles<br \/>\n<a href=\"https:\/\/www.cdc.gov\/niosh\/npg\/npgd0301.html\" target=\"_blank\" rel=\"noopener\">NIOSH<\/a><\/p>\n<p>Indicador de avance de glutaraldeh\u00eddo (BTI-AFT)<\/p>","protected":false},"excerpt":{"rendered":"<p>Caracter\u00edsticas del producto<br \/>\nMinimum detectable limit: 0.5ppm.hr<br \/>\nColor Change: Light brown to dark cyan<br \/>\nDimensions: Part A: 89.9mm (3.5in), diameter 24.5mm (1.0in)<br \/>\nPart B: 41mm (1.6in), diameter 81mm (3.2in)<br \/>\nVida \u00fatil: 1 a\u00f1o<\/p>","protected":false},"featured_media":1998,"template":"","meta":{"_acf_changed":false,"site-sidebar-layout":"default","site-content-layout":"default","ast-site-content-layout":"","site-content-style":"default","site-sidebar-style":"default","ast-global-header-display":"","ast-banner-title-visibility":"","ast-main-header-display":"","ast-hfb-above-header-display":"","ast-hfb-below-header-display":"","ast-hfb-mobile-header-display":"","site-post-title":"","ast-breadcrumbs-content":"","ast-featured-img":"","footer-sml-layout":"","theme-transparent-header-meta":"default","adv-header-id-meta":"","stick-header-meta":"default","header-above-stick-meta":"","header-main-stick-meta":"","header-below-stick-meta":"","astra-migrate-meta-layouts":"default","ast-page-background-enabled":"default","ast-page-background-meta":{"desktop":{"background-color":"","background-image":"","background-repeat":"repeat","background-position":"center center","background-size":"auto","background-attachment":"scroll","background-type":"","background-media":"","overlay-type":"","overlay-color":"","overlay-opacity":"","overlay-gradient":""},"tablet":{"background-color":"","background-image":"","background-repeat":"repeat","background-position":"center center","background-size":"auto","background-attachment":"scroll","background-type":"","background-media":"","overlay-type":"","overlay-color":"","overlay-opacity":"","overlay-gradient":""},"mobile":{"background-color":"","background-image":"","background-repeat":"repeat","background-position":"center center","background-size":"auto","background-attachment":"scroll","background-type":"","background-media":"","overlay-type":"","overlay-color":"","overlay-opacity":"","overlay-gradient":""}},"ast-content-background-meta":{"desktop":{"background-color":"var(--ast-global-color-5)","background-image":"","background-repeat":"repeat","background-position":"center center","background-size":"auto","background-attachment":"scroll","background-type":"","background-media":"","overlay-type":"","overlay-color":"","overlay-opacity":"","overlay-gradient":""},"tablet":{"background-color":"var(--ast-global-color-5)","background-image":"","background-repeat":"repeat","background-position":"center center","background-size":"auto","background-attachment":"scroll","background-type":"","background-media":"","overlay-type":"","overlay-color":"","overlay-opacity":"","overlay-gradient":""},"mobile":{"background-color":"var(--ast-global-color-5)","background-image":"","background-repeat":"repeat","background-position":"center center","background-size":"auto","background-attachment":"scroll","background-type":"","background-media":"","overlay-type":"","overlay-color":"","overlay-opacity":"","overlay-gradient":""}}},"product_brand":[],"product_cat":[58],"product_tag":[69,68],"class_list":{"0":"post-1508","1":"product","2":"type-product","3":"status-publish","4":"has-post-thumbnail","6":"product_cat-bti-aft-breakthrough-indicator-with-auxiliary-filter","7":"product_tag-laboratories-emission-control-products","8":"product_tag-life-sciences-emission-control-products","9":"desktop-align-left","10":"tablet-align-left","11":"mobile-align-left","12":"ast-product-gallery-layout-horizontal","13":"ast-product-gallery-with-no-image","14":"ast-product-tabs-layout-horizontal","16":"first","17":"instock","18":"taxable","19":"shipping-taxable","20":"purchasable","21":"product-type-simple"},"acf":[],"yoast_head":"<!-- This site is optimized with the Yoast SEO plugin v27.4 - https:\/\/yoast.com\/product\/yoast-seo-wordpress\/ -->\n<title>Glutaraldehyde Breakthrough Indicator (BTI-AFT).Filter Change Indicator<\/title>\n<meta name=\"description\" content=\"Glutaraldehyde Breakthrough Indicator (BTI-AFT) is filter change indicator provides real time indication of breakthrough of glutaraldehyde.\" \/>\n<meta name=\"robots\" content=\"index, follow, max-snippet:-1, max-image-preview:large, max-video-preview:-1\" \/>\n<link rel=\"canonical\" href=\"https:\/\/www.chemteq.net\/es\/producto\/glutaraldehyde-breakthrough-indicator-bti-aft\/\" \/>\n<meta property=\"og:locale\" content=\"es_ES\" \/>\n<meta property=\"og:type\" content=\"article\" \/>\n<meta property=\"og:title\" content=\"Glutaraldehyde Breakthrough Indicator with auxiliary filter trap (BTI AFT)\" \/>\n<meta property=\"og:description\" content=\"Glutaraldehyde Breakthrough Indicator (BTI-AFT) is filter change indicator with auxiliary filter trap designed to provide real time indication of breakthrough of glutaraldehyde.\" \/>\n<meta property=\"og:url\" content=\"https:\/\/www.chemteq.net\/es\/producto\/glutaraldehyde-breakthrough-indicator-bti-aft\/\" \/>\n<meta property=\"og:site_name\" content=\"Chemteq Inc.\" \/>\n<meta property=\"article:modified_time\" content=\"2023-07-18T19:19:19+00:00\" \/>\n<meta property=\"og:image\" content=\"https:\/\/www.chemteq.net\/wp-content\/uploads\/2021\/04\/Glutaraldehyde-Breakthrough-Indicator-with-Auxiliary-Filter-Trap-scaled.jpg\" \/>\n\t<meta property=\"og:image:width\" content=\"2560\" \/>\n\t<meta property=\"og:image:height\" content=\"1707\" \/>\n\t<meta property=\"og:image:type\" content=\"image\/jpeg\" \/>\n<meta name=\"twitter:card\" content=\"summary_large_image\" \/>\n<meta name=\"twitter:title\" content=\"Glutaraldehyde Breakthrough Indicator with auxiliary filter trap (BTI AFT)\" \/>\n<meta name=\"twitter:description\" content=\"Glutaraldehyde Breakthrough Indicator (BTI-AFT) is filter change indicator with auxiliary filter trap designed to provide real time indication of breakthrough of glutaraldehyde.\" \/>\n<meta name=\"twitter:image\" content=\"https:\/\/www.chemteq.net\/wp-content\/uploads\/2021\/04\/Glutaraldehyde-Breakthrough-Indicator-with-Auxiliary-Filter-Trap-scaled.jpg\" \/>\n<meta name=\"twitter:label1\" content=\"Tiempo de lectura\" \/>\n\t<meta name=\"twitter:data1\" content=\"2 minutos\" \/>\n<script type=\"application\/ld+json\" class=\"yoast-schema-graph\">{\"@context\":\"https:\\\/\\\/schema.org\",\"@graph\":[{\"@type\":\"WebPage\",\"@id\":\"https:\\\/\\\/www.chemteq.net\\\/product\\\/glutaraldehyde-breakthrough-indicator-bti-aft\\\/\",\"url\":\"https:\\\/\\\/www.chemteq.net\\\/product\\\/glutaraldehyde-breakthrough-indicator-bti-aft\\\/\",\"name\":\"Glutaraldehyde Breakthrough Indicator (BTI-AFT).Filter Change Indicator\",\"isPartOf\":{\"@id\":\"https:\\\/\\\/www.chemteq.net\\\/#website\"},\"primaryImageOfPage\":{\"@id\":\"https:\\\/\\\/www.chemteq.net\\\/product\\\/glutaraldehyde-breakthrough-indicator-bti-aft\\\/#primaryimage\"},\"image\":{\"@id\":\"https:\\\/\\\/www.chemteq.net\\\/product\\\/glutaraldehyde-breakthrough-indicator-bti-aft\\\/#primaryimage\"},\"thumbnailUrl\":\"https:\\\/\\\/www.chemteq.net\\\/wp-content\\\/uploads\\\/2021\\\/04\\\/Glutaraldehyde-BTI-AFT-Unexp-050821.jpg\",\"datePublished\":\"2021-04-27T13:07:17+00:00\",\"dateModified\":\"2023-07-18T19:19:19+00:00\",\"description\":\"Glutaraldehyde Breakthrough Indicator (BTI-AFT) is filter change indicator provides real time indication of breakthrough of glutaraldehyde.\",\"breadcrumb\":{\"@id\":\"https:\\\/\\\/www.chemteq.net\\\/product\\\/glutaraldehyde-breakthrough-indicator-bti-aft\\\/#breadcrumb\"},\"inLanguage\":\"es\",\"potentialAction\":[{\"@type\":\"ReadAction\",\"target\":[\"https:\\\/\\\/www.chemteq.net\\\/product\\\/glutaraldehyde-breakthrough-indicator-bti-aft\\\/\"]}]},{\"@type\":\"ImageObject\",\"inLanguage\":\"es\",\"@id\":\"https:\\\/\\\/www.chemteq.net\\\/product\\\/glutaraldehyde-breakthrough-indicator-bti-aft\\\/#primaryimage\",\"url\":\"https:\\\/\\\/www.chemteq.net\\\/wp-content\\\/uploads\\\/2021\\\/04\\\/Glutaraldehyde-BTI-AFT-Unexp-050821.jpg\",\"contentUrl\":\"https:\\\/\\\/www.chemteq.net\\\/wp-content\\\/uploads\\\/2021\\\/04\\\/Glutaraldehyde-BTI-AFT-Unexp-050821.jpg\",\"width\":1500,\"height\":1500,\"caption\":\"Glutaraldehyde Breakthrough Indicator (BTI-AFT). Real time indication of breakthrough of glutaraldehyde.\"},{\"@type\":\"BreadcrumbList\",\"@id\":\"https:\\\/\\\/www.chemteq.net\\\/product\\\/glutaraldehyde-breakthrough-indicator-bti-aft\\\/#breadcrumb\",\"itemListElement\":[{\"@type\":\"ListItem\",\"position\":1,\"name\":\"Home\",\"item\":\"https:\\\/\\\/www.chemteq.net\\\/\"},{\"@type\":\"ListItem\",\"position\":2,\"name\":\"Products\",\"item\":\"https:\\\/\\\/www.chemteq.net\\\/products\\\/\"},{\"@type\":\"ListItem\",\"position\":3,\"name\":\"Glutaraldehyde Breakthrough Indicator with Auxiliary Filter Trap (BTI AFT)\"}]},{\"@type\":\"WebSite\",\"@id\":\"https:\\\/\\\/www.chemteq.net\\\/#website\",\"url\":\"https:\\\/\\\/www.chemteq.net\\\/\",\"name\":\"Chemteq Inc.\",\"description\":\"High Quality And Reliable Devices To Serve Health, Safety And Industrial Hygiene\",\"publisher\":{\"@id\":\"https:\\\/\\\/www.chemteq.net\\\/#organization\"},\"potentialAction\":[{\"@type\":\"SearchAction\",\"target\":{\"@type\":\"EntryPoint\",\"urlTemplate\":\"https:\\\/\\\/www.chemteq.net\\\/?s={search_term_string}\"},\"query-input\":{\"@type\":\"PropertyValueSpecification\",\"valueRequired\":true,\"valueName\":\"search_term_string\"}}],\"inLanguage\":\"es\"},{\"@type\":\"Organization\",\"@id\":\"https:\\\/\\\/www.chemteq.net\\\/#organization\",\"name\":\"Chemteq Inc.\",\"url\":\"https:\\\/\\\/www.chemteq.net\\\/\",\"logo\":{\"@type\":\"ImageObject\",\"inLanguage\":\"es\",\"@id\":\"https:\\\/\\\/www.chemteq.net\\\/#\\\/schema\\\/logo\\\/image\\\/\",\"url\":\"https:\\\/\\\/www.chemteq.net\\\/wp-content\\\/uploads\\\/2021\\\/04\\\/ChemteqLogo0112239041421-scaled.jpg\",\"contentUrl\":\"https:\\\/\\\/www.chemteq.net\\\/wp-content\\\/uploads\\\/2021\\\/04\\\/ChemteqLogo0112239041421-scaled.jpg\",\"width\":2560,\"height\":574,\"caption\":\"Chemteq Inc.\"},\"image\":{\"@id\":\"https:\\\/\\\/www.chemteq.net\\\/#\\\/schema\\\/logo\\\/image\\\/\"}}]}<\/script>\n<!-- \/ Yoast SEO plugin. -->","yoast_head_json":{"title":"Glutaraldehyde Breakthrough Indicator (BTI-AFT).Filter Change Indicator","description":"Glutaraldehyde Breakthrough Indicator (BTI-AFT) is filter change indicator provides real time indication of breakthrough of glutaraldehyde.","robots":{"index":"index","follow":"follow","max-snippet":"max-snippet:-1","max-image-preview":"max-image-preview:large","max-video-preview":"max-video-preview:-1"},"canonical":"https:\/\/www.chemteq.net\/es\/producto\/glutaraldehyde-breakthrough-indicator-bti-aft\/","og_locale":"es_ES","og_type":"article","og_title":"Glutaraldehyde Breakthrough Indicator with auxiliary filter trap (BTI AFT)","og_description":"Glutaraldehyde Breakthrough Indicator (BTI-AFT) is filter change indicator with auxiliary filter trap designed to provide real time indication of breakthrough of glutaraldehyde.","og_url":"https:\/\/www.chemteq.net\/es\/producto\/glutaraldehyde-breakthrough-indicator-bti-aft\/","og_site_name":"Chemteq Inc.","article_modified_time":"2023-07-18T19:19:19+00:00","og_image":[{"width":2560,"height":1707,"url":"https:\/\/www.chemteq.net\/wp-content\/uploads\/2021\/04\/Glutaraldehyde-Breakthrough-Indicator-with-Auxiliary-Filter-Trap-scaled.jpg","type":"image\/jpeg"}],"twitter_card":"summary_large_image","twitter_title":"Glutaraldehyde Breakthrough Indicator with auxiliary filter trap (BTI AFT)","twitter_description":"Glutaraldehyde Breakthrough Indicator (BTI-AFT) is filter change indicator with auxiliary filter trap designed to provide real time indication of breakthrough of glutaraldehyde.","twitter_image":"https:\/\/www.chemteq.net\/wp-content\/uploads\/2021\/04\/Glutaraldehyde-Breakthrough-Indicator-with-Auxiliary-Filter-Trap-scaled.jpg","twitter_misc":{"Tiempo de lectura":"2 minutos"},"schema":{"@context":"https:\/\/schema.org","@graph":[{"@type":"WebPage","@id":"https:\/\/www.chemteq.net\/product\/glutaraldehyde-breakthrough-indicator-bti-aft\/","url":"https:\/\/www.chemteq.net\/product\/glutaraldehyde-breakthrough-indicator-bti-aft\/","name":"Glutaraldehyde Breakthrough Indicator (BTI-AFT).Filter Change Indicator","isPartOf":{"@id":"https:\/\/www.chemteq.net\/#website"},"primaryImageOfPage":{"@id":"https:\/\/www.chemteq.net\/product\/glutaraldehyde-breakthrough-indicator-bti-aft\/#primaryimage"},"image":{"@id":"https:\/\/www.chemteq.net\/product\/glutaraldehyde-breakthrough-indicator-bti-aft\/#primaryimage"},"thumbnailUrl":"https:\/\/www.chemteq.net\/wp-content\/uploads\/2021\/04\/Glutaraldehyde-BTI-AFT-Unexp-050821.jpg","datePublished":"2021-04-27T13:07:17+00:00","dateModified":"2023-07-18T19:19:19+00:00","description":"Glutaraldehyde Breakthrough Indicator (BTI-AFT) is filter change indicator provides real time indication of breakthrough of glutaraldehyde.","breadcrumb":{"@id":"https:\/\/www.chemteq.net\/product\/glutaraldehyde-breakthrough-indicator-bti-aft\/#breadcrumb"},"inLanguage":"es","potentialAction":[{"@type":"ReadAction","target":["https:\/\/www.chemteq.net\/product\/glutaraldehyde-breakthrough-indicator-bti-aft\/"]}]},{"@type":"ImageObject","inLanguage":"es","@id":"https:\/\/www.chemteq.net\/product\/glutaraldehyde-breakthrough-indicator-bti-aft\/#primaryimage","url":"https:\/\/www.chemteq.net\/wp-content\/uploads\/2021\/04\/Glutaraldehyde-BTI-AFT-Unexp-050821.jpg","contentUrl":"https:\/\/www.chemteq.net\/wp-content\/uploads\/2021\/04\/Glutaraldehyde-BTI-AFT-Unexp-050821.jpg","width":1500,"height":1500,"caption":"Glutaraldehyde Breakthrough Indicator (BTI-AFT). Real time indication of breakthrough of glutaraldehyde."},{"@type":"BreadcrumbList","@id":"https:\/\/www.chemteq.net\/product\/glutaraldehyde-breakthrough-indicator-bti-aft\/#breadcrumb","itemListElement":[{"@type":"ListItem","position":1,"name":"Home","item":"https:\/\/www.chemteq.net\/"},{"@type":"ListItem","position":2,"name":"Products","item":"https:\/\/www.chemteq.net\/products\/"},{"@type":"ListItem","position":3,"name":"Glutaraldehyde Breakthrough Indicator with Auxiliary Filter Trap (BTI AFT)"}]},{"@type":"WebSite","@id":"https:\/\/www.chemteq.net\/#website","url":"https:\/\/www.chemteq.net\/","name":"Chemteq Inc.","description":"High Quality And Reliable Devices To Serve Health, Safety And Industrial Hygiene","publisher":{"@id":"https:\/\/www.chemteq.net\/#organization"},"potentialAction":[{"@type":"SearchAction","target":{"@type":"EntryPoint","urlTemplate":"https:\/\/www.chemteq.net\/?s={search_term_string}"},"query-input":{"@type":"PropertyValueSpecification","valueRequired":true,"valueName":"search_term_string"}}],"inLanguage":"es"},{"@type":"Organization","@id":"https:\/\/www.chemteq.net\/#organization","name":"Chemteq Inc.","url":"https:\/\/www.chemteq.net\/","logo":{"@type":"ImageObject","inLanguage":"es","@id":"https:\/\/www.chemteq.net\/#\/schema\/logo\/image\/","url":"https:\/\/www.chemteq.net\/wp-content\/uploads\/2021\/04\/ChemteqLogo0112239041421-scaled.jpg","contentUrl":"https:\/\/www.chemteq.net\/wp-content\/uploads\/2021\/04\/ChemteqLogo0112239041421-scaled.jpg","width":2560,"height":574,"caption":"Chemteq Inc."},"image":{"@id":"https:\/\/www.chemteq.net\/#\/schema\/logo\/image\/"}}]}},"_links":{"self":[{"href":"https:\/\/www.chemteq.net\/es\/wp-json\/wp\/v2\/product\/1508","targetHints":{"allow":["GET"]}}],"collection":[{"href":"https:\/\/www.chemteq.net\/es\/wp-json\/wp\/v2\/product"}],"about":[{"href":"https:\/\/www.chemteq.net\/es\/wp-json\/wp\/v2\/types\/product"}],"wp:featuredmedia":[{"embeddable":true,"href":"https:\/\/www.chemteq.net\/es\/wp-json\/wp\/v2\/media\/1998"}],"wp:attachment":[{"href":"https:\/\/www.chemteq.net\/es\/wp-json\/wp\/v2\/media?parent=1508"}],"wp:term":[{"taxonomy":"product_brand","embeddable":true,"href":"https:\/\/www.chemteq.net\/es\/wp-json\/wp\/v2\/product_brand?post=1508"},{"taxonomy":"product_cat","embeddable":true,"href":"https:\/\/www.chemteq.net\/es\/wp-json\/wp\/v2\/product_cat?post=1508"},{"taxonomy":"product_tag","embeddable":true,"href":"https:\/\/www.chemteq.net\/es\/wp-json\/wp\/v2\/product_tag?post=1508"}],"curies":[{"name":"wp","href":"https:\/\/api.w.org\/{rel}","templated":true}]}}