{"id":1479,"date":"2021-04-27T12:31:08","date_gmt":"2021-04-27T12:31:08","guid":{"rendered":"http:\/\/chemteqinc.wpengine.com\/?post_type=product&#038;p=1479"},"modified":"2025-05-13T19:10:48","modified_gmt":"2025-05-13T19:10:48","slug":"breakthrough-indicator-inline-multi-vapors-gases","status":"publish","type":"product","link":"https:\/\/www.chemteq.net\/es\/producto\/breakthrough-indicator-inline-multi-vapors-gases\/","title":{"rendered":"Breakthrough Indicator Inline Multi Vapors (BTI Inline MV)"},"content":{"rendered":"<p>El Breakthrough Indicator Inline Multi Vape (BTI Inline MV) es un indicador colorim\u00e9trico cualitativo (s\u00ed\/no) para la indicaci\u00f3n en tiempo real de m\u00faltiples gases y vapores. BTI Inline MV es adecuado para filtros de ventilaci\u00f3n de procesos asociados con el control de emisiones de gases t\u00f3xicos, destilaci\u00f3n, fraccionamiento, evaporaci\u00f3n de pel\u00edcula delgada, extracci\u00f3n de solventes, operaciones de extracci\u00f3n con aire o vapor. El indicador mide 3,5 pulgadas de alto, 1 pulgada de di\u00e1metro y se conecta f\u00e1cilmente en l\u00ednea con entrada y salida macho NPT macho de \u00be\". Los BTI Inline MV est\u00e1n disponibles en una amplia variedad de diferentes combinaciones de m\u00faltiples gases y vapores.<\/p>\n<p>Dimensions: Length = 89.9mm (3.5\u201d), diameter = 24.5mm (1\u201d), Inlet &amp; outlet = \u00be\u201d Male NPT. The BTI Inline MV is available for wide multiple vapors combinations<br \/>\nPor favor cont\u00e1ctenos para sus necesidades espec\u00edficas<\/p>\n<p>PN 680<\/p>","protected":false},"excerpt":{"rendered":"<p>Indicador innovador en l\u00ednea para gases y vapores multicontaminantes<br \/>\nIndicator: Length = 89.9mm (3.5\u201d), diameter = 24.5mm (1\u201d), Inlet &amp; outlet = \u00be\u201d Male NPT<\/p>","protected":false},"featured_media":1481,"template":"","meta":{"_acf_changed":false,"site-sidebar-layout":"default","site-content-layout":"default","ast-site-content-layout":"default","site-content-style":"default","site-sidebar-style":"default","ast-global-header-display":"","ast-banner-title-visibility":"","ast-main-header-display":"","ast-hfb-above-header-display":"","ast-hfb-below-header-display":"","ast-hfb-mobile-header-display":"","site-post-title":"","ast-breadcrumbs-content":"","ast-featured-img":"","footer-sml-layout":"","theme-transparent-header-meta":"default","adv-header-id-meta":"","stick-header-meta":"default","header-above-stick-meta":"","header-main-stick-meta":"","header-below-stick-meta":"","astra-migrate-meta-layouts":"set","ast-page-background-enabled":"default","ast-page-background-meta":{"desktop":{"background-color":"","background-image":"","background-repeat":"repeat","background-position":"center center","background-size":"auto","background-attachment":"scroll","background-type":"","background-media":"","overlay-type":"","overlay-color":"","overlay-opacity":"","overlay-gradient":""},"tablet":{"background-color":"","background-image":"","background-repeat":"repeat","background-position":"center center","background-size":"auto","background-attachment":"scroll","background-type":"","background-media":"","overlay-type":"","overlay-color":"","overlay-opacity":"","overlay-gradient":""},"mobile":{"background-color":"","background-image":"","background-repeat":"repeat","background-position":"center center","background-size":"auto","background-attachment":"scroll","background-type":"","background-media":"","overlay-type":"","overlay-color":"","overlay-opacity":"","overlay-gradient":""}},"ast-content-background-meta":{"desktop":{"background-color":"var(--ast-global-color-5)","background-image":"","background-repeat":"repeat","background-position":"center center","background-size":"auto","background-attachment":"scroll","background-type":"","background-media":"","overlay-type":"","overlay-color":"","overlay-opacity":"","overlay-gradient":""},"tablet":{"background-color":"var(--ast-global-color-5)","background-image":"","background-repeat":"repeat","background-position":"center center","background-size":"auto","background-attachment":"scroll","background-type":"","background-media":"","overlay-type":"","overlay-color":"","overlay-opacity":"","overlay-gradient":""},"mobile":{"background-color":"var(--ast-global-color-5)","background-image":"","background-repeat":"repeat","background-position":"center center","background-size":"auto","background-attachment":"scroll","background-type":"","background-media":"","overlay-type":"","overlay-color":"","overlay-opacity":"","overlay-gradient":""}}},"product_brand":[],"product_cat":[56],"product_tag":[60,78,69,68],"class_list":{"0":"post-1479","1":"product","2":"type-product","3":"status-publish","4":"has-post-thumbnail","6":"product_cat-bti-inline-mv-breakthrough-indicators-multi-vapors-inline","7":"product_tag-aerospace","8":"product_tag-chemical-industries-emission-control-products","9":"product_tag-laboratories-emission-control-products","10":"product_tag-life-sciences-emission-control-products","11":"desktop-align-left","12":"tablet-align-left","13":"mobile-align-left","14":"ast-product-gallery-layout-horizontal","15":"ast-product-gallery-with-no-image","16":"ast-product-tabs-layout-horizontal","18":"first","19":"instock","20":"taxable","21":"shipping-taxable","22":"purchasable","23":"product-type-simple"},"acf":[],"yoast_head":"<!-- This site is optimized with the Yoast SEO plugin v27.4 - https:\/\/yoast.com\/product\/yoast-seo-wordpress\/ -->\n<title>Breakthrough Indicator Inline Multi Vapors (BTI Inline MV) - Chemteq Inc.<\/title>\n<meta name=\"description\" content=\"The Breakthrough Indicator Inline Multi Vape (BTI Inline MV) is qualitative (yes\/no) colorimetric indicator for real-time indication of multiple gases and vapors. BTI Inline MV is suitable for process vent filters associated with toxic gases emission control, distillation, fractionation, thin-film evaporation, solvent extraction, air or steam stripping operations.\" \/>\n<meta name=\"robots\" content=\"index, follow, max-snippet:-1, max-image-preview:large, max-video-preview:-1\" \/>\n<link rel=\"canonical\" href=\"https:\/\/www.chemteq.net\/es\/producto\/breakthrough-indicator-inline-multi-vapors-gases\/\" \/>\n<meta property=\"og:locale\" content=\"es_ES\" \/>\n<meta property=\"og:type\" content=\"article\" \/>\n<meta property=\"og:title\" content=\"Breakthrough Indicator Inline Multi Vapors (BTI Inline MV) - Chemteq Inc.\" \/>\n<meta property=\"og:description\" content=\"The Breakthrough Indicator Inline Multi Vape (BTI Inline MV) is qualitative (yes\/no) colorimetric indicator for real-time indication of multiple gases and vapors. BTI Inline MV is suitable for process vent filters associated with toxic gases emission control, distillation, fractionation, thin-film evaporation, solvent extraction, air or steam stripping operations.\" \/>\n<meta property=\"og:url\" content=\"https:\/\/www.chemteq.net\/es\/producto\/breakthrough-indicator-inline-multi-vapors-gases\/\" \/>\n<meta property=\"og:site_name\" content=\"Chemteq Inc.\" \/>\n<meta property=\"article:modified_time\" content=\"2025-05-13T19:10:48+00:00\" \/>\n<meta property=\"og:image\" content=\"https:\/\/www.chemteq.net\/wp-content\/uploads\/2021\/04\/no-title-Colors-Change-BTI-Inline-MV-680-A-A-H-HS-OV-010918.jpg\" \/>\n\t<meta property=\"og:image:width\" content=\"1701\" \/>\n\t<meta property=\"og:image:height\" content=\"1000\" \/>\n\t<meta property=\"og:image:type\" content=\"image\/jpeg\" \/>\n<meta name=\"twitter:card\" content=\"summary_large_image\" \/>\n<meta name=\"twitter:label1\" content=\"Tiempo de lectura\" \/>\n\t<meta name=\"twitter:data1\" content=\"1 minuto\" \/>\n<script type=\"application\/ld+json\" class=\"yoast-schema-graph\">{\"@context\":\"https:\\\/\\\/schema.org\",\"@graph\":[{\"@type\":\"WebPage\",\"@id\":\"https:\\\/\\\/www.chemteq.net\\\/product\\\/breakthrough-indicator-inline-multi-vapors-gases\\\/\",\"url\":\"https:\\\/\\\/www.chemteq.net\\\/product\\\/breakthrough-indicator-inline-multi-vapors-gases\\\/\",\"name\":\"Breakthrough Indicator Inline Multi Vapors (BTI Inline MV) - Chemteq Inc.\",\"isPartOf\":{\"@id\":\"https:\\\/\\\/www.chemteq.net\\\/#website\"},\"primaryImageOfPage\":{\"@id\":\"https:\\\/\\\/www.chemteq.net\\\/product\\\/breakthrough-indicator-inline-multi-vapors-gases\\\/#primaryimage\"},\"image\":{\"@id\":\"https:\\\/\\\/www.chemteq.net\\\/product\\\/breakthrough-indicator-inline-multi-vapors-gases\\\/#primaryimage\"},\"thumbnailUrl\":\"https:\\\/\\\/www.chemteq.net\\\/wp-content\\\/uploads\\\/2021\\\/04\\\/no-title-Colors-Change-BTI-Inline-MV-680-A-A-H-HS-OV-010918.jpg\",\"datePublished\":\"2021-04-27T12:31:08+00:00\",\"dateModified\":\"2025-05-13T19:10:48+00:00\",\"description\":\"The Breakthrough Indicator Inline Multi Vape (BTI Inline MV) is qualitative (yes\\\/no) colorimetric indicator for real-time indication of multiple gases and vapors. BTI Inline MV is suitable for process vent filters associated with toxic gases emission control, distillation, fractionation, thin-film evaporation, solvent extraction, air or steam stripping operations.\",\"breadcrumb\":{\"@id\":\"https:\\\/\\\/www.chemteq.net\\\/product\\\/breakthrough-indicator-inline-multi-vapors-gases\\\/#breadcrumb\"},\"inLanguage\":\"es\",\"potentialAction\":[{\"@type\":\"ReadAction\",\"target\":[\"https:\\\/\\\/www.chemteq.net\\\/product\\\/breakthrough-indicator-inline-multi-vapors-gases\\\/\"]}]},{\"@type\":\"ImageObject\",\"inLanguage\":\"es\",\"@id\":\"https:\\\/\\\/www.chemteq.net\\\/product\\\/breakthrough-indicator-inline-multi-vapors-gases\\\/#primaryimage\",\"url\":\"https:\\\/\\\/www.chemteq.net\\\/wp-content\\\/uploads\\\/2021\\\/04\\\/no-title-Colors-Change-BTI-Inline-MV-680-A-A-H-HS-OV-010918.jpg\",\"contentUrl\":\"https:\\\/\\\/www.chemteq.net\\\/wp-content\\\/uploads\\\/2021\\\/04\\\/no-title-Colors-Change-BTI-Inline-MV-680-A-A-H-HS-OV-010918.jpg\",\"width\":1701,\"height\":1000},{\"@type\":\"BreadcrumbList\",\"@id\":\"https:\\\/\\\/www.chemteq.net\\\/product\\\/breakthrough-indicator-inline-multi-vapors-gases\\\/#breadcrumb\",\"itemListElement\":[{\"@type\":\"ListItem\",\"position\":1,\"name\":\"Home\",\"item\":\"https:\\\/\\\/www.chemteq.net\\\/\"},{\"@type\":\"ListItem\",\"position\":2,\"name\":\"Products\",\"item\":\"https:\\\/\\\/www.chemteq.net\\\/products\\\/\"},{\"@type\":\"ListItem\",\"position\":3,\"name\":\"Breakthrough Indicator Inline Multi Vapors (BTI Inline MV)\"}]},{\"@type\":\"WebSite\",\"@id\":\"https:\\\/\\\/www.chemteq.net\\\/#website\",\"url\":\"https:\\\/\\\/www.chemteq.net\\\/\",\"name\":\"Chemteq Inc.\",\"description\":\"High Quality And Reliable Devices To Serve Health, Safety And Industrial Hygiene\",\"publisher\":{\"@id\":\"https:\\\/\\\/www.chemteq.net\\\/#organization\"},\"potentialAction\":[{\"@type\":\"SearchAction\",\"target\":{\"@type\":\"EntryPoint\",\"urlTemplate\":\"https:\\\/\\\/www.chemteq.net\\\/?s={search_term_string}\"},\"query-input\":{\"@type\":\"PropertyValueSpecification\",\"valueRequired\":true,\"valueName\":\"search_term_string\"}}],\"inLanguage\":\"es\"},{\"@type\":\"Organization\",\"@id\":\"https:\\\/\\\/www.chemteq.net\\\/#organization\",\"name\":\"Chemteq Inc.\",\"url\":\"https:\\\/\\\/www.chemteq.net\\\/\",\"logo\":{\"@type\":\"ImageObject\",\"inLanguage\":\"es\",\"@id\":\"https:\\\/\\\/www.chemteq.net\\\/#\\\/schema\\\/logo\\\/image\\\/\",\"url\":\"https:\\\/\\\/www.chemteq.net\\\/wp-content\\\/uploads\\\/2021\\\/04\\\/ChemteqLogo0112239041421-scaled.jpg\",\"contentUrl\":\"https:\\\/\\\/www.chemteq.net\\\/wp-content\\\/uploads\\\/2021\\\/04\\\/ChemteqLogo0112239041421-scaled.jpg\",\"width\":2560,\"height\":574,\"caption\":\"Chemteq Inc.\"},\"image\":{\"@id\":\"https:\\\/\\\/www.chemteq.net\\\/#\\\/schema\\\/logo\\\/image\\\/\"}}]}<\/script>\n<!-- \/ Yoast SEO plugin. -->","yoast_head_json":{"title":"Breakthrough Indicator Inline Multi Vapors (BTI Inline MV) - Chemteq Inc.","description":"The Breakthrough Indicator Inline Multi Vape (BTI Inline MV) is qualitative (yes\/no) colorimetric indicator for real-time indication of multiple gases and vapors. BTI Inline MV is suitable for process vent filters associated with toxic gases emission control, distillation, fractionation, thin-film evaporation, solvent extraction, air or steam stripping operations.","robots":{"index":"index","follow":"follow","max-snippet":"max-snippet:-1","max-image-preview":"max-image-preview:large","max-video-preview":"max-video-preview:-1"},"canonical":"https:\/\/www.chemteq.net\/es\/producto\/breakthrough-indicator-inline-multi-vapors-gases\/","og_locale":"es_ES","og_type":"article","og_title":"Breakthrough Indicator Inline Multi Vapors (BTI Inline MV) - Chemteq Inc.","og_description":"The Breakthrough Indicator Inline Multi Vape (BTI Inline MV) is qualitative (yes\/no) colorimetric indicator for real-time indication of multiple gases and vapors. BTI Inline MV is suitable for process vent filters associated with toxic gases emission control, distillation, fractionation, thin-film evaporation, solvent extraction, air or steam stripping operations.","og_url":"https:\/\/www.chemteq.net\/es\/producto\/breakthrough-indicator-inline-multi-vapors-gases\/","og_site_name":"Chemteq Inc.","article_modified_time":"2025-05-13T19:10:48+00:00","og_image":[{"width":1701,"height":1000,"url":"https:\/\/www.chemteq.net\/wp-content\/uploads\/2021\/04\/no-title-Colors-Change-BTI-Inline-MV-680-A-A-H-HS-OV-010918.jpg","type":"image\/jpeg"}],"twitter_card":"summary_large_image","twitter_misc":{"Tiempo de lectura":"1 minuto"},"schema":{"@context":"https:\/\/schema.org","@graph":[{"@type":"WebPage","@id":"https:\/\/www.chemteq.net\/product\/breakthrough-indicator-inline-multi-vapors-gases\/","url":"https:\/\/www.chemteq.net\/product\/breakthrough-indicator-inline-multi-vapors-gases\/","name":"Breakthrough Indicator Inline Multi Vapors (BTI Inline MV) - Chemteq Inc.","isPartOf":{"@id":"https:\/\/www.chemteq.net\/#website"},"primaryImageOfPage":{"@id":"https:\/\/www.chemteq.net\/product\/breakthrough-indicator-inline-multi-vapors-gases\/#primaryimage"},"image":{"@id":"https:\/\/www.chemteq.net\/product\/breakthrough-indicator-inline-multi-vapors-gases\/#primaryimage"},"thumbnailUrl":"https:\/\/www.chemteq.net\/wp-content\/uploads\/2021\/04\/no-title-Colors-Change-BTI-Inline-MV-680-A-A-H-HS-OV-010918.jpg","datePublished":"2021-04-27T12:31:08+00:00","dateModified":"2025-05-13T19:10:48+00:00","description":"The Breakthrough Indicator Inline Multi Vape (BTI Inline MV) is qualitative (yes\/no) colorimetric indicator for real-time indication of multiple gases and vapors. BTI Inline MV is suitable for process vent filters associated with toxic gases emission control, distillation, fractionation, thin-film evaporation, solvent extraction, air or steam stripping operations.","breadcrumb":{"@id":"https:\/\/www.chemteq.net\/product\/breakthrough-indicator-inline-multi-vapors-gases\/#breadcrumb"},"inLanguage":"es","potentialAction":[{"@type":"ReadAction","target":["https:\/\/www.chemteq.net\/product\/breakthrough-indicator-inline-multi-vapors-gases\/"]}]},{"@type":"ImageObject","inLanguage":"es","@id":"https:\/\/www.chemteq.net\/product\/breakthrough-indicator-inline-multi-vapors-gases\/#primaryimage","url":"https:\/\/www.chemteq.net\/wp-content\/uploads\/2021\/04\/no-title-Colors-Change-BTI-Inline-MV-680-A-A-H-HS-OV-010918.jpg","contentUrl":"https:\/\/www.chemteq.net\/wp-content\/uploads\/2021\/04\/no-title-Colors-Change-BTI-Inline-MV-680-A-A-H-HS-OV-010918.jpg","width":1701,"height":1000},{"@type":"BreadcrumbList","@id":"https:\/\/www.chemteq.net\/product\/breakthrough-indicator-inline-multi-vapors-gases\/#breadcrumb","itemListElement":[{"@type":"ListItem","position":1,"name":"Home","item":"https:\/\/www.chemteq.net\/"},{"@type":"ListItem","position":2,"name":"Products","item":"https:\/\/www.chemteq.net\/products\/"},{"@type":"ListItem","position":3,"name":"Breakthrough Indicator Inline Multi Vapors (BTI Inline MV)"}]},{"@type":"WebSite","@id":"https:\/\/www.chemteq.net\/#website","url":"https:\/\/www.chemteq.net\/","name":"Chemteq Inc.","description":"High Quality And Reliable Devices To Serve Health, Safety And Industrial Hygiene","publisher":{"@id":"https:\/\/www.chemteq.net\/#organization"},"potentialAction":[{"@type":"SearchAction","target":{"@type":"EntryPoint","urlTemplate":"https:\/\/www.chemteq.net\/?s={search_term_string}"},"query-input":{"@type":"PropertyValueSpecification","valueRequired":true,"valueName":"search_term_string"}}],"inLanguage":"es"},{"@type":"Organization","@id":"https:\/\/www.chemteq.net\/#organization","name":"Chemteq Inc.","url":"https:\/\/www.chemteq.net\/","logo":{"@type":"ImageObject","inLanguage":"es","@id":"https:\/\/www.chemteq.net\/#\/schema\/logo\/image\/","url":"https:\/\/www.chemteq.net\/wp-content\/uploads\/2021\/04\/ChemteqLogo0112239041421-scaled.jpg","contentUrl":"https:\/\/www.chemteq.net\/wp-content\/uploads\/2021\/04\/ChemteqLogo0112239041421-scaled.jpg","width":2560,"height":574,"caption":"Chemteq Inc."},"image":{"@id":"https:\/\/www.chemteq.net\/#\/schema\/logo\/image\/"}}]}},"_links":{"self":[{"href":"https:\/\/www.chemteq.net\/es\/wp-json\/wp\/v2\/product\/1479","targetHints":{"allow":["GET"]}}],"collection":[{"href":"https:\/\/www.chemteq.net\/es\/wp-json\/wp\/v2\/product"}],"about":[{"href":"https:\/\/www.chemteq.net\/es\/wp-json\/wp\/v2\/types\/product"}],"wp:featuredmedia":[{"embeddable":true,"href":"https:\/\/www.chemteq.net\/es\/wp-json\/wp\/v2\/media\/1481"}],"wp:attachment":[{"href":"https:\/\/www.chemteq.net\/es\/wp-json\/wp\/v2\/media?parent=1479"}],"wp:term":[{"taxonomy":"product_brand","embeddable":true,"href":"https:\/\/www.chemteq.net\/es\/wp-json\/wp\/v2\/product_brand?post=1479"},{"taxonomy":"product_cat","embeddable":true,"href":"https:\/\/www.chemteq.net\/es\/wp-json\/wp\/v2\/product_cat?post=1479"},{"taxonomy":"product_tag","embeddable":true,"href":"https:\/\/www.chemteq.net\/es\/wp-json\/wp\/v2\/product_tag?post=1479"}],"curies":[{"name":"wp","href":"https:\/\/api.w.org\/{rel}","templated":true}]}}