{"id":1475,"date":"2021-04-27T12:27:08","date_gmt":"2021-04-27T12:27:08","guid":{"rendered":"http:\/\/chemteqinc.wpengine.com\/?post_type=product&#038;p=1475"},"modified":"2025-05-13T19:10:47","modified_gmt":"2025-05-13T19:10:47","slug":"organic-vapors-breakthrough-indicator-inline","status":"publish","type":"product","link":"https:\/\/www.chemteq.net\/es\/producto\/organic-vapors-breakthrough-indicator-inline\/","title":{"rendered":"Indicador innovador de vapores org\u00e1nicos en l\u00ednea"},"content":{"rendered":"<p>Indicador innovador de vapores org\u00e1nicos en l\u00ednea. El indicador es un medio confiable y rentable para la protecci\u00f3n contra la exposici\u00f3n a vapores org\u00e1nicos.<span style=\"color: #007000\">.<span style=\"color: #000000\"> Detecta una amplia gama de diferentes compuestos org\u00e1nicos.<\/span><\/span><\/p>\n<p>Este indicador <span style=\"color: #ff6600\">No puede detectar<\/span> <span style=\"color: #ff6600\">compuestos org\u00e1nicos b\u00e1sicos como piridinas, aminas alif\u00e1ticas y arom\u00e1ticas. P\u00f3ngase en contacto con nosotros para obtener un indicador alternativo para detectar compuestos org\u00e1nicos b\u00e1sicos.<\/span> El indicador se conecta f\u00e1cilmente en l\u00ednea con entrada y salida macho NPT macho de \u00be\u201d. Puede observar el cambio de color brillante y vibrante desde todas las direcciones. El<\/p>\n<div>\n<p>PN 614<\/p>\n<p><b id=\"ext-gen27799\">Especificaciones del producto<\/b><\/p>\n<\/div>\n<div align=\"center\">\n<table border=\"0\" cellspacing=\"0\" cellpadding=\"0\">\n<tbody>\n<tr>\n<td width=\"42\">\n<p align=\"center\">a<\/p>\n<\/td>\n<td valign=\"top\" width=\"348\">Peso:<\/td>\n<td valign=\"top\" width=\"359\">28g (1.0oz)<\/td>\n<\/tr>\n<tr>\n<td width=\"42\">\n<p align=\"center\">b<\/p>\n<\/td>\n<td valign=\"top\" width=\"348\">\n<p id=\"ext-gen20942\">Dimensiones:<\/p>\n<\/td>\n<td valign=\"top\" width=\"359\">89.9mm (3.5in), diameter 24.5mm (1.0in)<\/td>\n<\/tr>\n<tr>\n<td width=\"42\">\n<p align=\"center\">c<\/p>\n<\/td>\n<td valign=\"top\" width=\"348\">\n<p id=\"ext-gen14229\">Inlet and outlet dimensions:<\/p>\n<\/td>\n<td valign=\"top\" width=\"359\">\u00be&#8221; MNPT<\/td>\n<\/tr>\n<tr>\n<td width=\"42\">\n<p align=\"center\">d<\/p>\n<\/td>\n<td valign=\"top\" width=\"348\">Rango de temperatura:<\/td>\n<td valign=\"top\" width=\"359\">-20<sup>o<\/sup>C to 55<sup>o<\/sup>C (-4<sup>o<\/sup>F to 131<sup>o<\/sup>F)<\/td>\n<\/tr>\n<tr>\n<td width=\"42\">\n<p align=\"center\">e<\/p>\n<\/td>\n<td valign=\"top\" width=\"348\">Humedad de funcionamiento: gth:<\/td>\n<td valign=\"top\" width=\"359\">5% RH to 85%RH<\/td>\n<\/tr>\n<tr>\n<td width=\"42\">\n<p align=\"center\">f<\/p>\n<\/td>\n<td valign=\"top\" width=\"348\">L\u00edmite m\u00ednimo detectable:<\/td>\n<td valign=\"top\" width=\"359\">See manual<\/td>\n<\/tr>\n<tr>\n<td width=\"42\">\n<p align=\"center\">g<\/p>\n<\/td>\n<td valign=\"top\" width=\"348\">Cambio de color:<\/td>\n<td valign=\"top\" width=\"359\">Orange to red<\/td>\n<\/tr>\n<tr>\n<td width=\"42\">\n<p align=\"center\">h<\/p>\n<\/td>\n<td valign=\"top\" width=\"348\">Rango de temperatura:<\/td>\n<td valign=\"top\" width=\"359\">4<sup>o<\/sup>C to 25<sup>o<\/sup>C, (39<sup>o<\/sup>F to 77<sup>o<\/sup>F)<\/td>\n<\/tr>\n<tr>\n<td width=\"42\">\n<p align=\"center\">i<\/p>\n<\/td>\n<td valign=\"top\" width=\"348\">Rango de vida \u00fatil:<\/td>\n<td valign=\"top\" width=\"359\">14 months at 4<sup>o<\/sup>C to 25<sup>o<\/sup>C, (39<sup>o<\/sup>F to 77<sup>o<\/sup>F)<\/td>\n<\/tr>\n<tr>\n<td width=\"42\">\n<p align=\"center\">j<\/p>\n<\/td>\n<td valign=\"top\" width=\"348\">Vida de servicio:<\/td>\n<td valign=\"top\" width=\"359\">14 months<\/td>\n<\/tr>\n<\/tbody>\n<\/table>\n<div align=\"center\"><b><span id=\"ext-gen34053\">Kit de recarga<\/span><\/b><br \/>\n<b><\/b><\/div>\n<div>\n<p><b><span id=\"ext-gen13501\">EL BTI DE VAPORES ORG\u00c1NICOS EN L\u00cdNEA SE PUEDE REUTILIZAR REEMPLAZANDO EL INDICADOR DE VAPORES ORG\u00c1NICOS AGOTADOS CON EL CONJUNTO DEL INDICADOR DE VAPORES ORG\u00c1NICOS FRESCOS.<\/span><\/b><br \/>\nKit de recarga en l\u00ednea BTI de vapores org\u00e1nicos Art\u00edculo n.\u00ba 614-5000 Incluye:<br \/>\n1- Un conjunto indicador de vapores org\u00e1nicos (art\u00edculo n.\u00ba 614-1600)<br \/>\n2- Dos tapones porosos (Art\u00edculo No. 617-1400)<br \/>\nPico de gancho en miniatura (N.\u00b0 de art\u00edculo 431-9100) Opcional<\/p>\n<\/div>\n<p>Por favor ll\u00e1manos (<span id=\"ext-gen22116\">1-855-243-6837) or\u00a0<\/span><a href=\"mailto:sales@chemteq.net\" target=\"\" rel=\"noopener\">email us<\/a><\/p>\n<p style=\"text-align: left\">Indicador innovador de vapores org\u00e1nicos en l\u00ednea<\/p>\n<p style=\"text-align: left\">Productos relacionados<\/p>\n<p style=\"text-align: left\"><a href=\"https:\/\/www.chemteq.net\/es\/producto\/organic-vapors-saturation-indicator-sticker-for-ductless-hood-filters\/\" target=\"_blank\" rel=\"noopener\">Organic Vapors BTIS<\/a>. Adhesivo indicador de cambio de filtro para filtros de campana sin conductos y extractor de humos<\/p>\n<p style=\"text-align: left\">Enlaces \u00fatiles<\/p>\n<p style=\"text-align: left\"><a href=\"https:\/\/www.cdc.gov\/niosh\/npg\/default.html\" target=\"_blank\" rel=\"noopener\">NIOSH<\/a><\/p>\n<\/div>","protected":false},"excerpt":{"rendered":"<p>Caracter\u00edsticas del producto<br \/>\nL\u00edmite m\u00ednimo detectable: Ver manual<br \/>\nColor Change: Orange to red<br \/>\nInlet &amp; outlet dimensions: \u00be&#8221; Male NPT<br \/>\nVida \u00fatil: 14 meses<\/p>","protected":false},"featured_media":1477,"template":"","meta":{"_acf_changed":false,"site-sidebar-layout":"default","site-content-layout":"default","ast-site-content-layout":"default","site-content-style":"default","site-sidebar-style":"default","ast-global-header-display":"","ast-banner-title-visibility":"","ast-main-header-display":"","ast-hfb-above-header-display":"","ast-hfb-below-header-display":"","ast-hfb-mobile-header-display":"","site-post-title":"","ast-breadcrumbs-content":"","ast-featured-img":"","footer-sml-layout":"","theme-transparent-header-meta":"default","adv-header-id-meta":"","stick-header-meta":"default","header-above-stick-meta":"","header-main-stick-meta":"","header-below-stick-meta":"","astra-migrate-meta-layouts":"set","ast-page-background-enabled":"default","ast-page-background-meta":{"desktop":{"background-color":"","background-image":"","background-repeat":"repeat","background-position":"center center","background-size":"auto","background-attachment":"scroll","background-type":"","background-media":"","overlay-type":"","overlay-color":"","overlay-opacity":"","overlay-gradient":""},"tablet":{"background-color":"","background-image":"","background-repeat":"repeat","background-position":"center center","background-size":"auto","background-attachment":"scroll","background-type":"","background-media":"","overlay-type":"","overlay-color":"","overlay-opacity":"","overlay-gradient":""},"mobile":{"background-color":"","background-image":"","background-repeat":"repeat","background-position":"center center","background-size":"auto","background-attachment":"scroll","background-type":"","background-media":"","overlay-type":"","overlay-color":"","overlay-opacity":"","overlay-gradient":""}},"ast-content-background-meta":{"desktop":{"background-color":"var(--ast-global-color-5)","background-image":"","background-repeat":"repeat","background-position":"center center","background-size":"auto","background-attachment":"scroll","background-type":"","background-media":"","overlay-type":"","overlay-color":"","overlay-opacity":"","overlay-gradient":""},"tablet":{"background-color":"var(--ast-global-color-5)","background-image":"","background-repeat":"repeat","background-position":"center center","background-size":"auto","background-attachment":"scroll","background-type":"","background-media":"","overlay-type":"","overlay-color":"","overlay-opacity":"","overlay-gradient":""},"mobile":{"background-color":"var(--ast-global-color-5)","background-image":"","background-repeat":"repeat","background-position":"center center","background-size":"auto","background-attachment":"scroll","background-type":"","background-media":"","overlay-type":"","overlay-color":"","overlay-opacity":"","overlay-gradient":""}}},"product_brand":[],"product_cat":[59],"product_tag":[78,69,68],"class_list":{"0":"post-1475","1":"product","2":"type-product","3":"status-publish","4":"has-post-thumbnail","6":"product_cat-bti-inline-breakthrough-indicators-inline","7":"product_tag-chemical-industries-emission-control-products","8":"product_tag-laboratories-emission-control-products","9":"product_tag-life-sciences-emission-control-products","10":"desktop-align-left","11":"tablet-align-left","12":"mobile-align-left","13":"ast-product-gallery-layout-horizontal","14":"ast-product-gallery-with-no-image","15":"ast-product-tabs-layout-horizontal","17":"first","18":"instock","19":"taxable","20":"shipping-taxable","21":"purchasable","22":"product-type-simple"},"acf":[],"yoast_head":"<!-- This site is optimized with the Yoast SEO plugin v26.3 - https:\/\/yoast.com\/wordpress\/plugins\/seo\/ -->\n<title>Organic Vapors Breakthrough Indicator-Inline. Reliable indicator<\/title>\n<meta name=\"description\" content=\"Organic Vapors Breakthrough Indicator-Inline. Reliable, cost effective, direct read and real time indicator for organic vapors.\" \/>\n<meta name=\"robots\" content=\"index, follow, max-snippet:-1, max-image-preview:large, max-video-preview:-1\" \/>\n<link rel=\"canonical\" href=\"https:\/\/www.chemteq.net\/es\/producto\/organic-vapors-breakthrough-indicator-inline\/\" \/>\n<meta property=\"og:locale\" content=\"es_ES\" \/>\n<meta property=\"og:type\" content=\"article\" \/>\n<meta property=\"og:title\" content=\"Organic Vapors Breakthrough Indicator-Inline.\" \/>\n<meta property=\"og:description\" content=\"Organic Vapors Breakthrough Indicator-Inline. Reliable, cost effective, direct read and real time indicator for organic vapors.\" \/>\n<meta property=\"og:url\" content=\"https:\/\/www.chemteq.net\/es\/producto\/organic-vapors-breakthrough-indicator-inline\/\" \/>\n<meta property=\"og:site_name\" content=\"Chemteq Inc.\" \/>\n<meta property=\"article:modified_time\" content=\"2025-05-13T19:10:47+00:00\" \/>\n<meta property=\"og:image\" content=\"https:\/\/www.chemteq.net\/wp-content\/uploads\/2021\/04\/Organic-Vapors-Breakthrough-Indicator-Inline.-Indicator-for-organic-vapors-scaled.jpg\" \/>\n\t<meta property=\"og:image:width\" content=\"2560\" \/>\n\t<meta property=\"og:image:height\" content=\"1829\" \/>\n\t<meta property=\"og:image:type\" content=\"image\/jpeg\" \/>\n<meta name=\"twitter:card\" content=\"summary_large_image\" \/>\n<meta name=\"twitter:title\" content=\"Organic Vapors Breakthrough Indicator-Inline. Indicator for organic vapors\" \/>\n<meta name=\"twitter:description\" content=\"Organic Vapors Breakthrough Indicator-Inline. Reliable, cost effective, direct read and real time indicator for organic vapors.\" \/>\n<meta name=\"twitter:image\" content=\"https:\/\/www.chemteq.net\/wp-content\/uploads\/2021\/04\/Organic-Vapors-Breakthrough-Indicator-Inline.-Indicator-for-organic-vapors-scaled.jpg\" \/>\n<meta name=\"twitter:label1\" content=\"Tiempo de lectura\" \/>\n\t<meta name=\"twitter:data1\" content=\"2 minutos\" \/>\n<script type=\"application\/ld+json\" class=\"yoast-schema-graph\">{\"@context\":\"https:\/\/schema.org\",\"@graph\":[{\"@type\":\"WebPage\",\"@id\":\"https:\/\/www.chemteq.net\/product\/organic-vapors-breakthrough-indicator-inline\/\",\"url\":\"https:\/\/www.chemteq.net\/product\/organic-vapors-breakthrough-indicator-inline\/\",\"name\":\"Organic Vapors Breakthrough Indicator-Inline. Reliable indicator\",\"isPartOf\":{\"@id\":\"https:\/\/www.chemteq.net\/#website\"},\"primaryImageOfPage\":{\"@id\":\"https:\/\/www.chemteq.net\/product\/organic-vapors-breakthrough-indicator-inline\/#primaryimage\"},\"image\":{\"@id\":\"https:\/\/www.chemteq.net\/product\/organic-vapors-breakthrough-indicator-inline\/#primaryimage\"},\"thumbnailUrl\":\"https:\/\/www.chemteq.net\/wp-content\/uploads\/2021\/04\/Organic-Vapors-BTI-Inline-item-614-040321.jpg\",\"datePublished\":\"2021-04-27T12:27:08+00:00\",\"dateModified\":\"2025-05-13T19:10:47+00:00\",\"description\":\"Organic Vapors Breakthrough Indicator-Inline. Reliable, cost effective, direct read and real time indicator for organic vapors.\",\"breadcrumb\":{\"@id\":\"https:\/\/www.chemteq.net\/product\/organic-vapors-breakthrough-indicator-inline\/#breadcrumb\"},\"inLanguage\":\"es\",\"potentialAction\":[{\"@type\":\"ReadAction\",\"target\":[\"https:\/\/www.chemteq.net\/product\/organic-vapors-breakthrough-indicator-inline\/\"]}]},{\"@type\":\"ImageObject\",\"inLanguage\":\"es\",\"@id\":\"https:\/\/www.chemteq.net\/product\/organic-vapors-breakthrough-indicator-inline\/#primaryimage\",\"url\":\"https:\/\/www.chemteq.net\/wp-content\/uploads\/2021\/04\/Organic-Vapors-BTI-Inline-item-614-040321.jpg\",\"contentUrl\":\"https:\/\/www.chemteq.net\/wp-content\/uploads\/2021\/04\/Organic-Vapors-BTI-Inline-item-614-040321.jpg\",\"width\":1000,\"height\":1000,\"caption\":\"Organic Vapors Breakthrough Indicator-Inline. Reliable, cost effective, direct read and real time indicator for organic vapors.\"},{\"@type\":\"BreadcrumbList\",\"@id\":\"https:\/\/www.chemteq.net\/product\/organic-vapors-breakthrough-indicator-inline\/#breadcrumb\",\"itemListElement\":[{\"@type\":\"ListItem\",\"position\":1,\"name\":\"Home\",\"item\":\"https:\/\/www.chemteq.net\/\"},{\"@type\":\"ListItem\",\"position\":2,\"name\":\"Products\",\"item\":\"https:\/\/www.chemteq.net\/products\/\"},{\"@type\":\"ListItem\",\"position\":3,\"name\":\"Organic Vapors Breakthrough Indicator-Inline\"}]},{\"@type\":\"WebSite\",\"@id\":\"https:\/\/www.chemteq.net\/#website\",\"url\":\"https:\/\/www.chemteq.net\/\",\"name\":\"Chemteq Inc.\",\"description\":\"High Quality And Reliable Devices To Serve Health, Safety And Industrial Hygiene\",\"publisher\":{\"@id\":\"https:\/\/www.chemteq.net\/#organization\"},\"potentialAction\":[{\"@type\":\"SearchAction\",\"target\":{\"@type\":\"EntryPoint\",\"urlTemplate\":\"https:\/\/www.chemteq.net\/?s={search_term_string}\"},\"query-input\":{\"@type\":\"PropertyValueSpecification\",\"valueRequired\":true,\"valueName\":\"search_term_string\"}}],\"inLanguage\":\"es\"},{\"@type\":\"Organization\",\"@id\":\"https:\/\/www.chemteq.net\/#organization\",\"name\":\"Chemteq Inc.\",\"url\":\"https:\/\/www.chemteq.net\/\",\"logo\":{\"@type\":\"ImageObject\",\"inLanguage\":\"es\",\"@id\":\"https:\/\/www.chemteq.net\/#\/schema\/logo\/image\/\",\"url\":\"https:\/\/www.chemteq.net\/wp-content\/uploads\/2021\/04\/ChemteqLogo0112239041421-scaled.jpg\",\"contentUrl\":\"https:\/\/www.chemteq.net\/wp-content\/uploads\/2021\/04\/ChemteqLogo0112239041421-scaled.jpg\",\"width\":2560,\"height\":574,\"caption\":\"Chemteq Inc.\"},\"image\":{\"@id\":\"https:\/\/www.chemteq.net\/#\/schema\/logo\/image\/\"}}]}<\/script>\n<!-- \/ Yoast SEO plugin. -->","yoast_head_json":{"title":"Organic Vapors Breakthrough Indicator-Inline. Reliable indicator","description":"Organic Vapors Breakthrough Indicator-Inline. Reliable, cost effective, direct read and real time indicator for organic vapors.","robots":{"index":"index","follow":"follow","max-snippet":"max-snippet:-1","max-image-preview":"max-image-preview:large","max-video-preview":"max-video-preview:-1"},"canonical":"https:\/\/www.chemteq.net\/es\/producto\/organic-vapors-breakthrough-indicator-inline\/","og_locale":"es_ES","og_type":"article","og_title":"Organic Vapors Breakthrough Indicator-Inline.","og_description":"Organic Vapors Breakthrough Indicator-Inline. Reliable, cost effective, direct read and real time indicator for organic vapors.","og_url":"https:\/\/www.chemteq.net\/es\/producto\/organic-vapors-breakthrough-indicator-inline\/","og_site_name":"Chemteq Inc.","article_modified_time":"2025-05-13T19:10:47+00:00","og_image":[{"width":2560,"height":1829,"url":"https:\/\/www.chemteq.net\/wp-content\/uploads\/2021\/04\/Organic-Vapors-Breakthrough-Indicator-Inline.-Indicator-for-organic-vapors-scaled.jpg","type":"image\/jpeg"}],"twitter_card":"summary_large_image","twitter_title":"Organic Vapors Breakthrough Indicator-Inline. Indicator for organic vapors","twitter_description":"Organic Vapors Breakthrough Indicator-Inline. Reliable, cost effective, direct read and real time indicator for organic vapors.","twitter_image":"https:\/\/www.chemteq.net\/wp-content\/uploads\/2021\/04\/Organic-Vapors-Breakthrough-Indicator-Inline.-Indicator-for-organic-vapors-scaled.jpg","twitter_misc":{"Tiempo de lectura":"2 minutos"},"schema":{"@context":"https:\/\/schema.org","@graph":[{"@type":"WebPage","@id":"https:\/\/www.chemteq.net\/product\/organic-vapors-breakthrough-indicator-inline\/","url":"https:\/\/www.chemteq.net\/product\/organic-vapors-breakthrough-indicator-inline\/","name":"Organic Vapors Breakthrough Indicator-Inline. Reliable indicator","isPartOf":{"@id":"https:\/\/www.chemteq.net\/#website"},"primaryImageOfPage":{"@id":"https:\/\/www.chemteq.net\/product\/organic-vapors-breakthrough-indicator-inline\/#primaryimage"},"image":{"@id":"https:\/\/www.chemteq.net\/product\/organic-vapors-breakthrough-indicator-inline\/#primaryimage"},"thumbnailUrl":"https:\/\/www.chemteq.net\/wp-content\/uploads\/2021\/04\/Organic-Vapors-BTI-Inline-item-614-040321.jpg","datePublished":"2021-04-27T12:27:08+00:00","dateModified":"2025-05-13T19:10:47+00:00","description":"Organic Vapors Breakthrough Indicator-Inline. Reliable, cost effective, direct read and real time indicator for organic vapors.","breadcrumb":{"@id":"https:\/\/www.chemteq.net\/product\/organic-vapors-breakthrough-indicator-inline\/#breadcrumb"},"inLanguage":"es","potentialAction":[{"@type":"ReadAction","target":["https:\/\/www.chemteq.net\/product\/organic-vapors-breakthrough-indicator-inline\/"]}]},{"@type":"ImageObject","inLanguage":"es","@id":"https:\/\/www.chemteq.net\/product\/organic-vapors-breakthrough-indicator-inline\/#primaryimage","url":"https:\/\/www.chemteq.net\/wp-content\/uploads\/2021\/04\/Organic-Vapors-BTI-Inline-item-614-040321.jpg","contentUrl":"https:\/\/www.chemteq.net\/wp-content\/uploads\/2021\/04\/Organic-Vapors-BTI-Inline-item-614-040321.jpg","width":1000,"height":1000,"caption":"Organic Vapors Breakthrough Indicator-Inline. Reliable, cost effective, direct read and real time indicator for organic vapors."},{"@type":"BreadcrumbList","@id":"https:\/\/www.chemteq.net\/product\/organic-vapors-breakthrough-indicator-inline\/#breadcrumb","itemListElement":[{"@type":"ListItem","position":1,"name":"Home","item":"https:\/\/www.chemteq.net\/"},{"@type":"ListItem","position":2,"name":"Products","item":"https:\/\/www.chemteq.net\/products\/"},{"@type":"ListItem","position":3,"name":"Organic Vapors Breakthrough Indicator-Inline"}]},{"@type":"WebSite","@id":"https:\/\/www.chemteq.net\/#website","url":"https:\/\/www.chemteq.net\/","name":"Chemteq Inc.","description":"High Quality And Reliable Devices To Serve Health, Safety And Industrial Hygiene","publisher":{"@id":"https:\/\/www.chemteq.net\/#organization"},"potentialAction":[{"@type":"SearchAction","target":{"@type":"EntryPoint","urlTemplate":"https:\/\/www.chemteq.net\/?s={search_term_string}"},"query-input":{"@type":"PropertyValueSpecification","valueRequired":true,"valueName":"search_term_string"}}],"inLanguage":"es"},{"@type":"Organization","@id":"https:\/\/www.chemteq.net\/#organization","name":"Chemteq Inc.","url":"https:\/\/www.chemteq.net\/","logo":{"@type":"ImageObject","inLanguage":"es","@id":"https:\/\/www.chemteq.net\/#\/schema\/logo\/image\/","url":"https:\/\/www.chemteq.net\/wp-content\/uploads\/2021\/04\/ChemteqLogo0112239041421-scaled.jpg","contentUrl":"https:\/\/www.chemteq.net\/wp-content\/uploads\/2021\/04\/ChemteqLogo0112239041421-scaled.jpg","width":2560,"height":574,"caption":"Chemteq Inc."},"image":{"@id":"https:\/\/www.chemteq.net\/#\/schema\/logo\/image\/"}}]}},"_links":{"self":[{"href":"https:\/\/www.chemteq.net\/es\/wp-json\/wp\/v2\/product\/1475","targetHints":{"allow":["GET"]}}],"collection":[{"href":"https:\/\/www.chemteq.net\/es\/wp-json\/wp\/v2\/product"}],"about":[{"href":"https:\/\/www.chemteq.net\/es\/wp-json\/wp\/v2\/types\/product"}],"wp:featuredmedia":[{"embeddable":true,"href":"https:\/\/www.chemteq.net\/es\/wp-json\/wp\/v2\/media\/1477"}],"wp:attachment":[{"href":"https:\/\/www.chemteq.net\/es\/wp-json\/wp\/v2\/media?parent=1475"}],"wp:term":[{"taxonomy":"product_brand","embeddable":true,"href":"https:\/\/www.chemteq.net\/es\/wp-json\/wp\/v2\/product_brand?post=1475"},{"taxonomy":"product_cat","embeddable":true,"href":"https:\/\/www.chemteq.net\/es\/wp-json\/wp\/v2\/product_cat?post=1475"},{"taxonomy":"product_tag","embeddable":true,"href":"https:\/\/www.chemteq.net\/es\/wp-json\/wp\/v2\/product_tag?post=1475"}],"curies":[{"name":"wp","href":"https:\/\/api.w.org\/{rel}","templated":true}]}}