{"id":1470,"date":"2021-04-27T10:54:46","date_gmt":"2021-04-27T10:54:46","guid":{"rendered":"http:\/\/chemteqinc.wpengine.com\/?post_type=product&#038;p=1470"},"modified":"2025-05-13T18:10:21","modified_gmt":"2025-05-13T18:10:21","slug":"hydrogen-sulfide-breakthrough-indicator-inline-waterproof","status":"publish","type":"product","link":"https:\/\/www.chemteq.net\/es\/producto\/hydrogen-sulfide-breakthrough-indicator-inline-waterproof\/","title":{"rendered":"Hydrogen Sulfide Breakthrough Indicator Inline Waterproof"},"content":{"rendered":"<p>El indicador innovador de sulfuro de hidr\u00f3geno, en l\u00ednea, a prueba de agua, es un medio confiable y rentable para la protecci\u00f3n contra la exposici\u00f3n al sulfuro de hidr\u00f3geno. El indicador se conecta f\u00e1cilmente en l\u00ednea con entrada y salida macho NPT macho de \u00be\u201d. Puede observar el cambio de color brillante y vibrante desde todas las direcciones. El indicador es resistente al agua y tiene una vida \u00fatil y una vida \u00fatil prolongadas.<\/p>\n<div>\n<p>PN 618<\/p>\n<p><b id=\"ext-gen27799\">Especificaciones del producto<\/b><\/p>\n<\/div>\n<div align=\"center\">\n<table border=\"0\" cellspacing=\"0\" cellpadding=\"0\">\n<tbody>\n<tr>\n<td width=\"42\">\n<p align=\"center\">a<\/p>\n<\/td>\n<td valign=\"top\" width=\"348\">Peso:<\/td>\n<td valign=\"top\" width=\"359\">28g (1.0oz)<\/td>\n<\/tr>\n<tr>\n<td width=\"42\">\n<p align=\"center\">b<\/p>\n<\/td>\n<td valign=\"top\" width=\"348\">\n<p id=\"ext-gen20942\">Dimensiones:<\/p>\n<\/td>\n<td valign=\"top\" width=\"359\">89.9mm (3.5in), diameter 24.5mm (1.0in)<\/td>\n<\/tr>\n<tr>\n<td width=\"42\">\n<p align=\"center\">c<\/p>\n<\/td>\n<td valign=\"top\" width=\"348\">\n<p id=\"ext-gen14229\">Inlet and outlet dimensions:<\/p>\n<\/td>\n<td valign=\"top\" width=\"359\">\u00be&#8221; MNPT<\/td>\n<\/tr>\n<tr>\n<td width=\"42\">\n<p align=\"center\">d<\/p>\n<\/td>\n<td valign=\"top\" width=\"348\">Rango de temperatura:<\/td>\n<td valign=\"top\" width=\"359\">-20<sup>o<\/sup>C to 55<sup>o<\/sup>C (-4<sup>o<\/sup>F to 131<sup>o<\/sup>F)<\/td>\n<\/tr>\n<tr>\n<td width=\"42\">\n<p align=\"center\">e<\/p>\n<\/td>\n<td valign=\"top\" width=\"348\">Humedad de funcionamiento: gth:<\/td>\n<td valign=\"top\" width=\"359\">5% RH to 85%RH<\/td>\n<\/tr>\n<tr>\n<td width=\"42\">\n<p align=\"center\">f<\/p>\n<\/td>\n<td valign=\"top\" width=\"348\">L\u00edmite m\u00ednimo detectable:<\/td>\n<td valign=\"top\" width=\"359\">4ppm\u2022min at 30 cm\/sec face velocity<\/td>\n<\/tr>\n<tr>\n<td width=\"42\">\n<p align=\"center\">g<\/p>\n<\/td>\n<td valign=\"top\" width=\"348\">Cambio de color:<\/td>\n<td valign=\"top\" width=\"359\">Green to black<\/td>\n<\/tr>\n<tr>\n<td width=\"42\">\n<p align=\"center\">h<\/p>\n<\/td>\n<td valign=\"top\" width=\"348\">Rango de temperatura:<\/td>\n<td valign=\"top\" width=\"359\">4<sup>o<\/sup>C to 25<sup>o<\/sup>C, (39<sup>o<\/sup>F to 77<sup>o<\/sup>F)<\/td>\n<\/tr>\n<tr>\n<td width=\"42\">\n<p align=\"center\">i<\/p>\n<\/td>\n<td valign=\"top\" width=\"348\">Rango de vida \u00fatil:<\/td>\n<td valign=\"top\" width=\"359\">2 years at 4<sup>o<\/sup>C to 25<sup>o<\/sup>C, (39<sup>o<\/sup>F to 77<sup>o<\/sup>F)<\/td>\n<\/tr>\n<tr>\n<td width=\"42\">\n<p align=\"center\">j<\/p>\n<\/td>\n<td valign=\"top\" width=\"348\">Vida de servicio:<\/td>\n<td valign=\"top\" width=\"359\">2 years<\/td>\n<\/tr>\n<\/tbody>\n<\/table>\n<div align=\"center\"><b><span id=\"ext-gen34053\">Kit de recarga<\/span><\/b><br \/>\n<b><\/b><\/div>\n<div>\n<p><b><span id=\"ext-gen13501\">EL SULFURO DE HIDR\u00d3GENO BTI EN L\u00cdNEA SE PUEDE REUTILIZAR REEMPLAZANDO EL INDICADOR DE SULFURO DE HIDR\u00d3GENO AGOTADO CON EL CONJUNTO DEL INDICADOR DE SULFURO DE HIDR\u00d3GENO NUEVO.<\/span><\/b><\/p>\n<p>El kit de recarga en l\u00ednea BTI de sulfuro de hidr\u00f3geno, art\u00edculo n.\u00ba 618-5000, incluye:<br \/>\n1- Un conjunto indicador de sulfuro de hidr\u00f3geno (art\u00edculo n.\u00ba 618-1600)<br \/>\n2- Dos tapones porosos (Art\u00edculo No. 617-1400)<\/p>\n<p>Pico de gancho en miniatura (N.\u00b0 de art\u00edculo 431-9100) Opcional<\/p>\n<\/div>\n<p>Por favor ll\u00e1manos (<span id=\"ext-gen22116\">1-855-243-6837) or\u00a0<\/span><a href=\"mailto:sales@chemteq.net\" target=\"\" rel=\"noopener\">email us<\/a><\/p>\n<p style=\"text-align: left\">Productos relacionados<br \/>\n<a href=\"https:\/\/www.chemteq.net\/es\/producto\/hydrogen-sulfide-gas-area-monitor\/\" target=\"_blank\" rel=\"noopener\">Hydrogen Sulfide Area Monitor<\/a>. Para monitorear la calidad del aire<br \/>\n<a href=\"https:\/\/www.chemteq.net\/es\/producto\/hydrogen-sulfide-gas-saturation-indicator-sticker-for-ductless-hood-filters\/\" target=\"_blank\" rel=\"noopener\">Hydrogen Sulfide BTIS<\/a>. <span style=\"font-size: 11.0pt;font-family: 'Bahnschrift',sans-serif\">Filter change indicator for ductless hood and fume extractor filters<\/span><\/p>\n<p style=\"text-align: left\">Enlaces \u00fatiles<br \/>\n<a href=\"https:\/\/www.cdc.gov\/niosh\/npg\/npgd0337.html\" target=\"_blank\" rel=\"noopener\">NIOSH<\/a><\/p>\n<\/div>","protected":false},"excerpt":{"rendered":"<p>Caracter\u00edsticas del producto<br \/>\nMinimum detectable limit: 4ppm\u2022min<br \/>\nCambio de color: verde a negro<\/p>\n<p>Inlet &amp; outlet dimensions: \u00be&#8221; Male NPT<\/p>\n<p>Vida \u00fatil: 2 a\u00f1os<\/p>","protected":false},"featured_media":2106,"template":"","meta":{"_acf_changed":false,"site-sidebar-layout":"default","site-content-layout":"default","ast-site-content-layout":"default","site-content-style":"default","site-sidebar-style":"default","ast-global-header-display":"","ast-banner-title-visibility":"","ast-main-header-display":"","ast-hfb-above-header-display":"","ast-hfb-below-header-display":"","ast-hfb-mobile-header-display":"","site-post-title":"","ast-breadcrumbs-content":"","ast-featured-img":"","footer-sml-layout":"","theme-transparent-header-meta":"default","adv-header-id-meta":"","stick-header-meta":"default","header-above-stick-meta":"","header-main-stick-meta":"","header-below-stick-meta":"","astra-migrate-meta-layouts":"set","ast-page-background-enabled":"default","ast-page-background-meta":{"desktop":{"background-color":"","background-image":"","background-repeat":"repeat","background-position":"center center","background-size":"auto","background-attachment":"scroll","background-type":"","background-media":"","overlay-type":"","overlay-color":"","overlay-opacity":"","overlay-gradient":""},"tablet":{"background-color":"","background-image":"","background-repeat":"repeat","background-position":"center center","background-size":"auto","background-attachment":"scroll","background-type":"","background-media":"","overlay-type":"","overlay-color":"","overlay-opacity":"","overlay-gradient":""},"mobile":{"background-color":"","background-image":"","background-repeat":"repeat","background-position":"center center","background-size":"auto","background-attachment":"scroll","background-type":"","background-media":"","overlay-type":"","overlay-color":"","overlay-opacity":"","overlay-gradient":""}},"ast-content-background-meta":{"desktop":{"background-color":"var(--ast-global-color-5)","background-image":"","background-repeat":"repeat","background-position":"center center","background-size":"auto","background-attachment":"scroll","background-type":"","background-media":"","overlay-type":"","overlay-color":"","overlay-opacity":"","overlay-gradient":""},"tablet":{"background-color":"var(--ast-global-color-5)","background-image":"","background-repeat":"repeat","background-position":"center center","background-size":"auto","background-attachment":"scroll","background-type":"","background-media":"","overlay-type":"","overlay-color":"","overlay-opacity":"","overlay-gradient":""},"mobile":{"background-color":"var(--ast-global-color-5)","background-image":"","background-repeat":"repeat","background-position":"center center","background-size":"auto","background-attachment":"scroll","background-type":"","background-media":"","overlay-type":"","overlay-color":"","overlay-opacity":"","overlay-gradient":""}}},"product_brand":[],"product_cat":[59],"product_tag":[78,65,61],"class_list":{"0":"post-1470","1":"product","2":"type-product","3":"status-publish","4":"has-post-thumbnail","6":"product_cat-bti-inline-breakthrough-indicators-inline","7":"product_tag-chemical-industries-emission-control-products","8":"product_tag-odor-emission-control-products","9":"product_tag-wastewater-treatment-emission-control-products","10":"desktop-align-left","11":"tablet-align-left","12":"mobile-align-left","13":"ast-product-gallery-layout-horizontal","14":"ast-product-gallery-with-no-image","15":"ast-product-tabs-layout-horizontal","17":"first","18":"instock","19":"taxable","20":"shipping-taxable","21":"purchasable","22":"product-type-simple"},"acf":[],"yoast_head":"<!-- This site is optimized with the Yoast SEO plugin v27.4 - https:\/\/yoast.com\/product\/yoast-seo-wordpress\/ -->\n<title>Hydrogen Sulfide Breakthrough Indicator-Inline-Waterproof. Reliable<\/title>\n<meta name=\"description\" content=\"Hydrogen Sulfide Breakthrough Indicator-Inline-Waterproof. Real time indication of hydrogen sulfide. Reliable and cost effective.\" \/>\n<meta name=\"robots\" content=\"index, follow, max-snippet:-1, max-image-preview:large, max-video-preview:-1\" \/>\n<link rel=\"canonical\" href=\"https:\/\/www.chemteq.net\/es\/producto\/hydrogen-sulfide-breakthrough-indicator-inline-waterproof\/\" \/>\n<meta property=\"og:locale\" content=\"es_ES\" \/>\n<meta property=\"og:type\" content=\"article\" \/>\n<meta property=\"og:title\" content=\"Hydrogen Sulfide Breakthrough Indicator-Inline-Waterproof.\" \/>\n<meta property=\"og:description\" content=\"Hydrogen Sulfide Breakthrough Indicator-Inline-Waterproof. Real time indication of hydrogen sulfide. Reliable and cost effective.\" \/>\n<meta property=\"og:url\" content=\"https:\/\/www.chemteq.net\/es\/producto\/hydrogen-sulfide-breakthrough-indicator-inline-waterproof\/\" \/>\n<meta property=\"og:site_name\" content=\"Chemteq Inc.\" \/>\n<meta property=\"article:modified_time\" content=\"2025-05-13T18:10:21+00:00\" \/>\n<meta property=\"og:image\" content=\"https:\/\/www.chemteq.net\/wp-content\/uploads\/2021\/04\/Hydrogen-Sulfide-Breakthrough-Indicator-Inline-Waterproof-scaled.jpg\" \/>\n\t<meta property=\"og:image:width\" content=\"2560\" \/>\n\t<meta property=\"og:image:height\" content=\"1829\" \/>\n\t<meta property=\"og:image:type\" content=\"image\/jpeg\" \/>\n<meta name=\"twitter:card\" content=\"summary_large_image\" \/>\n<meta name=\"twitter:title\" content=\"Hydrogen Sulfide Breakthrough Indicator-Inline-Waterproof.\" \/>\n<meta name=\"twitter:description\" content=\"Hydrogen Sulfide Breakthrough Indicator-Inline-Waterproof. Real time indication of hydrogen sulfide. Reliable and cost effective.\" \/>\n<meta name=\"twitter:image\" content=\"https:\/\/www.chemteq.net\/wp-content\/uploads\/2021\/04\/Hydrogen-Sulfide-Breakthrough-Indicator-Inline-Waterproof-scaled.jpg\" \/>\n<meta name=\"twitter:label1\" content=\"Tiempo de lectura\" \/>\n\t<meta name=\"twitter:data1\" content=\"2 minutos\" \/>\n<script type=\"application\/ld+json\" class=\"yoast-schema-graph\">{\"@context\":\"https:\\\/\\\/schema.org\",\"@graph\":[{\"@type\":\"WebPage\",\"@id\":\"https:\\\/\\\/www.chemteq.net\\\/product\\\/hydrogen-sulfide-breakthrough-indicator-inline-waterproof\\\/\",\"url\":\"https:\\\/\\\/www.chemteq.net\\\/product\\\/hydrogen-sulfide-breakthrough-indicator-inline-waterproof\\\/\",\"name\":\"Hydrogen Sulfide Breakthrough Indicator-Inline-Waterproof. Reliable\",\"isPartOf\":{\"@id\":\"https:\\\/\\\/www.chemteq.net\\\/#website\"},\"primaryImageOfPage\":{\"@id\":\"https:\\\/\\\/www.chemteq.net\\\/product\\\/hydrogen-sulfide-breakthrough-indicator-inline-waterproof\\\/#primaryimage\"},\"image\":{\"@id\":\"https:\\\/\\\/www.chemteq.net\\\/product\\\/hydrogen-sulfide-breakthrough-indicator-inline-waterproof\\\/#primaryimage\"},\"thumbnailUrl\":\"https:\\\/\\\/www.chemteq.net\\\/wp-content\\\/uploads\\\/2021\\\/04\\\/Hydrogen-Sulfide-BTI-Inline-WP-item-618-051721.jpg\",\"datePublished\":\"2021-04-27T10:54:46+00:00\",\"dateModified\":\"2025-05-13T18:10:21+00:00\",\"description\":\"Hydrogen Sulfide Breakthrough Indicator-Inline-Waterproof. Real time indication of hydrogen sulfide. Reliable and cost effective.\",\"breadcrumb\":{\"@id\":\"https:\\\/\\\/www.chemteq.net\\\/product\\\/hydrogen-sulfide-breakthrough-indicator-inline-waterproof\\\/#breadcrumb\"},\"inLanguage\":\"es\",\"potentialAction\":[{\"@type\":\"ReadAction\",\"target\":[\"https:\\\/\\\/www.chemteq.net\\\/product\\\/hydrogen-sulfide-breakthrough-indicator-inline-waterproof\\\/\"]}]},{\"@type\":\"ImageObject\",\"inLanguage\":\"es\",\"@id\":\"https:\\\/\\\/www.chemteq.net\\\/product\\\/hydrogen-sulfide-breakthrough-indicator-inline-waterproof\\\/#primaryimage\",\"url\":\"https:\\\/\\\/www.chemteq.net\\\/wp-content\\\/uploads\\\/2021\\\/04\\\/Hydrogen-Sulfide-BTI-Inline-WP-item-618-051721.jpg\",\"contentUrl\":\"https:\\\/\\\/www.chemteq.net\\\/wp-content\\\/uploads\\\/2021\\\/04\\\/Hydrogen-Sulfide-BTI-Inline-WP-item-618-051721.jpg\",\"width\":2160,\"height\":2160,\"caption\":\"Hydrogen Sulfide Breakthrough Indicator Inline Waterproof. Reliable and cost effective.\"},{\"@type\":\"BreadcrumbList\",\"@id\":\"https:\\\/\\\/www.chemteq.net\\\/product\\\/hydrogen-sulfide-breakthrough-indicator-inline-waterproof\\\/#breadcrumb\",\"itemListElement\":[{\"@type\":\"ListItem\",\"position\":1,\"name\":\"Home\",\"item\":\"https:\\\/\\\/www.chemteq.net\\\/\"},{\"@type\":\"ListItem\",\"position\":2,\"name\":\"Products\",\"item\":\"https:\\\/\\\/www.chemteq.net\\\/products\\\/\"},{\"@type\":\"ListItem\",\"position\":3,\"name\":\"Hydrogen Sulfide Breakthrough Indicator Inline Waterproof\"}]},{\"@type\":\"WebSite\",\"@id\":\"https:\\\/\\\/www.chemteq.net\\\/#website\",\"url\":\"https:\\\/\\\/www.chemteq.net\\\/\",\"name\":\"Chemteq Inc.\",\"description\":\"High Quality And Reliable Devices To Serve Health, Safety And Industrial Hygiene\",\"publisher\":{\"@id\":\"https:\\\/\\\/www.chemteq.net\\\/#organization\"},\"potentialAction\":[{\"@type\":\"SearchAction\",\"target\":{\"@type\":\"EntryPoint\",\"urlTemplate\":\"https:\\\/\\\/www.chemteq.net\\\/?s={search_term_string}\"},\"query-input\":{\"@type\":\"PropertyValueSpecification\",\"valueRequired\":true,\"valueName\":\"search_term_string\"}}],\"inLanguage\":\"es\"},{\"@type\":\"Organization\",\"@id\":\"https:\\\/\\\/www.chemteq.net\\\/#organization\",\"name\":\"Chemteq Inc.\",\"url\":\"https:\\\/\\\/www.chemteq.net\\\/\",\"logo\":{\"@type\":\"ImageObject\",\"inLanguage\":\"es\",\"@id\":\"https:\\\/\\\/www.chemteq.net\\\/#\\\/schema\\\/logo\\\/image\\\/\",\"url\":\"https:\\\/\\\/www.chemteq.net\\\/wp-content\\\/uploads\\\/2021\\\/04\\\/ChemteqLogo0112239041421-scaled.jpg\",\"contentUrl\":\"https:\\\/\\\/www.chemteq.net\\\/wp-content\\\/uploads\\\/2021\\\/04\\\/ChemteqLogo0112239041421-scaled.jpg\",\"width\":2560,\"height\":574,\"caption\":\"Chemteq Inc.\"},\"image\":{\"@id\":\"https:\\\/\\\/www.chemteq.net\\\/#\\\/schema\\\/logo\\\/image\\\/\"}}]}<\/script>\n<!-- \/ Yoast SEO plugin. -->","yoast_head_json":{"title":"Hydrogen Sulfide Breakthrough Indicator-Inline-Waterproof. Reliable","description":"Hydrogen Sulfide Breakthrough Indicator-Inline-Waterproof. Real time indication of hydrogen sulfide. Reliable and cost effective.","robots":{"index":"index","follow":"follow","max-snippet":"max-snippet:-1","max-image-preview":"max-image-preview:large","max-video-preview":"max-video-preview:-1"},"canonical":"https:\/\/www.chemteq.net\/es\/producto\/hydrogen-sulfide-breakthrough-indicator-inline-waterproof\/","og_locale":"es_ES","og_type":"article","og_title":"Hydrogen Sulfide Breakthrough Indicator-Inline-Waterproof.","og_description":"Hydrogen Sulfide Breakthrough Indicator-Inline-Waterproof. Real time indication of hydrogen sulfide. Reliable and cost effective.","og_url":"https:\/\/www.chemteq.net\/es\/producto\/hydrogen-sulfide-breakthrough-indicator-inline-waterproof\/","og_site_name":"Chemteq Inc.","article_modified_time":"2025-05-13T18:10:21+00:00","og_image":[{"width":2560,"height":1829,"url":"https:\/\/www.chemteq.net\/wp-content\/uploads\/2021\/04\/Hydrogen-Sulfide-Breakthrough-Indicator-Inline-Waterproof-scaled.jpg","type":"image\/jpeg"}],"twitter_card":"summary_large_image","twitter_title":"Hydrogen Sulfide Breakthrough Indicator-Inline-Waterproof.","twitter_description":"Hydrogen Sulfide Breakthrough Indicator-Inline-Waterproof. Real time indication of hydrogen sulfide. Reliable and cost effective.","twitter_image":"https:\/\/www.chemteq.net\/wp-content\/uploads\/2021\/04\/Hydrogen-Sulfide-Breakthrough-Indicator-Inline-Waterproof-scaled.jpg","twitter_misc":{"Tiempo de lectura":"2 minutos"},"schema":{"@context":"https:\/\/schema.org","@graph":[{"@type":"WebPage","@id":"https:\/\/www.chemteq.net\/product\/hydrogen-sulfide-breakthrough-indicator-inline-waterproof\/","url":"https:\/\/www.chemteq.net\/product\/hydrogen-sulfide-breakthrough-indicator-inline-waterproof\/","name":"Hydrogen Sulfide Breakthrough Indicator-Inline-Waterproof. Reliable","isPartOf":{"@id":"https:\/\/www.chemteq.net\/#website"},"primaryImageOfPage":{"@id":"https:\/\/www.chemteq.net\/product\/hydrogen-sulfide-breakthrough-indicator-inline-waterproof\/#primaryimage"},"image":{"@id":"https:\/\/www.chemteq.net\/product\/hydrogen-sulfide-breakthrough-indicator-inline-waterproof\/#primaryimage"},"thumbnailUrl":"https:\/\/www.chemteq.net\/wp-content\/uploads\/2021\/04\/Hydrogen-Sulfide-BTI-Inline-WP-item-618-051721.jpg","datePublished":"2021-04-27T10:54:46+00:00","dateModified":"2025-05-13T18:10:21+00:00","description":"Hydrogen Sulfide Breakthrough Indicator-Inline-Waterproof. Real time indication of hydrogen sulfide. Reliable and cost effective.","breadcrumb":{"@id":"https:\/\/www.chemteq.net\/product\/hydrogen-sulfide-breakthrough-indicator-inline-waterproof\/#breadcrumb"},"inLanguage":"es","potentialAction":[{"@type":"ReadAction","target":["https:\/\/www.chemteq.net\/product\/hydrogen-sulfide-breakthrough-indicator-inline-waterproof\/"]}]},{"@type":"ImageObject","inLanguage":"es","@id":"https:\/\/www.chemteq.net\/product\/hydrogen-sulfide-breakthrough-indicator-inline-waterproof\/#primaryimage","url":"https:\/\/www.chemteq.net\/wp-content\/uploads\/2021\/04\/Hydrogen-Sulfide-BTI-Inline-WP-item-618-051721.jpg","contentUrl":"https:\/\/www.chemteq.net\/wp-content\/uploads\/2021\/04\/Hydrogen-Sulfide-BTI-Inline-WP-item-618-051721.jpg","width":2160,"height":2160,"caption":"Hydrogen Sulfide Breakthrough Indicator Inline Waterproof. Reliable and cost effective."},{"@type":"BreadcrumbList","@id":"https:\/\/www.chemteq.net\/product\/hydrogen-sulfide-breakthrough-indicator-inline-waterproof\/#breadcrumb","itemListElement":[{"@type":"ListItem","position":1,"name":"Home","item":"https:\/\/www.chemteq.net\/"},{"@type":"ListItem","position":2,"name":"Products","item":"https:\/\/www.chemteq.net\/products\/"},{"@type":"ListItem","position":3,"name":"Hydrogen Sulfide Breakthrough Indicator Inline Waterproof"}]},{"@type":"WebSite","@id":"https:\/\/www.chemteq.net\/#website","url":"https:\/\/www.chemteq.net\/","name":"Chemteq Inc.","description":"High Quality And Reliable Devices To Serve Health, Safety And Industrial Hygiene","publisher":{"@id":"https:\/\/www.chemteq.net\/#organization"},"potentialAction":[{"@type":"SearchAction","target":{"@type":"EntryPoint","urlTemplate":"https:\/\/www.chemteq.net\/?s={search_term_string}"},"query-input":{"@type":"PropertyValueSpecification","valueRequired":true,"valueName":"search_term_string"}}],"inLanguage":"es"},{"@type":"Organization","@id":"https:\/\/www.chemteq.net\/#organization","name":"Chemteq Inc.","url":"https:\/\/www.chemteq.net\/","logo":{"@type":"ImageObject","inLanguage":"es","@id":"https:\/\/www.chemteq.net\/#\/schema\/logo\/image\/","url":"https:\/\/www.chemteq.net\/wp-content\/uploads\/2021\/04\/ChemteqLogo0112239041421-scaled.jpg","contentUrl":"https:\/\/www.chemteq.net\/wp-content\/uploads\/2021\/04\/ChemteqLogo0112239041421-scaled.jpg","width":2560,"height":574,"caption":"Chemteq Inc."},"image":{"@id":"https:\/\/www.chemteq.net\/#\/schema\/logo\/image\/"}}]}},"_links":{"self":[{"href":"https:\/\/www.chemteq.net\/es\/wp-json\/wp\/v2\/product\/1470","targetHints":{"allow":["GET"]}}],"collection":[{"href":"https:\/\/www.chemteq.net\/es\/wp-json\/wp\/v2\/product"}],"about":[{"href":"https:\/\/www.chemteq.net\/es\/wp-json\/wp\/v2\/types\/product"}],"wp:featuredmedia":[{"embeddable":true,"href":"https:\/\/www.chemteq.net\/es\/wp-json\/wp\/v2\/media\/2106"}],"wp:attachment":[{"href":"https:\/\/www.chemteq.net\/es\/wp-json\/wp\/v2\/media?parent=1470"}],"wp:term":[{"taxonomy":"product_brand","embeddable":true,"href":"https:\/\/www.chemteq.net\/es\/wp-json\/wp\/v2\/product_brand?post=1470"},{"taxonomy":"product_cat","embeddable":true,"href":"https:\/\/www.chemteq.net\/es\/wp-json\/wp\/v2\/product_cat?post=1470"},{"taxonomy":"product_tag","embeddable":true,"href":"https:\/\/www.chemteq.net\/es\/wp-json\/wp\/v2\/product_tag?post=1470"}],"curies":[{"name":"wp","href":"https:\/\/api.w.org\/{rel}","templated":true}]}}