{"id":1461,"date":"2021-04-27T10:46:15","date_gmt":"2021-04-27T10:46:15","guid":{"rendered":"http:\/\/chemteqinc.wpengine.com\/?post_type=product&#038;p=1461"},"modified":"2025-05-13T18:10:18","modified_gmt":"2025-05-13T18:10:18","slug":"humidity-breakthrough-indicator-inline","status":"publish","type":"product","link":"https:\/\/www.chemteq.net\/es\/producto\/humidity-breakthrough-indicator-inline\/","title":{"rendered":"Indicador de avance de humedad en l\u00ednea"},"content":{"rendered":"<p>Indicador de avance de humedad en l\u00ednea. El indicador se conecta f\u00e1cilmente en l\u00ednea con entrada y salida macho NPT macho de \u00be\u201d. Es sensible a los vapores de humedad. Puede observar el cambio de color brillante y vibrante desde todas las direcciones.<\/p>\n<div>\n<p>PN 615<\/p>\n<p><b id=\"ext-gen27799\">Especificaciones del producto<\/b><\/p>\n<table>\n<tbody>\n<tr>\n<td width=\"24\">a<\/td>\n<td width=\"180\">Peso:<\/td>\n<td width=\"420\">28g (1.0oz)<\/td>\n<\/tr>\n<tr>\n<td width=\"24\">b<\/td>\n<td width=\"180\">Dimensiones:<\/td>\n<td width=\"420\">89.9mm (3.5in), diameter 24.5mm (1.0in)<\/td>\n<\/tr>\n<tr>\n<td width=\"24\">c<\/td>\n<td width=\"180\">Inlet and outlet dimensions:<\/td>\n<td width=\"420\">\u00be&#8221; MNPT<\/td>\n<\/tr>\n<tr>\n<td width=\"24\">d<\/td>\n<td width=\"180\">Rango de temperatura:<\/td>\n<td width=\"420\">0<sup>o<\/sup>C to 65<sup>o<\/sup>C (32<sup>o<\/sup>F to 149<sup>o<\/sup>F)<\/td>\n<\/tr>\n<tr>\n<td width=\"24\">e<\/td>\n<td width=\"180\">L\u00edmite m\u00ednimo detectable:<\/td>\n<td width=\"420\">15\u03bcg\/cm<sup>3<\/sup> (50%RH at 23<sup>o<\/sup>C) in 20 minutes at 30cm\/min air flow<span style=\"color: #ff00ff\">*<\/span><\/td>\n<\/tr>\n<tr>\n<td width=\"24\">f<\/td>\n<td width=\"180\">Cambio de color:<\/td>\n<td width=\"420\">See product image<\/td>\n<\/tr>\n<tr>\n<td width=\"24\">g<\/td>\n<td width=\"180\">Rango de temperatura:<\/td>\n<td width=\"420\">4<sup>o<\/sup>C to 25<sup>o<\/sup>C, (39<sup>o<\/sup>F to 77<sup>o<\/sup>F)<\/td>\n<\/tr>\n<tr>\n<td width=\"24\">h<\/td>\n<td width=\"180\">Rango de vida \u00fatil:<\/td>\n<td width=\"420\">1 year at 4<sup>o<\/sup>C to 25<sup>o<\/sup>C, (39<sup>o<\/sup>F to 77<sup>o<\/sup>F)<\/td>\n<\/tr>\n<tr>\n<td width=\"24\">i<\/td>\n<td width=\"180\">Vida de servicio:<\/td>\n<td width=\"420\">1 year<\/td>\n<\/tr>\n<\/tbody>\n<\/table>\n<p><span style=\"color: #ff00ff\">* A cierto porcentaje de humedad relativa (%HR), humedad absoluta (\u03bcg\/cm<sup>3<\/sup>) var\u00eda significativamente con la temperatura y, en consecuencia, el tiempo de respuesta del indicador. Por ejemplo, a 50% HR y 10<sup>o<\/sup>C, absolute humidity is 4.7\u03bcg\/cm<sup>3<\/sup>. En consecuencia, el indicador tarda 46 minutos en mostrar un cambio de color perceptible, mientras que a 50 % de HR y 35<sup>o<\/sup>C, absolute humidity is 19.7\u03bcg\/cm<sup>3<\/sup>. En consecuencia, el indicador tarda 10 minutos en mostrar un cambio de color notable.<\/span><\/p>\n<p>Enlaces \u00fatiles<\/p>\n<p style=\"margin: 0in\"><a href=\"https:\/\/www.weather.gov\/lmk\/humidity\" target=\"_blank\" rel=\"noopener\"><span style=\"font-size: 11.0pt;font-family: 'Bahnschrift',sans-serif\">Diferencia entre humedad absoluta y relativa<\/span><\/a><\/p>\n<p>Indicador de avance de humedad en l\u00ednea<\/p>\n<\/div>","protected":false},"excerpt":{"rendered":"<p>Caracter\u00edsticas del producto<br \/>\nMinimum detectable limit: 15\u03bcg\/cm<sup>3<\/sup> (50%RH at 23<sup>o<\/sup>C) in 20 minutes at 30cm\/min air flow<span style=\"color: #0000ef\">*<\/span><br \/>\nColor Change: See product image<\/p>\n<p>Inlet &amp; outlet dimensions: \u00be&#8221; Male NPT<\/p>\n<p>Vida \u00fatil: 1 a\u00f1o<\/p>","protected":false},"featured_media":2116,"template":"","meta":{"_acf_changed":false,"site-sidebar-layout":"default","site-content-layout":"default","ast-site-content-layout":"default","site-content-style":"default","site-sidebar-style":"default","ast-global-header-display":"","ast-banner-title-visibility":"","ast-main-header-display":"","ast-hfb-above-header-display":"","ast-hfb-below-header-display":"","ast-hfb-mobile-header-display":"","site-post-title":"","ast-breadcrumbs-content":"","ast-featured-img":"","footer-sml-layout":"","theme-transparent-header-meta":"default","adv-header-id-meta":"","stick-header-meta":"default","header-above-stick-meta":"","header-main-stick-meta":"","header-below-stick-meta":"","astra-migrate-meta-layouts":"set","ast-page-background-enabled":"default","ast-page-background-meta":{"desktop":{"background-color":"","background-image":"","background-repeat":"repeat","background-position":"center center","background-size":"auto","background-attachment":"scroll","background-type":"","background-media":"","overlay-type":"","overlay-color":"","overlay-opacity":"","overlay-gradient":""},"tablet":{"background-color":"","background-image":"","background-repeat":"repeat","background-position":"center center","background-size":"auto","background-attachment":"scroll","background-type":"","background-media":"","overlay-type":"","overlay-color":"","overlay-opacity":"","overlay-gradient":""},"mobile":{"background-color":"","background-image":"","background-repeat":"repeat","background-position":"center center","background-size":"auto","background-attachment":"scroll","background-type":"","background-media":"","overlay-type":"","overlay-color":"","overlay-opacity":"","overlay-gradient":""}},"ast-content-background-meta":{"desktop":{"background-color":"var(--ast-global-color-5)","background-image":"","background-repeat":"repeat","background-position":"center center","background-size":"auto","background-attachment":"scroll","background-type":"","background-media":"","overlay-type":"","overlay-color":"","overlay-opacity":"","overlay-gradient":""},"tablet":{"background-color":"var(--ast-global-color-5)","background-image":"","background-repeat":"repeat","background-position":"center center","background-size":"auto","background-attachment":"scroll","background-type":"","background-media":"","overlay-type":"","overlay-color":"","overlay-opacity":"","overlay-gradient":""},"mobile":{"background-color":"var(--ast-global-color-5)","background-image":"","background-repeat":"repeat","background-position":"center center","background-size":"auto","background-attachment":"scroll","background-type":"","background-media":"","overlay-type":"","overlay-color":"","overlay-opacity":"","overlay-gradient":""}}},"product_brand":[],"product_cat":[59],"product_tag":[60,78,69,68],"class_list":{"0":"post-1461","1":"product","2":"type-product","3":"status-publish","4":"has-post-thumbnail","6":"product_cat-bti-inline-breakthrough-indicators-inline","7":"product_tag-aerospace","8":"product_tag-chemical-industries-emission-control-products","9":"product_tag-laboratories-emission-control-products","10":"product_tag-life-sciences-emission-control-products","11":"desktop-align-left","12":"tablet-align-left","13":"mobile-align-left","14":"ast-product-gallery-layout-horizontal","15":"ast-product-gallery-with-no-image","16":"ast-product-tabs-layout-horizontal","18":"first","19":"instock","20":"taxable","21":"shipping-taxable","22":"purchasable","23":"product-type-simple"},"acf":[],"yoast_head":"<!-- This site is optimized with the Yoast SEO plugin v26.3 - https:\/\/yoast.com\/wordpress\/plugins\/seo\/ -->\n<title>Humidity Breakthrough Indicator Inline. Indicate humidity levels.<\/title>\n<meta name=\"description\" content=\"Humidity Breakthrough Indicator Inline. Direct read and real time indication of humidity level. Reliable and cost effective.\" \/>\n<meta name=\"robots\" content=\"index, follow, max-snippet:-1, max-image-preview:large, max-video-preview:-1\" \/>\n<link rel=\"canonical\" href=\"https:\/\/www.chemteq.net\/es\/producto\/humidity-breakthrough-indicator-inline\/\" \/>\n<meta property=\"og:locale\" content=\"es_ES\" \/>\n<meta property=\"og:type\" content=\"article\" \/>\n<meta property=\"og:title\" content=\"Humidity Breakthrough Indicator Inline\" \/>\n<meta property=\"og:description\" content=\"Humidity Breakthrough Indicator Inline. Direct read and real time indication of humidity level. Reliable and cost effective.\" \/>\n<meta property=\"og:url\" content=\"https:\/\/www.chemteq.net\/es\/producto\/humidity-breakthrough-indicator-inline\/\" \/>\n<meta property=\"og:site_name\" content=\"Chemteq Inc.\" \/>\n<meta property=\"article:modified_time\" content=\"2025-05-13T18:10:18+00:00\" \/>\n<meta property=\"og:image\" content=\"https:\/\/www.chemteq.net\/wp-content\/uploads\/2021\/04\/Humidity-Breakthrough-Indicator-Inline-scaled.jpg\" \/>\n\t<meta property=\"og:image:width\" content=\"2560\" \/>\n\t<meta property=\"og:image:height\" content=\"1829\" \/>\n\t<meta property=\"og:image:type\" content=\"image\/jpeg\" \/>\n<meta name=\"twitter:card\" content=\"summary_large_image\" \/>\n<meta name=\"twitter:title\" content=\"Humidity Breakthrough Indicator Inline.\" \/>\n<meta name=\"twitter:description\" content=\"Humidity Breakthrough Indicator Inline. Direct read and real time indication of humidity level. Reliable and cost effective.\" \/>\n<meta name=\"twitter:image\" content=\"https:\/\/www.chemteq.net\/wp-content\/uploads\/2021\/04\/Humidity-Breakthrough-Indicator-Inline-scaled.jpg\" \/>\n<meta name=\"twitter:label1\" content=\"Tiempo de lectura\" \/>\n\t<meta name=\"twitter:data1\" content=\"2 minutos\" \/>\n<script type=\"application\/ld+json\" class=\"yoast-schema-graph\">{\"@context\":\"https:\/\/schema.org\",\"@graph\":[{\"@type\":\"WebPage\",\"@id\":\"https:\/\/www.chemteq.net\/product\/humidity-breakthrough-indicator-inline\/\",\"url\":\"https:\/\/www.chemteq.net\/product\/humidity-breakthrough-indicator-inline\/\",\"name\":\"Humidity Breakthrough Indicator Inline. Indicate humidity levels.\",\"isPartOf\":{\"@id\":\"https:\/\/www.chemteq.net\/#website\"},\"primaryImageOfPage\":{\"@id\":\"https:\/\/www.chemteq.net\/product\/humidity-breakthrough-indicator-inline\/#primaryimage\"},\"image\":{\"@id\":\"https:\/\/www.chemteq.net\/product\/humidity-breakthrough-indicator-inline\/#primaryimage\"},\"thumbnailUrl\":\"https:\/\/www.chemteq.net\/wp-content\/uploads\/2021\/04\/Humidity-BTI-inline-A-051721.jpg\",\"datePublished\":\"2021-04-27T10:46:15+00:00\",\"dateModified\":\"2025-05-13T18:10:18+00:00\",\"description\":\"Humidity Breakthrough Indicator Inline. Direct read and real time indication of humidity level. Reliable and cost effective.\",\"breadcrumb\":{\"@id\":\"https:\/\/www.chemteq.net\/product\/humidity-breakthrough-indicator-inline\/#breadcrumb\"},\"inLanguage\":\"es\",\"potentialAction\":[{\"@type\":\"ReadAction\",\"target\":[\"https:\/\/www.chemteq.net\/product\/humidity-breakthrough-indicator-inline\/\"]}]},{\"@type\":\"ImageObject\",\"inLanguage\":\"es\",\"@id\":\"https:\/\/www.chemteq.net\/product\/humidity-breakthrough-indicator-inline\/#primaryimage\",\"url\":\"https:\/\/www.chemteq.net\/wp-content\/uploads\/2021\/04\/Humidity-BTI-inline-A-051721.jpg\",\"contentUrl\":\"https:\/\/www.chemteq.net\/wp-content\/uploads\/2021\/04\/Humidity-BTI-inline-A-051721.jpg\",\"width\":2160,\"height\":2160,\"caption\":\"Humidity Breakthrough Indicator Inline. Reliable and cost effective.\"},{\"@type\":\"BreadcrumbList\",\"@id\":\"https:\/\/www.chemteq.net\/product\/humidity-breakthrough-indicator-inline\/#breadcrumb\",\"itemListElement\":[{\"@type\":\"ListItem\",\"position\":1,\"name\":\"Home\",\"item\":\"https:\/\/www.chemteq.net\/\"},{\"@type\":\"ListItem\",\"position\":2,\"name\":\"Products\",\"item\":\"https:\/\/www.chemteq.net\/products\/\"},{\"@type\":\"ListItem\",\"position\":3,\"name\":\"Humidity Breakthrough Indicator Inline\"}]},{\"@type\":\"WebSite\",\"@id\":\"https:\/\/www.chemteq.net\/#website\",\"url\":\"https:\/\/www.chemteq.net\/\",\"name\":\"Chemteq Inc.\",\"description\":\"High Quality And Reliable Devices To Serve Health, Safety And Industrial Hygiene\",\"publisher\":{\"@id\":\"https:\/\/www.chemteq.net\/#organization\"},\"potentialAction\":[{\"@type\":\"SearchAction\",\"target\":{\"@type\":\"EntryPoint\",\"urlTemplate\":\"https:\/\/www.chemteq.net\/?s={search_term_string}\"},\"query-input\":{\"@type\":\"PropertyValueSpecification\",\"valueRequired\":true,\"valueName\":\"search_term_string\"}}],\"inLanguage\":\"es\"},{\"@type\":\"Organization\",\"@id\":\"https:\/\/www.chemteq.net\/#organization\",\"name\":\"Chemteq Inc.\",\"url\":\"https:\/\/www.chemteq.net\/\",\"logo\":{\"@type\":\"ImageObject\",\"inLanguage\":\"es\",\"@id\":\"https:\/\/www.chemteq.net\/#\/schema\/logo\/image\/\",\"url\":\"https:\/\/www.chemteq.net\/wp-content\/uploads\/2021\/04\/ChemteqLogo0112239041421-scaled.jpg\",\"contentUrl\":\"https:\/\/www.chemteq.net\/wp-content\/uploads\/2021\/04\/ChemteqLogo0112239041421-scaled.jpg\",\"width\":2560,\"height\":574,\"caption\":\"Chemteq Inc.\"},\"image\":{\"@id\":\"https:\/\/www.chemteq.net\/#\/schema\/logo\/image\/\"}}]}<\/script>\n<!-- \/ Yoast SEO plugin. -->","yoast_head_json":{"title":"Humidity Breakthrough Indicator Inline. Indicate humidity levels.","description":"Humidity Breakthrough Indicator Inline. Direct read and real time indication of humidity level. Reliable and cost effective.","robots":{"index":"index","follow":"follow","max-snippet":"max-snippet:-1","max-image-preview":"max-image-preview:large","max-video-preview":"max-video-preview:-1"},"canonical":"https:\/\/www.chemteq.net\/es\/producto\/humidity-breakthrough-indicator-inline\/","og_locale":"es_ES","og_type":"article","og_title":"Humidity Breakthrough Indicator Inline","og_description":"Humidity Breakthrough Indicator Inline. Direct read and real time indication of humidity level. Reliable and cost effective.","og_url":"https:\/\/www.chemteq.net\/es\/producto\/humidity-breakthrough-indicator-inline\/","og_site_name":"Chemteq Inc.","article_modified_time":"2025-05-13T18:10:18+00:00","og_image":[{"width":2560,"height":1829,"url":"https:\/\/www.chemteq.net\/wp-content\/uploads\/2021\/04\/Humidity-Breakthrough-Indicator-Inline-scaled.jpg","type":"image\/jpeg"}],"twitter_card":"summary_large_image","twitter_title":"Humidity Breakthrough Indicator Inline.","twitter_description":"Humidity Breakthrough Indicator Inline. Direct read and real time indication of humidity level. Reliable and cost effective.","twitter_image":"https:\/\/www.chemteq.net\/wp-content\/uploads\/2021\/04\/Humidity-Breakthrough-Indicator-Inline-scaled.jpg","twitter_misc":{"Tiempo de lectura":"2 minutos"},"schema":{"@context":"https:\/\/schema.org","@graph":[{"@type":"WebPage","@id":"https:\/\/www.chemteq.net\/product\/humidity-breakthrough-indicator-inline\/","url":"https:\/\/www.chemteq.net\/product\/humidity-breakthrough-indicator-inline\/","name":"Humidity Breakthrough Indicator Inline. Indicate humidity levels.","isPartOf":{"@id":"https:\/\/www.chemteq.net\/#website"},"primaryImageOfPage":{"@id":"https:\/\/www.chemteq.net\/product\/humidity-breakthrough-indicator-inline\/#primaryimage"},"image":{"@id":"https:\/\/www.chemteq.net\/product\/humidity-breakthrough-indicator-inline\/#primaryimage"},"thumbnailUrl":"https:\/\/www.chemteq.net\/wp-content\/uploads\/2021\/04\/Humidity-BTI-inline-A-051721.jpg","datePublished":"2021-04-27T10:46:15+00:00","dateModified":"2025-05-13T18:10:18+00:00","description":"Humidity Breakthrough Indicator Inline. Direct read and real time indication of humidity level. Reliable and cost effective.","breadcrumb":{"@id":"https:\/\/www.chemteq.net\/product\/humidity-breakthrough-indicator-inline\/#breadcrumb"},"inLanguage":"es","potentialAction":[{"@type":"ReadAction","target":["https:\/\/www.chemteq.net\/product\/humidity-breakthrough-indicator-inline\/"]}]},{"@type":"ImageObject","inLanguage":"es","@id":"https:\/\/www.chemteq.net\/product\/humidity-breakthrough-indicator-inline\/#primaryimage","url":"https:\/\/www.chemteq.net\/wp-content\/uploads\/2021\/04\/Humidity-BTI-inline-A-051721.jpg","contentUrl":"https:\/\/www.chemteq.net\/wp-content\/uploads\/2021\/04\/Humidity-BTI-inline-A-051721.jpg","width":2160,"height":2160,"caption":"Humidity Breakthrough Indicator Inline. Reliable and cost effective."},{"@type":"BreadcrumbList","@id":"https:\/\/www.chemteq.net\/product\/humidity-breakthrough-indicator-inline\/#breadcrumb","itemListElement":[{"@type":"ListItem","position":1,"name":"Home","item":"https:\/\/www.chemteq.net\/"},{"@type":"ListItem","position":2,"name":"Products","item":"https:\/\/www.chemteq.net\/products\/"},{"@type":"ListItem","position":3,"name":"Humidity Breakthrough Indicator Inline"}]},{"@type":"WebSite","@id":"https:\/\/www.chemteq.net\/#website","url":"https:\/\/www.chemteq.net\/","name":"Chemteq Inc.","description":"High Quality And Reliable Devices To Serve Health, Safety And Industrial Hygiene","publisher":{"@id":"https:\/\/www.chemteq.net\/#organization"},"potentialAction":[{"@type":"SearchAction","target":{"@type":"EntryPoint","urlTemplate":"https:\/\/www.chemteq.net\/?s={search_term_string}"},"query-input":{"@type":"PropertyValueSpecification","valueRequired":true,"valueName":"search_term_string"}}],"inLanguage":"es"},{"@type":"Organization","@id":"https:\/\/www.chemteq.net\/#organization","name":"Chemteq Inc.","url":"https:\/\/www.chemteq.net\/","logo":{"@type":"ImageObject","inLanguage":"es","@id":"https:\/\/www.chemteq.net\/#\/schema\/logo\/image\/","url":"https:\/\/www.chemteq.net\/wp-content\/uploads\/2021\/04\/ChemteqLogo0112239041421-scaled.jpg","contentUrl":"https:\/\/www.chemteq.net\/wp-content\/uploads\/2021\/04\/ChemteqLogo0112239041421-scaled.jpg","width":2560,"height":574,"caption":"Chemteq Inc."},"image":{"@id":"https:\/\/www.chemteq.net\/#\/schema\/logo\/image\/"}}]}},"_links":{"self":[{"href":"https:\/\/www.chemteq.net\/es\/wp-json\/wp\/v2\/product\/1461","targetHints":{"allow":["GET"]}}],"collection":[{"href":"https:\/\/www.chemteq.net\/es\/wp-json\/wp\/v2\/product"}],"about":[{"href":"https:\/\/www.chemteq.net\/es\/wp-json\/wp\/v2\/types\/product"}],"wp:featuredmedia":[{"embeddable":true,"href":"https:\/\/www.chemteq.net\/es\/wp-json\/wp\/v2\/media\/2116"}],"wp:attachment":[{"href":"https:\/\/www.chemteq.net\/es\/wp-json\/wp\/v2\/media?parent=1461"}],"wp:term":[{"taxonomy":"product_brand","embeddable":true,"href":"https:\/\/www.chemteq.net\/es\/wp-json\/wp\/v2\/product_brand?post=1461"},{"taxonomy":"product_cat","embeddable":true,"href":"https:\/\/www.chemteq.net\/es\/wp-json\/wp\/v2\/product_cat?post=1461"},{"taxonomy":"product_tag","embeddable":true,"href":"https:\/\/www.chemteq.net\/es\/wp-json\/wp\/v2\/product_tag?post=1461"}],"curies":[{"name":"wp","href":"https:\/\/api.w.org\/{rel}","templated":true}]}}