{"id":1421,"date":"2021-04-26T14:52:51","date_gmt":"2021-04-26T14:52:51","guid":{"rendered":"http:\/\/chemteqinc.wpengine.com\/?post_type=product&#038;p=1421"},"modified":"2025-05-13T19:11:01","modified_gmt":"2025-05-13T19:11:01","slug":"glutaraldehyde-breakthrough-indicator-inline-vr","status":"publish","type":"product","link":"https:\/\/www.chemteq.net\/es\/producto\/glutaraldehyde-breakthrough-indicator-inline-vr\/","title":{"rendered":"Glutaraldehyde Breakthrough Indicator Inline VR"},"content":{"rendered":"<p>El indicador de avance en l\u00ednea - clasificaci\u00f3n de vac\u00edo (BTI Inline VR) es un indicador de cambio de filtro colorim\u00e9trico que indica la saturaci\u00f3n y el agotamiento de los adsorbentes y filtros de carbono. est\u00e1 dise\u00f1ado para operar bajo vac\u00edo. El indicador es un medio confiable y rentable para la protecci\u00f3n contra la exposici\u00f3n a gases y vapores t\u00f3xicos en el lugar de trabajo. El indicador cambia de color cuando el adsorbedor de carb\u00f3n, el depurador de carb\u00f3n y el filtro est\u00e1n saturados con gases o vapores objetivo. Por lo tanto, alerta al usuario para que reemplace el filtro o el adsorbedor de carb\u00f3n agotado. El indicador mide 5,25 pulgadas de alto, 1 pulgada de di\u00e1metro y se conecta f\u00e1cilmente a la salida NPT hembra de \u00be de pulgada del filtro o absorbedor de carbono usando la rosca NPT macho de \u00be de pulgada en la parte inferior del indicador.<\/p>\n<p><strong>Dimensions: Length = 89.9mm (3.5\u201d), diameter = 24.5mm (1\u201d), Inlet &amp; outlet = \u00be\u201d Male NPT<\/strong><\/p>\n<p>PN 649<\/p>","protected":false},"excerpt":{"rendered":"<p><strong>Indicador innovador Clasificaci\u00f3n de vac\u00edo en l\u00ednea<\/strong><\/p>\n<p>Indicator: Length = 133.3mm (5.25\u201d), diameter =(1\u201d), Inlet &amp; outlet = \u00be\u201d Male NPT<\/p>\n<p>El indicador est\u00e1 dise\u00f1ado para operar bajo vac\u00edo.<\/p>","protected":false},"featured_media":0,"template":"","meta":{"_acf_changed":false,"site-sidebar-layout":"default","site-content-layout":"default","ast-site-content-layout":"default","site-content-style":"default","site-sidebar-style":"default","ast-global-header-display":"","ast-banner-title-visibility":"","ast-main-header-display":"","ast-hfb-above-header-display":"","ast-hfb-below-header-display":"","ast-hfb-mobile-header-display":"","site-post-title":"","ast-breadcrumbs-content":"","ast-featured-img":"","footer-sml-layout":"","theme-transparent-header-meta":"default","adv-header-id-meta":"","stick-header-meta":"default","header-above-stick-meta":"","header-main-stick-meta":"","header-below-stick-meta":"","astra-migrate-meta-layouts":"set","ast-page-background-enabled":"default","ast-page-background-meta":{"desktop":{"background-color":"","background-image":"","background-repeat":"repeat","background-position":"center center","background-size":"auto","background-attachment":"scroll","background-type":"","background-media":"","overlay-type":"","overlay-color":"","overlay-opacity":"","overlay-gradient":""},"tablet":{"background-color":"","background-image":"","background-repeat":"repeat","background-position":"center center","background-size":"auto","background-attachment":"scroll","background-type":"","background-media":"","overlay-type":"","overlay-color":"","overlay-opacity":"","overlay-gradient":""},"mobile":{"background-color":"","background-image":"","background-repeat":"repeat","background-position":"center center","background-size":"auto","background-attachment":"scroll","background-type":"","background-media":"","overlay-type":"","overlay-color":"","overlay-opacity":"","overlay-gradient":""}},"ast-content-background-meta":{"desktop":{"background-color":"var(--ast-global-color-5)","background-image":"","background-repeat":"repeat","background-position":"center center","background-size":"auto","background-attachment":"scroll","background-type":"","background-media":"","overlay-type":"","overlay-color":"","overlay-opacity":"","overlay-gradient":""},"tablet":{"background-color":"var(--ast-global-color-5)","background-image":"","background-repeat":"repeat","background-position":"center center","background-size":"auto","background-attachment":"scroll","background-type":"","background-media":"","overlay-type":"","overlay-color":"","overlay-opacity":"","overlay-gradient":""},"mobile":{"background-color":"var(--ast-global-color-5)","background-image":"","background-repeat":"repeat","background-position":"center center","background-size":"auto","background-attachment":"scroll","background-type":"","background-media":"","overlay-type":"","overlay-color":"","overlay-opacity":"","overlay-gradient":""}}},"product_brand":[],"product_cat":[57],"product_tag":[],"class_list":{"0":"post-1421","1":"product","2":"type-product","3":"status-publish","5":"product_cat-bti-inline-vr-breakthrough-indicator-inline-vacuum-rated","6":"desktop-align-left","7":"tablet-align-left","8":"mobile-align-left","9":"ast-product-gallery-layout-horizontal","10":"ast-product-gallery-with-no-image","11":"ast-product-tabs-layout-horizontal","13":"first","14":"instock","15":"taxable","16":"shipping-taxable","17":"purchasable","18":"product-type-simple"},"acf":[],"yoast_head":"<!-- This site is optimized with the Yoast SEO plugin v27.4 - https:\/\/yoast.com\/product\/yoast-seo-wordpress\/ -->\n<title>Glutaraldehyde Breakthrough Indicator Inline VR - Chemteq Inc.<\/title>\n<meta name=\"robots\" content=\"index, follow, max-snippet:-1, max-image-preview:large, max-video-preview:-1\" \/>\n<link rel=\"canonical\" href=\"https:\/\/www.chemteq.net\/es\/producto\/glutaraldehyde-breakthrough-indicator-inline-vr\/\" \/>\n<meta property=\"og:locale\" content=\"es_ES\" \/>\n<meta property=\"og:type\" content=\"article\" \/>\n<meta property=\"og:title\" content=\"Glutaraldehyde Breakthrough Indicator Inline VR - Chemteq Inc.\" \/>\n<meta property=\"og:description\" content=\"Breakthrough Indicator Inline Vacuum Rated  Indicator: Length = 133.3mm (5.25\u201d), diameter =(1\u201d), Inlet &amp; outlet = \u00be\u201d Male NPT  The indicator is designed to operate under vacuum\" \/>\n<meta property=\"og:url\" content=\"https:\/\/www.chemteq.net\/es\/producto\/glutaraldehyde-breakthrough-indicator-inline-vr\/\" \/>\n<meta property=\"og:site_name\" content=\"Chemteq Inc.\" \/>\n<meta property=\"article:modified_time\" content=\"2025-05-13T19:11:01+00:00\" \/>\n<meta name=\"twitter:card\" content=\"summary_large_image\" \/>\n<meta name=\"twitter:label1\" content=\"Tiempo de lectura\" \/>\n\t<meta name=\"twitter:data1\" content=\"1 minuto\" \/>\n<script type=\"application\/ld+json\" class=\"yoast-schema-graph\">{\"@context\":\"https:\\\/\\\/schema.org\",\"@graph\":[{\"@type\":\"WebPage\",\"@id\":\"https:\\\/\\\/www.chemteq.net\\\/product\\\/glutaraldehyde-breakthrough-indicator-inline-vr\\\/\",\"url\":\"https:\\\/\\\/www.chemteq.net\\\/product\\\/glutaraldehyde-breakthrough-indicator-inline-vr\\\/\",\"name\":\"Glutaraldehyde Breakthrough Indicator Inline VR - Chemteq Inc.\",\"isPartOf\":{\"@id\":\"https:\\\/\\\/www.chemteq.net\\\/#website\"},\"datePublished\":\"2021-04-26T14:52:51+00:00\",\"dateModified\":\"2025-05-13T19:11:01+00:00\",\"breadcrumb\":{\"@id\":\"https:\\\/\\\/www.chemteq.net\\\/product\\\/glutaraldehyde-breakthrough-indicator-inline-vr\\\/#breadcrumb\"},\"inLanguage\":\"es\",\"potentialAction\":[{\"@type\":\"ReadAction\",\"target\":[\"https:\\\/\\\/www.chemteq.net\\\/product\\\/glutaraldehyde-breakthrough-indicator-inline-vr\\\/\"]}]},{\"@type\":\"BreadcrumbList\",\"@id\":\"https:\\\/\\\/www.chemteq.net\\\/product\\\/glutaraldehyde-breakthrough-indicator-inline-vr\\\/#breadcrumb\",\"itemListElement\":[{\"@type\":\"ListItem\",\"position\":1,\"name\":\"Home\",\"item\":\"https:\\\/\\\/www.chemteq.net\\\/\"},{\"@type\":\"ListItem\",\"position\":2,\"name\":\"Products\",\"item\":\"https:\\\/\\\/www.chemteq.net\\\/products\\\/\"},{\"@type\":\"ListItem\",\"position\":3,\"name\":\"Glutaraldehyde Breakthrough Indicator Inline VR\"}]},{\"@type\":\"WebSite\",\"@id\":\"https:\\\/\\\/www.chemteq.net\\\/#website\",\"url\":\"https:\\\/\\\/www.chemteq.net\\\/\",\"name\":\"Chemteq Inc.\",\"description\":\"High Quality And Reliable Devices To Serve Health, Safety And Industrial Hygiene\",\"publisher\":{\"@id\":\"https:\\\/\\\/www.chemteq.net\\\/#organization\"},\"potentialAction\":[{\"@type\":\"SearchAction\",\"target\":{\"@type\":\"EntryPoint\",\"urlTemplate\":\"https:\\\/\\\/www.chemteq.net\\\/?s={search_term_string}\"},\"query-input\":{\"@type\":\"PropertyValueSpecification\",\"valueRequired\":true,\"valueName\":\"search_term_string\"}}],\"inLanguage\":\"es\"},{\"@type\":\"Organization\",\"@id\":\"https:\\\/\\\/www.chemteq.net\\\/#organization\",\"name\":\"Chemteq Inc.\",\"url\":\"https:\\\/\\\/www.chemteq.net\\\/\",\"logo\":{\"@type\":\"ImageObject\",\"inLanguage\":\"es\",\"@id\":\"https:\\\/\\\/www.chemteq.net\\\/#\\\/schema\\\/logo\\\/image\\\/\",\"url\":\"https:\\\/\\\/www.chemteq.net\\\/wp-content\\\/uploads\\\/2021\\\/04\\\/ChemteqLogo0112239041421-scaled.jpg\",\"contentUrl\":\"https:\\\/\\\/www.chemteq.net\\\/wp-content\\\/uploads\\\/2021\\\/04\\\/ChemteqLogo0112239041421-scaled.jpg\",\"width\":2560,\"height\":574,\"caption\":\"Chemteq Inc.\"},\"image\":{\"@id\":\"https:\\\/\\\/www.chemteq.net\\\/#\\\/schema\\\/logo\\\/image\\\/\"}}]}<\/script>\n<!-- \/ Yoast SEO plugin. -->","yoast_head_json":{"title":"Glutaraldehyde Breakthrough Indicator Inline VR - Chemteq Inc.","robots":{"index":"index","follow":"follow","max-snippet":"max-snippet:-1","max-image-preview":"max-image-preview:large","max-video-preview":"max-video-preview:-1"},"canonical":"https:\/\/www.chemteq.net\/es\/producto\/glutaraldehyde-breakthrough-indicator-inline-vr\/","og_locale":"es_ES","og_type":"article","og_title":"Glutaraldehyde Breakthrough Indicator Inline VR - Chemteq Inc.","og_description":"Breakthrough Indicator Inline Vacuum Rated  Indicator: Length = 133.3mm (5.25\u201d), diameter =(1\u201d), Inlet &amp; outlet = \u00be\u201d Male NPT  The indicator is designed to operate under vacuum","og_url":"https:\/\/www.chemteq.net\/es\/producto\/glutaraldehyde-breakthrough-indicator-inline-vr\/","og_site_name":"Chemteq Inc.","article_modified_time":"2025-05-13T19:11:01+00:00","twitter_card":"summary_large_image","twitter_misc":{"Tiempo de lectura":"1 minuto"},"schema":{"@context":"https:\/\/schema.org","@graph":[{"@type":"WebPage","@id":"https:\/\/www.chemteq.net\/product\/glutaraldehyde-breakthrough-indicator-inline-vr\/","url":"https:\/\/www.chemteq.net\/product\/glutaraldehyde-breakthrough-indicator-inline-vr\/","name":"Glutaraldehyde Breakthrough Indicator Inline VR - Chemteq Inc.","isPartOf":{"@id":"https:\/\/www.chemteq.net\/#website"},"datePublished":"2021-04-26T14:52:51+00:00","dateModified":"2025-05-13T19:11:01+00:00","breadcrumb":{"@id":"https:\/\/www.chemteq.net\/product\/glutaraldehyde-breakthrough-indicator-inline-vr\/#breadcrumb"},"inLanguage":"es","potentialAction":[{"@type":"ReadAction","target":["https:\/\/www.chemteq.net\/product\/glutaraldehyde-breakthrough-indicator-inline-vr\/"]}]},{"@type":"BreadcrumbList","@id":"https:\/\/www.chemteq.net\/product\/glutaraldehyde-breakthrough-indicator-inline-vr\/#breadcrumb","itemListElement":[{"@type":"ListItem","position":1,"name":"Home","item":"https:\/\/www.chemteq.net\/"},{"@type":"ListItem","position":2,"name":"Products","item":"https:\/\/www.chemteq.net\/products\/"},{"@type":"ListItem","position":3,"name":"Glutaraldehyde Breakthrough Indicator Inline VR"}]},{"@type":"WebSite","@id":"https:\/\/www.chemteq.net\/#website","url":"https:\/\/www.chemteq.net\/","name":"Chemteq Inc.","description":"High Quality And Reliable Devices To Serve Health, Safety And Industrial Hygiene","publisher":{"@id":"https:\/\/www.chemteq.net\/#organization"},"potentialAction":[{"@type":"SearchAction","target":{"@type":"EntryPoint","urlTemplate":"https:\/\/www.chemteq.net\/?s={search_term_string}"},"query-input":{"@type":"PropertyValueSpecification","valueRequired":true,"valueName":"search_term_string"}}],"inLanguage":"es"},{"@type":"Organization","@id":"https:\/\/www.chemteq.net\/#organization","name":"Chemteq Inc.","url":"https:\/\/www.chemteq.net\/","logo":{"@type":"ImageObject","inLanguage":"es","@id":"https:\/\/www.chemteq.net\/#\/schema\/logo\/image\/","url":"https:\/\/www.chemteq.net\/wp-content\/uploads\/2021\/04\/ChemteqLogo0112239041421-scaled.jpg","contentUrl":"https:\/\/www.chemteq.net\/wp-content\/uploads\/2021\/04\/ChemteqLogo0112239041421-scaled.jpg","width":2560,"height":574,"caption":"Chemteq Inc."},"image":{"@id":"https:\/\/www.chemteq.net\/#\/schema\/logo\/image\/"}}]}},"_links":{"self":[{"href":"https:\/\/www.chemteq.net\/es\/wp-json\/wp\/v2\/product\/1421","targetHints":{"allow":["GET"]}}],"collection":[{"href":"https:\/\/www.chemteq.net\/es\/wp-json\/wp\/v2\/product"}],"about":[{"href":"https:\/\/www.chemteq.net\/es\/wp-json\/wp\/v2\/types\/product"}],"wp:attachment":[{"href":"https:\/\/www.chemteq.net\/es\/wp-json\/wp\/v2\/media?parent=1421"}],"wp:term":[{"taxonomy":"product_brand","embeddable":true,"href":"https:\/\/www.chemteq.net\/es\/wp-json\/wp\/v2\/product_brand?post=1421"},{"taxonomy":"product_cat","embeddable":true,"href":"https:\/\/www.chemteq.net\/es\/wp-json\/wp\/v2\/product_cat?post=1421"},{"taxonomy":"product_tag","embeddable":true,"href":"https:\/\/www.chemteq.net\/es\/wp-json\/wp\/v2\/product_tag?post=1421"}],"curies":[{"name":"wp","href":"https:\/\/api.w.org\/{rel}","templated":true}]}}