{"id":1402,"date":"2021-04-26T14:35:26","date_gmt":"2021-04-26T14:35:26","guid":{"rendered":"http:\/\/chemteqinc.wpengine.com\/?post_type=product&#038;p=1402"},"modified":"2024-03-20T18:08:12","modified_gmt":"2024-03-20T18:08:12","slug":"hydrogen-sulfide-breakthrough-indicator-wp-hc-bti3","status":"publish","type":"product","link":"https:\/\/www.chemteq.net\/es\/producto\/hydrogen-sulfide-breakthrough-indicator-wp-hc-bti3\/","title":{"rendered":"Hydrogen Sulfide Breakthrough Indicator WP-HC (BTI3)"},"content":{"rendered":"<p>Indicador de avance de sulfuro de hidr\u00f3geno a prueba de agua de alta capacidad (BTI3). Indica los filtros de saturaci\u00f3n. El indicador es confiable y rentable para la protecci\u00f3n contra el sulfuro de hidr\u00f3geno t\u00f3xico. Con\u00e9ctese f\u00e1cilmente a la salida NPT hembra de 1\u00bd pulgadas del filtro usando la rosca NPT macho de 2\u00bd pulgadas en la parte inferior del indicador. tiene una alta capacidad de adsorci\u00f3n de sulfuro de hidr\u00f3geno antes de cambiar de color. El indicador mide 4,5 pulgadas de alto y 3 pulgadas de di\u00e1metro. El dise\u00f1o \u00fanico le permite observar el cambio de color brillante y vibrante desde todas las direcciones.<\/p>\n<p>PN 447<\/p>\n<p><strong>Especificaciones del producto<\/strong><\/p>\n<table>\n<tbody>\n<tr>\n<td width=\"27\">a<\/td>\n<td width=\"225\">Peso:<\/td>\n<td width=\"364\">204.5g (7.2oz)<\/td>\n<\/tr>\n<tr>\n<td width=\"27\">b<\/td>\n<td width=\"225\">Dimensiones:<\/td>\n<td width=\"364\">11.43cm (4.5in), diameter 7.62cm (3.0in)<\/td>\n<\/tr>\n<tr>\n<td width=\"27\">c<\/td>\n<td width=\"225\">Inlet dimensions:<\/td>\n<td width=\"364\">2.5&#8243; MNPT<\/td>\n<\/tr>\n<tr>\n<td width=\"27\">d<\/td>\n<td width=\"225\">Rango de temperatura:<\/td>\n<td width=\"364\">-20<sup>o<\/sup>C to 55<sup>o<\/sup>C (-4<sup>o<\/sup>F to 131<sup>o<\/sup>F)<\/td>\n<\/tr>\n<tr>\n<td width=\"27\">e<\/td>\n<td width=\"225\">Humedad de funcionamiento: gth:<\/td>\n<td width=\"364\">5% RH to 85%RH<\/p>\n<p>minimum detectable:\u00a010ppm\u25cfhr at 30 cm\/sec face velocity<\/td>\n<\/tr>\n<tr>\n<td width=\"27\">f<\/td>\n<td width=\"225\">L\u00edmite m\u00ednimo detectable:<\/td>\n<td width=\"364\">20ppm\u2022hr at 30 cm\/sec face velocity<\/td>\n<\/tr>\n<tr>\n<td width=\"27\">g<\/td>\n<td width=\"225\">Cambio de color:<\/td>\n<td width=\"364\">Green to black<\/td>\n<\/tr>\n<tr>\n<td width=\"27\">h<\/td>\n<td width=\"225\">Rango de temperatura:<\/td>\n<td width=\"364\">4<sup>o<\/sup>C to 25<sup>o<\/sup>C, (39<sup>o<\/sup>F to 77<sup>o<\/sup>F)<\/td>\n<\/tr>\n<tr>\n<td width=\"27\">i<\/td>\n<td width=\"225\">Rango de vida \u00fatil:<\/td>\n<td width=\"364\">2 years at 4<sup>o<\/sup>C to 25<sup>o<\/sup>C, (39<sup>o<\/sup>F to 77<sup>o<\/sup>F)<\/td>\n<\/tr>\n<tr>\n<td width=\"27\">j<\/td>\n<td width=\"225\">Vida de servicio:<\/td>\n<td width=\"364\">2 years<\/td>\n<\/tr>\n<\/tbody>\n<\/table>\n<p>Indicador de avance de sulfuro de hidr\u00f3geno a prueba de agua de alta capacidad (BTI3)<\/p>\n<p>Productos relacionados<\/p>\n<p><a href=\"https:\/\/www.chemteq.net\/es\/producto\/hydrogen-sulfide-wp-saturation-indicator-sticker-for-ductless-hood-filters\/\" target=\"_blank\" rel=\"noopener\">Hydrogen Sulfide BTIS<\/a> Impermeable. Adhesivo indicador de paso de filtro para campanas sin conductos<\/p>\n<p>Enlaces \u00fatiles<\/p>\n<p><a href=\"https:\/\/www.cdc.gov\/niosh\/npg\/default.html\">NIOSH<\/a><\/p>\n<p>.<\/p>","protected":false},"excerpt":{"rendered":"<p>Dimensiones:<br \/>\nLength = 11.43cm (4.5\u201d)<br \/>\nDiameter = 7.62cm (3.0\u201d)<br \/>\nInlet = 2.5\u201d Male NPT<\/p>\n<p>Resistente al agua y tiene una alta capacidad de adsorci\u00f3n de sulfuro de hidr\u00f3geno antes de cambiar de color<\/p>","protected":false},"featured_media":3090,"template":"","meta":{"_acf_changed":false,"site-sidebar-layout":"default","site-content-layout":"default","ast-site-content-layout":"","site-content-style":"default","site-sidebar-style":"default","ast-global-header-display":"","ast-banner-title-visibility":"","ast-main-header-display":"","ast-hfb-above-header-display":"","ast-hfb-below-header-display":"","ast-hfb-mobile-header-display":"","site-post-title":"","ast-breadcrumbs-content":"","ast-featured-img":"","footer-sml-layout":"","theme-transparent-header-meta":"default","adv-header-id-meta":"","stick-header-meta":"default","header-above-stick-meta":"","header-main-stick-meta":"","header-below-stick-meta":"","astra-migrate-meta-layouts":"default","ast-page-background-enabled":"default","ast-page-background-meta":{"desktop":{"background-color":"","background-image":"","background-repeat":"repeat","background-position":"center center","background-size":"auto","background-attachment":"scroll","background-type":"","background-media":"","overlay-type":"","overlay-color":"","overlay-opacity":"","overlay-gradient":""},"tablet":{"background-color":"","background-image":"","background-repeat":"repeat","background-position":"center center","background-size":"auto","background-attachment":"scroll","background-type":"","background-media":"","overlay-type":"","overlay-color":"","overlay-opacity":"","overlay-gradient":""},"mobile":{"background-color":"","background-image":"","background-repeat":"repeat","background-position":"center center","background-size":"auto","background-attachment":"scroll","background-type":"","background-media":"","overlay-type":"","overlay-color":"","overlay-opacity":"","overlay-gradient":""}},"ast-content-background-meta":{"desktop":{"background-color":"var(--ast-global-color-5)","background-image":"","background-repeat":"repeat","background-position":"center center","background-size":"auto","background-attachment":"scroll","background-type":"","background-media":"","overlay-type":"","overlay-color":"","overlay-opacity":"","overlay-gradient":""},"tablet":{"background-color":"var(--ast-global-color-5)","background-image":"","background-repeat":"repeat","background-position":"center center","background-size":"auto","background-attachment":"scroll","background-type":"","background-media":"","overlay-type":"","overlay-color":"","overlay-opacity":"","overlay-gradient":""},"mobile":{"background-color":"var(--ast-global-color-5)","background-image":"","background-repeat":"repeat","background-position":"center center","background-size":"auto","background-attachment":"scroll","background-type":"","background-media":"","overlay-type":"","overlay-color":"","overlay-opacity":"","overlay-gradient":""}}},"product_brand":[],"product_cat":[55],"product_tag":[65,67,61],"class_list":{"0":"post-1402","1":"product","2":"type-product","3":"status-publish","4":"has-post-thumbnail","6":"product_cat-bti3-filter-breakthrough-indicators-3","7":"product_tag-odor-emission-control-products","8":"product_tag-petroleum-industry-emission-control","9":"product_tag-wastewater-treatment-emission-control-products","10":"desktop-align-left","11":"tablet-align-left","12":"mobile-align-left","13":"ast-product-gallery-layout-horizontal","14":"ast-product-gallery-with-no-image","15":"ast-product-tabs-layout-horizontal","17":"first","18":"instock","19":"taxable","20":"shipping-taxable","21":"purchasable","22":"product-type-simple"},"acf":[],"yoast_head":"<!-- This site is optimized with the Yoast SEO plugin v27.4 - https:\/\/yoast.com\/product\/yoast-seo-wordpress\/ -->\n<title>Hydrogen Sulfide Breakthrough Indicator Waterproof High Capacity (BTI3).<\/title>\n<meta name=\"description\" content=\"Hydrogen Sulfide Breakthrough Indicator Waterproof High Capacity (BTI3). Reliable and effective for protection from Hydrogen Sulfide.\" \/>\n<meta name=\"robots\" content=\"index, follow, max-snippet:-1, max-image-preview:large, max-video-preview:-1\" \/>\n<link rel=\"canonical\" href=\"https:\/\/www.chemteq.net\/es\/producto\/hydrogen-sulfide-breakthrough-indicator-wp-hc-bti3\/\" \/>\n<meta property=\"og:locale\" content=\"es_ES\" \/>\n<meta property=\"og:type\" content=\"article\" \/>\n<meta property=\"og:title\" content=\"Hydrogen Sulfide Breakthrough Indicator Waterproof High Capacity (BTI3).\" \/>\n<meta property=\"og:description\" content=\"Hydrogen Sulfide Breakthrough Indicator Waterproof High Capacity (BTI3). Reliable and effective for protection from Hydrogen Sulfide.\" \/>\n<meta property=\"og:url\" content=\"https:\/\/www.chemteq.net\/es\/producto\/hydrogen-sulfide-breakthrough-indicator-wp-hc-bti3\/\" \/>\n<meta property=\"og:site_name\" content=\"Chemteq Inc.\" \/>\n<meta property=\"article:modified_time\" content=\"2024-03-20T18:08:12+00:00\" \/>\n<meta property=\"og:image\" content=\"https:\/\/www.chemteq.net\/wp-content\/uploads\/2021\/04\/Hydrogen-Sulfide-Filter-Saturation-Indicator-Waterproof-BTI-3-1-scaled.jpg\" \/>\n\t<meta property=\"og:image:width\" content=\"2560\" \/>\n\t<meta property=\"og:image:height\" content=\"1843\" \/>\n\t<meta property=\"og:image:type\" content=\"image\/jpeg\" \/>\n<meta name=\"twitter:card\" content=\"summary_large_image\" \/>\n<meta name=\"twitter:title\" content=\"Hydrogen Sulfide Breakthrough Indicator Waterproof High Capacity (BTI3).\" \/>\n<meta name=\"twitter:description\" content=\"Hydrogen Sulfide Breakthrough Indicator Waterproof High Capacity (BTI3). Reliable and effective for protection from Hydrogen Sulfide.\" \/>\n<meta name=\"twitter:image\" content=\"https:\/\/www.chemteq.net\/wp-content\/uploads\/2021\/04\/Hydrogen-Sulfide-Filter-Saturation-Indicator-Waterproof-BTI-3-1-scaled.jpg\" \/>\n<meta name=\"twitter:label1\" content=\"Tiempo de lectura\" \/>\n\t<meta name=\"twitter:data1\" content=\"2 minutos\" \/>\n<script type=\"application\/ld+json\" class=\"yoast-schema-graph\">{\"@context\":\"https:\\\/\\\/schema.org\",\"@graph\":[{\"@type\":\"WebPage\",\"@id\":\"https:\\\/\\\/www.chemteq.net\\\/product\\\/hydrogen-sulfide-breakthrough-indicator-wp-hc-bti3\\\/\",\"url\":\"https:\\\/\\\/www.chemteq.net\\\/product\\\/hydrogen-sulfide-breakthrough-indicator-wp-hc-bti3\\\/\",\"name\":\"Hydrogen Sulfide Breakthrough Indicator Waterproof High Capacity (BTI3).\",\"isPartOf\":{\"@id\":\"https:\\\/\\\/www.chemteq.net\\\/#website\"},\"primaryImageOfPage\":{\"@id\":\"https:\\\/\\\/www.chemteq.net\\\/product\\\/hydrogen-sulfide-breakthrough-indicator-wp-hc-bti3\\\/#primaryimage\"},\"image\":{\"@id\":\"https:\\\/\\\/www.chemteq.net\\\/product\\\/hydrogen-sulfide-breakthrough-indicator-wp-hc-bti3\\\/#primaryimage\"},\"thumbnailUrl\":\"https:\\\/\\\/www.chemteq.net\\\/wp-content\\\/uploads\\\/2021\\\/04\\\/Hydrogen-Sulfide-BTI-3-WP-Unexp-102216-3-scaled.jpg\",\"datePublished\":\"2021-04-26T14:35:26+00:00\",\"dateModified\":\"2024-03-20T18:08:12+00:00\",\"description\":\"Hydrogen Sulfide Breakthrough Indicator Waterproof High Capacity (BTI3). Reliable and effective for protection from Hydrogen Sulfide.\",\"breadcrumb\":{\"@id\":\"https:\\\/\\\/www.chemteq.net\\\/product\\\/hydrogen-sulfide-breakthrough-indicator-wp-hc-bti3\\\/#breadcrumb\"},\"inLanguage\":\"es\",\"potentialAction\":[{\"@type\":\"ReadAction\",\"target\":[\"https:\\\/\\\/www.chemteq.net\\\/product\\\/hydrogen-sulfide-breakthrough-indicator-wp-hc-bti3\\\/\"]}]},{\"@type\":\"ImageObject\",\"inLanguage\":\"es\",\"@id\":\"https:\\\/\\\/www.chemteq.net\\\/product\\\/hydrogen-sulfide-breakthrough-indicator-wp-hc-bti3\\\/#primaryimage\",\"url\":\"https:\\\/\\\/www.chemteq.net\\\/wp-content\\\/uploads\\\/2021\\\/04\\\/Hydrogen-Sulfide-BTI-3-WP-Unexp-102216-3-scaled.jpg\",\"contentUrl\":\"https:\\\/\\\/www.chemteq.net\\\/wp-content\\\/uploads\\\/2021\\\/04\\\/Hydrogen-Sulfide-BTI-3-WP-Unexp-102216-3-scaled.jpg\",\"width\":2560,\"height\":2560,\"caption\":\"Hydrogen Sulfide Breakthrough Indicator Waterproof High Capacity (BTI3).\"},{\"@type\":\"BreadcrumbList\",\"@id\":\"https:\\\/\\\/www.chemteq.net\\\/product\\\/hydrogen-sulfide-breakthrough-indicator-wp-hc-bti3\\\/#breadcrumb\",\"itemListElement\":[{\"@type\":\"ListItem\",\"position\":1,\"name\":\"Home\",\"item\":\"https:\\\/\\\/www.chemteq.net\\\/\"},{\"@type\":\"ListItem\",\"position\":2,\"name\":\"Products\",\"item\":\"https:\\\/\\\/www.chemteq.net\\\/products\\\/\"},{\"@type\":\"ListItem\",\"position\":3,\"name\":\"Hydrogen Sulfide Breakthrough Indicator WP-HC (BTI3)\"}]},{\"@type\":\"WebSite\",\"@id\":\"https:\\\/\\\/www.chemteq.net\\\/#website\",\"url\":\"https:\\\/\\\/www.chemteq.net\\\/\",\"name\":\"Chemteq Inc.\",\"description\":\"High Quality And Reliable Devices To Serve Health, Safety And Industrial Hygiene\",\"publisher\":{\"@id\":\"https:\\\/\\\/www.chemteq.net\\\/#organization\"},\"potentialAction\":[{\"@type\":\"SearchAction\",\"target\":{\"@type\":\"EntryPoint\",\"urlTemplate\":\"https:\\\/\\\/www.chemteq.net\\\/?s={search_term_string}\"},\"query-input\":{\"@type\":\"PropertyValueSpecification\",\"valueRequired\":true,\"valueName\":\"search_term_string\"}}],\"inLanguage\":\"es\"},{\"@type\":\"Organization\",\"@id\":\"https:\\\/\\\/www.chemteq.net\\\/#organization\",\"name\":\"Chemteq Inc.\",\"url\":\"https:\\\/\\\/www.chemteq.net\\\/\",\"logo\":{\"@type\":\"ImageObject\",\"inLanguage\":\"es\",\"@id\":\"https:\\\/\\\/www.chemteq.net\\\/#\\\/schema\\\/logo\\\/image\\\/\",\"url\":\"https:\\\/\\\/www.chemteq.net\\\/wp-content\\\/uploads\\\/2021\\\/04\\\/ChemteqLogo0112239041421-scaled.jpg\",\"contentUrl\":\"https:\\\/\\\/www.chemteq.net\\\/wp-content\\\/uploads\\\/2021\\\/04\\\/ChemteqLogo0112239041421-scaled.jpg\",\"width\":2560,\"height\":574,\"caption\":\"Chemteq Inc.\"},\"image\":{\"@id\":\"https:\\\/\\\/www.chemteq.net\\\/#\\\/schema\\\/logo\\\/image\\\/\"}}]}<\/script>\n<!-- \/ Yoast SEO plugin. -->","yoast_head_json":{"title":"Hydrogen Sulfide Breakthrough Indicator Waterproof High Capacity (BTI3).","description":"Hydrogen Sulfide Breakthrough Indicator Waterproof High Capacity (BTI3). Reliable and effective for protection from Hydrogen Sulfide.","robots":{"index":"index","follow":"follow","max-snippet":"max-snippet:-1","max-image-preview":"max-image-preview:large","max-video-preview":"max-video-preview:-1"},"canonical":"https:\/\/www.chemteq.net\/es\/producto\/hydrogen-sulfide-breakthrough-indicator-wp-hc-bti3\/","og_locale":"es_ES","og_type":"article","og_title":"Hydrogen Sulfide Breakthrough Indicator Waterproof High Capacity (BTI3).","og_description":"Hydrogen Sulfide Breakthrough Indicator Waterproof High Capacity (BTI3). Reliable and effective for protection from Hydrogen Sulfide.","og_url":"https:\/\/www.chemteq.net\/es\/producto\/hydrogen-sulfide-breakthrough-indicator-wp-hc-bti3\/","og_site_name":"Chemteq Inc.","article_modified_time":"2024-03-20T18:08:12+00:00","og_image":[{"width":2560,"height":1843,"url":"https:\/\/www.chemteq.net\/wp-content\/uploads\/2021\/04\/Hydrogen-Sulfide-Filter-Saturation-Indicator-Waterproof-BTI-3-1-scaled.jpg","type":"image\/jpeg"}],"twitter_card":"summary_large_image","twitter_title":"Hydrogen Sulfide Breakthrough Indicator Waterproof High Capacity (BTI3).","twitter_description":"Hydrogen Sulfide Breakthrough Indicator Waterproof High Capacity (BTI3). Reliable and effective for protection from Hydrogen Sulfide.","twitter_image":"https:\/\/www.chemteq.net\/wp-content\/uploads\/2021\/04\/Hydrogen-Sulfide-Filter-Saturation-Indicator-Waterproof-BTI-3-1-scaled.jpg","twitter_misc":{"Tiempo de lectura":"2 minutos"},"schema":{"@context":"https:\/\/schema.org","@graph":[{"@type":"WebPage","@id":"https:\/\/www.chemteq.net\/product\/hydrogen-sulfide-breakthrough-indicator-wp-hc-bti3\/","url":"https:\/\/www.chemteq.net\/product\/hydrogen-sulfide-breakthrough-indicator-wp-hc-bti3\/","name":"Hydrogen Sulfide Breakthrough Indicator Waterproof High Capacity (BTI3).","isPartOf":{"@id":"https:\/\/www.chemteq.net\/#website"},"primaryImageOfPage":{"@id":"https:\/\/www.chemteq.net\/product\/hydrogen-sulfide-breakthrough-indicator-wp-hc-bti3\/#primaryimage"},"image":{"@id":"https:\/\/www.chemteq.net\/product\/hydrogen-sulfide-breakthrough-indicator-wp-hc-bti3\/#primaryimage"},"thumbnailUrl":"https:\/\/www.chemteq.net\/wp-content\/uploads\/2021\/04\/Hydrogen-Sulfide-BTI-3-WP-Unexp-102216-3-scaled.jpg","datePublished":"2021-04-26T14:35:26+00:00","dateModified":"2024-03-20T18:08:12+00:00","description":"Hydrogen Sulfide Breakthrough Indicator Waterproof High Capacity (BTI3). Reliable and effective for protection from Hydrogen Sulfide.","breadcrumb":{"@id":"https:\/\/www.chemteq.net\/product\/hydrogen-sulfide-breakthrough-indicator-wp-hc-bti3\/#breadcrumb"},"inLanguage":"es","potentialAction":[{"@type":"ReadAction","target":["https:\/\/www.chemteq.net\/product\/hydrogen-sulfide-breakthrough-indicator-wp-hc-bti3\/"]}]},{"@type":"ImageObject","inLanguage":"es","@id":"https:\/\/www.chemteq.net\/product\/hydrogen-sulfide-breakthrough-indicator-wp-hc-bti3\/#primaryimage","url":"https:\/\/www.chemteq.net\/wp-content\/uploads\/2021\/04\/Hydrogen-Sulfide-BTI-3-WP-Unexp-102216-3-scaled.jpg","contentUrl":"https:\/\/www.chemteq.net\/wp-content\/uploads\/2021\/04\/Hydrogen-Sulfide-BTI-3-WP-Unexp-102216-3-scaled.jpg","width":2560,"height":2560,"caption":"Hydrogen Sulfide Breakthrough Indicator Waterproof High Capacity (BTI3)."},{"@type":"BreadcrumbList","@id":"https:\/\/www.chemteq.net\/product\/hydrogen-sulfide-breakthrough-indicator-wp-hc-bti3\/#breadcrumb","itemListElement":[{"@type":"ListItem","position":1,"name":"Home","item":"https:\/\/www.chemteq.net\/"},{"@type":"ListItem","position":2,"name":"Products","item":"https:\/\/www.chemteq.net\/products\/"},{"@type":"ListItem","position":3,"name":"Hydrogen Sulfide Breakthrough Indicator WP-HC (BTI3)"}]},{"@type":"WebSite","@id":"https:\/\/www.chemteq.net\/#website","url":"https:\/\/www.chemteq.net\/","name":"Chemteq Inc.","description":"High Quality And Reliable Devices To Serve Health, Safety And Industrial Hygiene","publisher":{"@id":"https:\/\/www.chemteq.net\/#organization"},"potentialAction":[{"@type":"SearchAction","target":{"@type":"EntryPoint","urlTemplate":"https:\/\/www.chemteq.net\/?s={search_term_string}"},"query-input":{"@type":"PropertyValueSpecification","valueRequired":true,"valueName":"search_term_string"}}],"inLanguage":"es"},{"@type":"Organization","@id":"https:\/\/www.chemteq.net\/#organization","name":"Chemteq Inc.","url":"https:\/\/www.chemteq.net\/","logo":{"@type":"ImageObject","inLanguage":"es","@id":"https:\/\/www.chemteq.net\/#\/schema\/logo\/image\/","url":"https:\/\/www.chemteq.net\/wp-content\/uploads\/2021\/04\/ChemteqLogo0112239041421-scaled.jpg","contentUrl":"https:\/\/www.chemteq.net\/wp-content\/uploads\/2021\/04\/ChemteqLogo0112239041421-scaled.jpg","width":2560,"height":574,"caption":"Chemteq Inc."},"image":{"@id":"https:\/\/www.chemteq.net\/#\/schema\/logo\/image\/"}}]}},"_links":{"self":[{"href":"https:\/\/www.chemteq.net\/es\/wp-json\/wp\/v2\/product\/1402","targetHints":{"allow":["GET"]}}],"collection":[{"href":"https:\/\/www.chemteq.net\/es\/wp-json\/wp\/v2\/product"}],"about":[{"href":"https:\/\/www.chemteq.net\/es\/wp-json\/wp\/v2\/types\/product"}],"wp:featuredmedia":[{"embeddable":true,"href":"https:\/\/www.chemteq.net\/es\/wp-json\/wp\/v2\/media\/3090"}],"wp:attachment":[{"href":"https:\/\/www.chemteq.net\/es\/wp-json\/wp\/v2\/media?parent=1402"}],"wp:term":[{"taxonomy":"product_brand","embeddable":true,"href":"https:\/\/www.chemteq.net\/es\/wp-json\/wp\/v2\/product_brand?post=1402"},{"taxonomy":"product_cat","embeddable":true,"href":"https:\/\/www.chemteq.net\/es\/wp-json\/wp\/v2\/product_cat?post=1402"},{"taxonomy":"product_tag","embeddable":true,"href":"https:\/\/www.chemteq.net\/es\/wp-json\/wp\/v2\/product_tag?post=1402"}],"curies":[{"name":"wp","href":"https:\/\/api.w.org\/{rel}","templated":true}]}}