{"id":1354,"date":"2021-04-26T11:33:04","date_gmt":"2021-04-26T11:33:04","guid":{"rendered":"http:\/\/chemteqinc.wpengine.com\/?post_type=product&#038;p=1354"},"modified":"2023-07-18T21:45:00","modified_gmt":"2023-07-18T21:45:00","slug":"mercaptans-breakthrough-indicator-bti-2-2","status":"publish","type":"product","link":"https:\/\/www.chemteq.net\/es\/producto\/mercaptans-breakthrough-indicator-bti-2-2\/","title":{"rendered":"Mercaptans Breakthrough Indicator (BTI 2)"},"content":{"rendered":"<p>El indicador de avance de mercaptanos es un indicador colorim\u00e9trico que indica la saturaci\u00f3n y el agotamiento de los adsorbentes y filtros de carbono. Los indicadores son medios fiables y rentables para la protecci\u00f3n contra la exposici\u00f3n a gases mercaptanos en el lugar de trabajo. Los indicadores cambian de color cuando los adsorbentes de carb\u00f3n, los depuradores de carb\u00f3n y los filtros est\u00e1n saturados con mercaptanos. Por lo tanto, alerta al usuario para que reemplace el filtro o el adsorbedor de carb\u00f3n agotado. Los indicadores se conectan f\u00e1cilmente a la salida NPT hembra de 1\u00bd pulgadas del filtro o absorbedor de carbono usando la rosca NPT macho de 1\u00bd pulgadas en la parte inferior del indicador. Es sensible a gases o vapores espec\u00edficos. El indicador mide 4,5 pulgadas de alto y 2 pulgadas de di\u00e1metro y puede observar el cambio de color brillante y vibrante desde todas las direcciones. El dise\u00f1o \u00fanico del indicador evita cualquier cambio de color debido a la exposici\u00f3n a contaminantes en el entorno circundante y cambia de color solo cuando el absorbente de carbono o el filtro est\u00e1n saturados.<\/p>\n<p><strong><a href=\"https:\/\/d.docs.live.net\/wp-content\/uploads\/2021\/04\/BTI-2-Refilling-Instructions-MP-4068210-081720-F.pdf\">Instrucciones de recarga de BTI 2<\/a><\/strong><\/p>\n<p>PN 424<\/p>\n<p><strong>Especificaciones del producto<\/strong><\/p>\n<table>\n<tbody>\n<tr>\n<td width=\"31\">a<\/td>\n<td width=\"252\">Peso:<\/td>\n<td width=\"431\">129.5g (4.6oz)<\/td>\n<\/tr>\n<tr>\n<td width=\"31\">b<\/td>\n<td width=\"252\">Dimensiones:<\/td>\n<td width=\"431\">11.43cm (4.5in), diameter 5.08cm (2.0in)<\/td>\n<\/tr>\n<tr>\n<td width=\"31\">c<\/td>\n<td width=\"252\">Inlet dimensions:<\/td>\n<td width=\"431\">1.5&#8243; MNPT<\/td>\n<\/tr>\n<tr>\n<td width=\"31\">d<\/td>\n<td width=\"252\">Rango de temperatura:<\/td>\n<td width=\"431\">-20<sup>o<\/sup>C to 55<sup>o<\/sup>C (-4<sup>o<\/sup>F to 131<sup>o<\/sup>F)<\/td>\n<\/tr>\n<tr>\n<td width=\"31\">e<\/td>\n<td width=\"252\">Humedad de funcionamiento: gth:<\/td>\n<td width=\"431\">5% RH to 85%RH<\/td>\n<\/tr>\n<tr>\n<td width=\"31\">f<\/td>\n<td width=\"252\">L\u00edmite m\u00ednimo detectable:<\/td>\n<td width=\"431\">1ppm\u2022hr at 30 cm\/sec face velocity<\/td>\n<\/tr>\n<tr>\n<td width=\"31\">g<\/td>\n<td width=\"252\">Cambio de color:<\/td>\n<td width=\"431\">Olive green to pink<\/td>\n<\/tr>\n<tr>\n<td width=\"31\">h<\/td>\n<td width=\"252\">Rango de temperatura:<\/td>\n<td width=\"431\">4<sup>o<\/sup>C to 25<sup>o<\/sup>C, (39<sup>o<\/sup>F to 77<sup>o<\/sup>F)<\/td>\n<\/tr>\n<tr>\n<td width=\"31\">i<\/td>\n<td width=\"252\">Rango de vida \u00fatil:<\/td>\n<td width=\"431\">14 months at 4<sup>o<\/sup>C to 25<sup>o<\/sup>C, (39<sup>o<\/sup>F to 77<sup>o<\/sup>F)<\/td>\n<\/tr>\n<tr>\n<td width=\"31\">j<\/td>\n<td width=\"252\">Vida de servicio:<\/td>\n<td width=\"431\">14 months<\/td>\n<\/tr>\n<\/tbody>\n<\/table>","protected":false},"excerpt":{"rendered":"<p>dimensions: Length = 114.3mm (4.5\u201d), Diameter = 50.8mm (2.0\u201d), Inlet = 1.5\u201d Male NPT<\/p>","protected":false},"featured_media":2273,"template":"","meta":{"_acf_changed":false,"site-sidebar-layout":"default","site-content-layout":"default","ast-site-content-layout":"","site-content-style":"default","site-sidebar-style":"default","ast-global-header-display":"","ast-banner-title-visibility":"","ast-main-header-display":"","ast-hfb-above-header-display":"","ast-hfb-below-header-display":"","ast-hfb-mobile-header-display":"","site-post-title":"","ast-breadcrumbs-content":"","ast-featured-img":"","footer-sml-layout":"","theme-transparent-header-meta":"default","adv-header-id-meta":"","stick-header-meta":"default","header-above-stick-meta":"","header-main-stick-meta":"","header-below-stick-meta":"","astra-migrate-meta-layouts":"default","ast-page-background-enabled":"default","ast-page-background-meta":{"desktop":{"background-color":"","background-image":"","background-repeat":"repeat","background-position":"center center","background-size":"auto","background-attachment":"scroll","background-type":"","background-media":"","overlay-type":"","overlay-color":"","overlay-opacity":"","overlay-gradient":""},"tablet":{"background-color":"","background-image":"","background-repeat":"repeat","background-position":"center center","background-size":"auto","background-attachment":"scroll","background-type":"","background-media":"","overlay-type":"","overlay-color":"","overlay-opacity":"","overlay-gradient":""},"mobile":{"background-color":"","background-image":"","background-repeat":"repeat","background-position":"center center","background-size":"auto","background-attachment":"scroll","background-type":"","background-media":"","overlay-type":"","overlay-color":"","overlay-opacity":"","overlay-gradient":""}},"ast-content-background-meta":{"desktop":{"background-color":"var(--ast-global-color-5)","background-image":"","background-repeat":"repeat","background-position":"center center","background-size":"auto","background-attachment":"scroll","background-type":"","background-media":"","overlay-type":"","overlay-color":"","overlay-opacity":"","overlay-gradient":""},"tablet":{"background-color":"var(--ast-global-color-5)","background-image":"","background-repeat":"repeat","background-position":"center center","background-size":"auto","background-attachment":"scroll","background-type":"","background-media":"","overlay-type":"","overlay-color":"","overlay-opacity":"","overlay-gradient":""},"mobile":{"background-color":"var(--ast-global-color-5)","background-image":"","background-repeat":"repeat","background-position":"center center","background-size":"auto","background-attachment":"scroll","background-type":"","background-media":"","overlay-type":"","overlay-color":"","overlay-opacity":"","overlay-gradient":""}}},"product_brand":[],"product_cat":[54],"product_tag":[61],"class_list":{"0":"post-1354","1":"product","2":"type-product","3":"status-publish","4":"has-post-thumbnail","6":"product_cat-bti2-filter-breackthrough-indicators-2","7":"product_tag-wastewater-treatment-emission-control-products","8":"desktop-align-left","9":"tablet-align-left","10":"mobile-align-left","11":"ast-product-gallery-layout-horizontal","12":"ast-product-gallery-with-no-image","13":"ast-product-tabs-layout-horizontal","15":"first","16":"instock","17":"taxable","18":"shipping-taxable","19":"purchasable","20":"product-type-simple"},"acf":[],"yoast_head":"<!-- This site is optimized with the Yoast SEO plugin v26.3 - https:\/\/yoast.com\/wordpress\/plugins\/seo\/ -->\n<title>Mercaptans Breakthrough Indicator (BTI 2) - Chemteq Inc.<\/title>\n<meta name=\"description\" content=\"The Mercaptans breakthrough indicator is colorimetric indicator that indicate the saturation and exhaustion of carbon adsorbers and filters. The indicators are reliable and cost effect means for protection from exposure to mercaptans gas in the workplace. Indicators change color when carbon adsorbers, carbon scrubbers and filters are saturated with mercaptans.\" \/>\n<meta name=\"robots\" content=\"index, follow, max-snippet:-1, max-image-preview:large, max-video-preview:-1\" \/>\n<link rel=\"canonical\" href=\"https:\/\/www.chemteq.net\/es\/producto\/mercaptans-breakthrough-indicator-bti-2-2\/\" \/>\n<meta property=\"og:locale\" content=\"es_ES\" \/>\n<meta property=\"og:type\" content=\"article\" \/>\n<meta property=\"og:title\" content=\"Mercaptans Breakthrough Indicator (BTI 2) - Chemteq Inc.\" \/>\n<meta property=\"og:description\" content=\"The Mercaptans breakthrough indicator is colorimetric indicator that indicate the saturation and exhaustion of carbon adsorbers and filters. The indicators are reliable and cost effect means for protection from exposure to mercaptans gas in the workplace. Indicators change color when carbon adsorbers, carbon scrubbers and filters are saturated with mercaptans.\" \/>\n<meta property=\"og:url\" content=\"https:\/\/www.chemteq.net\/es\/producto\/mercaptans-breakthrough-indicator-bti-2-2\/\" \/>\n<meta property=\"og:site_name\" content=\"Chemteq Inc.\" \/>\n<meta property=\"article:modified_time\" content=\"2023-07-18T21:45:00+00:00\" \/>\n<meta property=\"og:image\" content=\"https:\/\/www.chemteq.net\/wp-content\/uploads\/2021\/04\/Mercaptans-BTI-2-424-053121A.jpg\" \/>\n\t<meta property=\"og:image:width\" content=\"2160\" \/>\n\t<meta property=\"og:image:height\" content=\"2160\" \/>\n\t<meta property=\"og:image:type\" content=\"image\/jpeg\" \/>\n<meta name=\"twitter:card\" content=\"summary_large_image\" \/>\n<meta name=\"twitter:label1\" content=\"Tiempo de lectura\" \/>\n\t<meta name=\"twitter:data1\" content=\"2 minutos\" \/>\n<script type=\"application\/ld+json\" class=\"yoast-schema-graph\">{\"@context\":\"https:\/\/schema.org\",\"@graph\":[{\"@type\":\"WebPage\",\"@id\":\"https:\/\/www.chemteq.net\/product\/mercaptans-breakthrough-indicator-bti-2-2\/\",\"url\":\"https:\/\/www.chemteq.net\/product\/mercaptans-breakthrough-indicator-bti-2-2\/\",\"name\":\"Mercaptans Breakthrough Indicator (BTI 2) - Chemteq Inc.\",\"isPartOf\":{\"@id\":\"https:\/\/www.chemteq.net\/#website\"},\"primaryImageOfPage\":{\"@id\":\"https:\/\/www.chemteq.net\/product\/mercaptans-breakthrough-indicator-bti-2-2\/#primaryimage\"},\"image\":{\"@id\":\"https:\/\/www.chemteq.net\/product\/mercaptans-breakthrough-indicator-bti-2-2\/#primaryimage\"},\"thumbnailUrl\":\"https:\/\/www.chemteq.net\/wp-content\/uploads\/2021\/04\/Mercaptans-BTI-2-424-053121A.jpg\",\"datePublished\":\"2021-04-26T11:33:04+00:00\",\"dateModified\":\"2023-07-18T21:45:00+00:00\",\"description\":\"The Mercaptans breakthrough indicator is colorimetric indicator that indicate the saturation and exhaustion of carbon adsorbers and filters. The indicators are reliable and cost effect means for protection from exposure to mercaptans gas in the workplace. Indicators change color when carbon adsorbers, carbon scrubbers and filters are saturated with mercaptans.\",\"breadcrumb\":{\"@id\":\"https:\/\/www.chemteq.net\/product\/mercaptans-breakthrough-indicator-bti-2-2\/#breadcrumb\"},\"inLanguage\":\"es\",\"potentialAction\":[{\"@type\":\"ReadAction\",\"target\":[\"https:\/\/www.chemteq.net\/product\/mercaptans-breakthrough-indicator-bti-2-2\/\"]}]},{\"@type\":\"ImageObject\",\"inLanguage\":\"es\",\"@id\":\"https:\/\/www.chemteq.net\/product\/mercaptans-breakthrough-indicator-bti-2-2\/#primaryimage\",\"url\":\"https:\/\/www.chemteq.net\/wp-content\/uploads\/2021\/04\/Mercaptans-BTI-2-424-053121A.jpg\",\"contentUrl\":\"https:\/\/www.chemteq.net\/wp-content\/uploads\/2021\/04\/Mercaptans-BTI-2-424-053121A.jpg\",\"width\":2160,\"height\":2160},{\"@type\":\"BreadcrumbList\",\"@id\":\"https:\/\/www.chemteq.net\/product\/mercaptans-breakthrough-indicator-bti-2-2\/#breadcrumb\",\"itemListElement\":[{\"@type\":\"ListItem\",\"position\":1,\"name\":\"Home\",\"item\":\"https:\/\/www.chemteq.net\/\"},{\"@type\":\"ListItem\",\"position\":2,\"name\":\"Products\",\"item\":\"https:\/\/www.chemteq.net\/products\/\"},{\"@type\":\"ListItem\",\"position\":3,\"name\":\"Mercaptans Breakthrough Indicator (BTI 2)\"}]},{\"@type\":\"WebSite\",\"@id\":\"https:\/\/www.chemteq.net\/#website\",\"url\":\"https:\/\/www.chemteq.net\/\",\"name\":\"Chemteq Inc.\",\"description\":\"High Quality And Reliable Devices To Serve Health, Safety And Industrial Hygiene\",\"publisher\":{\"@id\":\"https:\/\/www.chemteq.net\/#organization\"},\"potentialAction\":[{\"@type\":\"SearchAction\",\"target\":{\"@type\":\"EntryPoint\",\"urlTemplate\":\"https:\/\/www.chemteq.net\/?s={search_term_string}\"},\"query-input\":{\"@type\":\"PropertyValueSpecification\",\"valueRequired\":true,\"valueName\":\"search_term_string\"}}],\"inLanguage\":\"es\"},{\"@type\":\"Organization\",\"@id\":\"https:\/\/www.chemteq.net\/#organization\",\"name\":\"Chemteq Inc.\",\"url\":\"https:\/\/www.chemteq.net\/\",\"logo\":{\"@type\":\"ImageObject\",\"inLanguage\":\"es\",\"@id\":\"https:\/\/www.chemteq.net\/#\/schema\/logo\/image\/\",\"url\":\"https:\/\/www.chemteq.net\/wp-content\/uploads\/2021\/04\/ChemteqLogo0112239041421-scaled.jpg\",\"contentUrl\":\"https:\/\/www.chemteq.net\/wp-content\/uploads\/2021\/04\/ChemteqLogo0112239041421-scaled.jpg\",\"width\":2560,\"height\":574,\"caption\":\"Chemteq Inc.\"},\"image\":{\"@id\":\"https:\/\/www.chemteq.net\/#\/schema\/logo\/image\/\"}}]}<\/script>\n<!-- \/ Yoast SEO plugin. -->","yoast_head_json":{"title":"Mercaptans Breakthrough Indicator (BTI 2) - Chemteq Inc.","description":"The Mercaptans breakthrough indicator is colorimetric indicator that indicate the saturation and exhaustion of carbon adsorbers and filters. The indicators are reliable and cost effect means for protection from exposure to mercaptans gas in the workplace. Indicators change color when carbon adsorbers, carbon scrubbers and filters are saturated with mercaptans.","robots":{"index":"index","follow":"follow","max-snippet":"max-snippet:-1","max-image-preview":"max-image-preview:large","max-video-preview":"max-video-preview:-1"},"canonical":"https:\/\/www.chemteq.net\/es\/producto\/mercaptans-breakthrough-indicator-bti-2-2\/","og_locale":"es_ES","og_type":"article","og_title":"Mercaptans Breakthrough Indicator (BTI 2) - Chemteq Inc.","og_description":"The Mercaptans breakthrough indicator is colorimetric indicator that indicate the saturation and exhaustion of carbon adsorbers and filters. The indicators are reliable and cost effect means for protection from exposure to mercaptans gas in the workplace. Indicators change color when carbon adsorbers, carbon scrubbers and filters are saturated with mercaptans.","og_url":"https:\/\/www.chemteq.net\/es\/producto\/mercaptans-breakthrough-indicator-bti-2-2\/","og_site_name":"Chemteq Inc.","article_modified_time":"2023-07-18T21:45:00+00:00","og_image":[{"width":2160,"height":2160,"url":"https:\/\/www.chemteq.net\/wp-content\/uploads\/2021\/04\/Mercaptans-BTI-2-424-053121A.jpg","type":"image\/jpeg"}],"twitter_card":"summary_large_image","twitter_misc":{"Tiempo de lectura":"2 minutos"},"schema":{"@context":"https:\/\/schema.org","@graph":[{"@type":"WebPage","@id":"https:\/\/www.chemteq.net\/product\/mercaptans-breakthrough-indicator-bti-2-2\/","url":"https:\/\/www.chemteq.net\/product\/mercaptans-breakthrough-indicator-bti-2-2\/","name":"Mercaptans Breakthrough Indicator (BTI 2) - Chemteq Inc.","isPartOf":{"@id":"https:\/\/www.chemteq.net\/#website"},"primaryImageOfPage":{"@id":"https:\/\/www.chemteq.net\/product\/mercaptans-breakthrough-indicator-bti-2-2\/#primaryimage"},"image":{"@id":"https:\/\/www.chemteq.net\/product\/mercaptans-breakthrough-indicator-bti-2-2\/#primaryimage"},"thumbnailUrl":"https:\/\/www.chemteq.net\/wp-content\/uploads\/2021\/04\/Mercaptans-BTI-2-424-053121A.jpg","datePublished":"2021-04-26T11:33:04+00:00","dateModified":"2023-07-18T21:45:00+00:00","description":"The Mercaptans breakthrough indicator is colorimetric indicator that indicate the saturation and exhaustion of carbon adsorbers and filters. The indicators are reliable and cost effect means for protection from exposure to mercaptans gas in the workplace. Indicators change color when carbon adsorbers, carbon scrubbers and filters are saturated with mercaptans.","breadcrumb":{"@id":"https:\/\/www.chemteq.net\/product\/mercaptans-breakthrough-indicator-bti-2-2\/#breadcrumb"},"inLanguage":"es","potentialAction":[{"@type":"ReadAction","target":["https:\/\/www.chemteq.net\/product\/mercaptans-breakthrough-indicator-bti-2-2\/"]}]},{"@type":"ImageObject","inLanguage":"es","@id":"https:\/\/www.chemteq.net\/product\/mercaptans-breakthrough-indicator-bti-2-2\/#primaryimage","url":"https:\/\/www.chemteq.net\/wp-content\/uploads\/2021\/04\/Mercaptans-BTI-2-424-053121A.jpg","contentUrl":"https:\/\/www.chemteq.net\/wp-content\/uploads\/2021\/04\/Mercaptans-BTI-2-424-053121A.jpg","width":2160,"height":2160},{"@type":"BreadcrumbList","@id":"https:\/\/www.chemteq.net\/product\/mercaptans-breakthrough-indicator-bti-2-2\/#breadcrumb","itemListElement":[{"@type":"ListItem","position":1,"name":"Home","item":"https:\/\/www.chemteq.net\/"},{"@type":"ListItem","position":2,"name":"Products","item":"https:\/\/www.chemteq.net\/products\/"},{"@type":"ListItem","position":3,"name":"Mercaptans Breakthrough Indicator (BTI 2)"}]},{"@type":"WebSite","@id":"https:\/\/www.chemteq.net\/#website","url":"https:\/\/www.chemteq.net\/","name":"Chemteq Inc.","description":"High Quality And Reliable Devices To Serve Health, Safety And Industrial Hygiene","publisher":{"@id":"https:\/\/www.chemteq.net\/#organization"},"potentialAction":[{"@type":"SearchAction","target":{"@type":"EntryPoint","urlTemplate":"https:\/\/www.chemteq.net\/?s={search_term_string}"},"query-input":{"@type":"PropertyValueSpecification","valueRequired":true,"valueName":"search_term_string"}}],"inLanguage":"es"},{"@type":"Organization","@id":"https:\/\/www.chemteq.net\/#organization","name":"Chemteq Inc.","url":"https:\/\/www.chemteq.net\/","logo":{"@type":"ImageObject","inLanguage":"es","@id":"https:\/\/www.chemteq.net\/#\/schema\/logo\/image\/","url":"https:\/\/www.chemteq.net\/wp-content\/uploads\/2021\/04\/ChemteqLogo0112239041421-scaled.jpg","contentUrl":"https:\/\/www.chemteq.net\/wp-content\/uploads\/2021\/04\/ChemteqLogo0112239041421-scaled.jpg","width":2560,"height":574,"caption":"Chemteq Inc."},"image":{"@id":"https:\/\/www.chemteq.net\/#\/schema\/logo\/image\/"}}]}},"_links":{"self":[{"href":"https:\/\/www.chemteq.net\/es\/wp-json\/wp\/v2\/product\/1354","targetHints":{"allow":["GET"]}}],"collection":[{"href":"https:\/\/www.chemteq.net\/es\/wp-json\/wp\/v2\/product"}],"about":[{"href":"https:\/\/www.chemteq.net\/es\/wp-json\/wp\/v2\/types\/product"}],"wp:featuredmedia":[{"embeddable":true,"href":"https:\/\/www.chemteq.net\/es\/wp-json\/wp\/v2\/media\/2273"}],"wp:attachment":[{"href":"https:\/\/www.chemteq.net\/es\/wp-json\/wp\/v2\/media?parent=1354"}],"wp:term":[{"taxonomy":"product_brand","embeddable":true,"href":"https:\/\/www.chemteq.net\/es\/wp-json\/wp\/v2\/product_brand?post=1354"},{"taxonomy":"product_cat","embeddable":true,"href":"https:\/\/www.chemteq.net\/es\/wp-json\/wp\/v2\/product_cat?post=1354"},{"taxonomy":"product_tag","embeddable":true,"href":"https:\/\/www.chemteq.net\/es\/wp-json\/wp\/v2\/product_tag?post=1354"}],"curies":[{"name":"wp","href":"https:\/\/api.w.org\/{rel}","templated":true}]}}