{"id":1275,"date":"2021-04-25T11:15:33","date_gmt":"2021-04-25T11:15:33","guid":{"rendered":"http:\/\/chemteqinc.wpengine.com\/?post_type=product&#038;p=1275"},"modified":"2025-12-11T17:42:31","modified_gmt":"2025-12-11T17:42:31","slug":"aliphatic-amines-filter-breakthrough-indicator","status":"publish","type":"product","link":"https:\/\/www.chemteq.net\/es\/producto\/aliphatic-amines-filter-breakthrough-indicator\/","title":{"rendered":"Aliphatic Amines Filter Breakthrough Indicator"},"content":{"rendered":"<p>Indicador de cambio de filtro de Aminas Alif\u00e1ticas. Es un indicador colorim\u00e9trico que indica el agotamiento de los filtros. El indicador es un medio confiable y rentable para la protecci\u00f3n contra la exposici\u00f3n a aminas alif\u00e1ticas t\u00f3xicas. Cambia de color de amarillo a verde a azul cuando el filtro est\u00e1 saturado con aminas alif\u00e1ticas. Por lo tanto, alerta al usuario para que reemplace el filtro agotado.<\/p>\n<p>Se conecta f\u00e1cilmente a la salida NPT hembra de \u00be de pulgada del filtro usando la rosca NPT macho de \u00be de pulgada en la parte inferior del indicador. Es sensible a las aminas alif\u00e1ticas. Funciona a temperaturas -20<sup>o<\/sup>C to 65<sup>o<\/sup>C (-4<sup>o<\/sup>F to 149<sup>o<\/sup>F) y humedades 5% HR a 85% HR. El indicador mide 3,5 pulgadas de alto; 1 pulgada de di\u00e1metro. Cambio de color brillante y vibrante desde todas las direcciones. El dise\u00f1o \u00fanico evita cualquier cambio de color debido a la exposici\u00f3n a contaminantes en el entorno circundante. Cambia de color solo cuando el filtro est\u00e1 saturado. El indicador tiene una vida \u00fatil extendida de 1 a\u00f1o.<\/p>\n<p>PN 187<\/p>\n<p><b id=\"ext-gen108042\">Especificaciones del producto<\/b><\/p>\n<table border=\"0\" cellspacing=\"0\" cellpadding=\"0\">\n<tbody>\n<tr>\n<td width=\"42\">\n<p align=\"center\">a<\/p>\n<\/td>\n<td valign=\"top\" width=\"348\">Peso:<\/td>\n<td valign=\"top\" width=\"359\">\n<p id=\"ext-gen39438\">28g (1.0oz)<\/p>\n<\/td>\n<\/tr>\n<tr>\n<td width=\"42\">\n<p align=\"center\">b<\/p>\n<\/td>\n<td valign=\"top\" width=\"348\">Dimensiones:<\/td>\n<td valign=\"top\" width=\"359\">89.9mm (3.5in), diameter 24.5mm (1.0in)<\/td>\n<\/tr>\n<tr>\n<td width=\"42\">\n<p align=\"center\">c<\/p>\n<\/td>\n<td valign=\"top\" width=\"348\">Inlet dimensions:<\/td>\n<td valign=\"top\" width=\"359\">\u00be&#8221; MNPT<\/td>\n<\/tr>\n<tr>\n<td width=\"42\">\n<p align=\"center\">d<\/p>\n<\/td>\n<td valign=\"top\" width=\"348\">Rango de temperatura:<\/td>\n<td valign=\"top\" width=\"359\">-20<sup>o<\/sup>C to 55<sup>o<\/sup>C (-4<sup>o<\/sup>F to 131<sup>o<\/sup>F)<\/td>\n<\/tr>\n<tr>\n<td width=\"42\">\n<p align=\"center\">e<\/p>\n<\/td>\n<td valign=\"top\" width=\"348\">Humedad de funcionamiento: gth:<\/td>\n<td valign=\"top\" width=\"359\">5% RH to 85%RH<\/td>\n<\/tr>\n<tr>\n<td width=\"42\">\n<p align=\"center\">f<\/p>\n<\/td>\n<td id=\"ext-gen108037\" valign=\"top\" width=\"348\">L\u00edmite m\u00ednimo detectable:<\/td>\n<td valign=\"top\" width=\"359\">4ppm\u2022min at 30 cm\/sec face velocity<\/td>\n<\/tr>\n<tr>\n<td width=\"42\">\n<p align=\"center\">g<\/p>\n<\/td>\n<td valign=\"top\" width=\"348\">Cambio de color:<\/td>\n<td valign=\"top\" width=\"359\">Yellow to green to blue<\/td>\n<\/tr>\n<tr>\n<td width=\"42\">\n<p align=\"center\">h<\/p>\n<\/td>\n<td valign=\"top\" width=\"348\">Rango de temperatura:<\/td>\n<td valign=\"top\" width=\"359\">4<sup>o<\/sup>C to 25<sup>o<\/sup>C, (39<sup>o<\/sup>F to 77<sup>o<\/sup>F)<\/td>\n<\/tr>\n<tr>\n<td width=\"42\">\n<p align=\"center\">i<\/p>\n<\/td>\n<td valign=\"top\" width=\"348\">Rango de vida \u00fatil:<\/td>\n<td valign=\"top\" width=\"359\">14 months at 4<sup>o<\/sup>C to 25<sup>o<\/sup>C, (39<sup>o<\/sup>F to 77<sup>o<\/sup>F)<\/td>\n<\/tr>\n<tr>\n<td width=\"42\">\n<p align=\"center\">j<\/p>\n<\/td>\n<td valign=\"top\" width=\"348\">Vida de servicio:<\/td>\n<td valign=\"top\" width=\"359\">1 year<\/td>\n<\/tr>\n<\/tbody>\n<\/table>\n<p>Indicador de cambio de filtro de aminas alif\u00e1ticas<br \/>\nEnlaces \u00fatiles<br \/>\n<a href=\"https:\/\/www.cdc.gov\/niosh\/npg\/npgd0398.html\" target=\"_blank\" rel=\"noopener\">NIOSH<\/a><br \/>\n<a href=\"https:\/\/www.chemteq.net\/es\/producto\/basic-vapors-saturation-indicator-sticker-for-ductless-hood-filters\/\" target=\"_blank\" rel=\"noopener\">Basic Vapors Breakthrough Indicator for Ductless Hoods<\/a><\/p>","protected":false},"excerpt":{"rendered":"<p>Caracter\u00edsticas del producto<\/p>\n<p>L\u00edmite m\u00ednimo detectable: 1ppm\u2022hr<\/p>\n<p>Color Change: Yellow to green<\/p>\n<p>Inlet dimensions: \u00be&#8221; Male NPT<\/p>\n<p>Vida \u00fatil: 2 a\u00f1os<\/p>","protected":false},"featured_media":2035,"template":"","meta":{"_acf_changed":false,"site-sidebar-layout":"default","site-content-layout":"default","ast-site-content-layout":"default","site-content-style":"default","site-sidebar-style":"default","ast-global-header-display":"","ast-banner-title-visibility":"","ast-main-header-display":"","ast-hfb-above-header-display":"","ast-hfb-below-header-display":"","ast-hfb-mobile-header-display":"","site-post-title":"","ast-breadcrumbs-content":"","ast-featured-img":"","footer-sml-layout":"","theme-transparent-header-meta":"default","adv-header-id-meta":"","stick-header-meta":"default","header-above-stick-meta":"","header-main-stick-meta":"","header-below-stick-meta":"","astra-migrate-meta-layouts":"set","ast-page-background-enabled":"default","ast-page-background-meta":{"desktop":{"background-color":"","background-image":"","background-repeat":"repeat","background-position":"center center","background-size":"auto","background-attachment":"scroll","background-type":"","background-media":"","overlay-type":"","overlay-color":"","overlay-opacity":"","overlay-gradient":""},"tablet":{"background-color":"","background-image":"","background-repeat":"repeat","background-position":"center center","background-size":"auto","background-attachment":"scroll","background-type":"","background-media":"","overlay-type":"","overlay-color":"","overlay-opacity":"","overlay-gradient":""},"mobile":{"background-color":"","background-image":"","background-repeat":"repeat","background-position":"center center","background-size":"auto","background-attachment":"scroll","background-type":"","background-media":"","overlay-type":"","overlay-color":"","overlay-opacity":"","overlay-gradient":""}},"ast-content-background-meta":{"desktop":{"background-color":"var(--ast-global-color-5)","background-image":"","background-repeat":"repeat","background-position":"center center","background-size":"auto","background-attachment":"scroll","background-type":"","background-media":"","overlay-type":"","overlay-color":"","overlay-opacity":"","overlay-gradient":""},"tablet":{"background-color":"var(--ast-global-color-5)","background-image":"","background-repeat":"repeat","background-position":"center center","background-size":"auto","background-attachment":"scroll","background-type":"","background-media":"","overlay-type":"","overlay-color":"","overlay-opacity":"","overlay-gradient":""},"mobile":{"background-color":"var(--ast-global-color-5)","background-image":"","background-repeat":"repeat","background-position":"center center","background-size":"auto","background-attachment":"scroll","background-type":"","background-media":"","overlay-type":"","overlay-color":"","overlay-opacity":"","overlay-gradient":""}}},"product_brand":[],"product_cat":[46],"product_tag":[78,69],"class_list":{"0":"post-1275","1":"product","2":"type-product","3":"status-publish","4":"has-post-thumbnail","6":"product_cat-bti-filter-breakthrough-indicators","7":"product_tag-chemical-industries-emission-control-products","8":"product_tag-laboratories-emission-control-products","9":"desktop-align-left","10":"tablet-align-left","11":"mobile-align-left","12":"ast-product-gallery-layout-horizontal","13":"ast-product-gallery-with-no-image","14":"ast-product-tabs-layout-horizontal","16":"first","17":"instock","18":"taxable","19":"shipping-taxable","20":"purchasable","21":"product-type-simple"},"acf":[],"yoast_head":"<!-- This site is optimized with the Yoast SEO plugin v27.4 - https:\/\/yoast.com\/product\/yoast-seo-wordpress\/ -->\n<title>Aliphatic amines filter change indicator is reliable and cost effect<\/title>\n<meta name=\"description\" content=\"Aliphatic amines filter change indicator. Direct read and real time indication of aliphatic amines. Reliable and cost effective.\" \/>\n<meta name=\"robots\" content=\"index, follow, max-snippet:-1, max-image-preview:large, max-video-preview:-1\" \/>\n<link rel=\"canonical\" href=\"https:\/\/www.chemteq.net\/es\/producto\/aliphatic-amines-filter-breakthrough-indicator\/\" \/>\n<meta property=\"og:locale\" content=\"es_ES\" \/>\n<meta property=\"og:type\" content=\"article\" \/>\n<meta property=\"og:title\" content=\"Aliphatic Amines Filter Change Indicator\" \/>\n<meta property=\"og:description\" content=\"Aliphatic amines filter change indicator. Direct read and real time indication of aliphatic amines. Reliable and cost effective.\" \/>\n<meta property=\"og:url\" content=\"https:\/\/www.chemteq.net\/es\/producto\/aliphatic-amines-filter-breakthrough-indicator\/\" \/>\n<meta property=\"og:site_name\" content=\"Chemteq Inc.\" \/>\n<meta property=\"article:modified_time\" content=\"2025-12-11T17:42:31+00:00\" \/>\n<meta property=\"og:image\" content=\"https:\/\/www.chemteq.net\/wp-content\/uploads\/2021\/04\/Aliphatic-Amines-Filter-Change-Indicator-scaled.jpg\" \/>\n\t<meta property=\"og:image:width\" content=\"2560\" \/>\n\t<meta property=\"og:image:height\" content=\"1792\" \/>\n\t<meta property=\"og:image:type\" content=\"image\/jpeg\" \/>\n<meta name=\"twitter:card\" content=\"summary_large_image\" \/>\n<meta name=\"twitter:title\" content=\"Aliphatic Amines Filter Change Indicator\" \/>\n<meta name=\"twitter:description\" content=\"Aliphatic amines filter change indicator. Direct read and real time indication of aliphatic amines. Reliable and cost effective.\" \/>\n<meta name=\"twitter:image\" content=\"https:\/\/www.chemteq.net\/wp-content\/uploads\/2021\/04\/Aliphatic-Amines-Filter-Change-Indicator-scaled.jpg\" \/>\n<meta name=\"twitter:label1\" content=\"Tiempo de lectura\" \/>\n\t<meta name=\"twitter:data1\" content=\"2 minutos\" \/>\n<script type=\"application\/ld+json\" class=\"yoast-schema-graph\">{\"@context\":\"https:\\\/\\\/schema.org\",\"@graph\":[{\"@type\":[\"WebPage\",\"ItemPage\"],\"@id\":\"https:\\\/\\\/www.chemteq.net\\\/product\\\/aliphatic-amines-filter-breakthrough-indicator\\\/\",\"url\":\"https:\\\/\\\/www.chemteq.net\\\/product\\\/aliphatic-amines-filter-breakthrough-indicator\\\/\",\"name\":\"Aliphatic amines filter change indicator is reliable and cost effect\",\"isPartOf\":{\"@id\":\"https:\\\/\\\/www.chemteq.net\\\/#website\"},\"primaryImageOfPage\":{\"@id\":\"https:\\\/\\\/www.chemteq.net\\\/product\\\/aliphatic-amines-filter-breakthrough-indicator\\\/#primaryimage\"},\"image\":{\"@id\":\"https:\\\/\\\/www.chemteq.net\\\/product\\\/aliphatic-amines-filter-breakthrough-indicator\\\/#primaryimage\"},\"thumbnailUrl\":\"https:\\\/\\\/www.chemteq.net\\\/wp-content\\\/uploads\\\/2021\\\/04\\\/Aliphatic-Amines-BTI-A-051021-scaled.jpg\",\"datePublished\":\"2021-04-25T11:15:33+00:00\",\"dateModified\":\"2025-12-11T17:42:31+00:00\",\"description\":\"Aliphatic amines filter change indicator. Direct read and real time indication of aliphatic amines. Reliable and cost effective.\",\"breadcrumb\":{\"@id\":\"https:\\\/\\\/www.chemteq.net\\\/product\\\/aliphatic-amines-filter-breakthrough-indicator\\\/#breadcrumb\"},\"inLanguage\":\"es\",\"potentialAction\":[{\"@type\":\"ReadAction\",\"target\":[\"https:\\\/\\\/www.chemteq.net\\\/product\\\/aliphatic-amines-filter-breakthrough-indicator\\\/\"]}]},{\"@type\":\"ImageObject\",\"inLanguage\":\"es\",\"@id\":\"https:\\\/\\\/www.chemteq.net\\\/product\\\/aliphatic-amines-filter-breakthrough-indicator\\\/#primaryimage\",\"url\":\"https:\\\/\\\/www.chemteq.net\\\/wp-content\\\/uploads\\\/2021\\\/04\\\/Aliphatic-Amines-BTI-A-051021-scaled.jpg\",\"contentUrl\":\"https:\\\/\\\/www.chemteq.net\\\/wp-content\\\/uploads\\\/2021\\\/04\\\/Aliphatic-Amines-BTI-A-051021-scaled.jpg\",\"width\":2560,\"height\":2560,\"caption\":\"Aliphatic Amines Filter Change Indicator\"},{\"@type\":\"BreadcrumbList\",\"@id\":\"https:\\\/\\\/www.chemteq.net\\\/product\\\/aliphatic-amines-filter-breakthrough-indicator\\\/#breadcrumb\",\"itemListElement\":[{\"@type\":\"ListItem\",\"position\":1,\"name\":\"Home\",\"item\":\"https:\\\/\\\/www.chemteq.net\\\/\"},{\"@type\":\"ListItem\",\"position\":2,\"name\":\"Products\",\"item\":\"https:\\\/\\\/www.chemteq.net\\\/products\\\/\"},{\"@type\":\"ListItem\",\"position\":3,\"name\":\"Aliphatic Amines Filter Breakthrough Indicator\"}]},{\"@type\":\"WebSite\",\"@id\":\"https:\\\/\\\/www.chemteq.net\\\/#website\",\"url\":\"https:\\\/\\\/www.chemteq.net\\\/\",\"name\":\"Chemteq Inc.\",\"description\":\"High Quality And Reliable Devices To Serve Health, Safety And Industrial Hygiene\",\"publisher\":{\"@id\":\"https:\\\/\\\/www.chemteq.net\\\/#organization\"},\"potentialAction\":[{\"@type\":\"SearchAction\",\"target\":{\"@type\":\"EntryPoint\",\"urlTemplate\":\"https:\\\/\\\/www.chemteq.net\\\/?s={search_term_string}\"},\"query-input\":{\"@type\":\"PropertyValueSpecification\",\"valueRequired\":true,\"valueName\":\"search_term_string\"}}],\"inLanguage\":\"es\"},{\"@type\":\"Organization\",\"@id\":\"https:\\\/\\\/www.chemteq.net\\\/#organization\",\"name\":\"Chemteq Inc.\",\"url\":\"https:\\\/\\\/www.chemteq.net\\\/\",\"logo\":{\"@type\":\"ImageObject\",\"inLanguage\":\"es\",\"@id\":\"https:\\\/\\\/www.chemteq.net\\\/#\\\/schema\\\/logo\\\/image\\\/\",\"url\":\"https:\\\/\\\/www.chemteq.net\\\/wp-content\\\/uploads\\\/2021\\\/04\\\/ChemteqLogo0112239041421-scaled.jpg\",\"contentUrl\":\"https:\\\/\\\/www.chemteq.net\\\/wp-content\\\/uploads\\\/2021\\\/04\\\/ChemteqLogo0112239041421-scaled.jpg\",\"width\":2560,\"height\":574,\"caption\":\"Chemteq Inc.\"},\"image\":{\"@id\":\"https:\\\/\\\/www.chemteq.net\\\/#\\\/schema\\\/logo\\\/image\\\/\"}}]}<\/script>\n<!-- \/ Yoast SEO plugin. -->","yoast_head_json":{"title":"Aliphatic amines filter change indicator is reliable and cost effect","description":"Aliphatic amines filter change indicator. Direct read and real time indication of aliphatic amines. Reliable and cost effective.","robots":{"index":"index","follow":"follow","max-snippet":"max-snippet:-1","max-image-preview":"max-image-preview:large","max-video-preview":"max-video-preview:-1"},"canonical":"https:\/\/www.chemteq.net\/es\/producto\/aliphatic-amines-filter-breakthrough-indicator\/","og_locale":"es_ES","og_type":"article","og_title":"Aliphatic Amines Filter Change Indicator","og_description":"Aliphatic amines filter change indicator. Direct read and real time indication of aliphatic amines. Reliable and cost effective.","og_url":"https:\/\/www.chemteq.net\/es\/producto\/aliphatic-amines-filter-breakthrough-indicator\/","og_site_name":"Chemteq Inc.","article_modified_time":"2025-12-11T17:42:31+00:00","og_image":[{"width":2560,"height":1792,"url":"https:\/\/www.chemteq.net\/wp-content\/uploads\/2021\/04\/Aliphatic-Amines-Filter-Change-Indicator-scaled.jpg","type":"image\/jpeg"}],"twitter_card":"summary_large_image","twitter_title":"Aliphatic Amines Filter Change Indicator","twitter_description":"Aliphatic amines filter change indicator. Direct read and real time indication of aliphatic amines. Reliable and cost effective.","twitter_image":"https:\/\/www.chemteq.net\/wp-content\/uploads\/2021\/04\/Aliphatic-Amines-Filter-Change-Indicator-scaled.jpg","twitter_misc":{"Tiempo de lectura":"2 minutos"},"schema":{"@context":"https:\/\/schema.org","@graph":[{"@type":["WebPage","ItemPage"],"@id":"https:\/\/www.chemteq.net\/product\/aliphatic-amines-filter-breakthrough-indicator\/","url":"https:\/\/www.chemteq.net\/product\/aliphatic-amines-filter-breakthrough-indicator\/","name":"Aliphatic amines filter change indicator is reliable and cost effect","isPartOf":{"@id":"https:\/\/www.chemteq.net\/#website"},"primaryImageOfPage":{"@id":"https:\/\/www.chemteq.net\/product\/aliphatic-amines-filter-breakthrough-indicator\/#primaryimage"},"image":{"@id":"https:\/\/www.chemteq.net\/product\/aliphatic-amines-filter-breakthrough-indicator\/#primaryimage"},"thumbnailUrl":"https:\/\/www.chemteq.net\/wp-content\/uploads\/2021\/04\/Aliphatic-Amines-BTI-A-051021-scaled.jpg","datePublished":"2021-04-25T11:15:33+00:00","dateModified":"2025-12-11T17:42:31+00:00","description":"Aliphatic amines filter change indicator. Direct read and real time indication of aliphatic amines. Reliable and cost effective.","breadcrumb":{"@id":"https:\/\/www.chemteq.net\/product\/aliphatic-amines-filter-breakthrough-indicator\/#breadcrumb"},"inLanguage":"es","potentialAction":[{"@type":"ReadAction","target":["https:\/\/www.chemteq.net\/product\/aliphatic-amines-filter-breakthrough-indicator\/"]}]},{"@type":"ImageObject","inLanguage":"es","@id":"https:\/\/www.chemteq.net\/product\/aliphatic-amines-filter-breakthrough-indicator\/#primaryimage","url":"https:\/\/www.chemteq.net\/wp-content\/uploads\/2021\/04\/Aliphatic-Amines-BTI-A-051021-scaled.jpg","contentUrl":"https:\/\/www.chemteq.net\/wp-content\/uploads\/2021\/04\/Aliphatic-Amines-BTI-A-051021-scaled.jpg","width":2560,"height":2560,"caption":"Aliphatic Amines Filter Change Indicator"},{"@type":"BreadcrumbList","@id":"https:\/\/www.chemteq.net\/product\/aliphatic-amines-filter-breakthrough-indicator\/#breadcrumb","itemListElement":[{"@type":"ListItem","position":1,"name":"Home","item":"https:\/\/www.chemteq.net\/"},{"@type":"ListItem","position":2,"name":"Products","item":"https:\/\/www.chemteq.net\/products\/"},{"@type":"ListItem","position":3,"name":"Aliphatic Amines Filter Breakthrough Indicator"}]},{"@type":"WebSite","@id":"https:\/\/www.chemteq.net\/#website","url":"https:\/\/www.chemteq.net\/","name":"Chemteq Inc.","description":"High Quality And Reliable Devices To Serve Health, Safety And Industrial Hygiene","publisher":{"@id":"https:\/\/www.chemteq.net\/#organization"},"potentialAction":[{"@type":"SearchAction","target":{"@type":"EntryPoint","urlTemplate":"https:\/\/www.chemteq.net\/?s={search_term_string}"},"query-input":{"@type":"PropertyValueSpecification","valueRequired":true,"valueName":"search_term_string"}}],"inLanguage":"es"},{"@type":"Organization","@id":"https:\/\/www.chemteq.net\/#organization","name":"Chemteq Inc.","url":"https:\/\/www.chemteq.net\/","logo":{"@type":"ImageObject","inLanguage":"es","@id":"https:\/\/www.chemteq.net\/#\/schema\/logo\/image\/","url":"https:\/\/www.chemteq.net\/wp-content\/uploads\/2021\/04\/ChemteqLogo0112239041421-scaled.jpg","contentUrl":"https:\/\/www.chemteq.net\/wp-content\/uploads\/2021\/04\/ChemteqLogo0112239041421-scaled.jpg","width":2560,"height":574,"caption":"Chemteq Inc."},"image":{"@id":"https:\/\/www.chemteq.net\/#\/schema\/logo\/image\/"}}]}},"_links":{"self":[{"href":"https:\/\/www.chemteq.net\/es\/wp-json\/wp\/v2\/product\/1275","targetHints":{"allow":["GET"]}}],"collection":[{"href":"https:\/\/www.chemteq.net\/es\/wp-json\/wp\/v2\/product"}],"about":[{"href":"https:\/\/www.chemteq.net\/es\/wp-json\/wp\/v2\/types\/product"}],"wp:featuredmedia":[{"embeddable":true,"href":"https:\/\/www.chemteq.net\/es\/wp-json\/wp\/v2\/media\/2035"}],"wp:attachment":[{"href":"https:\/\/www.chemteq.net\/es\/wp-json\/wp\/v2\/media?parent=1275"}],"wp:term":[{"taxonomy":"product_brand","embeddable":true,"href":"https:\/\/www.chemteq.net\/es\/wp-json\/wp\/v2\/product_brand?post=1275"},{"taxonomy":"product_cat","embeddable":true,"href":"https:\/\/www.chemteq.net\/es\/wp-json\/wp\/v2\/product_cat?post=1275"},{"taxonomy":"product_tag","embeddable":true,"href":"https:\/\/www.chemteq.net\/es\/wp-json\/wp\/v2\/product_tag?post=1275"}],"curies":[{"name":"wp","href":"https:\/\/api.w.org\/{rel}","templated":true}]}}