{"id":1145,"date":"2021-03-18T10:58:22","date_gmt":"2021-03-18T10:58:22","guid":{"rendered":"http:\/\/chemteqinc.wpengine.com\/?post_type=product&#038;p=1145"},"modified":"2023-07-19T04:26:52","modified_gmt":"2023-07-19T04:26:52","slug":"hydrogen-sulfide-filter-breakthrough-indicator-sticker-btis","status":"publish","type":"product","link":"https:\/\/www.chemteq.net\/es\/producto\/hydrogen-sulfide-filter-breakthrough-indicator-sticker-btis\/","title":{"rendered":"Hydrogen Sulfide Filter Breakthrough Indicator Sticker -BTIS"},"content":{"rendered":"<p>Hydrogen Sulfide Filter Breakthrough-Indicator Sticker \u2013 BTIS PN 128-0000. Filter change indicator for ductless hood and fume extractors filters. Unique design of the indicator prevents any color change due to exposure to contaminants in the surrounding environment and changes color only when filter is saturated. Protects from espouser to toxic chemical and allow you to get the most use of your filter.<\/p>\n<p>\u00bfC\u00f3mo utilizar el BTIS? A. Retire el forro protector adhesivo de la parte inferior de la etiqueta. B. Fije al centro del \u00e1rea limpia de la salida del filtro con el \u00e1rea de lectura (superficie brillante) de la etiqueta hacia arriba.<\/p>\n<p><b>Especificaciones del producto<\/b><\/p>\n<table border=\"0\" cellspacing=\"0\" cellpadding=\"0\">\n<tbody>\n<tr>\n<td width=\"34\">\n<p id=\"ext-gen20749\" align=\"center\">a<\/p>\n<\/td>\n<td valign=\"top\" width=\"264\">Peso:<\/td>\n<td valign=\"top\" width=\"410\">0.4g (0.02oz)<\/td>\n<\/tr>\n<tr>\n<td width=\"34\">\n<p align=\"center\">b<\/p>\n<\/td>\n<td valign=\"top\" width=\"264\">Dimensiones:<\/td>\n<td valign=\"top\" width=\"410\">2.8mm (0.11in), diameter: 31.8mm (1.25in)<\/td>\n<\/tr>\n<tr>\n<td width=\"34\">\n<p align=\"center\">c<\/p>\n<\/td>\n<td valign=\"top\" width=\"264\"><span id=\"ext-gen62244\">Rango de temperatura:<\/span><\/td>\n<td valign=\"top\" width=\"410\">-20<sup>o<\/sup>C to 65<sup>o<\/sup>C (-4<sup>o<\/sup>F to 149<sup>o<\/sup>F)<\/td>\n<\/tr>\n<tr>\n<td width=\"34\">\n<p align=\"center\">d<\/p>\n<\/td>\n<td valign=\"top\" width=\"264\">Humedad de funcionamiento: gth:<\/td>\n<td valign=\"top\" width=\"410\">5% RH to 85%RH<\/td>\n<\/tr>\n<tr>\n<td width=\"34\">\n<p align=\"center\">e<\/p>\n<\/td>\n<td valign=\"top\" width=\"264\">L\u00edmite m\u00ednimo detectable:<\/td>\n<td valign=\"top\" width=\"410\">1ppm\u2022hr at 30 cm\/s face velocity<\/td>\n<\/tr>\n<tr>\n<td width=\"34\">\n<p align=\"center\">f<\/p>\n<\/td>\n<td valign=\"top\" width=\"264\">Cambio de color:<\/td>\n<td valign=\"top\" width=\"410\">light blue to brown to black<\/td>\n<\/tr>\n<tr>\n<td width=\"34\">\n<p align=\"center\">g<\/p>\n<\/td>\n<td valign=\"top\" width=\"264\">Rango de temperatura:<\/td>\n<td valign=\"top\" width=\"410\">4<sup>o<\/sup>C to 25<sup>o<\/sup>C, (39<sup>o<\/sup>F to 77<sup>o<\/sup>F)<\/td>\n<\/tr>\n<tr>\n<td width=\"34\">\n<p align=\"center\">h<\/p>\n<\/td>\n<td valign=\"top\" width=\"264\">Rango de vida \u00fatil:<\/td>\n<td valign=\"top\" width=\"410\"><span id=\"ext-gen12640\">2 years at 4<sup>o<\/sup>C to 25<sup>o<\/sup>C, (39<sup>o<\/sup>F to 77<sup>o<\/sup>F)<\/span><\/td>\n<\/tr>\n<tr>\n<td width=\"34\">\n<p align=\"center\">i<\/p>\n<\/td>\n<td valign=\"top\" width=\"264\">Vida de servicio:<\/td>\n<td valign=\"top\" width=\"410\">2 years<\/td>\n<\/tr>\n<\/tbody>\n<\/table>\n<p>Related Product<\/p>\n<p><a href=\"https:\/\/www.chemteq.net\/es\/producto\/hydrogen-sulfide-filter-breakthrough-indicator\/\" target=\"_blank\" rel=\"noopener\">Hydrogen Sulfide BTI<\/a>. Indicador de cambio de filtro tipo tambor Enlace \u00fatil<\/p>\n<p><a href=\"https:\/\/www.chemteq.net\/es\/producto\/hydrogen-sulfide-breakthrough-indicator-sticker-type-b\/\" target=\"_blank\" rel=\"noopener\">Hydrogen Sulfide BTIS B<\/a>. Leak detector for chamisal transport and chemical storage cabinets<\/p>\n<p>Enlaces \u00fatiles<\/p>\n<p><a href=\"https:\/\/www.cdc.gov\/niosh\/npg\/npgd0337.html\" target=\"_blank\" rel=\"noopener\">NIOSH<\/a><\/p>\n<p>Hydrogen Sulfide Filter Breakthrough-Indicator Sticker<\/p>\n<p><b>Especificaciones del producto<\/b><\/p>","protected":false},"excerpt":{"rendered":"<p>Caracter\u00edsticas del producto<br \/>\nL\u00edmite m\u00ednimo detectable: 1ppm\u2022hr<br \/>\nCambio de color: azul claro a negro<br \/>\nDimensions: 2.8mm (0.11in), diameter: 31.8mm (1.25in)<br \/>\nService life: 2 Years<\/p>","protected":false},"featured_media":1567,"template":"","meta":{"_acf_changed":false,"site-sidebar-layout":"default","site-content-layout":"default","ast-site-content-layout":"","site-content-style":"default","site-sidebar-style":"default","ast-global-header-display":"","ast-banner-title-visibility":"","ast-main-header-display":"","ast-hfb-above-header-display":"","ast-hfb-below-header-display":"","ast-hfb-mobile-header-display":"","site-post-title":"","ast-breadcrumbs-content":"","ast-featured-img":"","footer-sml-layout":"","theme-transparent-header-meta":"default","adv-header-id-meta":"","stick-header-meta":"default","header-above-stick-meta":"","header-main-stick-meta":"","header-below-stick-meta":"","astra-migrate-meta-layouts":"default","ast-page-background-enabled":"default","ast-page-background-meta":{"desktop":{"background-color":"","background-image":"","background-repeat":"repeat","background-position":"center center","background-size":"auto","background-attachment":"scroll","background-type":"","background-media":"","overlay-type":"","overlay-color":"","overlay-opacity":"","overlay-gradient":""},"tablet":{"background-color":"","background-image":"","background-repeat":"repeat","background-position":"center center","background-size":"auto","background-attachment":"scroll","background-type":"","background-media":"","overlay-type":"","overlay-color":"","overlay-opacity":"","overlay-gradient":""},"mobile":{"background-color":"","background-image":"","background-repeat":"repeat","background-position":"center center","background-size":"auto","background-attachment":"scroll","background-type":"","background-media":"","overlay-type":"","overlay-color":"","overlay-opacity":"","overlay-gradient":""}},"ast-content-background-meta":{"desktop":{"background-color":"var(--ast-global-color-5)","background-image":"","background-repeat":"repeat","background-position":"center center","background-size":"auto","background-attachment":"scroll","background-type":"","background-media":"","overlay-type":"","overlay-color":"","overlay-opacity":"","overlay-gradient":""},"tablet":{"background-color":"var(--ast-global-color-5)","background-image":"","background-repeat":"repeat","background-position":"center center","background-size":"auto","background-attachment":"scroll","background-type":"","background-media":"","overlay-type":"","overlay-color":"","overlay-opacity":"","overlay-gradient":""},"mobile":{"background-color":"var(--ast-global-color-5)","background-image":"","background-repeat":"repeat","background-position":"center center","background-size":"auto","background-attachment":"scroll","background-type":"","background-media":"","overlay-type":"","overlay-color":"","overlay-opacity":"","overlay-gradient":""}}},"product_brand":[],"product_cat":[51],"product_tag":[78,69,65,61],"class_list":{"0":"post-1145","1":"product","2":"type-product","3":"status-publish","4":"has-post-thumbnail","6":"product_cat-btis-breakthrough-indicator-stickers","7":"product_tag-chemical-industries-emission-control-products","8":"product_tag-laboratories-emission-control-products","9":"product_tag-odor-emission-control-products","10":"product_tag-wastewater-treatment-emission-control-products","11":"desktop-align-left","12":"tablet-align-left","13":"mobile-align-left","14":"ast-product-gallery-layout-horizontal","15":"ast-product-gallery-with-no-image","16":"ast-product-tabs-layout-horizontal","18":"first","19":"instock","20":"taxable","21":"shipping-taxable","22":"purchasable","23":"product-type-simple"},"acf":[],"yoast_head":"<!-- This site is optimized with the Yoast SEO plugin v27.4 - https:\/\/yoast.com\/product\/yoast-seo-wordpress\/ -->\n<title>Hydrogen Sulfide Filter Breakthrough-Indicator Sticker \u2013 BTIS<\/title>\n<meta name=\"description\" content=\"Hydrogen Sulfide Filter Breakthrough-Indicator Sticker \u2013 BTIS for ductless hood and fume extractor filters. Reliable and cost effective.\" \/>\n<meta name=\"robots\" content=\"index, follow, max-snippet:-1, max-image-preview:large, max-video-preview:-1\" \/>\n<link rel=\"canonical\" href=\"https:\/\/www.chemteq.net\/es\/producto\/hydrogen-sulfide-filter-breakthrough-indicator-sticker-btis\/\" \/>\n<meta property=\"og:locale\" content=\"es_ES\" \/>\n<meta property=\"og:type\" content=\"article\" \/>\n<meta property=\"og:title\" content=\"Hydrogen Sulfide Filter Breakthrough Indicator Sticker \u2013 BTIS\" \/>\n<meta property=\"og:description\" content=\"Hydrogen Sulfide Filter Breakthrough Indicator Sticker \u2013 BTIS for ductless hood and fume extractor filters. Reliable and cost effective.\" \/>\n<meta property=\"og:url\" content=\"https:\/\/www.chemteq.net\/es\/producto\/hydrogen-sulfide-filter-breakthrough-indicator-sticker-btis\/\" \/>\n<meta property=\"og:site_name\" content=\"Chemteq Inc.\" \/>\n<meta property=\"article:modified_time\" content=\"2023-07-19T04:26:52+00:00\" \/>\n<meta property=\"og:image\" content=\"https:\/\/www.chemteq.net\/wp-content\/uploads\/2021\/03\/Hydrogen-Sulfide-Filter-Breakthrough-Indicator-Sticker-\u2013-BTI-scaled.jpg\" \/>\n\t<meta property=\"og:image:width\" content=\"2560\" \/>\n\t<meta property=\"og:image:height\" content=\"1829\" \/>\n\t<meta property=\"og:image:type\" content=\"image\/jpeg\" \/>\n<meta name=\"twitter:card\" content=\"summary_large_image\" \/>\n<meta name=\"twitter:title\" content=\"Hydrogen Sulfide Filter Breakthrough Indicator Sticker \u2013 BTIS\" \/>\n<meta name=\"twitter:description\" content=\"Hydrogen Sulfide Filter Breakthrough Indicator Sticker \u2013 BTIS for ductless hood and fume extractor filters. Reliable and cost effective.\" \/>\n<meta name=\"twitter:image\" content=\"https:\/\/www.chemteq.net\/wp-content\/uploads\/2021\/03\/Hydrogen-Sulfide-Filter-Breakthrough-Indicator-Sticker-\u2013-BTI-scaled.jpg\" \/>\n<meta name=\"twitter:label1\" content=\"Tiempo de lectura\" \/>\n\t<meta name=\"twitter:data1\" content=\"2 minutos\" \/>\n<script type=\"application\/ld+json\" class=\"yoast-schema-graph\">{\"@context\":\"https:\\\/\\\/schema.org\",\"@graph\":[{\"@type\":\"WebPage\",\"@id\":\"https:\\\/\\\/www.chemteq.net\\\/product\\\/hydrogen-sulfide-filter-breakthrough-indicator-sticker-btis\\\/\",\"url\":\"https:\\\/\\\/www.chemteq.net\\\/product\\\/hydrogen-sulfide-filter-breakthrough-indicator-sticker-btis\\\/\",\"name\":\"Hydrogen Sulfide Filter Breakthrough-Indicator Sticker \u2013 BTIS\",\"isPartOf\":{\"@id\":\"https:\\\/\\\/www.chemteq.net\\\/#website\"},\"primaryImageOfPage\":{\"@id\":\"https:\\\/\\\/www.chemteq.net\\\/product\\\/hydrogen-sulfide-filter-breakthrough-indicator-sticker-btis\\\/#primaryimage\"},\"image\":{\"@id\":\"https:\\\/\\\/www.chemteq.net\\\/product\\\/hydrogen-sulfide-filter-breakthrough-indicator-sticker-btis\\\/#primaryimage\"},\"thumbnailUrl\":\"https:\\\/\\\/www.chemteq.net\\\/wp-content\\\/uploads\\\/2021\\\/03\\\/128-pic.jpg\",\"datePublished\":\"2021-03-18T10:58:22+00:00\",\"dateModified\":\"2023-07-19T04:26:52+00:00\",\"description\":\"Hydrogen Sulfide Filter Breakthrough-Indicator Sticker \u2013 BTIS for ductless hood and fume extractor filters. Reliable and cost effective.\",\"breadcrumb\":{\"@id\":\"https:\\\/\\\/www.chemteq.net\\\/product\\\/hydrogen-sulfide-filter-breakthrough-indicator-sticker-btis\\\/#breadcrumb\"},\"inLanguage\":\"es\",\"potentialAction\":[{\"@type\":\"ReadAction\",\"target\":[\"https:\\\/\\\/www.chemteq.net\\\/product\\\/hydrogen-sulfide-filter-breakthrough-indicator-sticker-btis\\\/\"]}]},{\"@type\":\"ImageObject\",\"inLanguage\":\"es\",\"@id\":\"https:\\\/\\\/www.chemteq.net\\\/product\\\/hydrogen-sulfide-filter-breakthrough-indicator-sticker-btis\\\/#primaryimage\",\"url\":\"https:\\\/\\\/www.chemteq.net\\\/wp-content\\\/uploads\\\/2021\\\/03\\\/128-pic.jpg\",\"contentUrl\":\"https:\\\/\\\/www.chemteq.net\\\/wp-content\\\/uploads\\\/2021\\\/03\\\/128-pic.jpg\",\"width\":1000,\"height\":1000,\"caption\":\"Hydrogen Sulfide Filter Breakthrough Indicator Sticker \u2013 BTIS for ductless hood and fume extractor filters.\"},{\"@type\":\"BreadcrumbList\",\"@id\":\"https:\\\/\\\/www.chemteq.net\\\/product\\\/hydrogen-sulfide-filter-breakthrough-indicator-sticker-btis\\\/#breadcrumb\",\"itemListElement\":[{\"@type\":\"ListItem\",\"position\":1,\"name\":\"Home\",\"item\":\"https:\\\/\\\/www.chemteq.net\\\/\"},{\"@type\":\"ListItem\",\"position\":2,\"name\":\"Products\",\"item\":\"https:\\\/\\\/www.chemteq.net\\\/products\\\/\"},{\"@type\":\"ListItem\",\"position\":3,\"name\":\"Hydrogen Sulfide Filter Breakthrough Indicator Sticker -BTIS\"}]},{\"@type\":\"WebSite\",\"@id\":\"https:\\\/\\\/www.chemteq.net\\\/#website\",\"url\":\"https:\\\/\\\/www.chemteq.net\\\/\",\"name\":\"Chemteq Inc.\",\"description\":\"High Quality And Reliable Devices To Serve Health, Safety And Industrial Hygiene\",\"publisher\":{\"@id\":\"https:\\\/\\\/www.chemteq.net\\\/#organization\"},\"potentialAction\":[{\"@type\":\"SearchAction\",\"target\":{\"@type\":\"EntryPoint\",\"urlTemplate\":\"https:\\\/\\\/www.chemteq.net\\\/?s={search_term_string}\"},\"query-input\":{\"@type\":\"PropertyValueSpecification\",\"valueRequired\":true,\"valueName\":\"search_term_string\"}}],\"inLanguage\":\"es\"},{\"@type\":\"Organization\",\"@id\":\"https:\\\/\\\/www.chemteq.net\\\/#organization\",\"name\":\"Chemteq Inc.\",\"url\":\"https:\\\/\\\/www.chemteq.net\\\/\",\"logo\":{\"@type\":\"ImageObject\",\"inLanguage\":\"es\",\"@id\":\"https:\\\/\\\/www.chemteq.net\\\/#\\\/schema\\\/logo\\\/image\\\/\",\"url\":\"https:\\\/\\\/www.chemteq.net\\\/wp-content\\\/uploads\\\/2021\\\/04\\\/ChemteqLogo0112239041421-scaled.jpg\",\"contentUrl\":\"https:\\\/\\\/www.chemteq.net\\\/wp-content\\\/uploads\\\/2021\\\/04\\\/ChemteqLogo0112239041421-scaled.jpg\",\"width\":2560,\"height\":574,\"caption\":\"Chemteq Inc.\"},\"image\":{\"@id\":\"https:\\\/\\\/www.chemteq.net\\\/#\\\/schema\\\/logo\\\/image\\\/\"}}]}<\/script>\n<!-- \/ Yoast SEO plugin. -->","yoast_head_json":{"title":"Hydrogen Sulfide Filter Breakthrough-Indicator Sticker \u2013 BTIS","description":"Hydrogen Sulfide Filter Breakthrough-Indicator Sticker \u2013 BTIS for ductless hood and fume extractor filters. Reliable and cost effective.","robots":{"index":"index","follow":"follow","max-snippet":"max-snippet:-1","max-image-preview":"max-image-preview:large","max-video-preview":"max-video-preview:-1"},"canonical":"https:\/\/www.chemteq.net\/es\/producto\/hydrogen-sulfide-filter-breakthrough-indicator-sticker-btis\/","og_locale":"es_ES","og_type":"article","og_title":"Hydrogen Sulfide Filter Breakthrough Indicator Sticker \u2013 BTIS","og_description":"Hydrogen Sulfide Filter Breakthrough Indicator Sticker \u2013 BTIS for ductless hood and fume extractor filters. Reliable and cost effective.","og_url":"https:\/\/www.chemteq.net\/es\/producto\/hydrogen-sulfide-filter-breakthrough-indicator-sticker-btis\/","og_site_name":"Chemteq Inc.","article_modified_time":"2023-07-19T04:26:52+00:00","og_image":[{"width":2560,"height":1829,"url":"https:\/\/www.chemteq.net\/wp-content\/uploads\/2021\/03\/Hydrogen-Sulfide-Filter-Breakthrough-Indicator-Sticker-\u2013-BTI-scaled.jpg","type":"image\/jpeg"}],"twitter_card":"summary_large_image","twitter_title":"Hydrogen Sulfide Filter Breakthrough Indicator Sticker \u2013 BTIS","twitter_description":"Hydrogen Sulfide Filter Breakthrough Indicator Sticker \u2013 BTIS for ductless hood and fume extractor filters. Reliable and cost effective.","twitter_image":"https:\/\/www.chemteq.net\/wp-content\/uploads\/2021\/03\/Hydrogen-Sulfide-Filter-Breakthrough-Indicator-Sticker-\u2013-BTI-scaled.jpg","twitter_misc":{"Tiempo de lectura":"2 minutos"},"schema":{"@context":"https:\/\/schema.org","@graph":[{"@type":"WebPage","@id":"https:\/\/www.chemteq.net\/product\/hydrogen-sulfide-filter-breakthrough-indicator-sticker-btis\/","url":"https:\/\/www.chemteq.net\/product\/hydrogen-sulfide-filter-breakthrough-indicator-sticker-btis\/","name":"Hydrogen Sulfide Filter Breakthrough-Indicator Sticker \u2013 BTIS","isPartOf":{"@id":"https:\/\/www.chemteq.net\/#website"},"primaryImageOfPage":{"@id":"https:\/\/www.chemteq.net\/product\/hydrogen-sulfide-filter-breakthrough-indicator-sticker-btis\/#primaryimage"},"image":{"@id":"https:\/\/www.chemteq.net\/product\/hydrogen-sulfide-filter-breakthrough-indicator-sticker-btis\/#primaryimage"},"thumbnailUrl":"https:\/\/www.chemteq.net\/wp-content\/uploads\/2021\/03\/128-pic.jpg","datePublished":"2021-03-18T10:58:22+00:00","dateModified":"2023-07-19T04:26:52+00:00","description":"Hydrogen Sulfide Filter Breakthrough-Indicator Sticker \u2013 BTIS for ductless hood and fume extractor filters. Reliable and cost effective.","breadcrumb":{"@id":"https:\/\/www.chemteq.net\/product\/hydrogen-sulfide-filter-breakthrough-indicator-sticker-btis\/#breadcrumb"},"inLanguage":"es","potentialAction":[{"@type":"ReadAction","target":["https:\/\/www.chemteq.net\/product\/hydrogen-sulfide-filter-breakthrough-indicator-sticker-btis\/"]}]},{"@type":"ImageObject","inLanguage":"es","@id":"https:\/\/www.chemteq.net\/product\/hydrogen-sulfide-filter-breakthrough-indicator-sticker-btis\/#primaryimage","url":"https:\/\/www.chemteq.net\/wp-content\/uploads\/2021\/03\/128-pic.jpg","contentUrl":"https:\/\/www.chemteq.net\/wp-content\/uploads\/2021\/03\/128-pic.jpg","width":1000,"height":1000,"caption":"Hydrogen Sulfide Filter Breakthrough Indicator Sticker \u2013 BTIS for ductless hood and fume extractor filters."},{"@type":"BreadcrumbList","@id":"https:\/\/www.chemteq.net\/product\/hydrogen-sulfide-filter-breakthrough-indicator-sticker-btis\/#breadcrumb","itemListElement":[{"@type":"ListItem","position":1,"name":"Home","item":"https:\/\/www.chemteq.net\/"},{"@type":"ListItem","position":2,"name":"Products","item":"https:\/\/www.chemteq.net\/products\/"},{"@type":"ListItem","position":3,"name":"Hydrogen Sulfide Filter Breakthrough Indicator Sticker -BTIS"}]},{"@type":"WebSite","@id":"https:\/\/www.chemteq.net\/#website","url":"https:\/\/www.chemteq.net\/","name":"Chemteq Inc.","description":"High Quality And Reliable Devices To Serve Health, Safety And Industrial Hygiene","publisher":{"@id":"https:\/\/www.chemteq.net\/#organization"},"potentialAction":[{"@type":"SearchAction","target":{"@type":"EntryPoint","urlTemplate":"https:\/\/www.chemteq.net\/?s={search_term_string}"},"query-input":{"@type":"PropertyValueSpecification","valueRequired":true,"valueName":"search_term_string"}}],"inLanguage":"es"},{"@type":"Organization","@id":"https:\/\/www.chemteq.net\/#organization","name":"Chemteq Inc.","url":"https:\/\/www.chemteq.net\/","logo":{"@type":"ImageObject","inLanguage":"es","@id":"https:\/\/www.chemteq.net\/#\/schema\/logo\/image\/","url":"https:\/\/www.chemteq.net\/wp-content\/uploads\/2021\/04\/ChemteqLogo0112239041421-scaled.jpg","contentUrl":"https:\/\/www.chemteq.net\/wp-content\/uploads\/2021\/04\/ChemteqLogo0112239041421-scaled.jpg","width":2560,"height":574,"caption":"Chemteq Inc."},"image":{"@id":"https:\/\/www.chemteq.net\/#\/schema\/logo\/image\/"}}]}},"_links":{"self":[{"href":"https:\/\/www.chemteq.net\/es\/wp-json\/wp\/v2\/product\/1145","targetHints":{"allow":["GET"]}}],"collection":[{"href":"https:\/\/www.chemteq.net\/es\/wp-json\/wp\/v2\/product"}],"about":[{"href":"https:\/\/www.chemteq.net\/es\/wp-json\/wp\/v2\/types\/product"}],"wp:featuredmedia":[{"embeddable":true,"href":"https:\/\/www.chemteq.net\/es\/wp-json\/wp\/v2\/media\/1567"}],"wp:attachment":[{"href":"https:\/\/www.chemteq.net\/es\/wp-json\/wp\/v2\/media?parent=1145"}],"wp:term":[{"taxonomy":"product_brand","embeddable":true,"href":"https:\/\/www.chemteq.net\/es\/wp-json\/wp\/v2\/product_brand?post=1145"},{"taxonomy":"product_cat","embeddable":true,"href":"https:\/\/www.chemteq.net\/es\/wp-json\/wp\/v2\/product_cat?post=1145"},{"taxonomy":"product_tag","embeddable":true,"href":"https:\/\/www.chemteq.net\/es\/wp-json\/wp\/v2\/product_tag?post=1145"}],"curies":[{"name":"wp","href":"https:\/\/api.w.org\/{rel}","templated":true}]}}