{"id":1141,"date":"2021-03-18T10:53:11","date_gmt":"2021-03-18T10:53:11","guid":{"rendered":"http:\/\/chemteqinc.wpengine.com\/?post_type=product&#038;p=1141"},"modified":"2023-07-19T04:27:37","modified_gmt":"2023-07-19T04:27:37","slug":"hydrazine-filter-breakthrough-indicator-sticker-btis","status":"publish","type":"product","link":"https:\/\/www.chemteq.net\/es\/producto\/hydrazine-filter-breakthrough-indicator-sticker-btis\/","title":{"rendered":"Hydrazine Filter Breakthrough-Indicator Sticker \u2013 BTIS"},"content":{"rendered":"<p>Calcoman\u00eda indicadora de avance del filtro de hidracina \u2013 BTIS. Indicador de cambio de filtro para filtros de campana sin conductos y extractores de humos. El indicador detecta MIL-P-87930 y H-70. El dise\u00f1o \u00fanico del indicador evita cualquier cambio de color debido a la exposici\u00f3n a contaminantes en el entorno circundante, cambia de color solo cuando el filtro est\u00e1 saturado. Protege de los agentes qu\u00edmicos t\u00f3xicos y le permite aprovechar al m\u00e1ximo su filtro.<\/p>\n<p>\u00bfC\u00f3mo utilizar el BTIS? A. Retire el forro protector adhesivo de la parte inferior de la etiqueta. B. Fije al centro del \u00e1rea limpia de la salida del filtro con el \u00e1rea de lectura (superficie brillante) de la etiqueta hacia arriba.<\/p>\n<div>PN 161-0000<\/div>\n<div><\/div>\n<div><b>Especificaciones del producto<\/b><\/div>\n<table border=\"0\" cellspacing=\"0\" cellpadding=\"0\">\n<tbody>\n<tr>\n<td width=\"32\">\n<p align=\"center\">a<\/p>\n<\/td>\n<td valign=\"top\" width=\"265\">Peso:<\/td>\n<td valign=\"top\" width=\"423\">0.4g (0.02oz)<\/td>\n<\/tr>\n<tr>\n<td width=\"32\">\n<p align=\"center\">b<\/p>\n<\/td>\n<td valign=\"top\" width=\"265\">Dimensiones:<\/td>\n<td valign=\"top\" width=\"423\">2.8mm (0.11in), diameter: 31.8mm (1.25in)<\/td>\n<\/tr>\n<tr>\n<td width=\"32\">\n<p align=\"center\">c<\/p>\n<\/td>\n<td valign=\"top\" width=\"265\">Rango de temperatura:<\/td>\n<td valign=\"top\" width=\"423\">-20<sup>o<\/sup>C to 65<sup>o<\/sup>C (-4<sup>o<\/sup>F to 149<sup>o<\/sup>F)<\/td>\n<\/tr>\n<tr>\n<td width=\"32\">\n<p align=\"center\">d<\/p>\n<\/td>\n<td valign=\"top\" width=\"265\">Humedad de funcionamiento: gth:<\/td>\n<td valign=\"top\" width=\"423\">5% RH to 85%RH<\/td>\n<\/tr>\n<tr>\n<td width=\"32\">\n<p align=\"center\">e<\/p>\n<\/td>\n<td valign=\"top\" width=\"265\">L\u00edmite m\u00ednimo detectable:<\/td>\n<td valign=\"top\" width=\"423\">0.15ppm\u2022hr at 30 cm\/sec face velocity<\/td>\n<\/tr>\n<tr>\n<td width=\"32\">\n<p align=\"center\">f<\/p>\n<\/td>\n<td valign=\"top\" width=\"265\">Cambio de color:<\/td>\n<td valign=\"top\" width=\"423\">Green to black<\/td>\n<\/tr>\n<tr>\n<td width=\"32\">\n<p align=\"center\">g<\/p>\n<\/td>\n<td valign=\"top\" width=\"265\">Rango de temperatura:<\/td>\n<td valign=\"top\" width=\"423\">4<sup>o<\/sup>C to 25<sup>o<\/sup>C, (39<sup>o<\/sup>F to 77<sup>o<\/sup>F)<\/td>\n<\/tr>\n<tr>\n<td width=\"32\">\n<p align=\"center\">h<\/p>\n<\/td>\n<td valign=\"top\" width=\"265\">Rango de vida \u00fatil:<\/td>\n<td valign=\"top\" width=\"423\">2 years at 4<sup>o<\/sup>C to 25<sup>o<\/sup>C, (39<sup>o<\/sup>F to 77<sup>o<\/sup>F)<\/td>\n<\/tr>\n<tr>\n<td width=\"32\">\n<p align=\"center\">i<\/p>\n<\/td>\n<td valign=\"top\" width=\"265\">Vida de servicio:<\/td>\n<td valign=\"top\" width=\"423\">2 years<\/td>\n<\/tr>\n<\/tbody>\n<\/table>\n<p>Productos relacionados<\/p>\n<p><a href=\"https:\/\/www.chemteq.net\/es\/producto\/hydrazine-vapor-filter-breakthrough-indicator\/\" target=\"_blank\" rel=\"noopener\">Hydrazine BTI<\/a>. Indicador de cambio de filtro tipo tambor Enlace \u00fatil<\/p>\n<p><a href=\"https:\/\/www.chemteq.net\/es\/producto\/hydrazines-breakthrough-indicator-sticker-type-b-btis-b\/\" target=\"_blank\" rel=\"noopener\">Hydrazine BTIS B<\/a>. Detector de fugas para veh\u00edculos de transporte de productos qu\u00edmicos y armarios de almacenamiento de productos qu\u00edmicos<\/p>\n<p>Enlaces \u00fatiles<\/p>\n<p><a href=\"https:\/\/www.cdc.gov\/niosh\/npg\/npgd0329.html\" target=\"_blank\" rel=\"noopener\">NIOSH<\/a><\/p>\n<p>Hydrazine Filter Breakthrough-Indicator Sticker<\/p>\n<p>MIL-P-87930-Indicator-H-70 Indicator<\/p>","protected":false},"excerpt":{"rendered":"<p>Caracter\u00edsticas del producto<br \/>\nMinimum detectable limit: 0.15ppm\u2022hr<br \/>\nCambio de color: verde a negro<br \/>\nDimensions: 2.8mm (0.11in), diameter: 31.8mm (1.25in)<br \/>\nService life: 2 Years<\/p>","protected":false},"featured_media":2078,"template":"","meta":{"_acf_changed":false,"site-sidebar-layout":"default","site-content-layout":"default","ast-site-content-layout":"","site-content-style":"default","site-sidebar-style":"default","ast-global-header-display":"","ast-banner-title-visibility":"","ast-main-header-display":"","ast-hfb-above-header-display":"","ast-hfb-below-header-display":"","ast-hfb-mobile-header-display":"","site-post-title":"","ast-breadcrumbs-content":"","ast-featured-img":"","footer-sml-layout":"","theme-transparent-header-meta":"default","adv-header-id-meta":"","stick-header-meta":"default","header-above-stick-meta":"","header-main-stick-meta":"","header-below-stick-meta":"","astra-migrate-meta-layouts":"default","ast-page-background-enabled":"default","ast-page-background-meta":{"desktop":{"background-color":"","background-image":"","background-repeat":"repeat","background-position":"center center","background-size":"auto","background-attachment":"scroll","background-type":"","background-media":"","overlay-type":"","overlay-color":"","overlay-opacity":"","overlay-gradient":""},"tablet":{"background-color":"","background-image":"","background-repeat":"repeat","background-position":"center center","background-size":"auto","background-attachment":"scroll","background-type":"","background-media":"","overlay-type":"","overlay-color":"","overlay-opacity":"","overlay-gradient":""},"mobile":{"background-color":"","background-image":"","background-repeat":"repeat","background-position":"center center","background-size":"auto","background-attachment":"scroll","background-type":"","background-media":"","overlay-type":"","overlay-color":"","overlay-opacity":"","overlay-gradient":""}},"ast-content-background-meta":{"desktop":{"background-color":"var(--ast-global-color-5)","background-image":"","background-repeat":"repeat","background-position":"center center","background-size":"auto","background-attachment":"scroll","background-type":"","background-media":"","overlay-type":"","overlay-color":"","overlay-opacity":"","overlay-gradient":""},"tablet":{"background-color":"var(--ast-global-color-5)","background-image":"","background-repeat":"repeat","background-position":"center center","background-size":"auto","background-attachment":"scroll","background-type":"","background-media":"","overlay-type":"","overlay-color":"","overlay-opacity":"","overlay-gradient":""},"mobile":{"background-color":"var(--ast-global-color-5)","background-image":"","background-repeat":"repeat","background-position":"center center","background-size":"auto","background-attachment":"scroll","background-type":"","background-media":"","overlay-type":"","overlay-color":"","overlay-opacity":"","overlay-gradient":""}}},"product_brand":[],"product_cat":[51],"product_tag":[60,78,69],"class_list":{"0":"post-1141","1":"product","2":"type-product","3":"status-publish","4":"has-post-thumbnail","6":"product_cat-btis-breakthrough-indicator-stickers","7":"product_tag-aerospace","8":"product_tag-chemical-industries-emission-control-products","9":"product_tag-laboratories-emission-control-products","10":"desktop-align-left","11":"tablet-align-left","12":"mobile-align-left","13":"ast-product-gallery-layout-horizontal","14":"ast-product-gallery-with-no-image","15":"ast-product-tabs-layout-horizontal","17":"first","18":"instock","19":"taxable","20":"shipping-taxable","21":"purchasable","22":"product-type-simple"},"acf":[],"yoast_head":"<!-- This site is optimized with the Yoast SEO plugin v27.4 - https:\/\/yoast.com\/product\/yoast-seo-wordpress\/ -->\n<title>Hydrazine Filter Breakthrough-Indicator Sticker \u2013 BTIS<\/title>\n<meta name=\"description\" content=\"Hydrazine Filter Breakthrough-Indicator Sticker \u2013 BTIS for ductless hood and fume extractor filters. Reliable and cost effective.\" \/>\n<meta name=\"robots\" content=\"index, follow, max-snippet:-1, max-image-preview:large, max-video-preview:-1\" \/>\n<link rel=\"canonical\" href=\"https:\/\/www.chemteq.net\/es\/producto\/hydrazine-filter-breakthrough-indicator-sticker-btis\/\" \/>\n<meta property=\"og:locale\" content=\"es_ES\" \/>\n<meta property=\"og:type\" content=\"article\" \/>\n<meta property=\"og:title\" content=\"Hydrazine Filter Breakthrough Indicator Sticker \u2013 BTIS\" \/>\n<meta property=\"og:description\" content=\"Hydrazine Filter Breakthrough Indicator Sticker \u2013 BTIS for ductless hood and fume extractor filters. Reliable and cost effective. detects MIL-P-87930 and H-70.\" \/>\n<meta property=\"og:url\" content=\"https:\/\/www.chemteq.net\/es\/producto\/hydrazine-filter-breakthrough-indicator-sticker-btis\/\" \/>\n<meta property=\"og:site_name\" content=\"Chemteq Inc.\" \/>\n<meta property=\"article:modified_time\" content=\"2023-07-19T04:27:37+00:00\" \/>\n<meta property=\"og:image\" content=\"https:\/\/www.chemteq.net\/wp-content\/uploads\/2021\/03\/Hydrazine-Filter-Breakthrough-Indicator-Sticker-\u2013-BTIS-scaled.jpg\" \/>\n\t<meta property=\"og:image:width\" content=\"2560\" \/>\n\t<meta property=\"og:image:height\" content=\"1829\" \/>\n\t<meta property=\"og:image:type\" content=\"image\/jpeg\" \/>\n<meta name=\"twitter:card\" content=\"summary_large_image\" \/>\n<meta name=\"twitter:title\" content=\"Hydrazine Filter Breakthrough Indicator Sticker \u2013 BTIS\" \/>\n<meta name=\"twitter:description\" content=\"Hydrazine Filter Breakthrough Indicator Sticker \u2013 BTIS for ductless hood and fume extractor filters. Reliable and cost effective. detects MIL-P-87930 and H-70.\" \/>\n<meta name=\"twitter:image\" content=\"https:\/\/www.chemteq.net\/wp-content\/uploads\/2021\/03\/Hydrazine-Filter-Breakthrough-Indicator-Sticker-\u2013-BTIS-scaled.jpg\" \/>\n<meta name=\"twitter:label1\" content=\"Tiempo de lectura\" \/>\n\t<meta name=\"twitter:data1\" content=\"2 minutos\" \/>\n<script type=\"application\/ld+json\" class=\"yoast-schema-graph\">{\"@context\":\"https:\\\/\\\/schema.org\",\"@graph\":[{\"@type\":\"WebPage\",\"@id\":\"https:\\\/\\\/www.chemteq.net\\\/product\\\/hydrazine-filter-breakthrough-indicator-sticker-btis\\\/\",\"url\":\"https:\\\/\\\/www.chemteq.net\\\/product\\\/hydrazine-filter-breakthrough-indicator-sticker-btis\\\/\",\"name\":\"Hydrazine Filter Breakthrough-Indicator Sticker \u2013 BTIS\",\"isPartOf\":{\"@id\":\"https:\\\/\\\/www.chemteq.net\\\/#website\"},\"primaryImageOfPage\":{\"@id\":\"https:\\\/\\\/www.chemteq.net\\\/product\\\/hydrazine-filter-breakthrough-indicator-sticker-btis\\\/#primaryimage\"},\"image\":{\"@id\":\"https:\\\/\\\/www.chemteq.net\\\/product\\\/hydrazine-filter-breakthrough-indicator-sticker-btis\\\/#primaryimage\"},\"thumbnailUrl\":\"https:\\\/\\\/www.chemteq.net\\\/wp-content\\\/uploads\\\/2021\\\/03\\\/Hydrazine-BTIS-161-Unexp-091614.jpg\",\"datePublished\":\"2021-03-18T10:53:11+00:00\",\"dateModified\":\"2023-07-19T04:27:37+00:00\",\"description\":\"Hydrazine Filter Breakthrough-Indicator Sticker \u2013 BTIS for ductless hood and fume extractor filters. Reliable and cost effective.\",\"breadcrumb\":{\"@id\":\"https:\\\/\\\/www.chemteq.net\\\/product\\\/hydrazine-filter-breakthrough-indicator-sticker-btis\\\/#breadcrumb\"},\"inLanguage\":\"es\",\"potentialAction\":[{\"@type\":\"ReadAction\",\"target\":[\"https:\\\/\\\/www.chemteq.net\\\/product\\\/hydrazine-filter-breakthrough-indicator-sticker-btis\\\/\"]}]},{\"@type\":\"ImageObject\",\"inLanguage\":\"es\",\"@id\":\"https:\\\/\\\/www.chemteq.net\\\/product\\\/hydrazine-filter-breakthrough-indicator-sticker-btis\\\/#primaryimage\",\"url\":\"https:\\\/\\\/www.chemteq.net\\\/wp-content\\\/uploads\\\/2021\\\/03\\\/Hydrazine-BTIS-161-Unexp-091614.jpg\",\"contentUrl\":\"https:\\\/\\\/www.chemteq.net\\\/wp-content\\\/uploads\\\/2021\\\/03\\\/Hydrazine-BTIS-161-Unexp-091614.jpg\",\"width\":869,\"height\":858,\"caption\":\"Hydrazine Filter Breakthrough Indicator Sticker \u2013 BTIS for ductless hood and fume extractor filters. detects MIL-P-87930 and H-70\"},{\"@type\":\"BreadcrumbList\",\"@id\":\"https:\\\/\\\/www.chemteq.net\\\/product\\\/hydrazine-filter-breakthrough-indicator-sticker-btis\\\/#breadcrumb\",\"itemListElement\":[{\"@type\":\"ListItem\",\"position\":1,\"name\":\"Home\",\"item\":\"https:\\\/\\\/www.chemteq.net\\\/\"},{\"@type\":\"ListItem\",\"position\":2,\"name\":\"Products\",\"item\":\"https:\\\/\\\/www.chemteq.net\\\/products\\\/\"},{\"@type\":\"ListItem\",\"position\":3,\"name\":\"Hydrazine Filter Breakthrough-Indicator Sticker \u2013 BTIS\"}]},{\"@type\":\"WebSite\",\"@id\":\"https:\\\/\\\/www.chemteq.net\\\/#website\",\"url\":\"https:\\\/\\\/www.chemteq.net\\\/\",\"name\":\"Chemteq Inc.\",\"description\":\"High Quality And Reliable Devices To Serve Health, Safety And Industrial Hygiene\",\"publisher\":{\"@id\":\"https:\\\/\\\/www.chemteq.net\\\/#organization\"},\"potentialAction\":[{\"@type\":\"SearchAction\",\"target\":{\"@type\":\"EntryPoint\",\"urlTemplate\":\"https:\\\/\\\/www.chemteq.net\\\/?s={search_term_string}\"},\"query-input\":{\"@type\":\"PropertyValueSpecification\",\"valueRequired\":true,\"valueName\":\"search_term_string\"}}],\"inLanguage\":\"es\"},{\"@type\":\"Organization\",\"@id\":\"https:\\\/\\\/www.chemteq.net\\\/#organization\",\"name\":\"Chemteq Inc.\",\"url\":\"https:\\\/\\\/www.chemteq.net\\\/\",\"logo\":{\"@type\":\"ImageObject\",\"inLanguage\":\"es\",\"@id\":\"https:\\\/\\\/www.chemteq.net\\\/#\\\/schema\\\/logo\\\/image\\\/\",\"url\":\"https:\\\/\\\/www.chemteq.net\\\/wp-content\\\/uploads\\\/2021\\\/04\\\/ChemteqLogo0112239041421-scaled.jpg\",\"contentUrl\":\"https:\\\/\\\/www.chemteq.net\\\/wp-content\\\/uploads\\\/2021\\\/04\\\/ChemteqLogo0112239041421-scaled.jpg\",\"width\":2560,\"height\":574,\"caption\":\"Chemteq Inc.\"},\"image\":{\"@id\":\"https:\\\/\\\/www.chemteq.net\\\/#\\\/schema\\\/logo\\\/image\\\/\"}}]}<\/script>\n<!-- \/ Yoast SEO plugin. -->","yoast_head_json":{"title":"Hydrazine Filter Breakthrough-Indicator Sticker \u2013 BTIS","description":"Hydrazine Filter Breakthrough-Indicator Sticker \u2013 BTIS for ductless hood and fume extractor filters. Reliable and cost effective.","robots":{"index":"index","follow":"follow","max-snippet":"max-snippet:-1","max-image-preview":"max-image-preview:large","max-video-preview":"max-video-preview:-1"},"canonical":"https:\/\/www.chemteq.net\/es\/producto\/hydrazine-filter-breakthrough-indicator-sticker-btis\/","og_locale":"es_ES","og_type":"article","og_title":"Hydrazine Filter Breakthrough Indicator Sticker \u2013 BTIS","og_description":"Hydrazine Filter Breakthrough Indicator Sticker \u2013 BTIS for ductless hood and fume extractor filters. Reliable and cost effective. detects MIL-P-87930 and H-70.","og_url":"https:\/\/www.chemteq.net\/es\/producto\/hydrazine-filter-breakthrough-indicator-sticker-btis\/","og_site_name":"Chemteq Inc.","article_modified_time":"2023-07-19T04:27:37+00:00","og_image":[{"width":2560,"height":1829,"url":"https:\/\/www.chemteq.net\/wp-content\/uploads\/2021\/03\/Hydrazine-Filter-Breakthrough-Indicator-Sticker-\u2013-BTIS-scaled.jpg","type":"image\/jpeg"}],"twitter_card":"summary_large_image","twitter_title":"Hydrazine Filter Breakthrough Indicator Sticker \u2013 BTIS","twitter_description":"Hydrazine Filter Breakthrough Indicator Sticker \u2013 BTIS for ductless hood and fume extractor filters. Reliable and cost effective. detects MIL-P-87930 and H-70.","twitter_image":"https:\/\/www.chemteq.net\/wp-content\/uploads\/2021\/03\/Hydrazine-Filter-Breakthrough-Indicator-Sticker-\u2013-BTIS-scaled.jpg","twitter_misc":{"Tiempo de lectura":"2 minutos"},"schema":{"@context":"https:\/\/schema.org","@graph":[{"@type":"WebPage","@id":"https:\/\/www.chemteq.net\/product\/hydrazine-filter-breakthrough-indicator-sticker-btis\/","url":"https:\/\/www.chemteq.net\/product\/hydrazine-filter-breakthrough-indicator-sticker-btis\/","name":"Hydrazine Filter Breakthrough-Indicator Sticker \u2013 BTIS","isPartOf":{"@id":"https:\/\/www.chemteq.net\/#website"},"primaryImageOfPage":{"@id":"https:\/\/www.chemteq.net\/product\/hydrazine-filter-breakthrough-indicator-sticker-btis\/#primaryimage"},"image":{"@id":"https:\/\/www.chemteq.net\/product\/hydrazine-filter-breakthrough-indicator-sticker-btis\/#primaryimage"},"thumbnailUrl":"https:\/\/www.chemteq.net\/wp-content\/uploads\/2021\/03\/Hydrazine-BTIS-161-Unexp-091614.jpg","datePublished":"2021-03-18T10:53:11+00:00","dateModified":"2023-07-19T04:27:37+00:00","description":"Hydrazine Filter Breakthrough-Indicator Sticker \u2013 BTIS for ductless hood and fume extractor filters. Reliable and cost effective.","breadcrumb":{"@id":"https:\/\/www.chemteq.net\/product\/hydrazine-filter-breakthrough-indicator-sticker-btis\/#breadcrumb"},"inLanguage":"es","potentialAction":[{"@type":"ReadAction","target":["https:\/\/www.chemteq.net\/product\/hydrazine-filter-breakthrough-indicator-sticker-btis\/"]}]},{"@type":"ImageObject","inLanguage":"es","@id":"https:\/\/www.chemteq.net\/product\/hydrazine-filter-breakthrough-indicator-sticker-btis\/#primaryimage","url":"https:\/\/www.chemteq.net\/wp-content\/uploads\/2021\/03\/Hydrazine-BTIS-161-Unexp-091614.jpg","contentUrl":"https:\/\/www.chemteq.net\/wp-content\/uploads\/2021\/03\/Hydrazine-BTIS-161-Unexp-091614.jpg","width":869,"height":858,"caption":"Hydrazine Filter Breakthrough Indicator Sticker \u2013 BTIS for ductless hood and fume extractor filters. detects MIL-P-87930 and H-70"},{"@type":"BreadcrumbList","@id":"https:\/\/www.chemteq.net\/product\/hydrazine-filter-breakthrough-indicator-sticker-btis\/#breadcrumb","itemListElement":[{"@type":"ListItem","position":1,"name":"Home","item":"https:\/\/www.chemteq.net\/"},{"@type":"ListItem","position":2,"name":"Products","item":"https:\/\/www.chemteq.net\/products\/"},{"@type":"ListItem","position":3,"name":"Hydrazine Filter Breakthrough-Indicator Sticker \u2013 BTIS"}]},{"@type":"WebSite","@id":"https:\/\/www.chemteq.net\/#website","url":"https:\/\/www.chemteq.net\/","name":"Chemteq Inc.","description":"High Quality And Reliable Devices To Serve Health, Safety And Industrial Hygiene","publisher":{"@id":"https:\/\/www.chemteq.net\/#organization"},"potentialAction":[{"@type":"SearchAction","target":{"@type":"EntryPoint","urlTemplate":"https:\/\/www.chemteq.net\/?s={search_term_string}"},"query-input":{"@type":"PropertyValueSpecification","valueRequired":true,"valueName":"search_term_string"}}],"inLanguage":"es"},{"@type":"Organization","@id":"https:\/\/www.chemteq.net\/#organization","name":"Chemteq Inc.","url":"https:\/\/www.chemteq.net\/","logo":{"@type":"ImageObject","inLanguage":"es","@id":"https:\/\/www.chemteq.net\/#\/schema\/logo\/image\/","url":"https:\/\/www.chemteq.net\/wp-content\/uploads\/2021\/04\/ChemteqLogo0112239041421-scaled.jpg","contentUrl":"https:\/\/www.chemteq.net\/wp-content\/uploads\/2021\/04\/ChemteqLogo0112239041421-scaled.jpg","width":2560,"height":574,"caption":"Chemteq Inc."},"image":{"@id":"https:\/\/www.chemteq.net\/#\/schema\/logo\/image\/"}}]}},"_links":{"self":[{"href":"https:\/\/www.chemteq.net\/es\/wp-json\/wp\/v2\/product\/1141","targetHints":{"allow":["GET"]}}],"collection":[{"href":"https:\/\/www.chemteq.net\/es\/wp-json\/wp\/v2\/product"}],"about":[{"href":"https:\/\/www.chemteq.net\/es\/wp-json\/wp\/v2\/types\/product"}],"wp:featuredmedia":[{"embeddable":true,"href":"https:\/\/www.chemteq.net\/es\/wp-json\/wp\/v2\/media\/2078"}],"wp:attachment":[{"href":"https:\/\/www.chemteq.net\/es\/wp-json\/wp\/v2\/media?parent=1141"}],"wp:term":[{"taxonomy":"product_brand","embeddable":true,"href":"https:\/\/www.chemteq.net\/es\/wp-json\/wp\/v2\/product_brand?post=1141"},{"taxonomy":"product_cat","embeddable":true,"href":"https:\/\/www.chemteq.net\/es\/wp-json\/wp\/v2\/product_cat?post=1141"},{"taxonomy":"product_tag","embeddable":true,"href":"https:\/\/www.chemteq.net\/es\/wp-json\/wp\/v2\/product_tag?post=1141"}],"curies":[{"name":"wp","href":"https:\/\/api.w.org\/{rel}","templated":true}]}}