{"id":1107,"date":"2021-03-17T13:22:24","date_gmt":"2021-03-17T13:22:24","guid":{"rendered":"http:\/\/chemteqinc.wpengine.com\/?post_type=product&#038;p=1107"},"modified":"2025-10-27T17:47:51","modified_gmt":"2025-10-27T17:47:51","slug":"mercury-surface-contamination-testing-chemwipe","status":"publish","type":"product","link":"https:\/\/www.chemteq.net\/es\/producto\/mercury-surface-contamination-testing-chemwipe\/","title":{"rendered":"Mercury &#038; Mercury II ChemWipe for Surface Contamination Testing"},"content":{"rendered":"<p>La prueba de contaminaci\u00f3n de superficies Mercury ChemWipe (PN: 306) es una toallita colorim\u00e9trica dise\u00f1ada para proporcionar una indicaci\u00f3n en tiempo real de la presencia de trazas de mercurio y compuestos de mercurio II en las superficies. El Mercury ChemWipe es selectivo y sensible. El dise\u00f1o \u00fanico de ChemWipe proporciona una formaci\u00f3n de cambio de color uniforme que permite al usuario cuantificar la contaminaci\u00f3n qu\u00edmica utilizando el comparador de color.<\/p>\n<div id=\"ext-gen19316\">\n<p><b>Especificaciones del producto<\/b><\/p>\n<\/div>\n<table border=\"0\" cellspacing=\"0\" cellpadding=\"0\">\n<tbody>\n<tr>\n<td width=\"31\">\n<p align=\"center\">a<\/p>\n<\/td>\n<td width=\"303\">Peso:<\/td>\n<td width=\"354\">0.5g (0.02oz)<\/td>\n<\/tr>\n<tr>\n<td width=\"31\">\n<p id=\"ext-gen45399\" align=\"center\">b<\/p>\n<\/td>\n<td width=\"303\">Dimensiones:<\/td>\n<td width=\"354\">8.5mm (0.33in), \u03a6: 32mm (1\u00bc\u201d in)<\/td>\n<\/tr>\n<tr>\n<td width=\"31\">\n<p align=\"center\">c<\/p>\n<\/td>\n<td width=\"303\">Rango de temperatura:<\/td>\n<td width=\"354\">4<sup>o<\/sup>C to 60<sup>o<\/sup>C (39<sup>o<\/sup>F to 140<sup>o<\/sup>F)<\/td>\n<\/tr>\n<tr>\n<td width=\"31\">\n<p align=\"center\">d<\/p>\n<\/td>\n<td width=\"303\">\n<p id=\"ext-gen40305\"><span id=\"ext-gen40260\">Humedad de funcionamiento: gth:<\/span><\/p>\n<\/td>\n<td width=\"354\">5% RH to 95%RH<\/td>\n<\/tr>\n<tr>\n<td width=\"31\">\n<p align=\"center\">e<\/p>\n<\/td>\n<td width=\"303\">L\u00edmite m\u00ednimo detectable:<\/td>\n<td width=\"354\">2\u03bcg in 5 minutes<\/td>\n<\/tr>\n<tr>\n<td width=\"31\">\n<p align=\"center\">f<\/p>\n<\/td>\n<td width=\"303\">Detection range using color comparator:<\/td>\n<td width=\"354\">2 to 250 \u03bcg<\/td>\n<\/tr>\n<tr>\n<td width=\"31\">\n<p align=\"center\">g<\/p>\n<\/td>\n<td width=\"303\">Cambio de color:<\/td>\n<td width=\"354\">Off white to peach<\/td>\n<\/tr>\n<tr>\n<td width=\"31\">\n<p align=\"center\">h<\/p>\n<\/td>\n<td width=\"303\">Rango de temperatura:<\/td>\n<td width=\"354\">4<sup>o<\/sup>C to 25<sup>o<\/sup>C, (39<sup>o<\/sup>F to 77<sup>o<\/sup>F)<\/td>\n<\/tr>\n<tr>\n<td width=\"31\">\n<p align=\"center\">i<\/p>\n<\/td>\n<td width=\"303\">Rango de vida \u00fatil:<\/td>\n<td width=\"354\">\n<p id=\"ext-gen54137\">2 years at 4<sup>o<\/sup>C to 25<sup>o<\/sup>C, (39<sup>o<\/sup>F to 77<sup>o<\/sup>F)<\/p>\n<\/td>\n<\/tr>\n<tr>\n<td width=\"31\">\n<p align=\"center\">j<\/p>\n<\/td>\n<td width=\"303\">Temperatura m\u00e1xima de env\u00edo:<\/td>\n<td width=\"354\">45<sup>o<\/sup>C (113<sup>o<\/sup>F)<\/td>\n<\/tr>\n<tr>\n<td width=\"31\">\n<p align=\"center\">k<\/p>\n<\/td>\n<td width=\"303\">Tiempo m\u00e1ximo de env\u00edo @ temperatura m\u00e1xima:<\/td>\n<td width=\"354\">4 days<\/td>\n<\/tr>\n<\/tbody>\n<\/table>\n<p>Enlaces \u00fatiles<br \/>\n<a href=\"https:\/\/www.cdc.gov\/niosh\/npg\/npgd0383.html\" target=\"_blank\" rel=\"noopener\">CDC<\/a><br \/>\n<a href=\"https:\/\/www.osha.gov\/mercury\/health-effects\" target=\"_blank\" rel=\"noopener\">Facts About Mercury and Mercury II Compounds<\/a><br \/>\nProductos relacionados<br \/>\n<a href=\"https:\/\/www.chemteq.net\/es\/producto\/nickel-ii-compounds-chemwipe\/\" target=\"_blank\" rel=\"noopener\">Nickel II Compounds ChemWipe<\/a><br \/>\nDatos sobre Mercurio<br \/>\n<em>El mercurio se produce naturalmente y existe en varias formas. La alta exposici\u00f3n al mercurio provoca da\u00f1os permanentes en el sistema nervioso y los ri\u00f1ones. El mercurio se encuentra com\u00fanmente en term\u00f3metros, man\u00f3metros, bar\u00f3metros, indicadores, v\u00e1lvulas, interruptores, bater\u00edas y l\u00e1mparas de descarga de alta intensidad (HID). Tambi\u00e9n se utiliza en amalgamas para odontolog\u00eda, conservantes, tecnolog\u00eda de transferencia de calor, pigmentos, catalizadores y aceites lubricantes.<\/em>.<\/p>\n<p>Pruebas de contaminaci\u00f3n de superficies con Mercury ChemWipe<\/p>","protected":false},"excerpt":{"rendered":"<p>Caracter\u00edsticas del producto<\/p>\n<p>L\u00edmite m\u00ednimo detectable: 2 \u00b5g en 1 minuto<\/p>\n<p>Rango de detecci\u00f3n usando comparador de color: 2 a 250 \u00b5g<\/p>\n<p>Cambio de color: blanquecino a melocot\u00f3n<\/p>\n<p>Dimensiones: 8,5 mm (0,33 pulg.), \u03a6: 31,8 mm (1,25 pulg.)<\/p>\n<p>Vida \u00fatil: 12 meses<\/p>","protected":false},"featured_media":3440,"template":"","meta":{"_acf_changed":false,"site-sidebar-layout":"default","site-content-layout":"default","ast-site-content-layout":"default","site-content-style":"default","site-sidebar-style":"default","ast-global-header-display":"","ast-banner-title-visibility":"","ast-main-header-display":"","ast-hfb-above-header-display":"","ast-hfb-below-header-display":"","ast-hfb-mobile-header-display":"","site-post-title":"","ast-breadcrumbs-content":"","ast-featured-img":"","footer-sml-layout":"","theme-transparent-header-meta":"default","adv-header-id-meta":"","stick-header-meta":"default","header-above-stick-meta":"","header-main-stick-meta":"","header-below-stick-meta":"","astra-migrate-meta-layouts":"set","ast-page-background-enabled":"default","ast-page-background-meta":{"desktop":{"background-color":"","background-image":"","background-repeat":"repeat","background-position":"center center","background-size":"auto","background-attachment":"scroll","background-type":"","background-media":"","overlay-type":"","overlay-color":"","overlay-opacity":"","overlay-gradient":""},"tablet":{"background-color":"","background-image":"","background-repeat":"repeat","background-position":"center center","background-size":"auto","background-attachment":"scroll","background-type":"","background-media":"","overlay-type":"","overlay-color":"","overlay-opacity":"","overlay-gradient":""},"mobile":{"background-color":"","background-image":"","background-repeat":"repeat","background-position":"center center","background-size":"auto","background-attachment":"scroll","background-type":"","background-media":"","overlay-type":"","overlay-color":"","overlay-opacity":"","overlay-gradient":""}},"ast-content-background-meta":{"desktop":{"background-color":"var(--ast-global-color-5)","background-image":"","background-repeat":"repeat","background-position":"center center","background-size":"auto","background-attachment":"scroll","background-type":"","background-media":"","overlay-type":"","overlay-color":"","overlay-opacity":"","overlay-gradient":""},"tablet":{"background-color":"var(--ast-global-color-5)","background-image":"","background-repeat":"repeat","background-position":"center center","background-size":"auto","background-attachment":"scroll","background-type":"","background-media":"","overlay-type":"","overlay-color":"","overlay-opacity":"","overlay-gradient":""},"mobile":{"background-color":"var(--ast-global-color-5)","background-image":"","background-repeat":"repeat","background-position":"center center","background-size":"auto","background-attachment":"scroll","background-type":"","background-media":"","overlay-type":"","overlay-color":"","overlay-opacity":"","overlay-gradient":""}}},"product_brand":[],"product_cat":[53],"product_tag":[78,69],"class_list":{"0":"post-1107","1":"product","2":"type-product","3":"status-publish","4":"has-post-thumbnail","6":"product_cat-surface-contamination-testing-chemwipes","7":"product_tag-chemical-industries-emission-control-products","8":"product_tag-laboratories-emission-control-products","9":"desktop-align-left","10":"tablet-align-left","11":"mobile-align-left","12":"ast-product-gallery-layout-horizontal","13":"ast-product-gallery-with-no-image","14":"ast-product-tabs-layout-horizontal","16":"first","17":"instock","18":"taxable","19":"shipping-taxable","20":"purchasable","21":"product-type-simple"},"acf":[],"yoast_head":"<!-- This site is optimized with the Yoast SEO plugin v26.3 - https:\/\/yoast.com\/wordpress\/plugins\/seo\/ -->\n<title>Mercury Surface Contamination testing ChemWipe. detects &amp; quantifies<\/title>\n<meta name=\"description\" content=\"Mercury Surface Contamination testing ChemWipe provides real-time indication and quantification of trace mercury &amp; mercury II Compounds\" \/>\n<meta name=\"robots\" content=\"index, follow, max-snippet:-1, max-image-preview:large, max-video-preview:-1\" \/>\n<link rel=\"canonical\" href=\"https:\/\/www.chemteq.net\/es\/producto\/mercury-surface-contamination-testing-chemwipe\/\" \/>\n<meta property=\"og:locale\" content=\"es_ES\" \/>\n<meta property=\"og:type\" content=\"article\" \/>\n<meta property=\"og:title\" content=\"Surface Contamination Testing for Mercury and Mercury II Compounds ChemWipe\" \/>\n<meta property=\"og:description\" content=\"Mercury and Mercury II Compounds ChemWipe for the detection and quantifications of traces of mercury on surfaces\" \/>\n<meta property=\"og:url\" content=\"https:\/\/www.chemteq.net\/es\/producto\/mercury-surface-contamination-testing-chemwipe\/\" \/>\n<meta property=\"og:site_name\" content=\"Chemteq Inc.\" \/>\n<meta property=\"article:modified_time\" content=\"2025-10-27T17:47:51+00:00\" \/>\n<meta property=\"og:image\" content=\"https:\/\/www.chemteq.net\/wp-content\/uploads\/2021\/03\/ChemWipe-mercury-and-mercury-II-compounds-detection-and-quantification-on-surfaces-scaled.jpg\" \/>\n\t<meta property=\"og:image:width\" content=\"2560\" \/>\n\t<meta property=\"og:image:height\" content=\"1707\" \/>\n\t<meta property=\"og:image:type\" content=\"image\/jpeg\" \/>\n<meta name=\"twitter:card\" content=\"summary_large_image\" \/>\n<meta name=\"twitter:title\" content=\"Surface Contamination Testing for Mercury and Mercury II Compounds ChemWipe\" \/>\n<meta name=\"twitter:description\" content=\"Mercury and Mercury II Compounds ChemWipe for the detection and quantifications of traces of mercury on surfaces\" \/>\n<meta name=\"twitter:image\" content=\"https:\/\/www.chemteq.net\/wp-content\/uploads\/2021\/03\/ChemWipe-mercury-and-mercury-II-compounds-detection-and-quantification-on-surfaces-scaled.jpg\" \/>\n<meta name=\"twitter:label1\" content=\"Tiempo de lectura\" \/>\n\t<meta name=\"twitter:data1\" content=\"2 minutos\" \/>\n<script type=\"application\/ld+json\" class=\"yoast-schema-graph\">{\"@context\":\"https:\/\/schema.org\",\"@graph\":[{\"@type\":\"WebPage\",\"@id\":\"https:\/\/www.chemteq.net\/product\/mercury-surface-contamination-testing-chemwipe\/\",\"url\":\"https:\/\/www.chemteq.net\/product\/mercury-surface-contamination-testing-chemwipe\/\",\"name\":\"Mercury Surface Contamination testing ChemWipe. detects & quantifies\",\"isPartOf\":{\"@id\":\"https:\/\/www.chemteq.net\/#website\"},\"primaryImageOfPage\":{\"@id\":\"https:\/\/www.chemteq.net\/product\/mercury-surface-contamination-testing-chemwipe\/#primaryimage\"},\"image\":{\"@id\":\"https:\/\/www.chemteq.net\/product\/mercury-surface-contamination-testing-chemwipe\/#primaryimage\"},\"thumbnailUrl\":\"https:\/\/www.chemteq.net\/wp-content\/uploads\/2021\/03\/Mercury-and-mercury-II-compounds-detection-and-quantification-on-surfaces-scaled.jpg\",\"datePublished\":\"2021-03-17T13:22:24+00:00\",\"dateModified\":\"2025-10-27T17:47:51+00:00\",\"description\":\"Mercury Surface Contamination testing ChemWipe provides real-time indication and quantification of trace mercury & mercury II Compounds\",\"breadcrumb\":{\"@id\":\"https:\/\/www.chemteq.net\/product\/mercury-surface-contamination-testing-chemwipe\/#breadcrumb\"},\"inLanguage\":\"es\",\"potentialAction\":[{\"@type\":\"ReadAction\",\"target\":[\"https:\/\/www.chemteq.net\/product\/mercury-surface-contamination-testing-chemwipe\/\"]}]},{\"@type\":\"ImageObject\",\"inLanguage\":\"es\",\"@id\":\"https:\/\/www.chemteq.net\/product\/mercury-surface-contamination-testing-chemwipe\/#primaryimage\",\"url\":\"https:\/\/www.chemteq.net\/wp-content\/uploads\/2021\/03\/Mercury-and-mercury-II-compounds-detection-and-quantification-on-surfaces-scaled.jpg\",\"contentUrl\":\"https:\/\/www.chemteq.net\/wp-content\/uploads\/2021\/03\/Mercury-and-mercury-II-compounds-detection-and-quantification-on-surfaces-scaled.jpg\",\"width\":2560,\"height\":2560,\"caption\":\"Surface Contamination Testing for Mercury & Mercury II Compounds. ChemWipe Detects & quantifies Mercury & Mercury II Compounds. ChemWipe is surface wipe for the indication of trace amounts of Mercury & Mercury II Compounds on surfaces.\"},{\"@type\":\"BreadcrumbList\",\"@id\":\"https:\/\/www.chemteq.net\/product\/mercury-surface-contamination-testing-chemwipe\/#breadcrumb\",\"itemListElement\":[{\"@type\":\"ListItem\",\"position\":1,\"name\":\"Home\",\"item\":\"https:\/\/www.chemteq.net\/\"},{\"@type\":\"ListItem\",\"position\":2,\"name\":\"Products\",\"item\":\"https:\/\/www.chemteq.net\/products\/\"},{\"@type\":\"ListItem\",\"position\":3,\"name\":\"Mercury &#038; Mercury II ChemWipe for Surface Contamination Testing\"}]},{\"@type\":\"WebSite\",\"@id\":\"https:\/\/www.chemteq.net\/#website\",\"url\":\"https:\/\/www.chemteq.net\/\",\"name\":\"Chemteq Inc.\",\"description\":\"High Quality And Reliable Devices To Serve Health, Safety And Industrial Hygiene\",\"publisher\":{\"@id\":\"https:\/\/www.chemteq.net\/#organization\"},\"potentialAction\":[{\"@type\":\"SearchAction\",\"target\":{\"@type\":\"EntryPoint\",\"urlTemplate\":\"https:\/\/www.chemteq.net\/?s={search_term_string}\"},\"query-input\":{\"@type\":\"PropertyValueSpecification\",\"valueRequired\":true,\"valueName\":\"search_term_string\"}}],\"inLanguage\":\"es\"},{\"@type\":\"Organization\",\"@id\":\"https:\/\/www.chemteq.net\/#organization\",\"name\":\"Chemteq Inc.\",\"url\":\"https:\/\/www.chemteq.net\/\",\"logo\":{\"@type\":\"ImageObject\",\"inLanguage\":\"es\",\"@id\":\"https:\/\/www.chemteq.net\/#\/schema\/logo\/image\/\",\"url\":\"https:\/\/www.chemteq.net\/wp-content\/uploads\/2021\/04\/ChemteqLogo0112239041421-scaled.jpg\",\"contentUrl\":\"https:\/\/www.chemteq.net\/wp-content\/uploads\/2021\/04\/ChemteqLogo0112239041421-scaled.jpg\",\"width\":2560,\"height\":574,\"caption\":\"Chemteq Inc.\"},\"image\":{\"@id\":\"https:\/\/www.chemteq.net\/#\/schema\/logo\/image\/\"}}]}<\/script>\n<!-- \/ Yoast SEO plugin. -->","yoast_head_json":{"title":"Mercury Surface Contamination testing ChemWipe. detects & quantifies","description":"Mercury Surface Contamination testing ChemWipe provides real-time indication and quantification of trace mercury & mercury II Compounds","robots":{"index":"index","follow":"follow","max-snippet":"max-snippet:-1","max-image-preview":"max-image-preview:large","max-video-preview":"max-video-preview:-1"},"canonical":"https:\/\/www.chemteq.net\/es\/producto\/mercury-surface-contamination-testing-chemwipe\/","og_locale":"es_ES","og_type":"article","og_title":"Surface Contamination Testing for Mercury and Mercury II Compounds ChemWipe","og_description":"Mercury and Mercury II Compounds ChemWipe for the detection and quantifications of traces of mercury on surfaces","og_url":"https:\/\/www.chemteq.net\/es\/producto\/mercury-surface-contamination-testing-chemwipe\/","og_site_name":"Chemteq Inc.","article_modified_time":"2025-10-27T17:47:51+00:00","og_image":[{"width":2560,"height":1707,"url":"https:\/\/www.chemteq.net\/wp-content\/uploads\/2021\/03\/ChemWipe-mercury-and-mercury-II-compounds-detection-and-quantification-on-surfaces-scaled.jpg","type":"image\/jpeg"}],"twitter_card":"summary_large_image","twitter_title":"Surface Contamination Testing for Mercury and Mercury II Compounds ChemWipe","twitter_description":"Mercury and Mercury II Compounds ChemWipe for the detection and quantifications of traces of mercury on surfaces","twitter_image":"https:\/\/www.chemteq.net\/wp-content\/uploads\/2021\/03\/ChemWipe-mercury-and-mercury-II-compounds-detection-and-quantification-on-surfaces-scaled.jpg","twitter_misc":{"Tiempo de lectura":"2 minutos"},"schema":{"@context":"https:\/\/schema.org","@graph":[{"@type":"WebPage","@id":"https:\/\/www.chemteq.net\/product\/mercury-surface-contamination-testing-chemwipe\/","url":"https:\/\/www.chemteq.net\/product\/mercury-surface-contamination-testing-chemwipe\/","name":"Mercury Surface Contamination testing ChemWipe. detects & quantifies","isPartOf":{"@id":"https:\/\/www.chemteq.net\/#website"},"primaryImageOfPage":{"@id":"https:\/\/www.chemteq.net\/product\/mercury-surface-contamination-testing-chemwipe\/#primaryimage"},"image":{"@id":"https:\/\/www.chemteq.net\/product\/mercury-surface-contamination-testing-chemwipe\/#primaryimage"},"thumbnailUrl":"https:\/\/www.chemteq.net\/wp-content\/uploads\/2021\/03\/Mercury-and-mercury-II-compounds-detection-and-quantification-on-surfaces-scaled.jpg","datePublished":"2021-03-17T13:22:24+00:00","dateModified":"2025-10-27T17:47:51+00:00","description":"Mercury Surface Contamination testing ChemWipe provides real-time indication and quantification of trace mercury & mercury II Compounds","breadcrumb":{"@id":"https:\/\/www.chemteq.net\/product\/mercury-surface-contamination-testing-chemwipe\/#breadcrumb"},"inLanguage":"es","potentialAction":[{"@type":"ReadAction","target":["https:\/\/www.chemteq.net\/product\/mercury-surface-contamination-testing-chemwipe\/"]}]},{"@type":"ImageObject","inLanguage":"es","@id":"https:\/\/www.chemteq.net\/product\/mercury-surface-contamination-testing-chemwipe\/#primaryimage","url":"https:\/\/www.chemteq.net\/wp-content\/uploads\/2021\/03\/Mercury-and-mercury-II-compounds-detection-and-quantification-on-surfaces-scaled.jpg","contentUrl":"https:\/\/www.chemteq.net\/wp-content\/uploads\/2021\/03\/Mercury-and-mercury-II-compounds-detection-and-quantification-on-surfaces-scaled.jpg","width":2560,"height":2560,"caption":"Surface Contamination Testing for Mercury & Mercury II Compounds. ChemWipe Detects & quantifies Mercury & Mercury II Compounds. ChemWipe is surface wipe for the indication of trace amounts of Mercury & Mercury II Compounds on surfaces."},{"@type":"BreadcrumbList","@id":"https:\/\/www.chemteq.net\/product\/mercury-surface-contamination-testing-chemwipe\/#breadcrumb","itemListElement":[{"@type":"ListItem","position":1,"name":"Home","item":"https:\/\/www.chemteq.net\/"},{"@type":"ListItem","position":2,"name":"Products","item":"https:\/\/www.chemteq.net\/products\/"},{"@type":"ListItem","position":3,"name":"Mercury &#038; Mercury II ChemWipe for Surface Contamination Testing"}]},{"@type":"WebSite","@id":"https:\/\/www.chemteq.net\/#website","url":"https:\/\/www.chemteq.net\/","name":"Chemteq Inc.","description":"High Quality And Reliable Devices To Serve Health, Safety And Industrial Hygiene","publisher":{"@id":"https:\/\/www.chemteq.net\/#organization"},"potentialAction":[{"@type":"SearchAction","target":{"@type":"EntryPoint","urlTemplate":"https:\/\/www.chemteq.net\/?s={search_term_string}"},"query-input":{"@type":"PropertyValueSpecification","valueRequired":true,"valueName":"search_term_string"}}],"inLanguage":"es"},{"@type":"Organization","@id":"https:\/\/www.chemteq.net\/#organization","name":"Chemteq Inc.","url":"https:\/\/www.chemteq.net\/","logo":{"@type":"ImageObject","inLanguage":"es","@id":"https:\/\/www.chemteq.net\/#\/schema\/logo\/image\/","url":"https:\/\/www.chemteq.net\/wp-content\/uploads\/2021\/04\/ChemteqLogo0112239041421-scaled.jpg","contentUrl":"https:\/\/www.chemteq.net\/wp-content\/uploads\/2021\/04\/ChemteqLogo0112239041421-scaled.jpg","width":2560,"height":574,"caption":"Chemteq Inc."},"image":{"@id":"https:\/\/www.chemteq.net\/#\/schema\/logo\/image\/"}}]}},"_links":{"self":[{"href":"https:\/\/www.chemteq.net\/es\/wp-json\/wp\/v2\/product\/1107","targetHints":{"allow":["GET"]}}],"collection":[{"href":"https:\/\/www.chemteq.net\/es\/wp-json\/wp\/v2\/product"}],"about":[{"href":"https:\/\/www.chemteq.net\/es\/wp-json\/wp\/v2\/types\/product"}],"wp:featuredmedia":[{"embeddable":true,"href":"https:\/\/www.chemteq.net\/es\/wp-json\/wp\/v2\/media\/3440"}],"wp:attachment":[{"href":"https:\/\/www.chemteq.net\/es\/wp-json\/wp\/v2\/media?parent=1107"}],"wp:term":[{"taxonomy":"product_brand","embeddable":true,"href":"https:\/\/www.chemteq.net\/es\/wp-json\/wp\/v2\/product_brand?post=1107"},{"taxonomy":"product_cat","embeddable":true,"href":"https:\/\/www.chemteq.net\/es\/wp-json\/wp\/v2\/product_cat?post=1107"},{"taxonomy":"product_tag","embeddable":true,"href":"https:\/\/www.chemteq.net\/es\/wp-json\/wp\/v2\/product_tag?post=1107"}],"curies":[{"name":"wp","href":"https:\/\/api.w.org\/{rel}","templated":true}]}}