{"id":2309,"date":"2021-06-03T07:52:39","date_gmt":"2021-06-03T07:52:39","guid":{"rendered":"https:\/\/www.chemteq.net\/?page_id=2309"},"modified":"2022-01-06T13:36:57","modified_gmt":"2022-01-06T13:36:57","slug":"dg-water-analysis-kits","status":"publish","type":"page","link":"https:\/\/www.chemteq.net\/es\/dg-water-analysis-kits\/","title":{"rendered":"Descripci\u00f3n general del an\u00e1lisis de agua"},"content":{"rendered":"<div data-elementor-type=\"wp-page\" data-elementor-id=\"2309\" class=\"elementor elementor-2309\" data-elementor-post-type=\"page\">\n\t\t\t\t\t\t<section class=\"elementor-section elementor-top-section elementor-element elementor-element-6974ec22 elementor-section-height-min-height elementor-section-boxed elementor-section-height-default elementor-section-items-middle\" data-id=\"6974ec22\" data-element_type=\"section\" data-settings=\"{&quot;background_background&quot;:&quot;classic&quot;}\">\n\t\t\t\t\t\t<div class=\"elementor-container elementor-column-gap-default\">\n\t\t\t\t\t<div class=\"elementor-column elementor-col-100 elementor-top-column elementor-element elementor-element-4daf84e9\" data-id=\"4daf84e9\" data-element_type=\"column\">\n\t\t\t<div class=\"elementor-widget-wrap elementor-element-populated\">\n\t\t\t\t\t\t<div class=\"elementor-element elementor-element-2cc356bf elementor-widget elementor-widget-heading\" data-id=\"2cc356bf\" data-element_type=\"widget\" data-widget_type=\"heading.default\">\n\t\t\t\t<div class=\"elementor-widget-container\">\n\t\t\t\t\t<h1 class=\"elementor-heading-title elementor-size-default\">Descripci\u00f3n general del an\u00e1lisis de agua<\/h1>\t\t\t\t<\/div>\n\t\t\t\t<\/div>\n\t\t\t\t\t<\/div>\n\t\t<\/div>\n\t\t\t\t\t<\/div>\n\t\t<\/section>\n\t\t\t\t<section class=\"elementor-section elementor-top-section elementor-element elementor-element-1b5b919a elementor-section-boxed elementor-section-height-default elementor-section-height-default\" data-id=\"1b5b919a\" data-element_type=\"section\">\n\t\t\t\t\t\t<div class=\"elementor-container elementor-column-gap-default\">\n\t\t\t\t\t<div class=\"elementor-column elementor-col-100 elementor-top-column elementor-element elementor-element-44bd80f5\" data-id=\"44bd80f5\" data-element_type=\"column\">\n\t\t\t<div class=\"elementor-widget-wrap elementor-element-populated\">\n\t\t\t\t\t\t<div class=\"elementor-element elementor-element-7e8fcb76 elementor-widget elementor-widget-text-editor\" data-id=\"7e8fcb76\" data-element_type=\"widget\" data-widget_type=\"text-editor.default\">\n\t\t\t\t<div class=\"elementor-widget-container\">\n\t\t\t\t\t\t\t\t\t<p style=\"text-align: left;\">Los kits de an\u00e1lisis de agua DG son kits de an\u00e1lisis de agua precisos y sensibles para la detecci\u00f3n y cuantificaci\u00f3n de productos qu\u00edmicos t\u00f3xicos en el agua. Los kits son f\u00e1ciles de usar y rentables. Los kits de an\u00e1lisis de agua Chemteq DG est\u00e1n disponibles para cromo e hidracina hexavalente.<\/p><p style=\"text-align: left;\"><strong>Caracter\u00edsticas de la l\u00ednea de productos<\/strong><\/p><p style=\"text-align: left;\">Para el cromo hexavalente, ofrecemos cuatro kits diferentes,<\/p><ol style=\"text-align: left;\"><li style=\"list-style-type: none;\"><ol><li>Kit de prueba de agua DG de amplio alcance de rangos ultrabajos y bajos,<a href=\"https:\/\/www.chemteq.net\/es\/producto\/water-analysis-hexavalent-chromium-ultra-low-and-low-ranges\/\"> PN: 82001<\/a>. Treinta pruebas completas<\/li><li>Kit de prueba de agua DG de alcance estrecho de rango ultra bajo, <a href=\"https:\/\/www.chemteq.net\/es\/producto\/chromium-6-water-test-kit-ultra-low-range\/\">PN: 82004<\/a>. Treinta pruebas completas<\/li><li>Kit de prueba de agua DG de alcance estrecho de rango bajo, <a href=\"https:\/\/www.chemteq.net\/es\/producto\/hexavalent-chromium-water-test-kit-low-range\/\">PN: 82005<\/a>. Treinta pruebas completas<\/li><li>Prueba de agua DG, <a href=\"https:\/\/www.chemteq.net\/es\/producto\/chemteq-chromium-6-test\/\">PN: 82010<\/a>. Cuatro pruebas completas.<\/li><\/ol><\/li><\/ol><p>Cambio de color: incoloro a violeta. La prueba de agua DG PN: 82004 y PN: 82005 tienen una rueda de color gris arbitraria para ayudar a compensar cualquier suciedad o sustancia oscura en la muestra de agua.<\/p><p style=\"text-align: left;\">Para la hidracina, ofrecemos tres kits diferentes.<\/p><ol style=\"text-align: left;\"><li style=\"list-style-type: none;\"><ol><li style=\"list-style-type: none;\"><ol><li>Kit de prueba de agua DG de amplio alcance de rangos ultrabajos y bajos, <a href=\"https:\/\/www.chemteq.net\/es\/producto\/hydrazine-water-test-kit-ultra-low-and-low-ranges\/\">PN: 83301<\/a>. Treinta pruebas completas<\/li><li>Kit de prueba de agua DG de alcance estrecho de rango ultra bajo, <a href=\"https:\/\/www.chemteq.net\/es\/producto\/hydrazine-water-test-kit-ultra-low-range\/\">PN: 83304<\/a>. Treinta pruebas completas<\/li><li>Kit de prueba de agua DG de rango estrecho de rango bajo, PN: <a href=\"https:\/\/www.chemteq.net\/es\/producto\/hydrazine-dg-water-test-kit-low-range\/\">83305<\/a>. Treinta pruebas completas<\/li><\/ol><\/li><\/ol><\/li><\/ol><p>Cambio de color: incoloro a amarillo o naranja. Cambio de color: incoloro a violeta. La prueba de agua DG PN: 82004 y PN: 82005 tienen una rueda de color gris arbitraria para ayudar a compensar cualquier suciedad o sustancia oscura en la muestra de agua.<\/p><p style=\"text-align: left;\">Enlaces \u00fatiles<br \/><strong>Cromo hexavalente<\/strong><br \/><a href=\"https:\/\/www.epa.gov\/sdwa\/chromium-drinking-water#standard\">Est\u00e1ndar de agua potable de cromo de la EPA de EE. UU.<\/a><br \/><a href=\"https:\/\/www.waterboards.ca.gov\/drinking_water\/certlic\/drinkingwater\/Chromium6.html\">Chromium 6 Drinking Water Maximum Contaminant Level (MCL)<\/a><\/p><p style=\"text-align: left;\"><strong>Hidracina<\/strong><br \/><a href=\"https:\/\/www.cdc.gov\/niosh\/topics\/hydrazine\/default.html\"><strong>CDC<\/strong><\/a><br \/><a href=\"https:\/\/www.epa.gov\/sites\/production\/files\/2016-09\/documents\/hydrazine.pdf\"><strong>US EPA<\/strong><\/a><\/p>\t\t\t\t\t\t\t\t<\/div>\n\t\t\t\t<\/div>\n\t\t\t\t<div class=\"elementor-element elementor-element-2967444 elementor-widget elementor-widget-image\" data-id=\"2967444\" data-element_type=\"widget\" data-widget_type=\"image.default\">\n\t\t\t\t<div class=\"elementor-widget-container\">\n\t\t\t\t\t\t\t\t\t\t\t\t\t\t\t<img fetchpriority=\"high\" decoding=\"async\" width=\"1024\" height=\"355\" src=\"https:\/\/www.chemteq.net\/wp-content\/uploads\/2021\/10\/Chemteq-DG-Water-Analysis-accurate-and-reliable-1024x355.jpg\" class=\"attachment-large size-large wp-image-3407\" alt=\"DG Water Analysis Kits are accurate and sensitive for the detection &amp; quantification of chemicals in water. Available for hexavalent Chromium and Hydrazine.\" srcset=\"https:\/\/www.chemteq.net\/wp-content\/uploads\/2021\/10\/Chemteq-DG-Water-Analysis-accurate-and-reliable-1024x355.jpg 1024w, https:\/\/www.chemteq.net\/wp-content\/uploads\/2021\/10\/Chemteq-DG-Water-Analysis-accurate-and-reliable-300x104.jpg 300w, https:\/\/www.chemteq.net\/wp-content\/uploads\/2021\/10\/Chemteq-DG-Water-Analysis-accurate-and-reliable-768x266.jpg 768w, https:\/\/www.chemteq.net\/wp-content\/uploads\/2021\/10\/Chemteq-DG-Water-Analysis-accurate-and-reliable-1536x532.jpg 1536w, https:\/\/www.chemteq.net\/wp-content\/uploads\/2021\/10\/Chemteq-DG-Water-Analysis-accurate-and-reliable-2048x710.jpg 2048w, https:\/\/www.chemteq.net\/wp-content\/uploads\/2021\/10\/Chemteq-DG-Water-Analysis-accurate-and-reliable-600x208.jpg 600w\" sizes=\"(max-width: 1024px) 100vw, 1024px\" \/>\t\t\t\t\t\t\t\t\t\t\t\t\t\t\t<\/div>\n\t\t\t\t<\/div>\n\t\t\t\t\t<\/div>\n\t\t<\/div>\n\t\t\t\t\t<\/div>\n\t\t<\/section>\n\t\t\t\t<section class=\"elementor-section elementor-top-section elementor-element elementor-element-43a52bd2 elementor-section-boxed elementor-section-height-default elementor-section-height-default\" data-id=\"43a52bd2\" data-element_type=\"section\">\n\t\t\t\t\t\t<div class=\"elementor-container elementor-column-gap-default\">\n\t\t\t\t\t<div class=\"elementor-column elementor-col-100 elementor-top-column elementor-element elementor-element-3d5a9a23\" data-id=\"3d5a9a23\" data-element_type=\"column\">\n\t\t\t<div class=\"elementor-widget-wrap elementor-element-populated\">\n\t\t\t\t\t\t<div class=\"elementor-element elementor-element-c299a0c elementor-grid-2 elementor-product-loop-item--align-center elementor-grid-tablet-3 elementor-grid-mobile-2 elementor-products-grid elementor-wc-products elementor-widget elementor-widget-wc-categories\" data-id=\"c299a0c\" data-element_type=\"widget\" data-widget_type=\"wc-categories.default\">\n\t\t\t\t<div class=\"elementor-widget-container\">\n\t\t\t\t\t<div class=\"woocommerce columns-2\"><ul class=\"products elementor-grid columns-2\">\n<li class=\"product-category product first\">\n\t<a aria-label=\"Visitar la categor\u00eda de producto Hexavalent Chromium DG Water Test Kits\" href=\"https:\/\/www.chemteq.net\/es\/categoria-producto\/dg-water-analysis-kits\/hexavalent-chromium-dg-water-test-kits\/\" data-no-translation-aria-label=\"\"><img decoding=\"async\" src=\"https:\/\/www.chemteq.net\/wp-content\/uploads\/2021\/07\/Hexavalent-Chromium-DG-Water-Tests-A-300x300.jpg\" alt=\"Hexavalent Chromium DG Water Test Kits\" width=\"300\" height=\"300\" srcset=\"https:\/\/www.chemteq.net\/wp-content\/uploads\/2021\/07\/Hexavalent-Chromium-DG-Water-Tests-A-300x300.jpg 300w, https:\/\/www.chemteq.net\/wp-content\/uploads\/2021\/07\/Hexavalent-Chromium-DG-Water-Tests-A-1024x1024.jpg 1024w, https:\/\/www.chemteq.net\/wp-content\/uploads\/2021\/07\/Hexavalent-Chromium-DG-Water-Tests-A-150x150.jpg 150w, https:\/\/www.chemteq.net\/wp-content\/uploads\/2021\/07\/Hexavalent-Chromium-DG-Water-Tests-A-768x769.jpg 768w, https:\/\/www.chemteq.net\/wp-content\/uploads\/2021\/07\/Hexavalent-Chromium-DG-Water-Tests-A-1536x1536.jpg 1536w, https:\/\/www.chemteq.net\/wp-content\/uploads\/2021\/07\/Hexavalent-Chromium-DG-Water-Tests-A-2046x2048.jpg 2046w, https:\/\/www.chemteq.net\/wp-content\/uploads\/2021\/07\/Hexavalent-Chromium-DG-Water-Tests-A-600x601.jpg 600w, https:\/\/www.chemteq.net\/wp-content\/uploads\/2021\/07\/Hexavalent-Chromium-DG-Water-Tests-A-100x100.jpg 100w\" sizes=\"(max-width: 300px) 100vw, 300px\" \/>\t\t<h2 class=\"woocommerce-loop-category__title\">\n\t\t\tHexavalent Chromium DG Water Test Kits<mark class=\"count\">4 productos<\/mark>\t\t<\/h2>\n\t\t<\/a><\/li>\n<li class=\"product-category product last\">\n\t<a aria-label=\"Visitar la categor\u00eda de producto Hydrazine Water Test Kits\" href=\"https:\/\/www.chemteq.net\/es\/categoria-producto\/dg-water-analysis-kits\/hydrazine-dg-water-tests\/\" data-no-translation-aria-label=\"\"><img decoding=\"async\" src=\"https:\/\/www.chemteq.net\/wp-content\/uploads\/2021\/07\/Chemteq-Hydrazine-DG-Water-Analysis-Kit-300x300.jpg\" alt=\"Hydrazine Water Test Kits\" width=\"300\" height=\"300\" srcset=\"https:\/\/www.chemteq.net\/wp-content\/uploads\/2021\/07\/Chemteq-Hydrazine-DG-Water-Analysis-Kit-300x300.jpg 300w, https:\/\/www.chemteq.net\/wp-content\/uploads\/2021\/07\/Chemteq-Hydrazine-DG-Water-Analysis-Kit-1024x1024.jpg 1024w, https:\/\/www.chemteq.net\/wp-content\/uploads\/2021\/07\/Chemteq-Hydrazine-DG-Water-Analysis-Kit-150x150.jpg 150w, https:\/\/www.chemteq.net\/wp-content\/uploads\/2021\/07\/Chemteq-Hydrazine-DG-Water-Analysis-Kit-768x768.jpg 768w, https:\/\/www.chemteq.net\/wp-content\/uploads\/2021\/07\/Chemteq-Hydrazine-DG-Water-Analysis-Kit-1536x1536.jpg 1536w, https:\/\/www.chemteq.net\/wp-content\/uploads\/2021\/07\/Chemteq-Hydrazine-DG-Water-Analysis-Kit-2048x2048.jpg 2048w, https:\/\/www.chemteq.net\/wp-content\/uploads\/2021\/07\/Chemteq-Hydrazine-DG-Water-Analysis-Kit-600x600.jpg 600w, https:\/\/www.chemteq.net\/wp-content\/uploads\/2021\/07\/Chemteq-Hydrazine-DG-Water-Analysis-Kit-100x100.jpg 100w\" sizes=\"(max-width: 300px) 100vw, 300px\" \/>\t\t<h2 class=\"woocommerce-loop-category__title\">\n\t\t\tHydrazine Water Test Kits<mark class=\"count\">3 productos<\/mark>\t\t<\/h2>\n\t\t<\/a><\/li>\n<\/ul>\n<\/div>\t\t\t\t<\/div>\n\t\t\t\t<\/div>\n\t\t\t\t\t<\/div>\n\t\t<\/div>\n\t\t\t\t\t<\/div>\n\t\t<\/section>\n\t\t\t\t<\/div>","protected":false},"excerpt":{"rendered":"<p>Water Analysis Overview DG Water Analysis Kits are accurate and sensitive water test kits for the detection and quantification of toxic chemicals in water. The kits are easy-to-use and cost effective. Chemteq DG Water Analysis Kits are available for Hexavalent Chromium &amp; Hydrazine. Product line Features For hexavalent chromium, we offer four different kits, Ultra-Low [&hellip;]<\/p>","protected":false},"author":2,"featured_media":3215,"parent":0,"menu_order":0,"comment_status":"closed","ping_status":"closed","template":"","meta":{"_acf_changed":false,"site-sidebar-layout":"no-sidebar","site-content-layout":"page-builder","ast-site-content-layout":"","site-content-style":"default","site-sidebar-style":"default","ast-global-header-display":"","ast-banner-title-visibility":"","ast-main-header-display":"","ast-hfb-above-header-display":"","ast-hfb-below-header-display":"","ast-hfb-mobile-header-display":"","site-post-title":"disabled","ast-breadcrumbs-content":"","ast-featured-img":"disabled","footer-sml-layout":"","theme-transparent-header-meta":"default","adv-header-id-meta":"","stick-header-meta":"default","header-above-stick-meta":"","header-main-stick-meta":"","header-below-stick-meta":"","astra-migrate-meta-layouts":"default","ast-page-background-enabled":"default","ast-page-background-meta":{"desktop":{"background-color":"","background-image":"","background-repeat":"repeat","background-position":"center center","background-size":"auto","background-attachment":"scroll","background-type":"","background-media":"","overlay-type":"","overlay-color":"","overlay-opacity":"","overlay-gradient":""},"tablet":{"background-color":"","background-image":"","background-repeat":"repeat","background-position":"center center","background-size":"auto","background-attachment":"scroll","background-type":"","background-media":"","overlay-type":"","overlay-color":"","overlay-opacity":"","overlay-gradient":""},"mobile":{"background-color":"","background-image":"","background-repeat":"repeat","background-position":"center center","background-size":"auto","background-attachment":"scroll","background-type":"","background-media":"","overlay-type":"","overlay-color":"","overlay-opacity":"","overlay-gradient":""}},"ast-content-background-meta":{"desktop":{"background-color":"var(--ast-global-color-5)","background-image":"","background-repeat":"repeat","background-position":"center center","background-size":"auto","background-attachment":"scroll","background-type":"","background-media":"","overlay-type":"","overlay-color":"","overlay-opacity":"","overlay-gradient":""},"tablet":{"background-color":"var(--ast-global-color-5)","background-image":"","background-repeat":"repeat","background-position":"center center","background-size":"auto","background-attachment":"scroll","background-type":"","background-media":"","overlay-type":"","overlay-color":"","overlay-opacity":"","overlay-gradient":""},"mobile":{"background-color":"var(--ast-global-color-5)","background-image":"","background-repeat":"repeat","background-position":"center center","background-size":"auto","background-attachment":"scroll","background-type":"","background-media":"","overlay-type":"","overlay-color":"","overlay-opacity":"","overlay-gradient":""}},"footnotes":""},"class_list":["post-2309","page","type-page","status-publish","has-post-thumbnail","hentry"],"acf":[],"yoast_head":"<!-- This site is optimized with the Yoast SEO plugin v26.3 - https:\/\/yoast.com\/wordpress\/plugins\/seo\/ -->\n<title>DG Water Analysis Kits for chromium 6 and hydrazine<\/title>\n<meta name=\"description\" content=\"DG Water Analysis detection &amp; quantification of chemicals in water. Accurate &amp; sensitive. Available for Hexavalent Chromium &amp; Hydrazine.\" \/>\n<meta name=\"robots\" content=\"index, follow, max-snippet:-1, max-image-preview:large, max-video-preview:-1\" \/>\n<link rel=\"canonical\" href=\"https:\/\/www.chemteq.net\/es\/dg-water-analysis-kits\/\" \/>\n<meta property=\"og:locale\" content=\"es_ES\" \/>\n<meta property=\"og:type\" content=\"article\" \/>\n<meta property=\"og:title\" content=\"DG Water Analysis Kits for chromium 6 and hydrazine\" \/>\n<meta property=\"og:description\" content=\"DG Water Analysis detection &amp; quantification of chemicals in water. Accurate &amp; sensitive. Available for Hexavalent Chromium &amp; Hydrazine.\" \/>\n<meta property=\"og:url\" content=\"https:\/\/www.chemteq.net\/es\/dg-water-analysis-kits\/\" \/>\n<meta property=\"og:site_name\" content=\"Chemteq Inc.\" \/>\n<meta property=\"article:modified_time\" content=\"2022-01-06T13:36:57+00:00\" \/>\n<meta property=\"og:image\" content=\"https:\/\/www.chemteq.net\/wp-content\/uploads\/2021\/10\/DG-Water-Test-Kits-for-the-detection-and-quantification-of-chemicals-in-water-scaled.jpg\" \/>\n\t<meta property=\"og:image:width\" content=\"2560\" \/>\n\t<meta property=\"og:image:height\" content=\"1701\" \/>\n\t<meta property=\"og:image:type\" content=\"image\/jpeg\" \/>\n<meta name=\"twitter:card\" content=\"summary_large_image\" \/>\n<meta name=\"twitter:title\" content=\"DG Water Analysis Kits for chromium 6 and hydrazine\" \/>\n<meta name=\"twitter:description\" content=\"DG Water Analysis detection &amp; quantification of chemicals in water. Accurate &amp; sensitive. Available for Hexavalent Chromium &amp; Hydrazine.\" \/>\n<meta name=\"twitter:image\" content=\"https:\/\/www.chemteq.net\/wp-content\/uploads\/2021\/10\/DG-Water-Test-Kits-for-the-detection-and-quantification-of-chemicals-in-water-scaled.jpg\" \/>\n<meta name=\"twitter:label1\" content=\"Tiempo de lectura\" \/>\n\t<meta name=\"twitter:data1\" content=\"2 minutos\" \/>\n<script type=\"application\/ld+json\" class=\"yoast-schema-graph\">{\"@context\":\"https:\/\/schema.org\",\"@graph\":[{\"@type\":\"WebPage\",\"@id\":\"https:\/\/www.chemteq.net\/dg-water-analysis-kits\/\",\"url\":\"https:\/\/www.chemteq.net\/dg-water-analysis-kits\/\",\"name\":\"DG Water Analysis Kits for chromium 6 and hydrazine\",\"isPartOf\":{\"@id\":\"https:\/\/www.chemteq.net\/#website\"},\"primaryImageOfPage\":{\"@id\":\"https:\/\/www.chemteq.net\/dg-water-analysis-kits\/#primaryimage\"},\"image\":{\"@id\":\"https:\/\/www.chemteq.net\/dg-water-analysis-kits\/#primaryimage\"},\"thumbnailUrl\":\"https:\/\/www.chemteq.net\/wp-content\/uploads\/2021\/10\/DG-Water-Analysis-Kits-for-the-detection-and-quantification-of-chemicals-in-water-scaled.jpg\",\"datePublished\":\"2021-06-03T07:52:39+00:00\",\"dateModified\":\"2022-01-06T13:36:57+00:00\",\"description\":\"DG Water Analysis detection & quantification of chemicals in water. Accurate & sensitive. Available for Hexavalent Chromium & Hydrazine.\",\"breadcrumb\":{\"@id\":\"https:\/\/www.chemteq.net\/dg-water-analysis-kits\/#breadcrumb\"},\"inLanguage\":\"es\",\"potentialAction\":[{\"@type\":\"ReadAction\",\"target\":[\"https:\/\/www.chemteq.net\/dg-water-analysis-kits\/\"]}]},{\"@type\":\"ImageObject\",\"inLanguage\":\"es\",\"@id\":\"https:\/\/www.chemteq.net\/dg-water-analysis-kits\/#primaryimage\",\"url\":\"https:\/\/www.chemteq.net\/wp-content\/uploads\/2021\/10\/DG-Water-Analysis-Kits-for-the-detection-and-quantification-of-chemicals-in-water-scaled.jpg\",\"contentUrl\":\"https:\/\/www.chemteq.net\/wp-content\/uploads\/2021\/10\/DG-Water-Analysis-Kits-for-the-detection-and-quantification-of-chemicals-in-water-scaled.jpg\",\"width\":2560,\"height\":2553,\"caption\":\"DG Water Analysis Kits are accurate and sensitive\"},{\"@type\":\"BreadcrumbList\",\"@id\":\"https:\/\/www.chemteq.net\/dg-water-analysis-kits\/#breadcrumb\",\"itemListElement\":[{\"@type\":\"ListItem\",\"position\":1,\"name\":\"Home\",\"item\":\"https:\/\/www.chemteq.net\/\"},{\"@type\":\"ListItem\",\"position\":2,\"name\":\"Water Analysis Overview\"}]},{\"@type\":\"WebSite\",\"@id\":\"https:\/\/www.chemteq.net\/#website\",\"url\":\"https:\/\/www.chemteq.net\/\",\"name\":\"Chemteq Inc.\",\"description\":\"High Quality And Reliable Devices To Serve Health, Safety And Industrial Hygiene\",\"publisher\":{\"@id\":\"https:\/\/www.chemteq.net\/#organization\"},\"potentialAction\":[{\"@type\":\"SearchAction\",\"target\":{\"@type\":\"EntryPoint\",\"urlTemplate\":\"https:\/\/www.chemteq.net\/?s={search_term_string}\"},\"query-input\":{\"@type\":\"PropertyValueSpecification\",\"valueRequired\":true,\"valueName\":\"search_term_string\"}}],\"inLanguage\":\"es\"},{\"@type\":\"Organization\",\"@id\":\"https:\/\/www.chemteq.net\/#organization\",\"name\":\"Chemteq Inc.\",\"url\":\"https:\/\/www.chemteq.net\/\",\"logo\":{\"@type\":\"ImageObject\",\"inLanguage\":\"es\",\"@id\":\"https:\/\/www.chemteq.net\/#\/schema\/logo\/image\/\",\"url\":\"https:\/\/www.chemteq.net\/wp-content\/uploads\/2021\/04\/ChemteqLogo0112239041421-scaled.jpg\",\"contentUrl\":\"https:\/\/www.chemteq.net\/wp-content\/uploads\/2021\/04\/ChemteqLogo0112239041421-scaled.jpg\",\"width\":2560,\"height\":574,\"caption\":\"Chemteq Inc.\"},\"image\":{\"@id\":\"https:\/\/www.chemteq.net\/#\/schema\/logo\/image\/\"}}]}<\/script>\n<!-- \/ Yoast SEO plugin. -->","yoast_head_json":{"title":"DG Water Analysis Kits for chromium 6 and hydrazine","description":"DG Water Analysis detection & quantification of chemicals in water. Accurate & sensitive. Available for Hexavalent Chromium & Hydrazine.","robots":{"index":"index","follow":"follow","max-snippet":"max-snippet:-1","max-image-preview":"max-image-preview:large","max-video-preview":"max-video-preview:-1"},"canonical":"https:\/\/www.chemteq.net\/es\/dg-water-analysis-kits\/","og_locale":"es_ES","og_type":"article","og_title":"DG Water Analysis Kits for chromium 6 and hydrazine","og_description":"DG Water Analysis detection & quantification of chemicals in water. Accurate & sensitive. Available for Hexavalent Chromium & Hydrazine.","og_url":"https:\/\/www.chemteq.net\/es\/dg-water-analysis-kits\/","og_site_name":"Chemteq Inc.","article_modified_time":"2022-01-06T13:36:57+00:00","og_image":[{"width":2560,"height":1701,"url":"https:\/\/www.chemteq.net\/wp-content\/uploads\/2021\/10\/DG-Water-Test-Kits-for-the-detection-and-quantification-of-chemicals-in-water-scaled.jpg","type":"image\/jpeg"}],"twitter_card":"summary_large_image","twitter_title":"DG Water Analysis Kits for chromium 6 and hydrazine","twitter_description":"DG Water Analysis detection & quantification of chemicals in water. Accurate & sensitive. Available for Hexavalent Chromium & Hydrazine.","twitter_image":"https:\/\/www.chemteq.net\/wp-content\/uploads\/2021\/10\/DG-Water-Test-Kits-for-the-detection-and-quantification-of-chemicals-in-water-scaled.jpg","twitter_misc":{"Tiempo de lectura":"2 minutos"},"schema":{"@context":"https:\/\/schema.org","@graph":[{"@type":"WebPage","@id":"https:\/\/www.chemteq.net\/dg-water-analysis-kits\/","url":"https:\/\/www.chemteq.net\/dg-water-analysis-kits\/","name":"DG Water Analysis Kits for chromium 6 and hydrazine","isPartOf":{"@id":"https:\/\/www.chemteq.net\/#website"},"primaryImageOfPage":{"@id":"https:\/\/www.chemteq.net\/dg-water-analysis-kits\/#primaryimage"},"image":{"@id":"https:\/\/www.chemteq.net\/dg-water-analysis-kits\/#primaryimage"},"thumbnailUrl":"https:\/\/www.chemteq.net\/wp-content\/uploads\/2021\/10\/DG-Water-Analysis-Kits-for-the-detection-and-quantification-of-chemicals-in-water-scaled.jpg","datePublished":"2021-06-03T07:52:39+00:00","dateModified":"2022-01-06T13:36:57+00:00","description":"DG Water Analysis detection & quantification of chemicals in water. Accurate & sensitive. Available for Hexavalent Chromium & Hydrazine.","breadcrumb":{"@id":"https:\/\/www.chemteq.net\/dg-water-analysis-kits\/#breadcrumb"},"inLanguage":"es","potentialAction":[{"@type":"ReadAction","target":["https:\/\/www.chemteq.net\/dg-water-analysis-kits\/"]}]},{"@type":"ImageObject","inLanguage":"es","@id":"https:\/\/www.chemteq.net\/dg-water-analysis-kits\/#primaryimage","url":"https:\/\/www.chemteq.net\/wp-content\/uploads\/2021\/10\/DG-Water-Analysis-Kits-for-the-detection-and-quantification-of-chemicals-in-water-scaled.jpg","contentUrl":"https:\/\/www.chemteq.net\/wp-content\/uploads\/2021\/10\/DG-Water-Analysis-Kits-for-the-detection-and-quantification-of-chemicals-in-water-scaled.jpg","width":2560,"height":2553,"caption":"DG Water Analysis Kits are accurate and sensitive"},{"@type":"BreadcrumbList","@id":"https:\/\/www.chemteq.net\/dg-water-analysis-kits\/#breadcrumb","itemListElement":[{"@type":"ListItem","position":1,"name":"Home","item":"https:\/\/www.chemteq.net\/"},{"@type":"ListItem","position":2,"name":"Water Analysis Overview"}]},{"@type":"WebSite","@id":"https:\/\/www.chemteq.net\/#website","url":"https:\/\/www.chemteq.net\/","name":"Chemteq Inc.","description":"High Quality And Reliable Devices To Serve Health, Safety And Industrial Hygiene","publisher":{"@id":"https:\/\/www.chemteq.net\/#organization"},"potentialAction":[{"@type":"SearchAction","target":{"@type":"EntryPoint","urlTemplate":"https:\/\/www.chemteq.net\/?s={search_term_string}"},"query-input":{"@type":"PropertyValueSpecification","valueRequired":true,"valueName":"search_term_string"}}],"inLanguage":"es"},{"@type":"Organization","@id":"https:\/\/www.chemteq.net\/#organization","name":"Chemteq Inc.","url":"https:\/\/www.chemteq.net\/","logo":{"@type":"ImageObject","inLanguage":"es","@id":"https:\/\/www.chemteq.net\/#\/schema\/logo\/image\/","url":"https:\/\/www.chemteq.net\/wp-content\/uploads\/2021\/04\/ChemteqLogo0112239041421-scaled.jpg","contentUrl":"https:\/\/www.chemteq.net\/wp-content\/uploads\/2021\/04\/ChemteqLogo0112239041421-scaled.jpg","width":2560,"height":574,"caption":"Chemteq Inc."},"image":{"@id":"https:\/\/www.chemteq.net\/#\/schema\/logo\/image\/"}}]}},"_links":{"self":[{"href":"https:\/\/www.chemteq.net\/es\/wp-json\/wp\/v2\/pages\/2309","targetHints":{"allow":["GET"]}}],"collection":[{"href":"https:\/\/www.chemteq.net\/es\/wp-json\/wp\/v2\/pages"}],"about":[{"href":"https:\/\/www.chemteq.net\/es\/wp-json\/wp\/v2\/types\/page"}],"author":[{"embeddable":true,"href":"https:\/\/www.chemteq.net\/es\/wp-json\/wp\/v2\/users\/2"}],"replies":[{"embeddable":true,"href":"https:\/\/www.chemteq.net\/es\/wp-json\/wp\/v2\/comments?post=2309"}],"version-history":[{"count":0,"href":"https:\/\/www.chemteq.net\/es\/wp-json\/wp\/v2\/pages\/2309\/revisions"}],"wp:featuredmedia":[{"embeddable":true,"href":"https:\/\/www.chemteq.net\/es\/wp-json\/wp\/v2\/media\/3215"}],"wp:attachment":[{"href":"https:\/\/www.chemteq.net\/es\/wp-json\/wp\/v2\/media?parent=2309"}],"curies":[{"name":"wp","href":"https:\/\/api.w.org\/{rel}","templated":true}]}}