{"id":17,"date":"2018-01-16T13:16:49","date_gmt":"2018-01-16T13:16:49","guid":{"rendered":"http:\/\/chemteqinc.wpengine.com\/?page_id=17"},"modified":"2021-10-28T21:12:25","modified_gmt":"2021-10-28T21:12:25","slug":"my-account-at-chemteq","status":"publish","type":"page","link":"https:\/\/www.chemteq.net\/es\/my-account-at-chemteq\/","title":{"rendered":"Mi cuenta"},"content":{"rendered":"<div data-elementor-type=\"wp-page\" data-elementor-id=\"17\" class=\"elementor elementor-17\" data-elementor-post-type=\"page\">\n\t\t\t\t\t\t<section class=\"elementor-section elementor-top-section elementor-element elementor-element-38a7c32c elementor-section-boxed elementor-section-height-default elementor-section-height-default\" data-id=\"38a7c32c\" data-element_type=\"section\">\n\t\t\t\t\t\t<div class=\"elementor-container elementor-column-gap-default\">\n\t\t\t\t\t<div class=\"elementor-column elementor-col-100 elementor-top-column elementor-element elementor-element-7cbe4067\" data-id=\"7cbe4067\" data-element_type=\"column\">\n\t\t\t<div class=\"elementor-widget-wrap elementor-element-populated\">\n\t\t\t\t\t\t<div class=\"elementor-element elementor-element-4ee9f83e elementor-widget elementor-widget-shortcode\" data-id=\"4ee9f83e\" data-element_type=\"widget\" data-widget_type=\"shortcode.default\">\n\t\t\t\t<div class=\"elementor-widget-container\">\n\t\t\t\t\t\t\t<div class=\"elementor-shortcode\"><div class=\"woocommerce\"><\/div><\/div>\n\t\t\t\t\t\t<\/div>\n\t\t\t\t<\/div>\n\t\t\t\t\t<\/div>\n\t\t<\/div>\n\t\t\t\t\t<\/div>\n\t\t<\/section>\n\t\t\t\t<section class=\"elementor-section elementor-top-section elementor-element elementor-element-36631d8 elementor-section-boxed elementor-section-height-default elementor-section-height-default\" data-id=\"36631d8\" data-element_type=\"section\">\n\t\t\t\t\t\t<div class=\"elementor-container elementor-column-gap-default\">\n\t\t\t\t\t<div class=\"elementor-column elementor-col-100 elementor-top-column elementor-element elementor-element-55be95b\" data-id=\"55be95b\" data-element_type=\"column\">\n\t\t\t<div class=\"elementor-widget-wrap elementor-element-populated\">\n\t\t\t\t\t\t<div class=\"elementor-element elementor-element-3742fb5 elementor-widget elementor-widget-image\" data-id=\"3742fb5\" data-element_type=\"widget\" data-widget_type=\"image.default\">\n\t\t\t\t<div class=\"elementor-widget-container\">\n\t\t\t\t\t\t\t\t\t\t\t\t\t\t\t<img fetchpriority=\"high\" decoding=\"async\" width=\"1024\" height=\"394\" src=\"https:\/\/www.chemteq.net\/wp-content\/uploads\/2021\/10\/My-Account-at-Chemteq-1024x394.jpg\" class=\"attachment-large size-large wp-image-3318\" alt=\"My Account at Chemteq-Emission Control Products. We supply filter change indicators, surface contamination testing &amp; quantification\" srcset=\"https:\/\/www.chemteq.net\/wp-content\/uploads\/2021\/10\/My-Account-at-Chemteq-1024x394.jpg 1024w, https:\/\/www.chemteq.net\/wp-content\/uploads\/2021\/10\/My-Account-at-Chemteq-300x115.jpg 300w, https:\/\/www.chemteq.net\/wp-content\/uploads\/2021\/10\/My-Account-at-Chemteq-768x295.jpg 768w, https:\/\/www.chemteq.net\/wp-content\/uploads\/2021\/10\/My-Account-at-Chemteq-1536x591.jpg 1536w, https:\/\/www.chemteq.net\/wp-content\/uploads\/2021\/10\/My-Account-at-Chemteq-2048x788.jpg 2048w, https:\/\/www.chemteq.net\/wp-content\/uploads\/2021\/10\/My-Account-at-Chemteq-600x231.jpg 600w\" sizes=\"(max-width: 1024px) 100vw, 1024px\" \/>\t\t\t\t\t\t\t\t\t\t\t\t\t\t\t<\/div>\n\t\t\t\t<\/div>\n\t\t\t\t\t<\/div>\n\t\t<\/div>\n\t\t\t\t\t<\/div>\n\t\t<\/section>\n\t\t\t\t<section class=\"elementor-section elementor-top-section elementor-element elementor-element-275a845 elementor-section-boxed elementor-section-height-default elementor-section-height-default\" data-id=\"275a845\" data-element_type=\"section\">\n\t\t\t\t\t\t<div class=\"elementor-container elementor-column-gap-default\">\n\t\t\t\t\t<div class=\"elementor-column elementor-col-100 elementor-top-column elementor-element elementor-element-a03f754\" data-id=\"a03f754\" data-element_type=\"column\">\n\t\t\t<div class=\"elementor-widget-wrap elementor-element-populated\">\n\t\t\t\t\t\t<div class=\"elementor-element elementor-element-3516b6a elementor-widget elementor-widget-text-editor\" data-id=\"3516b6a\" data-element_type=\"widget\" data-widget_type=\"text-editor.default\">\n\t\t\t\t<div class=\"elementor-widget-container\">\n\t\t\t\t\t\t\t\t\t<p>My Account at Chemteq<\/p><p>We are Chemteq. A health and safety company.<\/p><p>Determined to eliminate emission of toxic materials to the environment. Our technology and innovation empower us to make emission control devices to improve quality of life and the environment.<\/p><p>Reimagining what innovation in safety is our business. Dedication to clean environment is the only way to a sustainable life in our globe.<br \/>Nosotros seguimos\u00a0<a href=\"https:\/\/www.epa.gov\/\">US EPA<\/a>,\u00a0<a href=\"https:\/\/www.osha.gov\/node\/999880441\">OSHA<\/a>\u00a0y\u00a0<a href=\"https:\/\/www.cdc.gov\/niosh\/index.htm\">NIOSH<\/a>\u00a0lineamientos para lograr nuestra misi\u00f3n.<br \/>Nuestra dedicaci\u00f3n a la experiencia del cliente se extiende desde nuestros laboratorios hasta el campo.<br \/>Chemteq team is helping to redefine the industry as we know it. Because we believe science offers unlimited possibilities.<\/p><div class=\"elementor-element elementor-element-56bb59d elementor-widget elementor-widget-text-editor\" data-id=\"56bb59d\" data-element_type=\"widget\" data-widget_type=\"text-editor.default\"><div class=\"elementor-widget-container\"><div class=\"elementor-text-editor elementor-clearfix\"><h6>Chemteq Emission Control Devices.<\/h6><p>We manufacture wide variety of emission control products to serve safety, health, and industrial hygiene around the globe. Our products include:<\/p><\/div><\/div><\/div><div class=\"elementor-element elementor-element-8806d41 elementor-icon-list--layout-traditional elementor-list-item-link-full_width elementor-widget elementor-widget-icon-list\" data-id=\"8806d41\" data-element_type=\"widget\" data-widget_type=\"icon-list.default\"><div class=\"elementor-widget-container\"><ul class=\"elementor-icon-list-items\"><li class=\"elementor-icon-list-item\"><h6><a href=\"https:\/\/www.chemteq.net\/es\/chemteq-filter-change-indicators\/\" target=\"_blank\" rel=\"noopener\"><span class=\"elementor-icon-list-text\">Breakthrough Indicators for carbon absorbers and filters. <\/span><\/a><span class=\"elementor-icon-list-text\">BTI, BTI Inline, BTI2 and BTI3<\/span><\/h6><\/li><li class=\"elementor-icon-list-item\"><h6><a href=\"https:\/\/www.chemteq.net\/es\/categoria-producto\/filter-breakthrough-indicators\/breakthrough-filter-change-indicator-auxiliary-trap\/\" target=\"_blank\" rel=\"noopener\"><span class=\"elementor-icon-list-text\">Breakthrough Indicator with Auxiliary Filter Trap.<\/span><\/a><span class=\"elementor-icon-list-text\"> BTI AFT<\/span><\/h6><\/li><li class=\"elementor-icon-list-item\"><h6><a href=\"https:\/\/www.chemteq.net\/es\/categoria-producto\/dg-colorimetric-indicators\/\" target=\"_blank\" rel=\"noopener\"><i class=\"fas fa-check\" aria-hidden=\"true\"><\/i><span class=\"elementor-icon-list-text\">Indicadores colorim\u00e9tricos DG<\/span><\/a><\/h6><\/li><li class=\"elementor-icon-list-item\"><h6><a href=\"https:\/\/www.chemteq.net\/es\/categoria-producto\/filter-change-indicator-stickers\/btis\/\" target=\"_blank\" rel=\"noopener\"><span class=\"elementor-icon-list-text\">Filter Change Indicator Stickers for ductless hood and fume extractor filters.<\/span><\/a><span class=\"elementor-icon-list-text\"> BTIS<\/span><\/h6><\/li><li class=\"elementor-icon-list-item\"><h6><a href=\"https:\/\/www.chemteq.net\/es\/dg-filters-overview\/\" target=\"_blank\" rel=\"noopener\"><i class=\"fas fa-check\" aria-hidden=\"true\"><\/i><span class=\"elementor-icon-list-text\">DG Filters for chemical process and reactor vents including filters with ESLI<\/span><\/a><\/h6><\/li><li class=\"elementor-icon-list-item\"><h6><a href=\"https:\/\/www.chemteq.net\/es\/categoria-producto\/chemteq-area-monitors\/\" target=\"_blank\" rel=\"noopener\"><i class=\"fas fa-check\" aria-hidden=\"true\"><\/i><span class=\"elementor-icon-list-text\">Area monitors for stack, duct, vent or flue where representative sample can be obtained.<\/span><\/a><\/h6><\/li><li class=\"elementor-icon-list-item\"><h6><a href=\"https:\/\/www.chemteq.net\/es\/categoria-producto\/chemwipes-surface-contamination-testing\/\" target=\"_blank\" rel=\"noopener\"><i class=\"fas fa-check\" aria-hidden=\"true\"><\/i><span class=\"elementor-icon-list-text\">ChemWipes Surface Contamination analysis<\/span><\/a><\/h6><\/li><li class=\"elementor-icon-list-item\"><h6><a href=\"https:\/\/www.chemteq.net\/es\/water-analysis-overview\/\" target=\"_blank\" rel=\"noopener\"><i class=\"fas fa-check\" aria-hidden=\"true\"><\/i><span class=\"elementor-icon-list-text\">DG Water Test para la detecci\u00f3n y cuantificaci\u00f3n de sustancias qu\u00edmicas t\u00f3xicas en el agua<\/span><\/a><\/h6><\/li><\/ul><p>My Account at Chemteq<\/p><table width=\"606\"><tbody><tr><td colspan=\"3\" width=\"602\"><h6><strong>1. Indicadores de cambio de filtro<\/strong><\/h6><\/td><\/tr><tr><td width=\"45\"><p style=\"text-align: center;\">a<\/p><\/td><td width=\"220\"><p>Di\u00e1metro e hilo<\/p><\/td><td width=\"333\"><p>BTI: 1\u201d. Inlet thread 0.75\u201d MNPT<\/p><p>BTI-Inline: 1\u201d. Inlet &amp; 0utlet thread 0.75\u201d MNPT<\/p><p>BTI-AFT<span style=\"color: #ff0000;\">*<\/span>: 1\u201d<\/p><p>BTI2: 2\u201d. Inlet thread 1.5\u201d MNPT<\/p><p>BTI3: 3\u201d. Inlet thread 2.5\u201d MNPT<\/p><\/td><\/tr><tr><td width=\"45\"><p style=\"text-align: center;\">b<\/p><\/td><td width=\"220\"><p>Alto<\/p><\/td><td width=\"333\"><p>BTI: 3.5\u201d<\/p><p>BTI-Inline: 3.5\u201d<\/p><p>BTI-AFT<span style=\"color: #ff0000;\">*<\/span>: 5.1\u201d<\/p><p>BTI2: 4.5\u201d<\/p><p>BTI3: 4.5\u201d<\/p><\/td><\/tr><tr><td width=\"45\"><p style=\"text-align: center;\"><span style=\"color: #000000;\">c<\/span><\/p><\/td><td width=\"220\"><p>Rango de temperatura:<\/p><\/td><td width=\"333\"><p>-20 &#8211; 4<sup>o<\/sup>C to 50 &#8211; 65<sup>o<\/sup>C (-4 &#8211; 39<sup>o<\/sup>F to 122 -149<sup>o<\/sup>F).<\/p><\/td><\/tr><tr><td width=\"45\"><p style=\"text-align: center;\">d<\/p><\/td><td width=\"220\"><p>Rango de humedad:<\/p><\/td><td width=\"333\"><p>5% RH to 95%RH<\/p><\/td><\/tr><tr><td width=\"45\"><p style=\"text-align: center;\">f<\/p><\/td><td width=\"220\"><p>Rango de vida \u00fatil:<\/p><\/td><td width=\"333\"><p>1-2 years<\/p><\/td><\/tr><tr><td width=\"45\"><p style=\"text-align: center;\">g<\/p><\/td><td width=\"220\"><p>Rango de vida \u00fatil:<\/p><\/td><td width=\"333\"><p>1-2 years<\/p><\/td><\/tr><tr><td width=\"45\"><p style=\"text-align: center;\">h<\/p><\/td><td width=\"220\"><p>Allowable fluids:<\/p><\/td><td width=\"333\"><p>Gases and vapors<\/p><\/td><\/tr><\/tbody><\/table><table width=\"606\"><tbody><tr><td colspan=\"3\" width=\"602\"><p><strong>2. Etiquetas adhesivas indicadoras de cambio de filtro<\/strong><\/p><\/td><\/tr><tr><td width=\"45\"><p style=\"text-align: center;\">a<\/p><\/td><td width=\"220\"><p>Di\u00e1metro<\/p><\/td><td width=\"333\"><p>Area Monitors<span style=\"color: #ff0000;\">**<\/span>: 1.5\u201d<\/p><p>BTIS: 1.25\u201d<\/p><p>BTIS-B<span style=\"color: #ff0000;\">***<\/span>: 1.5\u201d<\/p><p>BTIS-SMF<span style=\"color: #ff0000;\">****<\/span>: 1.5\u201d<\/p><\/td><\/tr><tr><td width=\"45\"><p style=\"text-align: center;\">b<\/p><\/td><td width=\"220\"><p>Grosor<\/p><\/td><td width=\"333\"><p>Area Monitors<span style=\"color: #ff0000;\">**<\/span>: 0.12\u201d<\/p><p>BTIS: 0.12\u201d<\/p><p>BTIS-B<span style=\"color: #ff0000;\">***<\/span>: 0.12\u201d<\/p><p>BTIS-SMF<span style=\"color: #ff0000;\">****<\/span>: 0.12\u201d<\/p><\/td><\/tr><tr><td width=\"45\"><p style=\"text-align: center;\">c<\/p><\/td><td width=\"220\"><p>Rango de temperatura:<\/p><\/td><td width=\"333\"><p>-20 &#8211; 4<sup>o<\/sup>C to 50 &#8211; 65<sup>o<\/sup>C (-4 &#8211; 39<sup>o<\/sup>F to 122 -149<sup>o<\/sup>F).<\/p><\/td><\/tr><tr><td width=\"45\"><p style=\"text-align: center;\">d<\/p><\/td><td width=\"220\"><p>Rango de humedad:<\/p><\/td><td width=\"333\"><p>5% RH to 95%RH<\/p><\/td><\/tr><tr><td width=\"45\"><p style=\"text-align: center;\">f<\/p><\/td><td width=\"220\"><p>Rango de vida \u00fatil:<\/p><\/td><td width=\"333\"><p>1-2 years<\/p><\/td><\/tr><tr><td width=\"45\"><p style=\"text-align: center;\">g<\/p><\/td><td width=\"220\"><p>Rango de vida \u00fatil:<\/p><\/td><td width=\"333\"><p>1-2 years<\/p><\/td><\/tr><tr><td width=\"45\"><p style=\"text-align: center;\">h<\/p><\/td><td width=\"220\"><p>Allowable fluids:<\/p><\/td><td width=\"333\"><p>Gases and vapors<\/p><\/td><\/tr><\/tbody><\/table><p><span style=\"color: #ff0000;\">*<\/span> For hplc waste contain filters<\/p><p><span style=\"color: #ff0000;\">**<\/span> Indicador de cambio de filtro con trampa de filtro adicional.<\/p><p><span style=\"color: #ff0000;\">***<\/span> Monitoreo de la calidad del aire. Ubicaciones adecuadas, en chimenea, conducto, ventilaci\u00f3n o chimenea<\/p><p><span style=\"color: #ff0000;\">****<\/span> Detectores de fugas adecuados para armarios de productos qu\u00edmicos y camiones de transporte de productos qu\u00edmicos<\/p><p><span style=\"color: #ff0000;\">*****<\/span> Adhesivo indicador de cambio de filtro para filtros de alcantarillado<\/p><\/div><\/div><p>My Account at Chemteq<\/p>\t\t\t\t\t\t\t\t<\/div>\n\t\t\t\t<\/div>\n\t\t\t\t\t<\/div>\n\t\t<\/div>\n\t\t\t\t\t<\/div>\n\t\t<\/section>\n\t\t\t\t<\/div>","protected":false},"excerpt":{"rendered":"<p>My Account at Chemteq We are Chemteq. A health and safety company. Determined to eliminate emission of toxic materials to the environment. Our technology and innovation empower us to make emission control devices to improve quality of life and the environment. Reimagining what innovation in safety is our business. Dedication to clean environment is the [&hellip;]<\/p>","protected":false},"author":1,"featured_media":3316,"parent":0,"menu_order":0,"comment_status":"closed","ping_status":"closed","template":"","meta":{"_acf_changed":false,"site-sidebar-layout":"no-sidebar","site-content-layout":"plain-container","ast-site-content-layout":"","site-content-style":"default","site-sidebar-style":"default","ast-global-header-display":"","ast-banner-title-visibility":"","ast-main-header-display":"","ast-hfb-above-header-display":"","ast-hfb-below-header-display":"","ast-hfb-mobile-header-display":"","site-post-title":"disabled","ast-breadcrumbs-content":"","ast-featured-img":"disabled","footer-sml-layout":"","theme-transparent-header-meta":"default","adv-header-id-meta":"","stick-header-meta":"default","header-above-stick-meta":"","header-main-stick-meta":"","header-below-stick-meta":"","astra-migrate-meta-layouts":"default","ast-page-background-enabled":"default","ast-page-background-meta":{"desktop":{"background-color":"","background-image":"","background-repeat":"repeat","background-position":"center center","background-size":"auto","background-attachment":"scroll","background-type":"","background-media":"","overlay-type":"","overlay-color":"","overlay-opacity":"","overlay-gradient":""},"tablet":{"background-color":"","background-image":"","background-repeat":"repeat","background-position":"center center","background-size":"auto","background-attachment":"scroll","background-type":"","background-media":"","overlay-type":"","overlay-color":"","overlay-opacity":"","overlay-gradient":""},"mobile":{"background-color":"","background-image":"","background-repeat":"repeat","background-position":"center center","background-size":"auto","background-attachment":"scroll","background-type":"","background-media":"","overlay-type":"","overlay-color":"","overlay-opacity":"","overlay-gradient":""}},"ast-content-background-meta":{"desktop":{"background-color":"var(--ast-global-color-5)","background-image":"","background-repeat":"repeat","background-position":"center center","background-size":"auto","background-attachment":"scroll","background-type":"","background-media":"","overlay-type":"","overlay-color":"","overlay-opacity":"","overlay-gradient":""},"tablet":{"background-color":"var(--ast-global-color-5)","background-image":"","background-repeat":"repeat","background-position":"center center","background-size":"auto","background-attachment":"scroll","background-type":"","background-media":"","overlay-type":"","overlay-color":"","overlay-opacity":"","overlay-gradient":""},"mobile":{"background-color":"var(--ast-global-color-5)","background-image":"","background-repeat":"repeat","background-position":"center center","background-size":"auto","background-attachment":"scroll","background-type":"","background-media":"","overlay-type":"","overlay-color":"","overlay-opacity":"","overlay-gradient":""}},"footnotes":""},"class_list":["post-17","page","type-page","status-publish","has-post-thumbnail","hentry"],"acf":[],"yoast_head":"<!-- This site is optimized with the Yoast SEO plugin v26.3 - https:\/\/yoast.com\/wordpress\/plugins\/seo\/ -->\n<title>My Account at Chemteq-Emission Control Products<\/title>\n<meta name=\"description\" content=\"My Account at Chemteq-Emission Control Products. We supply filter change indicators, surface contamination testing &amp; quantification.\" \/>\n<meta name=\"robots\" content=\"index, follow, max-snippet:-1, max-image-preview:large, max-video-preview:-1\" \/>\n<link rel=\"canonical\" href=\"https:\/\/www.chemteq.net\/es\/my-account-at-chemteq\/\" \/>\n<meta property=\"og:locale\" content=\"es_ES\" \/>\n<meta property=\"og:type\" content=\"article\" \/>\n<meta property=\"og:title\" content=\"My Account at Chemteq-Emission Control Products.\" \/>\n<meta property=\"og:description\" content=\"My Account at Chemteq-Emission Control Products. We supply filter change indicators, surface contamination testing &amp; quantification.\" \/>\n<meta property=\"og:url\" content=\"https:\/\/www.chemteq.net\/es\/my-account-at-chemteq\/\" \/>\n<meta property=\"og:site_name\" content=\"Chemteq Inc.\" \/>\n<meta property=\"article:modified_time\" content=\"2021-10-28T21:12:25+00:00\" \/>\n<meta property=\"og:image\" content=\"https:\/\/www.chemteq.net\/wp-content\/uploads\/2021\/10\/My-Account-at-Chemteq.-emission-control-devices-scaled.jpg\" \/>\n\t<meta property=\"og:image:width\" content=\"2560\" \/>\n\t<meta property=\"og:image:height\" content=\"1829\" \/>\n\t<meta property=\"og:image:type\" content=\"image\/jpeg\" \/>\n<meta name=\"twitter:card\" content=\"summary_large_image\" \/>\n<meta name=\"twitter:title\" content=\"My Account at Chemteq-Emission Control Products.\" \/>\n<meta name=\"twitter:description\" content=\"My Account at Chemteq-Emission Control Products. We supply filter change indicators, surface contamination testing &amp; quantification.\" \/>\n<meta name=\"twitter:image\" content=\"https:\/\/www.chemteq.net\/wp-content\/uploads\/2021\/10\/My-Account-at-Chemteq.-emission-control-devices-scaled.jpg\" \/>\n<meta name=\"twitter:label1\" content=\"Tiempo de lectura\" \/>\n\t<meta name=\"twitter:data1\" content=\"3 minutos\" \/>\n<script type=\"application\/ld+json\" class=\"yoast-schema-graph\">{\"@context\":\"https:\/\/schema.org\",\"@graph\":[{\"@type\":\"WebPage\",\"@id\":\"https:\/\/www.chemteq.net\/my-account-at-chemteq\/\",\"url\":\"https:\/\/www.chemteq.net\/my-account-at-chemteq\/\",\"name\":\"My Account at Chemteq-Emission Control Products\",\"isPartOf\":{\"@id\":\"https:\/\/www.chemteq.net\/#website\"},\"primaryImageOfPage\":{\"@id\":\"https:\/\/www.chemteq.net\/my-account-at-chemteq\/#primaryimage\"},\"image\":{\"@id\":\"https:\/\/www.chemteq.net\/my-account-at-chemteq\/#primaryimage\"},\"thumbnailUrl\":\"https:\/\/www.chemteq.net\/wp-content\/uploads\/2021\/10\/My-Account-at-Chemteq.-emission-control-Products-scaled.jpg\",\"datePublished\":\"2018-01-16T13:16:49+00:00\",\"dateModified\":\"2021-10-28T21:12:25+00:00\",\"description\":\"My Account at Chemteq-Emission Control Products. We supply filter change indicators, surface contamination testing & quantification.\",\"breadcrumb\":{\"@id\":\"https:\/\/www.chemteq.net\/my-account-at-chemteq\/#breadcrumb\"},\"inLanguage\":\"es\",\"potentialAction\":[{\"@type\":\"ReadAction\",\"target\":[\"https:\/\/www.chemteq.net\/my-account-at-chemteq\/\"]}]},{\"@type\":\"ImageObject\",\"inLanguage\":\"es\",\"@id\":\"https:\/\/www.chemteq.net\/my-account-at-chemteq\/#primaryimage\",\"url\":\"https:\/\/www.chemteq.net\/wp-content\/uploads\/2021\/10\/My-Account-at-Chemteq.-emission-control-Products-scaled.jpg\",\"contentUrl\":\"https:\/\/www.chemteq.net\/wp-content\/uploads\/2021\/10\/My-Account-at-Chemteq.-emission-control-Products-scaled.jpg\",\"width\":2557,\"height\":2560,\"caption\":\"My Account at Chemteq-Emission Control Products.\"},{\"@type\":\"BreadcrumbList\",\"@id\":\"https:\/\/www.chemteq.net\/my-account-at-chemteq\/#breadcrumb\",\"itemListElement\":[{\"@type\":\"ListItem\",\"position\":1,\"name\":\"Home\",\"item\":\"https:\/\/www.chemteq.net\/\"},{\"@type\":\"ListItem\",\"position\":2,\"name\":\"My Account\"}]},{\"@type\":\"WebSite\",\"@id\":\"https:\/\/www.chemteq.net\/#website\",\"url\":\"https:\/\/www.chemteq.net\/\",\"name\":\"Chemteq Inc.\",\"description\":\"High Quality And Reliable Devices To Serve Health, Safety And Industrial Hygiene\",\"publisher\":{\"@id\":\"https:\/\/www.chemteq.net\/#organization\"},\"potentialAction\":[{\"@type\":\"SearchAction\",\"target\":{\"@type\":\"EntryPoint\",\"urlTemplate\":\"https:\/\/www.chemteq.net\/?s={search_term_string}\"},\"query-input\":{\"@type\":\"PropertyValueSpecification\",\"valueRequired\":true,\"valueName\":\"search_term_string\"}}],\"inLanguage\":\"es\"},{\"@type\":\"Organization\",\"@id\":\"https:\/\/www.chemteq.net\/#organization\",\"name\":\"Chemteq Inc.\",\"url\":\"https:\/\/www.chemteq.net\/\",\"logo\":{\"@type\":\"ImageObject\",\"inLanguage\":\"es\",\"@id\":\"https:\/\/www.chemteq.net\/#\/schema\/logo\/image\/\",\"url\":\"https:\/\/www.chemteq.net\/wp-content\/uploads\/2021\/04\/ChemteqLogo0112239041421-scaled.jpg\",\"contentUrl\":\"https:\/\/www.chemteq.net\/wp-content\/uploads\/2021\/04\/ChemteqLogo0112239041421-scaled.jpg\",\"width\":2560,\"height\":574,\"caption\":\"Chemteq Inc.\"},\"image\":{\"@id\":\"https:\/\/www.chemteq.net\/#\/schema\/logo\/image\/\"}}]}<\/script>\n<!-- \/ Yoast SEO plugin. -->","yoast_head_json":{"title":"My Account at Chemteq-Emission Control Products","description":"My Account at Chemteq-Emission Control Products. We supply filter change indicators, surface contamination testing & quantification.","robots":{"index":"index","follow":"follow","max-snippet":"max-snippet:-1","max-image-preview":"max-image-preview:large","max-video-preview":"max-video-preview:-1"},"canonical":"https:\/\/www.chemteq.net\/es\/my-account-at-chemteq\/","og_locale":"es_ES","og_type":"article","og_title":"My Account at Chemteq-Emission Control Products.","og_description":"My Account at Chemteq-Emission Control Products. We supply filter change indicators, surface contamination testing & quantification.","og_url":"https:\/\/www.chemteq.net\/es\/my-account-at-chemteq\/","og_site_name":"Chemteq Inc.","article_modified_time":"2021-10-28T21:12:25+00:00","og_image":[{"width":2560,"height":1829,"url":"https:\/\/www.chemteq.net\/wp-content\/uploads\/2021\/10\/My-Account-at-Chemteq.-emission-control-devices-scaled.jpg","type":"image\/jpeg"}],"twitter_card":"summary_large_image","twitter_title":"My Account at Chemteq-Emission Control Products.","twitter_description":"My Account at Chemteq-Emission Control Products. We supply filter change indicators, surface contamination testing & quantification.","twitter_image":"https:\/\/www.chemteq.net\/wp-content\/uploads\/2021\/10\/My-Account-at-Chemteq.-emission-control-devices-scaled.jpg","twitter_misc":{"Tiempo de lectura":"3 minutos"},"schema":{"@context":"https:\/\/schema.org","@graph":[{"@type":"WebPage","@id":"https:\/\/www.chemteq.net\/my-account-at-chemteq\/","url":"https:\/\/www.chemteq.net\/my-account-at-chemteq\/","name":"My Account at Chemteq-Emission Control Products","isPartOf":{"@id":"https:\/\/www.chemteq.net\/#website"},"primaryImageOfPage":{"@id":"https:\/\/www.chemteq.net\/my-account-at-chemteq\/#primaryimage"},"image":{"@id":"https:\/\/www.chemteq.net\/my-account-at-chemteq\/#primaryimage"},"thumbnailUrl":"https:\/\/www.chemteq.net\/wp-content\/uploads\/2021\/10\/My-Account-at-Chemteq.-emission-control-Products-scaled.jpg","datePublished":"2018-01-16T13:16:49+00:00","dateModified":"2021-10-28T21:12:25+00:00","description":"My Account at Chemteq-Emission Control Products. We supply filter change indicators, surface contamination testing & quantification.","breadcrumb":{"@id":"https:\/\/www.chemteq.net\/my-account-at-chemteq\/#breadcrumb"},"inLanguage":"es","potentialAction":[{"@type":"ReadAction","target":["https:\/\/www.chemteq.net\/my-account-at-chemteq\/"]}]},{"@type":"ImageObject","inLanguage":"es","@id":"https:\/\/www.chemteq.net\/my-account-at-chemteq\/#primaryimage","url":"https:\/\/www.chemteq.net\/wp-content\/uploads\/2021\/10\/My-Account-at-Chemteq.-emission-control-Products-scaled.jpg","contentUrl":"https:\/\/www.chemteq.net\/wp-content\/uploads\/2021\/10\/My-Account-at-Chemteq.-emission-control-Products-scaled.jpg","width":2557,"height":2560,"caption":"My Account at Chemteq-Emission Control Products."},{"@type":"BreadcrumbList","@id":"https:\/\/www.chemteq.net\/my-account-at-chemteq\/#breadcrumb","itemListElement":[{"@type":"ListItem","position":1,"name":"Home","item":"https:\/\/www.chemteq.net\/"},{"@type":"ListItem","position":2,"name":"My Account"}]},{"@type":"WebSite","@id":"https:\/\/www.chemteq.net\/#website","url":"https:\/\/www.chemteq.net\/","name":"Chemteq Inc.","description":"High Quality And Reliable Devices To Serve Health, Safety And Industrial Hygiene","publisher":{"@id":"https:\/\/www.chemteq.net\/#organization"},"potentialAction":[{"@type":"SearchAction","target":{"@type":"EntryPoint","urlTemplate":"https:\/\/www.chemteq.net\/?s={search_term_string}"},"query-input":{"@type":"PropertyValueSpecification","valueRequired":true,"valueName":"search_term_string"}}],"inLanguage":"es"},{"@type":"Organization","@id":"https:\/\/www.chemteq.net\/#organization","name":"Chemteq Inc.","url":"https:\/\/www.chemteq.net\/","logo":{"@type":"ImageObject","inLanguage":"es","@id":"https:\/\/www.chemteq.net\/#\/schema\/logo\/image\/","url":"https:\/\/www.chemteq.net\/wp-content\/uploads\/2021\/04\/ChemteqLogo0112239041421-scaled.jpg","contentUrl":"https:\/\/www.chemteq.net\/wp-content\/uploads\/2021\/04\/ChemteqLogo0112239041421-scaled.jpg","width":2560,"height":574,"caption":"Chemteq Inc."},"image":{"@id":"https:\/\/www.chemteq.net\/#\/schema\/logo\/image\/"}}]}},"_links":{"self":[{"href":"https:\/\/www.chemteq.net\/es\/wp-json\/wp\/v2\/pages\/17","targetHints":{"allow":["GET"]}}],"collection":[{"href":"https:\/\/www.chemteq.net\/es\/wp-json\/wp\/v2\/pages"}],"about":[{"href":"https:\/\/www.chemteq.net\/es\/wp-json\/wp\/v2\/types\/page"}],"author":[{"embeddable":true,"href":"https:\/\/www.chemteq.net\/es\/wp-json\/wp\/v2\/users\/1"}],"replies":[{"embeddable":true,"href":"https:\/\/www.chemteq.net\/es\/wp-json\/wp\/v2\/comments?post=17"}],"version-history":[{"count":0,"href":"https:\/\/www.chemteq.net\/es\/wp-json\/wp\/v2\/pages\/17\/revisions"}],"wp:featuredmedia":[{"embeddable":true,"href":"https:\/\/www.chemteq.net\/es\/wp-json\/wp\/v2\/media\/3316"}],"wp:attachment":[{"href":"https:\/\/www.chemteq.net\/es\/wp-json\/wp\/v2\/media?parent=17"}],"curies":[{"name":"wp","href":"https:\/\/api.w.org\/{rel}","templated":true}]}}