{"id":757,"date":"2018-01-19T11:25:51","date_gmt":"2018-01-19T11:25:51","guid":{"rendered":"http:\/\/chemteqinc.wpengine.com\/?product=periwinkle-bonsai"},"modified":"2025-12-01T19:10:20","modified_gmt":"2025-12-01T19:10:20","slug":"aromatic-diisocyanates-area-monitor","status":"publish","type":"product","link":"https:\/\/www.chemteq.net\/de\/produkt\/aromatic-diisocyanates-area-monitor\/","title":{"rendered":"Aromatic Diisocyanates Area Monitor"},"content":{"rendered":"<p>Der Bereichsmonitor f\u00fcr aromatische Diisocyanate ist empfindlich und selektiv f\u00fcr den Nachweis von Spuren aromatischer Diisocyanate. Die besten Ergebnisse erzielen Sie, wenn Sie den Bereichsmonitor an einem Schornstein, einem Kanal, einer Entl\u00fcftung oder einem Abgasrohr anbringen. Ein zuverl\u00e4ssiges und kosteng\u00fcnstiges Mittel zur \u00dcberwachung der Luftqualit\u00e4t.<\/p>\n<div>PN 215<\/div>\n<div><\/div>\n<div><b>Produktspezifikationen<\/b><\/div>\n<table border=\"0\" cellspacing=\"0\" cellpadding=\"0\">\n<tbody>\n<tr>\n<td width=\"330\">Gewicht:<\/td>\n<td width=\"415\">0.4g (0.02oz)<\/td>\n<\/tr>\n<tr>\n<td id=\"ext-gen7061\" width=\"330\">Ma\u00dfe:<\/td>\n<td width=\"415\">2.8mm (0.11in), diameter: 38.1mm (1.5in)<\/td>\n<\/tr>\n<tr>\n<td width=\"330\">Betriebstemperatur:<\/td>\n<td width=\"415\">0<sup>o<\/sup>C to 50<sup>o<\/sup>C (32<sup>o<\/sup>F to 122<sup>o<\/sup>F)<\/td>\n<\/tr>\n<tr>\n<td width=\"330\">Betriebsfeuchtigkeit:<\/td>\n<td width=\"415\">5% RH to 90%RH<\/td>\n<\/tr>\n<tr>\n<td id=\"ext-gen94709\" width=\"330\">Minimale Nachweisgrenze:<\/td>\n<td width=\"415\">4ppb\u2022hr at 30 cm\/sec face velocity<\/td>\n<\/tr>\n<tr>\n<td width=\"330\">Farbwechsel:<\/td>\n<td width=\"415\">Off white to pink or brown<\/td>\n<\/tr>\n<tr>\n<td width=\"330\">Lagertemperatur:<\/td>\n<td width=\"415\">4<sup>o<\/sup>C to 25<sup>o<\/sup>C, (39<sup>o<\/sup>F to 77<sup>o<\/sup>F)<\/td>\n<\/tr>\n<tr>\n<td width=\"330\">Haltbarkeit:<\/td>\n<td width=\"415\">12 months at 4<sup>o<\/sup>C to 25<sup>o<\/sup>C, (39<sup>o<\/sup>F to 77<sup>o<\/sup>F)<\/td>\n<\/tr>\n<tr>\n<td width=\"330\">Lebensdauer:<\/td>\n<td width=\"415\">20 days<\/td>\n<\/tr>\n<\/tbody>\n<\/table>\n<p align=\"justify\">N\u00fctzliche Links<\/p>\n<p align=\"justify\"><a href=\"https:\/\/www.osha.gov\/isocyanates\/exposure-evaluation\" target=\"_blank\" rel=\"noopener\">OSHA<\/a><\/p>\n<p align=\"justify\"><a href=\"https:\/\/www.cdc.gov\/niosh\/topics\/isocyanates\/default.html\" target=\"_blank\" rel=\"noopener\">NIOSH<\/a><\/p>\n<p><a href=\"https:\/\/www.diisocyanates.org\/\" target=\"_blank\" rel=\"noopener\">International Isocyanate Institute<\/a><\/p>\n<p align=\"justify\">Verwandte Produkte<\/p>\n<p align=\"justify\"><a href=\"https:\/\/www.chemteq.net\/de\/produkt\/aromatic-diisocyanates-tdi-mdi-chemwipe\/\" target=\"_blank\" rel=\"noopener\">ChemWipe for aromatic diisocyanates<\/a><\/p>\n<p align=\"justify\">Aromatic diisocyanates area monitor<\/p>\n<p align=\"justify\">OEM- und kundenspezifische Produkte. Die schnelle Abwicklung Ihrer Prototypen ist unsere Spezialit\u00e4t.<\/p>\n<p align=\"justify\">Zuverl\u00e4ssig und kosteng\u00fcnstig zur \u00dcberwachung der Luftqualit\u00e4t. Geeigneter Standort, auf Schornstein, Kanal, Entl\u00fcftung oder Schornstein.<\/p>\n<p align=\"justify\"><strong>Fakten \u00fcber aromatische Diisocyanate<\/strong><\/p>\n<p>Starke Reizwirkung auf die Schleimh\u00e4ute der Augen, des Magen-Darm-Trakts und der Atemwege.<\/p>\n<p>Kann Arbeitnehmer sensibilisieren, so dass sie bei erneuter Exposition schwere Asthmaanf\u00e4lle erleiden.<\/p>","protected":false},"excerpt":{"rendered":"<p>Minimum detectable limit: 4ppb\u2022hr<br \/>\nColor Change: Off white to brownish red<\/p>\n<p>Dimensions: 1.5&#8243; diameter, 2mm<\/p>\n<p>Service life: 20 days<\/p>","protected":false},"featured_media":1242,"template":"","meta":{"_acf_changed":false,"site-sidebar-layout":"default","site-content-layout":"default","ast-site-content-layout":"default","site-content-style":"default","site-sidebar-style":"default","ast-global-header-display":"","ast-banner-title-visibility":"","ast-main-header-display":"","ast-hfb-above-header-display":"","ast-hfb-below-header-display":"","ast-hfb-mobile-header-display":"","site-post-title":"","ast-breadcrumbs-content":"","ast-featured-img":"","footer-sml-layout":"","theme-transparent-header-meta":"default","adv-header-id-meta":"","stick-header-meta":"default","header-above-stick-meta":"","header-main-stick-meta":"","header-below-stick-meta":"","astra-migrate-meta-layouts":"set","ast-page-background-enabled":"default","ast-page-background-meta":{"desktop":{"background-color":"","background-image":"","background-repeat":"repeat","background-position":"center center","background-size":"auto","background-attachment":"scroll","background-type":"","background-media":"","overlay-type":"","overlay-color":"","overlay-opacity":"","overlay-gradient":""},"tablet":{"background-color":"","background-image":"","background-repeat":"repeat","background-position":"center center","background-size":"auto","background-attachment":"scroll","background-type":"","background-media":"","overlay-type":"","overlay-color":"","overlay-opacity":"","overlay-gradient":""},"mobile":{"background-color":"","background-image":"","background-repeat":"repeat","background-position":"center center","background-size":"auto","background-attachment":"scroll","background-type":"","background-media":"","overlay-type":"","overlay-color":"","overlay-opacity":"","overlay-gradient":""}},"ast-content-background-meta":{"desktop":{"background-color":"var(--ast-global-color-5)","background-image":"","background-repeat":"repeat","background-position":"center center","background-size":"auto","background-attachment":"scroll","background-type":"","background-media":"","overlay-type":"","overlay-color":"","overlay-opacity":"","overlay-gradient":""},"tablet":{"background-color":"var(--ast-global-color-5)","background-image":"","background-repeat":"repeat","background-position":"center center","background-size":"auto","background-attachment":"scroll","background-type":"","background-media":"","overlay-type":"","overlay-color":"","overlay-opacity":"","overlay-gradient":""},"mobile":{"background-color":"var(--ast-global-color-5)","background-image":"","background-repeat":"repeat","background-position":"center center","background-size":"auto","background-attachment":"scroll","background-type":"","background-media":"","overlay-type":"","overlay-color":"","overlay-opacity":"","overlay-gradient":""}}},"product_brand":[],"product_cat":[15],"product_tag":[64],"class_list":{"0":"post-757","1":"product","2":"type-product","3":"status-publish","4":"has-post-thumbnail","6":"product_cat-chemteq-area-monitors","7":"product_tag-polyurethane-chemicals-emission-control","8":"desktop-align-left","9":"tablet-align-left","10":"mobile-align-left","11":"ast-product-gallery-layout-horizontal","12":"ast-product-gallery-with-no-image","13":"ast-product-tabs-layout-horizontal","15":"first","16":"instock","17":"taxable","18":"shipping-taxable","19":"purchasable","20":"product-type-simple"},"acf":[],"yoast_head":"<!-- This site is optimized with the Yoast SEO plugin v27.4 - https:\/\/yoast.com\/product\/yoast-seo-wordpress\/ -->\n<title>Aromatic Diisocyanates Area Monitor. Suitable locations are duct and vants<\/title>\n<meta name=\"description\" content=\"aromatic diisocyanates area monitor detects toluene 2,4-diisocyanate, toluene 2,6-diisocyanate and 4,4&#039;-methylene diphenyl diisocyanate\" \/>\n<meta name=\"robots\" content=\"index, follow, max-snippet:-1, max-image-preview:large, max-video-preview:-1\" \/>\n<link rel=\"canonical\" href=\"https:\/\/www.chemteq.net\/de\/produkt\/aromatic-diisocyanates-area-monitor\/\" \/>\n<meta property=\"og:locale\" content=\"de_DE\" \/>\n<meta property=\"og:type\" content=\"article\" \/>\n<meta property=\"og:title\" content=\"Aromatic Diisocyanates Area Monitor\" \/>\n<meta property=\"og:description\" content=\"aromatic diisocyanates area monitor detects toluene 2,4-diisocyanate, toluene 2,6-diisocyanate and 4,4&#039;-methylene diphenyl diisocyanate\" \/>\n<meta property=\"og:url\" content=\"https:\/\/www.chemteq.net\/de\/produkt\/aromatic-diisocyanates-area-monitor\/\" \/>\n<meta property=\"og:site_name\" content=\"Chemteq Inc.\" \/>\n<meta property=\"article:modified_time\" content=\"2025-12-01T19:10:20+00:00\" \/>\n<meta property=\"og:image\" content=\"https:\/\/www.chemteq.net\/wp-content\/uploads\/2018\/01\/TDI-BTIS-type-B-exp-unexp-215.jpg\" \/>\n\t<meta property=\"og:image:width\" content=\"1669\" \/>\n\t<meta property=\"og:image:height\" content=\"750\" \/>\n\t<meta property=\"og:image:type\" content=\"image\/jpeg\" \/>\n<meta name=\"twitter:card\" content=\"summary_large_image\" \/>\n<meta name=\"twitter:title\" content=\"Aromatic Diisocyanates Area Monitor\" \/>\n<meta name=\"twitter:description\" content=\"aromatic diisocyanates area monitor detects toluene 2,4-diisocyanate, toluene 2,6-diisocyanate and 4,4&#039;-methylene diphenyl diisocyanate\" \/>\n<meta name=\"twitter:image\" content=\"https:\/\/www.chemteq.net\/wp-content\/uploads\/2018\/01\/TDI-BTIS-type-B-exp-unexp-215.jpg\" \/>\n<meta name=\"twitter:label1\" content=\"Gesch\u00e4tzte Lesezeit\" \/>\n\t<meta name=\"twitter:data1\" content=\"2 Minuten\" \/>\n<script type=\"application\/ld+json\" class=\"yoast-schema-graph\">{\"@context\":\"https:\\\/\\\/schema.org\",\"@graph\":[{\"@type\":\"WebPage\",\"@id\":\"https:\\\/\\\/www.chemteq.net\\\/product\\\/aromatic-diisocyanates-area-monitor\\\/\",\"url\":\"https:\\\/\\\/www.chemteq.net\\\/product\\\/aromatic-diisocyanates-area-monitor\\\/\",\"name\":\"Aromatic Diisocyanates Area Monitor. Suitable locations are duct and vants\",\"isPartOf\":{\"@id\":\"https:\\\/\\\/www.chemteq.net\\\/#website\"},\"primaryImageOfPage\":{\"@id\":\"https:\\\/\\\/www.chemteq.net\\\/product\\\/aromatic-diisocyanates-area-monitor\\\/#primaryimage\"},\"image\":{\"@id\":\"https:\\\/\\\/www.chemteq.net\\\/product\\\/aromatic-diisocyanates-area-monitor\\\/#primaryimage\"},\"thumbnailUrl\":\"https:\\\/\\\/www.chemteq.net\\\/wp-content\\\/uploads\\\/2018\\\/01\\\/215-pic.jpg\",\"datePublished\":\"2018-01-19T11:25:51+00:00\",\"dateModified\":\"2025-12-01T19:10:20+00:00\",\"description\":\"aromatic diisocyanates area monitor detects toluene 2,4-diisocyanate, toluene 2,6-diisocyanate and 4,4'-methylene diphenyl diisocyanate\",\"breadcrumb\":{\"@id\":\"https:\\\/\\\/www.chemteq.net\\\/product\\\/aromatic-diisocyanates-area-monitor\\\/#breadcrumb\"},\"inLanguage\":\"de-DE\",\"potentialAction\":[{\"@type\":\"ReadAction\",\"target\":[\"https:\\\/\\\/www.chemteq.net\\\/product\\\/aromatic-diisocyanates-area-monitor\\\/\"]}]},{\"@type\":\"ImageObject\",\"inLanguage\":\"de-DE\",\"@id\":\"https:\\\/\\\/www.chemteq.net\\\/product\\\/aromatic-diisocyanates-area-monitor\\\/#primaryimage\",\"url\":\"https:\\\/\\\/www.chemteq.net\\\/wp-content\\\/uploads\\\/2018\\\/01\\\/215-pic.jpg\",\"contentUrl\":\"https:\\\/\\\/www.chemteq.net\\\/wp-content\\\/uploads\\\/2018\\\/01\\\/215-pic.jpg\",\"width\":750,\"height\":750,\"caption\":\"aromatic diisocyanates area\"},{\"@type\":\"BreadcrumbList\",\"@id\":\"https:\\\/\\\/www.chemteq.net\\\/product\\\/aromatic-diisocyanates-area-monitor\\\/#breadcrumb\",\"itemListElement\":[{\"@type\":\"ListItem\",\"position\":1,\"name\":\"Home\",\"item\":\"https:\\\/\\\/www.chemteq.net\\\/\"},{\"@type\":\"ListItem\",\"position\":2,\"name\":\"Products\",\"item\":\"https:\\\/\\\/www.chemteq.net\\\/products\\\/\"},{\"@type\":\"ListItem\",\"position\":3,\"name\":\"Aromatic Diisocyanates Area Monitor\"}]},{\"@type\":\"WebSite\",\"@id\":\"https:\\\/\\\/www.chemteq.net\\\/#website\",\"url\":\"https:\\\/\\\/www.chemteq.net\\\/\",\"name\":\"Chemteq Inc.\",\"description\":\"High Quality And Reliable Devices To Serve Health, Safety And Industrial Hygiene\",\"publisher\":{\"@id\":\"https:\\\/\\\/www.chemteq.net\\\/#organization\"},\"potentialAction\":[{\"@type\":\"SearchAction\",\"target\":{\"@type\":\"EntryPoint\",\"urlTemplate\":\"https:\\\/\\\/www.chemteq.net\\\/?s={search_term_string}\"},\"query-input\":{\"@type\":\"PropertyValueSpecification\",\"valueRequired\":true,\"valueName\":\"search_term_string\"}}],\"inLanguage\":\"de-DE\"},{\"@type\":\"Organization\",\"@id\":\"https:\\\/\\\/www.chemteq.net\\\/#organization\",\"name\":\"Chemteq Inc.\",\"url\":\"https:\\\/\\\/www.chemteq.net\\\/\",\"logo\":{\"@type\":\"ImageObject\",\"inLanguage\":\"de-DE\",\"@id\":\"https:\\\/\\\/www.chemteq.net\\\/#\\\/schema\\\/logo\\\/image\\\/\",\"url\":\"https:\\\/\\\/www.chemteq.net\\\/wp-content\\\/uploads\\\/2021\\\/04\\\/ChemteqLogo0112239041421-scaled.jpg\",\"contentUrl\":\"https:\\\/\\\/www.chemteq.net\\\/wp-content\\\/uploads\\\/2021\\\/04\\\/ChemteqLogo0112239041421-scaled.jpg\",\"width\":2560,\"height\":574,\"caption\":\"Chemteq Inc.\"},\"image\":{\"@id\":\"https:\\\/\\\/www.chemteq.net\\\/#\\\/schema\\\/logo\\\/image\\\/\"}}]}<\/script>\n<!-- \/ Yoast SEO plugin. -->","yoast_head_json":{"title":"Aromatic Diisocyanates Area Monitor. Suitable locations are duct and vants","description":"aromatic diisocyanates area monitor detects toluene 2,4-diisocyanate, toluene 2,6-diisocyanate and 4,4'-methylene diphenyl diisocyanate","robots":{"index":"index","follow":"follow","max-snippet":"max-snippet:-1","max-image-preview":"max-image-preview:large","max-video-preview":"max-video-preview:-1"},"canonical":"https:\/\/www.chemteq.net\/de\/produkt\/aromatic-diisocyanates-area-monitor\/","og_locale":"de_DE","og_type":"article","og_title":"Aromatic Diisocyanates Area Monitor","og_description":"aromatic diisocyanates area monitor detects toluene 2,4-diisocyanate, toluene 2,6-diisocyanate and 4,4'-methylene diphenyl diisocyanate","og_url":"https:\/\/www.chemteq.net\/de\/produkt\/aromatic-diisocyanates-area-monitor\/","og_site_name":"Chemteq Inc.","article_modified_time":"2025-12-01T19:10:20+00:00","og_image":[{"width":1669,"height":750,"url":"https:\/\/www.chemteq.net\/wp-content\/uploads\/2018\/01\/TDI-BTIS-type-B-exp-unexp-215.jpg","type":"image\/jpeg"}],"twitter_card":"summary_large_image","twitter_title":"Aromatic Diisocyanates Area Monitor","twitter_description":"aromatic diisocyanates area monitor detects toluene 2,4-diisocyanate, toluene 2,6-diisocyanate and 4,4'-methylene diphenyl diisocyanate","twitter_image":"https:\/\/www.chemteq.net\/wp-content\/uploads\/2018\/01\/TDI-BTIS-type-B-exp-unexp-215.jpg","twitter_misc":{"Gesch\u00e4tzte Lesezeit":"2 Minuten"},"schema":{"@context":"https:\/\/schema.org","@graph":[{"@type":"WebPage","@id":"https:\/\/www.chemteq.net\/product\/aromatic-diisocyanates-area-monitor\/","url":"https:\/\/www.chemteq.net\/product\/aromatic-diisocyanates-area-monitor\/","name":"Aromatic Diisocyanates Area Monitor. Suitable locations are duct and vants","isPartOf":{"@id":"https:\/\/www.chemteq.net\/#website"},"primaryImageOfPage":{"@id":"https:\/\/www.chemteq.net\/product\/aromatic-diisocyanates-area-monitor\/#primaryimage"},"image":{"@id":"https:\/\/www.chemteq.net\/product\/aromatic-diisocyanates-area-monitor\/#primaryimage"},"thumbnailUrl":"https:\/\/www.chemteq.net\/wp-content\/uploads\/2018\/01\/215-pic.jpg","datePublished":"2018-01-19T11:25:51+00:00","dateModified":"2025-12-01T19:10:20+00:00","description":"aromatic diisocyanates area monitor detects toluene 2,4-diisocyanate, toluene 2,6-diisocyanate and 4,4'-methylene diphenyl diisocyanate","breadcrumb":{"@id":"https:\/\/www.chemteq.net\/product\/aromatic-diisocyanates-area-monitor\/#breadcrumb"},"inLanguage":"de-DE","potentialAction":[{"@type":"ReadAction","target":["https:\/\/www.chemteq.net\/product\/aromatic-diisocyanates-area-monitor\/"]}]},{"@type":"ImageObject","inLanguage":"de-DE","@id":"https:\/\/www.chemteq.net\/product\/aromatic-diisocyanates-area-monitor\/#primaryimage","url":"https:\/\/www.chemteq.net\/wp-content\/uploads\/2018\/01\/215-pic.jpg","contentUrl":"https:\/\/www.chemteq.net\/wp-content\/uploads\/2018\/01\/215-pic.jpg","width":750,"height":750,"caption":"aromatic diisocyanates area"},{"@type":"BreadcrumbList","@id":"https:\/\/www.chemteq.net\/product\/aromatic-diisocyanates-area-monitor\/#breadcrumb","itemListElement":[{"@type":"ListItem","position":1,"name":"Home","item":"https:\/\/www.chemteq.net\/"},{"@type":"ListItem","position":2,"name":"Products","item":"https:\/\/www.chemteq.net\/products\/"},{"@type":"ListItem","position":3,"name":"Aromatic Diisocyanates Area Monitor"}]},{"@type":"WebSite","@id":"https:\/\/www.chemteq.net\/#website","url":"https:\/\/www.chemteq.net\/","name":"Chemteq Inc.","description":"High Quality And Reliable Devices To Serve Health, Safety And Industrial Hygiene","publisher":{"@id":"https:\/\/www.chemteq.net\/#organization"},"potentialAction":[{"@type":"SearchAction","target":{"@type":"EntryPoint","urlTemplate":"https:\/\/www.chemteq.net\/?s={search_term_string}"},"query-input":{"@type":"PropertyValueSpecification","valueRequired":true,"valueName":"search_term_string"}}],"inLanguage":"de-DE"},{"@type":"Organization","@id":"https:\/\/www.chemteq.net\/#organization","name":"Chemteq Inc.","url":"https:\/\/www.chemteq.net\/","logo":{"@type":"ImageObject","inLanguage":"de-DE","@id":"https:\/\/www.chemteq.net\/#\/schema\/logo\/image\/","url":"https:\/\/www.chemteq.net\/wp-content\/uploads\/2021\/04\/ChemteqLogo0112239041421-scaled.jpg","contentUrl":"https:\/\/www.chemteq.net\/wp-content\/uploads\/2021\/04\/ChemteqLogo0112239041421-scaled.jpg","width":2560,"height":574,"caption":"Chemteq Inc."},"image":{"@id":"https:\/\/www.chemteq.net\/#\/schema\/logo\/image\/"}}]}},"_links":{"self":[{"href":"https:\/\/www.chemteq.net\/de\/wp-json\/wp\/v2\/product\/757","targetHints":{"allow":["GET"]}}],"collection":[{"href":"https:\/\/www.chemteq.net\/de\/wp-json\/wp\/v2\/product"}],"about":[{"href":"https:\/\/www.chemteq.net\/de\/wp-json\/wp\/v2\/types\/product"}],"wp:featuredmedia":[{"embeddable":true,"href":"https:\/\/www.chemteq.net\/de\/wp-json\/wp\/v2\/media\/1242"}],"wp:attachment":[{"href":"https:\/\/www.chemteq.net\/de\/wp-json\/wp\/v2\/media?parent=757"}],"wp:term":[{"taxonomy":"product_brand","embeddable":true,"href":"https:\/\/www.chemteq.net\/de\/wp-json\/wp\/v2\/product_brand?post=757"},{"taxonomy":"product_cat","embeddable":true,"href":"https:\/\/www.chemteq.net\/de\/wp-json\/wp\/v2\/product_cat?post=757"},{"taxonomy":"product_tag","embeddable":true,"href":"https:\/\/www.chemteq.net\/de\/wp-json\/wp\/v2\/product_tag?post=757"}],"curies":[{"name":"wp","href":"https:\/\/api.w.org\/{rel}","templated":true}]}}