{"id":4453,"date":"2024-08-05T17:40:24","date_gmt":"2024-08-05T17:40:24","guid":{"rendered":"https:\/\/www.chemteq.net\/?post_type=product&#038;p=4453"},"modified":"2024-08-07T17:26:50","modified_gmt":"2024-08-07T17:26:50","slug":"hydrogen-peroxide-breakthrough-indicator-sticker-btis","status":"publish","type":"product","link":"https:\/\/www.chemteq.net\/de\/produkt\/hydrogen-peroxide-breakthrough-indicator-sticker-btis\/","title":{"rendered":"Hydrogen Peroxide Breakthrough-Indicator Sticker- BTIS"},"content":{"rendered":"<p>Hydrogen Peroxide Breakthrough-Indicator Sticker \u2013 BTIS. Filter change indicator for ductless hood and fume extractors filters. Unique design of the indicator prevents any color change due to exposure to contaminants in the surrounding environment and changes color only when filter is saturated. Protects from espouser to toxic chemical and allow you to get the most use of your filter.<\/p>\n<p>Wie wird das BTIS verwendet? A. Entfernen Sie die selbstklebende Schutzfolie von der Unterseite des Aufklebers. B. Bringen Sie den Aufkleber mit der Lesefl\u00e4che (gl\u00e4nzende Oberfl\u00e4che) nach oben in der Mitte des sauberen Bereichs des Filterauslasses an.<\/p>\n<p>PN: 1400<\/p>\n<p style=\"font-weight: 400;\"><strong>Produktspezifikationen<\/strong><\/p>\n<table style=\"font-weight: 400;\" width=\"653\">\n<tbody>\n<tr>\n<td width=\"29\">a<\/td>\n<td width=\"240\">Gewicht:<\/td>\n<td width=\"383\">0.4g (0.02oz)<\/td>\n<\/tr>\n<tr>\n<td width=\"29\">b<\/td>\n<td width=\"240\">Ma\u00dfe:<\/td>\n<td width=\"383\">2.0mm (0.11in), diameter: 31.1mm (1.25in)<\/td>\n<\/tr>\n<tr>\n<td width=\"29\">c<\/td>\n<td width=\"240\">Betriebstemperatur:<\/td>\n<td width=\"383\">-20<sup>o<\/sup>C to 30<sup>o<\/sup>C (-4<sup>o<\/sup>F to 86<sup>o<\/sup>F)<\/td>\n<\/tr>\n<tr>\n<td width=\"29\">d<\/td>\n<td width=\"240\">Betriebsfeuchtigkeit:<\/td>\n<td width=\"383\">5% RH to 90%RH<\/td>\n<\/tr>\n<tr>\n<td width=\"29\">e<\/td>\n<td width=\"240\">Minimale Nachweisgrenze:<\/td>\n<td width=\"383\">1ppm\u2022hr. at 30 cm\/sec face velocity<\/td>\n<\/tr>\n<tr>\n<td width=\"29\">f<\/td>\n<td width=\"240\">Farbwechsel:<\/td>\n<td width=\"383\">Off white to gray to black<\/td>\n<\/tr>\n<tr>\n<td width=\"29\">g<\/td>\n<td width=\"240\">Lagertemperatur:<\/td>\n<td width=\"383\">4<sup>o<\/sup>C to 25<sup>o<\/sup>C, (39<sup>o<\/sup>F to 77<sup>o<\/sup>F)<\/td>\n<\/tr>\n<tr>\n<td width=\"29\">i<\/td>\n<td width=\"240\">Haltbarkeit:<\/td>\n<td width=\"383\">1 year at 4<sup>o<\/sup>C to 25<sup>o<\/sup>C, (39<sup>o<\/sup>F to 77<sup>o<\/sup>F)<\/td>\n<\/tr>\n<tr>\n<td width=\"29\">j<\/td>\n<td width=\"240\">Lebensdauer:<\/td>\n<td width=\"383\">1 year<\/td>\n<\/tr>\n<\/tbody>\n<\/table>\n<p style=\"font-weight: 400;\">N\u00fctzliche Links<br \/>\n<a href=\"https:\/\/www.cdc.gov\/niosh\/npg\/default.html\" data-saferedirecturl=\"https:\/\/www.google.com\/url?q=https:\/\/www.cdc.gov\/niosh\/npg\/default.html&amp;source=gmail&amp;ust=1722961458503000&amp;usg=AOvVaw29VXX64uH1UKAG2Y_6UfRv\">NIOSH<\/a>\u00a0\u00a0 `<\/p>","protected":false},"excerpt":{"rendered":"<p>Product Features<br \/>\nMinimum detectable limit: 1ppm\u2022hr at 30 cm\/sec face velocity<br \/>\nColor Change: Off white to gray to black.<br \/>\nDimensions: 2.8mm (0.11in),\u03c6: 31.8mm (1.25in)<br \/>\nService life: 1 year<\/p>","protected":false},"featured_media":4456,"template":"","meta":{"_acf_changed":false,"site-sidebar-layout":"default","site-content-layout":"","ast-site-content-layout":"default","site-content-style":"default","site-sidebar-style":"default","ast-global-header-display":"","ast-banner-title-visibility":"","ast-main-header-display":"","ast-hfb-above-header-display":"","ast-hfb-below-header-display":"","ast-hfb-mobile-header-display":"","site-post-title":"","ast-breadcrumbs-content":"","ast-featured-img":"","footer-sml-layout":"","theme-transparent-header-meta":"default","adv-header-id-meta":"","stick-header-meta":"default","header-above-stick-meta":"","header-main-stick-meta":"","header-below-stick-meta":"","astra-migrate-meta-layouts":"set","ast-page-background-enabled":"default","ast-page-background-meta":{"desktop":{"background-color":"","background-image":"","background-repeat":"repeat","background-position":"center center","background-size":"auto","background-attachment":"scroll","background-type":"","background-media":"","overlay-type":"","overlay-color":"","overlay-opacity":"","overlay-gradient":""},"tablet":{"background-color":"","background-image":"","background-repeat":"repeat","background-position":"center center","background-size":"auto","background-attachment":"scroll","background-type":"","background-media":"","overlay-type":"","overlay-color":"","overlay-opacity":"","overlay-gradient":""},"mobile":{"background-color":"","background-image":"","background-repeat":"repeat","background-position":"center center","background-size":"auto","background-attachment":"scroll","background-type":"","background-media":"","overlay-type":"","overlay-color":"","overlay-opacity":"","overlay-gradient":""}},"ast-content-background-meta":{"desktop":{"background-color":"var(--ast-global-color-5)","background-image":"","background-repeat":"repeat","background-position":"center center","background-size":"auto","background-attachment":"scroll","background-type":"","background-media":"","overlay-type":"","overlay-color":"","overlay-opacity":"","overlay-gradient":""},"tablet":{"background-color":"var(--ast-global-color-5)","background-image":"","background-repeat":"repeat","background-position":"center center","background-size":"auto","background-attachment":"scroll","background-type":"","background-media":"","overlay-type":"","overlay-color":"","overlay-opacity":"","overlay-gradient":""},"mobile":{"background-color":"var(--ast-global-color-5)","background-image":"","background-repeat":"repeat","background-position":"center center","background-size":"auto","background-attachment":"scroll","background-type":"","background-media":"","overlay-type":"","overlay-color":"","overlay-opacity":"","overlay-gradient":""}}},"product_brand":[],"product_cat":[51],"product_tag":[],"class_list":{"0":"post-4453","1":"product","2":"type-product","3":"status-publish","4":"has-post-thumbnail","6":"product_cat-btis-breakthrough-indicator-stickers","7":"desktop-align-left","8":"tablet-align-left","9":"mobile-align-left","10":"ast-product-gallery-layout-horizontal","11":"ast-product-tabs-layout-horizontal","13":"first","14":"instock","15":"taxable","16":"shipping-taxable","17":"purchasable","18":"product-type-simple"},"acf":[],"yoast_head":"<!-- This site is optimized with the Yoast SEO plugin v27.4 - https:\/\/yoast.com\/product\/yoast-seo-wordpress\/ -->\n<title>Hydrogen Peroxide Breakthrough-Indicator Sticker- BTIS - Chemteq Inc.<\/title>\n<meta name=\"robots\" content=\"index, follow, max-snippet:-1, max-image-preview:large, max-video-preview:-1\" \/>\n<link rel=\"canonical\" href=\"https:\/\/www.chemteq.net\/de\/produkt\/hydrogen-peroxide-breakthrough-indicator-sticker-btis\/\" \/>\n<meta property=\"og:locale\" content=\"de_DE\" \/>\n<meta property=\"og:type\" content=\"article\" \/>\n<meta property=\"og:title\" content=\"Hydrogen Peroxide Breakthrough-Indicator Sticker- BTIS - Chemteq Inc.\" \/>\n<meta property=\"og:description\" content=\"Product Features Minimum detectable limit: 1ppm\u2022hr at 30 cm\/sec face velocity Color Change: Off white to gray to black. Dimensions: 2.8mm (0.11in),\u03c6: 31.8mm (1.25in) Service life: 1 year\" \/>\n<meta property=\"og:url\" content=\"https:\/\/www.chemteq.net\/de\/produkt\/hydrogen-peroxide-breakthrough-indicator-sticker-btis\/\" \/>\n<meta property=\"og:site_name\" content=\"Chemteq Inc.\" \/>\n<meta property=\"article:modified_time\" content=\"2024-08-07T17:26:50+00:00\" \/>\n<meta property=\"og:image\" content=\"https:\/\/www.chemteq.net\/wp-content\/uploads\/2024\/08\/Hydrogen-Peroxide-BTIS.jpg\" \/>\n\t<meta property=\"og:image:width\" content=\"2379\" \/>\n\t<meta property=\"og:image:height\" content=\"2447\" \/>\n\t<meta property=\"og:image:type\" content=\"image\/jpeg\" \/>\n<meta name=\"twitter:card\" content=\"summary_large_image\" \/>\n<meta name=\"twitter:label1\" content=\"Gesch\u00e4tzte Lesezeit\" \/>\n\t<meta name=\"twitter:data1\" content=\"2 Minuten\" \/>\n<script type=\"application\/ld+json\" class=\"yoast-schema-graph\">{\"@context\":\"https:\\\/\\\/schema.org\",\"@graph\":[{\"@type\":\"WebPage\",\"@id\":\"https:\\\/\\\/www.chemteq.net\\\/product\\\/hydrogen-peroxide-breakthrough-indicator-sticker-btis\\\/\",\"url\":\"https:\\\/\\\/www.chemteq.net\\\/product\\\/hydrogen-peroxide-breakthrough-indicator-sticker-btis\\\/\",\"name\":\"Hydrogen Peroxide Breakthrough-Indicator Sticker- BTIS - Chemteq Inc.\",\"isPartOf\":{\"@id\":\"https:\\\/\\\/www.chemteq.net\\\/#website\"},\"primaryImageOfPage\":{\"@id\":\"https:\\\/\\\/www.chemteq.net\\\/product\\\/hydrogen-peroxide-breakthrough-indicator-sticker-btis\\\/#primaryimage\"},\"image\":{\"@id\":\"https:\\\/\\\/www.chemteq.net\\\/product\\\/hydrogen-peroxide-breakthrough-indicator-sticker-btis\\\/#primaryimage\"},\"thumbnailUrl\":\"https:\\\/\\\/www.chemteq.net\\\/wp-content\\\/uploads\\\/2024\\\/08\\\/Hydrogen-Peroxide-BTIS.jpg\",\"datePublished\":\"2024-08-05T17:40:24+00:00\",\"dateModified\":\"2024-08-07T17:26:50+00:00\",\"breadcrumb\":{\"@id\":\"https:\\\/\\\/www.chemteq.net\\\/product\\\/hydrogen-peroxide-breakthrough-indicator-sticker-btis\\\/#breadcrumb\"},\"inLanguage\":\"de-DE\",\"potentialAction\":[{\"@type\":\"ReadAction\",\"target\":[\"https:\\\/\\\/www.chemteq.net\\\/product\\\/hydrogen-peroxide-breakthrough-indicator-sticker-btis\\\/\"]}]},{\"@type\":\"ImageObject\",\"inLanguage\":\"de-DE\",\"@id\":\"https:\\\/\\\/www.chemteq.net\\\/product\\\/hydrogen-peroxide-breakthrough-indicator-sticker-btis\\\/#primaryimage\",\"url\":\"https:\\\/\\\/www.chemteq.net\\\/wp-content\\\/uploads\\\/2024\\\/08\\\/Hydrogen-Peroxide-BTIS.jpg\",\"contentUrl\":\"https:\\\/\\\/www.chemteq.net\\\/wp-content\\\/uploads\\\/2024\\\/08\\\/Hydrogen-Peroxide-BTIS.jpg\",\"width\":2379,\"height\":2447},{\"@type\":\"BreadcrumbList\",\"@id\":\"https:\\\/\\\/www.chemteq.net\\\/product\\\/hydrogen-peroxide-breakthrough-indicator-sticker-btis\\\/#breadcrumb\",\"itemListElement\":[{\"@type\":\"ListItem\",\"position\":1,\"name\":\"Home\",\"item\":\"https:\\\/\\\/www.chemteq.net\\\/\"},{\"@type\":\"ListItem\",\"position\":2,\"name\":\"Products\",\"item\":\"https:\\\/\\\/www.chemteq.net\\\/products\\\/\"},{\"@type\":\"ListItem\",\"position\":3,\"name\":\"Hydrogen Peroxide Breakthrough-Indicator Sticker- BTIS\"}]},{\"@type\":\"WebSite\",\"@id\":\"https:\\\/\\\/www.chemteq.net\\\/#website\",\"url\":\"https:\\\/\\\/www.chemteq.net\\\/\",\"name\":\"Chemteq Inc.\",\"description\":\"High Quality And Reliable Devices To Serve Health, Safety And Industrial Hygiene\",\"publisher\":{\"@id\":\"https:\\\/\\\/www.chemteq.net\\\/#organization\"},\"potentialAction\":[{\"@type\":\"SearchAction\",\"target\":{\"@type\":\"EntryPoint\",\"urlTemplate\":\"https:\\\/\\\/www.chemteq.net\\\/?s={search_term_string}\"},\"query-input\":{\"@type\":\"PropertyValueSpecification\",\"valueRequired\":true,\"valueName\":\"search_term_string\"}}],\"inLanguage\":\"de-DE\"},{\"@type\":\"Organization\",\"@id\":\"https:\\\/\\\/www.chemteq.net\\\/#organization\",\"name\":\"Chemteq Inc.\",\"url\":\"https:\\\/\\\/www.chemteq.net\\\/\",\"logo\":{\"@type\":\"ImageObject\",\"inLanguage\":\"de-DE\",\"@id\":\"https:\\\/\\\/www.chemteq.net\\\/#\\\/schema\\\/logo\\\/image\\\/\",\"url\":\"https:\\\/\\\/www.chemteq.net\\\/wp-content\\\/uploads\\\/2021\\\/04\\\/ChemteqLogo0112239041421-scaled.jpg\",\"contentUrl\":\"https:\\\/\\\/www.chemteq.net\\\/wp-content\\\/uploads\\\/2021\\\/04\\\/ChemteqLogo0112239041421-scaled.jpg\",\"width\":2560,\"height\":574,\"caption\":\"Chemteq Inc.\"},\"image\":{\"@id\":\"https:\\\/\\\/www.chemteq.net\\\/#\\\/schema\\\/logo\\\/image\\\/\"}}]}<\/script>\n<!-- \/ Yoast SEO plugin. -->","yoast_head_json":{"title":"Hydrogen Peroxide Breakthrough-Indicator Sticker- BTIS - Chemteq Inc.","robots":{"index":"index","follow":"follow","max-snippet":"max-snippet:-1","max-image-preview":"max-image-preview:large","max-video-preview":"max-video-preview:-1"},"canonical":"https:\/\/www.chemteq.net\/de\/produkt\/hydrogen-peroxide-breakthrough-indicator-sticker-btis\/","og_locale":"de_DE","og_type":"article","og_title":"Hydrogen Peroxide Breakthrough-Indicator Sticker- BTIS - Chemteq Inc.","og_description":"Product Features Minimum detectable limit: 1ppm\u2022hr at 30 cm\/sec face velocity Color Change: Off white to gray to black. Dimensions: 2.8mm (0.11in),\u03c6: 31.8mm (1.25in) Service life: 1 year","og_url":"https:\/\/www.chemteq.net\/de\/produkt\/hydrogen-peroxide-breakthrough-indicator-sticker-btis\/","og_site_name":"Chemteq Inc.","article_modified_time":"2024-08-07T17:26:50+00:00","og_image":[{"width":2379,"height":2447,"url":"https:\/\/www.chemteq.net\/wp-content\/uploads\/2024\/08\/Hydrogen-Peroxide-BTIS.jpg","type":"image\/jpeg"}],"twitter_card":"summary_large_image","twitter_misc":{"Gesch\u00e4tzte Lesezeit":"2 Minuten"},"schema":{"@context":"https:\/\/schema.org","@graph":[{"@type":"WebPage","@id":"https:\/\/www.chemteq.net\/product\/hydrogen-peroxide-breakthrough-indicator-sticker-btis\/","url":"https:\/\/www.chemteq.net\/product\/hydrogen-peroxide-breakthrough-indicator-sticker-btis\/","name":"Hydrogen Peroxide Breakthrough-Indicator Sticker- BTIS - Chemteq Inc.","isPartOf":{"@id":"https:\/\/www.chemteq.net\/#website"},"primaryImageOfPage":{"@id":"https:\/\/www.chemteq.net\/product\/hydrogen-peroxide-breakthrough-indicator-sticker-btis\/#primaryimage"},"image":{"@id":"https:\/\/www.chemteq.net\/product\/hydrogen-peroxide-breakthrough-indicator-sticker-btis\/#primaryimage"},"thumbnailUrl":"https:\/\/www.chemteq.net\/wp-content\/uploads\/2024\/08\/Hydrogen-Peroxide-BTIS.jpg","datePublished":"2024-08-05T17:40:24+00:00","dateModified":"2024-08-07T17:26:50+00:00","breadcrumb":{"@id":"https:\/\/www.chemteq.net\/product\/hydrogen-peroxide-breakthrough-indicator-sticker-btis\/#breadcrumb"},"inLanguage":"de-DE","potentialAction":[{"@type":"ReadAction","target":["https:\/\/www.chemteq.net\/product\/hydrogen-peroxide-breakthrough-indicator-sticker-btis\/"]}]},{"@type":"ImageObject","inLanguage":"de-DE","@id":"https:\/\/www.chemteq.net\/product\/hydrogen-peroxide-breakthrough-indicator-sticker-btis\/#primaryimage","url":"https:\/\/www.chemteq.net\/wp-content\/uploads\/2024\/08\/Hydrogen-Peroxide-BTIS.jpg","contentUrl":"https:\/\/www.chemteq.net\/wp-content\/uploads\/2024\/08\/Hydrogen-Peroxide-BTIS.jpg","width":2379,"height":2447},{"@type":"BreadcrumbList","@id":"https:\/\/www.chemteq.net\/product\/hydrogen-peroxide-breakthrough-indicator-sticker-btis\/#breadcrumb","itemListElement":[{"@type":"ListItem","position":1,"name":"Home","item":"https:\/\/www.chemteq.net\/"},{"@type":"ListItem","position":2,"name":"Products","item":"https:\/\/www.chemteq.net\/products\/"},{"@type":"ListItem","position":3,"name":"Hydrogen Peroxide Breakthrough-Indicator Sticker- BTIS"}]},{"@type":"WebSite","@id":"https:\/\/www.chemteq.net\/#website","url":"https:\/\/www.chemteq.net\/","name":"Chemteq Inc.","description":"High Quality And Reliable Devices To Serve Health, Safety And Industrial Hygiene","publisher":{"@id":"https:\/\/www.chemteq.net\/#organization"},"potentialAction":[{"@type":"SearchAction","target":{"@type":"EntryPoint","urlTemplate":"https:\/\/www.chemteq.net\/?s={search_term_string}"},"query-input":{"@type":"PropertyValueSpecification","valueRequired":true,"valueName":"search_term_string"}}],"inLanguage":"de-DE"},{"@type":"Organization","@id":"https:\/\/www.chemteq.net\/#organization","name":"Chemteq Inc.","url":"https:\/\/www.chemteq.net\/","logo":{"@type":"ImageObject","inLanguage":"de-DE","@id":"https:\/\/www.chemteq.net\/#\/schema\/logo\/image\/","url":"https:\/\/www.chemteq.net\/wp-content\/uploads\/2021\/04\/ChemteqLogo0112239041421-scaled.jpg","contentUrl":"https:\/\/www.chemteq.net\/wp-content\/uploads\/2021\/04\/ChemteqLogo0112239041421-scaled.jpg","width":2560,"height":574,"caption":"Chemteq Inc."},"image":{"@id":"https:\/\/www.chemteq.net\/#\/schema\/logo\/image\/"}}]}},"_links":{"self":[{"href":"https:\/\/www.chemteq.net\/de\/wp-json\/wp\/v2\/product\/4453","targetHints":{"allow":["GET"]}}],"collection":[{"href":"https:\/\/www.chemteq.net\/de\/wp-json\/wp\/v2\/product"}],"about":[{"href":"https:\/\/www.chemteq.net\/de\/wp-json\/wp\/v2\/types\/product"}],"wp:featuredmedia":[{"embeddable":true,"href":"https:\/\/www.chemteq.net\/de\/wp-json\/wp\/v2\/media\/4456"}],"wp:attachment":[{"href":"https:\/\/www.chemteq.net\/de\/wp-json\/wp\/v2\/media?parent=4453"}],"wp:term":[{"taxonomy":"product_brand","embeddable":true,"href":"https:\/\/www.chemteq.net\/de\/wp-json\/wp\/v2\/product_brand?post=4453"},{"taxonomy":"product_cat","embeddable":true,"href":"https:\/\/www.chemteq.net\/de\/wp-json\/wp\/v2\/product_cat?post=4453"},{"taxonomy":"product_tag","embeddable":true,"href":"https:\/\/www.chemteq.net\/de\/wp-json\/wp\/v2\/product_tag?post=4453"}],"curies":[{"name":"wp","href":"https:\/\/api.w.org\/{rel}","templated":true}]}}