{"id":4393,"date":"2024-05-30T05:07:11","date_gmt":"2024-05-30T05:07:11","guid":{"rendered":"https:\/\/www.chemteq.net\/?post_type=product&#038;p=4393"},"modified":"2025-10-27T17:38:29","modified_gmt":"2025-10-27T17:38:29","slug":"aromatic-diisocyanates-tdi-mdi-chemwipe-for-surface-contamination-testing","status":"publish","type":"product","link":"https:\/\/www.chemteq.net\/de\/produkt\/aromatic-diisocyanates-tdi-mdi-chemwipe-for-surface-contamination-testing\/","title":{"rendered":"Aromatic Diisocyanates (TDI\/MDI) ChemWipe for Surface Contamination Testing"},"content":{"rendered":"<p>Der ChemWipe-Test f\u00fcr aromatische Diisocyanate (PN: 304) ist ein kolorimetrisches Oberfl\u00e4chenwischtuch, das f\u00fcr den Echtzeit-Nachweis von Spuren von Aromaten auf Oberfl\u00e4chen entwickelt wurde. Der ChemWipe ist selektiv und empfindlich. Das einzigartige Design des ChemWipe sorgt f\u00fcr eine gleichm\u00e4\u00dfige Farbver\u00e4nderung, die es dem Benutzer erm\u00f6glicht, die chemische Kontamination mithilfe des Farbkomparators zu quantifizieren.<\/p>\n<div>\n<p><b><span id=\"ext-gen102524\">Produktspezifikationen<\/span><\/b><\/p>\n<\/div>\n<table border=\"0\" cellspacing=\"0\" cellpadding=\"0\">\n<tbody>\n<tr>\n<td width=\"31\">\n<p align=\"center\">a<\/p>\n<\/td>\n<td width=\"303\">Gewicht:<\/td>\n<td width=\"354\">0.5g (0.02oz)<\/td>\n<\/tr>\n<tr>\n<td width=\"31\">\n<p align=\"center\">b<\/p>\n<\/td>\n<td width=\"303\">\n<p id=\"ext-gen40038\">Ma\u00dfe:<\/p>\n<\/td>\n<td width=\"354\">8.5mm (0.33in), \u03a6: 32mm (1\u00bc\u201d in)<\/td>\n<\/tr>\n<tr>\n<td width=\"31\">\n<p align=\"center\">c<\/p>\n<\/td>\n<td id=\"ext-gen102518\" width=\"303\">Betriebstemperatur:<\/td>\n<td width=\"354\">4<sup>o<\/sup>C to 60<sup>o<\/sup>C (39<sup>o<\/sup>F to 140<sup>o<\/sup>F)<\/td>\n<\/tr>\n<tr>\n<td width=\"31\">\n<p align=\"center\">d<\/p>\n<\/td>\n<td width=\"303\">Betriebsfeuchtigkeit:<\/td>\n<td width=\"354\">5% RH to 95%RH<\/td>\n<\/tr>\n<tr>\n<td width=\"31\">\n<p align=\"center\">e<\/p>\n<\/td>\n<td width=\"303\">Minimale Nachweisgrenze:<\/td>\n<td id=\"ext-gen42803\" width=\"354\">4ug in 5 minutes, ~ 30\u03b7g in 30 minutes<\/td>\n<\/tr>\n<tr>\n<td width=\"31\">\n<p align=\"center\">f<\/p>\n<\/td>\n<td width=\"303\">Erfassungsbereich mit Farbkomparator:<\/td>\n<td width=\"354\">\n<p id=\"ext-gen39983\">4 to 500\u03bcg<\/p>\n<\/td>\n<\/tr>\n<tr>\n<td width=\"31\">\n<p align=\"center\">g<\/p>\n<\/td>\n<td width=\"303\">Farbwechsel:<\/td>\n<td width=\"354\">Off white to red<\/td>\n<\/tr>\n<tr>\n<td width=\"31\">\n<p align=\"center\">h<\/p>\n<\/td>\n<td width=\"303\">Lagertemperatur:<\/td>\n<td width=\"354\">4<sup>o<\/sup>C to 25<sup>o<\/sup>C, (39<sup>o<\/sup>F to 77<sup>o<\/sup>F)<\/td>\n<\/tr>\n<tr>\n<td width=\"31\">\n<p align=\"center\">i<\/p>\n<\/td>\n<td width=\"303\">Haltbarkeit:<\/td>\n<td width=\"354\">12 months at 4<sup>o<\/sup>C to 25<sup>o<\/sup>C, (39<sup>o<\/sup>F to 77<sup>o<\/sup>F)<\/td>\n<\/tr>\n<tr>\n<td width=\"31\">\n<p align=\"center\">j<\/p>\n<\/td>\n<td width=\"303\">Maximale Versandtemperatur:<\/td>\n<td width=\"354\">45<sup>o<\/sup>C (113<sup>o<\/sup>F)<\/td>\n<\/tr>\n<tr>\n<td width=\"31\">\n<p align=\"center\">k<\/p>\n<\/td>\n<td width=\"303\">Maximale Versanddauer bei maximaler Temp:<\/td>\n<td width=\"354\">4 days<\/td>\n<\/tr>\n<\/tbody>\n<\/table>\n<p align=\"justify\">N\u00fctzliche Links<\/p>\n<p align=\"justify\"><a href=\"https:\/\/www.osha.gov\/isocyanates\/exposure-evaluation\" target=\"_blank\" rel=\"noopener\">OSHA<\/a><\/p>\n<p align=\"justify\"><a href=\"https:\/\/www.cdc.gov\/niosh\/topics\/isocyanates\/default.html\" target=\"_blank\" rel=\"noopener\">NIOSH<\/a><\/p>\n<p><a href=\"https:\/\/www.diisocyanates.org\/\" target=\"_blank\" rel=\"noopener\">International Isocyanate Institute<\/a><\/p>\n<p align=\"justify\">Verwandte Produkte<\/p>\n<p align=\"justify\"><a href=\"https:\/\/www.chemteq.net\/de\/produkt\/aromatic-diisocyanates-area-monitor\/\" target=\"_blank\" rel=\"noopener\">Aromatic diisocyanates Area Monitor<\/a><\/p>\n<p>Unsere Produkte sind in Echtzeit und einfach zu bedienen<\/p>\n<p>Unsere kundenspezifischen und OEM-Indikatoren sind zuverl\u00e4ssig und sorgen f\u00fcr volle Kundenzufriedenheit. Unsere Spezialit\u00e4t ist die schnelle Umsetzung Ihrer Prototypen.<\/p>\n<p>Aromatische Diisocyanate ChemWipe Oberfl\u00e4chenkontaminationspr\u00fcfung<\/p>","protected":false},"excerpt":{"rendered":"<p>Wipe: Diameter = 38.1mm (1.25\u201d), Height = 8.6mm (0.34\u201d)<\/p>","protected":false},"featured_media":3442,"template":"","meta":{"_acf_changed":false,"site-sidebar-layout":"default","site-content-layout":"default","ast-site-content-layout":"default","site-content-style":"default","site-sidebar-style":"default","ast-global-header-display":"","ast-banner-title-visibility":"","ast-main-header-display":"","ast-hfb-above-header-display":"","ast-hfb-below-header-display":"","ast-hfb-mobile-header-display":"","site-post-title":"","ast-breadcrumbs-content":"","ast-featured-img":"","footer-sml-layout":"","theme-transparent-header-meta":"default","adv-header-id-meta":"","stick-header-meta":"default","header-above-stick-meta":"","header-main-stick-meta":"","header-below-stick-meta":"","astra-migrate-meta-layouts":"set","ast-page-background-enabled":"default","ast-page-background-meta":{"desktop":{"background-color":"","background-image":"","background-repeat":"repeat","background-position":"center center","background-size":"auto","background-attachment":"scroll","background-type":"","background-media":"","overlay-type":"","overlay-color":"","overlay-opacity":"","overlay-gradient":""},"tablet":{"background-color":"","background-image":"","background-repeat":"repeat","background-position":"center center","background-size":"auto","background-attachment":"scroll","background-type":"","background-media":"","overlay-type":"","overlay-color":"","overlay-opacity":"","overlay-gradient":""},"mobile":{"background-color":"","background-image":"","background-repeat":"repeat","background-position":"center center","background-size":"auto","background-attachment":"scroll","background-type":"","background-media":"","overlay-type":"","overlay-color":"","overlay-opacity":"","overlay-gradient":""}},"ast-content-background-meta":{"desktop":{"background-color":"var(--ast-global-color-5)","background-image":"","background-repeat":"repeat","background-position":"center center","background-size":"auto","background-attachment":"scroll","background-type":"","background-media":"","overlay-type":"","overlay-color":"","overlay-opacity":"","overlay-gradient":""},"tablet":{"background-color":"var(--ast-global-color-5)","background-image":"","background-repeat":"repeat","background-position":"center center","background-size":"auto","background-attachment":"scroll","background-type":"","background-media":"","overlay-type":"","overlay-color":"","overlay-opacity":"","overlay-gradient":""},"mobile":{"background-color":"var(--ast-global-color-5)","background-image":"","background-repeat":"repeat","background-position":"center center","background-size":"auto","background-attachment":"scroll","background-type":"","background-media":"","overlay-type":"","overlay-color":"","overlay-opacity":"","overlay-gradient":""}}},"product_brand":[],"product_cat":[53],"product_tag":[78,64],"class_list":{"0":"post-4393","1":"product","2":"type-product","3":"status-publish","4":"has-post-thumbnail","6":"product_cat-surface-contamination-testing-chemwipes","7":"product_tag-chemical-industries-emission-control-products","8":"product_tag-polyurethane-chemicals-emission-control","9":"desktop-align-left","10":"tablet-align-left","11":"mobile-align-left","12":"ast-product-gallery-layout-horizontal","13":"ast-product-gallery-with-no-image","14":"ast-product-tabs-layout-horizontal","16":"first","17":"instock","18":"taxable","19":"shipping-taxable","20":"purchasable","21":"product-type-simple"},"acf":[],"yoast_head":"<!-- This site is optimized with the Yoast SEO plugin v27.4 - https:\/\/yoast.com\/product\/yoast-seo-wordpress\/ -->\n<title>Surface Contamination Testing for Aromatic Diisocyanates. ChemWipes<\/title>\n<meta name=\"description\" content=\"Surface Contamination Testing for Aromatic Diisocyanates. Chemteq provides indication and quantification of trace aromatic diisocyanates\" \/>\n<meta name=\"robots\" content=\"index, follow, max-snippet:-1, max-image-preview:large, max-video-preview:-1\" \/>\n<link rel=\"canonical\" href=\"https:\/\/www.chemteq.net\/de\/produkt\/aromatic-diisocyanates-tdi-mdi-chemwipe-for-surface-contamination-testing\/\" \/>\n<meta property=\"og:locale\" content=\"de_DE\" \/>\n<meta property=\"og:type\" content=\"article\" \/>\n<meta property=\"og:title\" content=\"Surface Contamination Testing for Aromatic Diisocyanates\" \/>\n<meta property=\"og:description\" content=\"Surface Contamination Testing for Aromatic Diisocyanates. ChemWipe is surface wipe for the indication of trace amounts of aromatic diisocyanates on surfaces. it detects monomers, dimers and trimers\" \/>\n<meta property=\"og:url\" content=\"https:\/\/www.chemteq.net\/de\/produkt\/aromatic-diisocyanates-tdi-mdi-chemwipe-for-surface-contamination-testing\/\" \/>\n<meta property=\"og:site_name\" content=\"Chemteq Inc.\" \/>\n<meta property=\"article:modified_time\" content=\"2025-10-27T17:38:29+00:00\" \/>\n<meta property=\"og:image\" content=\"https:\/\/www.chemteq.net\/wp-content\/uploads\/2021\/03\/Armatic-Diisocyanates-ChemWipe-for-the-detection-and-quantification-of-armatic-diisocyanates-on-surfaces-scaled.jpg\" \/>\n\t<meta property=\"og:image:width\" content=\"2560\" \/>\n\t<meta property=\"og:image:height\" content=\"1707\" \/>\n\t<meta property=\"og:image:type\" content=\"image\/jpeg\" \/>\n<meta name=\"twitter:card\" content=\"summary_large_image\" \/>\n<meta name=\"twitter:title\" content=\"Surface Contamination Testing for Aromatic Diisocyanates\" \/>\n<meta name=\"twitter:description\" content=\"Surface Contamination Testing for Aromatic Diisocyanates. ChemWipe is surface wipe for the indication of trace amounts of aromatic diisocyanates on surfaces.\" \/>\n<meta name=\"twitter:image\" content=\"https:\/\/www.chemteq.net\/wp-content\/uploads\/2021\/03\/Armatic-Diisocyanates-ChemWipe-for-the-detection-and-quantification-of-armatic-diisocyanates-on-surfaces-scaled.jpg\" \/>\n<meta name=\"twitter:label1\" content=\"Gesch\u00e4tzte Lesezeit\" \/>\n\t<meta name=\"twitter:data1\" content=\"2 Minuten\" \/>\n<script type=\"application\/ld+json\" class=\"yoast-schema-graph\">{\"@context\":\"https:\\\/\\\/schema.org\",\"@graph\":[{\"@type\":\"WebPage\",\"@id\":\"https:\\\/\\\/www.chemteq.net\\\/product\\\/aromatic-diisocyanates-tdi-mdi-chemwipe-for-surface-contamination-testing\\\/\",\"url\":\"https:\\\/\\\/www.chemteq.net\\\/product\\\/aromatic-diisocyanates-tdi-mdi-chemwipe-for-surface-contamination-testing\\\/\",\"name\":\"Surface Contamination Testing for Aromatic Diisocyanates. ChemWipes\",\"isPartOf\":{\"@id\":\"https:\\\/\\\/www.chemteq.net\\\/#website\"},\"primaryImageOfPage\":{\"@id\":\"https:\\\/\\\/www.chemteq.net\\\/product\\\/aromatic-diisocyanates-tdi-mdi-chemwipe-for-surface-contamination-testing\\\/#primaryimage\"},\"image\":{\"@id\":\"https:\\\/\\\/www.chemteq.net\\\/product\\\/aromatic-diisocyanates-tdi-mdi-chemwipe-for-surface-contamination-testing\\\/#primaryimage\"},\"thumbnailUrl\":\"https:\\\/\\\/www.chemteq.net\\\/wp-content\\\/uploads\\\/2021\\\/03\\\/ChemWipe-Armatic-Diisocyanates-for-the-detection-and-quantification-of-armatic-diisocyanates-on-surfaces-scaled.jpg\",\"datePublished\":\"2024-05-30T05:07:11+00:00\",\"dateModified\":\"2025-10-27T17:38:29+00:00\",\"description\":\"Surface Contamination Testing for Aromatic Diisocyanates. Chemteq provides indication and quantification of trace aromatic diisocyanates\",\"breadcrumb\":{\"@id\":\"https:\\\/\\\/www.chemteq.net\\\/product\\\/aromatic-diisocyanates-tdi-mdi-chemwipe-for-surface-contamination-testing\\\/#breadcrumb\"},\"inLanguage\":\"de-DE\",\"potentialAction\":[{\"@type\":\"ReadAction\",\"target\":[\"https:\\\/\\\/www.chemteq.net\\\/product\\\/aromatic-diisocyanates-tdi-mdi-chemwipe-for-surface-contamination-testing\\\/\"]}]},{\"@type\":\"ImageObject\",\"inLanguage\":\"de-DE\",\"@id\":\"https:\\\/\\\/www.chemteq.net\\\/product\\\/aromatic-diisocyanates-tdi-mdi-chemwipe-for-surface-contamination-testing\\\/#primaryimage\",\"url\":\"https:\\\/\\\/www.chemteq.net\\\/wp-content\\\/uploads\\\/2021\\\/03\\\/ChemWipe-Armatic-Diisocyanates-for-the-detection-and-quantification-of-armatic-diisocyanates-on-surfaces-scaled.jpg\",\"contentUrl\":\"https:\\\/\\\/www.chemteq.net\\\/wp-content\\\/uploads\\\/2021\\\/03\\\/ChemWipe-Armatic-Diisocyanates-for-the-detection-and-quantification-of-armatic-diisocyanates-on-surfaces-scaled.jpg\",\"width\":2560,\"height\":2560,\"caption\":\"Surface Contamination Testing for Aromatic Diisocyanates. ChemWipe Detects & quantifies Aromatic Diisocyanates (TDI\\\/MDI). ChemWipe is surface wipe for the indication of trace amounts of aromatic diisocyanates on surfaces.\"},{\"@type\":\"BreadcrumbList\",\"@id\":\"https:\\\/\\\/www.chemteq.net\\\/product\\\/aromatic-diisocyanates-tdi-mdi-chemwipe-for-surface-contamination-testing\\\/#breadcrumb\",\"itemListElement\":[{\"@type\":\"ListItem\",\"position\":1,\"name\":\"Home\",\"item\":\"https:\\\/\\\/www.chemteq.net\\\/\"},{\"@type\":\"ListItem\",\"position\":2,\"name\":\"Products\",\"item\":\"https:\\\/\\\/www.chemteq.net\\\/products\\\/\"},{\"@type\":\"ListItem\",\"position\":3,\"name\":\"Aromatic Diisocyanates (TDI\\\/MDI) ChemWipe for Surface Contamination Testing\"}]},{\"@type\":\"WebSite\",\"@id\":\"https:\\\/\\\/www.chemteq.net\\\/#website\",\"url\":\"https:\\\/\\\/www.chemteq.net\\\/\",\"name\":\"Chemteq Inc.\",\"description\":\"High Quality And Reliable Devices To Serve Health, Safety And Industrial Hygiene\",\"publisher\":{\"@id\":\"https:\\\/\\\/www.chemteq.net\\\/#organization\"},\"potentialAction\":[{\"@type\":\"SearchAction\",\"target\":{\"@type\":\"EntryPoint\",\"urlTemplate\":\"https:\\\/\\\/www.chemteq.net\\\/?s={search_term_string}\"},\"query-input\":{\"@type\":\"PropertyValueSpecification\",\"valueRequired\":true,\"valueName\":\"search_term_string\"}}],\"inLanguage\":\"de-DE\"},{\"@type\":\"Organization\",\"@id\":\"https:\\\/\\\/www.chemteq.net\\\/#organization\",\"name\":\"Chemteq Inc.\",\"url\":\"https:\\\/\\\/www.chemteq.net\\\/\",\"logo\":{\"@type\":\"ImageObject\",\"inLanguage\":\"de-DE\",\"@id\":\"https:\\\/\\\/www.chemteq.net\\\/#\\\/schema\\\/logo\\\/image\\\/\",\"url\":\"https:\\\/\\\/www.chemteq.net\\\/wp-content\\\/uploads\\\/2021\\\/04\\\/ChemteqLogo0112239041421-scaled.jpg\",\"contentUrl\":\"https:\\\/\\\/www.chemteq.net\\\/wp-content\\\/uploads\\\/2021\\\/04\\\/ChemteqLogo0112239041421-scaled.jpg\",\"width\":2560,\"height\":574,\"caption\":\"Chemteq Inc.\"},\"image\":{\"@id\":\"https:\\\/\\\/www.chemteq.net\\\/#\\\/schema\\\/logo\\\/image\\\/\"}}]}<\/script>\n<!-- \/ Yoast SEO plugin. -->","yoast_head_json":{"title":"Surface Contamination Testing for Aromatic Diisocyanates. ChemWipes","description":"Surface Contamination Testing for Aromatic Diisocyanates. Chemteq provides indication and quantification of trace aromatic diisocyanates","robots":{"index":"index","follow":"follow","max-snippet":"max-snippet:-1","max-image-preview":"max-image-preview:large","max-video-preview":"max-video-preview:-1"},"canonical":"https:\/\/www.chemteq.net\/de\/produkt\/aromatic-diisocyanates-tdi-mdi-chemwipe-for-surface-contamination-testing\/","og_locale":"de_DE","og_type":"article","og_title":"Surface Contamination Testing for Aromatic Diisocyanates","og_description":"Surface Contamination Testing for Aromatic Diisocyanates. ChemWipe is surface wipe for the indication of trace amounts of aromatic diisocyanates on surfaces. it detects monomers, dimers and trimers","og_url":"https:\/\/www.chemteq.net\/de\/produkt\/aromatic-diisocyanates-tdi-mdi-chemwipe-for-surface-contamination-testing\/","og_site_name":"Chemteq Inc.","article_modified_time":"2025-10-27T17:38:29+00:00","og_image":[{"width":2560,"height":1707,"url":"https:\/\/www.chemteq.net\/wp-content\/uploads\/2021\/03\/Armatic-Diisocyanates-ChemWipe-for-the-detection-and-quantification-of-armatic-diisocyanates-on-surfaces-scaled.jpg","type":"image\/jpeg"}],"twitter_card":"summary_large_image","twitter_title":"Surface Contamination Testing for Aromatic Diisocyanates","twitter_description":"Surface Contamination Testing for Aromatic Diisocyanates. ChemWipe is surface wipe for the indication of trace amounts of aromatic diisocyanates on surfaces.","twitter_image":"https:\/\/www.chemteq.net\/wp-content\/uploads\/2021\/03\/Armatic-Diisocyanates-ChemWipe-for-the-detection-and-quantification-of-armatic-diisocyanates-on-surfaces-scaled.jpg","twitter_misc":{"Gesch\u00e4tzte Lesezeit":"2 Minuten"},"schema":{"@context":"https:\/\/schema.org","@graph":[{"@type":"WebPage","@id":"https:\/\/www.chemteq.net\/product\/aromatic-diisocyanates-tdi-mdi-chemwipe-for-surface-contamination-testing\/","url":"https:\/\/www.chemteq.net\/product\/aromatic-diisocyanates-tdi-mdi-chemwipe-for-surface-contamination-testing\/","name":"Surface Contamination Testing for Aromatic Diisocyanates. ChemWipes","isPartOf":{"@id":"https:\/\/www.chemteq.net\/#website"},"primaryImageOfPage":{"@id":"https:\/\/www.chemteq.net\/product\/aromatic-diisocyanates-tdi-mdi-chemwipe-for-surface-contamination-testing\/#primaryimage"},"image":{"@id":"https:\/\/www.chemteq.net\/product\/aromatic-diisocyanates-tdi-mdi-chemwipe-for-surface-contamination-testing\/#primaryimage"},"thumbnailUrl":"https:\/\/www.chemteq.net\/wp-content\/uploads\/2021\/03\/ChemWipe-Armatic-Diisocyanates-for-the-detection-and-quantification-of-armatic-diisocyanates-on-surfaces-scaled.jpg","datePublished":"2024-05-30T05:07:11+00:00","dateModified":"2025-10-27T17:38:29+00:00","description":"Surface Contamination Testing for Aromatic Diisocyanates. Chemteq provides indication and quantification of trace aromatic diisocyanates","breadcrumb":{"@id":"https:\/\/www.chemteq.net\/product\/aromatic-diisocyanates-tdi-mdi-chemwipe-for-surface-contamination-testing\/#breadcrumb"},"inLanguage":"de-DE","potentialAction":[{"@type":"ReadAction","target":["https:\/\/www.chemteq.net\/product\/aromatic-diisocyanates-tdi-mdi-chemwipe-for-surface-contamination-testing\/"]}]},{"@type":"ImageObject","inLanguage":"de-DE","@id":"https:\/\/www.chemteq.net\/product\/aromatic-diisocyanates-tdi-mdi-chemwipe-for-surface-contamination-testing\/#primaryimage","url":"https:\/\/www.chemteq.net\/wp-content\/uploads\/2021\/03\/ChemWipe-Armatic-Diisocyanates-for-the-detection-and-quantification-of-armatic-diisocyanates-on-surfaces-scaled.jpg","contentUrl":"https:\/\/www.chemteq.net\/wp-content\/uploads\/2021\/03\/ChemWipe-Armatic-Diisocyanates-for-the-detection-and-quantification-of-armatic-diisocyanates-on-surfaces-scaled.jpg","width":2560,"height":2560,"caption":"Surface Contamination Testing for Aromatic Diisocyanates. ChemWipe Detects & quantifies Aromatic Diisocyanates (TDI\/MDI). ChemWipe is surface wipe for the indication of trace amounts of aromatic diisocyanates on surfaces."},{"@type":"BreadcrumbList","@id":"https:\/\/www.chemteq.net\/product\/aromatic-diisocyanates-tdi-mdi-chemwipe-for-surface-contamination-testing\/#breadcrumb","itemListElement":[{"@type":"ListItem","position":1,"name":"Home","item":"https:\/\/www.chemteq.net\/"},{"@type":"ListItem","position":2,"name":"Products","item":"https:\/\/www.chemteq.net\/products\/"},{"@type":"ListItem","position":3,"name":"Aromatic Diisocyanates (TDI\/MDI) ChemWipe for Surface Contamination Testing"}]},{"@type":"WebSite","@id":"https:\/\/www.chemteq.net\/#website","url":"https:\/\/www.chemteq.net\/","name":"Chemteq Inc.","description":"High Quality And Reliable Devices To Serve Health, Safety And Industrial Hygiene","publisher":{"@id":"https:\/\/www.chemteq.net\/#organization"},"potentialAction":[{"@type":"SearchAction","target":{"@type":"EntryPoint","urlTemplate":"https:\/\/www.chemteq.net\/?s={search_term_string}"},"query-input":{"@type":"PropertyValueSpecification","valueRequired":true,"valueName":"search_term_string"}}],"inLanguage":"de-DE"},{"@type":"Organization","@id":"https:\/\/www.chemteq.net\/#organization","name":"Chemteq Inc.","url":"https:\/\/www.chemteq.net\/","logo":{"@type":"ImageObject","inLanguage":"de-DE","@id":"https:\/\/www.chemteq.net\/#\/schema\/logo\/image\/","url":"https:\/\/www.chemteq.net\/wp-content\/uploads\/2021\/04\/ChemteqLogo0112239041421-scaled.jpg","contentUrl":"https:\/\/www.chemteq.net\/wp-content\/uploads\/2021\/04\/ChemteqLogo0112239041421-scaled.jpg","width":2560,"height":574,"caption":"Chemteq Inc."},"image":{"@id":"https:\/\/www.chemteq.net\/#\/schema\/logo\/image\/"}}]}},"_links":{"self":[{"href":"https:\/\/www.chemteq.net\/de\/wp-json\/wp\/v2\/product\/4393","targetHints":{"allow":["GET"]}}],"collection":[{"href":"https:\/\/www.chemteq.net\/de\/wp-json\/wp\/v2\/product"}],"about":[{"href":"https:\/\/www.chemteq.net\/de\/wp-json\/wp\/v2\/types\/product"}],"wp:featuredmedia":[{"embeddable":true,"href":"https:\/\/www.chemteq.net\/de\/wp-json\/wp\/v2\/media\/3442"}],"wp:attachment":[{"href":"https:\/\/www.chemteq.net\/de\/wp-json\/wp\/v2\/media?parent=4393"}],"wp:term":[{"taxonomy":"product_brand","embeddable":true,"href":"https:\/\/www.chemteq.net\/de\/wp-json\/wp\/v2\/product_brand?post=4393"},{"taxonomy":"product_cat","embeddable":true,"href":"https:\/\/www.chemteq.net\/de\/wp-json\/wp\/v2\/product_cat?post=4393"},{"taxonomy":"product_tag","embeddable":true,"href":"https:\/\/www.chemteq.net\/de\/wp-json\/wp\/v2\/product_tag?post=4393"}],"curies":[{"name":"wp","href":"https:\/\/api.w.org\/{rel}","templated":true}]}}