{"id":2350,"date":"2021-06-07T12:58:11","date_gmt":"2021-06-07T12:58:11","guid":{"rendered":"https:\/\/www.chemteq.net\/?post_type=product&#038;p=2350"},"modified":"2025-09-09T18:10:16","modified_gmt":"2025-09-09T18:10:16","slug":"allyl-bromide-filter-change-indicator-low-flow-filters","status":"publish","type":"product","link":"https:\/\/www.chemteq.net\/de\/produkt\/allyl-bromide-filter-change-indicator-low-flow-filters\/","title":{"rendered":"Allyl Bromide Breakthrough Indicator for Low-Flow Filters (BTI LFF)"},"content":{"rendered":"<p>Allylbromid-Filterwechselindikator Low-Flow-Filter (3-Brompropen) ist ein kolorimetrischer Indikator, der die S\u00e4ttigung und Ersch\u00f6pfung von hplc-Abfallbeh\u00e4lterfiltern anzeigt. Der Indikator ist ein zuverl\u00e4ssiges und kosteneffektives Mittel zum Schutz vor Allylbromiddampf. Der Indikator verf\u00e4rbt sich von gelblich-braun zu dunkelbraun oder gr\u00fcn, wenn die Filter mit Allylbromid ges\u00e4ttigt sind.<\/p>\n<p>Acrolein und Aldehyde reagieren mit ungef\u00e4hr der gleichen Empfindlichkeit. Andere Interferenzen sind nicht bekannt. Sie k\u00f6nnen den Indikator einfach in den Filterauslass einsetzen (ein Schaumstoffadapter f\u00fcr geschlossene Poren ist erforderlich; bitte kontaktieren Sie uns f\u00fcr weitere Informationen). Der BTI LFF arbeitet bei Temperaturen von 4<sup>o<\/sup>C to 32<sup>o<\/sup>C (39<sup>o<\/sup>F to 89.6<sup>o<\/sup>F) und Luftfeuchtigkeiten von 5% RH bis 85%RH. Der Indikator ist 3,0 Zoll hoch, hat einen Durchmesser von 3\/8 Zoll und Sie k\u00f6nnen den hellen, leuchtenden Farbwechsel aus allen Richtungen beobachten. Das einzigartige Design des Indikators verhindert jegliche Farbver\u00e4nderung aufgrund von Verunreinigungen in der Umgebung. Er \u00e4ndert seine Farbe nur, wenn der Filter ges\u00e4ttigt ist. Der Indikator hat eine verl\u00e4ngerte Lebensdauer von 1 Jahr plus 14 Monate Lagerf\u00e4higkeit.<\/p>\n<p>PN 131<\/p>\n<div><a href=\"https:\/\/www.chemteq.net\/wp-content\/uploads\/2021\/06\/BTI-LFF-Leaflet-MP-9155015-040721-D.pdf\">BTI LFF Leaflet<\/a><\/div>\n<div align=\"center\">\n<p style=\"text-align: left\"><strong>Produktspezifikationen<\/strong><\/p>\n<table>\n<tbody>\n<tr>\n<td width=\"35\">a<\/td>\n<td width=\"291\">Gewicht:<\/td>\n<td width=\"299\">3.8g (0.14oz)<\/td>\n<\/tr>\n<tr>\n<td width=\"35\">b<\/td>\n<td width=\"291\">Ma\u00dfe:<\/td>\n<td width=\"299\">79mm (3.1in), diameter: 10mm (0.39in)<\/td>\n<\/tr>\n<tr>\n<td width=\"35\">c<\/td>\n<td width=\"291\">Betriebstemperatur:<\/td>\n<td width=\"299\">-20<sup>o<\/sup>C to 55<sup>o<\/sup>C (-4<sup>o<\/sup>F to 131<sup>o<\/sup>F)<\/td>\n<\/tr>\n<tr>\n<td width=\"35\">d<\/td>\n<td width=\"291\">Betriebsfeuchtigkeit:<\/td>\n<td width=\"299\">5% RH to 85%RH<\/td>\n<\/tr>\n<tr>\n<td width=\"35\">e<\/td>\n<td width=\"291\">Minimale Nachweisgrenze:<\/td>\n<td width=\"299\">5ppm\u2022hr at 30 cm\/sec face velocity<\/td>\n<\/tr>\n<tr>\n<td width=\"35\">f<\/td>\n<td width=\"291\">Farbwechsel:<\/td>\n<td width=\"299\">Yellowish brown to dark brown or green<\/td>\n<\/tr>\n<tr>\n<td width=\"35\">g<\/td>\n<td width=\"291\">Lagertemperatur:<\/td>\n<td width=\"299\">4<sup>o<\/sup>C to 25<sup>o<\/sup>C, (39<sup>o<\/sup>F to 77<sup>o<\/sup>F)<\/td>\n<\/tr>\n<tr>\n<td width=\"35\">h<\/td>\n<td width=\"291\">Haltbarkeit:<\/td>\n<td width=\"299\">14 months\u00a0 4<sup>o<\/sup>C to 25<sup>o<\/sup>C, (39<sup>o<\/sup>F to 77<sup>oi<\/sup>F)<\/td>\n<\/tr>\n<tr>\n<td width=\"35\">j<\/td>\n<td width=\"291\">Lebensdauer:<\/td>\n<td width=\"299\">1 year<\/td>\n<\/tr>\n<\/tbody>\n<\/table>\n<\/div>\n<div style=\"text-align: left\" align=\"center\">N\u00fctzliche Links<\/div>\n<div style=\"text-align: left\" align=\"center\"><a href=\"https:\/\/www.cdc.gov\/niosh\/npg\/default.html\" target=\"_blank\" rel=\"noopener\">NIOSH<\/a><\/div>\n<div style=\"text-align: left\" align=\"center\">Allyl Bromide Filter Change Indicator Low-Flow-Filters<\/div>","protected":false},"excerpt":{"rendered":"<p>Product Features<br \/>\nMinimum detectable limit: 5ppm\u2022hr at 30 cm\/sec face velocity<br \/>\nColor Change: Yellowish brown to dark brown or green<br \/>\nService life: 1 year<\/p>","protected":false},"featured_media":2351,"template":"","meta":{"_acf_changed":false,"site-sidebar-layout":"default","site-content-layout":"default","ast-site-content-layout":"default","site-content-style":"default","site-sidebar-style":"default","ast-global-header-display":"","ast-banner-title-visibility":"","ast-main-header-display":"","ast-hfb-above-header-display":"","ast-hfb-below-header-display":"","ast-hfb-mobile-header-display":"","site-post-title":"","ast-breadcrumbs-content":"","ast-featured-img":"","footer-sml-layout":"","theme-transparent-header-meta":"default","adv-header-id-meta":"","stick-header-meta":"default","header-above-stick-meta":"","header-main-stick-meta":"","header-below-stick-meta":"","astra-migrate-meta-layouts":"set","ast-page-background-enabled":"default","ast-page-background-meta":{"desktop":{"background-color":"","background-image":"","background-repeat":"repeat","background-position":"center center","background-size":"auto","background-attachment":"scroll","background-type":"","background-media":"","overlay-type":"","overlay-color":"","overlay-opacity":"","overlay-gradient":""},"tablet":{"background-color":"","background-image":"","background-repeat":"repeat","background-position":"center center","background-size":"auto","background-attachment":"scroll","background-type":"","background-media":"","overlay-type":"","overlay-color":"","overlay-opacity":"","overlay-gradient":""},"mobile":{"background-color":"","background-image":"","background-repeat":"repeat","background-position":"center center","background-size":"auto","background-attachment":"scroll","background-type":"","background-media":"","overlay-type":"","overlay-color":"","overlay-opacity":"","overlay-gradient":""}},"ast-content-background-meta":{"desktop":{"background-color":"var(--ast-global-color-5)","background-image":"","background-repeat":"repeat","background-position":"center center","background-size":"auto","background-attachment":"scroll","background-type":"","background-media":"","overlay-type":"","overlay-color":"","overlay-opacity":"","overlay-gradient":""},"tablet":{"background-color":"var(--ast-global-color-5)","background-image":"","background-repeat":"repeat","background-position":"center center","background-size":"auto","background-attachment":"scroll","background-type":"","background-media":"","overlay-type":"","overlay-color":"","overlay-opacity":"","overlay-gradient":""},"mobile":{"background-color":"var(--ast-global-color-5)","background-image":"","background-repeat":"repeat","background-position":"center center","background-size":"auto","background-attachment":"scroll","background-type":"","background-media":"","overlay-type":"","overlay-color":"","overlay-opacity":"","overlay-gradient":""}}},"product_brand":[],"product_cat":[81],"product_tag":[69,68],"class_list":{"0":"post-2350","1":"product","2":"type-product","3":"status-publish","4":"has-post-thumbnail","6":"product_cat-bti-lff-breakthrough-indicators-for-low-flow-filters","7":"product_tag-laboratories-emission-control-products","8":"product_tag-life-sciences-emission-control-products","9":"desktop-align-left","10":"tablet-align-left","11":"mobile-align-left","12":"ast-product-gallery-layout-horizontal","13":"ast-product-gallery-with-no-image","14":"ast-product-tabs-layout-horizontal","16":"first","17":"instock","18":"taxable","19":"shipping-taxable","20":"purchasable","21":"product-type-simple"},"acf":[],"yoast_head":"<!-- This site is optimized with the Yoast SEO plugin v26.3 - https:\/\/yoast.com\/wordpress\/plugins\/seo\/ -->\n<title>Allyl Bromide Filter Change Indicator Low-Flow-Filters<\/title>\n<meta name=\"description\" content=\"Allyl Bromide Filter Change Indicator Low-Flow-Filters. Suitable for hplc waste container filters The indicator is reliable and cost effect .\" \/>\n<meta name=\"robots\" content=\"index, follow, max-snippet:-1, max-image-preview:large, max-video-preview:-1\" \/>\n<link rel=\"canonical\" href=\"https:\/\/www.chemteq.net\/de\/produkt\/allyl-bromide-filter-change-indicator-low-flow-filters\/\" \/>\n<meta property=\"og:locale\" content=\"de_DE\" \/>\n<meta property=\"og:type\" content=\"article\" \/>\n<meta property=\"og:title\" content=\"Allyl Bromide Filter Change Indicator Low-Flow-Filters.\" \/>\n<meta property=\"og:description\" content=\"Allyl Bromide Filter Change Indicator Low-Flow-Filters. Suitable for hplc waste container filters The indicator is reliable and cost effect .\" \/>\n<meta property=\"og:url\" content=\"https:\/\/www.chemteq.net\/de\/produkt\/allyl-bromide-filter-change-indicator-low-flow-filters\/\" \/>\n<meta property=\"og:site_name\" content=\"Chemteq Inc.\" \/>\n<meta property=\"article:modified_time\" content=\"2025-09-09T18:10:16+00:00\" \/>\n<meta property=\"og:image\" content=\"https:\/\/www.chemteq.net\/wp-content\/uploads\/2021\/06\/Allyl-Bromide-Filter-Change-Indicator-for-Low-Flow-Filters-scaled.jpg\" \/>\n\t<meta property=\"og:image:width\" content=\"2560\" \/>\n\t<meta property=\"og:image:height\" content=\"1792\" \/>\n\t<meta property=\"og:image:type\" content=\"image\/jpeg\" \/>\n<meta name=\"twitter:card\" content=\"summary_large_image\" \/>\n<meta name=\"twitter:title\" content=\"Allyl Bromide Filter Change Indicator Low-Flow-Filters.\" \/>\n<meta name=\"twitter:description\" content=\"Allyl Bromide Filter Change Indicator Low-Flow-Filters. Suitable for hplc waste container filters The indicator is reliable and cost effect .\" \/>\n<meta name=\"twitter:image\" content=\"https:\/\/www.chemteq.net\/wp-content\/uploads\/2021\/06\/Allyl-Bromide-Filter-Change-Indicator-for-Low-Flow-Filters-scaled.jpg\" \/>\n<meta name=\"twitter:label1\" content=\"Gesch\u00e4tzte Lesezeit\" \/>\n\t<meta name=\"twitter:data1\" content=\"2 Minuten\" \/>\n<script type=\"application\/ld+json\" class=\"yoast-schema-graph\">{\"@context\":\"https:\/\/schema.org\",\"@graph\":[{\"@type\":\"WebPage\",\"@id\":\"https:\/\/www.chemteq.net\/product\/allyl-bromide-filter-change-indicator-low-flow-filters\/\",\"url\":\"https:\/\/www.chemteq.net\/product\/allyl-bromide-filter-change-indicator-low-flow-filters\/\",\"name\":\"Allyl Bromide Filter Change Indicator Low-Flow-Filters\",\"isPartOf\":{\"@id\":\"https:\/\/www.chemteq.net\/#website\"},\"primaryImageOfPage\":{\"@id\":\"https:\/\/www.chemteq.net\/product\/allyl-bromide-filter-change-indicator-low-flow-filters\/#primaryimage\"},\"image\":{\"@id\":\"https:\/\/www.chemteq.net\/product\/allyl-bromide-filter-change-indicator-low-flow-filters\/#primaryimage\"},\"thumbnailUrl\":\"https:\/\/www.chemteq.net\/wp-content\/uploads\/2021\/06\/Allyl-Bromide-BTI-LFF-unexp-022420.jpg\",\"datePublished\":\"2021-06-07T12:58:11+00:00\",\"dateModified\":\"2025-09-09T18:10:16+00:00\",\"description\":\"Allyl Bromide Filter Change Indicator Low-Flow-Filters. Suitable for hplc waste container filters The indicator is reliable and cost effect .\",\"breadcrumb\":{\"@id\":\"https:\/\/www.chemteq.net\/product\/allyl-bromide-filter-change-indicator-low-flow-filters\/#breadcrumb\"},\"inLanguage\":\"de-DE\",\"potentialAction\":[{\"@type\":\"ReadAction\",\"target\":[\"https:\/\/www.chemteq.net\/product\/allyl-bromide-filter-change-indicator-low-flow-filters\/\"]}]},{\"@type\":\"ImageObject\",\"inLanguage\":\"de-DE\",\"@id\":\"https:\/\/www.chemteq.net\/product\/allyl-bromide-filter-change-indicator-low-flow-filters\/#primaryimage\",\"url\":\"https:\/\/www.chemteq.net\/wp-content\/uploads\/2021\/06\/Allyl-Bromide-BTI-LFF-unexp-022420.jpg\",\"contentUrl\":\"https:\/\/www.chemteq.net\/wp-content\/uploads\/2021\/06\/Allyl-Bromide-BTI-LFF-unexp-022420.jpg\",\"width\":2160,\"height\":2160,\"caption\":\"Allyl Bromide Filter Change Indicator Low-Flow-Filters.\"},{\"@type\":\"BreadcrumbList\",\"@id\":\"https:\/\/www.chemteq.net\/product\/allyl-bromide-filter-change-indicator-low-flow-filters\/#breadcrumb\",\"itemListElement\":[{\"@type\":\"ListItem\",\"position\":1,\"name\":\"Home\",\"item\":\"https:\/\/www.chemteq.net\/\"},{\"@type\":\"ListItem\",\"position\":2,\"name\":\"Products\",\"item\":\"https:\/\/www.chemteq.net\/products\/\"},{\"@type\":\"ListItem\",\"position\":3,\"name\":\"Allyl Bromide Breakthrough Indicator for Low-Flow Filters (BTI LFF)\"}]},{\"@type\":\"WebSite\",\"@id\":\"https:\/\/www.chemteq.net\/#website\",\"url\":\"https:\/\/www.chemteq.net\/\",\"name\":\"Chemteq Inc.\",\"description\":\"High Quality And Reliable Devices To Serve Health, Safety And Industrial Hygiene\",\"publisher\":{\"@id\":\"https:\/\/www.chemteq.net\/#organization\"},\"potentialAction\":[{\"@type\":\"SearchAction\",\"target\":{\"@type\":\"EntryPoint\",\"urlTemplate\":\"https:\/\/www.chemteq.net\/?s={search_term_string}\"},\"query-input\":{\"@type\":\"PropertyValueSpecification\",\"valueRequired\":true,\"valueName\":\"search_term_string\"}}],\"inLanguage\":\"de-DE\"},{\"@type\":\"Organization\",\"@id\":\"https:\/\/www.chemteq.net\/#organization\",\"name\":\"Chemteq Inc.\",\"url\":\"https:\/\/www.chemteq.net\/\",\"logo\":{\"@type\":\"ImageObject\",\"inLanguage\":\"de-DE\",\"@id\":\"https:\/\/www.chemteq.net\/#\/schema\/logo\/image\/\",\"url\":\"https:\/\/www.chemteq.net\/wp-content\/uploads\/2021\/04\/ChemteqLogo0112239041421-scaled.jpg\",\"contentUrl\":\"https:\/\/www.chemteq.net\/wp-content\/uploads\/2021\/04\/ChemteqLogo0112239041421-scaled.jpg\",\"width\":2560,\"height\":574,\"caption\":\"Chemteq Inc.\"},\"image\":{\"@id\":\"https:\/\/www.chemteq.net\/#\/schema\/logo\/image\/\"}}]}<\/script>\n<!-- \/ Yoast SEO plugin. -->","yoast_head_json":{"title":"Allyl Bromide Filter Change Indicator Low-Flow-Filters","description":"Allyl Bromide Filter Change Indicator Low-Flow-Filters. Suitable for hplc waste container filters The indicator is reliable and cost effect .","robots":{"index":"index","follow":"follow","max-snippet":"max-snippet:-1","max-image-preview":"max-image-preview:large","max-video-preview":"max-video-preview:-1"},"canonical":"https:\/\/www.chemteq.net\/de\/produkt\/allyl-bromide-filter-change-indicator-low-flow-filters\/","og_locale":"de_DE","og_type":"article","og_title":"Allyl Bromide Filter Change Indicator Low-Flow-Filters.","og_description":"Allyl Bromide Filter Change Indicator Low-Flow-Filters. Suitable for hplc waste container filters The indicator is reliable and cost effect .","og_url":"https:\/\/www.chemteq.net\/de\/produkt\/allyl-bromide-filter-change-indicator-low-flow-filters\/","og_site_name":"Chemteq Inc.","article_modified_time":"2025-09-09T18:10:16+00:00","og_image":[{"width":2560,"height":1792,"url":"https:\/\/www.chemteq.net\/wp-content\/uploads\/2021\/06\/Allyl-Bromide-Filter-Change-Indicator-for-Low-Flow-Filters-scaled.jpg","type":"image\/jpeg"}],"twitter_card":"summary_large_image","twitter_title":"Allyl Bromide Filter Change Indicator Low-Flow-Filters.","twitter_description":"Allyl Bromide Filter Change Indicator Low-Flow-Filters. Suitable for hplc waste container filters The indicator is reliable and cost effect .","twitter_image":"https:\/\/www.chemteq.net\/wp-content\/uploads\/2021\/06\/Allyl-Bromide-Filter-Change-Indicator-for-Low-Flow-Filters-scaled.jpg","twitter_misc":{"Gesch\u00e4tzte Lesezeit":"2 Minuten"},"schema":{"@context":"https:\/\/schema.org","@graph":[{"@type":"WebPage","@id":"https:\/\/www.chemteq.net\/product\/allyl-bromide-filter-change-indicator-low-flow-filters\/","url":"https:\/\/www.chemteq.net\/product\/allyl-bromide-filter-change-indicator-low-flow-filters\/","name":"Allyl Bromide Filter Change Indicator Low-Flow-Filters","isPartOf":{"@id":"https:\/\/www.chemteq.net\/#website"},"primaryImageOfPage":{"@id":"https:\/\/www.chemteq.net\/product\/allyl-bromide-filter-change-indicator-low-flow-filters\/#primaryimage"},"image":{"@id":"https:\/\/www.chemteq.net\/product\/allyl-bromide-filter-change-indicator-low-flow-filters\/#primaryimage"},"thumbnailUrl":"https:\/\/www.chemteq.net\/wp-content\/uploads\/2021\/06\/Allyl-Bromide-BTI-LFF-unexp-022420.jpg","datePublished":"2021-06-07T12:58:11+00:00","dateModified":"2025-09-09T18:10:16+00:00","description":"Allyl Bromide Filter Change Indicator Low-Flow-Filters. Suitable for hplc waste container filters The indicator is reliable and cost effect .","breadcrumb":{"@id":"https:\/\/www.chemteq.net\/product\/allyl-bromide-filter-change-indicator-low-flow-filters\/#breadcrumb"},"inLanguage":"de-DE","potentialAction":[{"@type":"ReadAction","target":["https:\/\/www.chemteq.net\/product\/allyl-bromide-filter-change-indicator-low-flow-filters\/"]}]},{"@type":"ImageObject","inLanguage":"de-DE","@id":"https:\/\/www.chemteq.net\/product\/allyl-bromide-filter-change-indicator-low-flow-filters\/#primaryimage","url":"https:\/\/www.chemteq.net\/wp-content\/uploads\/2021\/06\/Allyl-Bromide-BTI-LFF-unexp-022420.jpg","contentUrl":"https:\/\/www.chemteq.net\/wp-content\/uploads\/2021\/06\/Allyl-Bromide-BTI-LFF-unexp-022420.jpg","width":2160,"height":2160,"caption":"Allyl Bromide Filter Change Indicator Low-Flow-Filters."},{"@type":"BreadcrumbList","@id":"https:\/\/www.chemteq.net\/product\/allyl-bromide-filter-change-indicator-low-flow-filters\/#breadcrumb","itemListElement":[{"@type":"ListItem","position":1,"name":"Home","item":"https:\/\/www.chemteq.net\/"},{"@type":"ListItem","position":2,"name":"Products","item":"https:\/\/www.chemteq.net\/products\/"},{"@type":"ListItem","position":3,"name":"Allyl Bromide Breakthrough Indicator for Low-Flow Filters (BTI LFF)"}]},{"@type":"WebSite","@id":"https:\/\/www.chemteq.net\/#website","url":"https:\/\/www.chemteq.net\/","name":"Chemteq Inc.","description":"High Quality And Reliable Devices To Serve Health, Safety And Industrial Hygiene","publisher":{"@id":"https:\/\/www.chemteq.net\/#organization"},"potentialAction":[{"@type":"SearchAction","target":{"@type":"EntryPoint","urlTemplate":"https:\/\/www.chemteq.net\/?s={search_term_string}"},"query-input":{"@type":"PropertyValueSpecification","valueRequired":true,"valueName":"search_term_string"}}],"inLanguage":"de-DE"},{"@type":"Organization","@id":"https:\/\/www.chemteq.net\/#organization","name":"Chemteq Inc.","url":"https:\/\/www.chemteq.net\/","logo":{"@type":"ImageObject","inLanguage":"de-DE","@id":"https:\/\/www.chemteq.net\/#\/schema\/logo\/image\/","url":"https:\/\/www.chemteq.net\/wp-content\/uploads\/2021\/04\/ChemteqLogo0112239041421-scaled.jpg","contentUrl":"https:\/\/www.chemteq.net\/wp-content\/uploads\/2021\/04\/ChemteqLogo0112239041421-scaled.jpg","width":2560,"height":574,"caption":"Chemteq Inc."},"image":{"@id":"https:\/\/www.chemteq.net\/#\/schema\/logo\/image\/"}}]}},"_links":{"self":[{"href":"https:\/\/www.chemteq.net\/de\/wp-json\/wp\/v2\/product\/2350","targetHints":{"allow":["GET"]}}],"collection":[{"href":"https:\/\/www.chemteq.net\/de\/wp-json\/wp\/v2\/product"}],"about":[{"href":"https:\/\/www.chemteq.net\/de\/wp-json\/wp\/v2\/types\/product"}],"wp:featuredmedia":[{"embeddable":true,"href":"https:\/\/www.chemteq.net\/de\/wp-json\/wp\/v2\/media\/2351"}],"wp:attachment":[{"href":"https:\/\/www.chemteq.net\/de\/wp-json\/wp\/v2\/media?parent=2350"}],"wp:term":[{"taxonomy":"product_brand","embeddable":true,"href":"https:\/\/www.chemteq.net\/de\/wp-json\/wp\/v2\/product_brand?post=2350"},{"taxonomy":"product_cat","embeddable":true,"href":"https:\/\/www.chemteq.net\/de\/wp-json\/wp\/v2\/product_cat?post=2350"},{"taxonomy":"product_tag","embeddable":true,"href":"https:\/\/www.chemteq.net\/de\/wp-json\/wp\/v2\/product_tag?post=2350"}],"curies":[{"name":"wp","href":"https:\/\/api.w.org\/{rel}","templated":true}]}}