{"id":228,"date":"2018-01-19T12:41:47","date_gmt":"2018-01-19T12:41:47","guid":{"rendered":"http:\/\/chemteqinc.wpengine.com\/?product=the-evergreen-lush"},"modified":"2025-12-01T16:57:46","modified_gmt":"2025-12-01T16:57:46","slug":"acids-area-monitor","status":"publish","type":"product","link":"https:\/\/www.chemteq.net\/de\/produkt\/acids-area-monitor\/","title":{"rendered":"Acids Area Monitor"},"content":{"rendered":"<p>Der Acids Area Monitor ist ein hochempfindlicher und selektiver Indikator f\u00fcr das Vorhandensein von Spuren von S\u00e4uren in der Luft. Geeignete Positionen f\u00fcr den Bereichsmonitor sind Schornsteine, Kan\u00e4le, Entl\u00fcftungen oder Abgaskan\u00e4le, wo repr\u00e4sentative Proben entnommen werden k\u00f6nnen.<\/p>\n<div>PN 211<\/div>\n<div><\/div>\n<div><b>Produktspezifikationen<\/b><\/div>\n<table border=\"0\" cellspacing=\"0\" cellpadding=\"0\">\n<tbody>\n<tr>\n<td width=\"32\">\n<p align=\"center\">a<\/p>\n<\/td>\n<td valign=\"top\" width=\"265\">Gewicht:<\/td>\n<td valign=\"top\" width=\"423\">0.4g (0.02oz)<\/td>\n<\/tr>\n<tr>\n<td width=\"32\">\n<p align=\"center\">b<\/p>\n<\/td>\n<td valign=\"top\" width=\"265\">Ma\u00dfe:<\/td>\n<td valign=\"top\" width=\"423\">2.8mm (0.11in), diameter: 38.1mm (1.5in)<\/td>\n<\/tr>\n<tr>\n<td width=\"32\">\n<p align=\"center\">c<\/p>\n<\/td>\n<td valign=\"top\" width=\"265\">Betriebstemperatur:<\/td>\n<td valign=\"top\" width=\"423\"><span id=\"ext-gen74650\">0<sup>o<\/sup>C to 55<sup>o<\/sup>C (32<sup>o<\/sup>F to 122<sup>o<\/sup>F)<\/span><\/td>\n<\/tr>\n<tr>\n<td width=\"32\">\n<p align=\"center\">d<\/p>\n<\/td>\n<td valign=\"top\" width=\"265\">Betriebsfeuchtigkeit:<\/td>\n<td valign=\"top\" width=\"423\">5% RH to 90%RH<\/td>\n<\/tr>\n<tr>\n<td width=\"32\">\n<p align=\"center\">e<\/p>\n<\/td>\n<td valign=\"top\" width=\"265\">Minimale Nachweisgrenze:<\/td>\n<td valign=\"top\" width=\"423\">1ppm\u2022min. at 30 cm\/sec face velocity<\/td>\n<\/tr>\n<tr>\n<td width=\"32\">\n<p align=\"center\">f<\/p>\n<\/td>\n<td valign=\"top\" width=\"265\">Farbwechsel:<\/td>\n<td valign=\"top\" width=\"423\">Orange to red<\/td>\n<\/tr>\n<tr>\n<td width=\"32\">\n<p align=\"center\">g<\/p>\n<\/td>\n<td valign=\"top\" width=\"265\">Lagertemperatur:<\/td>\n<td valign=\"top\" width=\"423\">4<sup>o<\/sup>C to 25<sup>o<\/sup>C, (39<sup>o<\/sup>F to 77<sup>o<\/sup>F)<\/td>\n<\/tr>\n<tr>\n<td width=\"32\">\n<p align=\"center\">h<\/p>\n<\/td>\n<td valign=\"top\" width=\"265\">Haltbarkeit:<\/td>\n<td valign=\"top\" width=\"423\">1 year at 4<sup>o<\/sup>C to 25<sup>o<\/sup>C, (39<sup>o<\/sup>F to 77<sup>o<\/sup>F)<\/td>\n<\/tr>\n<tr>\n<td width=\"32\">\n<p align=\"center\">i<\/p>\n<\/td>\n<td valign=\"top\" width=\"265\">Lebensdauer:<\/td>\n<td valign=\"top\" width=\"423\">60 days<\/td>\n<\/tr>\n<\/tbody>\n<\/table>\n<p>Acids Area Monitor<\/p>\n<p>N\u00fctzliche Links<br \/>\n<a href=\"https:\/\/www.cdc.gov\/niosh\/npg\/default.html\" target=\"_blank\" rel=\"noopener\">NIOSH<\/a><br \/>\n<a href=\"https:\/\/www.chemteq.net\/de\/chemteq-filter-change-indicators\/\">Filter Change Indicators<\/a><\/p>\n<p>Fakten \u00fcber Chlorwasserstoff<\/p>\n<p>Chlorwasserstoff (HCl) ist ein farbloses bis leicht gelbes Gas mit stechendem Geruch. Chlorwasserstoff kann die Haut, die Nase, die Augen, den Rachen und den Kehlkopf reizen. Der Kontakt mit fl\u00fcssigem Chlorwasserstoff kann zu Erfrierungen f\u00fchren.\u00a0Die Exposition gegen\u00fcber Chlorwasserstoff kann f\u00fcr die Arbeitnehmer sch\u00e4dlich sein. Das Ausma\u00df der Sch\u00e4digung h\u00e4ngt von der Dosis, der Dauer und der ausge\u00fcbten T\u00e4tigkeit ab.<\/p>","protected":false},"excerpt":{"rendered":"<p>Product Features<br \/>\nMinimum detectable limit: 1ppm\u2022min<br \/>\nColor Change: orange to red<br \/>\nDimensions: 1.5&#8243; diameter, 2mm<br \/>\nService life: 60 days<\/p>","protected":false},"featured_media":2554,"template":"","meta":{"_acf_changed":false,"site-sidebar-layout":"default","site-content-layout":"default","ast-site-content-layout":"default","site-content-style":"default","site-sidebar-style":"default","ast-global-header-display":"","ast-banner-title-visibility":"","ast-main-header-display":"","ast-hfb-above-header-display":"","ast-hfb-below-header-display":"","ast-hfb-mobile-header-display":"","site-post-title":"","ast-breadcrumbs-content":"","ast-featured-img":"","footer-sml-layout":"","theme-transparent-header-meta":"default","adv-header-id-meta":"","stick-header-meta":"default","header-above-stick-meta":"","header-main-stick-meta":"","header-below-stick-meta":"","astra-migrate-meta-layouts":"set","ast-page-background-enabled":"default","ast-page-background-meta":{"desktop":{"background-color":"","background-image":"","background-repeat":"repeat","background-position":"center center","background-size":"auto","background-attachment":"scroll","background-type":"","background-media":"","overlay-type":"","overlay-color":"","overlay-opacity":"","overlay-gradient":""},"tablet":{"background-color":"","background-image":"","background-repeat":"repeat","background-position":"center center","background-size":"auto","background-attachment":"scroll","background-type":"","background-media":"","overlay-type":"","overlay-color":"","overlay-opacity":"","overlay-gradient":""},"mobile":{"background-color":"","background-image":"","background-repeat":"repeat","background-position":"center center","background-size":"auto","background-attachment":"scroll","background-type":"","background-media":"","overlay-type":"","overlay-color":"","overlay-opacity":"","overlay-gradient":""}},"ast-content-background-meta":{"desktop":{"background-color":"var(--ast-global-color-5)","background-image":"","background-repeat":"repeat","background-position":"center center","background-size":"auto","background-attachment":"scroll","background-type":"","background-media":"","overlay-type":"","overlay-color":"","overlay-opacity":"","overlay-gradient":""},"tablet":{"background-color":"var(--ast-global-color-5)","background-image":"","background-repeat":"repeat","background-position":"center center","background-size":"auto","background-attachment":"scroll","background-type":"","background-media":"","overlay-type":"","overlay-color":"","overlay-opacity":"","overlay-gradient":""},"mobile":{"background-color":"var(--ast-global-color-5)","background-image":"","background-repeat":"repeat","background-position":"center center","background-size":"auto","background-attachment":"scroll","background-type":"","background-media":"","overlay-type":"","overlay-color":"","overlay-opacity":"","overlay-gradient":""}}},"product_brand":[],"product_cat":[15],"product_tag":[60,78,69],"class_list":{"0":"post-228","1":"product","2":"type-product","3":"status-publish","4":"has-post-thumbnail","6":"product_cat-chemteq-area-monitors","7":"product_tag-aerospace","8":"product_tag-chemical-industries-emission-control-products","9":"product_tag-laboratories-emission-control-products","10":"desktop-align-left","11":"tablet-align-left","12":"mobile-align-left","13":"ast-product-gallery-layout-horizontal","14":"ast-product-gallery-with-no-image","15":"ast-product-tabs-layout-horizontal","17":"first","18":"instock","19":"taxable","20":"shipping-taxable","21":"purchasable","22":"product-type-simple"},"acf":[],"yoast_head":"<!-- This site is optimized with the Yoast SEO plugin v27.4 - https:\/\/yoast.com\/product\/yoast-seo-wordpress\/ -->\n<title>Acids Area Monitor. Suitable locations stack, vent or flue.<\/title>\n<meta name=\"description\" content=\"acids area monitor is sensitive and selective indicator for the presence of traces of acids in air. Suitable locations stack, vent or flue.\" \/>\n<meta name=\"robots\" content=\"index, follow, max-snippet:-1, max-image-preview:large, max-video-preview:-1\" \/>\n<link rel=\"canonical\" href=\"https:\/\/www.chemteq.net\/de\/produkt\/acids-area-monitor\/\" \/>\n<meta property=\"og:locale\" content=\"de_DE\" \/>\n<meta property=\"og:type\" content=\"article\" \/>\n<meta property=\"og:title\" content=\"acids area monitor\" \/>\n<meta property=\"og:description\" content=\"acids area monitor is sensitive and selective indicator for the presence of traces of acids in air. Suitable locations stack, vent or flue.\" \/>\n<meta property=\"og:url\" content=\"https:\/\/www.chemteq.net\/de\/produkt\/acids-area-monitor\/\" \/>\n<meta property=\"og:site_name\" content=\"Chemteq Inc.\" \/>\n<meta property=\"article:modified_time\" content=\"2025-12-01T16:57:46+00:00\" \/>\n<meta property=\"og:image\" content=\"https:\/\/www.chemteq.net\/wp-content\/uploads\/2018\/01\/Acids-Area-Monitor-010616-scaled.jpg\" \/>\n\t<meta property=\"og:image:width\" content=\"2560\" \/>\n\t<meta property=\"og:image:height\" content=\"1181\" \/>\n\t<meta property=\"og:image:type\" content=\"image\/jpeg\" \/>\n<meta name=\"twitter:card\" content=\"summary_large_image\" \/>\n<meta name=\"twitter:title\" content=\"acids area monitor\" \/>\n<meta name=\"twitter:description\" content=\"acids area monitor is sensitive and selective indicator for the presence of traces of acids in air. Suitable locations stack, vent or flue.\" \/>\n<meta name=\"twitter:image\" content=\"https:\/\/www.chemteq.net\/wp-content\/uploads\/2018\/01\/Acids-Area-Monitor-010616-scaled.jpg\" \/>\n<meta name=\"twitter:label1\" content=\"Gesch\u00e4tzte Lesezeit\" \/>\n\t<meta name=\"twitter:data1\" content=\"2 Minuten\" \/>\n<script type=\"application\/ld+json\" class=\"yoast-schema-graph\">{\"@context\":\"https:\\\/\\\/schema.org\",\"@graph\":[{\"@type\":\"WebPage\",\"@id\":\"https:\\\/\\\/www.chemteq.net\\\/product\\\/acids-area-monitor\\\/\",\"url\":\"https:\\\/\\\/www.chemteq.net\\\/product\\\/acids-area-monitor\\\/\",\"name\":\"Acids Area Monitor. Suitable locations stack, vent or flue.\",\"isPartOf\":{\"@id\":\"https:\\\/\\\/www.chemteq.net\\\/#website\"},\"primaryImageOfPage\":{\"@id\":\"https:\\\/\\\/www.chemteq.net\\\/product\\\/acids-area-monitor\\\/#primaryimage\"},\"image\":{\"@id\":\"https:\\\/\\\/www.chemteq.net\\\/product\\\/acids-area-monitor\\\/#primaryimage\"},\"thumbnailUrl\":\"https:\\\/\\\/www.chemteq.net\\\/wp-content\\\/uploads\\\/2018\\\/01\\\/Acids-AM-Unexp-051114-scaled.jpg\",\"datePublished\":\"2018-01-19T12:41:47+00:00\",\"dateModified\":\"2025-12-01T16:57:46+00:00\",\"description\":\"acids area monitor is sensitive and selective indicator for the presence of traces of acids in air. Suitable locations stack, vent or flue.\",\"breadcrumb\":{\"@id\":\"https:\\\/\\\/www.chemteq.net\\\/product\\\/acids-area-monitor\\\/#breadcrumb\"},\"inLanguage\":\"de-DE\",\"potentialAction\":[{\"@type\":\"ReadAction\",\"target\":[\"https:\\\/\\\/www.chemteq.net\\\/product\\\/acids-area-monitor\\\/\"]}]},{\"@type\":\"ImageObject\",\"inLanguage\":\"de-DE\",\"@id\":\"https:\\\/\\\/www.chemteq.net\\\/product\\\/acids-area-monitor\\\/#primaryimage\",\"url\":\"https:\\\/\\\/www.chemteq.net\\\/wp-content\\\/uploads\\\/2018\\\/01\\\/Acids-AM-Unexp-051114-scaled.jpg\",\"contentUrl\":\"https:\\\/\\\/www.chemteq.net\\\/wp-content\\\/uploads\\\/2018\\\/01\\\/Acids-AM-Unexp-051114-scaled.jpg\",\"width\":2557,\"height\":2560,\"caption\":\"Acids Area Monitor\"},{\"@type\":\"BreadcrumbList\",\"@id\":\"https:\\\/\\\/www.chemteq.net\\\/product\\\/acids-area-monitor\\\/#breadcrumb\",\"itemListElement\":[{\"@type\":\"ListItem\",\"position\":1,\"name\":\"Home\",\"item\":\"https:\\\/\\\/www.chemteq.net\\\/\"},{\"@type\":\"ListItem\",\"position\":2,\"name\":\"Products\",\"item\":\"https:\\\/\\\/www.chemteq.net\\\/products\\\/\"},{\"@type\":\"ListItem\",\"position\":3,\"name\":\"Acids Area Monitor\"}]},{\"@type\":\"WebSite\",\"@id\":\"https:\\\/\\\/www.chemteq.net\\\/#website\",\"url\":\"https:\\\/\\\/www.chemteq.net\\\/\",\"name\":\"Chemteq Inc.\",\"description\":\"High Quality And Reliable Devices To Serve Health, Safety And Industrial Hygiene\",\"publisher\":{\"@id\":\"https:\\\/\\\/www.chemteq.net\\\/#organization\"},\"potentialAction\":[{\"@type\":\"SearchAction\",\"target\":{\"@type\":\"EntryPoint\",\"urlTemplate\":\"https:\\\/\\\/www.chemteq.net\\\/?s={search_term_string}\"},\"query-input\":{\"@type\":\"PropertyValueSpecification\",\"valueRequired\":true,\"valueName\":\"search_term_string\"}}],\"inLanguage\":\"de-DE\"},{\"@type\":\"Organization\",\"@id\":\"https:\\\/\\\/www.chemteq.net\\\/#organization\",\"name\":\"Chemteq Inc.\",\"url\":\"https:\\\/\\\/www.chemteq.net\\\/\",\"logo\":{\"@type\":\"ImageObject\",\"inLanguage\":\"de-DE\",\"@id\":\"https:\\\/\\\/www.chemteq.net\\\/#\\\/schema\\\/logo\\\/image\\\/\",\"url\":\"https:\\\/\\\/www.chemteq.net\\\/wp-content\\\/uploads\\\/2021\\\/04\\\/ChemteqLogo0112239041421-scaled.jpg\",\"contentUrl\":\"https:\\\/\\\/www.chemteq.net\\\/wp-content\\\/uploads\\\/2021\\\/04\\\/ChemteqLogo0112239041421-scaled.jpg\",\"width\":2560,\"height\":574,\"caption\":\"Chemteq Inc.\"},\"image\":{\"@id\":\"https:\\\/\\\/www.chemteq.net\\\/#\\\/schema\\\/logo\\\/image\\\/\"}}]}<\/script>\n<!-- \/ Yoast SEO plugin. -->","yoast_head_json":{"title":"Acids Area Monitor. Suitable locations stack, vent or flue.","description":"acids area monitor is sensitive and selective indicator for the presence of traces of acids in air. Suitable locations stack, vent or flue.","robots":{"index":"index","follow":"follow","max-snippet":"max-snippet:-1","max-image-preview":"max-image-preview:large","max-video-preview":"max-video-preview:-1"},"canonical":"https:\/\/www.chemteq.net\/de\/produkt\/acids-area-monitor\/","og_locale":"de_DE","og_type":"article","og_title":"acids area monitor","og_description":"acids area monitor is sensitive and selective indicator for the presence of traces of acids in air. Suitable locations stack, vent or flue.","og_url":"https:\/\/www.chemteq.net\/de\/produkt\/acids-area-monitor\/","og_site_name":"Chemteq Inc.","article_modified_time":"2025-12-01T16:57:46+00:00","og_image":[{"width":2560,"height":1181,"url":"https:\/\/www.chemteq.net\/wp-content\/uploads\/2018\/01\/Acids-Area-Monitor-010616-scaled.jpg","type":"image\/jpeg"}],"twitter_card":"summary_large_image","twitter_title":"acids area monitor","twitter_description":"acids area monitor is sensitive and selective indicator for the presence of traces of acids in air. Suitable locations stack, vent or flue.","twitter_image":"https:\/\/www.chemteq.net\/wp-content\/uploads\/2018\/01\/Acids-Area-Monitor-010616-scaled.jpg","twitter_misc":{"Gesch\u00e4tzte Lesezeit":"2 Minuten"},"schema":{"@context":"https:\/\/schema.org","@graph":[{"@type":"WebPage","@id":"https:\/\/www.chemteq.net\/product\/acids-area-monitor\/","url":"https:\/\/www.chemteq.net\/product\/acids-area-monitor\/","name":"Acids Area Monitor. Suitable locations stack, vent or flue.","isPartOf":{"@id":"https:\/\/www.chemteq.net\/#website"},"primaryImageOfPage":{"@id":"https:\/\/www.chemteq.net\/product\/acids-area-monitor\/#primaryimage"},"image":{"@id":"https:\/\/www.chemteq.net\/product\/acids-area-monitor\/#primaryimage"},"thumbnailUrl":"https:\/\/www.chemteq.net\/wp-content\/uploads\/2018\/01\/Acids-AM-Unexp-051114-scaled.jpg","datePublished":"2018-01-19T12:41:47+00:00","dateModified":"2025-12-01T16:57:46+00:00","description":"acids area monitor is sensitive and selective indicator for the presence of traces of acids in air. Suitable locations stack, vent or flue.","breadcrumb":{"@id":"https:\/\/www.chemteq.net\/product\/acids-area-monitor\/#breadcrumb"},"inLanguage":"de-DE","potentialAction":[{"@type":"ReadAction","target":["https:\/\/www.chemteq.net\/product\/acids-area-monitor\/"]}]},{"@type":"ImageObject","inLanguage":"de-DE","@id":"https:\/\/www.chemteq.net\/product\/acids-area-monitor\/#primaryimage","url":"https:\/\/www.chemteq.net\/wp-content\/uploads\/2018\/01\/Acids-AM-Unexp-051114-scaled.jpg","contentUrl":"https:\/\/www.chemteq.net\/wp-content\/uploads\/2018\/01\/Acids-AM-Unexp-051114-scaled.jpg","width":2557,"height":2560,"caption":"Acids Area Monitor"},{"@type":"BreadcrumbList","@id":"https:\/\/www.chemteq.net\/product\/acids-area-monitor\/#breadcrumb","itemListElement":[{"@type":"ListItem","position":1,"name":"Home","item":"https:\/\/www.chemteq.net\/"},{"@type":"ListItem","position":2,"name":"Products","item":"https:\/\/www.chemteq.net\/products\/"},{"@type":"ListItem","position":3,"name":"Acids Area Monitor"}]},{"@type":"WebSite","@id":"https:\/\/www.chemteq.net\/#website","url":"https:\/\/www.chemteq.net\/","name":"Chemteq Inc.","description":"High Quality And Reliable Devices To Serve Health, Safety And Industrial Hygiene","publisher":{"@id":"https:\/\/www.chemteq.net\/#organization"},"potentialAction":[{"@type":"SearchAction","target":{"@type":"EntryPoint","urlTemplate":"https:\/\/www.chemteq.net\/?s={search_term_string}"},"query-input":{"@type":"PropertyValueSpecification","valueRequired":true,"valueName":"search_term_string"}}],"inLanguage":"de-DE"},{"@type":"Organization","@id":"https:\/\/www.chemteq.net\/#organization","name":"Chemteq Inc.","url":"https:\/\/www.chemteq.net\/","logo":{"@type":"ImageObject","inLanguage":"de-DE","@id":"https:\/\/www.chemteq.net\/#\/schema\/logo\/image\/","url":"https:\/\/www.chemteq.net\/wp-content\/uploads\/2021\/04\/ChemteqLogo0112239041421-scaled.jpg","contentUrl":"https:\/\/www.chemteq.net\/wp-content\/uploads\/2021\/04\/ChemteqLogo0112239041421-scaled.jpg","width":2560,"height":574,"caption":"Chemteq Inc."},"image":{"@id":"https:\/\/www.chemteq.net\/#\/schema\/logo\/image\/"}}]}},"_links":{"self":[{"href":"https:\/\/www.chemteq.net\/de\/wp-json\/wp\/v2\/product\/228","targetHints":{"allow":["GET"]}}],"collection":[{"href":"https:\/\/www.chemteq.net\/de\/wp-json\/wp\/v2\/product"}],"about":[{"href":"https:\/\/www.chemteq.net\/de\/wp-json\/wp\/v2\/types\/product"}],"wp:featuredmedia":[{"embeddable":true,"href":"https:\/\/www.chemteq.net\/de\/wp-json\/wp\/v2\/media\/2554"}],"wp:attachment":[{"href":"https:\/\/www.chemteq.net\/de\/wp-json\/wp\/v2\/media?parent=228"}],"wp:term":[{"taxonomy":"product_brand","embeddable":true,"href":"https:\/\/www.chemteq.net\/de\/wp-json\/wp\/v2\/product_brand?post=228"},{"taxonomy":"product_cat","embeddable":true,"href":"https:\/\/www.chemteq.net\/de\/wp-json\/wp\/v2\/product_cat?post=228"},{"taxonomy":"product_tag","embeddable":true,"href":"https:\/\/www.chemteq.net\/de\/wp-json\/wp\/v2\/product_tag?post=228"}],"curies":[{"name":"wp","href":"https:\/\/api.w.org\/{rel}","templated":true}]}}