{"id":196,"date":"2018-01-19T10:31:04","date_gmt":"2018-01-19T10:31:04","guid":{"rendered":"http:\/\/chemteqinc.wpengine.com\/?product=juniper-bonsai"},"modified":"2022-07-27T08:34:01","modified_gmt":"2022-07-27T08:34:01","slug":"hydrazine-dg-water-test-ultra-low-range","status":"publish","type":"product","link":"https:\/\/www.chemteq.net\/de\/produkt\/hydrazine-dg-water-test-ultra-low-range\/","title":{"rendered":"Hydrazine Water Test Kit Ultra Low Range"},"content":{"rendered":"<p>Chemteq Hydrazin Ultra-Low Range Narrow Span DG Water Test Kit.<br \/>\nDer Hydrazin-DG-Wassertest ist eine selektive Echtzeit-Bestimmung von Hydrazinspuren in Wasser.<br \/>\nErfassungsbereich: 0,002ppm bis 10ppm.<br \/>\nIncrements (ppm): 0.002, 0.005, 0.01, 0.02, 0.03, 0.04, 0.05, 0.06, 0.07, 0.08, 0.09, 0.1, 0.2, 0.3, 0.4, 0.5, 0.75, 1.0, 2.0, 4.0, 6.0, 8.0, 10.<br \/>\nEs enth\u00e4lt eine Grauskala, um dunkle Substanzen oder Schmutz in der Wasserprobe zu kompensieren.<br \/>\n<strong>Bestandteile des Hydrazin-GD-Wassertests<\/strong>Drei\u00dfig Probenfl\u00e4schchen, PN: 83304-1030, eine Flasche mit Entwicklungsl\u00f6sung, PN: 83304-2000, ein Farbkomparator, PN: 83304-6000 und drei\u00dfig Einwegpipetten, PN: 82004-3030.<br \/>\n<strong>Bestandteile der Nachf\u00fcllpackung PN: 83304-5000:<\/strong><br \/>\n30 Sample Vials, PN: 83304-1030<br \/>\nEine Flasche mit Entwicklungsl\u00f6sung, PN: 83304-2000<br \/>\n30 Disposable Pipetten, PN: 82001-3030<\/p>\n<p>N\u00fctzliche Links<br \/>\n<a href=\"https:\/\/www.cdc.gov\/niosh\/topics\/hydrazine\/default.html\"><strong>CDC<\/strong><\/a><br \/>\n<a href=\"https:\/\/www.epa.gov\/sites\/production\/files\/2016-09\/documents\/hydrazine.pdf\"><strong>US EPA<\/strong><\/a><\/p>\n<div align=\"center\"><b>Specification<\/b><\/div>\n<table border=\"0\" cellspacing=\"0\" cellpadding=\"0\" align=\"left\">\n<tbody>\n<tr>\n<td width=\"30\">\n<p align=\"center\"><b>A<\/b><\/p>\n<\/td>\n<td colspan=\"3\" width=\"683\"><b>Probenfl\u00e4schchen<\/b><\/td>\n<\/tr>\n<tr>\n<td colspan=\"2\" width=\"38\">\n<p align=\"right\">a<\/p>\n<\/td>\n<td width=\"255\">Gewicht:<\/td>\n<td width=\"420\">0.75g (0.027oz)<\/td>\n<\/tr>\n<tr>\n<td colspan=\"2\" width=\"38\">\n<p align=\"right\">b<\/p>\n<\/td>\n<td width=\"255\">Ma\u00dfe:<\/td>\n<td width=\"420\">3.3cm (1.2in), diameter 10cm (0.4in)<\/td>\n<\/tr>\n<tr>\n<td colspan=\"2\" width=\"38\">\n<p align=\"right\">c<\/p>\n<\/td>\n<td width=\"255\">Betriebstemperatur:<\/td>\n<td width=\"420\">4<sup>o<\/sup>C to 60<sup>o<\/sup>C (39<sup>o<\/sup>F to 140<sup>o<\/sup>F)<\/td>\n<\/tr>\n<tr>\n<td colspan=\"2\" width=\"38\">\n<p align=\"right\">d<\/p>\n<\/td>\n<td width=\"255\">Minimale Nachweisgrenze:<\/td>\n<td width=\"420\">0.002ppm in 5 minutes<\/td>\n<\/tr>\n<tr>\n<td colspan=\"2\" width=\"38\">\n<p align=\"right\">e<\/p>\n<\/td>\n<td width=\"255\">Erfassungsbereich<\/td>\n<td width=\"420\">0.002ppm to 10ppm<\/td>\n<\/tr>\n<tr>\n<td colspan=\"2\" width=\"38\">\n<p align=\"right\">f<\/p>\n<\/td>\n<td width=\"255\">Farbwechsel:<\/td>\n<td width=\"420\">Colorless to yellow<\/td>\n<\/tr>\n<tr>\n<td colspan=\"2\" width=\"38\">\n<p align=\"right\">g<\/p>\n<\/td>\n<td width=\"255\">Lagertemperatur:<\/td>\n<td width=\"420\">4<sup>o<\/sup>C to 25<sup>o<\/sup>C, (39<sup>o<\/sup>F to 77<sup>o<\/sup>F)<\/td>\n<\/tr>\n<tr>\n<td colspan=\"2\" width=\"38\">\n<p align=\"right\">h<\/p>\n<\/td>\n<td width=\"255\">Haltbarkeit:<\/td>\n<td width=\"420\">1 year at 4<sup>o<\/sup>C to 25<sup>o<\/sup>C, (39<sup>o<\/sup>F to 77<sup>o<\/sup>F)<\/td>\n<\/tr>\n<tr>\n<td width=\"30\">\n<p align=\"center\"><b>B<\/b><\/p>\n<\/td>\n<td colspan=\"3\" width=\"683\"><b>Entwicklung einer L\u00f6sung<\/b><\/td>\n<\/tr>\n<tr>\n<td colspan=\"2\" width=\"38\">\n<p align=\"right\">a<\/p>\n<\/td>\n<td width=\"255\">Gewicht:<\/td>\n<td width=\"420\">9.0g (0.3oz)<\/td>\n<\/tr>\n<tr>\n<td colspan=\"2\" width=\"38\">\n<p align=\"right\">b<\/p>\n<\/td>\n<td width=\"255\">Ma\u00dfe:<\/td>\n<td width=\"420\">5.9cm (2.3in), \u03a6 1.8cm (0.7in)<\/td>\n<\/tr>\n<tr>\n<td width=\"30\">\n<p align=\"center\"><b>C<\/b><\/p>\n<\/td>\n<td colspan=\"3\" width=\"683\"><b>Color Comparator<\/b><\/td>\n<\/tr>\n<tr>\n<td colspan=\"2\" width=\"38\">\n<p align=\"right\">a<\/p>\n<\/td>\n<td width=\"255\">Gewicht:<\/td>\n<td width=\"420\">\n<p id=\"ext-gen29012\">28g (0.027oz)<\/p>\n<\/td>\n<\/tr>\n<tr>\n<td colspan=\"2\" width=\"38\">\n<p align=\"right\">b<\/p>\n<\/td>\n<td width=\"255\">Ma\u00dfe:<\/td>\n<td width=\"420\">15cm (6in), diameter 1.3cm (0.5in)<\/td>\n<\/tr>\n<tr>\n<td colspan=\"2\" width=\"38\">\n<p align=\"right\">c<\/p>\n<\/td>\n<td width=\"255\">Reichweite:<\/td>\n<td width=\"420\">0.025ppm to 1.2ppm<\/td>\n<\/tr>\n<tr>\n<td width=\"30\">\n<p align=\"right\"><b>D<\/b><\/p>\n<\/td>\n<td colspan=\"3\" valign=\"top\" width=\"683\"><b>Wegstellbare Pipette:<\/b><\/td>\n<\/tr>\n<tr>\n<td colspan=\"2\" width=\"38\">\n<p align=\"right\">a<\/p>\n<\/td>\n<td width=\"255\">Gewicht:<\/td>\n<td width=\"420\">0.75g (0.027oz)<\/td>\n<\/tr>\n<tr>\n<td colspan=\"2\" width=\"38\">\n<p align=\"right\">b<\/p>\n<\/td>\n<td width=\"255\">Ma\u00dfe:<\/td>\n<td width=\"420\">3.3cm (1.2in), diameter 10cm (0.4in)<\/td>\n<\/tr>\n<tr>\n<td colspan=\"2\" width=\"38\">\n<p align=\"right\">c<\/p>\n<\/td>\n<td width=\"255\">Kapazit\u00e4t:<\/td>\n<td width=\"420\">0.5ml<\/td>\n<\/tr>\n<\/tbody>\n<\/table>","protected":false},"excerpt":{"rendered":"<p>Detection Range: 0.002 to 10 ppm<br \/>\nComponents: 30 Sample Vials<br \/>\n1 Developing Solution<br \/>\n1 Color Comparator<br \/>\n30 Disposable Pipettes<\/p>","protected":false},"featured_media":2466,"template":"","meta":{"_acf_changed":false,"site-sidebar-layout":"default","site-content-layout":"default","ast-site-content-layout":"","site-content-style":"default","site-sidebar-style":"default","ast-global-header-display":"","ast-banner-title-visibility":"","ast-main-header-display":"","ast-hfb-above-header-display":"","ast-hfb-below-header-display":"","ast-hfb-mobile-header-display":"","site-post-title":"","ast-breadcrumbs-content":"","ast-featured-img":"","footer-sml-layout":"","theme-transparent-header-meta":"default","adv-header-id-meta":"","stick-header-meta":"default","header-above-stick-meta":"","header-main-stick-meta":"","header-below-stick-meta":"","astra-migrate-meta-layouts":"default","ast-page-background-enabled":"default","ast-page-background-meta":{"desktop":{"background-color":"","background-image":"","background-repeat":"repeat","background-position":"center center","background-size":"auto","background-attachment":"scroll","background-type":"","background-media":"","overlay-type":"","overlay-color":"","overlay-opacity":"","overlay-gradient":""},"tablet":{"background-color":"","background-image":"","background-repeat":"repeat","background-position":"center center","background-size":"auto","background-attachment":"scroll","background-type":"","background-media":"","overlay-type":"","overlay-color":"","overlay-opacity":"","overlay-gradient":""},"mobile":{"background-color":"","background-image":"","background-repeat":"repeat","background-position":"center center","background-size":"auto","background-attachment":"scroll","background-type":"","background-media":"","overlay-type":"","overlay-color":"","overlay-opacity":"","overlay-gradient":""}},"ast-content-background-meta":{"desktop":{"background-color":"var(--ast-global-color-5)","background-image":"","background-repeat":"repeat","background-position":"center center","background-size":"auto","background-attachment":"scroll","background-type":"","background-media":"","overlay-type":"","overlay-color":"","overlay-opacity":"","overlay-gradient":""},"tablet":{"background-color":"var(--ast-global-color-5)","background-image":"","background-repeat":"repeat","background-position":"center center","background-size":"auto","background-attachment":"scroll","background-type":"","background-media":"","overlay-type":"","overlay-color":"","overlay-opacity":"","overlay-gradient":""},"mobile":{"background-color":"var(--ast-global-color-5)","background-image":"","background-repeat":"repeat","background-position":"center center","background-size":"auto","background-attachment":"scroll","background-type":"","background-media":"","overlay-type":"","overlay-color":"","overlay-opacity":"","overlay-gradient":""}}},"product_brand":[],"product_cat":[45],"product_tag":[60,78,61],"class_list":{"0":"post-196","1":"product","2":"type-product","3":"status-publish","4":"has-post-thumbnail","6":"product_cat-hydrazine-dg-water-tests","7":"product_tag-aerospace","8":"product_tag-chemical-industries-emission-control-products","9":"product_tag-wastewater-treatment-emission-control-products","10":"desktop-align-left","11":"tablet-align-left","12":"mobile-align-left","13":"ast-product-gallery-layout-horizontal","14":"ast-product-gallery-with-no-image","15":"ast-product-tabs-layout-horizontal","17":"first","18":"instock","19":"taxable","20":"shipping-taxable","21":"purchasable","22":"product-type-simple"},"acf":[],"yoast_head":"<!-- This site is optimized with the Yoast SEO plugin v26.3 - https:\/\/yoast.com\/wordpress\/plugins\/seo\/ -->\n<title>Hydrazine dg Water Test UL Range Narrow Span DG Water Test Kit<\/title>\n<meta name=\"description\" content=\"Chemteq Hydrazine DG Water Test Kit. for determination of traces of Hydrazine in water. UL Range Narrow Span. Hydrazine MIL-87930 and H-70\" \/>\n<meta name=\"robots\" content=\"index, follow, max-snippet:-1, max-image-preview:large, max-video-preview:-1\" \/>\n<link rel=\"canonical\" href=\"https:\/\/www.chemteq.net\/de\/produkt\/hydrazine-dg-water-test-ultra-low-range\/\" \/>\n<meta property=\"og:locale\" content=\"de_DE\" \/>\n<meta property=\"og:type\" content=\"article\" \/>\n<meta property=\"og:title\" content=\"Hydrazine dg Water Test UL Range Narrow Span DG Water Test Kit\" \/>\n<meta property=\"og:description\" content=\"Chemteq Hydrazine DG Water Test Kit. for determination of traces of Hydrazine in water. UL Range Narrow Span. Hydrazine MIL-87930 and H-70\" \/>\n<meta property=\"og:url\" content=\"https:\/\/www.chemteq.net\/de\/produkt\/hydrazine-dg-water-test-ultra-low-range\/\" \/>\n<meta property=\"og:site_name\" content=\"Chemteq Inc.\" \/>\n<meta property=\"article:modified_time\" content=\"2022-07-27T08:34:01+00:00\" \/>\n<meta property=\"og:image\" content=\"https:\/\/www.chemteq.net\/wp-content\/uploads\/2018\/01\/Chemteq-Hydrazine-DG-Water-Analysis-Kit-UL.jpg\" \/>\n\t<meta property=\"og:image:width\" content=\"2100\" \/>\n\t<meta property=\"og:image:height\" content=\"2101\" \/>\n\t<meta property=\"og:image:type\" content=\"image\/jpeg\" \/>\n<meta name=\"twitter:card\" content=\"summary_large_image\" \/>\n<meta name=\"twitter:label1\" content=\"Gesch\u00e4tzte Lesezeit\" \/>\n\t<meta name=\"twitter:data1\" content=\"2 Minuten\" \/>\n<script type=\"application\/ld+json\" class=\"yoast-schema-graph\">{\"@context\":\"https:\/\/schema.org\",\"@graph\":[{\"@type\":\"WebPage\",\"@id\":\"https:\/\/www.chemteq.net\/product\/hydrazine-dg-water-test-ultra-low-range\/\",\"url\":\"https:\/\/www.chemteq.net\/product\/hydrazine-dg-water-test-ultra-low-range\/\",\"name\":\"Hydrazine dg Water Test UL Range Narrow Span DG Water Test Kit\",\"isPartOf\":{\"@id\":\"https:\/\/www.chemteq.net\/#website\"},\"primaryImageOfPage\":{\"@id\":\"https:\/\/www.chemteq.net\/product\/hydrazine-dg-water-test-ultra-low-range\/#primaryimage\"},\"image\":{\"@id\":\"https:\/\/www.chemteq.net\/product\/hydrazine-dg-water-test-ultra-low-range\/#primaryimage\"},\"thumbnailUrl\":\"https:\/\/www.chemteq.net\/wp-content\/uploads\/2018\/01\/Chemteq-Hydrazine-DG-Water-Analysis-Kit-UL.jpg\",\"datePublished\":\"2018-01-19T10:31:04+00:00\",\"dateModified\":\"2022-07-27T08:34:01+00:00\",\"description\":\"Chemteq Hydrazine DG Water Test Kit. for determination of traces of Hydrazine in water. UL Range Narrow Span. Hydrazine MIL-87930 and H-70\",\"breadcrumb\":{\"@id\":\"https:\/\/www.chemteq.net\/product\/hydrazine-dg-water-test-ultra-low-range\/#breadcrumb\"},\"inLanguage\":\"de-DE\",\"potentialAction\":[{\"@type\":\"ReadAction\",\"target\":[\"https:\/\/www.chemteq.net\/product\/hydrazine-dg-water-test-ultra-low-range\/\"]}]},{\"@type\":\"ImageObject\",\"inLanguage\":\"de-DE\",\"@id\":\"https:\/\/www.chemteq.net\/product\/hydrazine-dg-water-test-ultra-low-range\/#primaryimage\",\"url\":\"https:\/\/www.chemteq.net\/wp-content\/uploads\/2018\/01\/Chemteq-Hydrazine-DG-Water-Analysis-Kit-UL.jpg\",\"contentUrl\":\"https:\/\/www.chemteq.net\/wp-content\/uploads\/2018\/01\/Chemteq-Hydrazine-DG-Water-Analysis-Kit-UL.jpg\",\"width\":2100,\"height\":2101,\"caption\":\"Chemteq Hydrazine Ultra-Low Range Narrow Span DG Water Test Kit\"},{\"@type\":\"BreadcrumbList\",\"@id\":\"https:\/\/www.chemteq.net\/product\/hydrazine-dg-water-test-ultra-low-range\/#breadcrumb\",\"itemListElement\":[{\"@type\":\"ListItem\",\"position\":1,\"name\":\"Home\",\"item\":\"https:\/\/www.chemteq.net\/\"},{\"@type\":\"ListItem\",\"position\":2,\"name\":\"Products\",\"item\":\"https:\/\/www.chemteq.net\/products\/\"},{\"@type\":\"ListItem\",\"position\":3,\"name\":\"Hydrazine Water Test Kit Ultra Low Range\"}]},{\"@type\":\"WebSite\",\"@id\":\"https:\/\/www.chemteq.net\/#website\",\"url\":\"https:\/\/www.chemteq.net\/\",\"name\":\"Chemteq Inc.\",\"description\":\"High Quality And Reliable Devices To Serve Health, Safety And Industrial Hygiene\",\"publisher\":{\"@id\":\"https:\/\/www.chemteq.net\/#organization\"},\"potentialAction\":[{\"@type\":\"SearchAction\",\"target\":{\"@type\":\"EntryPoint\",\"urlTemplate\":\"https:\/\/www.chemteq.net\/?s={search_term_string}\"},\"query-input\":{\"@type\":\"PropertyValueSpecification\",\"valueRequired\":true,\"valueName\":\"search_term_string\"}}],\"inLanguage\":\"de-DE\"},{\"@type\":\"Organization\",\"@id\":\"https:\/\/www.chemteq.net\/#organization\",\"name\":\"Chemteq Inc.\",\"url\":\"https:\/\/www.chemteq.net\/\",\"logo\":{\"@type\":\"ImageObject\",\"inLanguage\":\"de-DE\",\"@id\":\"https:\/\/www.chemteq.net\/#\/schema\/logo\/image\/\",\"url\":\"https:\/\/www.chemteq.net\/wp-content\/uploads\/2021\/04\/ChemteqLogo0112239041421-scaled.jpg\",\"contentUrl\":\"https:\/\/www.chemteq.net\/wp-content\/uploads\/2021\/04\/ChemteqLogo0112239041421-scaled.jpg\",\"width\":2560,\"height\":574,\"caption\":\"Chemteq Inc.\"},\"image\":{\"@id\":\"https:\/\/www.chemteq.net\/#\/schema\/logo\/image\/\"}}]}<\/script>\n<!-- \/ Yoast SEO plugin. -->","yoast_head_json":{"title":"Hydrazine dg Water Test UL Range Narrow Span DG Water Test Kit","description":"Chemteq Hydrazine DG Water Test Kit. for determination of traces of Hydrazine in water. UL Range Narrow Span. Hydrazine MIL-87930 and H-70","robots":{"index":"index","follow":"follow","max-snippet":"max-snippet:-1","max-image-preview":"max-image-preview:large","max-video-preview":"max-video-preview:-1"},"canonical":"https:\/\/www.chemteq.net\/de\/produkt\/hydrazine-dg-water-test-ultra-low-range\/","og_locale":"de_DE","og_type":"article","og_title":"Hydrazine dg Water Test UL Range Narrow Span DG Water Test Kit","og_description":"Chemteq Hydrazine DG Water Test Kit. for determination of traces of Hydrazine in water. UL Range Narrow Span. Hydrazine MIL-87930 and H-70","og_url":"https:\/\/www.chemteq.net\/de\/produkt\/hydrazine-dg-water-test-ultra-low-range\/","og_site_name":"Chemteq Inc.","article_modified_time":"2022-07-27T08:34:01+00:00","og_image":[{"width":2100,"height":2101,"url":"https:\/\/www.chemteq.net\/wp-content\/uploads\/2018\/01\/Chemteq-Hydrazine-DG-Water-Analysis-Kit-UL.jpg","type":"image\/jpeg"}],"twitter_card":"summary_large_image","twitter_misc":{"Gesch\u00e4tzte Lesezeit":"2 Minuten"},"schema":{"@context":"https:\/\/schema.org","@graph":[{"@type":"WebPage","@id":"https:\/\/www.chemteq.net\/product\/hydrazine-dg-water-test-ultra-low-range\/","url":"https:\/\/www.chemteq.net\/product\/hydrazine-dg-water-test-ultra-low-range\/","name":"Hydrazine dg Water Test UL Range Narrow Span DG Water Test Kit","isPartOf":{"@id":"https:\/\/www.chemteq.net\/#website"},"primaryImageOfPage":{"@id":"https:\/\/www.chemteq.net\/product\/hydrazine-dg-water-test-ultra-low-range\/#primaryimage"},"image":{"@id":"https:\/\/www.chemteq.net\/product\/hydrazine-dg-water-test-ultra-low-range\/#primaryimage"},"thumbnailUrl":"https:\/\/www.chemteq.net\/wp-content\/uploads\/2018\/01\/Chemteq-Hydrazine-DG-Water-Analysis-Kit-UL.jpg","datePublished":"2018-01-19T10:31:04+00:00","dateModified":"2022-07-27T08:34:01+00:00","description":"Chemteq Hydrazine DG Water Test Kit. for determination of traces of Hydrazine in water. UL Range Narrow Span. Hydrazine MIL-87930 and H-70","breadcrumb":{"@id":"https:\/\/www.chemteq.net\/product\/hydrazine-dg-water-test-ultra-low-range\/#breadcrumb"},"inLanguage":"de-DE","potentialAction":[{"@type":"ReadAction","target":["https:\/\/www.chemteq.net\/product\/hydrazine-dg-water-test-ultra-low-range\/"]}]},{"@type":"ImageObject","inLanguage":"de-DE","@id":"https:\/\/www.chemteq.net\/product\/hydrazine-dg-water-test-ultra-low-range\/#primaryimage","url":"https:\/\/www.chemteq.net\/wp-content\/uploads\/2018\/01\/Chemteq-Hydrazine-DG-Water-Analysis-Kit-UL.jpg","contentUrl":"https:\/\/www.chemteq.net\/wp-content\/uploads\/2018\/01\/Chemteq-Hydrazine-DG-Water-Analysis-Kit-UL.jpg","width":2100,"height":2101,"caption":"Chemteq Hydrazine Ultra-Low Range Narrow Span DG Water Test Kit"},{"@type":"BreadcrumbList","@id":"https:\/\/www.chemteq.net\/product\/hydrazine-dg-water-test-ultra-low-range\/#breadcrumb","itemListElement":[{"@type":"ListItem","position":1,"name":"Home","item":"https:\/\/www.chemteq.net\/"},{"@type":"ListItem","position":2,"name":"Products","item":"https:\/\/www.chemteq.net\/products\/"},{"@type":"ListItem","position":3,"name":"Hydrazine Water Test Kit Ultra Low Range"}]},{"@type":"WebSite","@id":"https:\/\/www.chemteq.net\/#website","url":"https:\/\/www.chemteq.net\/","name":"Chemteq Inc.","description":"High Quality And Reliable Devices To Serve Health, Safety And Industrial Hygiene","publisher":{"@id":"https:\/\/www.chemteq.net\/#organization"},"potentialAction":[{"@type":"SearchAction","target":{"@type":"EntryPoint","urlTemplate":"https:\/\/www.chemteq.net\/?s={search_term_string}"},"query-input":{"@type":"PropertyValueSpecification","valueRequired":true,"valueName":"search_term_string"}}],"inLanguage":"de-DE"},{"@type":"Organization","@id":"https:\/\/www.chemteq.net\/#organization","name":"Chemteq Inc.","url":"https:\/\/www.chemteq.net\/","logo":{"@type":"ImageObject","inLanguage":"de-DE","@id":"https:\/\/www.chemteq.net\/#\/schema\/logo\/image\/","url":"https:\/\/www.chemteq.net\/wp-content\/uploads\/2021\/04\/ChemteqLogo0112239041421-scaled.jpg","contentUrl":"https:\/\/www.chemteq.net\/wp-content\/uploads\/2021\/04\/ChemteqLogo0112239041421-scaled.jpg","width":2560,"height":574,"caption":"Chemteq Inc."},"image":{"@id":"https:\/\/www.chemteq.net\/#\/schema\/logo\/image\/"}}]}},"_links":{"self":[{"href":"https:\/\/www.chemteq.net\/de\/wp-json\/wp\/v2\/product\/196","targetHints":{"allow":["GET"]}}],"collection":[{"href":"https:\/\/www.chemteq.net\/de\/wp-json\/wp\/v2\/product"}],"about":[{"href":"https:\/\/www.chemteq.net\/de\/wp-json\/wp\/v2\/types\/product"}],"wp:featuredmedia":[{"embeddable":true,"href":"https:\/\/www.chemteq.net\/de\/wp-json\/wp\/v2\/media\/2466"}],"wp:attachment":[{"href":"https:\/\/www.chemteq.net\/de\/wp-json\/wp\/v2\/media?parent=196"}],"wp:term":[{"taxonomy":"product_brand","embeddable":true,"href":"https:\/\/www.chemteq.net\/de\/wp-json\/wp\/v2\/product_brand?post=196"},{"taxonomy":"product_cat","embeddable":true,"href":"https:\/\/www.chemteq.net\/de\/wp-json\/wp\/v2\/product_cat?post=196"},{"taxonomy":"product_tag","embeddable":true,"href":"https:\/\/www.chemteq.net\/de\/wp-json\/wp\/v2\/product_tag?post=196"}],"curies":[{"name":"wp","href":"https:\/\/api.w.org\/{rel}","templated":true}]}}