{"id":1660,"date":"2021-04-28T11:19:41","date_gmt":"2021-04-28T11:19:41","guid":{"rendered":"http:\/\/chemteqinc.wpengine.com\/?post_type=product&#038;p=1660"},"modified":"2025-09-08T20:10:27","modified_gmt":"2025-09-08T20:10:27","slug":"ammonia-dg-filter-with-end-of-service-life-indicator-esli","status":"publish","type":"product","link":"https:\/\/www.chemteq.net\/de\/produkt\/ammonia-dg-filter-with-end-of-service-life-indicator-esli\/","title":{"rendered":"Ammonia DG Filter with End-of-Service Life Indicator (ESLI)"},"content":{"rendered":"<p style=\"text-align: left\">Ammonia DG Filter ESLI &#8211; PN 7404<br \/>\nDer DG-Filter mit End-of-Service-Life-Indikator (ESLI) ist ein effizienter und zuverl\u00e4ssiger Filter, der sich besonders f\u00fcr chemische Prozesse und Reaktorentl\u00fcftungen eignet. Der ESLI erm\u00f6glicht es dem Benutzer, den Filter sicher zu verwenden, ohne dass giftige Gase und D\u00e4mpfe in die Umgebung gelangen k\u00f6nnen. Der ESLI \u00e4ndert seine Farbe, wenn der Filter zu 75 % bis 80 % verbraucht ist, so dass noch 20 bis 25 % des Sorptionsmediums als Sicherheitspuffer zur Verf\u00fcgung stehen.<\/p>\n<p style=\"text-align: left\">Filterspezifikationen:<br \/>\nFilter with End-of-Services Life Indicator (ESLI)<br \/>\nLength = 3.5\u201d, diameter = 1\u201d, Inlet &amp; outlet = \u00be\u201d female NPT<br \/>\nUp to 15g. of special blends sorption media<br \/>\nGeeignet f\u00fcr chemische Prozesse und Reaktoren Entl\u00fcftungen<\/p>\n<p style=\"text-align: left\">Filter &amp; ESLI Specifications:<\/p>\n<table>\n<tbody>\n<tr>\n<td width=\"31\">a<\/td>\n<td width=\"231\">Gewicht:<\/td>\n<td width=\"355\">34g (1.6oz)<\/td>\n<\/tr>\n<tr>\n<td width=\"31\">b<\/td>\n<td width=\"231\">Ma\u00dfe:<\/td>\n<td width=\"355\">89.9mm (3.5in), diameter 24.5mm (1.0in)<\/td>\n<\/tr>\n<tr>\n<td width=\"31\">c<\/td>\n<td width=\"231\">Inlet &amp; outlet dimensions:<\/td>\n<td width=\"355\">\u00be&#8221; MNPT<\/td>\n<\/tr>\n<tr>\n<td width=\"31\">d<\/td>\n<td width=\"231\">Optimum allowable flow reta<\/td>\n<td width=\"355\">Static to 5cc\/min<\/td>\n<\/tr>\n<tr>\n<td width=\"31\">e<\/td>\n<td width=\"231\">Betriebstemperatur:<\/td>\n<td width=\"355\">-20<sup>o<\/sup>C to 40<sup>o<\/sup>C (-4<sup>o<\/sup>F to 104<sup>o<\/sup>F)<\/td>\n<\/tr>\n<tr>\n<td width=\"31\">f<\/td>\n<td width=\"231\">Betriebsfeuchtigkeit:<\/td>\n<td width=\"355\">5% RH to 85%RH<\/td>\n<\/tr>\n<tr>\n<td width=\"31\">g<\/td>\n<td width=\"231\">Minimale Nachweisgrenze:<\/td>\n<td width=\"355\">10ppm\u25cfhr<\/td>\n<\/tr>\n<tr>\n<td width=\"31\">h<\/td>\n<td width=\"231\">Farbwechsel:<\/td>\n<td width=\"355\">light blue to dark blue<\/td>\n<\/tr>\n<tr>\n<td width=\"31\">i<\/td>\n<td width=\"231\">Lagertemperatur:<\/td>\n<td width=\"355\">4<sup>o<\/sup>C to 25<sup>o<\/sup>C, (39<sup>o<\/sup>F to 77<sup>o<\/sup>F)<\/td>\n<\/tr>\n<tr>\n<td width=\"31\">j<\/td>\n<td width=\"231\">Haltbarkeit:<\/td>\n<td width=\"355\">2 years at 4<sup>o<\/sup>C to 25<sup>o<\/sup>C, (39<sup>o<\/sup>F to 77<sup>o<\/sup>F)<\/td>\n<\/tr>\n<tr>\n<td width=\"31\">k<\/td>\n<td width=\"231\">Lebensdauer:<\/td>\n<td width=\"355\">2 years<\/td>\n<\/tr>\n<\/tbody>\n<\/table>\n<p>Ammonia Filter ESLI<\/p>\n<p>N\u00fctzliche Links<br \/>\n<a href=\"https:\/\/www.cdc.gov\/niosh\/npg\/npgd0028.html\" target=\"_blank\" rel=\"noopener\">NIOSH<\/a><\/p>\n<p>Verwandte Produkte<br \/>\n<a href=\"https:\/\/www.chemteq.net\/de\/produkt\/ammonia-vapor-breakthrough-saturation-indicator\/\" target=\"_blank\" rel=\"noopener\">Ammonia breakthrough indicator<\/a><br \/>\n<a href=\"https:\/\/www.chemteq.net\/de\/produkt\/ammonia-saturation-indicator-sticker-for-ductless-hood-filters\/\" target=\"_blank\" rel=\"noopener\">Ductless hood filter change indictor sticker (BTIS) for ammonia<\/a><\/p>","protected":false},"excerpt":{"rendered":"<p>Dimensions: Length = 89.9mm (3.5\u201d), diameter = 24.5mm (1\u201d), Inlet &amp; outlet = \u00be\u201d Male NP<\/p>","protected":false},"featured_media":2591,"template":"","meta":{"_acf_changed":false,"site-sidebar-layout":"default","site-content-layout":"default","ast-site-content-layout":"default","site-content-style":"default","site-sidebar-style":"default","ast-global-header-display":"","ast-banner-title-visibility":"","ast-main-header-display":"","ast-hfb-above-header-display":"","ast-hfb-below-header-display":"","ast-hfb-mobile-header-display":"","site-post-title":"","ast-breadcrumbs-content":"","ast-featured-img":"","footer-sml-layout":"","theme-transparent-header-meta":"default","adv-header-id-meta":"","stick-header-meta":"default","header-above-stick-meta":"","header-main-stick-meta":"","header-below-stick-meta":"","astra-migrate-meta-layouts":"set","ast-page-background-enabled":"default","ast-page-background-meta":{"desktop":{"background-color":"","background-image":"","background-repeat":"repeat","background-position":"center center","background-size":"auto","background-attachment":"scroll","background-type":"","background-media":"","overlay-type":"","overlay-color":"","overlay-opacity":"","overlay-gradient":""},"tablet":{"background-color":"","background-image":"","background-repeat":"repeat","background-position":"center center","background-size":"auto","background-attachment":"scroll","background-type":"","background-media":"","overlay-type":"","overlay-color":"","overlay-opacity":"","overlay-gradient":""},"mobile":{"background-color":"","background-image":"","background-repeat":"repeat","background-position":"center center","background-size":"auto","background-attachment":"scroll","background-type":"","background-media":"","overlay-type":"","overlay-color":"","overlay-opacity":"","overlay-gradient":""}},"ast-content-background-meta":{"desktop":{"background-color":"var(--ast-global-color-5)","background-image":"","background-repeat":"repeat","background-position":"center center","background-size":"auto","background-attachment":"scroll","background-type":"","background-media":"","overlay-type":"","overlay-color":"","overlay-opacity":"","overlay-gradient":""},"tablet":{"background-color":"var(--ast-global-color-5)","background-image":"","background-repeat":"repeat","background-position":"center center","background-size":"auto","background-attachment":"scroll","background-type":"","background-media":"","overlay-type":"","overlay-color":"","overlay-opacity":"","overlay-gradient":""},"mobile":{"background-color":"var(--ast-global-color-5)","background-image":"","background-repeat":"repeat","background-position":"center center","background-size":"auto","background-attachment":"scroll","background-type":"","background-media":"","overlay-type":"","overlay-color":"","overlay-opacity":"","overlay-gradient":""}}},"product_brand":[],"product_cat":[72],"product_tag":[69,68],"class_list":{"0":"post-1660","1":"product","2":"type-product","3":"status-publish","4":"has-post-thumbnail","6":"product_cat-7400-series-dg-filters","7":"product_tag-laboratories-emission-control-products","8":"product_tag-life-sciences-emission-control-products","9":"desktop-align-left","10":"tablet-align-left","11":"mobile-align-left","12":"ast-product-gallery-layout-horizontal","13":"ast-product-gallery-with-no-image","14":"ast-product-tabs-layout-horizontal","16":"first","17":"instock","18":"taxable","19":"shipping-taxable","20":"purchasable","21":"product-type-simple"},"acf":[],"yoast_head":"<!-- This site is optimized with the Yoast SEO plugin v27.4 - https:\/\/yoast.com\/product\/yoast-seo-wordpress\/ -->\n<title>Ammonia DG Filter ESLI (end-of-service life indicators )<\/title>\n<meta name=\"description\" content=\"Ammonia DG Filter ESLI. The DG Filters with end-of-service life indicators is efficient and reliable filter suited for chemical processes.\" \/>\n<meta name=\"robots\" content=\"index, follow, max-snippet:-1, max-image-preview:large, max-video-preview:-1\" \/>\n<link rel=\"canonical\" href=\"https:\/\/www.chemteq.net\/de\/produkt\/ammonia-dg-filter-with-end-of-service-life-indicator-esli\/\" \/>\n<meta property=\"og:locale\" content=\"de_DE\" \/>\n<meta property=\"og:type\" content=\"article\" \/>\n<meta property=\"og:title\" content=\"Ammonia Filter with end of service life indicator\" \/>\n<meta property=\"og:description\" content=\"Ammonia Filter with end of service life indicator\" \/>\n<meta property=\"og:url\" content=\"https:\/\/www.chemteq.net\/de\/produkt\/ammonia-dg-filter-with-end-of-service-life-indicator-esli\/\" \/>\n<meta property=\"og:site_name\" content=\"Chemteq Inc.\" \/>\n<meta property=\"article:modified_time\" content=\"2025-09-08T20:10:27+00:00\" \/>\n<meta property=\"og:image\" content=\"https:\/\/www.chemteq.net\/wp-content\/uploads\/2021\/04\/Ammonia-Filter-with-end-of-service-life-indicator-scaled.jpg\" \/>\n\t<meta property=\"og:image:width\" content=\"2560\" \/>\n\t<meta property=\"og:image:height\" content=\"1829\" \/>\n\t<meta property=\"og:image:type\" content=\"image\/jpeg\" \/>\n<meta name=\"twitter:card\" content=\"summary_large_image\" \/>\n<meta name=\"twitter:title\" content=\"Ammonia Filter with end of service life indicator\" \/>\n<meta name=\"twitter:description\" content=\"Ammonia Filter with end of service life indicator\" \/>\n<meta name=\"twitter:image\" content=\"https:\/\/www.chemteq.net\/wp-content\/uploads\/2021\/04\/Ammonia-Filter-with-end-of-service-life-indicator-scaled.jpg\" \/>\n<meta name=\"twitter:label1\" content=\"Gesch\u00e4tzte Lesezeit\" \/>\n\t<meta name=\"twitter:data1\" content=\"2 Minuten\" \/>\n<script type=\"application\/ld+json\" class=\"yoast-schema-graph\">{\"@context\":\"https:\\\/\\\/schema.org\",\"@graph\":[{\"@type\":\"WebPage\",\"@id\":\"https:\\\/\\\/www.chemteq.net\\\/product\\\/ammonia-dg-filter-with-end-of-service-life-indicator-esli\\\/\",\"url\":\"https:\\\/\\\/www.chemteq.net\\\/product\\\/ammonia-dg-filter-with-end-of-service-life-indicator-esli\\\/\",\"name\":\"Ammonia DG Filter ESLI (end-of-service life indicators )\",\"isPartOf\":{\"@id\":\"https:\\\/\\\/www.chemteq.net\\\/#website\"},\"primaryImageOfPage\":{\"@id\":\"https:\\\/\\\/www.chemteq.net\\\/product\\\/ammonia-dg-filter-with-end-of-service-life-indicator-esli\\\/#primaryimage\"},\"image\":{\"@id\":\"https:\\\/\\\/www.chemteq.net\\\/product\\\/ammonia-dg-filter-with-end-of-service-life-indicator-esli\\\/#primaryimage\"},\"thumbnailUrl\":\"https:\\\/\\\/www.chemteq.net\\\/wp-content\\\/uploads\\\/2021\\\/04\\\/Ammonia-DG-Filter-ESLI-7404.jpg\",\"datePublished\":\"2021-04-28T11:19:41+00:00\",\"dateModified\":\"2025-09-08T20:10:27+00:00\",\"description\":\"Ammonia DG Filter ESLI. The DG Filters with end-of-service life indicators is efficient and reliable filter suited for chemical processes.\",\"breadcrumb\":{\"@id\":\"https:\\\/\\\/www.chemteq.net\\\/product\\\/ammonia-dg-filter-with-end-of-service-life-indicator-esli\\\/#breadcrumb\"},\"inLanguage\":\"de-DE\",\"potentialAction\":[{\"@type\":\"ReadAction\",\"target\":[\"https:\\\/\\\/www.chemteq.net\\\/product\\\/ammonia-dg-filter-with-end-of-service-life-indicator-esli\\\/\"]}]},{\"@type\":\"ImageObject\",\"inLanguage\":\"de-DE\",\"@id\":\"https:\\\/\\\/www.chemteq.net\\\/product\\\/ammonia-dg-filter-with-end-of-service-life-indicator-esli\\\/#primaryimage\",\"url\":\"https:\\\/\\\/www.chemteq.net\\\/wp-content\\\/uploads\\\/2021\\\/04\\\/Ammonia-DG-Filter-ESLI-7404.jpg\",\"contentUrl\":\"https:\\\/\\\/www.chemteq.net\\\/wp-content\\\/uploads\\\/2021\\\/04\\\/Ammonia-DG-Filter-ESLI-7404.jpg\",\"width\":2160,\"height\":2160,\"caption\":\"Ammonia DG Filter ESLI 7404\"},{\"@type\":\"BreadcrumbList\",\"@id\":\"https:\\\/\\\/www.chemteq.net\\\/product\\\/ammonia-dg-filter-with-end-of-service-life-indicator-esli\\\/#breadcrumb\",\"itemListElement\":[{\"@type\":\"ListItem\",\"position\":1,\"name\":\"Home\",\"item\":\"https:\\\/\\\/www.chemteq.net\\\/\"},{\"@type\":\"ListItem\",\"position\":2,\"name\":\"Products\",\"item\":\"https:\\\/\\\/www.chemteq.net\\\/products\\\/\"},{\"@type\":\"ListItem\",\"position\":3,\"name\":\"Ammonia DG Filter with End-of-Service Life Indicator (ESLI)\"}]},{\"@type\":\"WebSite\",\"@id\":\"https:\\\/\\\/www.chemteq.net\\\/#website\",\"url\":\"https:\\\/\\\/www.chemteq.net\\\/\",\"name\":\"Chemteq Inc.\",\"description\":\"High Quality And Reliable Devices To Serve Health, Safety And Industrial Hygiene\",\"publisher\":{\"@id\":\"https:\\\/\\\/www.chemteq.net\\\/#organization\"},\"potentialAction\":[{\"@type\":\"SearchAction\",\"target\":{\"@type\":\"EntryPoint\",\"urlTemplate\":\"https:\\\/\\\/www.chemteq.net\\\/?s={search_term_string}\"},\"query-input\":{\"@type\":\"PropertyValueSpecification\",\"valueRequired\":true,\"valueName\":\"search_term_string\"}}],\"inLanguage\":\"de-DE\"},{\"@type\":\"Organization\",\"@id\":\"https:\\\/\\\/www.chemteq.net\\\/#organization\",\"name\":\"Chemteq Inc.\",\"url\":\"https:\\\/\\\/www.chemteq.net\\\/\",\"logo\":{\"@type\":\"ImageObject\",\"inLanguage\":\"de-DE\",\"@id\":\"https:\\\/\\\/www.chemteq.net\\\/#\\\/schema\\\/logo\\\/image\\\/\",\"url\":\"https:\\\/\\\/www.chemteq.net\\\/wp-content\\\/uploads\\\/2021\\\/04\\\/ChemteqLogo0112239041421-scaled.jpg\",\"contentUrl\":\"https:\\\/\\\/www.chemteq.net\\\/wp-content\\\/uploads\\\/2021\\\/04\\\/ChemteqLogo0112239041421-scaled.jpg\",\"width\":2560,\"height\":574,\"caption\":\"Chemteq Inc.\"},\"image\":{\"@id\":\"https:\\\/\\\/www.chemteq.net\\\/#\\\/schema\\\/logo\\\/image\\\/\"}}]}<\/script>\n<!-- \/ Yoast SEO plugin. -->","yoast_head_json":{"title":"Ammonia DG Filter ESLI (end-of-service life indicators )","description":"Ammonia DG Filter ESLI. The DG Filters with end-of-service life indicators is efficient and reliable filter suited for chemical processes.","robots":{"index":"index","follow":"follow","max-snippet":"max-snippet:-1","max-image-preview":"max-image-preview:large","max-video-preview":"max-video-preview:-1"},"canonical":"https:\/\/www.chemteq.net\/de\/produkt\/ammonia-dg-filter-with-end-of-service-life-indicator-esli\/","og_locale":"de_DE","og_type":"article","og_title":"Ammonia Filter with end of service life indicator","og_description":"Ammonia Filter with end of service life indicator","og_url":"https:\/\/www.chemteq.net\/de\/produkt\/ammonia-dg-filter-with-end-of-service-life-indicator-esli\/","og_site_name":"Chemteq Inc.","article_modified_time":"2025-09-08T20:10:27+00:00","og_image":[{"width":2560,"height":1829,"url":"https:\/\/www.chemteq.net\/wp-content\/uploads\/2021\/04\/Ammonia-Filter-with-end-of-service-life-indicator-scaled.jpg","type":"image\/jpeg"}],"twitter_card":"summary_large_image","twitter_title":"Ammonia Filter with end of service life indicator","twitter_description":"Ammonia Filter with end of service life indicator","twitter_image":"https:\/\/www.chemteq.net\/wp-content\/uploads\/2021\/04\/Ammonia-Filter-with-end-of-service-life-indicator-scaled.jpg","twitter_misc":{"Gesch\u00e4tzte Lesezeit":"2 Minuten"},"schema":{"@context":"https:\/\/schema.org","@graph":[{"@type":"WebPage","@id":"https:\/\/www.chemteq.net\/product\/ammonia-dg-filter-with-end-of-service-life-indicator-esli\/","url":"https:\/\/www.chemteq.net\/product\/ammonia-dg-filter-with-end-of-service-life-indicator-esli\/","name":"Ammonia DG Filter ESLI (end-of-service life indicators )","isPartOf":{"@id":"https:\/\/www.chemteq.net\/#website"},"primaryImageOfPage":{"@id":"https:\/\/www.chemteq.net\/product\/ammonia-dg-filter-with-end-of-service-life-indicator-esli\/#primaryimage"},"image":{"@id":"https:\/\/www.chemteq.net\/product\/ammonia-dg-filter-with-end-of-service-life-indicator-esli\/#primaryimage"},"thumbnailUrl":"https:\/\/www.chemteq.net\/wp-content\/uploads\/2021\/04\/Ammonia-DG-Filter-ESLI-7404.jpg","datePublished":"2021-04-28T11:19:41+00:00","dateModified":"2025-09-08T20:10:27+00:00","description":"Ammonia DG Filter ESLI. The DG Filters with end-of-service life indicators is efficient and reliable filter suited for chemical processes.","breadcrumb":{"@id":"https:\/\/www.chemteq.net\/product\/ammonia-dg-filter-with-end-of-service-life-indicator-esli\/#breadcrumb"},"inLanguage":"de-DE","potentialAction":[{"@type":"ReadAction","target":["https:\/\/www.chemteq.net\/product\/ammonia-dg-filter-with-end-of-service-life-indicator-esli\/"]}]},{"@type":"ImageObject","inLanguage":"de-DE","@id":"https:\/\/www.chemteq.net\/product\/ammonia-dg-filter-with-end-of-service-life-indicator-esli\/#primaryimage","url":"https:\/\/www.chemteq.net\/wp-content\/uploads\/2021\/04\/Ammonia-DG-Filter-ESLI-7404.jpg","contentUrl":"https:\/\/www.chemteq.net\/wp-content\/uploads\/2021\/04\/Ammonia-DG-Filter-ESLI-7404.jpg","width":2160,"height":2160,"caption":"Ammonia DG Filter ESLI 7404"},{"@type":"BreadcrumbList","@id":"https:\/\/www.chemteq.net\/product\/ammonia-dg-filter-with-end-of-service-life-indicator-esli\/#breadcrumb","itemListElement":[{"@type":"ListItem","position":1,"name":"Home","item":"https:\/\/www.chemteq.net\/"},{"@type":"ListItem","position":2,"name":"Products","item":"https:\/\/www.chemteq.net\/products\/"},{"@type":"ListItem","position":3,"name":"Ammonia DG Filter with End-of-Service Life Indicator (ESLI)"}]},{"@type":"WebSite","@id":"https:\/\/www.chemteq.net\/#website","url":"https:\/\/www.chemteq.net\/","name":"Chemteq Inc.","description":"High Quality And Reliable Devices To Serve Health, Safety And Industrial Hygiene","publisher":{"@id":"https:\/\/www.chemteq.net\/#organization"},"potentialAction":[{"@type":"SearchAction","target":{"@type":"EntryPoint","urlTemplate":"https:\/\/www.chemteq.net\/?s={search_term_string}"},"query-input":{"@type":"PropertyValueSpecification","valueRequired":true,"valueName":"search_term_string"}}],"inLanguage":"de-DE"},{"@type":"Organization","@id":"https:\/\/www.chemteq.net\/#organization","name":"Chemteq Inc.","url":"https:\/\/www.chemteq.net\/","logo":{"@type":"ImageObject","inLanguage":"de-DE","@id":"https:\/\/www.chemteq.net\/#\/schema\/logo\/image\/","url":"https:\/\/www.chemteq.net\/wp-content\/uploads\/2021\/04\/ChemteqLogo0112239041421-scaled.jpg","contentUrl":"https:\/\/www.chemteq.net\/wp-content\/uploads\/2021\/04\/ChemteqLogo0112239041421-scaled.jpg","width":2560,"height":574,"caption":"Chemteq Inc."},"image":{"@id":"https:\/\/www.chemteq.net\/#\/schema\/logo\/image\/"}}]}},"_links":{"self":[{"href":"https:\/\/www.chemteq.net\/de\/wp-json\/wp\/v2\/product\/1660","targetHints":{"allow":["GET"]}}],"collection":[{"href":"https:\/\/www.chemteq.net\/de\/wp-json\/wp\/v2\/product"}],"about":[{"href":"https:\/\/www.chemteq.net\/de\/wp-json\/wp\/v2\/types\/product"}],"wp:featuredmedia":[{"embeddable":true,"href":"https:\/\/www.chemteq.net\/de\/wp-json\/wp\/v2\/media\/2591"}],"wp:attachment":[{"href":"https:\/\/www.chemteq.net\/de\/wp-json\/wp\/v2\/media?parent=1660"}],"wp:term":[{"taxonomy":"product_brand","embeddable":true,"href":"https:\/\/www.chemteq.net\/de\/wp-json\/wp\/v2\/product_brand?post=1660"},{"taxonomy":"product_cat","embeddable":true,"href":"https:\/\/www.chemteq.net\/de\/wp-json\/wp\/v2\/product_cat?post=1660"},{"taxonomy":"product_tag","embeddable":true,"href":"https:\/\/www.chemteq.net\/de\/wp-json\/wp\/v2\/product_tag?post=1660"}],"curies":[{"name":"wp","href":"https:\/\/api.w.org\/{rel}","templated":true}]}}