{"id":1615,"date":"2021-04-27T14:59:45","date_gmt":"2021-04-27T14:59:45","guid":{"rendered":"http:\/\/chemteqinc.wpengine.com\/?post_type=product&#038;p=1615"},"modified":"2023-07-19T04:04:44","modified_gmt":"2023-07-19T04:04:44","slug":"hydrazines-breakthrough-indicator-sticker-type-b-btis","status":"publish","type":"product","link":"https:\/\/www.chemteq.net\/de\/produkt\/hydrazines-breakthrough-indicator-sticker-type-b-btis\/","title":{"rendered":"Hydrazines Breakthrough-Indicator Sticker Type B (BTIS B)"},"content":{"rendered":"<p>Hydrazines Breakthrough-Indicator Sticker-B (BTIS B) &#8211; PN 258. Is a leak detector for use in chemicals transport vehicles and chemical storage cabinets. Detects MIL-P-87930 and H-70. Suitable locations are the inside of glass window of chemical transport vehicle, or the inside glass window of chemical storage cabinet where representative samples can be obtained. Reliable and cost effective. Operates under extreme conditions and has extended service life.<\/p>\n<p>Wie wird das BTIS B verwendet?<\/p>\n<ol>\n<li>Entfernen Sie die selbstklebende Schutzfolie von der Vorderseite des Aufklebers.<\/li>\n<li>Kleben Sie den Aufkleber so auf die mittlere, saubere Stelle der Innenscheibe des Chemikalientransportfahrzeugs oder des Chemikalienschranks, dass der Lesebereich (gl\u00e4nzende Oberfl\u00e4che) des Aufklebers zur Innenscheibe zeigt.<\/li>\n<li>Ein Farbwechsel zeigt ein Leck an.<\/li>\n<\/ol>\n<p><strong>Produktspezifikationen<\/strong><\/p>\n<table>\n<tbody>\n<tr>\n<td width=\"28\">a<\/td>\n<td width=\"231\">Gewicht:<\/td>\n<td width=\"358\">0.4g (0.02oz)<\/td>\n<\/tr>\n<tr>\n<td width=\"28\">b<\/td>\n<td width=\"231\">Ma\u00dfe:<\/td>\n<td width=\"358\">2.8mm (0.11in), diameter: 38.1mm (1.5in)<\/td>\n<\/tr>\n<tr>\n<td width=\"28\">c<\/td>\n<td width=\"231\">Betriebstemperatur:<\/td>\n<td width=\"358\">-20<sup>o<\/sup>C to 65<sup>o<\/sup>C (-4<sup>o<\/sup>F to 149<sup>o<\/sup>F)<\/td>\n<\/tr>\n<tr>\n<td width=\"28\">d<\/td>\n<td width=\"231\">Betriebsfeuchtigkeit:<\/td>\n<td width=\"358\">5% RH to 90%RH<\/td>\n<\/tr>\n<tr>\n<td width=\"28\">e<\/td>\n<td width=\"231\">Minimale Nachweisgrenze:<\/td>\n<td width=\"358\">0.15ppm\u2022hr at 30 cm\/sec face velocity<\/td>\n<\/tr>\n<tr>\n<td width=\"28\">f<\/td>\n<td width=\"231\">Farbwechsel:<\/td>\n<td width=\"358\">Green to brown to black<\/td>\n<\/tr>\n<tr>\n<td width=\"28\">g<\/td>\n<td width=\"231\">Lagertemperatur:<\/td>\n<td width=\"358\">4<sup>o<\/sup>C to 25<sup>o<\/sup>C, (39<sup>o<\/sup>F to 77<sup>o<\/sup>F)<\/td>\n<\/tr>\n<tr>\n<td width=\"28\">h<\/td>\n<td width=\"231\">Haltbarkeit:<\/td>\n<td width=\"358\">2 years at 4<sup>o<\/sup>C to 25<sup>o<\/sup>C, (39<sup>o<\/sup>F to 77<sup>o<\/sup>F)<\/td>\n<\/tr>\n<tr>\n<td width=\"28\">i<\/td>\n<td width=\"231\">Lebensdauer:<\/td>\n<td width=\"358\">4 months<\/td>\n<\/tr>\n<\/tbody>\n<\/table>\n<p><strong>Fakten \u00fcber Hydrazine<\/strong><\/p>\n<ol>\n<li>Klare, farblose Fl\u00fcssigkeiten mit einem ammoniak\u00e4hnlichen Geruch.<\/li>\n<li>Sie sind sehr reaktiv und fangen leicht Feuer.<\/li>\n<li>NIOSH empfiehlt den Arbeitgebern die Verwendung von\u00a0<a href=\"https:\/\/www.cdc.gov\/niosh\/topics\/hierarchy\/default.html\">Hierarchy of Controls <\/a>um Verletzungen zu vermeiden. Wenn Sie in einer Branche arbeiten, in der Hydrazin verwendet wird, lesen Sie bitte die Etiketten der Chemikalien und die beigef\u00fcgten Sicherheitsdatenbl\u00e4tter, um sich \u00fcber die Gefahren zu informieren. Besuchen Sie die Seite des NIOSH \u00fcber <a href=\"https:\/\/www.cdc.gov\/niosh\/chemicals\/default.html\">Management der Chemikaliensicherheit am Arbeitsplatz<\/a> um mehr \u00fcber die Kontrolle der Exposition gegen\u00fcber Chemikalien am Arbeitsplatz zu erfahren.<\/li>\n<\/ol>\n<p>N\u00fctzliche Links<br \/>\n<a href=\"https:\/\/www.osha.gov\/chemicaldata\/347\" target=\"_blank\" rel=\"noopener\">OSHA<\/a><br \/>\n<a href=\"https:\/\/www.cdc.gov\/niosh\/npg\/npgd0329.html\" target=\"_blank\" rel=\"noopener\">NIOSH<\/a><br \/>\n<a href=\"https:\/\/www.chemteq.net\/de\/chemteq-filter-change-indicators\/\">Filter Change Indicators<\/a><\/p>\n<p>Hydrazines Breakthrough-Indicator Sticker-B<\/p>","protected":false},"excerpt":{"rendered":"<p>Dimensions: Diameter = 38.1mm (1.5in), Height = 2.0mm (0.11in), SOLD IN PACKS OF 5<\/p>","protected":false},"featured_media":1616,"template":"","meta":{"_acf_changed":false,"site-sidebar-layout":"default","site-content-layout":"default","ast-site-content-layout":"","site-content-style":"default","site-sidebar-style":"default","ast-global-header-display":"","ast-banner-title-visibility":"","ast-main-header-display":"","ast-hfb-above-header-display":"","ast-hfb-below-header-display":"","ast-hfb-mobile-header-display":"","site-post-title":"","ast-breadcrumbs-content":"","ast-featured-img":"","footer-sml-layout":"","theme-transparent-header-meta":"default","adv-header-id-meta":"","stick-header-meta":"default","header-above-stick-meta":"","header-main-stick-meta":"","header-below-stick-meta":"","astra-migrate-meta-layouts":"default","ast-page-background-enabled":"default","ast-page-background-meta":{"desktop":{"background-color":"","background-image":"","background-repeat":"repeat","background-position":"center center","background-size":"auto","background-attachment":"scroll","background-type":"","background-media":"","overlay-type":"","overlay-color":"","overlay-opacity":"","overlay-gradient":""},"tablet":{"background-color":"","background-image":"","background-repeat":"repeat","background-position":"center center","background-size":"auto","background-attachment":"scroll","background-type":"","background-media":"","overlay-type":"","overlay-color":"","overlay-opacity":"","overlay-gradient":""},"mobile":{"background-color":"","background-image":"","background-repeat":"repeat","background-position":"center center","background-size":"auto","background-attachment":"scroll","background-type":"","background-media":"","overlay-type":"","overlay-color":"","overlay-opacity":"","overlay-gradient":""}},"ast-content-background-meta":{"desktop":{"background-color":"var(--ast-global-color-5)","background-image":"","background-repeat":"repeat","background-position":"center center","background-size":"auto","background-attachment":"scroll","background-type":"","background-media":"","overlay-type":"","overlay-color":"","overlay-opacity":"","overlay-gradient":""},"tablet":{"background-color":"var(--ast-global-color-5)","background-image":"","background-repeat":"repeat","background-position":"center center","background-size":"auto","background-attachment":"scroll","background-type":"","background-media":"","overlay-type":"","overlay-color":"","overlay-opacity":"","overlay-gradient":""},"mobile":{"background-color":"var(--ast-global-color-5)","background-image":"","background-repeat":"repeat","background-position":"center center","background-size":"auto","background-attachment":"scroll","background-type":"","background-media":"","overlay-type":"","overlay-color":"","overlay-opacity":"","overlay-gradient":""}}},"product_brand":[],"product_cat":[62],"product_tag":[60,78],"class_list":{"0":"post-1615","1":"product","2":"type-product","3":"status-publish","4":"has-post-thumbnail","6":"product_cat-btis-b-filter-breakthrough-indicator-stickers-type-b","7":"product_tag-aerospace","8":"product_tag-chemical-industries-emission-control-products","9":"desktop-align-left","10":"tablet-align-left","11":"mobile-align-left","12":"ast-product-gallery-layout-horizontal","13":"ast-product-gallery-with-no-image","14":"ast-product-tabs-layout-horizontal","16":"first","17":"instock","18":"taxable","19":"shipping-taxable","20":"purchasable","21":"product-type-simple"},"acf":[],"yoast_head":"<!-- This site is optimized with the Yoast SEO plugin v27.4 - https:\/\/yoast.com\/product\/yoast-seo-wordpress\/ -->\n<title>Hydrazines Breakthrough-Indicator Sticker-B are leak indicators<\/title>\n<meta name=\"description\" content=\"Hydrazines Breakthrough-Indicator Sticker-B (BTIS B). Leak detector for chemical transport vehicles and chemical storage cabinets\" \/>\n<meta name=\"robots\" content=\"index, follow, max-snippet:-1, max-image-preview:large, max-video-preview:-1\" \/>\n<link rel=\"canonical\" href=\"https:\/\/www.chemteq.net\/de\/produkt\/hydrazines-breakthrough-indicator-sticker-type-b-btis\/\" \/>\n<meta property=\"og:locale\" content=\"de_DE\" \/>\n<meta property=\"og:type\" content=\"article\" \/>\n<meta property=\"og:title\" content=\"Hydrazines Breakthrough-Indicator Sticker-B (BTIS B). Leak detector\" \/>\n<meta property=\"og:description\" content=\"Hydrazines Breakthrough-Indicator Sticker-B (BTIS B). Leak detector for chemical transport vehicles and chemical storage cabinets\" \/>\n<meta property=\"og:url\" content=\"https:\/\/www.chemteq.net\/de\/produkt\/hydrazines-breakthrough-indicator-sticker-type-b-btis\/\" \/>\n<meta property=\"og:site_name\" content=\"Chemteq Inc.\" \/>\n<meta property=\"article:modified_time\" content=\"2023-07-19T04:04:44+00:00\" \/>\n<meta property=\"og:image\" content=\"https:\/\/www.chemteq.net\/wp-content\/uploads\/2021\/04\/Hydrazine-Breakthrough-Indicators-Sticker-Type-B-Leak-detector-for-chemicals-transport-vehicles-scaled.jpg\" \/>\n\t<meta property=\"og:image:width\" content=\"2560\" \/>\n\t<meta property=\"og:image:height\" content=\"1830\" \/>\n\t<meta property=\"og:image:type\" content=\"image\/jpeg\" \/>\n<meta name=\"twitter:card\" content=\"summary_large_image\" \/>\n<meta name=\"twitter:title\" content=\"Hydrazines Breakthrough-Indicator Sticker-B (BTIS B). Leak detector\" \/>\n<meta name=\"twitter:description\" content=\"Hydrazines Breakthrough-Indicator Sticker-B (BTIS B). Leak detector for chemical transport vehicles and chemical storage cabinets\" \/>\n<meta name=\"twitter:image\" content=\"https:\/\/www.chemteq.net\/wp-content\/uploads\/2021\/04\/Hydrazine-Breakthrough-Indicators-Sticker-Type-B-Leak-detector-for-chemicals-transport-vehicles-scaled.jpg\" \/>\n<meta name=\"twitter:label1\" content=\"Gesch\u00e4tzte Lesezeit\" \/>\n\t<meta name=\"twitter:data1\" content=\"2 Minuten\" \/>\n<script type=\"application\/ld+json\" class=\"yoast-schema-graph\">{\"@context\":\"https:\\\/\\\/schema.org\",\"@graph\":[{\"@type\":\"WebPage\",\"@id\":\"https:\\\/\\\/www.chemteq.net\\\/product\\\/hydrazines-breakthrough-indicator-sticker-type-b-btis\\\/\",\"url\":\"https:\\\/\\\/www.chemteq.net\\\/product\\\/hydrazines-breakthrough-indicator-sticker-type-b-btis\\\/\",\"name\":\"Hydrazines Breakthrough-Indicator Sticker-B are leak indicators\",\"isPartOf\":{\"@id\":\"https:\\\/\\\/www.chemteq.net\\\/#website\"},\"primaryImageOfPage\":{\"@id\":\"https:\\\/\\\/www.chemteq.net\\\/product\\\/hydrazines-breakthrough-indicator-sticker-type-b-btis\\\/#primaryimage\"},\"image\":{\"@id\":\"https:\\\/\\\/www.chemteq.net\\\/product\\\/hydrazines-breakthrough-indicator-sticker-type-b-btis\\\/#primaryimage\"},\"thumbnailUrl\":\"https:\\\/\\\/www.chemteq.net\\\/wp-content\\\/uploads\\\/2021\\\/04\\\/258-pic.jpg\",\"datePublished\":\"2021-04-27T14:59:45+00:00\",\"dateModified\":\"2023-07-19T04:04:44+00:00\",\"description\":\"Hydrazines Breakthrough-Indicator Sticker-B (BTIS B). Leak detector for chemical transport vehicles and chemical storage cabinets\",\"breadcrumb\":{\"@id\":\"https:\\\/\\\/www.chemteq.net\\\/product\\\/hydrazines-breakthrough-indicator-sticker-type-b-btis\\\/#breadcrumb\"},\"inLanguage\":\"de-DE\",\"potentialAction\":[{\"@type\":\"ReadAction\",\"target\":[\"https:\\\/\\\/www.chemteq.net\\\/product\\\/hydrazines-breakthrough-indicator-sticker-type-b-btis\\\/\"]}]},{\"@type\":\"ImageObject\",\"inLanguage\":\"de-DE\",\"@id\":\"https:\\\/\\\/www.chemteq.net\\\/product\\\/hydrazines-breakthrough-indicator-sticker-type-b-btis\\\/#primaryimage\",\"url\":\"https:\\\/\\\/www.chemteq.net\\\/wp-content\\\/uploads\\\/2021\\\/04\\\/258-pic.jpg\",\"contentUrl\":\"https:\\\/\\\/www.chemteq.net\\\/wp-content\\\/uploads\\\/2021\\\/04\\\/258-pic.jpg\",\"width\":1000,\"height\":1000,\"caption\":\"Hydrazines Leak detector for chemical transport vehicles and chemical storage cabinets\"},{\"@type\":\"BreadcrumbList\",\"@id\":\"https:\\\/\\\/www.chemteq.net\\\/product\\\/hydrazines-breakthrough-indicator-sticker-type-b-btis\\\/#breadcrumb\",\"itemListElement\":[{\"@type\":\"ListItem\",\"position\":1,\"name\":\"Home\",\"item\":\"https:\\\/\\\/www.chemteq.net\\\/\"},{\"@type\":\"ListItem\",\"position\":2,\"name\":\"Products\",\"item\":\"https:\\\/\\\/www.chemteq.net\\\/products\\\/\"},{\"@type\":\"ListItem\",\"position\":3,\"name\":\"Hydrazines Breakthrough-Indicator Sticker Type B (BTIS B)\"}]},{\"@type\":\"WebSite\",\"@id\":\"https:\\\/\\\/www.chemteq.net\\\/#website\",\"url\":\"https:\\\/\\\/www.chemteq.net\\\/\",\"name\":\"Chemteq Inc.\",\"description\":\"High Quality And Reliable Devices To Serve Health, Safety And Industrial Hygiene\",\"publisher\":{\"@id\":\"https:\\\/\\\/www.chemteq.net\\\/#organization\"},\"potentialAction\":[{\"@type\":\"SearchAction\",\"target\":{\"@type\":\"EntryPoint\",\"urlTemplate\":\"https:\\\/\\\/www.chemteq.net\\\/?s={search_term_string}\"},\"query-input\":{\"@type\":\"PropertyValueSpecification\",\"valueRequired\":true,\"valueName\":\"search_term_string\"}}],\"inLanguage\":\"de-DE\"},{\"@type\":\"Organization\",\"@id\":\"https:\\\/\\\/www.chemteq.net\\\/#organization\",\"name\":\"Chemteq Inc.\",\"url\":\"https:\\\/\\\/www.chemteq.net\\\/\",\"logo\":{\"@type\":\"ImageObject\",\"inLanguage\":\"de-DE\",\"@id\":\"https:\\\/\\\/www.chemteq.net\\\/#\\\/schema\\\/logo\\\/image\\\/\",\"url\":\"https:\\\/\\\/www.chemteq.net\\\/wp-content\\\/uploads\\\/2021\\\/04\\\/ChemteqLogo0112239041421-scaled.jpg\",\"contentUrl\":\"https:\\\/\\\/www.chemteq.net\\\/wp-content\\\/uploads\\\/2021\\\/04\\\/ChemteqLogo0112239041421-scaled.jpg\",\"width\":2560,\"height\":574,\"caption\":\"Chemteq Inc.\"},\"image\":{\"@id\":\"https:\\\/\\\/www.chemteq.net\\\/#\\\/schema\\\/logo\\\/image\\\/\"}}]}<\/script>\n<!-- \/ Yoast SEO plugin. -->","yoast_head_json":{"title":"Hydrazines Breakthrough-Indicator Sticker-B are leak indicators","description":"Hydrazines Breakthrough-Indicator Sticker-B (BTIS B). Leak detector for chemical transport vehicles and chemical storage cabinets","robots":{"index":"index","follow":"follow","max-snippet":"max-snippet:-1","max-image-preview":"max-image-preview:large","max-video-preview":"max-video-preview:-1"},"canonical":"https:\/\/www.chemteq.net\/de\/produkt\/hydrazines-breakthrough-indicator-sticker-type-b-btis\/","og_locale":"de_DE","og_type":"article","og_title":"Hydrazines Breakthrough-Indicator Sticker-B (BTIS B). Leak detector","og_description":"Hydrazines Breakthrough-Indicator Sticker-B (BTIS B). Leak detector for chemical transport vehicles and chemical storage cabinets","og_url":"https:\/\/www.chemteq.net\/de\/produkt\/hydrazines-breakthrough-indicator-sticker-type-b-btis\/","og_site_name":"Chemteq Inc.","article_modified_time":"2023-07-19T04:04:44+00:00","og_image":[{"width":2560,"height":1830,"url":"https:\/\/www.chemteq.net\/wp-content\/uploads\/2021\/04\/Hydrazine-Breakthrough-Indicators-Sticker-Type-B-Leak-detector-for-chemicals-transport-vehicles-scaled.jpg","type":"image\/jpeg"}],"twitter_card":"summary_large_image","twitter_title":"Hydrazines Breakthrough-Indicator Sticker-B (BTIS B). Leak detector","twitter_description":"Hydrazines Breakthrough-Indicator Sticker-B (BTIS B). Leak detector for chemical transport vehicles and chemical storage cabinets","twitter_image":"https:\/\/www.chemteq.net\/wp-content\/uploads\/2021\/04\/Hydrazine-Breakthrough-Indicators-Sticker-Type-B-Leak-detector-for-chemicals-transport-vehicles-scaled.jpg","twitter_misc":{"Gesch\u00e4tzte Lesezeit":"2 Minuten"},"schema":{"@context":"https:\/\/schema.org","@graph":[{"@type":"WebPage","@id":"https:\/\/www.chemteq.net\/product\/hydrazines-breakthrough-indicator-sticker-type-b-btis\/","url":"https:\/\/www.chemteq.net\/product\/hydrazines-breakthrough-indicator-sticker-type-b-btis\/","name":"Hydrazines Breakthrough-Indicator Sticker-B are leak indicators","isPartOf":{"@id":"https:\/\/www.chemteq.net\/#website"},"primaryImageOfPage":{"@id":"https:\/\/www.chemteq.net\/product\/hydrazines-breakthrough-indicator-sticker-type-b-btis\/#primaryimage"},"image":{"@id":"https:\/\/www.chemteq.net\/product\/hydrazines-breakthrough-indicator-sticker-type-b-btis\/#primaryimage"},"thumbnailUrl":"https:\/\/www.chemteq.net\/wp-content\/uploads\/2021\/04\/258-pic.jpg","datePublished":"2021-04-27T14:59:45+00:00","dateModified":"2023-07-19T04:04:44+00:00","description":"Hydrazines Breakthrough-Indicator Sticker-B (BTIS B). Leak detector for chemical transport vehicles and chemical storage cabinets","breadcrumb":{"@id":"https:\/\/www.chemteq.net\/product\/hydrazines-breakthrough-indicator-sticker-type-b-btis\/#breadcrumb"},"inLanguage":"de-DE","potentialAction":[{"@type":"ReadAction","target":["https:\/\/www.chemteq.net\/product\/hydrazines-breakthrough-indicator-sticker-type-b-btis\/"]}]},{"@type":"ImageObject","inLanguage":"de-DE","@id":"https:\/\/www.chemteq.net\/product\/hydrazines-breakthrough-indicator-sticker-type-b-btis\/#primaryimage","url":"https:\/\/www.chemteq.net\/wp-content\/uploads\/2021\/04\/258-pic.jpg","contentUrl":"https:\/\/www.chemteq.net\/wp-content\/uploads\/2021\/04\/258-pic.jpg","width":1000,"height":1000,"caption":"Hydrazines Leak detector for chemical transport vehicles and chemical storage cabinets"},{"@type":"BreadcrumbList","@id":"https:\/\/www.chemteq.net\/product\/hydrazines-breakthrough-indicator-sticker-type-b-btis\/#breadcrumb","itemListElement":[{"@type":"ListItem","position":1,"name":"Home","item":"https:\/\/www.chemteq.net\/"},{"@type":"ListItem","position":2,"name":"Products","item":"https:\/\/www.chemteq.net\/products\/"},{"@type":"ListItem","position":3,"name":"Hydrazines Breakthrough-Indicator Sticker Type B (BTIS B)"}]},{"@type":"WebSite","@id":"https:\/\/www.chemteq.net\/#website","url":"https:\/\/www.chemteq.net\/","name":"Chemteq Inc.","description":"High Quality And Reliable Devices To Serve Health, Safety And Industrial Hygiene","publisher":{"@id":"https:\/\/www.chemteq.net\/#organization"},"potentialAction":[{"@type":"SearchAction","target":{"@type":"EntryPoint","urlTemplate":"https:\/\/www.chemteq.net\/?s={search_term_string}"},"query-input":{"@type":"PropertyValueSpecification","valueRequired":true,"valueName":"search_term_string"}}],"inLanguage":"de-DE"},{"@type":"Organization","@id":"https:\/\/www.chemteq.net\/#organization","name":"Chemteq Inc.","url":"https:\/\/www.chemteq.net\/","logo":{"@type":"ImageObject","inLanguage":"de-DE","@id":"https:\/\/www.chemteq.net\/#\/schema\/logo\/image\/","url":"https:\/\/www.chemteq.net\/wp-content\/uploads\/2021\/04\/ChemteqLogo0112239041421-scaled.jpg","contentUrl":"https:\/\/www.chemteq.net\/wp-content\/uploads\/2021\/04\/ChemteqLogo0112239041421-scaled.jpg","width":2560,"height":574,"caption":"Chemteq Inc."},"image":{"@id":"https:\/\/www.chemteq.net\/#\/schema\/logo\/image\/"}}]}},"_links":{"self":[{"href":"https:\/\/www.chemteq.net\/de\/wp-json\/wp\/v2\/product\/1615","targetHints":{"allow":["GET"]}}],"collection":[{"href":"https:\/\/www.chemteq.net\/de\/wp-json\/wp\/v2\/product"}],"about":[{"href":"https:\/\/www.chemteq.net\/de\/wp-json\/wp\/v2\/types\/product"}],"wp:featuredmedia":[{"embeddable":true,"href":"https:\/\/www.chemteq.net\/de\/wp-json\/wp\/v2\/media\/1616"}],"wp:attachment":[{"href":"https:\/\/www.chemteq.net\/de\/wp-json\/wp\/v2\/media?parent=1615"}],"wp:term":[{"taxonomy":"product_brand","embeddable":true,"href":"https:\/\/www.chemteq.net\/de\/wp-json\/wp\/v2\/product_brand?post=1615"},{"taxonomy":"product_cat","embeddable":true,"href":"https:\/\/www.chemteq.net\/de\/wp-json\/wp\/v2\/product_cat?post=1615"},{"taxonomy":"product_tag","embeddable":true,"href":"https:\/\/www.chemteq.net\/de\/wp-json\/wp\/v2\/product_tag?post=1615"}],"curies":[{"name":"wp","href":"https:\/\/api.w.org\/{rel}","templated":true}]}}