{"id":1519,"date":"2021-04-27T13:32:22","date_gmt":"2021-04-27T13:32:22","guid":{"rendered":"http:\/\/chemteqinc.wpengine.com\/?post_type=product&#038;p=1519"},"modified":"2023-07-18T19:15:03","modified_gmt":"2023-07-18T19:15:03","slug":"hydrogen-sulfide-breakthrough-indicator-bti-aft","status":"publish","type":"product","link":"https:\/\/www.chemteq.net\/de\/produkt\/hydrogen-sulfide-breakthrough-indicator-bti-aft\/","title":{"rendered":"Hydrogen Sulfide Breakthrough Indicator with Auxiliary Filter Trap (BTI AFT)"},"content":{"rendered":"<p>Der Schwefelwasserstoff-Durchbruch-Indikator (BTI-AFT) ist ein Filterwechsel-Indikator mit zus\u00e4tzlicher Filterfalle, der den Durchbruch von giftigen Gasen und D\u00e4mpfen in Echtzeit anzeigt. Der Indikator ist mit einer zus\u00e4tzlichen Filterfalle ausgestattet, um sicherzustellen, dass keine Gase oder D\u00e4mpfe nach au\u00dfen gelangen, w\u00e4hrend der Indikator seine Farbe \u00e4ndert.<\/p>\n<p>Wie funktioniert die VZTA AFT?<\/p>\n<p>Wenn der Filter verbraucht ist, durchdringen ihn giftige Gase und D\u00e4mpfe. Die kontaminierte Luft gelangt dann in den BTI AFT und reagiert chemisch mit dem Anzeigesensor. Dies f\u00fchrt zu einer deutlichen Farbver\u00e4nderung, die den Benutzer darauf aufmerksam macht, den Filter zu wechseln.<\/p>\n<p>Wie wird die VZTA AFT verwendet?<\/p>\n<ol>\n<li>Entfernen Sie den unteren roten Schutzstopfen von der Unterseite des Durchbruchsanzeigers.<\/li>\n<li>Schrauben Sie das NPT-Au\u00dfengewinde an der Unterseite des Indikators in das gleiche Innengewinde am Auslass Ihres Filters.<\/li>\n<li>Tauschen Sie den Filter aus, wenn die Durchbruchsanzeige die Farbe wechselt.<\/li>\n<\/ol>\n<p><a href=\"https:\/\/www.chemteq.net\/wp-content\/uploads\/2021\/04\/Chemteq-Filters-Breakthrough-Indicators-Leaflet-MP-915-5030-111421-A.pdf\">Warum ist es wichtig, die Filterwechselanzeige zu verwenden und wie man sie in Ihren Filter einf\u00fcgt \u2192<\/a><br \/>\n<a href=\"https:\/\/www.chemteq.net\/wp-content\/uploads\/2021\/04\/Chemteq-Filters-Breakthrough-Indicators-Leaflet-MP-915-5030-111421-A.pdf\">Mehr erfahren<br \/>\n<\/a><\/p>\n<p>PN 663<\/p>\n<p><strong>Produktspezifikationen<\/strong><\/p>\n<table>\n<tbody>\n<tr>\n<td width=\"31\">a<\/td>\n<td width=\"233\">Gewicht:<\/td>\n<td width=\"360\">118g (4.2oz)<\/td>\n<\/tr>\n<tr>\n<td width=\"31\">b<\/td>\n<td width=\"233\">Ma\u00dfe:<\/td>\n<td width=\"360\">Part A: 89.9mm (3.5in), diameter 24.5mm (1.0in<\/p>\n<p>Part B: 41mm (1.6in), diameter 81mm (3.2in)<\/td>\n<\/tr>\n<tr>\n<td width=\"31\">c<\/td>\n<td width=\"233\">Abmessungen des Einlasses:<\/td>\n<td width=\"360\">\u00be&#8221; MNPT<\/td>\n<\/tr>\n<tr>\n<td width=\"31\">d<\/td>\n<td width=\"233\">Betriebstemperatur:<\/td>\n<td width=\"360\">4<sup>o<\/sup>C to 32<sup>o<\/sup>C (39<sup>o<\/sup>F to 89.6<sup>o<\/sup>F)<\/td>\n<\/tr>\n<tr>\n<td width=\"31\">e<\/td>\n<td width=\"233\">Betriebsfeuchtigkeit:<\/td>\n<td width=\"360\">5% RH to 85%RH<\/td>\n<\/tr>\n<tr>\n<td width=\"31\">f<\/td>\n<td width=\"233\">Minimale Nachweisgrenze:<\/td>\n<td width=\"360\">1ppm\u2022min at 30 cm\/sec face velocity<\/td>\n<\/tr>\n<tr>\n<td width=\"31\">g<\/td>\n<td width=\"233\">Farbwechsel:<\/td>\n<td width=\"360\">Light blue to black<\/td>\n<\/tr>\n<tr>\n<td width=\"31\">h<\/td>\n<td width=\"233\">Lagertemperatur:<\/td>\n<td width=\"360\">4<sup>o<\/sup>C to 25<sup>o<\/sup>C, (39<sup>o<\/sup>F to 77<sup>o<\/sup>F)<\/td>\n<\/tr>\n<tr>\n<td width=\"31\">i<\/td>\n<td width=\"233\">Haltbarkeit:<\/td>\n<td width=\"360\">2 year at 4<sup>o<\/sup>C to 25<sup>o<\/sup>C, (39<sup>o<\/sup>F to 77<sup>o<\/sup>F)<\/td>\n<\/tr>\n<tr>\n<td width=\"31\">j<\/td>\n<td width=\"233\">Lebensdauer:<\/td>\n<td width=\"360\">2 year<\/td>\n<\/tr>\n<\/tbody>\n<\/table>\n<p style=\"margin: 0in;\"><span style=\"font-size: 11.0pt; font-family: 'Bahnschrift',sans-serif;\"><a href=\"https:\/\/www.chemteq.net\/de\/produkt\/hydrogen-sulfide-filter-breakthrough-indicator-waterproof\/\" target=\"_blank\" rel=\"noopener\">Hydrogen Sulfide BTI<\/a>. Trommelfilterwechselanzeige N\u00fctzlicher Link<\/span><\/p>\n<p style=\"margin: 0in;\"><span style=\"font-size: 11.0pt; font-family: 'Bahnschrift',sans-serif;\"><a href=\"https:\/\/www.chemteq.net\/de\/produkt\/hydrogen-sulfide-filter-breakthrough-indicator-sticker-btis\/\" target=\"_blank\" rel=\"noopener\">Hydrogen Sulfide BTIS<\/a>. <\/span><span style=\"font-family: 'Bahnschrift',sans-serif;\">f\u00fcr kanalfreie Abzugshauben und Dunstabzugsfilter.<\/span><\/p>\n<p style=\"margin: 0in;\"><span style=\"font-size: 11.0pt; font-family: 'Bahnschrift',sans-serif;\">N\u00fctzliche Links<\/span><\/p>\n<p style=\"margin: 0in;\"><a href=\"https:\/\/www.cdc.gov\/niosh\/npg\/npgd0337.html\" target=\"_blank\" rel=\"noopener\"><span style=\"font-size: 11.0pt; font-family: 'Bahnschrift',sans-serif;\">NIOSH<\/span><\/a><\/p>\n<p style=\"margin: 0in;\"><span style=\"font-family: 'Bahnschrift',sans-serif;\">Hydrogen Sulfide Breakthrough Indicator (BTI-AFT)<\/span><\/p>","protected":false},"excerpt":{"rendered":"<p>Product Features<br \/>\nMinimum detectable limit: 1ppm\u2022min<br \/>\nColor Change: light blue to black<br \/>\nDimensions: Part A: 89.9mm (3.5in), diameter 24.5mm (1.0in)<br \/>\nPart B: 41mm (1.6in), diameter 81mm (3.2in)<br \/>\nService life: 2 years<\/p>","protected":false},"featured_media":1990,"template":"","meta":{"_acf_changed":false,"site-sidebar-layout":"default","site-content-layout":"default","ast-site-content-layout":"","site-content-style":"default","site-sidebar-style":"default","ast-global-header-display":"","ast-banner-title-visibility":"","ast-main-header-display":"","ast-hfb-above-header-display":"","ast-hfb-below-header-display":"","ast-hfb-mobile-header-display":"","site-post-title":"","ast-breadcrumbs-content":"","ast-featured-img":"","footer-sml-layout":"","theme-transparent-header-meta":"default","adv-header-id-meta":"","stick-header-meta":"default","header-above-stick-meta":"","header-main-stick-meta":"","header-below-stick-meta":"","astra-migrate-meta-layouts":"default","ast-page-background-enabled":"default","ast-page-background-meta":{"desktop":{"background-color":"","background-image":"","background-repeat":"repeat","background-position":"center center","background-size":"auto","background-attachment":"scroll","background-type":"","background-media":"","overlay-type":"","overlay-color":"","overlay-opacity":"","overlay-gradient":""},"tablet":{"background-color":"","background-image":"","background-repeat":"repeat","background-position":"center center","background-size":"auto","background-attachment":"scroll","background-type":"","background-media":"","overlay-type":"","overlay-color":"","overlay-opacity":"","overlay-gradient":""},"mobile":{"background-color":"","background-image":"","background-repeat":"repeat","background-position":"center center","background-size":"auto","background-attachment":"scroll","background-type":"","background-media":"","overlay-type":"","overlay-color":"","overlay-opacity":"","overlay-gradient":""}},"ast-content-background-meta":{"desktop":{"background-color":"var(--ast-global-color-5)","background-image":"","background-repeat":"repeat","background-position":"center center","background-size":"auto","background-attachment":"scroll","background-type":"","background-media":"","overlay-type":"","overlay-color":"","overlay-opacity":"","overlay-gradient":""},"tablet":{"background-color":"var(--ast-global-color-5)","background-image":"","background-repeat":"repeat","background-position":"center center","background-size":"auto","background-attachment":"scroll","background-type":"","background-media":"","overlay-type":"","overlay-color":"","overlay-opacity":"","overlay-gradient":""},"mobile":{"background-color":"var(--ast-global-color-5)","background-image":"","background-repeat":"repeat","background-position":"center center","background-size":"auto","background-attachment":"scroll","background-type":"","background-media":"","overlay-type":"","overlay-color":"","overlay-opacity":"","overlay-gradient":""}}},"product_brand":[],"product_cat":[58],"product_tag":[78,66,61],"class_list":{"0":"post-1519","1":"product","2":"type-product","3":"status-publish","4":"has-post-thumbnail","6":"product_cat-bti-aft-breakthrough-indicator-with-auxiliary-filter","7":"product_tag-chemical-industries-emission-control-products","8":"product_tag-food-and-brewing-emission-control","9":"product_tag-wastewater-treatment-emission-control-products","10":"desktop-align-left","11":"tablet-align-left","12":"mobile-align-left","13":"ast-product-gallery-layout-horizontal","14":"ast-product-gallery-with-no-image","15":"ast-product-tabs-layout-horizontal","17":"first","18":"instock","19":"taxable","20":"shipping-taxable","21":"purchasable","22":"product-type-simple"},"acf":[],"yoast_head":"<!-- This site is optimized with the Yoast SEO plugin v27.4 - https:\/\/yoast.com\/product\/yoast-seo-wordpress\/ -->\n<title>Hydrogen Sulfide Breakthrough Indicator (BTI-AFT).<\/title>\n<meta name=\"description\" content=\"Hydrogen Sulfide Breakthrough Indicator (BTI-AFT) is filter change indicator provides real time indication of breakthrough of toxins.\" \/>\n<meta name=\"robots\" content=\"index, follow, max-snippet:-1, max-image-preview:large, max-video-preview:-1\" \/>\n<link rel=\"canonical\" href=\"https:\/\/www.chemteq.net\/de\/produkt\/hydrogen-sulfide-breakthrough-indicator-bti-aft\/\" \/>\n<meta property=\"og:locale\" content=\"de_DE\" \/>\n<meta property=\"og:type\" content=\"article\" \/>\n<meta property=\"og:title\" content=\"Hydrogen Sulfide Breakthrough Indicator with auxiliary filter trap (BTI AFT)\" \/>\n<meta property=\"og:description\" content=\"Hydrogen Sulfide Breakthrough Indicator (BTI-AFT) is filter change indicator with auxiliary filter trap designed to provide real time indication of breakthrough of toxins\" \/>\n<meta property=\"og:url\" content=\"https:\/\/www.chemteq.net\/de\/produkt\/hydrogen-sulfide-breakthrough-indicator-bti-aft\/\" \/>\n<meta property=\"og:site_name\" content=\"Chemteq Inc.\" \/>\n<meta property=\"article:modified_time\" content=\"2023-07-18T19:15:03+00:00\" \/>\n<meta property=\"og:image\" content=\"https:\/\/www.chemteq.net\/wp-content\/uploads\/2021\/04\/Hydrogen-Sulfide-Breakthrough-Indicator-with-Auxiliary-Filter-Trap-scaled.jpg\" \/>\n\t<meta property=\"og:image:width\" content=\"2560\" \/>\n\t<meta property=\"og:image:height\" content=\"1707\" \/>\n\t<meta property=\"og:image:type\" content=\"image\/jpeg\" \/>\n<meta name=\"twitter:card\" content=\"summary_large_image\" \/>\n<meta name=\"twitter:title\" content=\"Hydrogen Sulfide Breakthrough Indicator with auxiliary filter trap (BTI AFT)\" \/>\n<meta name=\"twitter:description\" content=\"Hydrogen Sulfide Breakthrough Indicator (BTI-AFT) is filter change indicator with auxiliary filter trap designed to provide real time indication of breakthrough of toxins\" \/>\n<meta name=\"twitter:image\" content=\"https:\/\/www.chemteq.net\/wp-content\/uploads\/2021\/04\/Hydrogen-Sulfide-Breakthrough-Indicator-with-Auxiliary-Filter-Trap-scaled.jpg\" \/>\n<meta name=\"twitter:label1\" content=\"Gesch\u00e4tzte Lesezeit\" \/>\n\t<meta name=\"twitter:data1\" content=\"2 Minuten\" \/>\n<script type=\"application\/ld+json\" class=\"yoast-schema-graph\">{\"@context\":\"https:\\\/\\\/schema.org\",\"@graph\":[{\"@type\":\"WebPage\",\"@id\":\"https:\\\/\\\/www.chemteq.net\\\/product\\\/hydrogen-sulfide-breakthrough-indicator-bti-aft\\\/\",\"url\":\"https:\\\/\\\/www.chemteq.net\\\/product\\\/hydrogen-sulfide-breakthrough-indicator-bti-aft\\\/\",\"name\":\"Hydrogen Sulfide Breakthrough Indicator (BTI-AFT).\",\"isPartOf\":{\"@id\":\"https:\\\/\\\/www.chemteq.net\\\/#website\"},\"primaryImageOfPage\":{\"@id\":\"https:\\\/\\\/www.chemteq.net\\\/product\\\/hydrogen-sulfide-breakthrough-indicator-bti-aft\\\/#primaryimage\"},\"image\":{\"@id\":\"https:\\\/\\\/www.chemteq.net\\\/product\\\/hydrogen-sulfide-breakthrough-indicator-bti-aft\\\/#primaryimage\"},\"thumbnailUrl\":\"https:\\\/\\\/www.chemteq.net\\\/wp-content\\\/uploads\\\/2021\\\/04\\\/Hydrogen-Sulfide-BTI-Inline-AFT-101220.jpg\",\"datePublished\":\"2021-04-27T13:32:22+00:00\",\"dateModified\":\"2023-07-18T19:15:03+00:00\",\"description\":\"Hydrogen Sulfide Breakthrough Indicator (BTI-AFT) is filter change indicator provides real time indication of breakthrough of toxins.\",\"breadcrumb\":{\"@id\":\"https:\\\/\\\/www.chemteq.net\\\/product\\\/hydrogen-sulfide-breakthrough-indicator-bti-aft\\\/#breadcrumb\"},\"inLanguage\":\"de-DE\",\"potentialAction\":[{\"@type\":\"ReadAction\",\"target\":[\"https:\\\/\\\/www.chemteq.net\\\/product\\\/hydrogen-sulfide-breakthrough-indicator-bti-aft\\\/\"]}]},{\"@type\":\"ImageObject\",\"inLanguage\":\"de-DE\",\"@id\":\"https:\\\/\\\/www.chemteq.net\\\/product\\\/hydrogen-sulfide-breakthrough-indicator-bti-aft\\\/#primaryimage\",\"url\":\"https:\\\/\\\/www.chemteq.net\\\/wp-content\\\/uploads\\\/2021\\\/04\\\/Hydrogen-Sulfide-BTI-Inline-AFT-101220.jpg\",\"contentUrl\":\"https:\\\/\\\/www.chemteq.net\\\/wp-content\\\/uploads\\\/2021\\\/04\\\/Hydrogen-Sulfide-BTI-Inline-AFT-101220.jpg\",\"width\":1500,\"height\":1500,\"caption\":\"Hydrogen Sulfide Breakthrough Indicator (BTI-AFT) is filter change indicator with auxiliary filter trap\"},{\"@type\":\"BreadcrumbList\",\"@id\":\"https:\\\/\\\/www.chemteq.net\\\/product\\\/hydrogen-sulfide-breakthrough-indicator-bti-aft\\\/#breadcrumb\",\"itemListElement\":[{\"@type\":\"ListItem\",\"position\":1,\"name\":\"Home\",\"item\":\"https:\\\/\\\/www.chemteq.net\\\/\"},{\"@type\":\"ListItem\",\"position\":2,\"name\":\"Products\",\"item\":\"https:\\\/\\\/www.chemteq.net\\\/products\\\/\"},{\"@type\":\"ListItem\",\"position\":3,\"name\":\"Hydrogen Sulfide Breakthrough Indicator with Auxiliary Filter Trap (BTI AFT)\"}]},{\"@type\":\"WebSite\",\"@id\":\"https:\\\/\\\/www.chemteq.net\\\/#website\",\"url\":\"https:\\\/\\\/www.chemteq.net\\\/\",\"name\":\"Chemteq Inc.\",\"description\":\"High Quality And Reliable Devices To Serve Health, Safety And Industrial Hygiene\",\"publisher\":{\"@id\":\"https:\\\/\\\/www.chemteq.net\\\/#organization\"},\"potentialAction\":[{\"@type\":\"SearchAction\",\"target\":{\"@type\":\"EntryPoint\",\"urlTemplate\":\"https:\\\/\\\/www.chemteq.net\\\/?s={search_term_string}\"},\"query-input\":{\"@type\":\"PropertyValueSpecification\",\"valueRequired\":true,\"valueName\":\"search_term_string\"}}],\"inLanguage\":\"de-DE\"},{\"@type\":\"Organization\",\"@id\":\"https:\\\/\\\/www.chemteq.net\\\/#organization\",\"name\":\"Chemteq Inc.\",\"url\":\"https:\\\/\\\/www.chemteq.net\\\/\",\"logo\":{\"@type\":\"ImageObject\",\"inLanguage\":\"de-DE\",\"@id\":\"https:\\\/\\\/www.chemteq.net\\\/#\\\/schema\\\/logo\\\/image\\\/\",\"url\":\"https:\\\/\\\/www.chemteq.net\\\/wp-content\\\/uploads\\\/2021\\\/04\\\/ChemteqLogo0112239041421-scaled.jpg\",\"contentUrl\":\"https:\\\/\\\/www.chemteq.net\\\/wp-content\\\/uploads\\\/2021\\\/04\\\/ChemteqLogo0112239041421-scaled.jpg\",\"width\":2560,\"height\":574,\"caption\":\"Chemteq Inc.\"},\"image\":{\"@id\":\"https:\\\/\\\/www.chemteq.net\\\/#\\\/schema\\\/logo\\\/image\\\/\"}}]}<\/script>\n<!-- \/ Yoast SEO plugin. -->","yoast_head_json":{"title":"Hydrogen Sulfide Breakthrough Indicator (BTI-AFT).","description":"Hydrogen Sulfide Breakthrough Indicator (BTI-AFT) is filter change indicator provides real time indication of breakthrough of toxins.","robots":{"index":"index","follow":"follow","max-snippet":"max-snippet:-1","max-image-preview":"max-image-preview:large","max-video-preview":"max-video-preview:-1"},"canonical":"https:\/\/www.chemteq.net\/de\/produkt\/hydrogen-sulfide-breakthrough-indicator-bti-aft\/","og_locale":"de_DE","og_type":"article","og_title":"Hydrogen Sulfide Breakthrough Indicator with auxiliary filter trap (BTI AFT)","og_description":"Hydrogen Sulfide Breakthrough Indicator (BTI-AFT) is filter change indicator with auxiliary filter trap designed to provide real time indication of breakthrough of toxins","og_url":"https:\/\/www.chemteq.net\/de\/produkt\/hydrogen-sulfide-breakthrough-indicator-bti-aft\/","og_site_name":"Chemteq Inc.","article_modified_time":"2023-07-18T19:15:03+00:00","og_image":[{"width":2560,"height":1707,"url":"https:\/\/www.chemteq.net\/wp-content\/uploads\/2021\/04\/Hydrogen-Sulfide-Breakthrough-Indicator-with-Auxiliary-Filter-Trap-scaled.jpg","type":"image\/jpeg"}],"twitter_card":"summary_large_image","twitter_title":"Hydrogen Sulfide Breakthrough Indicator with auxiliary filter trap (BTI AFT)","twitter_description":"Hydrogen Sulfide Breakthrough Indicator (BTI-AFT) is filter change indicator with auxiliary filter trap designed to provide real time indication of breakthrough of toxins","twitter_image":"https:\/\/www.chemteq.net\/wp-content\/uploads\/2021\/04\/Hydrogen-Sulfide-Breakthrough-Indicator-with-Auxiliary-Filter-Trap-scaled.jpg","twitter_misc":{"Gesch\u00e4tzte Lesezeit":"2 Minuten"},"schema":{"@context":"https:\/\/schema.org","@graph":[{"@type":"WebPage","@id":"https:\/\/www.chemteq.net\/product\/hydrogen-sulfide-breakthrough-indicator-bti-aft\/","url":"https:\/\/www.chemteq.net\/product\/hydrogen-sulfide-breakthrough-indicator-bti-aft\/","name":"Hydrogen Sulfide Breakthrough Indicator (BTI-AFT).","isPartOf":{"@id":"https:\/\/www.chemteq.net\/#website"},"primaryImageOfPage":{"@id":"https:\/\/www.chemteq.net\/product\/hydrogen-sulfide-breakthrough-indicator-bti-aft\/#primaryimage"},"image":{"@id":"https:\/\/www.chemteq.net\/product\/hydrogen-sulfide-breakthrough-indicator-bti-aft\/#primaryimage"},"thumbnailUrl":"https:\/\/www.chemteq.net\/wp-content\/uploads\/2021\/04\/Hydrogen-Sulfide-BTI-Inline-AFT-101220.jpg","datePublished":"2021-04-27T13:32:22+00:00","dateModified":"2023-07-18T19:15:03+00:00","description":"Hydrogen Sulfide Breakthrough Indicator (BTI-AFT) is filter change indicator provides real time indication of breakthrough of toxins.","breadcrumb":{"@id":"https:\/\/www.chemteq.net\/product\/hydrogen-sulfide-breakthrough-indicator-bti-aft\/#breadcrumb"},"inLanguage":"de-DE","potentialAction":[{"@type":"ReadAction","target":["https:\/\/www.chemteq.net\/product\/hydrogen-sulfide-breakthrough-indicator-bti-aft\/"]}]},{"@type":"ImageObject","inLanguage":"de-DE","@id":"https:\/\/www.chemteq.net\/product\/hydrogen-sulfide-breakthrough-indicator-bti-aft\/#primaryimage","url":"https:\/\/www.chemteq.net\/wp-content\/uploads\/2021\/04\/Hydrogen-Sulfide-BTI-Inline-AFT-101220.jpg","contentUrl":"https:\/\/www.chemteq.net\/wp-content\/uploads\/2021\/04\/Hydrogen-Sulfide-BTI-Inline-AFT-101220.jpg","width":1500,"height":1500,"caption":"Hydrogen Sulfide Breakthrough Indicator (BTI-AFT) is filter change indicator with auxiliary filter trap"},{"@type":"BreadcrumbList","@id":"https:\/\/www.chemteq.net\/product\/hydrogen-sulfide-breakthrough-indicator-bti-aft\/#breadcrumb","itemListElement":[{"@type":"ListItem","position":1,"name":"Home","item":"https:\/\/www.chemteq.net\/"},{"@type":"ListItem","position":2,"name":"Products","item":"https:\/\/www.chemteq.net\/products\/"},{"@type":"ListItem","position":3,"name":"Hydrogen Sulfide Breakthrough Indicator with Auxiliary Filter Trap (BTI AFT)"}]},{"@type":"WebSite","@id":"https:\/\/www.chemteq.net\/#website","url":"https:\/\/www.chemteq.net\/","name":"Chemteq Inc.","description":"High Quality And Reliable Devices To Serve Health, Safety And Industrial Hygiene","publisher":{"@id":"https:\/\/www.chemteq.net\/#organization"},"potentialAction":[{"@type":"SearchAction","target":{"@type":"EntryPoint","urlTemplate":"https:\/\/www.chemteq.net\/?s={search_term_string}"},"query-input":{"@type":"PropertyValueSpecification","valueRequired":true,"valueName":"search_term_string"}}],"inLanguage":"de-DE"},{"@type":"Organization","@id":"https:\/\/www.chemteq.net\/#organization","name":"Chemteq Inc.","url":"https:\/\/www.chemteq.net\/","logo":{"@type":"ImageObject","inLanguage":"de-DE","@id":"https:\/\/www.chemteq.net\/#\/schema\/logo\/image\/","url":"https:\/\/www.chemteq.net\/wp-content\/uploads\/2021\/04\/ChemteqLogo0112239041421-scaled.jpg","contentUrl":"https:\/\/www.chemteq.net\/wp-content\/uploads\/2021\/04\/ChemteqLogo0112239041421-scaled.jpg","width":2560,"height":574,"caption":"Chemteq Inc."},"image":{"@id":"https:\/\/www.chemteq.net\/#\/schema\/logo\/image\/"}}]}},"_links":{"self":[{"href":"https:\/\/www.chemteq.net\/de\/wp-json\/wp\/v2\/product\/1519","targetHints":{"allow":["GET"]}}],"collection":[{"href":"https:\/\/www.chemteq.net\/de\/wp-json\/wp\/v2\/product"}],"about":[{"href":"https:\/\/www.chemteq.net\/de\/wp-json\/wp\/v2\/types\/product"}],"wp:featuredmedia":[{"embeddable":true,"href":"https:\/\/www.chemteq.net\/de\/wp-json\/wp\/v2\/media\/1990"}],"wp:attachment":[{"href":"https:\/\/www.chemteq.net\/de\/wp-json\/wp\/v2\/media?parent=1519"}],"wp:term":[{"taxonomy":"product_brand","embeddable":true,"href":"https:\/\/www.chemteq.net\/de\/wp-json\/wp\/v2\/product_brand?post=1519"},{"taxonomy":"product_cat","embeddable":true,"href":"https:\/\/www.chemteq.net\/de\/wp-json\/wp\/v2\/product_cat?post=1519"},{"taxonomy":"product_tag","embeddable":true,"href":"https:\/\/www.chemteq.net\/de\/wp-json\/wp\/v2\/product_tag?post=1519"}],"curies":[{"name":"wp","href":"https:\/\/api.w.org\/{rel}","templated":true}]}}