{"id":1464,"date":"2021-04-27T10:48:29","date_gmt":"2021-04-27T10:48:29","guid":{"rendered":"http:\/\/chemteqinc.wpengine.com\/?post_type=product&#038;p=1464"},"modified":"2025-05-13T18:10:19","modified_gmt":"2025-05-13T18:10:19","slug":"hydrazines-breakthrough-indicator-inline","status":"publish","type":"product","link":"https:\/\/www.chemteq.net\/de\/produkt\/hydrazines-breakthrough-indicator-inline\/","title":{"rendered":"Hydrazines Breakthrough Indicator Inline"},"content":{"rendered":"<p>Hydrazine Breakthrough Indicator Inline ist ein zuverl\u00e4ssiges und kosteneffektives Mittel zum Schutz vor der Exposition gegen\u00fcber Hydrazin, MIL-P-87930 und H-70<\/p>\n<p>Der Indikator wechselt die Farbe von gr\u00fcn zu braun, wenn die Kohleabsorber und Filter mit Hydrazin ges\u00e4ttigt sind. Dadurch wird der Benutzer darauf aufmerksam gemacht, den verbrauchten Kohleabsorber oder Filter zu ersetzen. Der Indikator l\u00e4sst sich leicht mit einem \u00be\"-Au\u00dfengewinde und einem NPT-Au\u00dfengewinde am Ein- und Ausgang anschlie\u00dfen. Er ist empfindlich gegen\u00fcber sauren Gasen und D\u00e4mpfen. Der helle, lebendige Farbwechsel ist aus allen Richtungen zu beobachten. Er ist wasserdicht und hat eine verl\u00e4ngerte Lebensdauer und Lagerf\u00e4higkeit.<\/p>\n<div>\n<p>PN 608<\/p>\n<p><b id=\"ext-gen27799\">Produktspezifikationen<\/b><\/p>\n<\/div>\n<div align=\"center\">\n<table border=\"0\" cellspacing=\"0\" cellpadding=\"0\">\n<tbody>\n<tr>\n<td width=\"42\">\n<p align=\"center\">a<\/p>\n<\/td>\n<td valign=\"top\" width=\"348\">Gewicht:<\/td>\n<td valign=\"top\" width=\"359\">28g (1.0oz)<\/td>\n<\/tr>\n<tr>\n<td width=\"42\">\n<p align=\"center\">b<\/p>\n<\/td>\n<td valign=\"top\" width=\"348\">\n<p id=\"ext-gen20942\">Ma\u00dfe:<\/p>\n<\/td>\n<td valign=\"top\" width=\"359\">89.9mm (3.5in), diameter 24.5mm (1.0in)<\/td>\n<\/tr>\n<tr>\n<td width=\"42\">\n<p align=\"center\">c<\/p>\n<\/td>\n<td valign=\"top\" width=\"348\">\n<p id=\"ext-gen14229\">Inlet and outlet dimensions:<\/p>\n<\/td>\n<td valign=\"top\" width=\"359\">\u00be&#8221; MNPT<\/td>\n<\/tr>\n<tr>\n<td width=\"42\">\n<p align=\"center\">d<\/p>\n<\/td>\n<td valign=\"top\" width=\"348\">Betriebstemperatur:<\/td>\n<td valign=\"top\" width=\"359\">-20<sup>o<\/sup>C to 55<sup>o<\/sup>C (-4<sup>o<\/sup>F to 131<sup>o<\/sup>F)<\/td>\n<\/tr>\n<tr>\n<td width=\"42\">\n<p align=\"center\">e<\/p>\n<\/td>\n<td valign=\"top\" width=\"348\">Betriebsfeuchtigkeit:<\/td>\n<td valign=\"top\" width=\"359\">5% RH to 85%RH<\/td>\n<\/tr>\n<tr>\n<td width=\"42\">\n<p align=\"center\">f<\/p>\n<\/td>\n<td valign=\"top\" width=\"348\">Minimale Nachweisgrenze:<\/td>\n<td valign=\"top\" width=\"359\">0.15ppm\u2022hr at 30 cm\/sec face velocity<\/td>\n<\/tr>\n<tr>\n<td width=\"42\">\n<p align=\"center\">g<\/p>\n<\/td>\n<td valign=\"top\" width=\"348\">Farbwechsel:<\/td>\n<td valign=\"top\" width=\"359\">Green to brown to black<\/td>\n<\/tr>\n<tr>\n<td width=\"42\">\n<p align=\"center\">h<\/p>\n<\/td>\n<td valign=\"top\" width=\"348\">Lagertemperatur:<\/td>\n<td valign=\"top\" width=\"359\">4<sup>o<\/sup>C to 25<sup>o<\/sup>C, (39<sup>o<\/sup>F to 77<sup>o<\/sup>F)<\/td>\n<\/tr>\n<tr>\n<td width=\"42\">\n<p align=\"center\">i<\/p>\n<\/td>\n<td valign=\"top\" width=\"348\">Haltbarkeit:<\/td>\n<td valign=\"top\" width=\"359\">2 years at 4<sup>o<\/sup>C to 25<sup>o<\/sup>C, (39<sup>o<\/sup>F to 77<sup>o<\/sup>F)<\/td>\n<\/tr>\n<tr>\n<td width=\"42\">\n<p align=\"center\">j<\/p>\n<\/td>\n<td valign=\"top\" width=\"348\">Lebensdauer:<\/td>\n<td valign=\"top\" width=\"359\">2 years<\/td>\n<\/tr>\n<\/tbody>\n<\/table>\n<div align=\"center\"><b><span id=\"ext-gen34053\">Nachf\u00fcllpackung<\/span><\/b><br \/>\n<b><\/b><\/div>\n<div>\n<p><b><span id=\"ext-gen13501\">DIE HYDRAZIN-BTI-INLINE KANN WIEDERVERWENDET WERDEN, INDEM DER VERBRAUCHTE HYDRAZIN-INDIKATOR DURCH EINE NEUE HYDRAZIN-INDIKATOR-BAUGRUPPE ERSETZT WIRD.<\/span><\/b><\/p>\n<p>The hydrazine BTI Inline Refill Kit Item No.608-5000 Includes:<br \/>\n1- One hydrazine Indicator Assembly (Item No. 608-1600)<br \/>\n2- Two Porous Plugs (Item No. 617-1400)<\/p>\n<p>Miniature-Hook Pick (Item No. 431-9100) Optional<\/p>\n<\/div>\n<p>Please call us\u00a0(<span id=\"ext-gen22116\">1-855-243-6837) or\u00a0<\/span><a href=\"mailto:sales@chemteq.net\" target=\"\" rel=\"noopener\">email us<\/a><\/p>\n<p style=\"margin: 0in;text-align: left\">N\u00fctzliche Links<br \/>\n<a href=\"https:\/\/www.epa.gov\/sites\/default\/files\/2016-09\/documents\/hydrazine.pdf\">US EPA<\/a><br \/>\n<a href=\"https:\/\/www.cdc.gov\/niosh\/npg\/npgd0329.html\">HIOSH<\/a><\/p>\n<p style=\"margin: 0in;text-align: left\">Verwandte Produkte<br \/>\n<a href=\"https:\/\/www.chemteq.net\/de\/produkt-kategorie\/dg-water-analysis-kits\/hydrazine-dg-water-tests\/\">Hydrazine DG Water Analysis<\/a><br \/>\n<a href=\"https:\/\/www.chemteq.net\/de\/produkt\/hydrazine-area-monitor\/\" target=\"_blank\" rel=\"noopener\">Hydrazine Area Monitor<\/a><br \/>\n<a href=\"https:\/\/www.chemteq.net\/de\/produkt\/hydrazine-dg-filter-esli-2517\/\">Filter with end-of-service life indicator<\/a><\/p>\n<p style=\"text-align: left\">Hydrazines Breakthrough Indicator Inline<\/p>\n<\/div>","protected":false},"excerpt":{"rendered":"<p>Product Features<br \/>\nMinimum detectable limit: 0.15ppm\u2022hr<br \/>\nColor Change: Green to brown to black<\/p>\n<p>Inlet &amp; outlet dimensions: \u00be&#8221; Male NPT<\/p>\n<p>Service life: 2 years<\/p>","protected":false},"featured_media":2112,"template":"","meta":{"_acf_changed":false,"site-sidebar-layout":"default","site-content-layout":"default","ast-site-content-layout":"default","site-content-style":"default","site-sidebar-style":"default","ast-global-header-display":"","ast-banner-title-visibility":"","ast-main-header-display":"","ast-hfb-above-header-display":"","ast-hfb-below-header-display":"","ast-hfb-mobile-header-display":"","site-post-title":"","ast-breadcrumbs-content":"","ast-featured-img":"","footer-sml-layout":"","theme-transparent-header-meta":"default","adv-header-id-meta":"","stick-header-meta":"default","header-above-stick-meta":"","header-main-stick-meta":"","header-below-stick-meta":"","astra-migrate-meta-layouts":"set","ast-page-background-enabled":"default","ast-page-background-meta":{"desktop":{"background-color":"","background-image":"","background-repeat":"repeat","background-position":"center center","background-size":"auto","background-attachment":"scroll","background-type":"","background-media":"","overlay-type":"","overlay-color":"","overlay-opacity":"","overlay-gradient":""},"tablet":{"background-color":"","background-image":"","background-repeat":"repeat","background-position":"center center","background-size":"auto","background-attachment":"scroll","background-type":"","background-media":"","overlay-type":"","overlay-color":"","overlay-opacity":"","overlay-gradient":""},"mobile":{"background-color":"","background-image":"","background-repeat":"repeat","background-position":"center center","background-size":"auto","background-attachment":"scroll","background-type":"","background-media":"","overlay-type":"","overlay-color":"","overlay-opacity":"","overlay-gradient":""}},"ast-content-background-meta":{"desktop":{"background-color":"var(--ast-global-color-5)","background-image":"","background-repeat":"repeat","background-position":"center center","background-size":"auto","background-attachment":"scroll","background-type":"","background-media":"","overlay-type":"","overlay-color":"","overlay-opacity":"","overlay-gradient":""},"tablet":{"background-color":"var(--ast-global-color-5)","background-image":"","background-repeat":"repeat","background-position":"center center","background-size":"auto","background-attachment":"scroll","background-type":"","background-media":"","overlay-type":"","overlay-color":"","overlay-opacity":"","overlay-gradient":""},"mobile":{"background-color":"var(--ast-global-color-5)","background-image":"","background-repeat":"repeat","background-position":"center center","background-size":"auto","background-attachment":"scroll","background-type":"","background-media":"","overlay-type":"","overlay-color":"","overlay-opacity":"","overlay-gradient":""}}},"product_brand":[],"product_cat":[59],"product_tag":[78,65,61],"class_list":{"0":"post-1464","1":"product","2":"type-product","3":"status-publish","4":"has-post-thumbnail","6":"product_cat-bti-inline-breakthrough-indicators-inline","7":"product_tag-chemical-industries-emission-control-products","8":"product_tag-odor-emission-control-products","9":"product_tag-wastewater-treatment-emission-control-products","10":"desktop-align-left","11":"tablet-align-left","12":"mobile-align-left","13":"ast-product-gallery-layout-horizontal","14":"ast-product-gallery-with-no-image","15":"ast-product-tabs-layout-horizontal","17":"first","18":"instock","19":"taxable","20":"shipping-taxable","21":"purchasable","22":"product-type-simple"},"acf":[],"yoast_head":"<!-- This site is optimized with the Yoast SEO plugin v27.4 - https:\/\/yoast.com\/product\/yoast-seo-wordpress\/ -->\n<title>Hydrazine Breakthrough Indicator Inline. Indicator for MIL-P-87930 &amp; H-70.<\/title>\n<meta name=\"description\" content=\"Hydrazines Breakthrough Indicator Inline. Real time indication of hydrazine, MIL-P-87930 and H-70. Reliable and cost effective.\" \/>\n<meta name=\"robots\" content=\"index, follow, max-snippet:-1, max-image-preview:large, max-video-preview:-1\" \/>\n<link rel=\"canonical\" href=\"https:\/\/www.chemteq.net\/de\/produkt\/hydrazines-breakthrough-indicator-inline\/\" \/>\n<meta property=\"og:locale\" content=\"de_DE\" \/>\n<meta property=\"og:type\" content=\"article\" \/>\n<meta property=\"og:title\" content=\"Hydrazines Breakthrough Indicator Inline\" \/>\n<meta property=\"og:description\" content=\"Hydrazines Breakthrough Indicator Inline. Real time indication of hydrazine, MIL-P-87930 and H-70. Reliable and cost effective.\" \/>\n<meta property=\"og:url\" content=\"https:\/\/www.chemteq.net\/de\/produkt\/hydrazines-breakthrough-indicator-inline\/\" \/>\n<meta property=\"og:site_name\" content=\"Chemteq Inc.\" \/>\n<meta property=\"article:modified_time\" content=\"2025-05-13T18:10:19+00:00\" \/>\n<meta property=\"og:image\" content=\"https:\/\/www.chemteq.net\/wp-content\/uploads\/2021\/04\/Hydrazines-Breakthrough-Indicator-Inline-MIL-P-87930-and-H-70-scaled.jpg\" \/>\n\t<meta property=\"og:image:width\" content=\"2560\" \/>\n\t<meta property=\"og:image:height\" content=\"1829\" \/>\n\t<meta property=\"og:image:type\" content=\"image\/jpeg\" \/>\n<meta name=\"twitter:card\" content=\"summary_large_image\" \/>\n<meta name=\"twitter:title\" content=\"Hydrazines Breakthrough Indicator Inline.\" \/>\n<meta name=\"twitter:description\" content=\"Hydrazines Breakthrough Indicator Inline. Real time indication of hydrazine, MIL-P-87930 and H-70. Reliable and cost effective.\" \/>\n<meta name=\"twitter:image\" content=\"https:\/\/www.chemteq.net\/wp-content\/uploads\/2021\/04\/Hydrazines-Breakthrough-Indicator-Inline-MIL-P-87930-and-H-70-scaled.jpg\" \/>\n<meta name=\"twitter:label1\" content=\"Gesch\u00e4tzte Lesezeit\" \/>\n\t<meta name=\"twitter:data1\" content=\"2 Minuten\" \/>\n<script type=\"application\/ld+json\" class=\"yoast-schema-graph\">{\"@context\":\"https:\\\/\\\/schema.org\",\"@graph\":[{\"@type\":\"WebPage\",\"@id\":\"https:\\\/\\\/www.chemteq.net\\\/product\\\/hydrazines-breakthrough-indicator-inline\\\/\",\"url\":\"https:\\\/\\\/www.chemteq.net\\\/product\\\/hydrazines-breakthrough-indicator-inline\\\/\",\"name\":\"Hydrazine Breakthrough Indicator Inline. Indicator for MIL-P-87930 & H-70.\",\"isPartOf\":{\"@id\":\"https:\\\/\\\/www.chemteq.net\\\/#website\"},\"primaryImageOfPage\":{\"@id\":\"https:\\\/\\\/www.chemteq.net\\\/product\\\/hydrazines-breakthrough-indicator-inline\\\/#primaryimage\"},\"image\":{\"@id\":\"https:\\\/\\\/www.chemteq.net\\\/product\\\/hydrazines-breakthrough-indicator-inline\\\/#primaryimage\"},\"thumbnailUrl\":\"https:\\\/\\\/www.chemteq.net\\\/wp-content\\\/uploads\\\/2021\\\/04\\\/Hydrazine-BTI-Inline-Unexp-051721.jpg\",\"datePublished\":\"2021-04-27T10:48:29+00:00\",\"dateModified\":\"2025-05-13T18:10:19+00:00\",\"description\":\"Hydrazines Breakthrough Indicator Inline. Real time indication of hydrazine, MIL-P-87930 and H-70. Reliable and cost effective.\",\"breadcrumb\":{\"@id\":\"https:\\\/\\\/www.chemteq.net\\\/product\\\/hydrazines-breakthrough-indicator-inline\\\/#breadcrumb\"},\"inLanguage\":\"de-DE\",\"potentialAction\":[{\"@type\":\"ReadAction\",\"target\":[\"https:\\\/\\\/www.chemteq.net\\\/product\\\/hydrazines-breakthrough-indicator-inline\\\/\"]}]},{\"@type\":\"ImageObject\",\"inLanguage\":\"de-DE\",\"@id\":\"https:\\\/\\\/www.chemteq.net\\\/product\\\/hydrazines-breakthrough-indicator-inline\\\/#primaryimage\",\"url\":\"https:\\\/\\\/www.chemteq.net\\\/wp-content\\\/uploads\\\/2021\\\/04\\\/Hydrazine-BTI-Inline-Unexp-051721.jpg\",\"contentUrl\":\"https:\\\/\\\/www.chemteq.net\\\/wp-content\\\/uploads\\\/2021\\\/04\\\/Hydrazine-BTI-Inline-Unexp-051721.jpg\",\"width\":2160,\"height\":2160,\"caption\":\"Hydrazines Breakthrough Indicator Inline. MIL-P-87930 and H-70.\"},{\"@type\":\"BreadcrumbList\",\"@id\":\"https:\\\/\\\/www.chemteq.net\\\/product\\\/hydrazines-breakthrough-indicator-inline\\\/#breadcrumb\",\"itemListElement\":[{\"@type\":\"ListItem\",\"position\":1,\"name\":\"Home\",\"item\":\"https:\\\/\\\/www.chemteq.net\\\/\"},{\"@type\":\"ListItem\",\"position\":2,\"name\":\"Products\",\"item\":\"https:\\\/\\\/www.chemteq.net\\\/products\\\/\"},{\"@type\":\"ListItem\",\"position\":3,\"name\":\"Hydrazines Breakthrough Indicator Inline\"}]},{\"@type\":\"WebSite\",\"@id\":\"https:\\\/\\\/www.chemteq.net\\\/#website\",\"url\":\"https:\\\/\\\/www.chemteq.net\\\/\",\"name\":\"Chemteq Inc.\",\"description\":\"High Quality And Reliable Devices To Serve Health, Safety And Industrial Hygiene\",\"publisher\":{\"@id\":\"https:\\\/\\\/www.chemteq.net\\\/#organization\"},\"potentialAction\":[{\"@type\":\"SearchAction\",\"target\":{\"@type\":\"EntryPoint\",\"urlTemplate\":\"https:\\\/\\\/www.chemteq.net\\\/?s={search_term_string}\"},\"query-input\":{\"@type\":\"PropertyValueSpecification\",\"valueRequired\":true,\"valueName\":\"search_term_string\"}}],\"inLanguage\":\"de-DE\"},{\"@type\":\"Organization\",\"@id\":\"https:\\\/\\\/www.chemteq.net\\\/#organization\",\"name\":\"Chemteq Inc.\",\"url\":\"https:\\\/\\\/www.chemteq.net\\\/\",\"logo\":{\"@type\":\"ImageObject\",\"inLanguage\":\"de-DE\",\"@id\":\"https:\\\/\\\/www.chemteq.net\\\/#\\\/schema\\\/logo\\\/image\\\/\",\"url\":\"https:\\\/\\\/www.chemteq.net\\\/wp-content\\\/uploads\\\/2021\\\/04\\\/ChemteqLogo0112239041421-scaled.jpg\",\"contentUrl\":\"https:\\\/\\\/www.chemteq.net\\\/wp-content\\\/uploads\\\/2021\\\/04\\\/ChemteqLogo0112239041421-scaled.jpg\",\"width\":2560,\"height\":574,\"caption\":\"Chemteq Inc.\"},\"image\":{\"@id\":\"https:\\\/\\\/www.chemteq.net\\\/#\\\/schema\\\/logo\\\/image\\\/\"}}]}<\/script>\n<!-- \/ Yoast SEO plugin. -->","yoast_head_json":{"title":"Hydrazine Breakthrough Indicator Inline. Indicator for MIL-P-87930 & H-70.","description":"Hydrazines Breakthrough Indicator Inline. Real time indication of hydrazine, MIL-P-87930 and H-70. Reliable and cost effective.","robots":{"index":"index","follow":"follow","max-snippet":"max-snippet:-1","max-image-preview":"max-image-preview:large","max-video-preview":"max-video-preview:-1"},"canonical":"https:\/\/www.chemteq.net\/de\/produkt\/hydrazines-breakthrough-indicator-inline\/","og_locale":"de_DE","og_type":"article","og_title":"Hydrazines Breakthrough Indicator Inline","og_description":"Hydrazines Breakthrough Indicator Inline. Real time indication of hydrazine, MIL-P-87930 and H-70. Reliable and cost effective.","og_url":"https:\/\/www.chemteq.net\/de\/produkt\/hydrazines-breakthrough-indicator-inline\/","og_site_name":"Chemteq Inc.","article_modified_time":"2025-05-13T18:10:19+00:00","og_image":[{"width":2560,"height":1829,"url":"https:\/\/www.chemteq.net\/wp-content\/uploads\/2021\/04\/Hydrazines-Breakthrough-Indicator-Inline-MIL-P-87930-and-H-70-scaled.jpg","type":"image\/jpeg"}],"twitter_card":"summary_large_image","twitter_title":"Hydrazines Breakthrough Indicator Inline.","twitter_description":"Hydrazines Breakthrough Indicator Inline. Real time indication of hydrazine, MIL-P-87930 and H-70. Reliable and cost effective.","twitter_image":"https:\/\/www.chemteq.net\/wp-content\/uploads\/2021\/04\/Hydrazines-Breakthrough-Indicator-Inline-MIL-P-87930-and-H-70-scaled.jpg","twitter_misc":{"Gesch\u00e4tzte Lesezeit":"2 Minuten"},"schema":{"@context":"https:\/\/schema.org","@graph":[{"@type":"WebPage","@id":"https:\/\/www.chemteq.net\/product\/hydrazines-breakthrough-indicator-inline\/","url":"https:\/\/www.chemteq.net\/product\/hydrazines-breakthrough-indicator-inline\/","name":"Hydrazine Breakthrough Indicator Inline. Indicator for MIL-P-87930 & H-70.","isPartOf":{"@id":"https:\/\/www.chemteq.net\/#website"},"primaryImageOfPage":{"@id":"https:\/\/www.chemteq.net\/product\/hydrazines-breakthrough-indicator-inline\/#primaryimage"},"image":{"@id":"https:\/\/www.chemteq.net\/product\/hydrazines-breakthrough-indicator-inline\/#primaryimage"},"thumbnailUrl":"https:\/\/www.chemteq.net\/wp-content\/uploads\/2021\/04\/Hydrazine-BTI-Inline-Unexp-051721.jpg","datePublished":"2021-04-27T10:48:29+00:00","dateModified":"2025-05-13T18:10:19+00:00","description":"Hydrazines Breakthrough Indicator Inline. Real time indication of hydrazine, MIL-P-87930 and H-70. Reliable and cost effective.","breadcrumb":{"@id":"https:\/\/www.chemteq.net\/product\/hydrazines-breakthrough-indicator-inline\/#breadcrumb"},"inLanguage":"de-DE","potentialAction":[{"@type":"ReadAction","target":["https:\/\/www.chemteq.net\/product\/hydrazines-breakthrough-indicator-inline\/"]}]},{"@type":"ImageObject","inLanguage":"de-DE","@id":"https:\/\/www.chemteq.net\/product\/hydrazines-breakthrough-indicator-inline\/#primaryimage","url":"https:\/\/www.chemteq.net\/wp-content\/uploads\/2021\/04\/Hydrazine-BTI-Inline-Unexp-051721.jpg","contentUrl":"https:\/\/www.chemteq.net\/wp-content\/uploads\/2021\/04\/Hydrazine-BTI-Inline-Unexp-051721.jpg","width":2160,"height":2160,"caption":"Hydrazines Breakthrough Indicator Inline. MIL-P-87930 and H-70."},{"@type":"BreadcrumbList","@id":"https:\/\/www.chemteq.net\/product\/hydrazines-breakthrough-indicator-inline\/#breadcrumb","itemListElement":[{"@type":"ListItem","position":1,"name":"Home","item":"https:\/\/www.chemteq.net\/"},{"@type":"ListItem","position":2,"name":"Products","item":"https:\/\/www.chemteq.net\/products\/"},{"@type":"ListItem","position":3,"name":"Hydrazines Breakthrough Indicator Inline"}]},{"@type":"WebSite","@id":"https:\/\/www.chemteq.net\/#website","url":"https:\/\/www.chemteq.net\/","name":"Chemteq Inc.","description":"High Quality And Reliable Devices To Serve Health, Safety And Industrial Hygiene","publisher":{"@id":"https:\/\/www.chemteq.net\/#organization"},"potentialAction":[{"@type":"SearchAction","target":{"@type":"EntryPoint","urlTemplate":"https:\/\/www.chemteq.net\/?s={search_term_string}"},"query-input":{"@type":"PropertyValueSpecification","valueRequired":true,"valueName":"search_term_string"}}],"inLanguage":"de-DE"},{"@type":"Organization","@id":"https:\/\/www.chemteq.net\/#organization","name":"Chemteq Inc.","url":"https:\/\/www.chemteq.net\/","logo":{"@type":"ImageObject","inLanguage":"de-DE","@id":"https:\/\/www.chemteq.net\/#\/schema\/logo\/image\/","url":"https:\/\/www.chemteq.net\/wp-content\/uploads\/2021\/04\/ChemteqLogo0112239041421-scaled.jpg","contentUrl":"https:\/\/www.chemteq.net\/wp-content\/uploads\/2021\/04\/ChemteqLogo0112239041421-scaled.jpg","width":2560,"height":574,"caption":"Chemteq Inc."},"image":{"@id":"https:\/\/www.chemteq.net\/#\/schema\/logo\/image\/"}}]}},"_links":{"self":[{"href":"https:\/\/www.chemteq.net\/de\/wp-json\/wp\/v2\/product\/1464","targetHints":{"allow":["GET"]}}],"collection":[{"href":"https:\/\/www.chemteq.net\/de\/wp-json\/wp\/v2\/product"}],"about":[{"href":"https:\/\/www.chemteq.net\/de\/wp-json\/wp\/v2\/types\/product"}],"wp:featuredmedia":[{"embeddable":true,"href":"https:\/\/www.chemteq.net\/de\/wp-json\/wp\/v2\/media\/2112"}],"wp:attachment":[{"href":"https:\/\/www.chemteq.net\/de\/wp-json\/wp\/v2\/media?parent=1464"}],"wp:term":[{"taxonomy":"product_brand","embeddable":true,"href":"https:\/\/www.chemteq.net\/de\/wp-json\/wp\/v2\/product_brand?post=1464"},{"taxonomy":"product_cat","embeddable":true,"href":"https:\/\/www.chemteq.net\/de\/wp-json\/wp\/v2\/product_cat?post=1464"},{"taxonomy":"product_tag","embeddable":true,"href":"https:\/\/www.chemteq.net\/de\/wp-json\/wp\/v2\/product_tag?post=1464"}],"curies":[{"name":"wp","href":"https:\/\/api.w.org\/{rel}","templated":true}]}}