{"id":1453,"date":"2021-04-27T10:37:35","date_gmt":"2021-04-27T10:37:35","guid":{"rendered":"http:\/\/chemteqinc.wpengine.com\/?post_type=product&#038;p=1453"},"modified":"2025-05-13T18:10:16","modified_gmt":"2025-05-13T18:10:16","slug":"glutaraldehyde-breakthrough-indicator-inline","status":"publish","type":"product","link":"https:\/\/www.chemteq.net\/de\/produkt\/glutaraldehyde-breakthrough-indicator-inline\/","title":{"rendered":"Glutaraldehyde Breakthrough Indicator Inline"},"content":{"rendered":"<p>Der Glutaraldehyd-Durchbruch-Indikator ist ein zuverl\u00e4ssiges und kosteng\u00fcnstiges Mittel zum Schutz vor der Exposition gegen\u00fcber Glutaraldehyd. Der Indikator wird einfach mit einem \u00be\"-Au\u00dfengewinde, einem NPT-Au\u00dfengewinde am Ein- und Auslass inline angeschlossen. Sie k\u00f6nnen den hellen, lebendigen Farbwechsel aus allen Richtungen beobachten.<\/p>\n<div>\n<p>PN 625<\/p>\n<p><b id=\"ext-gen27799\">Produktspezifikationen<\/b><\/p>\n<\/div>\n<div align=\"center\">\n<table border=\"0\" cellspacing=\"0\" cellpadding=\"0\">\n<tbody>\n<tr>\n<td width=\"42\">\n<p align=\"center\">a<\/p>\n<\/td>\n<td valign=\"top\" width=\"348\">Gewicht:<\/td>\n<td valign=\"top\" width=\"359\">28g (1.0oz)<\/td>\n<\/tr>\n<tr>\n<td width=\"42\">\n<p align=\"center\">b<\/p>\n<\/td>\n<td valign=\"top\" width=\"348\">\n<p id=\"ext-gen20942\">Ma\u00dfe:<\/p>\n<\/td>\n<td valign=\"top\" width=\"359\">89.9mm (3.5in), diameter 24.5mm (1.0in)<\/td>\n<\/tr>\n<tr>\n<td width=\"42\">\n<p align=\"center\">c<\/p>\n<\/td>\n<td valign=\"top\" width=\"348\">\n<p id=\"ext-gen14229\">Inlet and outlet dimensions:<\/p>\n<\/td>\n<td valign=\"top\" width=\"359\">\u00be&#8221; MNPT<\/td>\n<\/tr>\n<tr>\n<td width=\"42\">\n<p align=\"center\">d<\/p>\n<\/td>\n<td valign=\"top\" width=\"348\">Betriebstemperatur:<\/td>\n<td valign=\"top\" width=\"359\">-20<sup>o<\/sup>C to 55<sup>o<\/sup>C (-4<sup>o<\/sup>F to 131<sup>o<\/sup>F)<\/td>\n<\/tr>\n<tr>\n<td width=\"42\">\n<p align=\"center\">e<\/p>\n<\/td>\n<td valign=\"top\" width=\"348\">Betriebsfeuchtigkeit:<\/td>\n<td valign=\"top\" width=\"359\">5% RH to 85%RH<\/td>\n<\/tr>\n<tr>\n<td width=\"42\">\n<p align=\"center\">f<\/p>\n<\/td>\n<td valign=\"top\" width=\"348\">Minimale Nachweisgrenze:<\/td>\n<td valign=\"top\" width=\"359\">0.5ppm\u2022hr at 30 cm\/sec face velocity<\/td>\n<\/tr>\n<tr>\n<td width=\"42\">\n<p align=\"center\">g<\/p>\n<\/td>\n<td valign=\"top\" width=\"348\">Farbwechsel:<\/td>\n<td valign=\"top\" width=\"359\">Light brown to dark cyan<\/td>\n<\/tr>\n<tr>\n<td width=\"42\">\n<p align=\"center\">h<\/p>\n<\/td>\n<td valign=\"top\" width=\"348\">Lagertemperatur:<\/td>\n<td valign=\"top\" width=\"359\">4<sup>o<\/sup>C to 25<sup>o<\/sup>C, (39<sup>o<\/sup>F to 77<sup>o<\/sup>F)<\/td>\n<\/tr>\n<tr>\n<td width=\"42\">\n<p align=\"center\">i<\/p>\n<\/td>\n<td valign=\"top\" width=\"348\">Haltbarkeit:<\/td>\n<td valign=\"top\" width=\"359\">1 year at 4<sup>o<\/sup>C to 25<sup>o<\/sup>C, (39<sup>o<\/sup>F to 77<sup>o<\/sup>F)<\/td>\n<\/tr>\n<tr>\n<td width=\"42\">\n<p align=\"center\">j<\/p>\n<\/td>\n<td valign=\"top\" width=\"348\">Lebensdauer:<\/td>\n<td valign=\"top\" width=\"359\">1 year<\/td>\n<\/tr>\n<\/tbody>\n<\/table>\n<div align=\"center\"><b><span id=\"ext-gen34053\">Nachf\u00fcllpackung<\/span><\/b><br \/>\n<b><\/b><\/div>\n<div>\n<p><b><span id=\"ext-gen13501\">DER GLUTARALDEHYD-BTI-INLINE KANN WIEDERVERWENDET WERDEN, INDEM DER VERBRAUCHTE GLUTARALDEHYD-INDIKATOR DURCH EINE NEUE GLUTARALDEHYD-INDIKATORBAUGRUPPE ERSETZT WIRD.<\/span><\/b><\/p>\n<p>The glutaraldehyde BTI Inline Refill Kit Item No.625-5000 Includes:<br \/>\n1- One glutaraldehyde Indicator Assembly (Item No. 625-1600)<br \/>\n2- Two Porous Plugs (Item No. 617-1400)<\/p>\n<p>Miniature-Hook Pick (Item No. 431-9100) Optional<\/p>\n<\/div>\n<p>Please call us\u00a0(<span id=\"ext-gen22116\">1-855-243-6837) or\u00a0<\/span><a href=\"mailto:sales@chemteq.net\" target=\"\" rel=\"noopener\">email us<\/a><\/p>\n<p style=\"margin: 0in;text-align: left\"><span style=\"font-size: 11.0pt;font-family: 'Bahnschrift',sans-serif\">Verwandte Produkte<\/span><\/p>\n<p style=\"margin: 0in;text-align: left\"><span style=\"font-size: 11.0pt;font-family: 'Bahnschrift',sans-serif\"><a href=\"https:\/\/www.chemteq.net\/de\/produkt\/glutaraldehyde-filter-breakthrough-indicator\/\" target=\"_blank\" rel=\"noopener\">Glutaraldehyde BTI<\/a>. Drum filters change indicator<\/span><\/p>\n<p style=\"margin: 0in;text-align: left\"><span style=\"font-size: 11.0pt;font-family: 'Bahnschrift',sans-serif\"><a href=\"https:\/\/www.chemteq.net\/de\/produkt\/glutaraldehyde-saturation-indicator-sticker-for-ductless-hood-filters\/\" target=\"_blank\" rel=\"noopener\">Glutaraldehyde BTIS<\/a>. Filter change indicator for ductless hood and fume extractor filters<\/span><\/p>\n<p style=\"margin: 0in;text-align: left\"><span style=\"font-size: 11.0pt;font-family: 'Bahnschrift',sans-serif\">N\u00fctzliche Links<\/span><\/p>\n<p style=\"margin: 0in;text-align: left\"><a href=\"https:\/\/www.cdc.gov\/niosh\/npg\/npgd0301.html\" target=\"_blank\" rel=\"noopener\"><span style=\"font-size: 11.0pt;font-family: 'Bahnschrift',sans-serif\">NIOSH<\/span><\/a><\/p>\n<\/div>","protected":false},"excerpt":{"rendered":"<p>Product Features<br \/>\nMinimum detectable limit: 0.5ppm\u2022hr<br \/>\nColor Change: Light brown to dark cyan<\/p>\n<p>Inlet &amp; outlet dimensions: \u00be&#8221; Male NPT<\/p>\n<p>Service life: 1 year<\/p>","protected":false},"featured_media":2127,"template":"","meta":{"_acf_changed":false,"site-sidebar-layout":"default","site-content-layout":"default","ast-site-content-layout":"default","site-content-style":"default","site-sidebar-style":"default","ast-global-header-display":"","ast-banner-title-visibility":"","ast-main-header-display":"","ast-hfb-above-header-display":"","ast-hfb-below-header-display":"","ast-hfb-mobile-header-display":"","site-post-title":"","ast-breadcrumbs-content":"","ast-featured-img":"","footer-sml-layout":"","theme-transparent-header-meta":"default","adv-header-id-meta":"","stick-header-meta":"default","header-above-stick-meta":"","header-main-stick-meta":"","header-below-stick-meta":"","astra-migrate-meta-layouts":"set","ast-page-background-enabled":"default","ast-page-background-meta":{"desktop":{"background-color":"","background-image":"","background-repeat":"repeat","background-position":"center center","background-size":"auto","background-attachment":"scroll","background-type":"","background-media":"","overlay-type":"","overlay-color":"","overlay-opacity":"","overlay-gradient":""},"tablet":{"background-color":"","background-image":"","background-repeat":"repeat","background-position":"center center","background-size":"auto","background-attachment":"scroll","background-type":"","background-media":"","overlay-type":"","overlay-color":"","overlay-opacity":"","overlay-gradient":""},"mobile":{"background-color":"","background-image":"","background-repeat":"repeat","background-position":"center center","background-size":"auto","background-attachment":"scroll","background-type":"","background-media":"","overlay-type":"","overlay-color":"","overlay-opacity":"","overlay-gradient":""}},"ast-content-background-meta":{"desktop":{"background-color":"var(--ast-global-color-5)","background-image":"","background-repeat":"repeat","background-position":"center center","background-size":"auto","background-attachment":"scroll","background-type":"","background-media":"","overlay-type":"","overlay-color":"","overlay-opacity":"","overlay-gradient":""},"tablet":{"background-color":"var(--ast-global-color-5)","background-image":"","background-repeat":"repeat","background-position":"center center","background-size":"auto","background-attachment":"scroll","background-type":"","background-media":"","overlay-type":"","overlay-color":"","overlay-opacity":"","overlay-gradient":""},"mobile":{"background-color":"var(--ast-global-color-5)","background-image":"","background-repeat":"repeat","background-position":"center center","background-size":"auto","background-attachment":"scroll","background-type":"","background-media":"","overlay-type":"","overlay-color":"","overlay-opacity":"","overlay-gradient":""}}},"product_brand":[],"product_cat":[59],"product_tag":[78,69,68],"class_list":{"0":"post-1453","1":"product","2":"type-product","3":"status-publish","4":"has-post-thumbnail","6":"product_cat-bti-inline-breakthrough-indicators-inline","7":"product_tag-chemical-industries-emission-control-products","8":"product_tag-laboratories-emission-control-products","9":"product_tag-life-sciences-emission-control-products","10":"desktop-align-left","11":"tablet-align-left","12":"mobile-align-left","13":"ast-product-gallery-layout-horizontal","14":"ast-product-gallery-with-no-image","15":"ast-product-tabs-layout-horizontal","17":"first","18":"instock","19":"taxable","20":"shipping-taxable","21":"purchasable","22":"product-type-simple"},"acf":[],"yoast_head":"<!-- This site is optimized with the Yoast SEO plugin v26.3 - https:\/\/yoast.com\/wordpress\/plugins\/seo\/ -->\n<title>Glutaraldehyde Breakthrough Indicator Inline. Reliable and cost effective.<\/title>\n<meta name=\"description\" content=\"Glutaraldehyde Breakthrough Indicator Inline. Direct read and real time indication of glutaraldehyde. Reliable and cost effective.\" \/>\n<meta name=\"robots\" content=\"index, follow, max-snippet:-1, max-image-preview:large, max-video-preview:-1\" \/>\n<link rel=\"canonical\" href=\"https:\/\/www.chemteq.net\/de\/produkt\/glutaraldehyde-breakthrough-indicator-inline\/\" \/>\n<meta property=\"og:locale\" content=\"de_DE\" \/>\n<meta property=\"og:type\" content=\"article\" \/>\n<meta property=\"og:title\" content=\"Glutaraldehyde Breakthrough Indicator Inline.\" \/>\n<meta property=\"og:description\" content=\"Glutaraldehyde Breakthrough Indicator Inline. Direct read and real time indication of glutaraldehyde. Reliable and cost effective\" \/>\n<meta property=\"og:url\" content=\"https:\/\/www.chemteq.net\/de\/produkt\/glutaraldehyde-breakthrough-indicator-inline\/\" \/>\n<meta property=\"og:site_name\" content=\"Chemteq Inc.\" \/>\n<meta property=\"article:modified_time\" content=\"2025-05-13T18:10:16+00:00\" \/>\n<meta property=\"og:image\" content=\"https:\/\/www.chemteq.net\/wp-content\/uploads\/2021\/04\/Glutaraldehyde-Breakthrough-Indicator-Inline.-scaled.jpg\" \/>\n\t<meta property=\"og:image:width\" content=\"2560\" \/>\n\t<meta property=\"og:image:height\" content=\"1829\" \/>\n\t<meta property=\"og:image:type\" content=\"image\/jpeg\" \/>\n<meta name=\"twitter:card\" content=\"summary_large_image\" \/>\n<meta name=\"twitter:title\" content=\"Glutaraldehyde Breakthrough Indicator Inline.\" \/>\n<meta name=\"twitter:description\" content=\"Glutaraldehyde Breakthrough Indicator Inline. Direct read and real time indication of glutaraldehyde. Reliable and cost effective\" \/>\n<meta name=\"twitter:image\" content=\"https:\/\/www.chemteq.net\/wp-content\/uploads\/2021\/04\/Glutaraldehyde-Breakthrough-Indicator-Inline.-scaled.jpg\" \/>\n<meta name=\"twitter:label1\" content=\"Gesch\u00e4tzte Lesezeit\" \/>\n\t<meta name=\"twitter:data1\" content=\"2 Minuten\" \/>\n<script type=\"application\/ld+json\" class=\"yoast-schema-graph\">{\"@context\":\"https:\/\/schema.org\",\"@graph\":[{\"@type\":\"WebPage\",\"@id\":\"https:\/\/www.chemteq.net\/product\/glutaraldehyde-breakthrough-indicator-inline\/\",\"url\":\"https:\/\/www.chemteq.net\/product\/glutaraldehyde-breakthrough-indicator-inline\/\",\"name\":\"Glutaraldehyde Breakthrough Indicator Inline. Reliable and cost effective.\",\"isPartOf\":{\"@id\":\"https:\/\/www.chemteq.net\/#website\"},\"primaryImageOfPage\":{\"@id\":\"https:\/\/www.chemteq.net\/product\/glutaraldehyde-breakthrough-indicator-inline\/#primaryimage\"},\"image\":{\"@id\":\"https:\/\/www.chemteq.net\/product\/glutaraldehyde-breakthrough-indicator-inline\/#primaryimage\"},\"thumbnailUrl\":\"https:\/\/www.chemteq.net\/wp-content\/uploads\/2021\/04\/Glutaraldehyde-BTI-Inline-item-625-Unexp-051821.jpg\",\"datePublished\":\"2021-04-27T10:37:35+00:00\",\"dateModified\":\"2025-05-13T18:10:16+00:00\",\"description\":\"Glutaraldehyde Breakthrough Indicator Inline. Direct read and real time indication of glutaraldehyde. Reliable and cost effective.\",\"breadcrumb\":{\"@id\":\"https:\/\/www.chemteq.net\/product\/glutaraldehyde-breakthrough-indicator-inline\/#breadcrumb\"},\"inLanguage\":\"de-DE\",\"potentialAction\":[{\"@type\":\"ReadAction\",\"target\":[\"https:\/\/www.chemteq.net\/product\/glutaraldehyde-breakthrough-indicator-inline\/\"]}]},{\"@type\":\"ImageObject\",\"inLanguage\":\"de-DE\",\"@id\":\"https:\/\/www.chemteq.net\/product\/glutaraldehyde-breakthrough-indicator-inline\/#primaryimage\",\"url\":\"https:\/\/www.chemteq.net\/wp-content\/uploads\/2021\/04\/Glutaraldehyde-BTI-Inline-item-625-Unexp-051821.jpg\",\"contentUrl\":\"https:\/\/www.chemteq.net\/wp-content\/uploads\/2021\/04\/Glutaraldehyde-BTI-Inline-item-625-Unexp-051821.jpg\",\"width\":2160,\"height\":2160,\"caption\":\"Glutaraldehyde Breakthrough Indicator Inline. Reliable and cost effective\"},{\"@type\":\"BreadcrumbList\",\"@id\":\"https:\/\/www.chemteq.net\/product\/glutaraldehyde-breakthrough-indicator-inline\/#breadcrumb\",\"itemListElement\":[{\"@type\":\"ListItem\",\"position\":1,\"name\":\"Home\",\"item\":\"https:\/\/www.chemteq.net\/\"},{\"@type\":\"ListItem\",\"position\":2,\"name\":\"Products\",\"item\":\"https:\/\/www.chemteq.net\/products\/\"},{\"@type\":\"ListItem\",\"position\":3,\"name\":\"Glutaraldehyde Breakthrough Indicator Inline\"}]},{\"@type\":\"WebSite\",\"@id\":\"https:\/\/www.chemteq.net\/#website\",\"url\":\"https:\/\/www.chemteq.net\/\",\"name\":\"Chemteq Inc.\",\"description\":\"High Quality And Reliable Devices To Serve Health, Safety And Industrial Hygiene\",\"publisher\":{\"@id\":\"https:\/\/www.chemteq.net\/#organization\"},\"potentialAction\":[{\"@type\":\"SearchAction\",\"target\":{\"@type\":\"EntryPoint\",\"urlTemplate\":\"https:\/\/www.chemteq.net\/?s={search_term_string}\"},\"query-input\":{\"@type\":\"PropertyValueSpecification\",\"valueRequired\":true,\"valueName\":\"search_term_string\"}}],\"inLanguage\":\"de-DE\"},{\"@type\":\"Organization\",\"@id\":\"https:\/\/www.chemteq.net\/#organization\",\"name\":\"Chemteq Inc.\",\"url\":\"https:\/\/www.chemteq.net\/\",\"logo\":{\"@type\":\"ImageObject\",\"inLanguage\":\"de-DE\",\"@id\":\"https:\/\/www.chemteq.net\/#\/schema\/logo\/image\/\",\"url\":\"https:\/\/www.chemteq.net\/wp-content\/uploads\/2021\/04\/ChemteqLogo0112239041421-scaled.jpg\",\"contentUrl\":\"https:\/\/www.chemteq.net\/wp-content\/uploads\/2021\/04\/ChemteqLogo0112239041421-scaled.jpg\",\"width\":2560,\"height\":574,\"caption\":\"Chemteq Inc.\"},\"image\":{\"@id\":\"https:\/\/www.chemteq.net\/#\/schema\/logo\/image\/\"}}]}<\/script>\n<!-- \/ Yoast SEO plugin. -->","yoast_head_json":{"title":"Glutaraldehyde Breakthrough Indicator Inline. Reliable and cost effective.","description":"Glutaraldehyde Breakthrough Indicator Inline. Direct read and real time indication of glutaraldehyde. Reliable and cost effective.","robots":{"index":"index","follow":"follow","max-snippet":"max-snippet:-1","max-image-preview":"max-image-preview:large","max-video-preview":"max-video-preview:-1"},"canonical":"https:\/\/www.chemteq.net\/de\/produkt\/glutaraldehyde-breakthrough-indicator-inline\/","og_locale":"de_DE","og_type":"article","og_title":"Glutaraldehyde Breakthrough Indicator Inline.","og_description":"Glutaraldehyde Breakthrough Indicator Inline. Direct read and real time indication of glutaraldehyde. Reliable and cost effective","og_url":"https:\/\/www.chemteq.net\/de\/produkt\/glutaraldehyde-breakthrough-indicator-inline\/","og_site_name":"Chemteq Inc.","article_modified_time":"2025-05-13T18:10:16+00:00","og_image":[{"width":2560,"height":1829,"url":"https:\/\/www.chemteq.net\/wp-content\/uploads\/2021\/04\/Glutaraldehyde-Breakthrough-Indicator-Inline.-scaled.jpg","type":"image\/jpeg"}],"twitter_card":"summary_large_image","twitter_title":"Glutaraldehyde Breakthrough Indicator Inline.","twitter_description":"Glutaraldehyde Breakthrough Indicator Inline. Direct read and real time indication of glutaraldehyde. Reliable and cost effective","twitter_image":"https:\/\/www.chemteq.net\/wp-content\/uploads\/2021\/04\/Glutaraldehyde-Breakthrough-Indicator-Inline.-scaled.jpg","twitter_misc":{"Gesch\u00e4tzte Lesezeit":"2 Minuten"},"schema":{"@context":"https:\/\/schema.org","@graph":[{"@type":"WebPage","@id":"https:\/\/www.chemteq.net\/product\/glutaraldehyde-breakthrough-indicator-inline\/","url":"https:\/\/www.chemteq.net\/product\/glutaraldehyde-breakthrough-indicator-inline\/","name":"Glutaraldehyde Breakthrough Indicator Inline. Reliable and cost effective.","isPartOf":{"@id":"https:\/\/www.chemteq.net\/#website"},"primaryImageOfPage":{"@id":"https:\/\/www.chemteq.net\/product\/glutaraldehyde-breakthrough-indicator-inline\/#primaryimage"},"image":{"@id":"https:\/\/www.chemteq.net\/product\/glutaraldehyde-breakthrough-indicator-inline\/#primaryimage"},"thumbnailUrl":"https:\/\/www.chemteq.net\/wp-content\/uploads\/2021\/04\/Glutaraldehyde-BTI-Inline-item-625-Unexp-051821.jpg","datePublished":"2021-04-27T10:37:35+00:00","dateModified":"2025-05-13T18:10:16+00:00","description":"Glutaraldehyde Breakthrough Indicator Inline. Direct read and real time indication of glutaraldehyde. Reliable and cost effective.","breadcrumb":{"@id":"https:\/\/www.chemteq.net\/product\/glutaraldehyde-breakthrough-indicator-inline\/#breadcrumb"},"inLanguage":"de-DE","potentialAction":[{"@type":"ReadAction","target":["https:\/\/www.chemteq.net\/product\/glutaraldehyde-breakthrough-indicator-inline\/"]}]},{"@type":"ImageObject","inLanguage":"de-DE","@id":"https:\/\/www.chemteq.net\/product\/glutaraldehyde-breakthrough-indicator-inline\/#primaryimage","url":"https:\/\/www.chemteq.net\/wp-content\/uploads\/2021\/04\/Glutaraldehyde-BTI-Inline-item-625-Unexp-051821.jpg","contentUrl":"https:\/\/www.chemteq.net\/wp-content\/uploads\/2021\/04\/Glutaraldehyde-BTI-Inline-item-625-Unexp-051821.jpg","width":2160,"height":2160,"caption":"Glutaraldehyde Breakthrough Indicator Inline. Reliable and cost effective"},{"@type":"BreadcrumbList","@id":"https:\/\/www.chemteq.net\/product\/glutaraldehyde-breakthrough-indicator-inline\/#breadcrumb","itemListElement":[{"@type":"ListItem","position":1,"name":"Home","item":"https:\/\/www.chemteq.net\/"},{"@type":"ListItem","position":2,"name":"Products","item":"https:\/\/www.chemteq.net\/products\/"},{"@type":"ListItem","position":3,"name":"Glutaraldehyde Breakthrough Indicator Inline"}]},{"@type":"WebSite","@id":"https:\/\/www.chemteq.net\/#website","url":"https:\/\/www.chemteq.net\/","name":"Chemteq Inc.","description":"High Quality And Reliable Devices To Serve Health, Safety And Industrial Hygiene","publisher":{"@id":"https:\/\/www.chemteq.net\/#organization"},"potentialAction":[{"@type":"SearchAction","target":{"@type":"EntryPoint","urlTemplate":"https:\/\/www.chemteq.net\/?s={search_term_string}"},"query-input":{"@type":"PropertyValueSpecification","valueRequired":true,"valueName":"search_term_string"}}],"inLanguage":"de-DE"},{"@type":"Organization","@id":"https:\/\/www.chemteq.net\/#organization","name":"Chemteq Inc.","url":"https:\/\/www.chemteq.net\/","logo":{"@type":"ImageObject","inLanguage":"de-DE","@id":"https:\/\/www.chemteq.net\/#\/schema\/logo\/image\/","url":"https:\/\/www.chemteq.net\/wp-content\/uploads\/2021\/04\/ChemteqLogo0112239041421-scaled.jpg","contentUrl":"https:\/\/www.chemteq.net\/wp-content\/uploads\/2021\/04\/ChemteqLogo0112239041421-scaled.jpg","width":2560,"height":574,"caption":"Chemteq Inc."},"image":{"@id":"https:\/\/www.chemteq.net\/#\/schema\/logo\/image\/"}}]}},"_links":{"self":[{"href":"https:\/\/www.chemteq.net\/de\/wp-json\/wp\/v2\/product\/1453","targetHints":{"allow":["GET"]}}],"collection":[{"href":"https:\/\/www.chemteq.net\/de\/wp-json\/wp\/v2\/product"}],"about":[{"href":"https:\/\/www.chemteq.net\/de\/wp-json\/wp\/v2\/types\/product"}],"wp:featuredmedia":[{"embeddable":true,"href":"https:\/\/www.chemteq.net\/de\/wp-json\/wp\/v2\/media\/2127"}],"wp:attachment":[{"href":"https:\/\/www.chemteq.net\/de\/wp-json\/wp\/v2\/media?parent=1453"}],"wp:term":[{"taxonomy":"product_brand","embeddable":true,"href":"https:\/\/www.chemteq.net\/de\/wp-json\/wp\/v2\/product_brand?post=1453"},{"taxonomy":"product_cat","embeddable":true,"href":"https:\/\/www.chemteq.net\/de\/wp-json\/wp\/v2\/product_cat?post=1453"},{"taxonomy":"product_tag","embeddable":true,"href":"https:\/\/www.chemteq.net\/de\/wp-json\/wp\/v2\/product_tag?post=1453"}],"curies":[{"name":"wp","href":"https:\/\/api.w.org\/{rel}","templated":true}]}}