{"id":1412,"date":"2021-04-26T14:47:20","date_gmt":"2021-04-26T14:47:20","guid":{"rendered":"http:\/\/chemteqinc.wpengine.com\/?post_type=product&#038;p=1412"},"modified":"2025-05-13T19:10:54","modified_gmt":"2025-05-13T19:10:54","slug":"ammonia-breakthrough-indicator-inline-vr","status":"publish","type":"product","link":"https:\/\/www.chemteq.net\/de\/produkt\/ammonia-breakthrough-indicator-inline-vr\/","title":{"rendered":"Ammonia Breakthrough Indicator Inline VR"},"content":{"rendered":"<p>Der Durchbruchindikator inline - vakuumtauglich (BTI Inline VR) ist ein kolorimetrischer Filterwechselindikator, der die S\u00e4ttigung und Ersch\u00f6pfung von Kohleadsorbern und Filtern anzeigt. er ist f\u00fcr den Betrieb unter Vakuum ausgelegt. der Indikator ist ein zuverl\u00e4ssiges und kosteng\u00fcnstiges Mittel zum Schutz vor der Belastung durch toxische Gase und D\u00e4mpfe am Arbeitsplatz. Der Indikator \u00e4ndert seine Farbe, wenn der Kohlenstoffadsorber, der Kohlenstoffw\u00e4scher und der Filter mit den Zielgasen oder -d\u00e4mpfen ges\u00e4ttigt sind. Dadurch wird der Benutzer darauf aufmerksam gemacht, den ersch\u00f6pften Kohleadsorber oder Filter zu ersetzen. Der Indikator ist 5,25 Zoll hoch, hat einen Durchmesser von 1 Zoll und kann leicht an den \u00be Zoll NPT-Innengewinde-Ausgang des Kohleabsorbers oder -filters angeschlossen werden, indem das \u00be Zoll NPT-Au\u00dfengewinde an der Unterseite des Indikators verwendet wird.<\/p>\n<p><strong>Dimensions: Length = 89.9mm (3.5\u201d), diameter = 24.5mm (1\u201d), Inlet &amp; outlet = \u00be\u201d Male NPT<\/strong><\/p>\n<p>PN 631<\/p>","protected":false},"excerpt":{"rendered":"<p><strong>Breakthrough Indicator Inline Vacuum Rated<\/strong><\/p>\n<p>Indicator: Length = 133.3mm (5.25\u201d), diameter =(1\u201d), Inlet &amp; outlet = \u00be\u201d Male NPT<\/p>\n<p>The indicator is designed to operate under vacuum<\/p>","protected":false},"featured_media":0,"template":"","meta":{"_acf_changed":false,"site-sidebar-layout":"default","site-content-layout":"default","ast-site-content-layout":"default","site-content-style":"default","site-sidebar-style":"default","ast-global-header-display":"","ast-banner-title-visibility":"","ast-main-header-display":"","ast-hfb-above-header-display":"","ast-hfb-below-header-display":"","ast-hfb-mobile-header-display":"","site-post-title":"","ast-breadcrumbs-content":"","ast-featured-img":"","footer-sml-layout":"","theme-transparent-header-meta":"default","adv-header-id-meta":"","stick-header-meta":"default","header-above-stick-meta":"","header-main-stick-meta":"","header-below-stick-meta":"","astra-migrate-meta-layouts":"set","ast-page-background-enabled":"default","ast-page-background-meta":{"desktop":{"background-color":"","background-image":"","background-repeat":"repeat","background-position":"center center","background-size":"auto","background-attachment":"scroll","background-type":"","background-media":"","overlay-type":"","overlay-color":"","overlay-opacity":"","overlay-gradient":""},"tablet":{"background-color":"","background-image":"","background-repeat":"repeat","background-position":"center center","background-size":"auto","background-attachment":"scroll","background-type":"","background-media":"","overlay-type":"","overlay-color":"","overlay-opacity":"","overlay-gradient":""},"mobile":{"background-color":"","background-image":"","background-repeat":"repeat","background-position":"center center","background-size":"auto","background-attachment":"scroll","background-type":"","background-media":"","overlay-type":"","overlay-color":"","overlay-opacity":"","overlay-gradient":""}},"ast-content-background-meta":{"desktop":{"background-color":"var(--ast-global-color-5)","background-image":"","background-repeat":"repeat","background-position":"center center","background-size":"auto","background-attachment":"scroll","background-type":"","background-media":"","overlay-type":"","overlay-color":"","overlay-opacity":"","overlay-gradient":""},"tablet":{"background-color":"var(--ast-global-color-5)","background-image":"","background-repeat":"repeat","background-position":"center center","background-size":"auto","background-attachment":"scroll","background-type":"","background-media":"","overlay-type":"","overlay-color":"","overlay-opacity":"","overlay-gradient":""},"mobile":{"background-color":"var(--ast-global-color-5)","background-image":"","background-repeat":"repeat","background-position":"center center","background-size":"auto","background-attachment":"scroll","background-type":"","background-media":"","overlay-type":"","overlay-color":"","overlay-opacity":"","overlay-gradient":""}}},"product_brand":[],"product_cat":[57],"product_tag":[],"class_list":{"0":"post-1412","1":"product","2":"type-product","3":"status-publish","5":"product_cat-bti-inline-vr-breakthrough-indicator-inline-vacuum-rated","6":"desktop-align-left","7":"tablet-align-left","8":"mobile-align-left","9":"ast-product-gallery-layout-horizontal","10":"ast-product-gallery-with-no-image","11":"ast-product-tabs-layout-horizontal","13":"first","14":"instock","15":"taxable","16":"shipping-taxable","17":"purchasable","18":"product-type-simple"},"acf":[],"yoast_head":"<!-- This site is optimized with the Yoast SEO plugin v27.4 - https:\/\/yoast.com\/product\/yoast-seo-wordpress\/ -->\n<title>Ammonia Breakthrough Indicator Inline VR - Chemteq Inc.<\/title>\n<meta name=\"robots\" content=\"index, follow, max-snippet:-1, max-image-preview:large, max-video-preview:-1\" \/>\n<link rel=\"canonical\" href=\"https:\/\/www.chemteq.net\/de\/produkt\/ammonia-breakthrough-indicator-inline-vr\/\" \/>\n<meta property=\"og:locale\" content=\"de_DE\" \/>\n<meta property=\"og:type\" content=\"article\" \/>\n<meta property=\"og:title\" content=\"Ammonia Breakthrough Indicator Inline VR - Chemteq Inc.\" \/>\n<meta property=\"og:description\" content=\"Breakthrough Indicator Inline Vacuum Rated  Indicator: Length = 133.3mm (5.25\u201d), diameter =(1\u201d), Inlet &amp; outlet = \u00be\u201d Male NPT  The indicator is designed to operate under vacuum\" \/>\n<meta property=\"og:url\" content=\"https:\/\/www.chemteq.net\/de\/produkt\/ammonia-breakthrough-indicator-inline-vr\/\" \/>\n<meta property=\"og:site_name\" content=\"Chemteq Inc.\" \/>\n<meta property=\"article:modified_time\" content=\"2025-05-13T19:10:54+00:00\" \/>\n<meta name=\"twitter:card\" content=\"summary_large_image\" \/>\n<meta name=\"twitter:label1\" content=\"Gesch\u00e4tzte Lesezeit\" \/>\n\t<meta name=\"twitter:data1\" content=\"1 Minute\" \/>\n<script type=\"application\/ld+json\" class=\"yoast-schema-graph\">{\"@context\":\"https:\\\/\\\/schema.org\",\"@graph\":[{\"@type\":\"WebPage\",\"@id\":\"https:\\\/\\\/www.chemteq.net\\\/product\\\/ammonia-breakthrough-indicator-inline-vr\\\/\",\"url\":\"https:\\\/\\\/www.chemteq.net\\\/product\\\/ammonia-breakthrough-indicator-inline-vr\\\/\",\"name\":\"Ammonia Breakthrough Indicator Inline VR - Chemteq Inc.\",\"isPartOf\":{\"@id\":\"https:\\\/\\\/www.chemteq.net\\\/#website\"},\"datePublished\":\"2021-04-26T14:47:20+00:00\",\"dateModified\":\"2025-05-13T19:10:54+00:00\",\"breadcrumb\":{\"@id\":\"https:\\\/\\\/www.chemteq.net\\\/product\\\/ammonia-breakthrough-indicator-inline-vr\\\/#breadcrumb\"},\"inLanguage\":\"de-DE\",\"potentialAction\":[{\"@type\":\"ReadAction\",\"target\":[\"https:\\\/\\\/www.chemteq.net\\\/product\\\/ammonia-breakthrough-indicator-inline-vr\\\/\"]}]},{\"@type\":\"BreadcrumbList\",\"@id\":\"https:\\\/\\\/www.chemteq.net\\\/product\\\/ammonia-breakthrough-indicator-inline-vr\\\/#breadcrumb\",\"itemListElement\":[{\"@type\":\"ListItem\",\"position\":1,\"name\":\"Home\",\"item\":\"https:\\\/\\\/www.chemteq.net\\\/\"},{\"@type\":\"ListItem\",\"position\":2,\"name\":\"Products\",\"item\":\"https:\\\/\\\/www.chemteq.net\\\/products\\\/\"},{\"@type\":\"ListItem\",\"position\":3,\"name\":\"Ammonia Breakthrough Indicator Inline VR\"}]},{\"@type\":\"WebSite\",\"@id\":\"https:\\\/\\\/www.chemteq.net\\\/#website\",\"url\":\"https:\\\/\\\/www.chemteq.net\\\/\",\"name\":\"Chemteq Inc.\",\"description\":\"High Quality And Reliable Devices To Serve Health, Safety And Industrial Hygiene\",\"publisher\":{\"@id\":\"https:\\\/\\\/www.chemteq.net\\\/#organization\"},\"potentialAction\":[{\"@type\":\"SearchAction\",\"target\":{\"@type\":\"EntryPoint\",\"urlTemplate\":\"https:\\\/\\\/www.chemteq.net\\\/?s={search_term_string}\"},\"query-input\":{\"@type\":\"PropertyValueSpecification\",\"valueRequired\":true,\"valueName\":\"search_term_string\"}}],\"inLanguage\":\"de-DE\"},{\"@type\":\"Organization\",\"@id\":\"https:\\\/\\\/www.chemteq.net\\\/#organization\",\"name\":\"Chemteq Inc.\",\"url\":\"https:\\\/\\\/www.chemteq.net\\\/\",\"logo\":{\"@type\":\"ImageObject\",\"inLanguage\":\"de-DE\",\"@id\":\"https:\\\/\\\/www.chemteq.net\\\/#\\\/schema\\\/logo\\\/image\\\/\",\"url\":\"https:\\\/\\\/www.chemteq.net\\\/wp-content\\\/uploads\\\/2021\\\/04\\\/ChemteqLogo0112239041421-scaled.jpg\",\"contentUrl\":\"https:\\\/\\\/www.chemteq.net\\\/wp-content\\\/uploads\\\/2021\\\/04\\\/ChemteqLogo0112239041421-scaled.jpg\",\"width\":2560,\"height\":574,\"caption\":\"Chemteq Inc.\"},\"image\":{\"@id\":\"https:\\\/\\\/www.chemteq.net\\\/#\\\/schema\\\/logo\\\/image\\\/\"}}]}<\/script>\n<!-- \/ Yoast SEO plugin. -->","yoast_head_json":{"title":"Ammonia Breakthrough Indicator Inline VR - Chemteq Inc.","robots":{"index":"index","follow":"follow","max-snippet":"max-snippet:-1","max-image-preview":"max-image-preview:large","max-video-preview":"max-video-preview:-1"},"canonical":"https:\/\/www.chemteq.net\/de\/produkt\/ammonia-breakthrough-indicator-inline-vr\/","og_locale":"de_DE","og_type":"article","og_title":"Ammonia Breakthrough Indicator Inline VR - Chemteq Inc.","og_description":"Breakthrough Indicator Inline Vacuum Rated  Indicator: Length = 133.3mm (5.25\u201d), diameter =(1\u201d), Inlet &amp; outlet = \u00be\u201d Male NPT  The indicator is designed to operate under vacuum","og_url":"https:\/\/www.chemteq.net\/de\/produkt\/ammonia-breakthrough-indicator-inline-vr\/","og_site_name":"Chemteq Inc.","article_modified_time":"2025-05-13T19:10:54+00:00","twitter_card":"summary_large_image","twitter_misc":{"Gesch\u00e4tzte Lesezeit":"1 Minute"},"schema":{"@context":"https:\/\/schema.org","@graph":[{"@type":"WebPage","@id":"https:\/\/www.chemteq.net\/product\/ammonia-breakthrough-indicator-inline-vr\/","url":"https:\/\/www.chemteq.net\/product\/ammonia-breakthrough-indicator-inline-vr\/","name":"Ammonia Breakthrough Indicator Inline VR - Chemteq Inc.","isPartOf":{"@id":"https:\/\/www.chemteq.net\/#website"},"datePublished":"2021-04-26T14:47:20+00:00","dateModified":"2025-05-13T19:10:54+00:00","breadcrumb":{"@id":"https:\/\/www.chemteq.net\/product\/ammonia-breakthrough-indicator-inline-vr\/#breadcrumb"},"inLanguage":"de-DE","potentialAction":[{"@type":"ReadAction","target":["https:\/\/www.chemteq.net\/product\/ammonia-breakthrough-indicator-inline-vr\/"]}]},{"@type":"BreadcrumbList","@id":"https:\/\/www.chemteq.net\/product\/ammonia-breakthrough-indicator-inline-vr\/#breadcrumb","itemListElement":[{"@type":"ListItem","position":1,"name":"Home","item":"https:\/\/www.chemteq.net\/"},{"@type":"ListItem","position":2,"name":"Products","item":"https:\/\/www.chemteq.net\/products\/"},{"@type":"ListItem","position":3,"name":"Ammonia Breakthrough Indicator Inline VR"}]},{"@type":"WebSite","@id":"https:\/\/www.chemteq.net\/#website","url":"https:\/\/www.chemteq.net\/","name":"Chemteq Inc.","description":"High Quality And Reliable Devices To Serve Health, Safety And Industrial Hygiene","publisher":{"@id":"https:\/\/www.chemteq.net\/#organization"},"potentialAction":[{"@type":"SearchAction","target":{"@type":"EntryPoint","urlTemplate":"https:\/\/www.chemteq.net\/?s={search_term_string}"},"query-input":{"@type":"PropertyValueSpecification","valueRequired":true,"valueName":"search_term_string"}}],"inLanguage":"de-DE"},{"@type":"Organization","@id":"https:\/\/www.chemteq.net\/#organization","name":"Chemteq Inc.","url":"https:\/\/www.chemteq.net\/","logo":{"@type":"ImageObject","inLanguage":"de-DE","@id":"https:\/\/www.chemteq.net\/#\/schema\/logo\/image\/","url":"https:\/\/www.chemteq.net\/wp-content\/uploads\/2021\/04\/ChemteqLogo0112239041421-scaled.jpg","contentUrl":"https:\/\/www.chemteq.net\/wp-content\/uploads\/2021\/04\/ChemteqLogo0112239041421-scaled.jpg","width":2560,"height":574,"caption":"Chemteq Inc."},"image":{"@id":"https:\/\/www.chemteq.net\/#\/schema\/logo\/image\/"}}]}},"_links":{"self":[{"href":"https:\/\/www.chemteq.net\/de\/wp-json\/wp\/v2\/product\/1412","targetHints":{"allow":["GET"]}}],"collection":[{"href":"https:\/\/www.chemteq.net\/de\/wp-json\/wp\/v2\/product"}],"about":[{"href":"https:\/\/www.chemteq.net\/de\/wp-json\/wp\/v2\/types\/product"}],"wp:attachment":[{"href":"https:\/\/www.chemteq.net\/de\/wp-json\/wp\/v2\/media?parent=1412"}],"wp:term":[{"taxonomy":"product_brand","embeddable":true,"href":"https:\/\/www.chemteq.net\/de\/wp-json\/wp\/v2\/product_brand?post=1412"},{"taxonomy":"product_cat","embeddable":true,"href":"https:\/\/www.chemteq.net\/de\/wp-json\/wp\/v2\/product_cat?post=1412"},{"taxonomy":"product_tag","embeddable":true,"href":"https:\/\/www.chemteq.net\/de\/wp-json\/wp\/v2\/product_tag?post=1412"}],"curies":[{"name":"wp","href":"https:\/\/api.w.org\/{rel}","templated":true}]}}