{"id":1387,"date":"2021-04-26T13:39:46","date_gmt":"2021-04-26T13:39:46","guid":{"rendered":"http:\/\/chemteqinc.wpengine.com\/?post_type=product&#038;p=1387"},"modified":"2023-07-18T21:38:13","modified_gmt":"2023-07-18T21:38:13","slug":"hydrazines-breakthrough-indicator-bti3","status":"publish","type":"product","link":"https:\/\/www.chemteq.net\/de\/produkt\/hydrazines-breakthrough-indicator-bti3\/","title":{"rendered":"Hydrazines Breakthrough Indicator (BTI3)"},"content":{"rendered":"<p>Hydrazin-Durchbruchsanzeiger (BTI3). Zeigt die S\u00e4ttigungsfilter an. Der Indikator ist zuverl\u00e4ssig und kosteneffektiv zum Schutz vor giftigen Hydrazind\u00e4mpfen. Einfacher Anschluss an den 1\u00bd-Zoll-NPT-Innengewinde-Ausgang des Filters mit Hilfe des 2\u00bd-Zoll-NPT-Au\u00dfengewindes an der Unterseite des Indikators. Er ist empfindlich f\u00fcr bestimmte Gase oder D\u00e4mpfe. Der Indikator ist 4,5 Zoll hoch und hat einen Durchmesser von 3 Zoll. Einzigartiges Design k\u00f6nnen Sie die helle lebendige Farbe \u00e4ndern aus allen Richtungen zu beobachten.<\/p>\n<p style=\"text-align: center;\"><span style=\"color: #0070ef;\"><strong>Hydrazines Breakthrough Indicator (BTI3) is reusable. Refill Kit Part Number: 439-5000<\/strong><\/span><\/p>\n<p><a href=\"https:\/\/www.chemteq.net\/wp-content\/uploads\/2021\/04\/BTI-3-Refilling-Instructions-MP-4068200-090921-G.pdf\"><strong>BTI 3 Nachf\u00fcllanleitung<\/strong><\/a><\/p>\n<p>PN 439<\/p>\n<p><strong>Produktspezifikationen<\/strong><\/p>\n<table>\n<tbody>\n<tr>\n<td width=\"27\">a<\/td>\n<td width=\"225\">Gewicht:<\/td>\n<td width=\"364\">204.5g (7.2oz)<\/td>\n<\/tr>\n<tr>\n<td width=\"27\">b<\/td>\n<td width=\"225\">Ma\u00dfe:<\/td>\n<td width=\"364\">11.43cm (4.5in), diameter 7.62cm (3.0in)<\/td>\n<\/tr>\n<tr>\n<td width=\"27\">c<\/td>\n<td width=\"225\">Abmessungen des Einlasses:<\/td>\n<td width=\"364\">2.5&#8243; MNPT<\/td>\n<\/tr>\n<tr>\n<td width=\"27\">d<\/td>\n<td width=\"225\">Betriebstemperatur:<\/td>\n<td width=\"364\">-20<sup>o<\/sup>C to 55<sup>o<\/sup>C (-4<sup>o<\/sup>F to 131<sup>o<\/sup>F)<\/td>\n<\/tr>\n<tr>\n<td width=\"27\">e<\/td>\n<td width=\"225\">Betriebsfeuchtigkeit:<\/td>\n<td width=\"364\">5% RH to 85%RH<\/td>\n<\/tr>\n<tr>\n<td width=\"27\">f<\/td>\n<td width=\"225\">Minimale Nachweisgrenze:<\/td>\n<td width=\"364\">0.15ppm\u2022hr at 30 cm\/sec face velocity<\/td>\n<\/tr>\n<tr>\n<td width=\"27\">g<\/td>\n<td width=\"225\">Farbwechsel:<\/td>\n<td width=\"364\">Green to gray to black<\/td>\n<\/tr>\n<tr>\n<td width=\"27\">h<\/td>\n<td width=\"225\">Lagertemperatur:<\/td>\n<td width=\"364\">4<sup>o<\/sup>C to 25<sup>o<\/sup>C, (39<sup>o<\/sup>F to 77<sup>o<\/sup>F)<\/td>\n<\/tr>\n<tr>\n<td width=\"27\">i<\/td>\n<td width=\"225\">Haltbarkeit:<\/td>\n<td width=\"364\">2 years at 4<sup>o<\/sup>C to 25<sup>o<\/sup>C, (39<sup>o<\/sup>F to 77<sup>o<\/sup>F)<\/td>\n<\/tr>\n<tr>\n<td width=\"27\">j<\/td>\n<td width=\"225\">Lebensdauer:<\/td>\n<td width=\"364\">2 years<\/td>\n<\/tr>\n<\/tbody>\n<\/table>\n<p>Verwandte Produkte<\/p>\n<p>Hydrazine BTIS. Filterdurchbruchsindikator-Aufkleber f\u00fcr kanalfreie Hauben<\/p>\n<p>N\u00fctzlicher Link Verwandte Produkte<\/p>\n<p><a href=\"https:\/\/www.chemteq.net\/de\/produkt\/hydrazine-vapor-saturation-indicator-sticker-for-ductless-hood-filters\/\" target=\"_blank\" rel=\"noopener\">\u00a0Hydrazines BTIS.<\/a> Filterdurchbruch-Anzeigeaufkleber f\u00fcr kanalfreie Hauben<\/p>\n<p>N\u00fctzliche Links<\/p>\n<p><a href=\"https:\/\/www.cdc.gov\/niosh\/npg\/default.html\">NIOSH<\/a><\/p>","protected":false},"excerpt":{"rendered":"<p>Ma\u00dfe:<br \/>\nLength = 11.43cm (4.5\u201d)<br \/>\nDiameter = 7.62cm (3.0\u201d)<br \/>\nInlet = 2.5\u201d Male NPT<br \/>\nHydrazines Breakthrough Indicator (BTI3) is reusable. Refill Kit Part Number: 439-5000<\/p>","protected":false},"featured_media":3075,"template":"","meta":{"_acf_changed":false,"site-sidebar-layout":"default","site-content-layout":"default","ast-site-content-layout":"","site-content-style":"default","site-sidebar-style":"default","ast-global-header-display":"","ast-banner-title-visibility":"","ast-main-header-display":"","ast-hfb-above-header-display":"","ast-hfb-below-header-display":"","ast-hfb-mobile-header-display":"","site-post-title":"","ast-breadcrumbs-content":"","ast-featured-img":"","footer-sml-layout":"","theme-transparent-header-meta":"default","adv-header-id-meta":"","stick-header-meta":"default","header-above-stick-meta":"","header-main-stick-meta":"","header-below-stick-meta":"","astra-migrate-meta-layouts":"default","ast-page-background-enabled":"default","ast-page-background-meta":{"desktop":{"background-color":"","background-image":"","background-repeat":"repeat","background-position":"center center","background-size":"auto","background-attachment":"scroll","background-type":"","background-media":"","overlay-type":"","overlay-color":"","overlay-opacity":"","overlay-gradient":""},"tablet":{"background-color":"","background-image":"","background-repeat":"repeat","background-position":"center center","background-size":"auto","background-attachment":"scroll","background-type":"","background-media":"","overlay-type":"","overlay-color":"","overlay-opacity":"","overlay-gradient":""},"mobile":{"background-color":"","background-image":"","background-repeat":"repeat","background-position":"center center","background-size":"auto","background-attachment":"scroll","background-type":"","background-media":"","overlay-type":"","overlay-color":"","overlay-opacity":"","overlay-gradient":""}},"ast-content-background-meta":{"desktop":{"background-color":"var(--ast-global-color-5)","background-image":"","background-repeat":"repeat","background-position":"center center","background-size":"auto","background-attachment":"scroll","background-type":"","background-media":"","overlay-type":"","overlay-color":"","overlay-opacity":"","overlay-gradient":""},"tablet":{"background-color":"var(--ast-global-color-5)","background-image":"","background-repeat":"repeat","background-position":"center center","background-size":"auto","background-attachment":"scroll","background-type":"","background-media":"","overlay-type":"","overlay-color":"","overlay-opacity":"","overlay-gradient":""},"mobile":{"background-color":"var(--ast-global-color-5)","background-image":"","background-repeat":"repeat","background-position":"center center","background-size":"auto","background-attachment":"scroll","background-type":"","background-media":"","overlay-type":"","overlay-color":"","overlay-opacity":"","overlay-gradient":""}}},"product_brand":[],"product_cat":[55],"product_tag":[60,78],"class_list":{"0":"post-1387","1":"product","2":"type-product","3":"status-publish","4":"has-post-thumbnail","6":"product_cat-bti3-filter-breakthrough-indicators-3","7":"product_tag-aerospace","8":"product_tag-chemical-industries-emission-control-products","9":"desktop-align-left","10":"tablet-align-left","11":"mobile-align-left","12":"ast-product-gallery-layout-horizontal","13":"ast-product-gallery-with-no-image","14":"ast-product-tabs-layout-horizontal","16":"first","17":"instock","18":"taxable","19":"shipping-taxable","20":"purchasable","21":"product-type-simple"},"acf":[],"yoast_head":"<!-- This site is optimized with the Yoast SEO plugin v27.4 - https:\/\/yoast.com\/product\/yoast-seo-wordpress\/ -->\n<title>Hydrazines Breakthrough Indicator (BTI3). Reliable and cost effective.<\/title>\n<meta name=\"description\" content=\"Hydrazines Breakthrough Indicator (BTI3). The indicators are reliable and cost effective for protection from exposure to Hydrazines.\" \/>\n<meta name=\"robots\" content=\"index, follow, max-snippet:-1, max-image-preview:large, max-video-preview:-1\" \/>\n<link rel=\"canonical\" href=\"https:\/\/www.chemteq.net\/de\/produkt\/hydrazines-breakthrough-indicator-bti3\/\" \/>\n<meta property=\"og:locale\" content=\"de_DE\" \/>\n<meta property=\"og:type\" content=\"article\" \/>\n<meta property=\"og:title\" content=\"Hydrazines Filter Breakthrough Indicator (BTI3).\" \/>\n<meta property=\"og:description\" content=\"Hydrazines Filter Change Indicator (BTI3). The indicators are reliable and cost effective for protection from exposure to Hydrazines.\" \/>\n<meta property=\"og:url\" content=\"https:\/\/www.chemteq.net\/de\/produkt\/hydrazines-breakthrough-indicator-bti3\/\" \/>\n<meta property=\"og:site_name\" content=\"Chemteq Inc.\" \/>\n<meta property=\"article:modified_time\" content=\"2023-07-18T21:38:13+00:00\" \/>\n<meta property=\"og:image\" content=\"https:\/\/www.chemteq.net\/wp-content\/uploads\/2021\/04\/Hydrazine-Filter-Replacement-Indicator-BTI3-scaled.jpg\" \/>\n\t<meta property=\"og:image:width\" content=\"2560\" \/>\n\t<meta property=\"og:image:height\" content=\"1792\" \/>\n\t<meta property=\"og:image:type\" content=\"image\/jpeg\" \/>\n<meta name=\"twitter:card\" content=\"summary_large_image\" \/>\n<meta name=\"twitter:title\" content=\"Hydrazines Filter Breakthrough Indicator (BTI3).\" \/>\n<meta name=\"twitter:description\" content=\"Hydrazines Filter Change Indicator (BTI3). The indicators are reliable and cost effective for protection from exposure to Hydrazines.\" \/>\n<meta name=\"twitter:image\" content=\"https:\/\/www.chemteq.net\/wp-content\/uploads\/2021\/04\/Hydrazine-Filter-Replacement-Indicator-BTI3-scaled.jpg\" \/>\n<meta name=\"twitter:label1\" content=\"Gesch\u00e4tzte Lesezeit\" \/>\n\t<meta name=\"twitter:data1\" content=\"1 Minute\" \/>\n<script type=\"application\/ld+json\" class=\"yoast-schema-graph\">{\"@context\":\"https:\\\/\\\/schema.org\",\"@graph\":[{\"@type\":\"WebPage\",\"@id\":\"https:\\\/\\\/www.chemteq.net\\\/product\\\/hydrazines-breakthrough-indicator-bti3\\\/\",\"url\":\"https:\\\/\\\/www.chemteq.net\\\/product\\\/hydrazines-breakthrough-indicator-bti3\\\/\",\"name\":\"Hydrazines Breakthrough Indicator (BTI3). Reliable and cost effective.\",\"isPartOf\":{\"@id\":\"https:\\\/\\\/www.chemteq.net\\\/#website\"},\"primaryImageOfPage\":{\"@id\":\"https:\\\/\\\/www.chemteq.net\\\/product\\\/hydrazines-breakthrough-indicator-bti3\\\/#primaryimage\"},\"image\":{\"@id\":\"https:\\\/\\\/www.chemteq.net\\\/product\\\/hydrazines-breakthrough-indicator-bti3\\\/#primaryimage\"},\"thumbnailUrl\":\"https:\\\/\\\/www.chemteq.net\\\/wp-content\\\/uploads\\\/2021\\\/04\\\/Hydrazine-BTI3-Filter-Breakthrough-Indicators-3.jpg\",\"datePublished\":\"2021-04-26T13:39:46+00:00\",\"dateModified\":\"2023-07-18T21:38:13+00:00\",\"description\":\"Hydrazines Breakthrough Indicator (BTI3). The indicators are reliable and cost effective for protection from exposure to Hydrazines.\",\"breadcrumb\":{\"@id\":\"https:\\\/\\\/www.chemteq.net\\\/product\\\/hydrazines-breakthrough-indicator-bti3\\\/#breadcrumb\"},\"inLanguage\":\"de-DE\",\"potentialAction\":[{\"@type\":\"ReadAction\",\"target\":[\"https:\\\/\\\/www.chemteq.net\\\/product\\\/hydrazines-breakthrough-indicator-bti3\\\/\"]}]},{\"@type\":\"ImageObject\",\"inLanguage\":\"de-DE\",\"@id\":\"https:\\\/\\\/www.chemteq.net\\\/product\\\/hydrazines-breakthrough-indicator-bti3\\\/#primaryimage\",\"url\":\"https:\\\/\\\/www.chemteq.net\\\/wp-content\\\/uploads\\\/2021\\\/04\\\/Hydrazine-BTI3-Filter-Breakthrough-Indicators-3.jpg\",\"contentUrl\":\"https:\\\/\\\/www.chemteq.net\\\/wp-content\\\/uploads\\\/2021\\\/04\\\/Hydrazine-BTI3-Filter-Breakthrough-Indicators-3.jpg\",\"width\":2160,\"height\":2160,\"caption\":\"Hydrazines Filter Change Indicator (BTI3).\"},{\"@type\":\"BreadcrumbList\",\"@id\":\"https:\\\/\\\/www.chemteq.net\\\/product\\\/hydrazines-breakthrough-indicator-bti3\\\/#breadcrumb\",\"itemListElement\":[{\"@type\":\"ListItem\",\"position\":1,\"name\":\"Home\",\"item\":\"https:\\\/\\\/www.chemteq.net\\\/\"},{\"@type\":\"ListItem\",\"position\":2,\"name\":\"Products\",\"item\":\"https:\\\/\\\/www.chemteq.net\\\/products\\\/\"},{\"@type\":\"ListItem\",\"position\":3,\"name\":\"Hydrazines Breakthrough Indicator (BTI3)\"}]},{\"@type\":\"WebSite\",\"@id\":\"https:\\\/\\\/www.chemteq.net\\\/#website\",\"url\":\"https:\\\/\\\/www.chemteq.net\\\/\",\"name\":\"Chemteq Inc.\",\"description\":\"High Quality And Reliable Devices To Serve Health, Safety And Industrial Hygiene\",\"publisher\":{\"@id\":\"https:\\\/\\\/www.chemteq.net\\\/#organization\"},\"potentialAction\":[{\"@type\":\"SearchAction\",\"target\":{\"@type\":\"EntryPoint\",\"urlTemplate\":\"https:\\\/\\\/www.chemteq.net\\\/?s={search_term_string}\"},\"query-input\":{\"@type\":\"PropertyValueSpecification\",\"valueRequired\":true,\"valueName\":\"search_term_string\"}}],\"inLanguage\":\"de-DE\"},{\"@type\":\"Organization\",\"@id\":\"https:\\\/\\\/www.chemteq.net\\\/#organization\",\"name\":\"Chemteq Inc.\",\"url\":\"https:\\\/\\\/www.chemteq.net\\\/\",\"logo\":{\"@type\":\"ImageObject\",\"inLanguage\":\"de-DE\",\"@id\":\"https:\\\/\\\/www.chemteq.net\\\/#\\\/schema\\\/logo\\\/image\\\/\",\"url\":\"https:\\\/\\\/www.chemteq.net\\\/wp-content\\\/uploads\\\/2021\\\/04\\\/ChemteqLogo0112239041421-scaled.jpg\",\"contentUrl\":\"https:\\\/\\\/www.chemteq.net\\\/wp-content\\\/uploads\\\/2021\\\/04\\\/ChemteqLogo0112239041421-scaled.jpg\",\"width\":2560,\"height\":574,\"caption\":\"Chemteq Inc.\"},\"image\":{\"@id\":\"https:\\\/\\\/www.chemteq.net\\\/#\\\/schema\\\/logo\\\/image\\\/\"}}]}<\/script>\n<!-- \/ Yoast SEO plugin. -->","yoast_head_json":{"title":"Hydrazines Breakthrough Indicator (BTI3). Reliable and cost effective.","description":"Hydrazines Breakthrough Indicator (BTI3). The indicators are reliable and cost effective for protection from exposure to Hydrazines.","robots":{"index":"index","follow":"follow","max-snippet":"max-snippet:-1","max-image-preview":"max-image-preview:large","max-video-preview":"max-video-preview:-1"},"canonical":"https:\/\/www.chemteq.net\/de\/produkt\/hydrazines-breakthrough-indicator-bti3\/","og_locale":"de_DE","og_type":"article","og_title":"Hydrazines Filter Breakthrough Indicator (BTI3).","og_description":"Hydrazines Filter Change Indicator (BTI3). The indicators are reliable and cost effective for protection from exposure to Hydrazines.","og_url":"https:\/\/www.chemteq.net\/de\/produkt\/hydrazines-breakthrough-indicator-bti3\/","og_site_name":"Chemteq Inc.","article_modified_time":"2023-07-18T21:38:13+00:00","og_image":[{"width":2560,"height":1792,"url":"https:\/\/www.chemteq.net\/wp-content\/uploads\/2021\/04\/Hydrazine-Filter-Replacement-Indicator-BTI3-scaled.jpg","type":"image\/jpeg"}],"twitter_card":"summary_large_image","twitter_title":"Hydrazines Filter Breakthrough Indicator (BTI3).","twitter_description":"Hydrazines Filter Change Indicator (BTI3). The indicators are reliable and cost effective for protection from exposure to Hydrazines.","twitter_image":"https:\/\/www.chemteq.net\/wp-content\/uploads\/2021\/04\/Hydrazine-Filter-Replacement-Indicator-BTI3-scaled.jpg","twitter_misc":{"Gesch\u00e4tzte Lesezeit":"1 Minute"},"schema":{"@context":"https:\/\/schema.org","@graph":[{"@type":"WebPage","@id":"https:\/\/www.chemteq.net\/product\/hydrazines-breakthrough-indicator-bti3\/","url":"https:\/\/www.chemteq.net\/product\/hydrazines-breakthrough-indicator-bti3\/","name":"Hydrazines Breakthrough Indicator (BTI3). Reliable and cost effective.","isPartOf":{"@id":"https:\/\/www.chemteq.net\/#website"},"primaryImageOfPage":{"@id":"https:\/\/www.chemteq.net\/product\/hydrazines-breakthrough-indicator-bti3\/#primaryimage"},"image":{"@id":"https:\/\/www.chemteq.net\/product\/hydrazines-breakthrough-indicator-bti3\/#primaryimage"},"thumbnailUrl":"https:\/\/www.chemteq.net\/wp-content\/uploads\/2021\/04\/Hydrazine-BTI3-Filter-Breakthrough-Indicators-3.jpg","datePublished":"2021-04-26T13:39:46+00:00","dateModified":"2023-07-18T21:38:13+00:00","description":"Hydrazines Breakthrough Indicator (BTI3). The indicators are reliable and cost effective for protection from exposure to Hydrazines.","breadcrumb":{"@id":"https:\/\/www.chemteq.net\/product\/hydrazines-breakthrough-indicator-bti3\/#breadcrumb"},"inLanguage":"de-DE","potentialAction":[{"@type":"ReadAction","target":["https:\/\/www.chemteq.net\/product\/hydrazines-breakthrough-indicator-bti3\/"]}]},{"@type":"ImageObject","inLanguage":"de-DE","@id":"https:\/\/www.chemteq.net\/product\/hydrazines-breakthrough-indicator-bti3\/#primaryimage","url":"https:\/\/www.chemteq.net\/wp-content\/uploads\/2021\/04\/Hydrazine-BTI3-Filter-Breakthrough-Indicators-3.jpg","contentUrl":"https:\/\/www.chemteq.net\/wp-content\/uploads\/2021\/04\/Hydrazine-BTI3-Filter-Breakthrough-Indicators-3.jpg","width":2160,"height":2160,"caption":"Hydrazines Filter Change Indicator (BTI3)."},{"@type":"BreadcrumbList","@id":"https:\/\/www.chemteq.net\/product\/hydrazines-breakthrough-indicator-bti3\/#breadcrumb","itemListElement":[{"@type":"ListItem","position":1,"name":"Home","item":"https:\/\/www.chemteq.net\/"},{"@type":"ListItem","position":2,"name":"Products","item":"https:\/\/www.chemteq.net\/products\/"},{"@type":"ListItem","position":3,"name":"Hydrazines Breakthrough Indicator (BTI3)"}]},{"@type":"WebSite","@id":"https:\/\/www.chemteq.net\/#website","url":"https:\/\/www.chemteq.net\/","name":"Chemteq Inc.","description":"High Quality And Reliable Devices To Serve Health, Safety And Industrial Hygiene","publisher":{"@id":"https:\/\/www.chemteq.net\/#organization"},"potentialAction":[{"@type":"SearchAction","target":{"@type":"EntryPoint","urlTemplate":"https:\/\/www.chemteq.net\/?s={search_term_string}"},"query-input":{"@type":"PropertyValueSpecification","valueRequired":true,"valueName":"search_term_string"}}],"inLanguage":"de-DE"},{"@type":"Organization","@id":"https:\/\/www.chemteq.net\/#organization","name":"Chemteq Inc.","url":"https:\/\/www.chemteq.net\/","logo":{"@type":"ImageObject","inLanguage":"de-DE","@id":"https:\/\/www.chemteq.net\/#\/schema\/logo\/image\/","url":"https:\/\/www.chemteq.net\/wp-content\/uploads\/2021\/04\/ChemteqLogo0112239041421-scaled.jpg","contentUrl":"https:\/\/www.chemteq.net\/wp-content\/uploads\/2021\/04\/ChemteqLogo0112239041421-scaled.jpg","width":2560,"height":574,"caption":"Chemteq Inc."},"image":{"@id":"https:\/\/www.chemteq.net\/#\/schema\/logo\/image\/"}}]}},"_links":{"self":[{"href":"https:\/\/www.chemteq.net\/de\/wp-json\/wp\/v2\/product\/1387","targetHints":{"allow":["GET"]}}],"collection":[{"href":"https:\/\/www.chemteq.net\/de\/wp-json\/wp\/v2\/product"}],"about":[{"href":"https:\/\/www.chemteq.net\/de\/wp-json\/wp\/v2\/types\/product"}],"wp:featuredmedia":[{"embeddable":true,"href":"https:\/\/www.chemteq.net\/de\/wp-json\/wp\/v2\/media\/3075"}],"wp:attachment":[{"href":"https:\/\/www.chemteq.net\/de\/wp-json\/wp\/v2\/media?parent=1387"}],"wp:term":[{"taxonomy":"product_brand","embeddable":true,"href":"https:\/\/www.chemteq.net\/de\/wp-json\/wp\/v2\/product_brand?post=1387"},{"taxonomy":"product_cat","embeddable":true,"href":"https:\/\/www.chemteq.net\/de\/wp-json\/wp\/v2\/product_cat?post=1387"},{"taxonomy":"product_tag","embeddable":true,"href":"https:\/\/www.chemteq.net\/de\/wp-json\/wp\/v2\/product_tag?post=1387"}],"curies":[{"name":"wp","href":"https:\/\/api.w.org\/{rel}","templated":true}]}}