{"id":1316,"date":"2021-04-26T09:39:59","date_gmt":"2021-04-26T09:39:59","guid":{"rendered":"http:\/\/chemteqinc.wpengine.com\/?post_type=product&#038;p=1316"},"modified":"2023-07-18T21:57:22","modified_gmt":"2023-07-18T21:57:22","slug":"ammonia-hydrogen-sulfide-breakthrough-indicator-bti2","status":"publish","type":"product","link":"https:\/\/www.chemteq.net\/de\/produkt\/ammonia-hydrogen-sulfide-breakthrough-indicator-bti2\/","title":{"rendered":"Ammonia &#038; Hydrogen Sulfide Breakthrough Indicator (BTI2)"},"content":{"rendered":"<p>Ammoniak- und Schwefelwasserstoff-Durchbruchsanzeiger (BTI2). Zeigt die S\u00e4ttigungsfilter an. Der Indikator ist zuverl\u00e4ssig und kosteneffektiv zum Schutz vor giftigem Chlordioxid. Einfacher Anschluss an den 1\u00bd-Zoll-NPT-Innengewinde-Ausgang des Filters mit Hilfe des 1\u00bd-Zoll-NPT-Au\u00dfengewindes an der Unterseite des Indikators. Er ist empfindlich f\u00fcr bestimmte Gase oder D\u00e4mpfe. Der Indikator ist 4,5 Zoll hoch und hat einen Durchmesser von 2 Zoll. Einzigartiges Design k\u00f6nnen Sie die helle lebendige Farbe \u00e4ndern aus allen Richtungen zu beobachten.<\/p>\n<p style=\"text-align: center;\"><span style=\"color: #0070ef;\"><strong>Ammonia &amp; Hydrogen Sulfide Breakthrough Indicator (BTI2) is reusable. Refill Kit Part Number: 402-5000<\/strong><\/span><\/p>\n<p><a href=\"https:\/\/d.docs.live.net\/wp-content\/uploads\/2021\/04\/BTI-2-Refilling-Instructions-MP-4068210-081720-F.pdf\"><strong>BTI 2 Nachf\u00fcllanleitung<\/strong><\/a><\/p>\n<p>PN 402<\/p>\n<p><strong>Produktspezifikationen<\/strong><\/p>\n<table>\n<tbody>\n<tr>\n<td width=\"27\">a<\/td>\n<td width=\"225\">Gewicht:<\/td>\n<td width=\"364\">129.5g (4.6oz)<\/td>\n<\/tr>\n<tr>\n<td width=\"27\">b<\/td>\n<td width=\"225\">Ma\u00dfe:<\/td>\n<td width=\"364\">11.43cm (4.5in), diameter 5.08cm (2.0in)<\/td>\n<\/tr>\n<tr>\n<td width=\"27\">c<\/td>\n<td width=\"225\">Abmessungen des Einlasses:<\/td>\n<td width=\"364\">1.5&#8243; MNPT<\/td>\n<\/tr>\n<tr>\n<td width=\"27\">d<\/td>\n<td width=\"225\">Betriebstemperatur:<\/td>\n<td width=\"364\">-20<sup>o<\/sup>C to 55<sup>o<\/sup>C (-4<sup>o<\/sup>F to 131<sup>o<\/sup>F)<\/td>\n<\/tr>\n<tr>\n<td width=\"27\">e<\/td>\n<td width=\"225\">Betriebsfeuchtigkeit:<\/td>\n<td width=\"364\">5% RH to 85%RH<\/td>\n<\/tr>\n<tr>\n<td width=\"27\">f<\/td>\n<td width=\"225\">Minimale Nachweisgrenze:<\/td>\n<td width=\"364\">Ammonia: 10ppm\u2022hr &amp; Hydrogen sulfide: 10ppm\u2022hr at 30 cm\/sec face velocity<\/td>\n<\/tr>\n<tr>\n<td width=\"27\">g<\/td>\n<td width=\"225\">Farbwechsel:<\/td>\n<td width=\"364\">Light blue to purple or black<\/td>\n<\/tr>\n<tr>\n<td width=\"27\">h<\/td>\n<td width=\"225\">Lagertemperatur:<\/td>\n<td width=\"364\">4<sup>o<\/sup>C to 25<sup>o<\/sup>C, (39<sup>o<\/sup>F to 77<sup>o<\/sup>F)<\/td>\n<\/tr>\n<tr>\n<td width=\"27\">i<\/td>\n<td width=\"225\">Haltbarkeit:<\/td>\n<td width=\"364\">2 years at 4<sup>o<\/sup>C to 25<sup>o<\/sup>C, (39<sup>o<\/sup>F to 77<sup>o<\/sup>F)<\/td>\n<\/tr>\n<tr>\n<td width=\"27\">j<\/td>\n<td width=\"225\">Lebensdauer:<\/td>\n<td width=\"364\">2 years<\/td>\n<\/tr>\n<\/tbody>\n<\/table>\n<p>Verwandte Produkte<\/p>\n<p><a href=\"https:\/\/www.chemteq.net\/de\/produkt\/ammonia-hydrogen-sulfide-saturation-indicator-sticker-for-ductless-hood-filters\/\" target=\"_blank\" rel=\"noopener\">Ammonia &amp; Hydrogen Sulfide BTIS<\/a>. Filter breakthrough indicator sticker for ductless hoods<\/p>","protected":false},"excerpt":{"rendered":"<p>Dimensions: Length = 114.3mm (4.5\u201d)<br \/>\nDiameter = 50.8mm (2.0\u201d)<br \/>\nInlet = 1.5\u201d Male NPT<br \/>\nAmmonia &amp; Hydrogen Sulfide Breakthrough Indicator BTI2 is reusable. Refill Kit Part Number: 402-5000<\/p>","protected":false},"featured_media":3039,"template":"","meta":{"_acf_changed":false,"site-sidebar-layout":"default","site-content-layout":"default","ast-site-content-layout":"","site-content-style":"default","site-sidebar-style":"default","ast-global-header-display":"","ast-banner-title-visibility":"","ast-main-header-display":"","ast-hfb-above-header-display":"","ast-hfb-below-header-display":"","ast-hfb-mobile-header-display":"","site-post-title":"","ast-breadcrumbs-content":"","ast-featured-img":"","footer-sml-layout":"","theme-transparent-header-meta":"default","adv-header-id-meta":"","stick-header-meta":"default","header-above-stick-meta":"","header-main-stick-meta":"","header-below-stick-meta":"","astra-migrate-meta-layouts":"default","ast-page-background-enabled":"default","ast-page-background-meta":{"desktop":{"background-color":"","background-image":"","background-repeat":"repeat","background-position":"center center","background-size":"auto","background-attachment":"scroll","background-type":"","background-media":"","overlay-type":"","overlay-color":"","overlay-opacity":"","overlay-gradient":""},"tablet":{"background-color":"","background-image":"","background-repeat":"repeat","background-position":"center center","background-size":"auto","background-attachment":"scroll","background-type":"","background-media":"","overlay-type":"","overlay-color":"","overlay-opacity":"","overlay-gradient":""},"mobile":{"background-color":"","background-image":"","background-repeat":"repeat","background-position":"center center","background-size":"auto","background-attachment":"scroll","background-type":"","background-media":"","overlay-type":"","overlay-color":"","overlay-opacity":"","overlay-gradient":""}},"ast-content-background-meta":{"desktop":{"background-color":"var(--ast-global-color-5)","background-image":"","background-repeat":"repeat","background-position":"center center","background-size":"auto","background-attachment":"scroll","background-type":"","background-media":"","overlay-type":"","overlay-color":"","overlay-opacity":"","overlay-gradient":""},"tablet":{"background-color":"var(--ast-global-color-5)","background-image":"","background-repeat":"repeat","background-position":"center center","background-size":"auto","background-attachment":"scroll","background-type":"","background-media":"","overlay-type":"","overlay-color":"","overlay-opacity":"","overlay-gradient":""},"mobile":{"background-color":"var(--ast-global-color-5)","background-image":"","background-repeat":"repeat","background-position":"center center","background-size":"auto","background-attachment":"scroll","background-type":"","background-media":"","overlay-type":"","overlay-color":"","overlay-opacity":"","overlay-gradient":""}}},"product_brand":[],"product_cat":[54],"product_tag":[65,61],"class_list":{"0":"post-1316","1":"product","2":"type-product","3":"status-publish","4":"has-post-thumbnail","6":"product_cat-bti2-filter-breackthrough-indicators-2","7":"product_tag-odor-emission-control-products","8":"product_tag-wastewater-treatment-emission-control-products","9":"desktop-align-left","10":"tablet-align-left","11":"mobile-align-left","12":"ast-product-gallery-layout-horizontal","13":"ast-product-gallery-with-no-image","14":"ast-product-tabs-layout-horizontal","16":"first","17":"instock","18":"taxable","19":"shipping-taxable","20":"purchasable","21":"product-type-simple"},"acf":[],"yoast_head":"<!-- This site is optimized with the Yoast SEO plugin v27.4 - https:\/\/yoast.com\/product\/yoast-seo-wordpress\/ -->\n<title>Ammonia &amp; Hydrogen Sulfide Breakthrough Indicator (BTI2). Reliable<\/title>\n<meta name=\"description\" content=\"Ammonia &amp; Hydrogen Sulfide Breakthrough Indicator (BTI2). Reliable &amp; cost effective for protection from ammonia and hydrogen sulfide.\" \/>\n<meta name=\"robots\" content=\"index, follow, max-snippet:-1, max-image-preview:large, max-video-preview:-1\" \/>\n<link rel=\"canonical\" href=\"https:\/\/www.chemteq.net\/de\/produkt\/ammonia-hydrogen-sulfide-breakthrough-indicator-bti2\/\" \/>\n<meta property=\"og:locale\" content=\"de_DE\" \/>\n<meta property=\"og:type\" content=\"article\" \/>\n<meta property=\"og:title\" content=\"Ammonia &amp; Hydrogen Sulfide Breakthrough Indicator (BTI2).\" \/>\n<meta property=\"og:description\" content=\"Ammonia &amp; Hydrogen Sulfide Breakthrough Indicator (BTI2). Reliable &amp; cost effective for protection from ammonia and hydrogen sulfide.\" \/>\n<meta property=\"og:url\" content=\"https:\/\/www.chemteq.net\/de\/produkt\/ammonia-hydrogen-sulfide-breakthrough-indicator-bti2\/\" \/>\n<meta property=\"og:site_name\" content=\"Chemteq Inc.\" \/>\n<meta property=\"article:modified_time\" content=\"2023-07-18T21:57:22+00:00\" \/>\n<meta property=\"og:image\" content=\"https:\/\/www.chemteq.net\/wp-content\/uploads\/2021\/04\/Ammonia-and-Hydrogen-Sulfide-Filter-Replacement-Indicator-2-scaled.jpg\" \/>\n\t<meta property=\"og:image:width\" content=\"2560\" \/>\n\t<meta property=\"og:image:height\" content=\"1968\" \/>\n\t<meta property=\"og:image:type\" content=\"image\/jpeg\" \/>\n<meta name=\"twitter:card\" content=\"summary_large_image\" \/>\n<meta name=\"twitter:title\" content=\"Ammonia &amp; Hydrogen Sulfide Breakthrough Indicator (BTI2).\" \/>\n<meta name=\"twitter:description\" content=\"Ammonia &amp; Hydrogen Sulfide Breakthrough Indicator (BTI2). Reliable &amp; cost effective for protection from ammonia and hydrogen sulfide.\" \/>\n<meta name=\"twitter:image\" content=\"https:\/\/www.chemteq.net\/wp-content\/uploads\/2021\/04\/Ammonia-and-Hydrogen-Sulfide-Filter-Replacement-Indicator-2-scaled.jpg\" \/>\n<meta name=\"twitter:label1\" content=\"Gesch\u00e4tzte Lesezeit\" \/>\n\t<meta name=\"twitter:data1\" content=\"1 Minute\" \/>\n<script type=\"application\/ld+json\" class=\"yoast-schema-graph\">{\"@context\":\"https:\\\/\\\/schema.org\",\"@graph\":[{\"@type\":\"WebPage\",\"@id\":\"https:\\\/\\\/www.chemteq.net\\\/product\\\/ammonia-hydrogen-sulfide-breakthrough-indicator-bti2\\\/\",\"url\":\"https:\\\/\\\/www.chemteq.net\\\/product\\\/ammonia-hydrogen-sulfide-breakthrough-indicator-bti2\\\/\",\"name\":\"Ammonia & Hydrogen Sulfide Breakthrough Indicator (BTI2). Reliable\",\"isPartOf\":{\"@id\":\"https:\\\/\\\/www.chemteq.net\\\/#website\"},\"primaryImageOfPage\":{\"@id\":\"https:\\\/\\\/www.chemteq.net\\\/product\\\/ammonia-hydrogen-sulfide-breakthrough-indicator-bti2\\\/#primaryimage\"},\"image\":{\"@id\":\"https:\\\/\\\/www.chemteq.net\\\/product\\\/ammonia-hydrogen-sulfide-breakthrough-indicator-bti2\\\/#primaryimage\"},\"thumbnailUrl\":\"https:\\\/\\\/www.chemteq.net\\\/wp-content\\\/uploads\\\/2021\\\/04\\\/Ammonia-and-Hydrogen-Sulfide-Breakthrough-Indicator-2.jpg\",\"datePublished\":\"2021-04-26T09:39:59+00:00\",\"dateModified\":\"2023-07-18T21:57:22+00:00\",\"description\":\"Ammonia & Hydrogen Sulfide Breakthrough Indicator (BTI2). Reliable & cost effective for protection from ammonia and hydrogen sulfide.\",\"breadcrumb\":{\"@id\":\"https:\\\/\\\/www.chemteq.net\\\/product\\\/ammonia-hydrogen-sulfide-breakthrough-indicator-bti2\\\/#breadcrumb\"},\"inLanguage\":\"de-DE\",\"potentialAction\":[{\"@type\":\"ReadAction\",\"target\":[\"https:\\\/\\\/www.chemteq.net\\\/product\\\/ammonia-hydrogen-sulfide-breakthrough-indicator-bti2\\\/\"]}]},{\"@type\":\"ImageObject\",\"inLanguage\":\"de-DE\",\"@id\":\"https:\\\/\\\/www.chemteq.net\\\/product\\\/ammonia-hydrogen-sulfide-breakthrough-indicator-bti2\\\/#primaryimage\",\"url\":\"https:\\\/\\\/www.chemteq.net\\\/wp-content\\\/uploads\\\/2021\\\/04\\\/Ammonia-and-Hydrogen-Sulfide-Breakthrough-Indicator-2.jpg\",\"contentUrl\":\"https:\\\/\\\/www.chemteq.net\\\/wp-content\\\/uploads\\\/2021\\\/04\\\/Ammonia-and-Hydrogen-Sulfide-Breakthrough-Indicator-2.jpg\",\"width\":2160,\"height\":2160,\"caption\":\"Ammonia & Hydrogen Sulfide Breakthrough Indicator (BTI2).\"},{\"@type\":\"BreadcrumbList\",\"@id\":\"https:\\\/\\\/www.chemteq.net\\\/product\\\/ammonia-hydrogen-sulfide-breakthrough-indicator-bti2\\\/#breadcrumb\",\"itemListElement\":[{\"@type\":\"ListItem\",\"position\":1,\"name\":\"Home\",\"item\":\"https:\\\/\\\/www.chemteq.net\\\/\"},{\"@type\":\"ListItem\",\"position\":2,\"name\":\"Products\",\"item\":\"https:\\\/\\\/www.chemteq.net\\\/products\\\/\"},{\"@type\":\"ListItem\",\"position\":3,\"name\":\"Ammonia &#038; Hydrogen Sulfide Breakthrough Indicator (BTI2)\"}]},{\"@type\":\"WebSite\",\"@id\":\"https:\\\/\\\/www.chemteq.net\\\/#website\",\"url\":\"https:\\\/\\\/www.chemteq.net\\\/\",\"name\":\"Chemteq Inc.\",\"description\":\"High Quality And Reliable Devices To Serve Health, Safety And Industrial Hygiene\",\"publisher\":{\"@id\":\"https:\\\/\\\/www.chemteq.net\\\/#organization\"},\"potentialAction\":[{\"@type\":\"SearchAction\",\"target\":{\"@type\":\"EntryPoint\",\"urlTemplate\":\"https:\\\/\\\/www.chemteq.net\\\/?s={search_term_string}\"},\"query-input\":{\"@type\":\"PropertyValueSpecification\",\"valueRequired\":true,\"valueName\":\"search_term_string\"}}],\"inLanguage\":\"de-DE\"},{\"@type\":\"Organization\",\"@id\":\"https:\\\/\\\/www.chemteq.net\\\/#organization\",\"name\":\"Chemteq Inc.\",\"url\":\"https:\\\/\\\/www.chemteq.net\\\/\",\"logo\":{\"@type\":\"ImageObject\",\"inLanguage\":\"de-DE\",\"@id\":\"https:\\\/\\\/www.chemteq.net\\\/#\\\/schema\\\/logo\\\/image\\\/\",\"url\":\"https:\\\/\\\/www.chemteq.net\\\/wp-content\\\/uploads\\\/2021\\\/04\\\/ChemteqLogo0112239041421-scaled.jpg\",\"contentUrl\":\"https:\\\/\\\/www.chemteq.net\\\/wp-content\\\/uploads\\\/2021\\\/04\\\/ChemteqLogo0112239041421-scaled.jpg\",\"width\":2560,\"height\":574,\"caption\":\"Chemteq Inc.\"},\"image\":{\"@id\":\"https:\\\/\\\/www.chemteq.net\\\/#\\\/schema\\\/logo\\\/image\\\/\"}}]}<\/script>\n<!-- \/ Yoast SEO plugin. -->","yoast_head_json":{"title":"Ammonia & Hydrogen Sulfide Breakthrough Indicator (BTI2). Reliable","description":"Ammonia & Hydrogen Sulfide Breakthrough Indicator (BTI2). Reliable & cost effective for protection from ammonia and hydrogen sulfide.","robots":{"index":"index","follow":"follow","max-snippet":"max-snippet:-1","max-image-preview":"max-image-preview:large","max-video-preview":"max-video-preview:-1"},"canonical":"https:\/\/www.chemteq.net\/de\/produkt\/ammonia-hydrogen-sulfide-breakthrough-indicator-bti2\/","og_locale":"de_DE","og_type":"article","og_title":"Ammonia & Hydrogen Sulfide Breakthrough Indicator (BTI2).","og_description":"Ammonia & Hydrogen Sulfide Breakthrough Indicator (BTI2). Reliable & cost effective for protection from ammonia and hydrogen sulfide.","og_url":"https:\/\/www.chemteq.net\/de\/produkt\/ammonia-hydrogen-sulfide-breakthrough-indicator-bti2\/","og_site_name":"Chemteq Inc.","article_modified_time":"2023-07-18T21:57:22+00:00","og_image":[{"width":2560,"height":1968,"url":"https:\/\/www.chemteq.net\/wp-content\/uploads\/2021\/04\/Ammonia-and-Hydrogen-Sulfide-Filter-Replacement-Indicator-2-scaled.jpg","type":"image\/jpeg"}],"twitter_card":"summary_large_image","twitter_title":"Ammonia & Hydrogen Sulfide Breakthrough Indicator (BTI2).","twitter_description":"Ammonia & Hydrogen Sulfide Breakthrough Indicator (BTI2). Reliable & cost effective for protection from ammonia and hydrogen sulfide.","twitter_image":"https:\/\/www.chemteq.net\/wp-content\/uploads\/2021\/04\/Ammonia-and-Hydrogen-Sulfide-Filter-Replacement-Indicator-2-scaled.jpg","twitter_misc":{"Gesch\u00e4tzte Lesezeit":"1 Minute"},"schema":{"@context":"https:\/\/schema.org","@graph":[{"@type":"WebPage","@id":"https:\/\/www.chemteq.net\/product\/ammonia-hydrogen-sulfide-breakthrough-indicator-bti2\/","url":"https:\/\/www.chemteq.net\/product\/ammonia-hydrogen-sulfide-breakthrough-indicator-bti2\/","name":"Ammonia & Hydrogen Sulfide Breakthrough Indicator (BTI2). Reliable","isPartOf":{"@id":"https:\/\/www.chemteq.net\/#website"},"primaryImageOfPage":{"@id":"https:\/\/www.chemteq.net\/product\/ammonia-hydrogen-sulfide-breakthrough-indicator-bti2\/#primaryimage"},"image":{"@id":"https:\/\/www.chemteq.net\/product\/ammonia-hydrogen-sulfide-breakthrough-indicator-bti2\/#primaryimage"},"thumbnailUrl":"https:\/\/www.chemteq.net\/wp-content\/uploads\/2021\/04\/Ammonia-and-Hydrogen-Sulfide-Breakthrough-Indicator-2.jpg","datePublished":"2021-04-26T09:39:59+00:00","dateModified":"2023-07-18T21:57:22+00:00","description":"Ammonia & Hydrogen Sulfide Breakthrough Indicator (BTI2). Reliable & cost effective for protection from ammonia and hydrogen sulfide.","breadcrumb":{"@id":"https:\/\/www.chemteq.net\/product\/ammonia-hydrogen-sulfide-breakthrough-indicator-bti2\/#breadcrumb"},"inLanguage":"de-DE","potentialAction":[{"@type":"ReadAction","target":["https:\/\/www.chemteq.net\/product\/ammonia-hydrogen-sulfide-breakthrough-indicator-bti2\/"]}]},{"@type":"ImageObject","inLanguage":"de-DE","@id":"https:\/\/www.chemteq.net\/product\/ammonia-hydrogen-sulfide-breakthrough-indicator-bti2\/#primaryimage","url":"https:\/\/www.chemteq.net\/wp-content\/uploads\/2021\/04\/Ammonia-and-Hydrogen-Sulfide-Breakthrough-Indicator-2.jpg","contentUrl":"https:\/\/www.chemteq.net\/wp-content\/uploads\/2021\/04\/Ammonia-and-Hydrogen-Sulfide-Breakthrough-Indicator-2.jpg","width":2160,"height":2160,"caption":"Ammonia & Hydrogen Sulfide Breakthrough Indicator (BTI2)."},{"@type":"BreadcrumbList","@id":"https:\/\/www.chemteq.net\/product\/ammonia-hydrogen-sulfide-breakthrough-indicator-bti2\/#breadcrumb","itemListElement":[{"@type":"ListItem","position":1,"name":"Home","item":"https:\/\/www.chemteq.net\/"},{"@type":"ListItem","position":2,"name":"Products","item":"https:\/\/www.chemteq.net\/products\/"},{"@type":"ListItem","position":3,"name":"Ammonia &#038; Hydrogen Sulfide Breakthrough Indicator (BTI2)"}]},{"@type":"WebSite","@id":"https:\/\/www.chemteq.net\/#website","url":"https:\/\/www.chemteq.net\/","name":"Chemteq Inc.","description":"High Quality And Reliable Devices To Serve Health, Safety And Industrial Hygiene","publisher":{"@id":"https:\/\/www.chemteq.net\/#organization"},"potentialAction":[{"@type":"SearchAction","target":{"@type":"EntryPoint","urlTemplate":"https:\/\/www.chemteq.net\/?s={search_term_string}"},"query-input":{"@type":"PropertyValueSpecification","valueRequired":true,"valueName":"search_term_string"}}],"inLanguage":"de-DE"},{"@type":"Organization","@id":"https:\/\/www.chemteq.net\/#organization","name":"Chemteq Inc.","url":"https:\/\/www.chemteq.net\/","logo":{"@type":"ImageObject","inLanguage":"de-DE","@id":"https:\/\/www.chemteq.net\/#\/schema\/logo\/image\/","url":"https:\/\/www.chemteq.net\/wp-content\/uploads\/2021\/04\/ChemteqLogo0112239041421-scaled.jpg","contentUrl":"https:\/\/www.chemteq.net\/wp-content\/uploads\/2021\/04\/ChemteqLogo0112239041421-scaled.jpg","width":2560,"height":574,"caption":"Chemteq Inc."},"image":{"@id":"https:\/\/www.chemteq.net\/#\/schema\/logo\/image\/"}}]}},"_links":{"self":[{"href":"https:\/\/www.chemteq.net\/de\/wp-json\/wp\/v2\/product\/1316","targetHints":{"allow":["GET"]}}],"collection":[{"href":"https:\/\/www.chemteq.net\/de\/wp-json\/wp\/v2\/product"}],"about":[{"href":"https:\/\/www.chemteq.net\/de\/wp-json\/wp\/v2\/types\/product"}],"wp:featuredmedia":[{"embeddable":true,"href":"https:\/\/www.chemteq.net\/de\/wp-json\/wp\/v2\/media\/3039"}],"wp:attachment":[{"href":"https:\/\/www.chemteq.net\/de\/wp-json\/wp\/v2\/media?parent=1316"}],"wp:term":[{"taxonomy":"product_brand","embeddable":true,"href":"https:\/\/www.chemteq.net\/de\/wp-json\/wp\/v2\/product_brand?post=1316"},{"taxonomy":"product_cat","embeddable":true,"href":"https:\/\/www.chemteq.net\/de\/wp-json\/wp\/v2\/product_cat?post=1316"},{"taxonomy":"product_tag","embeddable":true,"href":"https:\/\/www.chemteq.net\/de\/wp-json\/wp\/v2\/product_tag?post=1316"}],"curies":[{"name":"wp","href":"https:\/\/api.w.org\/{rel}","templated":true}]}}