{"id":1292,"date":"2021-04-25T11:32:32","date_gmt":"2021-04-25T11:32:32","guid":{"rendered":"http:\/\/chemteqinc.wpengine.com\/?post_type=product&#038;p=1292"},"modified":"2025-12-11T18:29:38","modified_gmt":"2025-12-11T18:29:38","slug":"hydrogen-sulfide-filter-breakthrough-indicator-waterproof","status":"publish","type":"product","link":"https:\/\/www.chemteq.net\/de\/produkt\/hydrogen-sulfide-filter-breakthrough-indicator-waterproof\/","title":{"rendered":"Hydrogen Sulfide Filter Breakthrough Indicator &#8211; Waterproof"},"content":{"rendered":"<p>Schwefelwasserstoff-Filterwechselindikator wasserdicht. Er ist ein kolorimetrischer Indikator. Er zeigt die Ersch\u00f6pfung der Filter an. Der Indikator ist zuverl\u00e4ssig und kosteneffektiv zum Schutz vor der Exposition gegen\u00fcber giftigem Schwefelwasserstoffgas. Die Farbe \u00e4ndert sich von gr\u00fcn zu schwarz, wenn der Filter mit Schwefelwasserstoff ges\u00e4ttigt ist. Dadurch wird der Benutzer darauf aufmerksam gemacht, den ersch\u00f6pften Kohleabsorber oder Filter zu ersetzen. Der Anschluss an den \u00be-Zoll-NPT-Innengewinde-Ausgang des Filters erfolgt einfach \u00fcber das \u00be-Zoll-NPT-Au\u00dfengewinde an der Unterseite des Indikators.<\/p>\n<p>Es ist empfindlich gegen\u00fcber Schwefelwasserstoffgas. Funktioniert bei Temperaturen von -20<sup>o<\/sup>C to 65<sup>o<\/sup>C (-4<sup>o<\/sup>F to 149<sup>o<\/sup>F) und Luftfeuchtigkeiten von 5% RH bis 85%RH. Der Indikator ist 3,5 Zoll hoch; 1 Zoll Durchmesser. Heller, leuchtender Farbwechsel aus allen Richtungen. Einzigartiges Design verhindert jede Farbver\u00e4nderung durch Verunreinigungen in der Umgebung. Er \u00e4ndert seine Farbe nur, wenn der Filter ges\u00e4ttigt ist. Der Indikator hat eine verl\u00e4ngerte Lebensdauer von 2 Jahren. Dieser Indikator ist wasserdicht.<\/p>\n<p>PN 197<\/p>\n<div align=\"center\">\n<div style=\"text-align: left;\"><b>Produktspezifikationen<\/b><\/div>\n<div><\/div>\n<div align=\"center\">\n<table border=\"0\" cellspacing=\"0\" cellpadding=\"0\">\n<tbody>\n<tr>\n<td width=\"42\">\n<p align=\"center\">a<\/p>\n<\/td>\n<td valign=\"top\" width=\"348\">Gewicht:<\/td>\n<td valign=\"top\" width=\"359\">28g (1.0oz)<\/td>\n<\/tr>\n<tr>\n<td width=\"42\">\n<p align=\"center\">b<\/p>\n<\/td>\n<td valign=\"top\" width=\"348\">\n<p id=\"ext-gen20942\">Ma\u00dfe:<\/p>\n<\/td>\n<td valign=\"top\" width=\"359\">89.9mm (3.5in), diameter 24.5mm (1.0in)<\/td>\n<\/tr>\n<tr>\n<td width=\"42\">\n<p align=\"center\">c<\/p>\n<\/td>\n<td valign=\"top\" width=\"348\">Abmessungen des Einlasses:<\/td>\n<td valign=\"top\" width=\"359\">\u00be&#8221; MNPT<\/td>\n<\/tr>\n<tr>\n<td width=\"42\">\n<p align=\"center\">d<\/p>\n<\/td>\n<td valign=\"top\" width=\"348\">Betriebstemperatur:<\/td>\n<td valign=\"top\" width=\"359\">-20<sup>o<\/sup>C to 65<sup>o<\/sup>C (-4<sup>o<\/sup>F to 149<sup>o<\/sup>F)<\/td>\n<\/tr>\n<tr>\n<td width=\"42\">\n<p align=\"center\">e<\/p>\n<\/td>\n<td valign=\"top\" width=\"348\">Betriebsfeuchtigkeit:<\/td>\n<td valign=\"top\" width=\"359\">5% RH to 95%RH<\/td>\n<\/tr>\n<tr>\n<td width=\"42\">\n<p align=\"center\">f<\/p>\n<\/td>\n<td valign=\"top\" width=\"348\">Minimale Nachweisgrenze:<\/td>\n<td valign=\"top\" width=\"359\">1ppm\u2022min at 30 cm\/sec face velocity<\/td>\n<\/tr>\n<tr>\n<td width=\"42\">\n<p align=\"center\">g<\/p>\n<\/td>\n<td valign=\"top\" width=\"348\">Farbwechsel:<\/td>\n<td valign=\"top\" width=\"359\">Green to black<\/td>\n<\/tr>\n<tr>\n<td width=\"42\">\n<p align=\"center\">h<\/p>\n<\/td>\n<td valign=\"top\" width=\"348\">Lagertemperatur:<\/td>\n<td valign=\"top\" width=\"359\">4<sup>o<\/sup>C to 25<sup>o<\/sup>C, (39<sup>o<\/sup>F to 77<sup>o<\/sup>F)<\/td>\n<\/tr>\n<tr>\n<td width=\"42\">\n<p align=\"center\">i<\/p>\n<\/td>\n<td valign=\"top\" width=\"348\">Haltbarkeit:<\/td>\n<td valign=\"top\" width=\"359\">2 years at 4<sup>o<\/sup>C to 25<sup>o<\/sup>C, (39<sup>o<\/sup>F to 77<sup>o<\/sup>F)<\/td>\n<\/tr>\n<tr>\n<td width=\"42\">\n<p align=\"center\">j<\/p>\n<\/td>\n<td valign=\"top\" width=\"348\">Lebensdauer:<\/td>\n<td valign=\"top\" width=\"359\">2 years<\/td>\n<\/tr>\n<\/tbody>\n<\/table>\n<\/div>\n<\/div>\n<div style=\"text-align: left;\" align=\"center\">Hydrogen sulfide filter change indicator waterproof.<\/div>\n<div style=\"text-align: left;\" align=\"center\">N\u00fctzliche Links<br \/>\n<a href=\"https:\/\/www.osha.gov\/hydrogen-sulfide\/hazards\">OSHA<\/a><br \/>\n<a href=\"https:\/\/www.cdc.gov\/niosh\/npg\/npgd0337.html\">NIOSH<\/a><\/div>\n<div style=\"text-align: left;\" align=\"center\"><a href=\"https:\/\/www.chemteq.net\/de\/produkt\/hydrogen-sulfide-breakthrough-indicator-sticker-sewer-manhole-filters\/\" target=\"_blank\" rel=\"noopener\">Hydrogen Sulfide Breakthrough Indicator Sticker for Sewer Manhole Filters<\/a><\/div>\n<div style=\"text-align: left;\" align=\"center\"><a href=\"https:\/\/www.chemteq.net\/de\/produkt\/mercaptans-breakthrough-indicator-sticker-sewer-manhole-filters\/\" target=\"_blank\" rel=\"noopener\">Mercaptans Breakthrough Indicator Sticker for Sewer Manhole Filters<\/a><\/div>","protected":false},"excerpt":{"rendered":"<p>Product Features<br \/>\nMinimum detectable limit: 1ppm\u2022min<br \/>\nColor Change: Green to black<br \/>\nInlet dimensions: \u00be&#8221; Male NPT<br \/>\nService life: 2 years<\/p>","protected":false},"featured_media":2049,"template":"","meta":{"_acf_changed":false,"site-sidebar-layout":"default","site-content-layout":"default","ast-site-content-layout":"default","site-content-style":"default","site-sidebar-style":"default","ast-global-header-display":"","ast-banner-title-visibility":"","ast-main-header-display":"","ast-hfb-above-header-display":"","ast-hfb-below-header-display":"","ast-hfb-mobile-header-display":"","site-post-title":"","ast-breadcrumbs-content":"","ast-featured-img":"","footer-sml-layout":"","theme-transparent-header-meta":"default","adv-header-id-meta":"","stick-header-meta":"default","header-above-stick-meta":"","header-main-stick-meta":"","header-below-stick-meta":"","astra-migrate-meta-layouts":"set","ast-page-background-enabled":"default","ast-page-background-meta":{"desktop":{"background-color":"","background-image":"","background-repeat":"repeat","background-position":"center center","background-size":"auto","background-attachment":"scroll","background-type":"","background-media":"","overlay-type":"","overlay-color":"","overlay-opacity":"","overlay-gradient":""},"tablet":{"background-color":"","background-image":"","background-repeat":"repeat","background-position":"center center","background-size":"auto","background-attachment":"scroll","background-type":"","background-media":"","overlay-type":"","overlay-color":"","overlay-opacity":"","overlay-gradient":""},"mobile":{"background-color":"","background-image":"","background-repeat":"repeat","background-position":"center center","background-size":"auto","background-attachment":"scroll","background-type":"","background-media":"","overlay-type":"","overlay-color":"","overlay-opacity":"","overlay-gradient":""}},"ast-content-background-meta":{"desktop":{"background-color":"var(--ast-global-color-5)","background-image":"","background-repeat":"repeat","background-position":"center center","background-size":"auto","background-attachment":"scroll","background-type":"","background-media":"","overlay-type":"","overlay-color":"","overlay-opacity":"","overlay-gradient":""},"tablet":{"background-color":"var(--ast-global-color-5)","background-image":"","background-repeat":"repeat","background-position":"center center","background-size":"auto","background-attachment":"scroll","background-type":"","background-media":"","overlay-type":"","overlay-color":"","overlay-opacity":"","overlay-gradient":""},"mobile":{"background-color":"var(--ast-global-color-5)","background-image":"","background-repeat":"repeat","background-position":"center center","background-size":"auto","background-attachment":"scroll","background-type":"","background-media":"","overlay-type":"","overlay-color":"","overlay-opacity":"","overlay-gradient":""}}},"product_brand":[],"product_cat":[46],"product_tag":[78,65,67,61],"class_list":{"0":"post-1292","1":"product","2":"type-product","3":"status-publish","4":"has-post-thumbnail","6":"product_cat-bti-filter-breakthrough-indicators","7":"product_tag-chemical-industries-emission-control-products","8":"product_tag-odor-emission-control-products","9":"product_tag-petroleum-industry-emission-control","10":"product_tag-wastewater-treatment-emission-control-products","11":"desktop-align-left","12":"tablet-align-left","13":"mobile-align-left","14":"ast-product-gallery-layout-horizontal","15":"ast-product-gallery-with-no-image","16":"ast-product-tabs-layout-horizontal","18":"first","19":"instock","20":"taxable","21":"shipping-taxable","22":"purchasable","23":"product-type-simple"},"acf":[],"yoast_head":"<!-- This site is optimized with the Yoast SEO plugin v27.4 - https:\/\/yoast.com\/product\/yoast-seo-wordpress\/ -->\n<title>Hydrogen sulfide filter change indicator waterproof. Reliable and cost effect<\/title>\n<meta name=\"description\" content=\"Hydrogen sulfide filter change indicator waterproof. It indicates the exhaustion of filters. Reliable and cost effective. It\" \/>\n<meta name=\"robots\" content=\"index, follow, max-snippet:-1, max-image-preview:large, max-video-preview:-1\" \/>\n<link rel=\"canonical\" href=\"https:\/\/www.chemteq.net\/de\/produkt\/hydrogen-sulfide-filter-breakthrough-indicator-waterproof\/\" \/>\n<meta property=\"og:locale\" content=\"de_DE\" \/>\n<meta property=\"og:type\" content=\"article\" \/>\n<meta property=\"og:title\" content=\"Hydrogen Sulfide Filter Change Indicator\" \/>\n<meta property=\"og:description\" content=\"Hydrogen sulfide filter change indicator waterproof. It is a colorimetric indicator. It indicates the exhaustion of filters\" \/>\n<meta property=\"og:url\" content=\"https:\/\/www.chemteq.net\/de\/produkt\/hydrogen-sulfide-filter-breakthrough-indicator-waterproof\/\" \/>\n<meta property=\"og:site_name\" content=\"Chemteq Inc.\" \/>\n<meta property=\"article:modified_time\" content=\"2025-12-11T18:29:38+00:00\" \/>\n<meta property=\"og:image\" content=\"https:\/\/www.chemteq.net\/wp-content\/uploads\/2021\/05\/Hydrogen-Sulfide-Breakthrough-Indicator-High-Capacity.-Waterproof-scaled.jpg\" \/>\n\t<meta property=\"og:image:width\" content=\"2560\" \/>\n\t<meta property=\"og:image:height\" content=\"1792\" \/>\n\t<meta property=\"og:image:type\" content=\"image\/jpeg\" \/>\n<meta name=\"twitter:card\" content=\"summary_large_image\" \/>\n<meta name=\"twitter:title\" content=\"Hydrogen Sulfide Filter Change Indicator\" \/>\n<meta name=\"twitter:description\" content=\"Hydrogen sulfide filter change indicator waterproof. It is a colorimetric indicator. It indicates the exhaustion of filters\" \/>\n<meta name=\"twitter:image\" content=\"https:\/\/www.chemteq.net\/wp-content\/uploads\/2021\/05\/Hydrogen-Sulfide-Breakthrough-Indicator-High-Capacity.-Waterproof-scaled.jpg\" \/>\n<meta name=\"twitter:label1\" content=\"Gesch\u00e4tzte Lesezeit\" \/>\n\t<meta name=\"twitter:data1\" content=\"2 Minuten\" \/>\n<script type=\"application\/ld+json\" class=\"yoast-schema-graph\">{\"@context\":\"https:\\\/\\\/schema.org\",\"@graph\":[{\"@type\":[\"WebPage\",\"ItemPage\"],\"@id\":\"https:\\\/\\\/www.chemteq.net\\\/product\\\/hydrogen-sulfide-filter-breakthrough-indicator-waterproof\\\/\",\"url\":\"https:\\\/\\\/www.chemteq.net\\\/product\\\/hydrogen-sulfide-filter-breakthrough-indicator-waterproof\\\/\",\"name\":\"Hydrogen sulfide filter change indicator waterproof. Reliable and cost effect\",\"isPartOf\":{\"@id\":\"https:\\\/\\\/www.chemteq.net\\\/#website\"},\"primaryImageOfPage\":{\"@id\":\"https:\\\/\\\/www.chemteq.net\\\/product\\\/hydrogen-sulfide-filter-breakthrough-indicator-waterproof\\\/#primaryimage\"},\"image\":{\"@id\":\"https:\\\/\\\/www.chemteq.net\\\/product\\\/hydrogen-sulfide-filter-breakthrough-indicator-waterproof\\\/#primaryimage\"},\"thumbnailUrl\":\"https:\\\/\\\/www.chemteq.net\\\/wp-content\\\/uploads\\\/2021\\\/03\\\/Hydrazine-BTI-Unexp-092914.jpg\",\"datePublished\":\"2021-04-25T11:32:32+00:00\",\"dateModified\":\"2025-12-11T18:29:38+00:00\",\"description\":\"Hydrogen sulfide filter change indicator waterproof. It indicates the exhaustion of filters. Reliable and cost effective. It\",\"breadcrumb\":{\"@id\":\"https:\\\/\\\/www.chemteq.net\\\/product\\\/hydrogen-sulfide-filter-breakthrough-indicator-waterproof\\\/#breadcrumb\"},\"inLanguage\":\"de-DE\",\"potentialAction\":[{\"@type\":\"ReadAction\",\"target\":[\"https:\\\/\\\/www.chemteq.net\\\/product\\\/hydrogen-sulfide-filter-breakthrough-indicator-waterproof\\\/\"]}]},{\"@type\":\"ImageObject\",\"inLanguage\":\"de-DE\",\"@id\":\"https:\\\/\\\/www.chemteq.net\\\/product\\\/hydrogen-sulfide-filter-breakthrough-indicator-waterproof\\\/#primaryimage\",\"url\":\"https:\\\/\\\/www.chemteq.net\\\/wp-content\\\/uploads\\\/2021\\\/03\\\/Hydrazine-BTI-Unexp-092914.jpg\",\"contentUrl\":\"https:\\\/\\\/www.chemteq.net\\\/wp-content\\\/uploads\\\/2021\\\/03\\\/Hydrazine-BTI-Unexp-092914.jpg\",\"width\":2160,\"height\":2160,\"caption\":\"Hydrogen sulfide filter change indicator waterproof. It indicates the exhaustion of filters.\"},{\"@type\":\"BreadcrumbList\",\"@id\":\"https:\\\/\\\/www.chemteq.net\\\/product\\\/hydrogen-sulfide-filter-breakthrough-indicator-waterproof\\\/#breadcrumb\",\"itemListElement\":[{\"@type\":\"ListItem\",\"position\":1,\"name\":\"Home\",\"item\":\"https:\\\/\\\/www.chemteq.net\\\/\"},{\"@type\":\"ListItem\",\"position\":2,\"name\":\"Products\",\"item\":\"https:\\\/\\\/www.chemteq.net\\\/products\\\/\"},{\"@type\":\"ListItem\",\"position\":3,\"name\":\"Hydrogen Sulfide Filter Breakthrough Indicator &#8211; Waterproof\"}]},{\"@type\":\"WebSite\",\"@id\":\"https:\\\/\\\/www.chemteq.net\\\/#website\",\"url\":\"https:\\\/\\\/www.chemteq.net\\\/\",\"name\":\"Chemteq Inc.\",\"description\":\"High Quality And Reliable Devices To Serve Health, Safety And Industrial Hygiene\",\"publisher\":{\"@id\":\"https:\\\/\\\/www.chemteq.net\\\/#organization\"},\"potentialAction\":[{\"@type\":\"SearchAction\",\"target\":{\"@type\":\"EntryPoint\",\"urlTemplate\":\"https:\\\/\\\/www.chemteq.net\\\/?s={search_term_string}\"},\"query-input\":{\"@type\":\"PropertyValueSpecification\",\"valueRequired\":true,\"valueName\":\"search_term_string\"}}],\"inLanguage\":\"de-DE\"},{\"@type\":\"Organization\",\"@id\":\"https:\\\/\\\/www.chemteq.net\\\/#organization\",\"name\":\"Chemteq Inc.\",\"url\":\"https:\\\/\\\/www.chemteq.net\\\/\",\"logo\":{\"@type\":\"ImageObject\",\"inLanguage\":\"de-DE\",\"@id\":\"https:\\\/\\\/www.chemteq.net\\\/#\\\/schema\\\/logo\\\/image\\\/\",\"url\":\"https:\\\/\\\/www.chemteq.net\\\/wp-content\\\/uploads\\\/2021\\\/04\\\/ChemteqLogo0112239041421-scaled.jpg\",\"contentUrl\":\"https:\\\/\\\/www.chemteq.net\\\/wp-content\\\/uploads\\\/2021\\\/04\\\/ChemteqLogo0112239041421-scaled.jpg\",\"width\":2560,\"height\":574,\"caption\":\"Chemteq Inc.\"},\"image\":{\"@id\":\"https:\\\/\\\/www.chemteq.net\\\/#\\\/schema\\\/logo\\\/image\\\/\"}}]}<\/script>\n<!-- \/ Yoast SEO plugin. -->","yoast_head_json":{"title":"Hydrogen sulfide filter change indicator waterproof. Reliable and cost effect","description":"Hydrogen sulfide filter change indicator waterproof. It indicates the exhaustion of filters. Reliable and cost effective. It","robots":{"index":"index","follow":"follow","max-snippet":"max-snippet:-1","max-image-preview":"max-image-preview:large","max-video-preview":"max-video-preview:-1"},"canonical":"https:\/\/www.chemteq.net\/de\/produkt\/hydrogen-sulfide-filter-breakthrough-indicator-waterproof\/","og_locale":"de_DE","og_type":"article","og_title":"Hydrogen Sulfide Filter Change Indicator","og_description":"Hydrogen sulfide filter change indicator waterproof. It is a colorimetric indicator. It indicates the exhaustion of filters","og_url":"https:\/\/www.chemteq.net\/de\/produkt\/hydrogen-sulfide-filter-breakthrough-indicator-waterproof\/","og_site_name":"Chemteq Inc.","article_modified_time":"2025-12-11T18:29:38+00:00","og_image":[{"width":2560,"height":1792,"url":"https:\/\/www.chemteq.net\/wp-content\/uploads\/2021\/05\/Hydrogen-Sulfide-Breakthrough-Indicator-High-Capacity.-Waterproof-scaled.jpg","type":"image\/jpeg"}],"twitter_card":"summary_large_image","twitter_title":"Hydrogen Sulfide Filter Change Indicator","twitter_description":"Hydrogen sulfide filter change indicator waterproof. It is a colorimetric indicator. It indicates the exhaustion of filters","twitter_image":"https:\/\/www.chemteq.net\/wp-content\/uploads\/2021\/05\/Hydrogen-Sulfide-Breakthrough-Indicator-High-Capacity.-Waterproof-scaled.jpg","twitter_misc":{"Gesch\u00e4tzte Lesezeit":"2 Minuten"},"schema":{"@context":"https:\/\/schema.org","@graph":[{"@type":["WebPage","ItemPage"],"@id":"https:\/\/www.chemteq.net\/product\/hydrogen-sulfide-filter-breakthrough-indicator-waterproof\/","url":"https:\/\/www.chemteq.net\/product\/hydrogen-sulfide-filter-breakthrough-indicator-waterproof\/","name":"Hydrogen sulfide filter change indicator waterproof. Reliable and cost effect","isPartOf":{"@id":"https:\/\/www.chemteq.net\/#website"},"primaryImageOfPage":{"@id":"https:\/\/www.chemteq.net\/product\/hydrogen-sulfide-filter-breakthrough-indicator-waterproof\/#primaryimage"},"image":{"@id":"https:\/\/www.chemteq.net\/product\/hydrogen-sulfide-filter-breakthrough-indicator-waterproof\/#primaryimage"},"thumbnailUrl":"https:\/\/www.chemteq.net\/wp-content\/uploads\/2021\/03\/Hydrazine-BTI-Unexp-092914.jpg","datePublished":"2021-04-25T11:32:32+00:00","dateModified":"2025-12-11T18:29:38+00:00","description":"Hydrogen sulfide filter change indicator waterproof. It indicates the exhaustion of filters. Reliable and cost effective. It","breadcrumb":{"@id":"https:\/\/www.chemteq.net\/product\/hydrogen-sulfide-filter-breakthrough-indicator-waterproof\/#breadcrumb"},"inLanguage":"de-DE","potentialAction":[{"@type":"ReadAction","target":["https:\/\/www.chemteq.net\/product\/hydrogen-sulfide-filter-breakthrough-indicator-waterproof\/"]}]},{"@type":"ImageObject","inLanguage":"de-DE","@id":"https:\/\/www.chemteq.net\/product\/hydrogen-sulfide-filter-breakthrough-indicator-waterproof\/#primaryimage","url":"https:\/\/www.chemteq.net\/wp-content\/uploads\/2021\/03\/Hydrazine-BTI-Unexp-092914.jpg","contentUrl":"https:\/\/www.chemteq.net\/wp-content\/uploads\/2021\/03\/Hydrazine-BTI-Unexp-092914.jpg","width":2160,"height":2160,"caption":"Hydrogen sulfide filter change indicator waterproof. It indicates the exhaustion of filters."},{"@type":"BreadcrumbList","@id":"https:\/\/www.chemteq.net\/product\/hydrogen-sulfide-filter-breakthrough-indicator-waterproof\/#breadcrumb","itemListElement":[{"@type":"ListItem","position":1,"name":"Home","item":"https:\/\/www.chemteq.net\/"},{"@type":"ListItem","position":2,"name":"Products","item":"https:\/\/www.chemteq.net\/products\/"},{"@type":"ListItem","position":3,"name":"Hydrogen Sulfide Filter Breakthrough Indicator &#8211; Waterproof"}]},{"@type":"WebSite","@id":"https:\/\/www.chemteq.net\/#website","url":"https:\/\/www.chemteq.net\/","name":"Chemteq Inc.","description":"High Quality And Reliable Devices To Serve Health, Safety And Industrial Hygiene","publisher":{"@id":"https:\/\/www.chemteq.net\/#organization"},"potentialAction":[{"@type":"SearchAction","target":{"@type":"EntryPoint","urlTemplate":"https:\/\/www.chemteq.net\/?s={search_term_string}"},"query-input":{"@type":"PropertyValueSpecification","valueRequired":true,"valueName":"search_term_string"}}],"inLanguage":"de-DE"},{"@type":"Organization","@id":"https:\/\/www.chemteq.net\/#organization","name":"Chemteq Inc.","url":"https:\/\/www.chemteq.net\/","logo":{"@type":"ImageObject","inLanguage":"de-DE","@id":"https:\/\/www.chemteq.net\/#\/schema\/logo\/image\/","url":"https:\/\/www.chemteq.net\/wp-content\/uploads\/2021\/04\/ChemteqLogo0112239041421-scaled.jpg","contentUrl":"https:\/\/www.chemteq.net\/wp-content\/uploads\/2021\/04\/ChemteqLogo0112239041421-scaled.jpg","width":2560,"height":574,"caption":"Chemteq Inc."},"image":{"@id":"https:\/\/www.chemteq.net\/#\/schema\/logo\/image\/"}}]}},"_links":{"self":[{"href":"https:\/\/www.chemteq.net\/de\/wp-json\/wp\/v2\/product\/1292","targetHints":{"allow":["GET"]}}],"collection":[{"href":"https:\/\/www.chemteq.net\/de\/wp-json\/wp\/v2\/product"}],"about":[{"href":"https:\/\/www.chemteq.net\/de\/wp-json\/wp\/v2\/types\/product"}],"wp:featuredmedia":[{"embeddable":true,"href":"https:\/\/www.chemteq.net\/de\/wp-json\/wp\/v2\/media\/2049"}],"wp:attachment":[{"href":"https:\/\/www.chemteq.net\/de\/wp-json\/wp\/v2\/media?parent=1292"}],"wp:term":[{"taxonomy":"product_brand","embeddable":true,"href":"https:\/\/www.chemteq.net\/de\/wp-json\/wp\/v2\/product_brand?post=1292"},{"taxonomy":"product_cat","embeddable":true,"href":"https:\/\/www.chemteq.net\/de\/wp-json\/wp\/v2\/product_cat?post=1292"},{"taxonomy":"product_tag","embeddable":true,"href":"https:\/\/www.chemteq.net\/de\/wp-json\/wp\/v2\/product_tag?post=1292"}],"curies":[{"name":"wp","href":"https:\/\/api.w.org\/{rel}","templated":true}]}}