{"id":1250,"date":"2021-04-25T10:39:54","date_gmt":"2021-04-25T10:39:54","guid":{"rendered":"http:\/\/chemteqinc.wpengine.com\/?post_type=product&#038;p=1250"},"modified":"2025-12-01T17:06:27","modified_gmt":"2025-12-01T17:06:27","slug":"hydrazine-hs-area-monitor","status":"publish","type":"product","link":"https:\/\/www.chemteq.net\/de\/produkt\/hydrazine-hs-area-monitor\/","title":{"rendered":"Hydrazine HS Area Monitor"},"content":{"rendered":"<p>Hydrazine area monitor is a sensitive and selective indicator for the presence of traces of hydrazine in air. This area monitor is most suited as leak detector for hydrazine, MIL-87930 and H-70. It can be used indoor or outdoor and has extended service life of 6 months. The area\u00a0 monitor is also suitable to monitor air on stack, duct, vent or flue where representative samples can be obtained.<\/p>\n<div>PN 245<\/div>\n<div><\/div>\n<div><b>Produktspezifikationen<\/b><\/div>\n<table border=\"0\" cellspacing=\"0\" cellpadding=\"0\">\n<tbody>\n<tr>\n<td width=\"32\">\n<p align=\"center\">a<\/p>\n<\/td>\n<td valign=\"top\" width=\"265\">Gewicht:<\/td>\n<td valign=\"top\" width=\"423\">0.4g (0.02oz)<\/td>\n<\/tr>\n<tr>\n<td width=\"32\">\n<p align=\"center\">b<\/p>\n<\/td>\n<td valign=\"top\" width=\"265\">Ma\u00dfe:<\/td>\n<td valign=\"top\" width=\"423\">2.8mm (0.11in), diameter: 38.1mm (1.5in)<\/td>\n<\/tr>\n<tr>\n<td width=\"32\">\n<p align=\"center\">c<\/p>\n<\/td>\n<td valign=\"top\" width=\"265\">Betriebstemperatur:<\/td>\n<td valign=\"top\" width=\"423\">-20<sup>o<\/sup>C to 40<sup>o<\/sup>C (-4<sup>o<\/sup>F to 104<sup>o<\/sup>F)<\/td>\n<\/tr>\n<tr>\n<td width=\"32\">\n<p align=\"center\">d<\/p>\n<\/td>\n<td valign=\"top\" width=\"265\">Betriebsfeuchtigkeit:<\/td>\n<td valign=\"top\" width=\"423\">5% RH to 90%RH<\/td>\n<\/tr>\n<tr>\n<td width=\"32\">\n<p align=\"center\">e<\/p>\n<\/td>\n<td valign=\"top\" width=\"265\">Minimale Nachweisgrenze:<\/td>\n<td valign=\"top\" width=\"423\">4ppb\u2022hr. at 30 cm\/sec face velocity<\/td>\n<\/tr>\n<tr>\n<td width=\"32\">\n<p align=\"center\">f<\/p>\n<\/td>\n<td valign=\"top\" width=\"265\">Farbwechsel:<\/td>\n<td valign=\"top\" width=\"423\">Light pink to purple<\/td>\n<\/tr>\n<tr>\n<td width=\"32\">\n<p align=\"center\">g<\/p>\n<\/td>\n<td valign=\"top\" width=\"265\">Lagertemperatur:<\/td>\n<td valign=\"top\" width=\"423\">4<sup>o<\/sup>C to 20<sup>o<\/sup>C, (39<sup>o<\/sup>F to 68<sup>o<\/sup>F)<\/td>\n<\/tr>\n<tr>\n<td width=\"32\">\n<p align=\"center\">h<\/p>\n<\/td>\n<td valign=\"top\" width=\"265\">Haltbarkeit:<\/td>\n<td valign=\"top\" width=\"423\">1 year at 4<sup>o<\/sup>C to 22<sup>o<\/sup>C, (39<sup>o<\/sup>F to 68<sup>o<\/sup>F)<\/td>\n<\/tr>\n<tr>\n<td width=\"32\">\n<p align=\"center\">i<\/p>\n<\/td>\n<td valign=\"top\" width=\"265\">Lebensdauer:<\/td>\n<td valign=\"top\" width=\"423\">24 hours<\/td>\n<\/tr>\n<\/tbody>\n<\/table>\n<p>N\u00fctzliche Links<\/p>\n<p><a href=\"https:\/\/www.epa.gov\/sites\/default\/files\/2016-09\/documents\/hydrazine.pdf\" target=\"_blank\" rel=\"noopener\">US EPA<\/a><br \/>\n<a href=\"https:\/\/www.cdc.gov\/niosh\/npg\/npgd0329.html\" target=\"_blank\" rel=\"noopener\">HIOSH<\/a><br \/>\n<a href=\"https:\/\/www.chemteq.net\/de\/produkt-kategorie\/dg-water-analysis-kits\/hydrazine-dg-water-tests\/\">Hydrazine DG Water Analysis<\/a><br \/>\n<a href=\"https:\/\/www.chemteq.net\/de\/produkt\/hydrazine-vapor-breakthrough-saturation-indicator\/\">Filter change indicator<\/a><br \/>\n<a href=\"https:\/\/www.chemteq.net\/de\/produkt\/hydrazine-dg-filter-esli-2517\/\">Filter with end-of-service life indicator<\/a><\/p>\n<p><strong>Fakten \u00fcber Hydrazin<\/strong><br \/>\nHydrazine (H\u2082NNH\u2082) sind klare, farblose Fl\u00fcssigkeiten mit einem ammoniakartigen Geruch. Hydrazine sind hochreaktiv und fangen leicht Feuer. Arbeitnehmer k\u00f6nnen durch die Exposition gegen\u00fcber Hydrazin gesch\u00e4digt werden. Das Ausma\u00df der Sch\u00e4digung h\u00e4ngt von der Dosis, der Dauer und der ausgef\u00fchrten Arbeit ab.<\/p>\n<p>Hydrazin wird in vielen Industriezweigen verwendet, z. B. bei der Herstellung von Raketentreibstoffen und Brennstoffen f\u00fcr Raumfahrzeuge.\u00a0Einige Beispiele f\u00fcr Arbeitnehmer, die dem Risiko einer Exposition gegen\u00fcber Hydrazin ausgesetzt sind, sind die folgenden:<\/p>\n<ul>\n<li>Arbeiter, die es f\u00fcr die Behandlung von Kesselwasser zum Schutz vor Korrosion verwenden<\/li>\n<li>Industriearbeiter, die es als chemisches Reaktionsmittel verwenden<\/li>\n<li>Forscher, die Krebsbehandlungen erforschen<\/li>\n<li>Landarbeiter, die es in Pestiziden verwenden<\/li>\n<\/ul>","protected":false},"excerpt":{"rendered":"<p>Product Features<br \/>\nMinimum detectable limit: 4ppb\u2022hr.<br \/>\nColor Change: Light pink to purple<\/p>\n<p>Dimensions: 1.5&#8243; diameter, 2mm<\/p>\n<p>Service life: 24 hours<\/p>","protected":false},"featured_media":1252,"template":"","meta":{"_acf_changed":false,"site-sidebar-layout":"default","site-content-layout":"default","ast-site-content-layout":"default","site-content-style":"default","site-sidebar-style":"default","ast-global-header-display":"","ast-banner-title-visibility":"","ast-main-header-display":"","ast-hfb-above-header-display":"","ast-hfb-below-header-display":"","ast-hfb-mobile-header-display":"","site-post-title":"","ast-breadcrumbs-content":"","ast-featured-img":"","footer-sml-layout":"","theme-transparent-header-meta":"default","adv-header-id-meta":"","stick-header-meta":"default","header-above-stick-meta":"","header-main-stick-meta":"","header-below-stick-meta":"","astra-migrate-meta-layouts":"set","ast-page-background-enabled":"default","ast-page-background-meta":{"desktop":{"background-color":"","background-image":"","background-repeat":"repeat","background-position":"center center","background-size":"auto","background-attachment":"scroll","background-type":"","background-media":"","overlay-type":"","overlay-color":"","overlay-opacity":"","overlay-gradient":""},"tablet":{"background-color":"","background-image":"","background-repeat":"repeat","background-position":"center center","background-size":"auto","background-attachment":"scroll","background-type":"","background-media":"","overlay-type":"","overlay-color":"","overlay-opacity":"","overlay-gradient":""},"mobile":{"background-color":"","background-image":"","background-repeat":"repeat","background-position":"center center","background-size":"auto","background-attachment":"scroll","background-type":"","background-media":"","overlay-type":"","overlay-color":"","overlay-opacity":"","overlay-gradient":""}},"ast-content-background-meta":{"desktop":{"background-color":"var(--ast-global-color-5)","background-image":"","background-repeat":"repeat","background-position":"center center","background-size":"auto","background-attachment":"scroll","background-type":"","background-media":"","overlay-type":"","overlay-color":"","overlay-opacity":"","overlay-gradient":""},"tablet":{"background-color":"var(--ast-global-color-5)","background-image":"","background-repeat":"repeat","background-position":"center center","background-size":"auto","background-attachment":"scroll","background-type":"","background-media":"","overlay-type":"","overlay-color":"","overlay-opacity":"","overlay-gradient":""},"mobile":{"background-color":"var(--ast-global-color-5)","background-image":"","background-repeat":"repeat","background-position":"center center","background-size":"auto","background-attachment":"scroll","background-type":"","background-media":"","overlay-type":"","overlay-color":"","overlay-opacity":"","overlay-gradient":""}}},"product_brand":[],"product_cat":[15],"product_tag":[60,69],"class_list":{"0":"post-1250","1":"product","2":"type-product","3":"status-publish","4":"has-post-thumbnail","6":"product_cat-chemteq-area-monitors","7":"product_tag-aerospace","8":"product_tag-laboratories-emission-control-products","9":"desktop-align-left","10":"tablet-align-left","11":"mobile-align-left","12":"ast-product-gallery-layout-horizontal","13":"ast-product-gallery-with-no-image","14":"ast-product-tabs-layout-horizontal","16":"first","17":"instock","18":"taxable","19":"shipping-taxable","20":"purchasable","21":"product-type-simple"},"acf":[],"yoast_head":"<!-- This site is optimized with the Yoast SEO plugin v26.3 - https:\/\/yoast.com\/wordpress\/plugins\/seo\/ -->\n<title>Hydrazine area monitor. Indicator for MIL-87930 and H-70 detector<\/title>\n<meta name=\"description\" content=\"hydrazine area monitor is sensitive and selective indicator for traces of hydrazine. Leak detector for MIL-87930 and H-7 hydrazine detector\" \/>\n<meta name=\"robots\" content=\"index, follow, max-snippet:-1, max-image-preview:large, max-video-preview:-1\" \/>\n<link rel=\"canonical\" href=\"https:\/\/www.chemteq.net\/de\/produkt\/hydrazine-hs-area-monitor\/\" \/>\n<meta property=\"og:locale\" content=\"de_DE\" \/>\n<meta property=\"og:type\" content=\"article\" \/>\n<meta property=\"og:title\" content=\"hydrazine area monitor\" \/>\n<meta property=\"og:description\" content=\"hydrazine area monitor is sensitive and selective indicator for traces of hydrazine. it is suited as leak detector for MIL-87930 and H-70.\" \/>\n<meta property=\"og:url\" content=\"https:\/\/www.chemteq.net\/de\/produkt\/hydrazine-hs-area-monitor\/\" \/>\n<meta property=\"og:site_name\" content=\"Chemteq Inc.\" \/>\n<meta property=\"article:modified_time\" content=\"2025-12-01T17:06:27+00:00\" \/>\n<meta property=\"og:image\" content=\"https:\/\/www.chemteq.net\/wp-content\/uploads\/2021\/04\/Hydrazine-HS-AM-245-exp-and-Unexp-060519.jpg\" \/>\n\t<meta property=\"og:image:width\" content=\"2154\" \/>\n\t<meta property=\"og:image:height\" content=\"1000\" \/>\n\t<meta property=\"og:image:type\" content=\"image\/jpeg\" \/>\n<meta name=\"twitter:card\" content=\"summary_large_image\" \/>\n<meta name=\"twitter:title\" content=\"hydrazine area monitor\" \/>\n<meta name=\"twitter:description\" content=\"hydrazine area monitor is sensitive and selective indicator for traces of hydrazine. it is suited as leak detector for MIL-87930 and H-70.\" \/>\n<meta name=\"twitter:image\" content=\"https:\/\/www.chemteq.net\/wp-content\/uploads\/2021\/04\/Hydrazine-HS-AM-245-exp-and-Unexp-060519.jpg\" \/>\n<meta name=\"twitter:label1\" content=\"Gesch\u00e4tzte Lesezeit\" \/>\n\t<meta name=\"twitter:data1\" content=\"2 Minuten\" \/>\n<script type=\"application\/ld+json\" class=\"yoast-schema-graph\">{\"@context\":\"https:\/\/schema.org\",\"@graph\":[{\"@type\":\"WebPage\",\"@id\":\"https:\/\/www.chemteq.net\/product\/hydrazine-hs-area-monitor\/\",\"url\":\"https:\/\/www.chemteq.net\/product\/hydrazine-hs-area-monitor\/\",\"name\":\"Hydrazine area monitor. Indicator for MIL-87930 and H-70 detector\",\"isPartOf\":{\"@id\":\"https:\/\/www.chemteq.net\/#website\"},\"primaryImageOfPage\":{\"@id\":\"https:\/\/www.chemteq.net\/product\/hydrazine-hs-area-monitor\/#primaryimage\"},\"image\":{\"@id\":\"https:\/\/www.chemteq.net\/product\/hydrazine-hs-area-monitor\/#primaryimage\"},\"thumbnailUrl\":\"https:\/\/www.chemteq.net\/wp-content\/uploads\/2021\/04\/245-pic.jpg\",\"datePublished\":\"2021-04-25T10:39:54+00:00\",\"dateModified\":\"2025-12-01T17:06:27+00:00\",\"description\":\"hydrazine area monitor is sensitive and selective indicator for traces of hydrazine. Leak detector for MIL-87930 and H-7 hydrazine detector\",\"breadcrumb\":{\"@id\":\"https:\/\/www.chemteq.net\/product\/hydrazine-hs-area-monitor\/#breadcrumb\"},\"inLanguage\":\"de-DE\",\"potentialAction\":[{\"@type\":\"ReadAction\",\"target\":[\"https:\/\/www.chemteq.net\/product\/hydrazine-hs-area-monitor\/\"]}]},{\"@type\":\"ImageObject\",\"inLanguage\":\"de-DE\",\"@id\":\"https:\/\/www.chemteq.net\/product\/hydrazine-hs-area-monitor\/#primaryimage\",\"url\":\"https:\/\/www.chemteq.net\/wp-content\/uploads\/2021\/04\/245-pic.jpg\",\"contentUrl\":\"https:\/\/www.chemteq.net\/wp-content\/uploads\/2021\/04\/245-pic.jpg\",\"width\":1000,\"height\":1000,\"caption\":\"Hydrazine Area Monitor MIL-87930 and H-70. Hydrazine Detector\"},{\"@type\":\"BreadcrumbList\",\"@id\":\"https:\/\/www.chemteq.net\/product\/hydrazine-hs-area-monitor\/#breadcrumb\",\"itemListElement\":[{\"@type\":\"ListItem\",\"position\":1,\"name\":\"Home\",\"item\":\"https:\/\/www.chemteq.net\/\"},{\"@type\":\"ListItem\",\"position\":2,\"name\":\"Products\",\"item\":\"https:\/\/www.chemteq.net\/products\/\"},{\"@type\":\"ListItem\",\"position\":3,\"name\":\"Hydrazine HS Area Monitor\"}]},{\"@type\":\"WebSite\",\"@id\":\"https:\/\/www.chemteq.net\/#website\",\"url\":\"https:\/\/www.chemteq.net\/\",\"name\":\"Chemteq Inc.\",\"description\":\"High Quality And Reliable Devices To Serve Health, Safety And Industrial Hygiene\",\"publisher\":{\"@id\":\"https:\/\/www.chemteq.net\/#organization\"},\"potentialAction\":[{\"@type\":\"SearchAction\",\"target\":{\"@type\":\"EntryPoint\",\"urlTemplate\":\"https:\/\/www.chemteq.net\/?s={search_term_string}\"},\"query-input\":{\"@type\":\"PropertyValueSpecification\",\"valueRequired\":true,\"valueName\":\"search_term_string\"}}],\"inLanguage\":\"de-DE\"},{\"@type\":\"Organization\",\"@id\":\"https:\/\/www.chemteq.net\/#organization\",\"name\":\"Chemteq Inc.\",\"url\":\"https:\/\/www.chemteq.net\/\",\"logo\":{\"@type\":\"ImageObject\",\"inLanguage\":\"de-DE\",\"@id\":\"https:\/\/www.chemteq.net\/#\/schema\/logo\/image\/\",\"url\":\"https:\/\/www.chemteq.net\/wp-content\/uploads\/2021\/04\/ChemteqLogo0112239041421-scaled.jpg\",\"contentUrl\":\"https:\/\/www.chemteq.net\/wp-content\/uploads\/2021\/04\/ChemteqLogo0112239041421-scaled.jpg\",\"width\":2560,\"height\":574,\"caption\":\"Chemteq Inc.\"},\"image\":{\"@id\":\"https:\/\/www.chemteq.net\/#\/schema\/logo\/image\/\"}}]}<\/script>\n<!-- \/ Yoast SEO plugin. -->","yoast_head_json":{"title":"Hydrazine area monitor. Indicator for MIL-87930 and H-70 detector","description":"hydrazine area monitor is sensitive and selective indicator for traces of hydrazine. Leak detector for MIL-87930 and H-7 hydrazine detector","robots":{"index":"index","follow":"follow","max-snippet":"max-snippet:-1","max-image-preview":"max-image-preview:large","max-video-preview":"max-video-preview:-1"},"canonical":"https:\/\/www.chemteq.net\/de\/produkt\/hydrazine-hs-area-monitor\/","og_locale":"de_DE","og_type":"article","og_title":"hydrazine area monitor","og_description":"hydrazine area monitor is sensitive and selective indicator for traces of hydrazine. it is suited as leak detector for MIL-87930 and H-70.","og_url":"https:\/\/www.chemteq.net\/de\/produkt\/hydrazine-hs-area-monitor\/","og_site_name":"Chemteq Inc.","article_modified_time":"2025-12-01T17:06:27+00:00","og_image":[{"width":2154,"height":1000,"url":"https:\/\/www.chemteq.net\/wp-content\/uploads\/2021\/04\/Hydrazine-HS-AM-245-exp-and-Unexp-060519.jpg","type":"image\/jpeg"}],"twitter_card":"summary_large_image","twitter_title":"hydrazine area monitor","twitter_description":"hydrazine area monitor is sensitive and selective indicator for traces of hydrazine. it is suited as leak detector for MIL-87930 and H-70.","twitter_image":"https:\/\/www.chemteq.net\/wp-content\/uploads\/2021\/04\/Hydrazine-HS-AM-245-exp-and-Unexp-060519.jpg","twitter_misc":{"Gesch\u00e4tzte Lesezeit":"2 Minuten"},"schema":{"@context":"https:\/\/schema.org","@graph":[{"@type":"WebPage","@id":"https:\/\/www.chemteq.net\/product\/hydrazine-hs-area-monitor\/","url":"https:\/\/www.chemteq.net\/product\/hydrazine-hs-area-monitor\/","name":"Hydrazine area monitor. Indicator for MIL-87930 and H-70 detector","isPartOf":{"@id":"https:\/\/www.chemteq.net\/#website"},"primaryImageOfPage":{"@id":"https:\/\/www.chemteq.net\/product\/hydrazine-hs-area-monitor\/#primaryimage"},"image":{"@id":"https:\/\/www.chemteq.net\/product\/hydrazine-hs-area-monitor\/#primaryimage"},"thumbnailUrl":"https:\/\/www.chemteq.net\/wp-content\/uploads\/2021\/04\/245-pic.jpg","datePublished":"2021-04-25T10:39:54+00:00","dateModified":"2025-12-01T17:06:27+00:00","description":"hydrazine area monitor is sensitive and selective indicator for traces of hydrazine. Leak detector for MIL-87930 and H-7 hydrazine detector","breadcrumb":{"@id":"https:\/\/www.chemteq.net\/product\/hydrazine-hs-area-monitor\/#breadcrumb"},"inLanguage":"de-DE","potentialAction":[{"@type":"ReadAction","target":["https:\/\/www.chemteq.net\/product\/hydrazine-hs-area-monitor\/"]}]},{"@type":"ImageObject","inLanguage":"de-DE","@id":"https:\/\/www.chemteq.net\/product\/hydrazine-hs-area-monitor\/#primaryimage","url":"https:\/\/www.chemteq.net\/wp-content\/uploads\/2021\/04\/245-pic.jpg","contentUrl":"https:\/\/www.chemteq.net\/wp-content\/uploads\/2021\/04\/245-pic.jpg","width":1000,"height":1000,"caption":"Hydrazine Area Monitor MIL-87930 and H-70. Hydrazine Detector"},{"@type":"BreadcrumbList","@id":"https:\/\/www.chemteq.net\/product\/hydrazine-hs-area-monitor\/#breadcrumb","itemListElement":[{"@type":"ListItem","position":1,"name":"Home","item":"https:\/\/www.chemteq.net\/"},{"@type":"ListItem","position":2,"name":"Products","item":"https:\/\/www.chemteq.net\/products\/"},{"@type":"ListItem","position":3,"name":"Hydrazine HS Area Monitor"}]},{"@type":"WebSite","@id":"https:\/\/www.chemteq.net\/#website","url":"https:\/\/www.chemteq.net\/","name":"Chemteq Inc.","description":"High Quality And Reliable Devices To Serve Health, Safety And Industrial Hygiene","publisher":{"@id":"https:\/\/www.chemteq.net\/#organization"},"potentialAction":[{"@type":"SearchAction","target":{"@type":"EntryPoint","urlTemplate":"https:\/\/www.chemteq.net\/?s={search_term_string}"},"query-input":{"@type":"PropertyValueSpecification","valueRequired":true,"valueName":"search_term_string"}}],"inLanguage":"de-DE"},{"@type":"Organization","@id":"https:\/\/www.chemteq.net\/#organization","name":"Chemteq Inc.","url":"https:\/\/www.chemteq.net\/","logo":{"@type":"ImageObject","inLanguage":"de-DE","@id":"https:\/\/www.chemteq.net\/#\/schema\/logo\/image\/","url":"https:\/\/www.chemteq.net\/wp-content\/uploads\/2021\/04\/ChemteqLogo0112239041421-scaled.jpg","contentUrl":"https:\/\/www.chemteq.net\/wp-content\/uploads\/2021\/04\/ChemteqLogo0112239041421-scaled.jpg","width":2560,"height":574,"caption":"Chemteq Inc."},"image":{"@id":"https:\/\/www.chemteq.net\/#\/schema\/logo\/image\/"}}]}},"_links":{"self":[{"href":"https:\/\/www.chemteq.net\/de\/wp-json\/wp\/v2\/product\/1250","targetHints":{"allow":["GET"]}}],"collection":[{"href":"https:\/\/www.chemteq.net\/de\/wp-json\/wp\/v2\/product"}],"about":[{"href":"https:\/\/www.chemteq.net\/de\/wp-json\/wp\/v2\/types\/product"}],"wp:featuredmedia":[{"embeddable":true,"href":"https:\/\/www.chemteq.net\/de\/wp-json\/wp\/v2\/media\/1252"}],"wp:attachment":[{"href":"https:\/\/www.chemteq.net\/de\/wp-json\/wp\/v2\/media?parent=1250"}],"wp:term":[{"taxonomy":"product_brand","embeddable":true,"href":"https:\/\/www.chemteq.net\/de\/wp-json\/wp\/v2\/product_brand?post=1250"},{"taxonomy":"product_cat","embeddable":true,"href":"https:\/\/www.chemteq.net\/de\/wp-json\/wp\/v2\/product_cat?post=1250"},{"taxonomy":"product_tag","embeddable":true,"href":"https:\/\/www.chemteq.net\/de\/wp-json\/wp\/v2\/product_tag?post=1250"}],"curies":[{"name":"wp","href":"https:\/\/api.w.org\/{rel}","templated":true}]}}