{"id":1194,"date":"2021-03-18T14:50:25","date_gmt":"2021-03-18T14:50:25","guid":{"rendered":"http:\/\/chemteqinc.wpengine.com\/?post_type=product&#038;p=1194"},"modified":"2022-07-21T11:06:41","modified_gmt":"2022-07-21T11:06:41","slug":"acids-vapors-dg-filter-721","status":"publish","type":"product","link":"https:\/\/www.chemteq.net\/de\/produkt\/acids-vapors-dg-filter-721\/","title":{"rendered":"Acids Vapors DG-FILTER 721"},"content":{"rendered":"<p>Acids Vapors DG-FILTER 721 ist ein effizienter und zuverl\u00e4ssiger Filter.\u00a0 Besonders geeignet f\u00fcr chemische Prozesse und Reaktorentl\u00fcftungen. Spezielle Sorptionsmittelmischung f\u00fcr maximale Sorption von sauren Gasen und D\u00e4mpfen. Einfaches Nachf\u00fcllen von verbrauchten Sorptionsmedien. Die besten Ergebnisse erzielen Sie mit den entsprechenden Filterwechselanzeigern BTI oder BTI2.\u00a0 Die Filterwechselanzeige weist den Benutzer in Echtzeit darauf hin, den Filter zu wechseln. <strong>BTI und BTI2 werden separat verkauft.<\/strong><\/p>\n<p>Zu den sauren Gasen und D\u00e4mpfen geh\u00f6ren Essigs\u00e4ure, Salzs\u00e4ure, Salpeters\u00e4ure und halogenierte organische S\u00e4uren<\/p>\n<p>Filterspezifikationen:<\/p>\n<table width=\"606\">\n<tbody>\n<tr>\n<td width=\"45\">A<\/td>\n<td width=\"236\">L\u00e4nge:<\/td>\n<td width=\"317\">11\u201d<\/td>\n<\/tr>\n<tr>\n<td width=\"45\">b<\/td>\n<td width=\"236\">Durchmesser:<\/td>\n<td width=\"317\">5.7\u201d<\/td>\n<\/tr>\n<tr>\n<td width=\"45\">c<\/td>\n<td width=\"236\">Betriebstemperatur:<\/td>\n<td width=\"317\">-20<sup>o<\/sup>C to 55<sup>o<\/sup>C (-4<sup>o<\/sup>F to 131<sup>o<\/sup>F)<\/td>\n<\/tr>\n<tr>\n<td width=\"45\">d<\/td>\n<td width=\"236\">Betriebsfeuchtigkeit:<\/td>\n<td width=\"317\">5% RH to 85%RH<\/td>\n<\/tr>\n<tr>\n<td width=\"45\">e<\/td>\n<td width=\"236\">Einlass und Auslass:<\/td>\n<td width=\"317\">0.75\u201d or 1.5\u201d female NPT*<\/td>\n<\/tr>\n<tr>\n<td width=\"45\">f<\/td>\n<td width=\"236\">Sorptionsmedien:<\/td>\n<td width=\"317\">Up to 5 lb.<\/td>\n<\/tr>\n<tr>\n<td width=\"45\">g<\/td>\n<td width=\"236\">Zul\u00e4ssige Fl\u00fcssigkeit:<\/td>\n<td width=\"317\">Gases and vapors<\/td>\n<\/tr>\n<tr>\n<td width=\"45\">h<\/td>\n<td width=\"236\">Optimaler Luftstrom:<\/td>\n<td width=\"317\">Static to 500cc\/min<\/td>\n<\/tr>\n<tr>\n<td width=\"45\">i<\/td>\n<td width=\"236\">Empfehlung<\/td>\n<td width=\"317\">Use filter with BTI (3.5\u201dx 1\u201d, 0.75\u201d NPT) or BTI2 (4.5\u201dx 2\u201d, 1.5\u201d NPT). sold seperate<\/td>\n<\/tr>\n<\/tbody>\n<\/table>\n<p>* NPT = National pipe thread<\/p>\n<p>Geeignet f\u00fcr chemische Prozesse und Reaktoren Entl\u00fcftungen<br \/>\nEinfaches Nachf\u00fcllen von verbrauchten Sorptionsmitteln<\/p>\n<p>Acids Vapors DG-FILTER 721<\/p>\n<p>N\u00fctzliche Links<br \/>\n<a href=\"https:\/\/www.cdc.gov\/Niosh\/npg\/npgd0332.html\">NIOSH<\/a><\/p>\n<p>Verwandte Produkte<br \/>\n<a href=\"https:\/\/www.chemteq.net\/de\/produkt\/acidic-vapors-saturation-indicator-sticker-for-ductless-hood-filters\/\">Ductless hood filter change indictor sticker (BTIS) for acid vapors<\/a><br \/>\n<a href=\"https:\/\/www.chemteq.net\/de\/produkt\/acids-area-monitor\/\">Acids Area Monitor<\/a><\/p>\n<p>OEM- und kundenspezifische Produkte.<\/p>","protected":false},"excerpt":{"rendered":"<p>Acids DG Filter 721<\/p>\n<p>Ma\u00dfe:<br \/>\nLength = 16\u201d, diameter = 9.4\u201d, Inlet &amp; outlet = \u00be\u201d to 2.5\u201d female NPT<\/p>\n<p>Beschreibung:<br \/>\nBis zu 5 lb. spezieller Sorptionsmittelmischungen<br \/>\nEinfaches Nachf\u00fcllen von verbrauchten Sorptionsmitteln<br \/>\nOptional use of filter change indicators acids BTI (PN: 180) or acids BTI 2 (PN: 401) depending on the selected filter outlet.<\/p>","protected":false},"featured_media":2174,"template":"","meta":{"_acf_changed":false,"site-sidebar-layout":"default","site-content-layout":"default","ast-site-content-layout":"","site-content-style":"default","site-sidebar-style":"default","ast-global-header-display":"","ast-banner-title-visibility":"","ast-main-header-display":"","ast-hfb-above-header-display":"","ast-hfb-below-header-display":"","ast-hfb-mobile-header-display":"","site-post-title":"","ast-breadcrumbs-content":"","ast-featured-img":"","footer-sml-layout":"","theme-transparent-header-meta":"default","adv-header-id-meta":"","stick-header-meta":"default","header-above-stick-meta":"","header-main-stick-meta":"","header-below-stick-meta":"","astra-migrate-meta-layouts":"default","ast-page-background-enabled":"default","ast-page-background-meta":{"desktop":{"background-color":"","background-image":"","background-repeat":"repeat","background-position":"center center","background-size":"auto","background-attachment":"scroll","background-type":"","background-media":"","overlay-type":"","overlay-color":"","overlay-opacity":"","overlay-gradient":""},"tablet":{"background-color":"","background-image":"","background-repeat":"repeat","background-position":"center center","background-size":"auto","background-attachment":"scroll","background-type":"","background-media":"","overlay-type":"","overlay-color":"","overlay-opacity":"","overlay-gradient":""},"mobile":{"background-color":"","background-image":"","background-repeat":"repeat","background-position":"center center","background-size":"auto","background-attachment":"scroll","background-type":"","background-media":"","overlay-type":"","overlay-color":"","overlay-opacity":"","overlay-gradient":""}},"ast-content-background-meta":{"desktop":{"background-color":"var(--ast-global-color-5)","background-image":"","background-repeat":"repeat","background-position":"center center","background-size":"auto","background-attachment":"scroll","background-type":"","background-media":"","overlay-type":"","overlay-color":"","overlay-opacity":"","overlay-gradient":""},"tablet":{"background-color":"var(--ast-global-color-5)","background-image":"","background-repeat":"repeat","background-position":"center center","background-size":"auto","background-attachment":"scroll","background-type":"","background-media":"","overlay-type":"","overlay-color":"","overlay-opacity":"","overlay-gradient":""},"mobile":{"background-color":"var(--ast-global-color-5)","background-image":"","background-repeat":"repeat","background-position":"center center","background-size":"auto","background-attachment":"scroll","background-type":"","background-media":"","overlay-type":"","overlay-color":"","overlay-opacity":"","overlay-gradient":""}}},"product_brand":[],"product_cat":[73],"product_tag":[78,69,68],"class_list":{"0":"post-1194","1":"product","2":"type-product","3":"status-publish","4":"has-post-thumbnail","6":"product_cat-700-series-dg-filters","7":"product_tag-chemical-industries-emission-control-products","8":"product_tag-laboratories-emission-control-products","9":"product_tag-life-sciences-emission-control-products","10":"desktop-align-left","11":"tablet-align-left","12":"mobile-align-left","13":"ast-product-gallery-layout-horizontal","14":"ast-product-gallery-with-no-image","15":"ast-product-tabs-layout-horizontal","17":"first","18":"instock","19":"taxable","20":"shipping-taxable","21":"purchasable","22":"product-type-simple"},"acf":[],"yoast_head":"<!-- This site is optimized with the Yoast SEO plugin v26.3 - https:\/\/yoast.com\/wordpress\/plugins\/seo\/ -->\n<title>Acids Vapors DG-FILTER 721. For best results, use with BTI or BTI2<\/title>\n<meta name=\"description\" content=\"Acids Vapors DG-FILTER 721. Most suited for reactor vents. Special blend sorbent media. For best results, use with BTI or BTI2\" \/>\n<meta name=\"robots\" content=\"index, follow, max-snippet:-1, max-image-preview:large, max-video-preview:-1\" \/>\n<link rel=\"canonical\" href=\"https:\/\/www.chemteq.net\/de\/produkt\/acids-vapors-dg-filter-721\/\" \/>\n<meta property=\"og:locale\" content=\"de_DE\" \/>\n<meta property=\"og:type\" content=\"article\" \/>\n<meta property=\"og:title\" content=\"Acids Vapors DG-FILTER 721\" \/>\n<meta property=\"og:description\" content=\"Acids Vapors DG-FILTER 721. Most suited for reactor vents. Special blend sorbent media. For best results, use with BTI or BTI2\" \/>\n<meta property=\"og:url\" content=\"https:\/\/www.chemteq.net\/de\/produkt\/acids-vapors-dg-filter-721\/\" \/>\n<meta property=\"og:site_name\" content=\"Chemteq Inc.\" \/>\n<meta property=\"article:modified_time\" content=\"2022-07-21T11:06:41+00:00\" \/>\n<meta property=\"og:image\" content=\"https:\/\/www.chemteq.net\/wp-content\/uploads\/2021\/03\/Acids-Vapors-DG-Filter-721-scaled.jpg\" \/>\n\t<meta property=\"og:image:width\" content=\"2560\" \/>\n\t<meta property=\"og:image:height\" content=\"1536\" \/>\n\t<meta property=\"og:image:type\" content=\"image\/jpeg\" \/>\n<meta name=\"twitter:card\" content=\"summary_large_image\" \/>\n<meta name=\"twitter:title\" content=\"Acids Vapors DG-FILTER 721\" \/>\n<meta name=\"twitter:description\" content=\"Acids Vapors DG-FILTER 721. Most suited for reactor vents. Special blend sorbent media. For best results, use with BTI or BTI2.\" \/>\n<meta name=\"twitter:image\" content=\"https:\/\/www.chemteq.net\/wp-content\/uploads\/2021\/03\/Acids-Vapors-DG-Filter-721-scaled.jpg\" \/>\n<meta name=\"twitter:label1\" content=\"Gesch\u00e4tzte Lesezeit\" \/>\n\t<meta name=\"twitter:data1\" content=\"1 Minute\" \/>\n<script type=\"application\/ld+json\" class=\"yoast-schema-graph\">{\"@context\":\"https:\/\/schema.org\",\"@graph\":[{\"@type\":\"WebPage\",\"@id\":\"https:\/\/www.chemteq.net\/product\/acids-vapors-dg-filter-721\/\",\"url\":\"https:\/\/www.chemteq.net\/product\/acids-vapors-dg-filter-721\/\",\"name\":\"Acids Vapors DG-FILTER 721. For best results, use with BTI or BTI2\",\"isPartOf\":{\"@id\":\"https:\/\/www.chemteq.net\/#website\"},\"primaryImageOfPage\":{\"@id\":\"https:\/\/www.chemteq.net\/product\/acids-vapors-dg-filter-721\/#primaryimage\"},\"image\":{\"@id\":\"https:\/\/www.chemteq.net\/product\/acids-vapors-dg-filter-721\/#primaryimage\"},\"thumbnailUrl\":\"https:\/\/www.chemteq.net\/wp-content\/uploads\/2021\/03\/Acids-DG-Filter-721-052521.jpg\",\"datePublished\":\"2021-03-18T14:50:25+00:00\",\"dateModified\":\"2022-07-21T11:06:41+00:00\",\"description\":\"Acids Vapors DG-FILTER 721. Most suited for reactor vents. Special blend sorbent media. For best results, use with BTI or BTI2\",\"breadcrumb\":{\"@id\":\"https:\/\/www.chemteq.net\/product\/acids-vapors-dg-filter-721\/#breadcrumb\"},\"inLanguage\":\"de-DE\",\"potentialAction\":[{\"@type\":\"ReadAction\",\"target\":[\"https:\/\/www.chemteq.net\/product\/acids-vapors-dg-filter-721\/\"]}]},{\"@type\":\"ImageObject\",\"inLanguage\":\"de-DE\",\"@id\":\"https:\/\/www.chemteq.net\/product\/acids-vapors-dg-filter-721\/#primaryimage\",\"url\":\"https:\/\/www.chemteq.net\/wp-content\/uploads\/2021\/03\/Acids-DG-Filter-721-052521.jpg\",\"contentUrl\":\"https:\/\/www.chemteq.net\/wp-content\/uploads\/2021\/03\/Acids-DG-Filter-721-052521.jpg\",\"width\":2160,\"height\":2160,\"caption\":\"Acids Vapors DG-FILTER 721.\"},{\"@type\":\"BreadcrumbList\",\"@id\":\"https:\/\/www.chemteq.net\/product\/acids-vapors-dg-filter-721\/#breadcrumb\",\"itemListElement\":[{\"@type\":\"ListItem\",\"position\":1,\"name\":\"Home\",\"item\":\"https:\/\/www.chemteq.net\/\"},{\"@type\":\"ListItem\",\"position\":2,\"name\":\"Products\",\"item\":\"https:\/\/www.chemteq.net\/products\/\"},{\"@type\":\"ListItem\",\"position\":3,\"name\":\"Acids Vapors DG-FILTER 721\"}]},{\"@type\":\"WebSite\",\"@id\":\"https:\/\/www.chemteq.net\/#website\",\"url\":\"https:\/\/www.chemteq.net\/\",\"name\":\"Chemteq Inc.\",\"description\":\"High Quality And Reliable Devices To Serve Health, Safety And Industrial Hygiene\",\"publisher\":{\"@id\":\"https:\/\/www.chemteq.net\/#organization\"},\"potentialAction\":[{\"@type\":\"SearchAction\",\"target\":{\"@type\":\"EntryPoint\",\"urlTemplate\":\"https:\/\/www.chemteq.net\/?s={search_term_string}\"},\"query-input\":{\"@type\":\"PropertyValueSpecification\",\"valueRequired\":true,\"valueName\":\"search_term_string\"}}],\"inLanguage\":\"de-DE\"},{\"@type\":\"Organization\",\"@id\":\"https:\/\/www.chemteq.net\/#organization\",\"name\":\"Chemteq Inc.\",\"url\":\"https:\/\/www.chemteq.net\/\",\"logo\":{\"@type\":\"ImageObject\",\"inLanguage\":\"de-DE\",\"@id\":\"https:\/\/www.chemteq.net\/#\/schema\/logo\/image\/\",\"url\":\"https:\/\/www.chemteq.net\/wp-content\/uploads\/2021\/04\/ChemteqLogo0112239041421-scaled.jpg\",\"contentUrl\":\"https:\/\/www.chemteq.net\/wp-content\/uploads\/2021\/04\/ChemteqLogo0112239041421-scaled.jpg\",\"width\":2560,\"height\":574,\"caption\":\"Chemteq Inc.\"},\"image\":{\"@id\":\"https:\/\/www.chemteq.net\/#\/schema\/logo\/image\/\"}}]}<\/script>\n<!-- \/ Yoast SEO plugin. -->","yoast_head_json":{"title":"Acids Vapors DG-FILTER 721. For best results, use with BTI or BTI2","description":"Acids Vapors DG-FILTER 721. Most suited for reactor vents. Special blend sorbent media. For best results, use with BTI or BTI2","robots":{"index":"index","follow":"follow","max-snippet":"max-snippet:-1","max-image-preview":"max-image-preview:large","max-video-preview":"max-video-preview:-1"},"canonical":"https:\/\/www.chemteq.net\/de\/produkt\/acids-vapors-dg-filter-721\/","og_locale":"de_DE","og_type":"article","og_title":"Acids Vapors DG-FILTER 721","og_description":"Acids Vapors DG-FILTER 721. Most suited for reactor vents. Special blend sorbent media. For best results, use with BTI or BTI2","og_url":"https:\/\/www.chemteq.net\/de\/produkt\/acids-vapors-dg-filter-721\/","og_site_name":"Chemteq Inc.","article_modified_time":"2022-07-21T11:06:41+00:00","og_image":[{"width":2560,"height":1536,"url":"https:\/\/www.chemteq.net\/wp-content\/uploads\/2021\/03\/Acids-Vapors-DG-Filter-721-scaled.jpg","type":"image\/jpeg"}],"twitter_card":"summary_large_image","twitter_title":"Acids Vapors DG-FILTER 721","twitter_description":"Acids Vapors DG-FILTER 721. Most suited for reactor vents. Special blend sorbent media. For best results, use with BTI or BTI2.","twitter_image":"https:\/\/www.chemteq.net\/wp-content\/uploads\/2021\/03\/Acids-Vapors-DG-Filter-721-scaled.jpg","twitter_misc":{"Gesch\u00e4tzte Lesezeit":"1 Minute"},"schema":{"@context":"https:\/\/schema.org","@graph":[{"@type":"WebPage","@id":"https:\/\/www.chemteq.net\/product\/acids-vapors-dg-filter-721\/","url":"https:\/\/www.chemteq.net\/product\/acids-vapors-dg-filter-721\/","name":"Acids Vapors DG-FILTER 721. For best results, use with BTI or BTI2","isPartOf":{"@id":"https:\/\/www.chemteq.net\/#website"},"primaryImageOfPage":{"@id":"https:\/\/www.chemteq.net\/product\/acids-vapors-dg-filter-721\/#primaryimage"},"image":{"@id":"https:\/\/www.chemteq.net\/product\/acids-vapors-dg-filter-721\/#primaryimage"},"thumbnailUrl":"https:\/\/www.chemteq.net\/wp-content\/uploads\/2021\/03\/Acids-DG-Filter-721-052521.jpg","datePublished":"2021-03-18T14:50:25+00:00","dateModified":"2022-07-21T11:06:41+00:00","description":"Acids Vapors DG-FILTER 721. Most suited for reactor vents. Special blend sorbent media. For best results, use with BTI or BTI2","breadcrumb":{"@id":"https:\/\/www.chemteq.net\/product\/acids-vapors-dg-filter-721\/#breadcrumb"},"inLanguage":"de-DE","potentialAction":[{"@type":"ReadAction","target":["https:\/\/www.chemteq.net\/product\/acids-vapors-dg-filter-721\/"]}]},{"@type":"ImageObject","inLanguage":"de-DE","@id":"https:\/\/www.chemteq.net\/product\/acids-vapors-dg-filter-721\/#primaryimage","url":"https:\/\/www.chemteq.net\/wp-content\/uploads\/2021\/03\/Acids-DG-Filter-721-052521.jpg","contentUrl":"https:\/\/www.chemteq.net\/wp-content\/uploads\/2021\/03\/Acids-DG-Filter-721-052521.jpg","width":2160,"height":2160,"caption":"Acids Vapors DG-FILTER 721."},{"@type":"BreadcrumbList","@id":"https:\/\/www.chemteq.net\/product\/acids-vapors-dg-filter-721\/#breadcrumb","itemListElement":[{"@type":"ListItem","position":1,"name":"Home","item":"https:\/\/www.chemteq.net\/"},{"@type":"ListItem","position":2,"name":"Products","item":"https:\/\/www.chemteq.net\/products\/"},{"@type":"ListItem","position":3,"name":"Acids Vapors DG-FILTER 721"}]},{"@type":"WebSite","@id":"https:\/\/www.chemteq.net\/#website","url":"https:\/\/www.chemteq.net\/","name":"Chemteq Inc.","description":"High Quality And Reliable Devices To Serve Health, Safety And Industrial Hygiene","publisher":{"@id":"https:\/\/www.chemteq.net\/#organization"},"potentialAction":[{"@type":"SearchAction","target":{"@type":"EntryPoint","urlTemplate":"https:\/\/www.chemteq.net\/?s={search_term_string}"},"query-input":{"@type":"PropertyValueSpecification","valueRequired":true,"valueName":"search_term_string"}}],"inLanguage":"de-DE"},{"@type":"Organization","@id":"https:\/\/www.chemteq.net\/#organization","name":"Chemteq Inc.","url":"https:\/\/www.chemteq.net\/","logo":{"@type":"ImageObject","inLanguage":"de-DE","@id":"https:\/\/www.chemteq.net\/#\/schema\/logo\/image\/","url":"https:\/\/www.chemteq.net\/wp-content\/uploads\/2021\/04\/ChemteqLogo0112239041421-scaled.jpg","contentUrl":"https:\/\/www.chemteq.net\/wp-content\/uploads\/2021\/04\/ChemteqLogo0112239041421-scaled.jpg","width":2560,"height":574,"caption":"Chemteq Inc."},"image":{"@id":"https:\/\/www.chemteq.net\/#\/schema\/logo\/image\/"}}]}},"_links":{"self":[{"href":"https:\/\/www.chemteq.net\/de\/wp-json\/wp\/v2\/product\/1194","targetHints":{"allow":["GET"]}}],"collection":[{"href":"https:\/\/www.chemteq.net\/de\/wp-json\/wp\/v2\/product"}],"about":[{"href":"https:\/\/www.chemteq.net\/de\/wp-json\/wp\/v2\/types\/product"}],"wp:featuredmedia":[{"embeddable":true,"href":"https:\/\/www.chemteq.net\/de\/wp-json\/wp\/v2\/media\/2174"}],"wp:attachment":[{"href":"https:\/\/www.chemteq.net\/de\/wp-json\/wp\/v2\/media?parent=1194"}],"wp:term":[{"taxonomy":"product_brand","embeddable":true,"href":"https:\/\/www.chemteq.net\/de\/wp-json\/wp\/v2\/product_brand?post=1194"},{"taxonomy":"product_cat","embeddable":true,"href":"https:\/\/www.chemteq.net\/de\/wp-json\/wp\/v2\/product_cat?post=1194"},{"taxonomy":"product_tag","embeddable":true,"href":"https:\/\/www.chemteq.net\/de\/wp-json\/wp\/v2\/product_tag?post=1194"}],"curies":[{"name":"wp","href":"https:\/\/api.w.org\/{rel}","templated":true}]}}