{"id":1065,"date":"2021-03-16T15:56:27","date_gmt":"2021-03-16T15:56:27","guid":{"rendered":"http:\/\/chemteqinc.wpengine.com\/?post_type=product&#038;p=1065"},"modified":"2025-12-11T18:33:42","modified_gmt":"2025-12-11T18:33:42","slug":"nitrogen-dioxide-filter-breakthrough-indicator","status":"publish","type":"product","link":"https:\/\/www.chemteq.net\/de\/produkt\/nitrogen-dioxide-filter-breakthrough-indicator\/","title":{"rendered":"Nitrogen Dioxide Filter Breakthrough Indicator"},"content":{"rendered":"<p style=\"text-align: left;\">Stickstoffdioxid-Filterwechselanzeige. Er ist ein kolorimetrischer Indikator, der die Ersch\u00f6pfung der Filter anzeigt. Der Indikator ist ein zuverl\u00e4ssiges und kosteng\u00fcnstiges Mittel zum Schutz vor der Exposition gegen\u00fcber giftigem Stickstoffdioxid. Er \u00e4ndert seine Farbe von wei\u00df zu dunkelgrau, wenn der Filter mit Stickstoffdioxid ges\u00e4ttigt ist. Dadurch wird der Benutzer darauf aufmerksam gemacht, den ersch\u00f6pften Filter zu ersetzen.<\/p>\n<p style=\"text-align: left;\">Der Anschluss an den \u00be-Zoll-NPT-Innengewinde-Ausgang des Filters erfolgt einfach \u00fcber das \u00be-Zoll-NPT-Au\u00dfengewinde an der Unterseite des Indikators. Er ist empfindlich f\u00fcr Stickstoffdioxid.<\/p>\n<p style=\"text-align: left;\">Heller, lebendiger Farbwechsel aus allen Richtungen. Einzigartiges Design verhindert jede Farbver\u00e4nderung aufgrund von Verunreinigungen in der Umgebung. Es \u00e4ndert seine Farbe nur, wenn der Filter ges\u00e4ttigt ist.<\/p>\n<div style=\"text-align: left;\" align=\"center\">\n<div>\n<p>PN 178<\/p>\n<p style=\"text-align: left;\"><b>Produktspezifikationen<\/b><\/p>\n<\/div>\n<div align=\"center\">\n<table border=\"0\" cellspacing=\"0\" cellpadding=\"0\">\n<tbody>\n<tr>\n<td width=\"42\">\n<p align=\"center\">a<\/p>\n<\/td>\n<td valign=\"top\" width=\"348\">Gewicht:<\/td>\n<td valign=\"top\" width=\"359\">28g (1.0oz)<\/td>\n<\/tr>\n<tr>\n<td width=\"42\">\n<p align=\"center\">b<\/p>\n<\/td>\n<td valign=\"top\" width=\"348\">\n<p id=\"ext-gen20942\">Ma\u00dfe:<\/p>\n<\/td>\n<td valign=\"top\" width=\"359\">89.9mm (3.5in), diameter 24.5mm (1.0in)<\/td>\n<\/tr>\n<tr>\n<td width=\"42\">\n<p align=\"center\">c<\/p>\n<\/td>\n<td valign=\"top\" width=\"348\">Abmessungen des Einlasses:<\/td>\n<td valign=\"top\" width=\"359\">\u00be&#8221; MNPT<\/td>\n<\/tr>\n<tr>\n<td width=\"42\">\n<p align=\"center\">d<\/p>\n<\/td>\n<td valign=\"top\" width=\"348\">Betriebstemperatur:<\/td>\n<td valign=\"top\" width=\"359\">-20<sup>o<\/sup>C to 55<sup>o<\/sup>C (-4<sup>o<\/sup>F to 131<sup>o<\/sup>F)<\/td>\n<\/tr>\n<tr>\n<td width=\"42\">\n<p align=\"center\">e<\/p>\n<\/td>\n<td valign=\"top\" width=\"348\">Betriebsfeuchtigkeit:<\/td>\n<td valign=\"top\" width=\"359\">5% RH to 85%RH<\/td>\n<\/tr>\n<tr>\n<td width=\"42\">\n<p align=\"center\">f<\/p>\n<\/td>\n<td valign=\"top\" width=\"348\">Minimale Nachweisgrenze:<\/td>\n<td valign=\"top\" width=\"359\"><span id=\"ext-gen11440\">0.5ppm\u2022hr at 30 cm\/sec face velocity<\/span><\/td>\n<\/tr>\n<tr>\n<td width=\"42\">\n<p align=\"center\">g<\/p>\n<\/td>\n<td valign=\"top\" width=\"348\">Farbwechsel:<\/td>\n<td valign=\"top\" width=\"359\">off white to gray<\/td>\n<\/tr>\n<tr>\n<td width=\"42\">\n<p align=\"center\">h<\/p>\n<\/td>\n<td valign=\"top\" width=\"348\">Lagertemperatur:<\/td>\n<td valign=\"top\" width=\"359\">4<sup>o<\/sup>C to 25<sup>o<\/sup>C, (39<sup>o<\/sup>F to 77<sup>o<\/sup>F)<\/td>\n<\/tr>\n<tr>\n<td width=\"42\">\n<p align=\"center\">i<\/p>\n<\/td>\n<td valign=\"top\" width=\"348\">Haltbarkeit:<\/td>\n<td valign=\"top\" width=\"359\">14 months at 4<sup>o<\/sup>C to 25<sup>o<\/sup>C, (39<sup>o<\/sup>F to 77<sup>o<\/sup>F)<\/td>\n<\/tr>\n<tr>\n<td width=\"42\">\n<p align=\"center\">j<\/p>\n<\/td>\n<td valign=\"top\" width=\"348\">Lebensdauer:<\/td>\n<td valign=\"top\" width=\"359\">14 months<\/td>\n<\/tr>\n<\/tbody>\n<\/table>\n<\/div>\n<\/div>\n<div style=\"text-align: left;\" align=\"center\">Nitrogen Dioxide filter change indicator.<\/div>\n<div style=\"text-align: left;\" align=\"center\">N\u00fctzliche Links<br \/>\n<a href=\"https:\/\/www.cdc.gov\/niosh\/npg\/npgd0454.html\" target=\"_blank\" rel=\"noopener\">NIOSH<\/a><\/div>\n<div style=\"text-align: left;\" align=\"center\"><a href=\"https:\/\/www.chemteq.net\/de\/produkt\/nitrogen-dioxide-indicator-filter-change-indicator\/\" target=\"_blank\" rel=\"noopener\">Nitrogen dioxide breakthrough indicator sticker for ductless hood filters<\/a><\/div>\n<div style=\"text-align: left;\" align=\"center\"><a href=\"https:\/\/www.chemteq.net\/de\/produkt\/nitrogen-dioxide-dg-filter-esli-2525\/\" target=\"_blank\" rel=\"noopener\">Nitrogen dioxide DG Filter with end-of-service life indicator<\/a><\/div>","protected":false},"excerpt":{"rendered":"<p>Product Features<br \/>\nMinimum detectable limit: 0.5ppm\u2022hr<br \/>\nColor Change: Off white to gray<br \/>\nInlet dimensions: \u00be&#8221; Male NPT<br \/>\nService life: 14 months<\/p>","protected":false},"featured_media":2042,"template":"","meta":{"_acf_changed":false,"site-sidebar-layout":"default","site-content-layout":"default","ast-site-content-layout":"default","site-content-style":"default","site-sidebar-style":"default","ast-global-header-display":"","ast-banner-title-visibility":"","ast-main-header-display":"","ast-hfb-above-header-display":"","ast-hfb-below-header-display":"","ast-hfb-mobile-header-display":"","site-post-title":"","ast-breadcrumbs-content":"","ast-featured-img":"","footer-sml-layout":"","theme-transparent-header-meta":"default","adv-header-id-meta":"","stick-header-meta":"default","header-above-stick-meta":"","header-main-stick-meta":"","header-below-stick-meta":"","astra-migrate-meta-layouts":"set","ast-page-background-enabled":"default","ast-page-background-meta":{"desktop":{"background-color":"","background-image":"","background-repeat":"repeat","background-position":"center center","background-size":"auto","background-attachment":"scroll","background-type":"","background-media":"","overlay-type":"","overlay-color":"","overlay-opacity":"","overlay-gradient":""},"tablet":{"background-color":"","background-image":"","background-repeat":"repeat","background-position":"center center","background-size":"auto","background-attachment":"scroll","background-type":"","background-media":"","overlay-type":"","overlay-color":"","overlay-opacity":"","overlay-gradient":""},"mobile":{"background-color":"","background-image":"","background-repeat":"repeat","background-position":"center center","background-size":"auto","background-attachment":"scroll","background-type":"","background-media":"","overlay-type":"","overlay-color":"","overlay-opacity":"","overlay-gradient":""}},"ast-content-background-meta":{"desktop":{"background-color":"var(--ast-global-color-5)","background-image":"","background-repeat":"repeat","background-position":"center center","background-size":"auto","background-attachment":"scroll","background-type":"","background-media":"","overlay-type":"","overlay-color":"","overlay-opacity":"","overlay-gradient":""},"tablet":{"background-color":"var(--ast-global-color-5)","background-image":"","background-repeat":"repeat","background-position":"center center","background-size":"auto","background-attachment":"scroll","background-type":"","background-media":"","overlay-type":"","overlay-color":"","overlay-opacity":"","overlay-gradient":""},"mobile":{"background-color":"var(--ast-global-color-5)","background-image":"","background-repeat":"repeat","background-position":"center center","background-size":"auto","background-attachment":"scroll","background-type":"","background-media":"","overlay-type":"","overlay-color":"","overlay-opacity":"","overlay-gradient":""}}},"product_brand":[],"product_cat":[46],"product_tag":[60,78,69],"class_list":{"0":"post-1065","1":"product","2":"type-product","3":"status-publish","4":"has-post-thumbnail","6":"product_cat-bti-filter-breakthrough-indicators","7":"product_tag-aerospace","8":"product_tag-chemical-industries-emission-control-products","9":"product_tag-laboratories-emission-control-products","10":"desktop-align-left","11":"tablet-align-left","12":"mobile-align-left","13":"ast-product-gallery-layout-horizontal","14":"ast-product-gallery-with-no-image","15":"ast-product-tabs-layout-horizontal","17":"first","18":"instock","19":"taxable","20":"shipping-taxable","21":"purchasable","22":"product-type-simple"},"acf":[],"yoast_head":"<!-- This site is optimized with the Yoast SEO plugin v27.4 - https:\/\/yoast.com\/product\/yoast-seo-wordpress\/ -->\n<title>Nitrogen Dioxide filter change indicator is reliable and cost effect<\/title>\n<meta name=\"description\" content=\"Nitrogen Dioxide filter change indicator. The indicator is reliable and cost effect for protection from exposure to toxic nitrogen dioxide.\" \/>\n<meta name=\"robots\" content=\"index, follow, max-snippet:-1, max-image-preview:large, max-video-preview:-1\" \/>\n<link rel=\"canonical\" href=\"https:\/\/www.chemteq.net\/de\/produkt\/nitrogen-dioxide-filter-breakthrough-indicator\/\" \/>\n<meta property=\"og:locale\" content=\"de_DE\" \/>\n<meta property=\"og:type\" content=\"article\" \/>\n<meta property=\"og:title\" content=\"Nitrogen Dioxide filter change indicator.\" \/>\n<meta property=\"og:description\" content=\"Nitrogen Dioxide filter change indicator. The indicator is reliable and cost effect for protection from exposure to toxic nitrogen dioxide.\" \/>\n<meta property=\"og:url\" content=\"https:\/\/www.chemteq.net\/de\/produkt\/nitrogen-dioxide-filter-breakthrough-indicator\/\" \/>\n<meta property=\"og:site_name\" content=\"Chemteq Inc.\" \/>\n<meta property=\"article:modified_time\" content=\"2025-12-11T18:33:42+00:00\" \/>\n<meta property=\"og:image\" content=\"https:\/\/www.chemteq.net\/wp-content\/uploads\/2021\/03\/Nitrogen-Dioxide-Filter-Change-Indicator-scaled.jpg\" \/>\n\t<meta property=\"og:image:width\" content=\"2560\" \/>\n\t<meta property=\"og:image:height\" content=\"1843\" \/>\n\t<meta property=\"og:image:type\" content=\"image\/jpeg\" \/>\n<meta name=\"twitter:card\" content=\"summary_large_image\" \/>\n<meta name=\"twitter:title\" content=\"Nitrogen Dioxide filter change indicator.\" \/>\n<meta name=\"twitter:description\" content=\"Nitrogen Dioxide filter change indicator. The indicator is reliable and cost effect for protection from exposure to toxic nitrogen dioxide.\" \/>\n<meta name=\"twitter:image\" content=\"https:\/\/www.chemteq.net\/wp-content\/uploads\/2021\/03\/Nitrogen-Dioxide-Filter-Change-Indicator-scaled.jpg\" \/>\n<meta name=\"twitter:label1\" content=\"Gesch\u00e4tzte Lesezeit\" \/>\n\t<meta name=\"twitter:data1\" content=\"2 Minuten\" \/>\n<script type=\"application\/ld+json\" class=\"yoast-schema-graph\">{\"@context\":\"https:\\\/\\\/schema.org\",\"@graph\":[{\"@type\":[\"WebPage\",\"ItemPage\"],\"@id\":\"https:\\\/\\\/www.chemteq.net\\\/product\\\/nitrogen-dioxide-filter-breakthrough-indicator\\\/\",\"url\":\"https:\\\/\\\/www.chemteq.net\\\/product\\\/nitrogen-dioxide-filter-breakthrough-indicator\\\/\",\"name\":\"Nitrogen Dioxide filter change indicator is reliable and cost effect\",\"isPartOf\":{\"@id\":\"https:\\\/\\\/www.chemteq.net\\\/#website\"},\"primaryImageOfPage\":{\"@id\":\"https:\\\/\\\/www.chemteq.net\\\/product\\\/nitrogen-dioxide-filter-breakthrough-indicator\\\/#primaryimage\"},\"image\":{\"@id\":\"https:\\\/\\\/www.chemteq.net\\\/product\\\/nitrogen-dioxide-filter-breakthrough-indicator\\\/#primaryimage\"},\"thumbnailUrl\":\"https:\\\/\\\/www.chemteq.net\\\/wp-content\\\/uploads\\\/2021\\\/03\\\/BTI-NO2-Unexp-051121.jpg\",\"datePublished\":\"2021-03-16T15:56:27+00:00\",\"dateModified\":\"2025-12-11T18:33:42+00:00\",\"description\":\"Nitrogen Dioxide filter change indicator. The indicator is reliable and cost effect for protection from exposure to toxic nitrogen dioxide.\",\"breadcrumb\":{\"@id\":\"https:\\\/\\\/www.chemteq.net\\\/product\\\/nitrogen-dioxide-filter-breakthrough-indicator\\\/#breadcrumb\"},\"inLanguage\":\"de-DE\",\"potentialAction\":[{\"@type\":\"ReadAction\",\"target\":[\"https:\\\/\\\/www.chemteq.net\\\/product\\\/nitrogen-dioxide-filter-breakthrough-indicator\\\/\"]}]},{\"@type\":\"ImageObject\",\"inLanguage\":\"de-DE\",\"@id\":\"https:\\\/\\\/www.chemteq.net\\\/product\\\/nitrogen-dioxide-filter-breakthrough-indicator\\\/#primaryimage\",\"url\":\"https:\\\/\\\/www.chemteq.net\\\/wp-content\\\/uploads\\\/2021\\\/03\\\/BTI-NO2-Unexp-051121.jpg\",\"contentUrl\":\"https:\\\/\\\/www.chemteq.net\\\/wp-content\\\/uploads\\\/2021\\\/03\\\/BTI-NO2-Unexp-051121.jpg\",\"width\":2160,\"height\":2160,\"caption\":\"Nitrogen Dioxide filter change indicator.\"},{\"@type\":\"BreadcrumbList\",\"@id\":\"https:\\\/\\\/www.chemteq.net\\\/product\\\/nitrogen-dioxide-filter-breakthrough-indicator\\\/#breadcrumb\",\"itemListElement\":[{\"@type\":\"ListItem\",\"position\":1,\"name\":\"Home\",\"item\":\"https:\\\/\\\/www.chemteq.net\\\/\"},{\"@type\":\"ListItem\",\"position\":2,\"name\":\"Products\",\"item\":\"https:\\\/\\\/www.chemteq.net\\\/products\\\/\"},{\"@type\":\"ListItem\",\"position\":3,\"name\":\"Nitrogen Dioxide Filter Breakthrough Indicator\"}]},{\"@type\":\"WebSite\",\"@id\":\"https:\\\/\\\/www.chemteq.net\\\/#website\",\"url\":\"https:\\\/\\\/www.chemteq.net\\\/\",\"name\":\"Chemteq Inc.\",\"description\":\"High Quality And Reliable Devices To Serve Health, Safety And Industrial Hygiene\",\"publisher\":{\"@id\":\"https:\\\/\\\/www.chemteq.net\\\/#organization\"},\"potentialAction\":[{\"@type\":\"SearchAction\",\"target\":{\"@type\":\"EntryPoint\",\"urlTemplate\":\"https:\\\/\\\/www.chemteq.net\\\/?s={search_term_string}\"},\"query-input\":{\"@type\":\"PropertyValueSpecification\",\"valueRequired\":true,\"valueName\":\"search_term_string\"}}],\"inLanguage\":\"de-DE\"},{\"@type\":\"Organization\",\"@id\":\"https:\\\/\\\/www.chemteq.net\\\/#organization\",\"name\":\"Chemteq Inc.\",\"url\":\"https:\\\/\\\/www.chemteq.net\\\/\",\"logo\":{\"@type\":\"ImageObject\",\"inLanguage\":\"de-DE\",\"@id\":\"https:\\\/\\\/www.chemteq.net\\\/#\\\/schema\\\/logo\\\/image\\\/\",\"url\":\"https:\\\/\\\/www.chemteq.net\\\/wp-content\\\/uploads\\\/2021\\\/04\\\/ChemteqLogo0112239041421-scaled.jpg\",\"contentUrl\":\"https:\\\/\\\/www.chemteq.net\\\/wp-content\\\/uploads\\\/2021\\\/04\\\/ChemteqLogo0112239041421-scaled.jpg\",\"width\":2560,\"height\":574,\"caption\":\"Chemteq Inc.\"},\"image\":{\"@id\":\"https:\\\/\\\/www.chemteq.net\\\/#\\\/schema\\\/logo\\\/image\\\/\"}}]}<\/script>\n<!-- \/ Yoast SEO plugin. -->","yoast_head_json":{"title":"Nitrogen Dioxide filter change indicator is reliable and cost effect","description":"Nitrogen Dioxide filter change indicator. The indicator is reliable and cost effect for protection from exposure to toxic nitrogen dioxide.","robots":{"index":"index","follow":"follow","max-snippet":"max-snippet:-1","max-image-preview":"max-image-preview:large","max-video-preview":"max-video-preview:-1"},"canonical":"https:\/\/www.chemteq.net\/de\/produkt\/nitrogen-dioxide-filter-breakthrough-indicator\/","og_locale":"de_DE","og_type":"article","og_title":"Nitrogen Dioxide filter change indicator.","og_description":"Nitrogen Dioxide filter change indicator. The indicator is reliable and cost effect for protection from exposure to toxic nitrogen dioxide.","og_url":"https:\/\/www.chemteq.net\/de\/produkt\/nitrogen-dioxide-filter-breakthrough-indicator\/","og_site_name":"Chemteq Inc.","article_modified_time":"2025-12-11T18:33:42+00:00","og_image":[{"width":2560,"height":1843,"url":"https:\/\/www.chemteq.net\/wp-content\/uploads\/2021\/03\/Nitrogen-Dioxide-Filter-Change-Indicator-scaled.jpg","type":"image\/jpeg"}],"twitter_card":"summary_large_image","twitter_title":"Nitrogen Dioxide filter change indicator.","twitter_description":"Nitrogen Dioxide filter change indicator. The indicator is reliable and cost effect for protection from exposure to toxic nitrogen dioxide.","twitter_image":"https:\/\/www.chemteq.net\/wp-content\/uploads\/2021\/03\/Nitrogen-Dioxide-Filter-Change-Indicator-scaled.jpg","twitter_misc":{"Gesch\u00e4tzte Lesezeit":"2 Minuten"},"schema":{"@context":"https:\/\/schema.org","@graph":[{"@type":["WebPage","ItemPage"],"@id":"https:\/\/www.chemteq.net\/product\/nitrogen-dioxide-filter-breakthrough-indicator\/","url":"https:\/\/www.chemteq.net\/product\/nitrogen-dioxide-filter-breakthrough-indicator\/","name":"Nitrogen Dioxide filter change indicator is reliable and cost effect","isPartOf":{"@id":"https:\/\/www.chemteq.net\/#website"},"primaryImageOfPage":{"@id":"https:\/\/www.chemteq.net\/product\/nitrogen-dioxide-filter-breakthrough-indicator\/#primaryimage"},"image":{"@id":"https:\/\/www.chemteq.net\/product\/nitrogen-dioxide-filter-breakthrough-indicator\/#primaryimage"},"thumbnailUrl":"https:\/\/www.chemteq.net\/wp-content\/uploads\/2021\/03\/BTI-NO2-Unexp-051121.jpg","datePublished":"2021-03-16T15:56:27+00:00","dateModified":"2025-12-11T18:33:42+00:00","description":"Nitrogen Dioxide filter change indicator. The indicator is reliable and cost effect for protection from exposure to toxic nitrogen dioxide.","breadcrumb":{"@id":"https:\/\/www.chemteq.net\/product\/nitrogen-dioxide-filter-breakthrough-indicator\/#breadcrumb"},"inLanguage":"de-DE","potentialAction":[{"@type":"ReadAction","target":["https:\/\/www.chemteq.net\/product\/nitrogen-dioxide-filter-breakthrough-indicator\/"]}]},{"@type":"ImageObject","inLanguage":"de-DE","@id":"https:\/\/www.chemteq.net\/product\/nitrogen-dioxide-filter-breakthrough-indicator\/#primaryimage","url":"https:\/\/www.chemteq.net\/wp-content\/uploads\/2021\/03\/BTI-NO2-Unexp-051121.jpg","contentUrl":"https:\/\/www.chemteq.net\/wp-content\/uploads\/2021\/03\/BTI-NO2-Unexp-051121.jpg","width":2160,"height":2160,"caption":"Nitrogen Dioxide filter change indicator."},{"@type":"BreadcrumbList","@id":"https:\/\/www.chemteq.net\/product\/nitrogen-dioxide-filter-breakthrough-indicator\/#breadcrumb","itemListElement":[{"@type":"ListItem","position":1,"name":"Home","item":"https:\/\/www.chemteq.net\/"},{"@type":"ListItem","position":2,"name":"Products","item":"https:\/\/www.chemteq.net\/products\/"},{"@type":"ListItem","position":3,"name":"Nitrogen Dioxide Filter Breakthrough Indicator"}]},{"@type":"WebSite","@id":"https:\/\/www.chemteq.net\/#website","url":"https:\/\/www.chemteq.net\/","name":"Chemteq Inc.","description":"High Quality And Reliable Devices To Serve Health, Safety And Industrial Hygiene","publisher":{"@id":"https:\/\/www.chemteq.net\/#organization"},"potentialAction":[{"@type":"SearchAction","target":{"@type":"EntryPoint","urlTemplate":"https:\/\/www.chemteq.net\/?s={search_term_string}"},"query-input":{"@type":"PropertyValueSpecification","valueRequired":true,"valueName":"search_term_string"}}],"inLanguage":"de-DE"},{"@type":"Organization","@id":"https:\/\/www.chemteq.net\/#organization","name":"Chemteq Inc.","url":"https:\/\/www.chemteq.net\/","logo":{"@type":"ImageObject","inLanguage":"de-DE","@id":"https:\/\/www.chemteq.net\/#\/schema\/logo\/image\/","url":"https:\/\/www.chemteq.net\/wp-content\/uploads\/2021\/04\/ChemteqLogo0112239041421-scaled.jpg","contentUrl":"https:\/\/www.chemteq.net\/wp-content\/uploads\/2021\/04\/ChemteqLogo0112239041421-scaled.jpg","width":2560,"height":574,"caption":"Chemteq Inc."},"image":{"@id":"https:\/\/www.chemteq.net\/#\/schema\/logo\/image\/"}}]}},"_links":{"self":[{"href":"https:\/\/www.chemteq.net\/de\/wp-json\/wp\/v2\/product\/1065","targetHints":{"allow":["GET"]}}],"collection":[{"href":"https:\/\/www.chemteq.net\/de\/wp-json\/wp\/v2\/product"}],"about":[{"href":"https:\/\/www.chemteq.net\/de\/wp-json\/wp\/v2\/types\/product"}],"wp:featuredmedia":[{"embeddable":true,"href":"https:\/\/www.chemteq.net\/de\/wp-json\/wp\/v2\/media\/2042"}],"wp:attachment":[{"href":"https:\/\/www.chemteq.net\/de\/wp-json\/wp\/v2\/media?parent=1065"}],"wp:term":[{"taxonomy":"product_brand","embeddable":true,"href":"https:\/\/www.chemteq.net\/de\/wp-json\/wp\/v2\/product_brand?post=1065"},{"taxonomy":"product_cat","embeddable":true,"href":"https:\/\/www.chemteq.net\/de\/wp-json\/wp\/v2\/product_cat?post=1065"},{"taxonomy":"product_tag","embeddable":true,"href":"https:\/\/www.chemteq.net\/de\/wp-json\/wp\/v2\/product_tag?post=1065"}],"curies":[{"name":"wp","href":"https:\/\/api.w.org\/{rel}","templated":true}]}}