{"id":1037,"date":"2021-03-16T14:59:56","date_gmt":"2021-03-16T14:59:56","guid":{"rendered":"http:\/\/chemteqinc.wpengine.com\/?post_type=product&#038;p=1037"},"modified":"2025-12-11T17:53:17","modified_gmt":"2025-12-11T17:53:17","slug":"ammonia-hydrogen-sulfide-breakthrough-saturation-indicator","status":"publish","type":"product","link":"https:\/\/www.chemteq.net\/de\/produkt\/ammonia-hydrogen-sulfide-breakthrough-saturation-indicator\/","title":{"rendered":"Ammonia &#038; Hydrogen Sulfide Filter Breakthrough Indicator"},"content":{"rendered":"<p align=\"justify\"><span style=\"font-size: 16px;\">Ammoniak &amp; Schwefelwasserstoff Filterwechsel-Indikator. Farbmetrischer Indikator, der die S\u00e4ttigung und Ersch\u00f6pfung der Filter anzeigt. Er ist ein zuverl\u00e4ssiges und kosteng\u00fcnstiges Mittel zum Schutz vor der Belastung durch Ammoniak und Schwefelwasserstoff. Der Indikator \u00e4ndert seine Farbe von wei\u00df zu rosa oder braun, wenn der Filter mit Ammoniak und Schwefelwasserstoff ges\u00e4ttigt ist.<\/span><\/p>\n<p align=\"justify\"><span style=\"font-size: 16px;\">Schlie\u00dfen Sie den Indikator an den \u00be-Zoll-NPT-Innengewinde-Ausgang des Filters an, indem Sie das \u00be-Zoll-NPT-Au\u00dfengewinde an der Unterseite des Indikators verwenden.\u00a0Beobachten Sie den hellen, lebhaften Farbwechsel aus allen Richtungen.<\/span><\/p>\n<p>PN 192<\/p>\n<p><b>Produktspezifikationen<\/b><\/p>\n<table border=\"0\" cellspacing=\"0\" cellpadding=\"0\">\n<tbody>\n<tr>\n<td id=\"ext-gen19997\" width=\"30\">\n<p align=\"center\">a<\/p>\n<\/td>\n<td valign=\"top\" width=\"264\">Gewicht:<\/td>\n<td valign=\"top\" width=\"420\">28g (1.0oz)<\/td>\n<\/tr>\n<tr>\n<td width=\"30\">\n<p align=\"center\">b<\/p>\n<\/td>\n<td valign=\"top\" width=\"264\">Ma\u00dfe:<\/td>\n<td valign=\"top\" width=\"420\">89.9mm (3.5in), diameter 24.5mm (1.0in)<\/td>\n<\/tr>\n<tr>\n<td width=\"30\">\n<p align=\"center\">c<\/p>\n<\/td>\n<td valign=\"top\" width=\"264\">Abmessungen des Einlasses:<\/td>\n<td valign=\"top\" width=\"420\">\u00be&#8221; MNPT<\/td>\n<\/tr>\n<tr>\n<td width=\"30\">\n<p align=\"center\">d<\/p>\n<\/td>\n<td valign=\"top\" width=\"264\">Betriebstemperatur:<\/td>\n<td valign=\"top\" width=\"420\">-20<sup>o<\/sup>C to 65<sup>o<\/sup>C (-4<sup>o<\/sup>F to 149<sup>o<\/sup>F)<\/td>\n<\/tr>\n<tr>\n<td width=\"30\">\n<p align=\"center\">e<\/p>\n<\/td>\n<td valign=\"top\" width=\"264\">Betriebsfeuchtigkeit:<\/td>\n<td valign=\"top\" width=\"420\">5% RH to 95%RH<\/td>\n<\/tr>\n<tr>\n<td width=\"30\">\n<p align=\"center\">f<\/p>\n<\/td>\n<td valign=\"top\" width=\"264\">Minimale Nachweisgrenze:<\/td>\n<td valign=\"top\" width=\"420\">10ppm\u2022hr\u00a0 for ammonia and or 1ppm\u2022min for hydrogen sulfide at 30 cm\/sec face velocity<\/td>\n<\/tr>\n<tr>\n<td width=\"30\">\n<p align=\"center\">g<\/p>\n<\/td>\n<td valign=\"top\" width=\"264\">Farbwechsel:<\/td>\n<td valign=\"top\" width=\"420\">Light blue to purple or black<\/td>\n<\/tr>\n<tr>\n<td width=\"30\">\n<p align=\"center\">h<\/p>\n<\/td>\n<td valign=\"top\" width=\"264\">Lagertemperatur:<\/td>\n<td valign=\"top\" width=\"420\"><span id=\"ext-gen60636\">4<sup>o<\/sup>C to 25<sup>o<\/sup>C, (39<sup>o<\/sup>F to 77<sup>o<\/sup>F)<\/span><\/td>\n<\/tr>\n<tr>\n<td width=\"30\">\n<p align=\"center\">i<\/p>\n<\/td>\n<td valign=\"top\" width=\"264\">Haltbarkeit:<\/td>\n<td valign=\"top\" width=\"420\">2 years at 4<sup>o<\/sup>C to 25<sup>o<\/sup>C, (39<sup>o<\/sup>F to 77<sup>o<\/sup>F)<\/td>\n<\/tr>\n<tr>\n<td width=\"30\">\n<p align=\"center\">j<\/p>\n<\/td>\n<td valign=\"top\" width=\"264\"><span id=\"ext-gen60679\">Lebensdauer:<\/span><\/td>\n<td valign=\"top\" width=\"420\">2 years<\/td>\n<\/tr>\n<\/tbody>\n<\/table>\n<p><strong>N\u00fctzliche Links<\/strong><br \/>\n<strong>Ammonia<\/strong><br \/>\n<a href=\"https:\/\/www.osha.gov\/annotated-pels\" target=\"_blank\" rel=\"noopener\">OSHA PEL<\/a><br \/>\n<a href=\"https:\/\/www.cdc.gov\/niosh\/npg\/npgd0028.html\" target=\"_blank\" rel=\"noopener\">NIOSH REL<\/a><br \/>\nZugeh\u00f6riges Produkt<br \/>\n<a href=\"https:\/\/www.chemteq.net\/de\/produkt\/ammonia-saturation-indicator-sticker-for-ductless-hood-filters\/\" target=\"_blank\" rel=\"noopener\">Ductless hood filter change indictor sticker (BTIS) for ammonia\u00a0<\/a><br \/>\n<strong>N\u00fctzliche Links<\/strong><br \/>\n<strong style=\"font-size: 16px;\">Hydrogen Sulfide<\/strong><br \/>\n<a href=\"https:\/\/www.osha.gov\/hydrogen-sulfide\/hazards\" target=\"_blank\" rel=\"noopener\">OSHA PEL<\/a><br \/>\n<a href=\"https:\/\/www.cdc.gov\/niosh\/pel88\/7783-06.html#:~:text=OSHA%20has%20accordingly%20established%20an,1%2D115).\" target=\"_blank\" rel=\"noopener\">NIOSH REL<\/a><br \/>\nVerwandte Produkte<br \/>\n<a href=\"https:\/\/www.chemteq.net\/de\/produkt\/hydrogen-sulfide-gas-saturation-indicator-sticker-for-ductless-hood-filters\/\" target=\"_blank\" rel=\"noopener\">Ductless hood filter change indictor sticker (BTIS) for hydrogen sulfide<\/a><br \/>\n<a href=\"https:\/\/www.chemteq.net\/de\/produkt\/hydrogen-sulfide-gas-area-monitor\/\" target=\"_blank\" rel=\"noopener\">Hydrogen Sulfide Area Monitor<\/a><br \/>\n<a href=\"https:\/\/www.chemteq.net\/de\/produkt\/ammonia-saturation-indicator-sticker-for-ductless-hood-filters\/\" target=\"_blank\" rel=\"noopener\">Ductless hood filter change indictor sticker (BTIS) for ammonia\u00a0<\/a><\/p>\n<p>Ammonia &amp; Hydrogen-Sulfide Filter-Change-Indicator<\/p>","protected":false},"excerpt":{"rendered":"<p>Product Features<br \/>\nMinimum detectable limit: 10ppm\u2022hr ammonia, 1ppm\u2022min hydrogen sulfide<\/p>\n<p>Color Change: Light blue to purple or black<\/p>\n<p>Inlet dimensions: \u00be&#8221; Male NPT<\/p>\n<p>Service life: 2 years<\/p>","protected":false},"featured_media":1921,"template":"","meta":{"_acf_changed":false,"site-sidebar-layout":"default","site-content-layout":"default","ast-site-content-layout":"default","site-content-style":"default","site-sidebar-style":"default","ast-global-header-display":"","ast-banner-title-visibility":"","ast-main-header-display":"","ast-hfb-above-header-display":"","ast-hfb-below-header-display":"","ast-hfb-mobile-header-display":"","site-post-title":"","ast-breadcrumbs-content":"","ast-featured-img":"","footer-sml-layout":"","theme-transparent-header-meta":"default","adv-header-id-meta":"","stick-header-meta":"default","header-above-stick-meta":"","header-main-stick-meta":"","header-below-stick-meta":"","astra-migrate-meta-layouts":"set","ast-page-background-enabled":"default","ast-page-background-meta":{"desktop":{"background-color":"","background-image":"","background-repeat":"repeat","background-position":"center center","background-size":"auto","background-attachment":"scroll","background-type":"","background-media":"","overlay-type":"","overlay-color":"","overlay-opacity":"","overlay-gradient":""},"tablet":{"background-color":"","background-image":"","background-repeat":"repeat","background-position":"center center","background-size":"auto","background-attachment":"scroll","background-type":"","background-media":"","overlay-type":"","overlay-color":"","overlay-opacity":"","overlay-gradient":""},"mobile":{"background-color":"","background-image":"","background-repeat":"repeat","background-position":"center center","background-size":"auto","background-attachment":"scroll","background-type":"","background-media":"","overlay-type":"","overlay-color":"","overlay-opacity":"","overlay-gradient":""}},"ast-content-background-meta":{"desktop":{"background-color":"var(--ast-global-color-5)","background-image":"","background-repeat":"repeat","background-position":"center center","background-size":"auto","background-attachment":"scroll","background-type":"","background-media":"","overlay-type":"","overlay-color":"","overlay-opacity":"","overlay-gradient":""},"tablet":{"background-color":"var(--ast-global-color-5)","background-image":"","background-repeat":"repeat","background-position":"center center","background-size":"auto","background-attachment":"scroll","background-type":"","background-media":"","overlay-type":"","overlay-color":"","overlay-opacity":"","overlay-gradient":""},"mobile":{"background-color":"var(--ast-global-color-5)","background-image":"","background-repeat":"repeat","background-position":"center center","background-size":"auto","background-attachment":"scroll","background-type":"","background-media":"","overlay-type":"","overlay-color":"","overlay-opacity":"","overlay-gradient":""}}},"product_brand":[],"product_cat":[46],"product_tag":[66,65,61],"class_list":{"0":"post-1037","1":"product","2":"type-product","3":"status-publish","4":"has-post-thumbnail","6":"product_cat-bti-filter-breakthrough-indicators","7":"product_tag-food-and-brewing-emission-control","8":"product_tag-odor-emission-control-products","9":"product_tag-wastewater-treatment-emission-control-products","10":"desktop-align-left","11":"tablet-align-left","12":"mobile-align-left","13":"ast-product-gallery-layout-horizontal","14":"ast-product-gallery-with-no-image","15":"ast-product-tabs-layout-horizontal","17":"first","18":"instock","19":"taxable","20":"shipping-taxable","21":"purchasable","22":"product-type-simple"},"acf":[],"yoast_head":"<!-- This site is optimized with the Yoast SEO plugin v27.4 - https:\/\/yoast.com\/product\/yoast-seo-wordpress\/ -->\n<title>Ammonia &amp; Hydrogen-Sulfide Filter-Change-Indicator<\/title>\n<meta name=\"description\" content=\"Ammonia &amp; Hydrogen-Sulfide Filter-Change-Indicator. Reliable means for protection from exposure to ammonia &amp; hydrogen sulfide\" \/>\n<meta name=\"robots\" content=\"index, follow, max-snippet:-1, max-image-preview:large, max-video-preview:-1\" \/>\n<link rel=\"canonical\" href=\"https:\/\/www.chemteq.net\/de\/produkt\/ammonia-hydrogen-sulfide-breakthrough-saturation-indicator\/\" \/>\n<meta property=\"og:locale\" content=\"de_DE\" \/>\n<meta property=\"og:type\" content=\"article\" \/>\n<meta property=\"og:title\" content=\"Ammonia and Hydrogen-Sulfide Filter Breakthrough indicator.\" \/>\n<meta property=\"og:description\" content=\"Ammonia and Hydrogen-Sulfide Filter Change indicator. Reliable means for protection from exposure to ammonia and hydrogen sulfide\" \/>\n<meta property=\"og:url\" content=\"https:\/\/www.chemteq.net\/de\/produkt\/ammonia-hydrogen-sulfide-breakthrough-saturation-indicator\/\" \/>\n<meta property=\"og:site_name\" content=\"Chemteq Inc.\" \/>\n<meta property=\"article:modified_time\" content=\"2025-12-11T17:53:17+00:00\" \/>\n<meta property=\"og:image\" content=\"https:\/\/www.chemteq.net\/wp-content\/uploads\/2021\/03\/Ammonia-and-Hydrogen-Sulfide-filter-Replacement-Indicator-scaled.jpg\" \/>\n\t<meta property=\"og:image:width\" content=\"2560\" \/>\n\t<meta property=\"og:image:height\" content=\"1843\" \/>\n\t<meta property=\"og:image:type\" content=\"image\/jpeg\" \/>\n<meta name=\"twitter:card\" content=\"summary_large_image\" \/>\n<meta name=\"twitter:title\" content=\"Ammonia and Hydrogen-Sulfide Filter Change indicator.\" \/>\n<meta name=\"twitter:description\" content=\"Ammonia and Hydrogen-Sulfide Filter Change indicator. Reliable means for protection from exposure to ammonia and hydrogen sulfide\" \/>\n<meta name=\"twitter:image\" content=\"https:\/\/www.chemteq.net\/wp-content\/uploads\/2021\/03\/Ammonia-and-Hydrogen-Sulfide-filter-Replacement-Indicator-scaled.jpg\" \/>\n<meta name=\"twitter:label1\" content=\"Gesch\u00e4tzte Lesezeit\" \/>\n\t<meta name=\"twitter:data1\" content=\"2 Minuten\" \/>\n<script type=\"application\/ld+json\" class=\"yoast-schema-graph\">{\"@context\":\"https:\\\/\\\/schema.org\",\"@graph\":[{\"@type\":\"WebPage\",\"@id\":\"https:\\\/\\\/www.chemteq.net\\\/product\\\/ammonia-hydrogen-sulfide-breakthrough-saturation-indicator\\\/\",\"url\":\"https:\\\/\\\/www.chemteq.net\\\/product\\\/ammonia-hydrogen-sulfide-breakthrough-saturation-indicator\\\/\",\"name\":\"Ammonia & Hydrogen-Sulfide Filter-Change-Indicator\",\"isPartOf\":{\"@id\":\"https:\\\/\\\/www.chemteq.net\\\/#website\"},\"primaryImageOfPage\":{\"@id\":\"https:\\\/\\\/www.chemteq.net\\\/product\\\/ammonia-hydrogen-sulfide-breakthrough-saturation-indicator\\\/#primaryimage\"},\"image\":{\"@id\":\"https:\\\/\\\/www.chemteq.net\\\/product\\\/ammonia-hydrogen-sulfide-breakthrough-saturation-indicator\\\/#primaryimage\"},\"thumbnailUrl\":\"https:\\\/\\\/www.chemteq.net\\\/wp-content\\\/uploads\\\/2021\\\/03\\\/Amm-H2S-BTI-050621.jpg\",\"datePublished\":\"2021-03-16T14:59:56+00:00\",\"dateModified\":\"2025-12-11T17:53:17+00:00\",\"description\":\"Ammonia & Hydrogen-Sulfide Filter-Change-Indicator. Reliable means for protection from exposure to ammonia & hydrogen sulfide\",\"breadcrumb\":{\"@id\":\"https:\\\/\\\/www.chemteq.net\\\/product\\\/ammonia-hydrogen-sulfide-breakthrough-saturation-indicator\\\/#breadcrumb\"},\"inLanguage\":\"de-DE\",\"potentialAction\":[{\"@type\":\"ReadAction\",\"target\":[\"https:\\\/\\\/www.chemteq.net\\\/product\\\/ammonia-hydrogen-sulfide-breakthrough-saturation-indicator\\\/\"]}]},{\"@type\":\"ImageObject\",\"inLanguage\":\"de-DE\",\"@id\":\"https:\\\/\\\/www.chemteq.net\\\/product\\\/ammonia-hydrogen-sulfide-breakthrough-saturation-indicator\\\/#primaryimage\",\"url\":\"https:\\\/\\\/www.chemteq.net\\\/wp-content\\\/uploads\\\/2021\\\/03\\\/Amm-H2S-BTI-050621.jpg\",\"contentUrl\":\"https:\\\/\\\/www.chemteq.net\\\/wp-content\\\/uploads\\\/2021\\\/03\\\/Amm-H2S-BTI-050621.jpg\",\"width\":1800,\"height\":1800,\"caption\":\"Ammonia and Hydrogen-Sulfide Filter Change indicator.\"},{\"@type\":\"BreadcrumbList\",\"@id\":\"https:\\\/\\\/www.chemteq.net\\\/product\\\/ammonia-hydrogen-sulfide-breakthrough-saturation-indicator\\\/#breadcrumb\",\"itemListElement\":[{\"@type\":\"ListItem\",\"position\":1,\"name\":\"Home\",\"item\":\"https:\\\/\\\/www.chemteq.net\\\/\"},{\"@type\":\"ListItem\",\"position\":2,\"name\":\"Products\",\"item\":\"https:\\\/\\\/www.chemteq.net\\\/products\\\/\"},{\"@type\":\"ListItem\",\"position\":3,\"name\":\"Ammonia &#038; Hydrogen Sulfide Filter Breakthrough Indicator\"}]},{\"@type\":\"WebSite\",\"@id\":\"https:\\\/\\\/www.chemteq.net\\\/#website\",\"url\":\"https:\\\/\\\/www.chemteq.net\\\/\",\"name\":\"Chemteq Inc.\",\"description\":\"High Quality And Reliable Devices To Serve Health, Safety And Industrial Hygiene\",\"publisher\":{\"@id\":\"https:\\\/\\\/www.chemteq.net\\\/#organization\"},\"potentialAction\":[{\"@type\":\"SearchAction\",\"target\":{\"@type\":\"EntryPoint\",\"urlTemplate\":\"https:\\\/\\\/www.chemteq.net\\\/?s={search_term_string}\"},\"query-input\":{\"@type\":\"PropertyValueSpecification\",\"valueRequired\":true,\"valueName\":\"search_term_string\"}}],\"inLanguage\":\"de-DE\"},{\"@type\":\"Organization\",\"@id\":\"https:\\\/\\\/www.chemteq.net\\\/#organization\",\"name\":\"Chemteq Inc.\",\"url\":\"https:\\\/\\\/www.chemteq.net\\\/\",\"logo\":{\"@type\":\"ImageObject\",\"inLanguage\":\"de-DE\",\"@id\":\"https:\\\/\\\/www.chemteq.net\\\/#\\\/schema\\\/logo\\\/image\\\/\",\"url\":\"https:\\\/\\\/www.chemteq.net\\\/wp-content\\\/uploads\\\/2021\\\/04\\\/ChemteqLogo0112239041421-scaled.jpg\",\"contentUrl\":\"https:\\\/\\\/www.chemteq.net\\\/wp-content\\\/uploads\\\/2021\\\/04\\\/ChemteqLogo0112239041421-scaled.jpg\",\"width\":2560,\"height\":574,\"caption\":\"Chemteq Inc.\"},\"image\":{\"@id\":\"https:\\\/\\\/www.chemteq.net\\\/#\\\/schema\\\/logo\\\/image\\\/\"}}]}<\/script>\n<!-- \/ Yoast SEO plugin. -->","yoast_head_json":{"title":"Ammonia & Hydrogen-Sulfide Filter-Change-Indicator","description":"Ammonia & Hydrogen-Sulfide Filter-Change-Indicator. Reliable means for protection from exposure to ammonia & hydrogen sulfide","robots":{"index":"index","follow":"follow","max-snippet":"max-snippet:-1","max-image-preview":"max-image-preview:large","max-video-preview":"max-video-preview:-1"},"canonical":"https:\/\/www.chemteq.net\/de\/produkt\/ammonia-hydrogen-sulfide-breakthrough-saturation-indicator\/","og_locale":"de_DE","og_type":"article","og_title":"Ammonia and Hydrogen-Sulfide Filter Breakthrough indicator.","og_description":"Ammonia and Hydrogen-Sulfide Filter Change indicator. Reliable means for protection from exposure to ammonia and hydrogen sulfide","og_url":"https:\/\/www.chemteq.net\/de\/produkt\/ammonia-hydrogen-sulfide-breakthrough-saturation-indicator\/","og_site_name":"Chemteq Inc.","article_modified_time":"2025-12-11T17:53:17+00:00","og_image":[{"width":2560,"height":1843,"url":"https:\/\/www.chemteq.net\/wp-content\/uploads\/2021\/03\/Ammonia-and-Hydrogen-Sulfide-filter-Replacement-Indicator-scaled.jpg","type":"image\/jpeg"}],"twitter_card":"summary_large_image","twitter_title":"Ammonia and Hydrogen-Sulfide Filter Change indicator.","twitter_description":"Ammonia and Hydrogen-Sulfide Filter Change indicator. Reliable means for protection from exposure to ammonia and hydrogen sulfide","twitter_image":"https:\/\/www.chemteq.net\/wp-content\/uploads\/2021\/03\/Ammonia-and-Hydrogen-Sulfide-filter-Replacement-Indicator-scaled.jpg","twitter_misc":{"Gesch\u00e4tzte Lesezeit":"2 Minuten"},"schema":{"@context":"https:\/\/schema.org","@graph":[{"@type":"WebPage","@id":"https:\/\/www.chemteq.net\/product\/ammonia-hydrogen-sulfide-breakthrough-saturation-indicator\/","url":"https:\/\/www.chemteq.net\/product\/ammonia-hydrogen-sulfide-breakthrough-saturation-indicator\/","name":"Ammonia & Hydrogen-Sulfide Filter-Change-Indicator","isPartOf":{"@id":"https:\/\/www.chemteq.net\/#website"},"primaryImageOfPage":{"@id":"https:\/\/www.chemteq.net\/product\/ammonia-hydrogen-sulfide-breakthrough-saturation-indicator\/#primaryimage"},"image":{"@id":"https:\/\/www.chemteq.net\/product\/ammonia-hydrogen-sulfide-breakthrough-saturation-indicator\/#primaryimage"},"thumbnailUrl":"https:\/\/www.chemteq.net\/wp-content\/uploads\/2021\/03\/Amm-H2S-BTI-050621.jpg","datePublished":"2021-03-16T14:59:56+00:00","dateModified":"2025-12-11T17:53:17+00:00","description":"Ammonia & Hydrogen-Sulfide Filter-Change-Indicator. Reliable means for protection from exposure to ammonia & hydrogen sulfide","breadcrumb":{"@id":"https:\/\/www.chemteq.net\/product\/ammonia-hydrogen-sulfide-breakthrough-saturation-indicator\/#breadcrumb"},"inLanguage":"de-DE","potentialAction":[{"@type":"ReadAction","target":["https:\/\/www.chemteq.net\/product\/ammonia-hydrogen-sulfide-breakthrough-saturation-indicator\/"]}]},{"@type":"ImageObject","inLanguage":"de-DE","@id":"https:\/\/www.chemteq.net\/product\/ammonia-hydrogen-sulfide-breakthrough-saturation-indicator\/#primaryimage","url":"https:\/\/www.chemteq.net\/wp-content\/uploads\/2021\/03\/Amm-H2S-BTI-050621.jpg","contentUrl":"https:\/\/www.chemteq.net\/wp-content\/uploads\/2021\/03\/Amm-H2S-BTI-050621.jpg","width":1800,"height":1800,"caption":"Ammonia and Hydrogen-Sulfide Filter Change indicator."},{"@type":"BreadcrumbList","@id":"https:\/\/www.chemteq.net\/product\/ammonia-hydrogen-sulfide-breakthrough-saturation-indicator\/#breadcrumb","itemListElement":[{"@type":"ListItem","position":1,"name":"Home","item":"https:\/\/www.chemteq.net\/"},{"@type":"ListItem","position":2,"name":"Products","item":"https:\/\/www.chemteq.net\/products\/"},{"@type":"ListItem","position":3,"name":"Ammonia &#038; Hydrogen Sulfide Filter Breakthrough Indicator"}]},{"@type":"WebSite","@id":"https:\/\/www.chemteq.net\/#website","url":"https:\/\/www.chemteq.net\/","name":"Chemteq Inc.","description":"High Quality And Reliable Devices To Serve Health, Safety And Industrial Hygiene","publisher":{"@id":"https:\/\/www.chemteq.net\/#organization"},"potentialAction":[{"@type":"SearchAction","target":{"@type":"EntryPoint","urlTemplate":"https:\/\/www.chemteq.net\/?s={search_term_string}"},"query-input":{"@type":"PropertyValueSpecification","valueRequired":true,"valueName":"search_term_string"}}],"inLanguage":"de-DE"},{"@type":"Organization","@id":"https:\/\/www.chemteq.net\/#organization","name":"Chemteq Inc.","url":"https:\/\/www.chemteq.net\/","logo":{"@type":"ImageObject","inLanguage":"de-DE","@id":"https:\/\/www.chemteq.net\/#\/schema\/logo\/image\/","url":"https:\/\/www.chemteq.net\/wp-content\/uploads\/2021\/04\/ChemteqLogo0112239041421-scaled.jpg","contentUrl":"https:\/\/www.chemteq.net\/wp-content\/uploads\/2021\/04\/ChemteqLogo0112239041421-scaled.jpg","width":2560,"height":574,"caption":"Chemteq Inc."},"image":{"@id":"https:\/\/www.chemteq.net\/#\/schema\/logo\/image\/"}}]}},"_links":{"self":[{"href":"https:\/\/www.chemteq.net\/de\/wp-json\/wp\/v2\/product\/1037","targetHints":{"allow":["GET"]}}],"collection":[{"href":"https:\/\/www.chemteq.net\/de\/wp-json\/wp\/v2\/product"}],"about":[{"href":"https:\/\/www.chemteq.net\/de\/wp-json\/wp\/v2\/types\/product"}],"wp:featuredmedia":[{"embeddable":true,"href":"https:\/\/www.chemteq.net\/de\/wp-json\/wp\/v2\/media\/1921"}],"wp:attachment":[{"href":"https:\/\/www.chemteq.net\/de\/wp-json\/wp\/v2\/media?parent=1037"}],"wp:term":[{"taxonomy":"product_brand","embeddable":true,"href":"https:\/\/www.chemteq.net\/de\/wp-json\/wp\/v2\/product_brand?post=1037"},{"taxonomy":"product_cat","embeddable":true,"href":"https:\/\/www.chemteq.net\/de\/wp-json\/wp\/v2\/product_cat?post=1037"},{"taxonomy":"product_tag","embeddable":true,"href":"https:\/\/www.chemteq.net\/de\/wp-json\/wp\/v2\/product_tag?post=1037"}],"curies":[{"name":"wp","href":"https:\/\/api.w.org\/{rel}","templated":true}]}}