{"id":1034,"date":"2021-03-16T14:56:54","date_gmt":"2021-03-16T14:56:54","guid":{"rendered":"http:\/\/chemteqinc.wpengine.com\/?post_type=product&#038;p=1034"},"modified":"2025-12-11T18:01:15","modified_gmt":"2025-12-11T18:01:15","slug":"ammonia-vapor-filter-breakthrough-indicator","status":"publish","type":"product","link":"https:\/\/www.chemteq.net\/de\/produkt\/ammonia-vapor-filter-breakthrough-indicator\/","title":{"rendered":"Ammonia Vapor Filter Breakthrough Indicator"},"content":{"rendered":"<p>Ammoniak-Filterwechsel-Anzeige. Zeigt die S\u00e4ttigung und Ersch\u00f6pfung von Kohleabsorbern und Filtern an. Zuverl\u00e4ssiger und kosteng\u00fcnstiger Schutz vor der Exposition gegen\u00fcber giftigem Ammoniak.<\/p>\n<p>Der Indikator verf\u00e4rbt sich von hellblau nach violett, wenn die Kohleabsorber und Filter mit Ammoniakdampf ges\u00e4ttigt sind. Dadurch wird der Benutzer darauf aufmerksam gemacht, den verbrauchten Kohleabsorber oder Filter zu ersetzen. Der Indikator wird einfach an den \u00be-Zoll-NPT-Innengewinde-Ausgang des Kohleabsorbers oder -filters angeschlossen, wobei das \u00be-Zoll-NPT-Au\u00dfengewinde an der Unterseite des Indikators verwendet wird.<\/p>\n<p>Einzigartiges Design. Sie k\u00f6nnen den hellen, lebendigen Farbwechsel aus allen Richtungen beobachten.<\/p>\n<div>\n<p>PN 196<\/p>\n<p><b>Produktspezifikationen<\/b><\/p>\n<\/div>\n<div align=\"center\">\n<table border=\"0\" cellspacing=\"0\" cellpadding=\"0\">\n<tbody>\n<tr>\n<td width=\"42\">\n<p align=\"center\">a<\/p>\n<\/td>\n<td valign=\"top\" width=\"348\">Gewicht:<\/td>\n<td valign=\"top\" width=\"359\">28g (1.0oz)<\/td>\n<\/tr>\n<tr>\n<td width=\"42\">\n<p align=\"center\">b<\/p>\n<\/td>\n<td valign=\"top\" width=\"348\">\n<p id=\"ext-gen20942\">Ma\u00dfe:<\/p>\n<\/td>\n<td valign=\"top\" width=\"359\">89.9mm (3.5in), diameter 24.5mm (1.0in)<\/td>\n<\/tr>\n<tr>\n<td width=\"42\">\n<p align=\"center\">c<\/p>\n<\/td>\n<td valign=\"top\" width=\"348\">Abmessungen des Einlasses:<\/td>\n<td valign=\"top\" width=\"359\">\u00be&#8221; MNPT<\/td>\n<\/tr>\n<tr>\n<td width=\"42\">\n<p align=\"center\">d<\/p>\n<\/td>\n<td valign=\"top\" width=\"348\">Betriebstemperatur:<\/td>\n<td valign=\"top\" width=\"359\">-20<sup>o<\/sup>C to 65<sup>o<\/sup>C (-4<sup>o<\/sup>F to 149<sup>o<\/sup>F)<\/td>\n<\/tr>\n<tr>\n<td width=\"42\">\n<p align=\"center\">e<\/p>\n<\/td>\n<td valign=\"top\" width=\"348\">Betriebsfeuchtigkeit:<\/td>\n<td valign=\"top\" width=\"359\">5% RH to 95%RH<\/td>\n<\/tr>\n<tr>\n<td width=\"42\">\n<p align=\"center\">f<\/p>\n<\/td>\n<td valign=\"top\" width=\"348\">Minimale Nachweisgrenze:<\/td>\n<td valign=\"top\" width=\"359\">10ppm\u2022hr at 30 cm\/sec face velocity<\/td>\n<\/tr>\n<tr>\n<td width=\"42\">\n<p align=\"center\">g<\/p>\n<\/td>\n<td valign=\"top\" width=\"348\">Farbwechsel:<\/td>\n<td valign=\"top\" width=\"359\">Light blue to purple<\/td>\n<\/tr>\n<tr>\n<td width=\"42\">\n<p align=\"center\">h<\/p>\n<\/td>\n<td valign=\"top\" width=\"348\">Lagertemperatur:<\/td>\n<td valign=\"top\" width=\"359\">4<sup>o<\/sup>C to 25<sup>o<\/sup>C, (39<sup>o<\/sup>F to 77<sup>o<\/sup>F)<\/td>\n<\/tr>\n<tr>\n<td width=\"42\">\n<p align=\"center\">i<\/p>\n<\/td>\n<td valign=\"top\" width=\"348\">Haltbarkeit:<\/td>\n<td valign=\"top\" width=\"359\">2 years at 4<sup>o<\/sup>C to 25<sup>o<\/sup>C, (39<sup>o<\/sup>F to 77<sup>o<\/sup>F)<\/td>\n<\/tr>\n<tr>\n<td width=\"42\">\n<p align=\"center\">j<\/p>\n<\/td>\n<td valign=\"top\" width=\"348\">Lebensdauer:<\/td>\n<td valign=\"top\" width=\"359\">2 years<\/td>\n<\/tr>\n<\/tbody>\n<\/table>\n<\/div>\n<p>N\u00fctzliche Links<br \/>\n<a href=\"https:\/\/www.osha.gov\/annotated-pels\" target=\"_blank\" rel=\"noopener\">OSHA<\/a><br \/>\n<a href=\"https:\/\/www.cdc.gov\/niosh\/npg\/npgd0028.html\" target=\"_blank\" rel=\"noopener\">NIOSH<\/a><\/p>\n<p><a href=\"https:\/\/www.chemteq.net\/de\/produkt\/ammonia-saturation-indicator-sticker-for-ductless-hood-filters\/\" target=\"_blank\" rel=\"noopener\">Ductless hood filter change indictor sticker (BTIS) for ammonia\u00a0<\/a><\/p>\n<p>Ammonia Filter Change Indicator<\/p>","protected":false},"excerpt":{"rendered":"<p>Product Features<\/p>\n<p>Minimum detectable limit: 10ppm\u2022hr<\/p>\n<p>Color Change: Light blue to purple<\/p>\n<p>Inlet dimensions: \u00be&#8221; Male NPT<\/p>\n<p>Service life: 2 years<\/p>","protected":false},"featured_media":1922,"template":"","meta":{"_acf_changed":false,"site-sidebar-layout":"default","site-content-layout":"default","ast-site-content-layout":"default","site-content-style":"default","site-sidebar-style":"default","ast-global-header-display":"","ast-banner-title-visibility":"","ast-main-header-display":"","ast-hfb-above-header-display":"","ast-hfb-below-header-display":"","ast-hfb-mobile-header-display":"","site-post-title":"","ast-breadcrumbs-content":"","ast-featured-img":"","footer-sml-layout":"","theme-transparent-header-meta":"default","adv-header-id-meta":"","stick-header-meta":"default","header-above-stick-meta":"","header-main-stick-meta":"","header-below-stick-meta":"","astra-migrate-meta-layouts":"set","ast-page-background-enabled":"default","ast-page-background-meta":{"desktop":{"background-color":"","background-image":"","background-repeat":"repeat","background-position":"center center","background-size":"auto","background-attachment":"scroll","background-type":"","background-media":"","overlay-type":"","overlay-color":"","overlay-opacity":"","overlay-gradient":""},"tablet":{"background-color":"","background-image":"","background-repeat":"repeat","background-position":"center center","background-size":"auto","background-attachment":"scroll","background-type":"","background-media":"","overlay-type":"","overlay-color":"","overlay-opacity":"","overlay-gradient":""},"mobile":{"background-color":"","background-image":"","background-repeat":"repeat","background-position":"center center","background-size":"auto","background-attachment":"scroll","background-type":"","background-media":"","overlay-type":"","overlay-color":"","overlay-opacity":"","overlay-gradient":""}},"ast-content-background-meta":{"desktop":{"background-color":"var(--ast-global-color-5)","background-image":"","background-repeat":"repeat","background-position":"center center","background-size":"auto","background-attachment":"scroll","background-type":"","background-media":"","overlay-type":"","overlay-color":"","overlay-opacity":"","overlay-gradient":""},"tablet":{"background-color":"var(--ast-global-color-5)","background-image":"","background-repeat":"repeat","background-position":"center center","background-size":"auto","background-attachment":"scroll","background-type":"","background-media":"","overlay-type":"","overlay-color":"","overlay-opacity":"","overlay-gradient":""},"mobile":{"background-color":"var(--ast-global-color-5)","background-image":"","background-repeat":"repeat","background-position":"center center","background-size":"auto","background-attachment":"scroll","background-type":"","background-media":"","overlay-type":"","overlay-color":"","overlay-opacity":"","overlay-gradient":""}}},"product_brand":[],"product_cat":[46],"product_tag":[78,66,69,65,61],"class_list":{"0":"post-1034","1":"product","2":"type-product","3":"status-publish","4":"has-post-thumbnail","6":"product_cat-bti-filter-breakthrough-indicators","7":"product_tag-chemical-industries-emission-control-products","8":"product_tag-food-and-brewing-emission-control","9":"product_tag-laboratories-emission-control-products","10":"product_tag-odor-emission-control-products","11":"product_tag-wastewater-treatment-emission-control-products","12":"desktop-align-left","13":"tablet-align-left","14":"mobile-align-left","15":"ast-product-gallery-layout-horizontal","16":"ast-product-gallery-with-no-image","17":"ast-product-tabs-layout-horizontal","19":"first","20":"instock","21":"taxable","22":"shipping-taxable","23":"purchasable","24":"product-type-simple"},"acf":[],"yoast_head":"<!-- This site is optimized with the Yoast SEO plugin v27.4 - https:\/\/yoast.com\/product\/yoast-seo-wordpress\/ -->\n<title>Ammonia Filter Change Indicator. Reliable protection from toxic ammonia<\/title>\n<meta name=\"description\" content=\"Ammonia Filter Change Indicator. The indicator is reliable and cost effect means for protection from exposure to toxic ammonia.\" \/>\n<meta name=\"robots\" content=\"index, follow, max-snippet:-1, max-image-preview:large, max-video-preview:-1\" \/>\n<link rel=\"canonical\" href=\"https:\/\/www.chemteq.net\/de\/produkt\/ammonia-vapor-filter-breakthrough-indicator\/\" \/>\n<meta property=\"og:locale\" content=\"de_DE\" \/>\n<meta property=\"og:type\" content=\"article\" \/>\n<meta property=\"og:title\" content=\"Ammonia vapor Breakthrough indicator.\" \/>\n<meta property=\"og:description\" content=\"Ammonia vapor Breakthrough indicator. The indicator is reliable and cost effect means for protection from exposure to toxic ammonia.\" \/>\n<meta property=\"og:url\" content=\"https:\/\/www.chemteq.net\/de\/produkt\/ammonia-vapor-filter-breakthrough-indicator\/\" \/>\n<meta property=\"og:site_name\" content=\"Chemteq Inc.\" \/>\n<meta property=\"article:modified_time\" content=\"2025-12-11T18:01:15+00:00\" \/>\n<meta property=\"og:image\" content=\"https:\/\/www.chemteq.net\/wp-content\/uploads\/2021\/03\/Ammonia-Filter-Replacement-Indicator-scaled.jpg\" \/>\n\t<meta property=\"og:image:width\" content=\"2560\" \/>\n\t<meta property=\"og:image:height\" content=\"1792\" \/>\n\t<meta property=\"og:image:type\" content=\"image\/jpeg\" \/>\n<meta name=\"twitter:card\" content=\"summary_large_image\" \/>\n<meta name=\"twitter:title\" content=\"Ammonia vapor Breakthrough indicator.\" \/>\n<meta name=\"twitter:description\" content=\"Ammonia vapor Breakthrough indicator. The indicator is reliable and cost effect means for protection from exposure to toxic ammonia.\" \/>\n<meta name=\"twitter:image\" content=\"https:\/\/www.chemteq.net\/wp-content\/uploads\/2021\/03\/Ammonia-Filter-Replacement-Indicator-scaled.jpg\" \/>\n<meta name=\"twitter:label1\" content=\"Gesch\u00e4tzte Lesezeit\" \/>\n\t<meta name=\"twitter:data1\" content=\"2 Minuten\" \/>\n<script type=\"application\/ld+json\" class=\"yoast-schema-graph\">{\"@context\":\"https:\\\/\\\/schema.org\",\"@graph\":[{\"@type\":\"WebPage\",\"@id\":\"https:\\\/\\\/www.chemteq.net\\\/product\\\/ammonia-vapor-filter-breakthrough-indicator\\\/\",\"url\":\"https:\\\/\\\/www.chemteq.net\\\/product\\\/ammonia-vapor-filter-breakthrough-indicator\\\/\",\"name\":\"Ammonia Filter Change Indicator. Reliable protection from toxic ammonia\",\"isPartOf\":{\"@id\":\"https:\\\/\\\/www.chemteq.net\\\/#website\"},\"primaryImageOfPage\":{\"@id\":\"https:\\\/\\\/www.chemteq.net\\\/product\\\/ammonia-vapor-filter-breakthrough-indicator\\\/#primaryimage\"},\"image\":{\"@id\":\"https:\\\/\\\/www.chemteq.net\\\/product\\\/ammonia-vapor-filter-breakthrough-indicator\\\/#primaryimage\"},\"thumbnailUrl\":\"https:\\\/\\\/www.chemteq.net\\\/wp-content\\\/uploads\\\/2021\\\/03\\\/Ammonia-BTI-Unexp-050621.jpg\",\"datePublished\":\"2021-03-16T14:56:54+00:00\",\"dateModified\":\"2025-12-11T18:01:15+00:00\",\"description\":\"Ammonia Filter Change Indicator. The indicator is reliable and cost effect means for protection from exposure to toxic ammonia.\",\"breadcrumb\":{\"@id\":\"https:\\\/\\\/www.chemteq.net\\\/product\\\/ammonia-vapor-filter-breakthrough-indicator\\\/#breadcrumb\"},\"inLanguage\":\"de-DE\",\"potentialAction\":[{\"@type\":\"ReadAction\",\"target\":[\"https:\\\/\\\/www.chemteq.net\\\/product\\\/ammonia-vapor-filter-breakthrough-indicator\\\/\"]}]},{\"@type\":\"ImageObject\",\"inLanguage\":\"de-DE\",\"@id\":\"https:\\\/\\\/www.chemteq.net\\\/product\\\/ammonia-vapor-filter-breakthrough-indicator\\\/#primaryimage\",\"url\":\"https:\\\/\\\/www.chemteq.net\\\/wp-content\\\/uploads\\\/2021\\\/03\\\/Ammonia-BTI-Unexp-050621.jpg\",\"contentUrl\":\"https:\\\/\\\/www.chemteq.net\\\/wp-content\\\/uploads\\\/2021\\\/03\\\/Ammonia-BTI-Unexp-050621.jpg\",\"width\":1800,\"height\":1800,\"caption\":\"Ammonia vapor Breakthrough indicator.\"},{\"@type\":\"BreadcrumbList\",\"@id\":\"https:\\\/\\\/www.chemteq.net\\\/product\\\/ammonia-vapor-filter-breakthrough-indicator\\\/#breadcrumb\",\"itemListElement\":[{\"@type\":\"ListItem\",\"position\":1,\"name\":\"Home\",\"item\":\"https:\\\/\\\/www.chemteq.net\\\/\"},{\"@type\":\"ListItem\",\"position\":2,\"name\":\"Products\",\"item\":\"https:\\\/\\\/www.chemteq.net\\\/products\\\/\"},{\"@type\":\"ListItem\",\"position\":3,\"name\":\"Ammonia Vapor Filter Breakthrough Indicator\"}]},{\"@type\":\"WebSite\",\"@id\":\"https:\\\/\\\/www.chemteq.net\\\/#website\",\"url\":\"https:\\\/\\\/www.chemteq.net\\\/\",\"name\":\"Chemteq Inc.\",\"description\":\"High Quality And Reliable Devices To Serve Health, Safety And Industrial Hygiene\",\"publisher\":{\"@id\":\"https:\\\/\\\/www.chemteq.net\\\/#organization\"},\"potentialAction\":[{\"@type\":\"SearchAction\",\"target\":{\"@type\":\"EntryPoint\",\"urlTemplate\":\"https:\\\/\\\/www.chemteq.net\\\/?s={search_term_string}\"},\"query-input\":{\"@type\":\"PropertyValueSpecification\",\"valueRequired\":true,\"valueName\":\"search_term_string\"}}],\"inLanguage\":\"de-DE\"},{\"@type\":\"Organization\",\"@id\":\"https:\\\/\\\/www.chemteq.net\\\/#organization\",\"name\":\"Chemteq Inc.\",\"url\":\"https:\\\/\\\/www.chemteq.net\\\/\",\"logo\":{\"@type\":\"ImageObject\",\"inLanguage\":\"de-DE\",\"@id\":\"https:\\\/\\\/www.chemteq.net\\\/#\\\/schema\\\/logo\\\/image\\\/\",\"url\":\"https:\\\/\\\/www.chemteq.net\\\/wp-content\\\/uploads\\\/2021\\\/04\\\/ChemteqLogo0112239041421-scaled.jpg\",\"contentUrl\":\"https:\\\/\\\/www.chemteq.net\\\/wp-content\\\/uploads\\\/2021\\\/04\\\/ChemteqLogo0112239041421-scaled.jpg\",\"width\":2560,\"height\":574,\"caption\":\"Chemteq Inc.\"},\"image\":{\"@id\":\"https:\\\/\\\/www.chemteq.net\\\/#\\\/schema\\\/logo\\\/image\\\/\"}}]}<\/script>\n<!-- \/ Yoast SEO plugin. -->","yoast_head_json":{"title":"Ammonia Filter Change Indicator. Reliable protection from toxic ammonia","description":"Ammonia Filter Change Indicator. The indicator is reliable and cost effect means for protection from exposure to toxic ammonia.","robots":{"index":"index","follow":"follow","max-snippet":"max-snippet:-1","max-image-preview":"max-image-preview:large","max-video-preview":"max-video-preview:-1"},"canonical":"https:\/\/www.chemteq.net\/de\/produkt\/ammonia-vapor-filter-breakthrough-indicator\/","og_locale":"de_DE","og_type":"article","og_title":"Ammonia vapor Breakthrough indicator.","og_description":"Ammonia vapor Breakthrough indicator. The indicator is reliable and cost effect means for protection from exposure to toxic ammonia.","og_url":"https:\/\/www.chemteq.net\/de\/produkt\/ammonia-vapor-filter-breakthrough-indicator\/","og_site_name":"Chemteq Inc.","article_modified_time":"2025-12-11T18:01:15+00:00","og_image":[{"width":2560,"height":1792,"url":"https:\/\/www.chemteq.net\/wp-content\/uploads\/2021\/03\/Ammonia-Filter-Replacement-Indicator-scaled.jpg","type":"image\/jpeg"}],"twitter_card":"summary_large_image","twitter_title":"Ammonia vapor Breakthrough indicator.","twitter_description":"Ammonia vapor Breakthrough indicator. The indicator is reliable and cost effect means for protection from exposure to toxic ammonia.","twitter_image":"https:\/\/www.chemteq.net\/wp-content\/uploads\/2021\/03\/Ammonia-Filter-Replacement-Indicator-scaled.jpg","twitter_misc":{"Gesch\u00e4tzte Lesezeit":"2 Minuten"},"schema":{"@context":"https:\/\/schema.org","@graph":[{"@type":"WebPage","@id":"https:\/\/www.chemteq.net\/product\/ammonia-vapor-filter-breakthrough-indicator\/","url":"https:\/\/www.chemteq.net\/product\/ammonia-vapor-filter-breakthrough-indicator\/","name":"Ammonia Filter Change Indicator. Reliable protection from toxic ammonia","isPartOf":{"@id":"https:\/\/www.chemteq.net\/#website"},"primaryImageOfPage":{"@id":"https:\/\/www.chemteq.net\/product\/ammonia-vapor-filter-breakthrough-indicator\/#primaryimage"},"image":{"@id":"https:\/\/www.chemteq.net\/product\/ammonia-vapor-filter-breakthrough-indicator\/#primaryimage"},"thumbnailUrl":"https:\/\/www.chemteq.net\/wp-content\/uploads\/2021\/03\/Ammonia-BTI-Unexp-050621.jpg","datePublished":"2021-03-16T14:56:54+00:00","dateModified":"2025-12-11T18:01:15+00:00","description":"Ammonia Filter Change Indicator. The indicator is reliable and cost effect means for protection from exposure to toxic ammonia.","breadcrumb":{"@id":"https:\/\/www.chemteq.net\/product\/ammonia-vapor-filter-breakthrough-indicator\/#breadcrumb"},"inLanguage":"de-DE","potentialAction":[{"@type":"ReadAction","target":["https:\/\/www.chemteq.net\/product\/ammonia-vapor-filter-breakthrough-indicator\/"]}]},{"@type":"ImageObject","inLanguage":"de-DE","@id":"https:\/\/www.chemteq.net\/product\/ammonia-vapor-filter-breakthrough-indicator\/#primaryimage","url":"https:\/\/www.chemteq.net\/wp-content\/uploads\/2021\/03\/Ammonia-BTI-Unexp-050621.jpg","contentUrl":"https:\/\/www.chemteq.net\/wp-content\/uploads\/2021\/03\/Ammonia-BTI-Unexp-050621.jpg","width":1800,"height":1800,"caption":"Ammonia vapor Breakthrough indicator."},{"@type":"BreadcrumbList","@id":"https:\/\/www.chemteq.net\/product\/ammonia-vapor-filter-breakthrough-indicator\/#breadcrumb","itemListElement":[{"@type":"ListItem","position":1,"name":"Home","item":"https:\/\/www.chemteq.net\/"},{"@type":"ListItem","position":2,"name":"Products","item":"https:\/\/www.chemteq.net\/products\/"},{"@type":"ListItem","position":3,"name":"Ammonia Vapor Filter Breakthrough Indicator"}]},{"@type":"WebSite","@id":"https:\/\/www.chemteq.net\/#website","url":"https:\/\/www.chemteq.net\/","name":"Chemteq Inc.","description":"High Quality And Reliable Devices To Serve Health, Safety And Industrial Hygiene","publisher":{"@id":"https:\/\/www.chemteq.net\/#organization"},"potentialAction":[{"@type":"SearchAction","target":{"@type":"EntryPoint","urlTemplate":"https:\/\/www.chemteq.net\/?s={search_term_string}"},"query-input":{"@type":"PropertyValueSpecification","valueRequired":true,"valueName":"search_term_string"}}],"inLanguage":"de-DE"},{"@type":"Organization","@id":"https:\/\/www.chemteq.net\/#organization","name":"Chemteq Inc.","url":"https:\/\/www.chemteq.net\/","logo":{"@type":"ImageObject","inLanguage":"de-DE","@id":"https:\/\/www.chemteq.net\/#\/schema\/logo\/image\/","url":"https:\/\/www.chemteq.net\/wp-content\/uploads\/2021\/04\/ChemteqLogo0112239041421-scaled.jpg","contentUrl":"https:\/\/www.chemteq.net\/wp-content\/uploads\/2021\/04\/ChemteqLogo0112239041421-scaled.jpg","width":2560,"height":574,"caption":"Chemteq Inc."},"image":{"@id":"https:\/\/www.chemteq.net\/#\/schema\/logo\/image\/"}}]}},"_links":{"self":[{"href":"https:\/\/www.chemteq.net\/de\/wp-json\/wp\/v2\/product\/1034","targetHints":{"allow":["GET"]}}],"collection":[{"href":"https:\/\/www.chemteq.net\/de\/wp-json\/wp\/v2\/product"}],"about":[{"href":"https:\/\/www.chemteq.net\/de\/wp-json\/wp\/v2\/types\/product"}],"wp:featuredmedia":[{"embeddable":true,"href":"https:\/\/www.chemteq.net\/de\/wp-json\/wp\/v2\/media\/1922"}],"wp:attachment":[{"href":"https:\/\/www.chemteq.net\/de\/wp-json\/wp\/v2\/media?parent=1034"}],"wp:term":[{"taxonomy":"product_brand","embeddable":true,"href":"https:\/\/www.chemteq.net\/de\/wp-json\/wp\/v2\/product_brand?post=1034"},{"taxonomy":"product_cat","embeddable":true,"href":"https:\/\/www.chemteq.net\/de\/wp-json\/wp\/v2\/product_cat?post=1034"},{"taxonomy":"product_tag","embeddable":true,"href":"https:\/\/www.chemteq.net\/de\/wp-json\/wp\/v2\/product_tag?post=1034"}],"curies":[{"name":"wp","href":"https:\/\/api.w.org\/{rel}","templated":true}]}}