{"id":1023,"date":"2021-03-16T14:16:22","date_gmt":"2021-03-16T14:16:22","guid":{"rendered":"http:\/\/chemteqinc.wpengine.com\/?post_type=product&#038;p=1023"},"modified":"2025-12-01T17:22:21","modified_gmt":"2025-12-01T17:22:21","slug":"methyl-ketones-area-monitor","status":"publish","type":"product","link":"https:\/\/www.chemteq.net\/de\/produkt\/methyl-ketones-area-monitor\/","title":{"rendered":"Methyl ketones Area Monitor"},"content":{"rendered":"<p>Methylketone Area Monitor (PN: 234) ist ein kolorimetrischer Indikator f\u00fcr die Anzeige von Spurenmengen von Aceton, Acetaldehyd, Acrolein und Methylketond\u00e4mpfen in der Luft. Geeignete Stellen sind Schornsteine, Kan\u00e4le, Entl\u00fcftungen oder Abgaskan\u00e4le, an denen repr\u00e4sentative Proben entnommen werden k\u00f6nnen.<\/p>\n<div><b>Produktspezifikationen<\/b><\/div>\n<table border=\"0\" cellspacing=\"0\" cellpadding=\"0\">\n<tbody>\n<tr>\n<td width=\"32\">\n<p align=\"center\">a<\/p>\n<\/td>\n<td valign=\"top\" width=\"265\">Gewicht:<\/td>\n<td valign=\"top\" width=\"423\">0.4g (0.02oz)<\/td>\n<\/tr>\n<tr>\n<td width=\"32\">\n<p align=\"center\">b<\/p>\n<\/td>\n<td valign=\"top\" width=\"265\">Ma\u00dfe:<\/td>\n<td valign=\"top\" width=\"423\">2.8mm (0.11in), diameter: 38.1mm (1.5in)<\/td>\n<\/tr>\n<tr>\n<td width=\"32\">\n<p align=\"center\">c<\/p>\n<\/td>\n<td valign=\"top\" width=\"265\">Betriebstemperatur:<\/td>\n<td valign=\"top\" width=\"423\">-20<sup>o<\/sup>C to 50<sup>o<\/sup>C (-4<sup>o<\/sup>F to 122<sup>o<\/sup>F)<\/td>\n<\/tr>\n<tr>\n<td width=\"32\">\n<p align=\"center\">d<\/p>\n<\/td>\n<td valign=\"top\" width=\"265\">Betriebsfeuchtigkeit:<\/td>\n<td valign=\"top\" width=\"423\">5% RH to 90%RH<\/td>\n<\/tr>\n<tr>\n<td width=\"32\">\n<p align=\"center\">e<\/p>\n<\/td>\n<td valign=\"top\" width=\"265\">Minimale Nachweisgrenze:<\/td>\n<td valign=\"top\" width=\"423\">5ppm\u2022hr at 30 cm\/sec face velocity<\/td>\n<\/tr>\n<tr>\n<td width=\"32\">\n<p align=\"center\">f<\/p>\n<\/td>\n<td valign=\"top\" width=\"265\">Farbwechsel:<\/td>\n<td valign=\"top\" width=\"423\">Yellow to red<\/td>\n<\/tr>\n<tr>\n<td width=\"32\">\n<p align=\"center\">g<\/p>\n<\/td>\n<td valign=\"top\" width=\"265\">Lagertemperatur:<\/td>\n<td valign=\"top\" width=\"423\">4<sup>o<\/sup>C to 25<sup>o<\/sup>C, (39<sup>o<\/sup>F to 77<sup>o<\/sup>F)<\/td>\n<\/tr>\n<tr>\n<td width=\"32\">\n<p align=\"center\">h<\/p>\n<\/td>\n<td valign=\"top\" width=\"265\">Haltbarkeit:<\/td>\n<td valign=\"top\" width=\"423\">1 year at 4<sup>o<\/sup>C to 25<sup>o<\/sup>C, (39<sup>o<\/sup>F to 77<sup>o<\/sup>F)<\/td>\n<\/tr>\n<tr>\n<td width=\"32\">\n<p align=\"center\">i<\/p>\n<\/td>\n<td valign=\"top\" width=\"265\">Lebensdauer:<\/td>\n<td valign=\"top\" width=\"423\">20 days<\/td>\n<\/tr>\n<\/tbody>\n<\/table>\n<p>N\u00fctzliche Links<\/p>\n<p><a href=\"https:\/\/www.osha.gov\/chemicaldata\/476\" target=\"_blank\" rel=\"noopener\">OSHA<\/a><\/p>\n<p><a href=\"https:\/\/www.cdc.gov\/niosh\/npg\/npgd0004.html\" target=\"_blank\" rel=\"noopener\">NIOSH<\/a><\/p>\n<p><a href=\"https:\/\/www.chemteq.net\/de\/produkt\/methyl-ketones-acetaldehyde-and-acrolein-saturation-sticker-for-ductless-hood-filters\/\" target=\"_blank\" rel=\"noopener\">Methyl Ketones Breakthrough Indicator Sticker<\/a> f\u00fcr kanalfreie Haubenfilter<\/p>\n<p>Kundenspezifische und OEM-Indikatoren sind zuverl\u00e4ssig und sorgen f\u00fcr volle Kundenzufriedenheit. Dank unserer Ausr\u00fcstung vor Ort, unserer Chemiker und unseres Ingenieurteams k\u00f6nnen wir unsere Kunden bei Forschungs- und Entwicklungsprojekten unterst\u00fctzen. Aufgrund unserer umfassenden Fertigungskapazit\u00e4ten k\u00f6nnen wir Ihr Produkt innerhalb Ihres Zeitrahmens nach Ihren Spezifikationen herstellen. Unsere Spezialit\u00e4t ist die schnelle Umsetzung Ihrer Prototypen.<\/p>\n<p>Methyl Ketones Area Monitor<\/p>","protected":false},"excerpt":{"rendered":"<p>Product Features<br \/>\nMinimum detectable limit: 5ppm\u2022hr<br \/>\nColor Change: Yellow to red<\/p>\n<p>Dimensions: 1.5&#8243; diameter, 2mm<\/p>\n<p>Service life: 20 days<\/p>","protected":false},"featured_media":1900,"template":"","meta":{"_acf_changed":false,"site-sidebar-layout":"default","site-content-layout":"default","ast-site-content-layout":"default","site-content-style":"default","site-sidebar-style":"default","ast-global-header-display":"","ast-banner-title-visibility":"","ast-main-header-display":"","ast-hfb-above-header-display":"","ast-hfb-below-header-display":"","ast-hfb-mobile-header-display":"","site-post-title":"","ast-breadcrumbs-content":"","ast-featured-img":"","footer-sml-layout":"","theme-transparent-header-meta":"default","adv-header-id-meta":"","stick-header-meta":"default","header-above-stick-meta":"","header-main-stick-meta":"","header-below-stick-meta":"","astra-migrate-meta-layouts":"set","ast-page-background-enabled":"default","ast-page-background-meta":{"desktop":{"background-color":"","background-image":"","background-repeat":"repeat","background-position":"center center","background-size":"auto","background-attachment":"scroll","background-type":"","background-media":"","overlay-type":"","overlay-color":"","overlay-opacity":"","overlay-gradient":""},"tablet":{"background-color":"","background-image":"","background-repeat":"repeat","background-position":"center center","background-size":"auto","background-attachment":"scroll","background-type":"","background-media":"","overlay-type":"","overlay-color":"","overlay-opacity":"","overlay-gradient":""},"mobile":{"background-color":"","background-image":"","background-repeat":"repeat","background-position":"center center","background-size":"auto","background-attachment":"scroll","background-type":"","background-media":"","overlay-type":"","overlay-color":"","overlay-opacity":"","overlay-gradient":""}},"ast-content-background-meta":{"desktop":{"background-color":"var(--ast-global-color-5)","background-image":"","background-repeat":"repeat","background-position":"center center","background-size":"auto","background-attachment":"scroll","background-type":"","background-media":"","overlay-type":"","overlay-color":"","overlay-opacity":"","overlay-gradient":""},"tablet":{"background-color":"var(--ast-global-color-5)","background-image":"","background-repeat":"repeat","background-position":"center center","background-size":"auto","background-attachment":"scroll","background-type":"","background-media":"","overlay-type":"","overlay-color":"","overlay-opacity":"","overlay-gradient":""},"mobile":{"background-color":"var(--ast-global-color-5)","background-image":"","background-repeat":"repeat","background-position":"center center","background-size":"auto","background-attachment":"scroll","background-type":"","background-media":"","overlay-type":"","overlay-color":"","overlay-opacity":"","overlay-gradient":""}}},"product_brand":[],"product_cat":[15],"product_tag":[78,69,68],"class_list":{"0":"post-1023","1":"product","2":"type-product","3":"status-publish","4":"has-post-thumbnail","6":"product_cat-chemteq-area-monitors","7":"product_tag-chemical-industries-emission-control-products","8":"product_tag-laboratories-emission-control-products","9":"product_tag-life-sciences-emission-control-products","10":"desktop-align-left","11":"tablet-align-left","12":"mobile-align-left","13":"ast-product-gallery-layout-horizontal","14":"ast-product-gallery-with-no-image","15":"ast-product-tabs-layout-horizontal","17":"first","18":"instock","19":"taxable","20":"shipping-taxable","21":"purchasable","22":"product-type-simple"},"acf":[],"yoast_head":"<!-- This site is optimized with the Yoast SEO plugin v26.3 - https:\/\/yoast.com\/wordpress\/plugins\/seo\/ -->\n<title>Methyl Ketones Area Monitor detects acetone, acetaldehyde, and acrolein<\/title>\n<meta name=\"description\" content=\"Methyl Ketones Area Monitor detects trace amounts of methyl ketones vapors in air. Suitable locations are stacks, ducts and vents\" \/>\n<meta name=\"robots\" content=\"index, follow, max-snippet:-1, max-image-preview:large, max-video-preview:-1\" \/>\n<link rel=\"canonical\" href=\"https:\/\/www.chemteq.net\/de\/produkt\/methyl-ketones-area-monitor\/\" \/>\n<meta property=\"og:locale\" content=\"de_DE\" \/>\n<meta property=\"og:type\" content=\"article\" \/>\n<meta property=\"og:title\" content=\"Methyl Ketones Area Monitor\" \/>\n<meta property=\"og:description\" content=\"Methyl Ketones Area Monitor. Detects acetone, methyl ethyl ketone, acetaldehyde and acrolein\" \/>\n<meta property=\"og:url\" content=\"https:\/\/www.chemteq.net\/de\/produkt\/methyl-ketones-area-monitor\/\" \/>\n<meta property=\"og:site_name\" content=\"Chemteq Inc.\" \/>\n<meta property=\"article:modified_time\" content=\"2025-12-01T17:22:21+00:00\" \/>\n<meta property=\"og:image\" content=\"https:\/\/www.chemteq.net\/wp-content\/uploads\/2021\/03\/Methyl-Ketones-Area-Monitor-040121.jpg\" \/>\n\t<meta property=\"og:image:width\" content=\"2460\" \/>\n\t<meta property=\"og:image:height\" content=\"2460\" \/>\n\t<meta property=\"og:image:type\" content=\"image\/jpeg\" \/>\n<meta name=\"twitter:card\" content=\"summary_large_image\" \/>\n<meta name=\"twitter:title\" content=\"Methyl Ketones Area Monitor\" \/>\n<meta name=\"twitter:description\" content=\"Methyl Ketones Area Monitor. Detects acetone, methyl ethyl ketone, acetaldehyde and acrolein\" \/>\n<meta name=\"twitter:image\" content=\"https:\/\/www.chemteq.net\/wp-content\/uploads\/2021\/03\/Methyl-Ketones-Area-Monitor-040121-1.jpg\" \/>\n<meta name=\"twitter:label1\" content=\"Gesch\u00e4tzte Lesezeit\" \/>\n\t<meta name=\"twitter:data1\" content=\"2 Minuten\" \/>\n<script type=\"application\/ld+json\" class=\"yoast-schema-graph\">{\"@context\":\"https:\/\/schema.org\",\"@graph\":[{\"@type\":\"WebPage\",\"@id\":\"https:\/\/www.chemteq.net\/product\/methyl-ketones-area-monitor\/\",\"url\":\"https:\/\/www.chemteq.net\/product\/methyl-ketones-area-monitor\/\",\"name\":\"Methyl Ketones Area Monitor detects acetone, acetaldehyde, and acrolein\",\"isPartOf\":{\"@id\":\"https:\/\/www.chemteq.net\/#website\"},\"primaryImageOfPage\":{\"@id\":\"https:\/\/www.chemteq.net\/product\/methyl-ketones-area-monitor\/#primaryimage\"},\"image\":{\"@id\":\"https:\/\/www.chemteq.net\/product\/methyl-ketones-area-monitor\/#primaryimage\"},\"thumbnailUrl\":\"https:\/\/www.chemteq.net\/wp-content\/uploads\/2021\/03\/MK-AM-Unexp-234-020918-1.jpg\",\"datePublished\":\"2021-03-16T14:16:22+00:00\",\"dateModified\":\"2025-12-01T17:22:21+00:00\",\"description\":\"Methyl Ketones Area Monitor detects trace amounts of methyl ketones vapors in air. Suitable locations are stacks, ducts and vents\",\"breadcrumb\":{\"@id\":\"https:\/\/www.chemteq.net\/product\/methyl-ketones-area-monitor\/#breadcrumb\"},\"inLanguage\":\"de-DE\",\"potentialAction\":[{\"@type\":\"ReadAction\",\"target\":[\"https:\/\/www.chemteq.net\/product\/methyl-ketones-area-monitor\/\"]}]},{\"@type\":\"ImageObject\",\"inLanguage\":\"de-DE\",\"@id\":\"https:\/\/www.chemteq.net\/product\/methyl-ketones-area-monitor\/#primaryimage\",\"url\":\"https:\/\/www.chemteq.net\/wp-content\/uploads\/2021\/03\/MK-AM-Unexp-234-020918-1.jpg\",\"contentUrl\":\"https:\/\/www.chemteq.net\/wp-content\/uploads\/2021\/03\/MK-AM-Unexp-234-020918-1.jpg\",\"width\":1815,\"height\":1797,\"caption\":\"Methyl Ketones Area Monitor\"},{\"@type\":\"BreadcrumbList\",\"@id\":\"https:\/\/www.chemteq.net\/product\/methyl-ketones-area-monitor\/#breadcrumb\",\"itemListElement\":[{\"@type\":\"ListItem\",\"position\":1,\"name\":\"Home\",\"item\":\"https:\/\/www.chemteq.net\/\"},{\"@type\":\"ListItem\",\"position\":2,\"name\":\"Products\",\"item\":\"https:\/\/www.chemteq.net\/products\/\"},{\"@type\":\"ListItem\",\"position\":3,\"name\":\"Methyl ketones Area Monitor\"}]},{\"@type\":\"WebSite\",\"@id\":\"https:\/\/www.chemteq.net\/#website\",\"url\":\"https:\/\/www.chemteq.net\/\",\"name\":\"Chemteq Inc.\",\"description\":\"High Quality And Reliable Devices To Serve Health, Safety And Industrial Hygiene\",\"publisher\":{\"@id\":\"https:\/\/www.chemteq.net\/#organization\"},\"potentialAction\":[{\"@type\":\"SearchAction\",\"target\":{\"@type\":\"EntryPoint\",\"urlTemplate\":\"https:\/\/www.chemteq.net\/?s={search_term_string}\"},\"query-input\":{\"@type\":\"PropertyValueSpecification\",\"valueRequired\":true,\"valueName\":\"search_term_string\"}}],\"inLanguage\":\"de-DE\"},{\"@type\":\"Organization\",\"@id\":\"https:\/\/www.chemteq.net\/#organization\",\"name\":\"Chemteq Inc.\",\"url\":\"https:\/\/www.chemteq.net\/\",\"logo\":{\"@type\":\"ImageObject\",\"inLanguage\":\"de-DE\",\"@id\":\"https:\/\/www.chemteq.net\/#\/schema\/logo\/image\/\",\"url\":\"https:\/\/www.chemteq.net\/wp-content\/uploads\/2021\/04\/ChemteqLogo0112239041421-scaled.jpg\",\"contentUrl\":\"https:\/\/www.chemteq.net\/wp-content\/uploads\/2021\/04\/ChemteqLogo0112239041421-scaled.jpg\",\"width\":2560,\"height\":574,\"caption\":\"Chemteq Inc.\"},\"image\":{\"@id\":\"https:\/\/www.chemteq.net\/#\/schema\/logo\/image\/\"}}]}<\/script>\n<!-- \/ Yoast SEO plugin. -->","yoast_head_json":{"title":"Methyl Ketones Area Monitor detects acetone, acetaldehyde, and acrolein","description":"Methyl Ketones Area Monitor detects trace amounts of methyl ketones vapors in air. Suitable locations are stacks, ducts and vents","robots":{"index":"index","follow":"follow","max-snippet":"max-snippet:-1","max-image-preview":"max-image-preview:large","max-video-preview":"max-video-preview:-1"},"canonical":"https:\/\/www.chemteq.net\/de\/produkt\/methyl-ketones-area-monitor\/","og_locale":"de_DE","og_type":"article","og_title":"Methyl Ketones Area Monitor","og_description":"Methyl Ketones Area Monitor. Detects acetone, methyl ethyl ketone, acetaldehyde and acrolein","og_url":"https:\/\/www.chemteq.net\/de\/produkt\/methyl-ketones-area-monitor\/","og_site_name":"Chemteq Inc.","article_modified_time":"2025-12-01T17:22:21+00:00","og_image":[{"width":2460,"height":2460,"url":"https:\/\/www.chemteq.net\/wp-content\/uploads\/2021\/03\/Methyl-Ketones-Area-Monitor-040121.jpg","type":"image\/jpeg"}],"twitter_card":"summary_large_image","twitter_title":"Methyl Ketones Area Monitor","twitter_description":"Methyl Ketones Area Monitor. Detects acetone, methyl ethyl ketone, acetaldehyde and acrolein","twitter_image":"https:\/\/www.chemteq.net\/wp-content\/uploads\/2021\/03\/Methyl-Ketones-Area-Monitor-040121-1.jpg","twitter_misc":{"Gesch\u00e4tzte Lesezeit":"2 Minuten"},"schema":{"@context":"https:\/\/schema.org","@graph":[{"@type":"WebPage","@id":"https:\/\/www.chemteq.net\/product\/methyl-ketones-area-monitor\/","url":"https:\/\/www.chemteq.net\/product\/methyl-ketones-area-monitor\/","name":"Methyl Ketones Area Monitor detects acetone, acetaldehyde, and acrolein","isPartOf":{"@id":"https:\/\/www.chemteq.net\/#website"},"primaryImageOfPage":{"@id":"https:\/\/www.chemteq.net\/product\/methyl-ketones-area-monitor\/#primaryimage"},"image":{"@id":"https:\/\/www.chemteq.net\/product\/methyl-ketones-area-monitor\/#primaryimage"},"thumbnailUrl":"https:\/\/www.chemteq.net\/wp-content\/uploads\/2021\/03\/MK-AM-Unexp-234-020918-1.jpg","datePublished":"2021-03-16T14:16:22+00:00","dateModified":"2025-12-01T17:22:21+00:00","description":"Methyl Ketones Area Monitor detects trace amounts of methyl ketones vapors in air. Suitable locations are stacks, ducts and vents","breadcrumb":{"@id":"https:\/\/www.chemteq.net\/product\/methyl-ketones-area-monitor\/#breadcrumb"},"inLanguage":"de-DE","potentialAction":[{"@type":"ReadAction","target":["https:\/\/www.chemteq.net\/product\/methyl-ketones-area-monitor\/"]}]},{"@type":"ImageObject","inLanguage":"de-DE","@id":"https:\/\/www.chemteq.net\/product\/methyl-ketones-area-monitor\/#primaryimage","url":"https:\/\/www.chemteq.net\/wp-content\/uploads\/2021\/03\/MK-AM-Unexp-234-020918-1.jpg","contentUrl":"https:\/\/www.chemteq.net\/wp-content\/uploads\/2021\/03\/MK-AM-Unexp-234-020918-1.jpg","width":1815,"height":1797,"caption":"Methyl Ketones Area Monitor"},{"@type":"BreadcrumbList","@id":"https:\/\/www.chemteq.net\/product\/methyl-ketones-area-monitor\/#breadcrumb","itemListElement":[{"@type":"ListItem","position":1,"name":"Home","item":"https:\/\/www.chemteq.net\/"},{"@type":"ListItem","position":2,"name":"Products","item":"https:\/\/www.chemteq.net\/products\/"},{"@type":"ListItem","position":3,"name":"Methyl ketones Area Monitor"}]},{"@type":"WebSite","@id":"https:\/\/www.chemteq.net\/#website","url":"https:\/\/www.chemteq.net\/","name":"Chemteq Inc.","description":"High Quality And Reliable Devices To Serve Health, Safety And Industrial Hygiene","publisher":{"@id":"https:\/\/www.chemteq.net\/#organization"},"potentialAction":[{"@type":"SearchAction","target":{"@type":"EntryPoint","urlTemplate":"https:\/\/www.chemteq.net\/?s={search_term_string}"},"query-input":{"@type":"PropertyValueSpecification","valueRequired":true,"valueName":"search_term_string"}}],"inLanguage":"de-DE"},{"@type":"Organization","@id":"https:\/\/www.chemteq.net\/#organization","name":"Chemteq Inc.","url":"https:\/\/www.chemteq.net\/","logo":{"@type":"ImageObject","inLanguage":"de-DE","@id":"https:\/\/www.chemteq.net\/#\/schema\/logo\/image\/","url":"https:\/\/www.chemteq.net\/wp-content\/uploads\/2021\/04\/ChemteqLogo0112239041421-scaled.jpg","contentUrl":"https:\/\/www.chemteq.net\/wp-content\/uploads\/2021\/04\/ChemteqLogo0112239041421-scaled.jpg","width":2560,"height":574,"caption":"Chemteq Inc."},"image":{"@id":"https:\/\/www.chemteq.net\/#\/schema\/logo\/image\/"}}]}},"_links":{"self":[{"href":"https:\/\/www.chemteq.net\/de\/wp-json\/wp\/v2\/product\/1023","targetHints":{"allow":["GET"]}}],"collection":[{"href":"https:\/\/www.chemteq.net\/de\/wp-json\/wp\/v2\/product"}],"about":[{"href":"https:\/\/www.chemteq.net\/de\/wp-json\/wp\/v2\/types\/product"}],"wp:featuredmedia":[{"embeddable":true,"href":"https:\/\/www.chemteq.net\/de\/wp-json\/wp\/v2\/media\/1900"}],"wp:attachment":[{"href":"https:\/\/www.chemteq.net\/de\/wp-json\/wp\/v2\/media?parent=1023"}],"wp:term":[{"taxonomy":"product_brand","embeddable":true,"href":"https:\/\/www.chemteq.net\/de\/wp-json\/wp\/v2\/product_brand?post=1023"},{"taxonomy":"product_cat","embeddable":true,"href":"https:\/\/www.chemteq.net\/de\/wp-json\/wp\/v2\/product_cat?post=1023"},{"taxonomy":"product_tag","embeddable":true,"href":"https:\/\/www.chemteq.net\/de\/wp-json\/wp\/v2\/product_tag?post=1023"}],"curies":[{"name":"wp","href":"https:\/\/api.w.org\/{rel}","templated":true}]}}