{"id":1014,"date":"2021-03-16T13:39:36","date_gmt":"2021-03-16T13:39:36","guid":{"rendered":"http:\/\/chemteqinc.wpengine.com\/?post_type=product&#038;p=1014"},"modified":"2025-12-01T17:04:58","modified_gmt":"2025-12-01T17:04:58","slug":"hydrazine-area-monitor","status":"publish","type":"product","link":"https:\/\/www.chemteq.net\/de\/produkt\/hydrazine-area-monitor\/","title":{"rendered":"Hydrazine Area Monitor"},"content":{"rendered":"<p>Der Hydrazin-Fl\u00e4chenmonitor ist ein hochempfindlicher und selektiver Indikator f\u00fcr das Vorhandensein von Hydrazinspuren in der Luft. Dieser Bereichsmonitor ist am besten als Lecksucher f\u00fcr Hydrazin, MIL-87930 und H-70 geeignet. Er kann im Innen- und Au\u00dfenbereich eingesetzt werden und hat eine verl\u00e4ngerte Lebensdauer von 6 Monaten. Der Bereichsmonitor eignet sich auch f\u00fcr die \u00dcberwachung von Luft an Schornsteinen, Kan\u00e4len, Entl\u00fcftungen oder Abgasen, wo repr\u00e4sentative Proben entnommen werden k\u00f6nnen.<\/p>\n<div>PN 227<\/div>\n<div><\/div>\n<div><b>Produktspezifikationen<\/b><\/div>\n<table border=\"0\" cellspacing=\"0\" cellpadding=\"0\">\n<tbody>\n<tr>\n<td width=\"32\">\n<p align=\"center\">a<\/p>\n<\/td>\n<td valign=\"top\" width=\"265\">Gewicht:<\/td>\n<td valign=\"top\" width=\"423\">0.4g (0.02oz)<\/td>\n<\/tr>\n<tr>\n<td width=\"32\">\n<p align=\"center\">b<\/p>\n<\/td>\n<td valign=\"top\" width=\"265\">Ma\u00dfe:<\/td>\n<td valign=\"top\" width=\"423\">2.8mm (0.11in), diameter: 38.1mm (1.5in)<\/td>\n<\/tr>\n<tr>\n<td width=\"32\">\n<p align=\"center\">c<\/p>\n<\/td>\n<td valign=\"top\" width=\"265\">Betriebstemperatur:<\/td>\n<td valign=\"top\" width=\"423\">-20<sup>o<\/sup>C to 65<sup>o<\/sup>C (-4<sup>o<\/sup>F to 149<sup>o<\/sup>F)<\/td>\n<\/tr>\n<tr>\n<td width=\"32\">\n<p align=\"center\">d<\/p>\n<\/td>\n<td valign=\"top\" width=\"265\">Betriebsfeuchtigkeit:<\/td>\n<td valign=\"top\" width=\"423\">5% RH to 90%RH<\/td>\n<\/tr>\n<tr>\n<td width=\"32\">\n<p align=\"center\">e<\/p>\n<\/td>\n<td valign=\"top\" width=\"265\">Minimale Nachweisgrenze:<\/td>\n<td valign=\"top\" width=\"423\">0.15ppm\u2022hr. at 30 cm\/sec face velocity<\/td>\n<\/tr>\n<tr>\n<td width=\"32\">\n<p align=\"center\">f<\/p>\n<\/td>\n<td valign=\"top\" width=\"265\">Farbwechsel:<\/td>\n<td valign=\"top\" width=\"423\">Green to black<\/td>\n<\/tr>\n<tr>\n<td width=\"32\">\n<p align=\"center\">g<\/p>\n<\/td>\n<td valign=\"top\" width=\"265\">Lagertemperatur:<\/td>\n<td valign=\"top\" width=\"423\">4<sup>o<\/sup>C to 25<sup>o<\/sup>C, (39<sup>o<\/sup>F to 77<sup>o<\/sup>F)<\/td>\n<\/tr>\n<tr>\n<td width=\"32\">\n<p align=\"center\">h<\/p>\n<\/td>\n<td valign=\"top\" width=\"265\">Haltbarkeit:<\/td>\n<td valign=\"top\" width=\"423\">2 years at 4<sup>o<\/sup>C to 25<sup>o<\/sup>C, (39<sup>o<\/sup>F to 77<sup>o<\/sup>F)<\/td>\n<\/tr>\n<tr>\n<td width=\"32\">\n<p align=\"center\">i<\/p>\n<\/td>\n<td valign=\"top\" width=\"265\">Lebensdauer:<\/td>\n<td valign=\"top\" width=\"423\">6 months<\/td>\n<\/tr>\n<\/tbody>\n<\/table>\n<p>Hydrazine H-70 Area Monitor<\/p>\n<p>N\u00fctzliche Links<br \/>\n<a href=\"https:\/\/www.epa.gov\/sites\/default\/files\/2016-09\/documents\/hydrazine.pdf\">US EPA<\/a><br \/>\n<a href=\"https:\/\/www.cdc.gov\/niosh\/npg\/npgd0329.html\">HIOSH<\/a><br \/>\n<a href=\"https:\/\/www.chemteq.net\/de\/produkt-kategorie\/dg-water-analysis-kits\/hydrazine-dg-water-tests\/\">Hydrazine DG Water Analysis<\/a><br \/>\n<a href=\"https:\/\/www.chemteq.net\/de\/produkt\/hydrazine-vapor-breakthrough-saturation-indicator\/\">Filter change indicator<\/a><br \/>\n<a href=\"https:\/\/www.chemteq.net\/de\/produkt\/hydrazine-dg-filter-esli-2517\/\">Filter with end-of-service life indicator<\/a><\/p>\n<p><strong>Fakten \u00fcber Hydrazin<\/strong><br \/>\nHydrazine (H\u2082NNH\u2082) sind klare, farblose Fl\u00fcssigkeiten mit einem ammoniakartigen Geruch. Hydrazine sind hochreaktiv und fangen leicht Feuer. Arbeitnehmer k\u00f6nnen durch die Exposition gegen\u00fcber Hydrazin gesch\u00e4digt werden. Das Ausma\u00df der Sch\u00e4digung h\u00e4ngt von der Dosis, der Dauer und der ausgef\u00fchrten Arbeit ab.<\/p>\n<p>Hydrazin wird in vielen Industriezweigen verwendet, z. B. bei der Herstellung von Raketentreibstoffen und Brennstoffen f\u00fcr Raumfahrzeuge.\u00a0Einige Beispiele f\u00fcr Arbeitnehmer, die dem Risiko einer Exposition gegen\u00fcber Hydrazin ausgesetzt sind, sind die folgenden:<\/p>\n<p>Arbeiter, die es f\u00fcr die Behandlung von Kesselwasser zum Schutz vor Korrosion verwenden<\/p>\n<ul>\n<li>Industriearbeiter, die es als chemisches Reaktionsmittel verwenden<\/li>\n<li>Forscher, die Krebsbehandlungen erforschen<\/li>\n<li>Landarbeiter, die es in Pestiziden verwenden<\/li>\n<\/ul>","protected":false},"excerpt":{"rendered":"<p>Product Features<br \/>\nMinimum detectable limit: 0.15pmm\u2022hr<br \/>\nColor Change: Green to black<br \/>\nDimensions: 1.5&#8243; diameter, 2mm<br \/>\nService life: 6 months<\/p>","protected":false},"featured_media":1248,"template":"","meta":{"_acf_changed":false,"site-sidebar-layout":"default","site-content-layout":"default","ast-site-content-layout":"default","site-content-style":"default","site-sidebar-style":"default","ast-global-header-display":"","ast-banner-title-visibility":"","ast-main-header-display":"","ast-hfb-above-header-display":"","ast-hfb-below-header-display":"","ast-hfb-mobile-header-display":"","site-post-title":"","ast-breadcrumbs-content":"","ast-featured-img":"","footer-sml-layout":"","theme-transparent-header-meta":"default","adv-header-id-meta":"","stick-header-meta":"default","header-above-stick-meta":"","header-main-stick-meta":"","header-below-stick-meta":"","astra-migrate-meta-layouts":"set","ast-page-background-enabled":"default","ast-page-background-meta":{"desktop":{"background-color":"","background-image":"","background-repeat":"repeat","background-position":"center center","background-size":"auto","background-attachment":"scroll","background-type":"","background-media":"","overlay-type":"","overlay-color":"","overlay-opacity":"","overlay-gradient":""},"tablet":{"background-color":"","background-image":"","background-repeat":"repeat","background-position":"center center","background-size":"auto","background-attachment":"scroll","background-type":"","background-media":"","overlay-type":"","overlay-color":"","overlay-opacity":"","overlay-gradient":""},"mobile":{"background-color":"","background-image":"","background-repeat":"repeat","background-position":"center center","background-size":"auto","background-attachment":"scroll","background-type":"","background-media":"","overlay-type":"","overlay-color":"","overlay-opacity":"","overlay-gradient":""}},"ast-content-background-meta":{"desktop":{"background-color":"var(--ast-global-color-5)","background-image":"","background-repeat":"repeat","background-position":"center center","background-size":"auto","background-attachment":"scroll","background-type":"","background-media":"","overlay-type":"","overlay-color":"","overlay-opacity":"","overlay-gradient":""},"tablet":{"background-color":"var(--ast-global-color-5)","background-image":"","background-repeat":"repeat","background-position":"center center","background-size":"auto","background-attachment":"scroll","background-type":"","background-media":"","overlay-type":"","overlay-color":"","overlay-opacity":"","overlay-gradient":""},"mobile":{"background-color":"var(--ast-global-color-5)","background-image":"","background-repeat":"repeat","background-position":"center center","background-size":"auto","background-attachment":"scroll","background-type":"","background-media":"","overlay-type":"","overlay-color":"","overlay-opacity":"","overlay-gradient":""}}},"product_brand":[],"product_cat":[15],"product_tag":[60,78,69],"class_list":{"0":"post-1014","1":"product","2":"type-product","3":"status-publish","4":"has-post-thumbnail","6":"product_cat-chemteq-area-monitors","7":"product_tag-aerospace","8":"product_tag-chemical-industries-emission-control-products","9":"product_tag-laboratories-emission-control-products","10":"desktop-align-left","11":"tablet-align-left","12":"mobile-align-left","13":"ast-product-gallery-layout-horizontal","14":"ast-product-gallery-with-no-image","15":"ast-product-tabs-layout-horizontal","17":"first","18":"instock","19":"taxable","20":"shipping-taxable","21":"purchasable","22":"product-type-simple"},"acf":[],"yoast_head":"<!-- This site is optimized with the Yoast SEO plugin v27.4 - https:\/\/yoast.com\/product\/yoast-seo-wordpress\/ -->\n<title>Hydrazine H-70 Area Monitor, indicator for MIL-87930 and H-70<\/title>\n<meta name=\"description\" content=\"hydrazine H-70 area monitor is highly sensitive and selective indicator for the presence of traces of hydrazine, MIL-87930 and H-70 in air\" \/>\n<meta name=\"robots\" content=\"index, follow, max-snippet:-1, max-image-preview:large, max-video-preview:-1\" \/>\n<link rel=\"canonical\" href=\"https:\/\/www.chemteq.net\/de\/produkt\/hydrazine-area-monitor\/\" \/>\n<meta property=\"og:locale\" content=\"de_DE\" \/>\n<meta property=\"og:type\" content=\"article\" \/>\n<meta property=\"og:title\" content=\"Hydrazine H-70 Area Monitor, indicator for MIL-87930 and H-70\" \/>\n<meta property=\"og:description\" content=\"hydrazine H-70 area monitor is highly sensitive and selective indicator for the presence of traces of hydrazine, MIL-87930 and H-70 in air\" \/>\n<meta property=\"og:url\" content=\"https:\/\/www.chemteq.net\/de\/produkt\/hydrazine-area-monitor\/\" \/>\n<meta property=\"og:site_name\" content=\"Chemteq Inc.\" \/>\n<meta property=\"article:modified_time\" content=\"2025-12-01T17:04:58+00:00\" \/>\n<meta property=\"og:image\" content=\"https:\/\/www.chemteq.net\/wp-content\/uploads\/2021\/04\/Hydrazine-HS-AM-245-exp-and-Unexp-060519.jpg\" \/>\n\t<meta property=\"og:image:width\" content=\"2154\" \/>\n\t<meta property=\"og:image:height\" content=\"1000\" \/>\n\t<meta property=\"og:image:type\" content=\"image\/jpeg\" \/>\n<meta name=\"twitter:card\" content=\"summary_large_image\" \/>\n<meta name=\"twitter:image\" content=\"https:\/\/www.chemteq.net\/wp-content\/uploads\/2021\/03\/Hydrazine-AM-Exp-Unexposed-022415-scaled.jpg\" \/>\n<meta name=\"twitter:label1\" content=\"Gesch\u00e4tzte Lesezeit\" \/>\n\t<meta name=\"twitter:data1\" content=\"2 Minuten\" \/>\n<script type=\"application\/ld+json\" class=\"yoast-schema-graph\">{\"@context\":\"https:\\\/\\\/schema.org\",\"@graph\":[{\"@type\":\"WebPage\",\"@id\":\"https:\\\/\\\/www.chemteq.net\\\/product\\\/hydrazine-area-monitor\\\/\",\"url\":\"https:\\\/\\\/www.chemteq.net\\\/product\\\/hydrazine-area-monitor\\\/\",\"name\":\"Hydrazine H-70 Area Monitor, indicator for MIL-87930 and H-70\",\"isPartOf\":{\"@id\":\"https:\\\/\\\/www.chemteq.net\\\/#website\"},\"primaryImageOfPage\":{\"@id\":\"https:\\\/\\\/www.chemteq.net\\\/product\\\/hydrazine-area-monitor\\\/#primaryimage\"},\"image\":{\"@id\":\"https:\\\/\\\/www.chemteq.net\\\/product\\\/hydrazine-area-monitor\\\/#primaryimage\"},\"thumbnailUrl\":\"https:\\\/\\\/www.chemteq.net\\\/wp-content\\\/uploads\\\/2021\\\/03\\\/227-pic.jpg\",\"datePublished\":\"2021-03-16T13:39:36+00:00\",\"dateModified\":\"2025-12-01T17:04:58+00:00\",\"description\":\"hydrazine H-70 area monitor is highly sensitive and selective indicator for the presence of traces of hydrazine, MIL-87930 and H-70 in air\",\"breadcrumb\":{\"@id\":\"https:\\\/\\\/www.chemteq.net\\\/product\\\/hydrazine-area-monitor\\\/#breadcrumb\"},\"inLanguage\":\"de-DE\",\"potentialAction\":[{\"@type\":\"ReadAction\",\"target\":[\"https:\\\/\\\/www.chemteq.net\\\/product\\\/hydrazine-area-monitor\\\/\"]}]},{\"@type\":\"ImageObject\",\"inLanguage\":\"de-DE\",\"@id\":\"https:\\\/\\\/www.chemteq.net\\\/product\\\/hydrazine-area-monitor\\\/#primaryimage\",\"url\":\"https:\\\/\\\/www.chemteq.net\\\/wp-content\\\/uploads\\\/2021\\\/03\\\/227-pic.jpg\",\"contentUrl\":\"https:\\\/\\\/www.chemteq.net\\\/wp-content\\\/uploads\\\/2021\\\/03\\\/227-pic.jpg\",\"width\":1000,\"height\":1000,\"caption\":\"Hydrazine Area Monitor\"},{\"@type\":\"BreadcrumbList\",\"@id\":\"https:\\\/\\\/www.chemteq.net\\\/product\\\/hydrazine-area-monitor\\\/#breadcrumb\",\"itemListElement\":[{\"@type\":\"ListItem\",\"position\":1,\"name\":\"Home\",\"item\":\"https:\\\/\\\/www.chemteq.net\\\/\"},{\"@type\":\"ListItem\",\"position\":2,\"name\":\"Products\",\"item\":\"https:\\\/\\\/www.chemteq.net\\\/products\\\/\"},{\"@type\":\"ListItem\",\"position\":3,\"name\":\"Hydrazine Area Monitor\"}]},{\"@type\":\"WebSite\",\"@id\":\"https:\\\/\\\/www.chemteq.net\\\/#website\",\"url\":\"https:\\\/\\\/www.chemteq.net\\\/\",\"name\":\"Chemteq Inc.\",\"description\":\"High Quality And Reliable Devices To Serve Health, Safety And Industrial Hygiene\",\"publisher\":{\"@id\":\"https:\\\/\\\/www.chemteq.net\\\/#organization\"},\"potentialAction\":[{\"@type\":\"SearchAction\",\"target\":{\"@type\":\"EntryPoint\",\"urlTemplate\":\"https:\\\/\\\/www.chemteq.net\\\/?s={search_term_string}\"},\"query-input\":{\"@type\":\"PropertyValueSpecification\",\"valueRequired\":true,\"valueName\":\"search_term_string\"}}],\"inLanguage\":\"de-DE\"},{\"@type\":\"Organization\",\"@id\":\"https:\\\/\\\/www.chemteq.net\\\/#organization\",\"name\":\"Chemteq Inc.\",\"url\":\"https:\\\/\\\/www.chemteq.net\\\/\",\"logo\":{\"@type\":\"ImageObject\",\"inLanguage\":\"de-DE\",\"@id\":\"https:\\\/\\\/www.chemteq.net\\\/#\\\/schema\\\/logo\\\/image\\\/\",\"url\":\"https:\\\/\\\/www.chemteq.net\\\/wp-content\\\/uploads\\\/2021\\\/04\\\/ChemteqLogo0112239041421-scaled.jpg\",\"contentUrl\":\"https:\\\/\\\/www.chemteq.net\\\/wp-content\\\/uploads\\\/2021\\\/04\\\/ChemteqLogo0112239041421-scaled.jpg\",\"width\":2560,\"height\":574,\"caption\":\"Chemteq Inc.\"},\"image\":{\"@id\":\"https:\\\/\\\/www.chemteq.net\\\/#\\\/schema\\\/logo\\\/image\\\/\"}}]}<\/script>\n<!-- \/ Yoast SEO plugin. -->","yoast_head_json":{"title":"Hydrazine H-70 Area Monitor, indicator for MIL-87930 and H-70","description":"hydrazine H-70 area monitor is highly sensitive and selective indicator for the presence of traces of hydrazine, MIL-87930 and H-70 in air","robots":{"index":"index","follow":"follow","max-snippet":"max-snippet:-1","max-image-preview":"max-image-preview:large","max-video-preview":"max-video-preview:-1"},"canonical":"https:\/\/www.chemteq.net\/de\/produkt\/hydrazine-area-monitor\/","og_locale":"de_DE","og_type":"article","og_title":"Hydrazine H-70 Area Monitor, indicator for MIL-87930 and H-70","og_description":"hydrazine H-70 area monitor is highly sensitive and selective indicator for the presence of traces of hydrazine, MIL-87930 and H-70 in air","og_url":"https:\/\/www.chemteq.net\/de\/produkt\/hydrazine-area-monitor\/","og_site_name":"Chemteq Inc.","article_modified_time":"2025-12-01T17:04:58+00:00","og_image":[{"width":2154,"height":1000,"url":"https:\/\/www.chemteq.net\/wp-content\/uploads\/2021\/04\/Hydrazine-HS-AM-245-exp-and-Unexp-060519.jpg","type":"image\/jpeg"}],"twitter_card":"summary_large_image","twitter_image":"https:\/\/www.chemteq.net\/wp-content\/uploads\/2021\/03\/Hydrazine-AM-Exp-Unexposed-022415-scaled.jpg","twitter_misc":{"Gesch\u00e4tzte Lesezeit":"2 Minuten"},"schema":{"@context":"https:\/\/schema.org","@graph":[{"@type":"WebPage","@id":"https:\/\/www.chemteq.net\/product\/hydrazine-area-monitor\/","url":"https:\/\/www.chemteq.net\/product\/hydrazine-area-monitor\/","name":"Hydrazine H-70 Area Monitor, indicator for MIL-87930 and H-70","isPartOf":{"@id":"https:\/\/www.chemteq.net\/#website"},"primaryImageOfPage":{"@id":"https:\/\/www.chemteq.net\/product\/hydrazine-area-monitor\/#primaryimage"},"image":{"@id":"https:\/\/www.chemteq.net\/product\/hydrazine-area-monitor\/#primaryimage"},"thumbnailUrl":"https:\/\/www.chemteq.net\/wp-content\/uploads\/2021\/03\/227-pic.jpg","datePublished":"2021-03-16T13:39:36+00:00","dateModified":"2025-12-01T17:04:58+00:00","description":"hydrazine H-70 area monitor is highly sensitive and selective indicator for the presence of traces of hydrazine, MIL-87930 and H-70 in air","breadcrumb":{"@id":"https:\/\/www.chemteq.net\/product\/hydrazine-area-monitor\/#breadcrumb"},"inLanguage":"de-DE","potentialAction":[{"@type":"ReadAction","target":["https:\/\/www.chemteq.net\/product\/hydrazine-area-monitor\/"]}]},{"@type":"ImageObject","inLanguage":"de-DE","@id":"https:\/\/www.chemteq.net\/product\/hydrazine-area-monitor\/#primaryimage","url":"https:\/\/www.chemteq.net\/wp-content\/uploads\/2021\/03\/227-pic.jpg","contentUrl":"https:\/\/www.chemteq.net\/wp-content\/uploads\/2021\/03\/227-pic.jpg","width":1000,"height":1000,"caption":"Hydrazine Area Monitor"},{"@type":"BreadcrumbList","@id":"https:\/\/www.chemteq.net\/product\/hydrazine-area-monitor\/#breadcrumb","itemListElement":[{"@type":"ListItem","position":1,"name":"Home","item":"https:\/\/www.chemteq.net\/"},{"@type":"ListItem","position":2,"name":"Products","item":"https:\/\/www.chemteq.net\/products\/"},{"@type":"ListItem","position":3,"name":"Hydrazine Area Monitor"}]},{"@type":"WebSite","@id":"https:\/\/www.chemteq.net\/#website","url":"https:\/\/www.chemteq.net\/","name":"Chemteq Inc.","description":"High Quality And Reliable Devices To Serve Health, Safety And Industrial Hygiene","publisher":{"@id":"https:\/\/www.chemteq.net\/#organization"},"potentialAction":[{"@type":"SearchAction","target":{"@type":"EntryPoint","urlTemplate":"https:\/\/www.chemteq.net\/?s={search_term_string}"},"query-input":{"@type":"PropertyValueSpecification","valueRequired":true,"valueName":"search_term_string"}}],"inLanguage":"de-DE"},{"@type":"Organization","@id":"https:\/\/www.chemteq.net\/#organization","name":"Chemteq Inc.","url":"https:\/\/www.chemteq.net\/","logo":{"@type":"ImageObject","inLanguage":"de-DE","@id":"https:\/\/www.chemteq.net\/#\/schema\/logo\/image\/","url":"https:\/\/www.chemteq.net\/wp-content\/uploads\/2021\/04\/ChemteqLogo0112239041421-scaled.jpg","contentUrl":"https:\/\/www.chemteq.net\/wp-content\/uploads\/2021\/04\/ChemteqLogo0112239041421-scaled.jpg","width":2560,"height":574,"caption":"Chemteq Inc."},"image":{"@id":"https:\/\/www.chemteq.net\/#\/schema\/logo\/image\/"}}]}},"_links":{"self":[{"href":"https:\/\/www.chemteq.net\/de\/wp-json\/wp\/v2\/product\/1014","targetHints":{"allow":["GET"]}}],"collection":[{"href":"https:\/\/www.chemteq.net\/de\/wp-json\/wp\/v2\/product"}],"about":[{"href":"https:\/\/www.chemteq.net\/de\/wp-json\/wp\/v2\/types\/product"}],"wp:featuredmedia":[{"embeddable":true,"href":"https:\/\/www.chemteq.net\/de\/wp-json\/wp\/v2\/media\/1248"}],"wp:attachment":[{"href":"https:\/\/www.chemteq.net\/de\/wp-json\/wp\/v2\/media?parent=1014"}],"wp:term":[{"taxonomy":"product_brand","embeddable":true,"href":"https:\/\/www.chemteq.net\/de\/wp-json\/wp\/v2\/product_brand?post=1014"},{"taxonomy":"product_cat","embeddable":true,"href":"https:\/\/www.chemteq.net\/de\/wp-json\/wp\/v2\/product_cat?post=1014"},{"taxonomy":"product_tag","embeddable":true,"href":"https:\/\/www.chemteq.net\/de\/wp-json\/wp\/v2\/product_tag?post=1014"}],"curies":[{"name":"wp","href":"https:\/\/api.w.org\/{rel}","templated":true}]}}